{"id":3777,"date":"2025-08-18T19:53:14","date_gmt":"2025-08-18T12:53:14","guid":{"rendered":"http:\/\/biogroupvietnam-worldpress.local\/product\/import-placeholder-for-103\/"},"modified":"2026-01-07T15:26:09","modified_gmt":"2026-01-07T08:26:09","slug":"mve-stock-series","status":"publish","type":"product","link":"https:\/\/biogroupvietnam.com\/vi\/san-pham\/mve-stock-series\/","title":{"rendered":"B\u00ecnh Tr\u1eef L\u1ea1nh Ph\u00f4i, Tinh Tr\u00f9ng MVE Stock Series"},"content":{"rendered":"<p>D\u00f2ng b\u00ecnh MVE Stock\u00a0mang l\u1ea1i s\u1ef1 an to\u00e0n, t\u1ed1i \u01b0u trong\u00a0tr\u1eef l\u1ea1nh\u00a0ph\u00f4i, tinh tr\u00f9ng ho\u1eb7c no\u00e3n cho ng\u00e0nh h\u1ed7\u00a0tr\u1ee3 sinh s\u1ea3n v\u00e0 ch\u0103n nu\u00f4i. B\u00ecnh MVE Stock \u0111\u01b0\u1ee3c thi\u1ebft k\u1ebf ch\u1ee7 y\u1ebfu \u0111\u1ec3 tr\u1eef l\u1ea1nh ph\u00f4i, tinh tr\u00f9ng ho\u1eb7c m\u1eabu sinh h\u1ecdc trong \u1ed1ng cryotube\u00a0ho\u1eb7c c\u1ecdng tr\u1eef ph\u00f4i\/ no\u00e3n\u00a0trong nit\u01a1 l\u1ecfng \u1edf pha l\u1ecfng, nh\u01b0ng c\u0169ng c\u00f3 th\u1ec3 \u0111\u01b0\u1ee3c s\u1eed d\u1ee5ng \u0111\u1ec3 l\u01b0u tr\u1eef \u1edf pha h\u01a1i nit\u01a1 l\u1ecfng khi ch\u1ecdn th\u00eam ph\u1ee5 ki\u1ec7n.<\/p>\n<p>MVE Biological Solutions cung c\u1ea5p nhi\u1ec1u lo\u1ea1i b\u00ecnh ch\u1ee9a nit\u01a1 l\u1ecfng v\u1edbi b\u1ed9 \u0111i\u1ec1u khi\u1ec3n TEC 3000 \u0111\u01b0\u1ee3c thi\u1ebft k\u1ebf \u0111\u1ec3 \u0111\u00e1p \u1ee9ng t\u1ea5t c\u1ea3 c\u00e1c nhu c\u1ea7u\u00a0tr\u1eef l\u1ea1nh\u00a0ph\u00f4i, no\u00e3n ho\u1eb7c tinh tr\u00f9ng. M\u1ed7i b\u00ecnh MVE Stock l\u00e0 m\u1ed9t b\u00ecnh th\u00e9p kh\u00f4ng g\u1ec9, hai l\u1edbp, c\u00e1ch nhi\u1ec7t ch\u00e2n kh\u00f4ng, \u0111\u01b0\u1ee3c thi\u1ebft k\u1ebf \u0111\u1ec3 duy tr\u00ec nhi\u1ec7t \u0111\u1ed9 l\u1ea1nh \u0111\u00f4ng s\u00e2u v\u1edbi l\u01b0\u1ee3ng bay h\u01a1i nit\u01a1 l\u1ecfng \u1edf m\u1ee9c t\u1ed1i thi\u1ec3u. Kh\u00f4ng c\u00f3 ch\u1ed1ng ch\u1ec9 \u0111\u1ecbnh n\u00e0o cho thi\u1ebft b\u1ecb n\u00e0y.<\/p>\n<p style=\"text-align: center;\"><img fetchpriority=\"high\" decoding=\"async\" src=\"https:\/\/biogroupvietnam.com\/uploads\/PQVYFyld76ZVs1r4G0DYio80cvRLkEZsnVljdV1u.png\" alt=\"\" width=\"320\" height=\"320\" \/><\/p>\n<h3><strong>B\u00ecnh MVE Stock ch\u1ee7 y\u1ebfu \u0111\u01b0\u1ee3c s\u1eed d\u1ee5ng \u0111\u1ec3\u00a0tr\u1eef l\u1ea1nh ph\u00f4i, tinh tr\u00f9ng<\/strong><\/h3>\n<p>D\u00f2ng b\u00ecnh MVE Stock \u0111\u01b0\u1ee3c thi\u1ebft k\u1ebf v\u1edbi c\u1ed5 r\u1ed9ng \u0111\u1ec3 d\u1ec5 d\u00e0ng ti\u1ebfp c\u1eadn l\u1ea5y m\u1eabu ra v\u00e0 \u0111\u01b0a m\u1eabu v\u00e0o. M\u1eb7c d\u00f9 \u0111\u01b0\u1ee3c thi\u1ebft k\u1ebf \u0111\u1ec3 l\u01b0u tr\u1eef trong pha l\u1ecfng, d\u00f2ng b\u00ecnh MVE Stock c\u00f3 th\u1ec3 \u0111\u01b0\u1ee3c v\u1eadn h\u00e0nh \u1edf pha h\u01a1i nit\u01a1 l\u1ecfng khi ch\u1ecdn th\u00eam ph\u1ee5 ki\u1ec7n.<\/p>\n<p><strong>B\u00ecnh MVE 816P-2T-190 v\u00e0 1877P-2T-190 \u0111\u01b0\u1ee3c\u00a0thi\u1ebft k\u1ebf \u0111\u1ec3 h\u01b0\u1edbng \u0111\u1ebfn th\u1ecb tr\u01b0\u1eddng h\u1ed7 tr\u1ee3 sinh s\u1ea3n<\/strong>. H\u1ec7 th\u1ed1ng l\u01b0u tr\u1eef hai t\u1ea7ng s\u00e1ng t\u1ea1o s\u1eed d\u1ee5ng c\u1ed5ng truy c\u1eadp cho ph\u00e9p l\u1ea5y m\u1eabu \u0111\u01b0\u1ee3c l\u01b0u tr\u1eef \u1edf c\u1ea5p th\u1ea5p h\u01a1n. H\u1ec7 th\u1ed1ng l\u01b0u tr\u1eef t\u00f9y ch\u1ec9nh ho\u1ea1t \u0111\u1ed9ng ngay b\u00ean d\u01b0\u1edbi c\u1ed5 c\u1ee7a b\u00ecnh MVE 816 2-T gi\u1eef cho c\u00e1c m\u1eabu \u0111\u01b0\u1ee3c l\u01b0u tr\u1eef \u1edf nhi\u1ec7t \u0111\u1ed9 l\u1ea1nh trong su\u1ed1t qu\u00e1 tr\u00ecnh thao t\u00e1c v\u1edbi m\u1eabu. \u0110i\u1ec1u n\u00e0y gi\u00fap t\u0103ng c\u01b0\u1eddng s\u1ef1 \u0111\u1ea3m b\u1ea3o nhi\u1ec7t \u0111\u1ed9 cho m\u1eabu c\u00f3 gi\u00e1 tr\u1ecb trong nhu c\u1ea7u th\u1ee5 tinh \u1ed1ng nghi\u1ec7m (IVF).<\/p>\n<h3><strong>C\u00e1c t\u00ednh n\u0103ng ch\u00ednh c\u1ee7a b\u00ecnh MVE Stock Series<\/strong><\/h3>\n<ul>\n<li>C\u1ed5 b\u00ecnh r\u1ed9ng.<\/li>\n<li>C\u1ed5 hi\u1ec7u su\u1ea5t cao tr\u00ean b\u00ecnh 816P-2T-190.<\/li>\n<li>Chi\u1ec1u cao n\u00e2ng th\u1ea5p nh\u1ea5t.<\/li>\n<li>Dung l\u01b0\u1ee3ng nit\u01a1 l\u1ecfng l\u1edbn nh\u1ea5t.<\/li>\n<li>Tu\u00e2n theo MDD 93\/42 \/ EEC, Ch\u1ec9 th\u1ecb v\u1ec1 thi\u1ebft b\u1ecb y t\u1ebf cho c\u00e1c qu\u1ed1c gia kh\u1ed1i EU. Bao g\u1ed3m h\u1ec7 th\u1ed1ng t\u1ee7 \u0111\u00f4ng UL \/ C-UL.<\/li>\n<li>Pin D\u1ef1 ph\u00f2ng (t\u00f9y ch\u1ecdn).<\/li>\n<li>B\u1ea3o h\u00e0nh linh ki\u1ec7n (parts) 2 n\u0103m.<\/li>\n<li>B\u1ea3o h\u00e0nh 5 n\u0103m v\u1ec1 l\u1edbp ch\u00e2n kh\u00f4ng c\u1ee7a b\u00ecnh<\/li>\n<\/ul>\n<h3><strong>\u0110\u1eb7c t\u00ednh k\u1ef9 thu\u1eadt c\u1ee7a ph\u1ea7n m\u1ec1m \u0111i\u1ec1u khi\u1ec3n TEC 3000<\/strong><\/h3>\n<ul>\n<li>T\u1ef1 \u0111\u1ed9ng \u0111o v\u00e0 ki\u1ec3m so\u00e1t m\u1ef1c nit\u01a1 l\u1ecfng trong b\u00ecnh v\u1edbi \u0111\u1ed9 ch\u00ednh x\u00e1c: \u00b115 mm.<\/li>\n<li>T\u1ef1 \u0111\u1ed9ng n\u1ea1p nit\u01a1 l\u1ecfng b\u1eb1ng van Solenoid theo ch\u01b0\u01a1ng tr\u00ecnh c\u00e0i \u0111\u1eb7t s\u0103\u0309n.<\/li>\n<li>C\u00f3 h\u1ec7 th\u1ed1ng &#8220;hot gas bypass&#8221; gi\u00fap lo\u1ea1i b\u1ecf kh\u00ed n\u00f3ng tr\u01b0\u1edbc khi b\u01a1m nit\u01a1 l\u1ecfng v\u00e0o b\u00ecnh \u0111\u1ec3 b\u1ea3o v\u1ec7 m\u1eabu t\u1ed1t nh\u1ea5t.<\/li>\n<li>T\u1ef1 \u0111\u1ed9ng ki\u1ec3m so\u00e1t nhi\u1ec7t \u0111\u1ed9 t\u1ea1i 2 \u0111i\u1ec3m b\u1eb1ng \u0111i\u1ec7n c\u1ef1c Platium RTD \u0111\u1ed9 ch\u00ednh x\u00e1c \u00b11.0oC.<\/li>\n<li>M\u00e0n h\u00ecnh LCD\u00a0 hi\u1ec3n th\u1ecb: Nhi\u1ec7t \u0111\u1ed9 t\u1ea1i 2 \u0111i\u1ec3m \u0111\u00e1y b\u00ecnh v\u00e0 c\u1ed5 b\u00ecnh v\u00e0 M\u1ef1c nit\u01a1 v\u00e0 l\u01b0\u1ee3ng nit\u01a1 l\u1ecfng hao h\u1ee5t m\u1ed7i ng\u00e0y.<\/li>\n<li>H\u1ec7 th\u1ed1ng password b\u1ea3o v\u1ec7 khi c\u00e0i \u0111\u1eb7t ch\u01b0\u01a1ng tr\u00ecnh.<\/li>\n<li>H\u1ec7 th\u1ed1ng b\u00e1o \u0111\u1ed9ng v\u1edbi c\u00e1c ch\u1ee9c n\u0103ng: M\u1ef1c nit\u01a1 cao, th\u1ea5p. Nhi\u1ec7t \u0111\u1ed9 cao, th\u1ea5p. Th\u1eddi gian b\u01a1m nit\u01a1 \u0111\u1ea7y. Ng\u1eaft \u0111i\u1ec7n b\u1eb1ng remote. Khi m\u1edf n\u1eafp b\u00ecnh l\u01b0u tr\u1eef. Gas bypass. Pin y\u1ebfu.<\/li>\n<li>C\u00f3 b\u1ed9 nh\u1edb l\u01b0u tr\u1eef d\u1eef li\u1ec7u l\u00ean t\u1edbi: 30,000 k\u1ebft qu\u1ea3 \u01b0\u1edbc t\u00ednh kho\u1ea3ng 10 n\u0103m l\u01b0u tr\u1eef dung l\u01b0\u1ee3ng. C\u00e1c d\u1eef li\u1ec7u l\u01b0u tr\u1eef bao g\u1ed3m: Th\u1eddi gian ghi nhi\u1ec7t \u0111\u1ed9, m\u1ee9c nit\u01a1 l\u1ecfng, m\u1ee9c s\u1eed d\u1ee5ng ch\u1ea5t l\u1ecfng, v\u00e0 b\u1ea5t k\u1ef3 b\u00e1o \u0111\u1ed9ng ho\u1eb7c c\u00e1c tr\u01b0\u1eddng h\u1ee3p kh\u00e1c.<\/li>\n<\/ul>\n<p><img decoding=\"async\" src=\"http:\/\/building-management-system.local\/uploads\/Ozp1yECDkj9dcls3E946HsVvPbvl1EkjKswCIKkq.png\" alt=\"\" width=\"331\" height=\"375\" \/><\/p>\n<p>H\u00ecnh 1: S\u01a1 \u0111\u1ed3 cho th\u1ea5y khay xoay hai t\u1ea7ng s\u00e1ng t\u1ea1o \u0111\u01b0\u1ee3c thi\u1ebft k\u1ebf \u0111\u1ec3 t\u1ed1i \u0111a h\u00f3a kh\u1ea3 n\u0103ng l\u01b0u tr\u1eef m\u1eabu trong khi gi\u1ea3m thi\u1ec3u di\u1ec7n t\u00edch s\u00e0n ph\u00f2ng l\u01b0u tr\u1eef m\u1eabu.<\/p>\n<h3><strong>Th\u00f4ng s\u1ed1 k\u1ef9 thu\u00e2\u0323t c\u1ee7a d\u00f2ng b\u00ecnh MVE Stock Series<\/strong><\/h3>\n<figure class=\"table\">\n<table>\n<tbody>\n<tr>\n<td>\n<p style=\"text-align: center;\">\n<\/td>\n<td>\n<p style=\"text-align: center;\"><strong>MVE 103*<\/strong><\/p>\n<\/td>\n<td>\n<p style=\"text-align: center;\"><strong>MVE 808<\/strong><\/p>\n<\/td>\n<td>\n<p style=\"text-align: center;\"><strong>MVE 816P-2T-190<\/strong><\/p>\n<\/td>\n<td>\n<p style=\"text-align: center;\"><strong>MVE 1318<\/strong><\/p>\n<\/td>\n<\/tr>\n<tr>\n<td><strong>Dung l\u01b0\u1ee3ng l\u01b0u tr\u1eef t\u1ed1i \u0111a<\/strong><\/td>\n<td>\n<p style=\"text-align: center;\">\n<\/td>\n<td>\n<p style=\"text-align: center;\">\n<\/td>\n<td>\n<p style=\"text-align: center;\">\n<\/td>\n<td>\n<p style=\"text-align: center;\">\n<\/td>\n<\/tr>\n<tr>\n<td>\u1ed0ng vials 1,2 &amp; 2 ml<\/td>\n<td>\n<p style=\"text-align: center;\">&#8211;<\/p>\n<\/td>\n<td>\n<p style=\"text-align: center;\">11.700<\/p>\n<\/td>\n<td>\n<p style=\"text-align: center;\">10.500<\/p>\n<\/td>\n<td>\n<p style=\"text-align: center;\">20.800<\/p>\n<\/td>\n<\/tr>\n<tr>\n<td>S\u1ed1 l\u01b0\u1ee3ng gi\u00e1 \u0111\u1ee1 (rack) l\u1edbn (d\u00f9ng h\u1ed9p 100 \u1ed1ng vial)<\/td>\n<td>\n<p style=\"text-align: center;\">&#8211;<\/p>\n<\/td>\n<td>\n<p style=\"text-align: center;\">12<\/p>\n<\/td>\n<td>\n<p style=\"text-align: center;\">&#8211;<\/p>\n<\/td>\n<td>\n<p style=\"text-align: center;\">24<\/p>\n<\/td>\n<\/tr>\n<tr>\n<td>S\u1ed1 l\u01b0\u1ee3ng gi\u00e1 \u0111\u1ee1 nh\u1ecf (d\u00f9ng h\u1ed9p 25 \u1ed1ng vial)<\/td>\n<td>\n<p style=\"text-align: center;\">&#8211;<\/p>\n<\/td>\n<td>\n<p style=\"text-align: center;\">4<\/p>\n<\/td>\n<td>\n<p style=\"text-align: center;\">&#8211;<\/p>\n<\/td>\n<td>\n<p style=\"text-align: center;\">8<\/p>\n<\/td>\n<\/tr>\n<tr>\n<td>S\u1ed1 l\u01b0\u1ee3ng k\u1ec7 tr\u00ean gi\u00e1 \u0111\u1ee1<\/td>\n<td>\n<p style=\"text-align: center;\">&#8211;<\/p>\n<\/td>\n<td>\n<p style=\"text-align: center;\">9<\/p>\n<\/td>\n<td>\n<p style=\"text-align: center;\">&#8211;<\/p>\n<\/td>\n<td>\n<p style=\"text-align: center;\">8<\/p>\n<\/td>\n<\/tr>\n<tr>\n<td>S\u1ee9c ch\u1ee9a c\u1ecdng tr\u1eef m\u1eabu (high security straw) (0.5 ml)<\/td>\n<td>\n<p style=\"text-align: center;\">7.728<\/p>\n<\/td>\n<td>\n<p style=\"text-align: center;\">37.296<\/p>\n<\/td>\n<td>\n<p style=\"text-align: center;\">31.584<\/p>\n<\/td>\n<td>\n<p style=\"text-align: center;\">76.104<\/p>\n<\/td>\n<\/tr>\n<tr>\n<td>S\u1ed1 l\u01b0\u1ee3ng canister (73 mm)<\/td>\n<td>\n<p style=\"text-align: center;\">23<\/p>\n<\/td>\n<td>\n<p style=\"text-align: center;\">74<\/p>\n<\/td>\n<td>\n<p style=\"text-align: center;\">94<\/p>\n<\/td>\n<td>\n<p style=\"text-align: center;\">151<\/p>\n<\/td>\n<\/tr>\n<tr>\n<td>goblets\/canister: straws\/goblet<\/td>\n<td>\n<p style=\"text-align: center;\">2:168<\/p>\n<\/td>\n<td>\n<p style=\"text-align: center;\">3:168<\/p>\n<\/td>\n<td>\n<p style=\"text-align: center;\">2:168<\/p>\n<\/td>\n<td>\n<p style=\"text-align: center;\">3:168<\/p>\n<\/td>\n<\/tr>\n<tr>\n<td>S\u1ed1 l\u01b0\u1ee3ng SUC-1 canisters (2.5\u201dx2.5\u201dx11)<\/td>\n<td>\n<p style=\"text-align: center;\">22<\/p>\n<\/td>\n<td>\n<p style=\"text-align: center;\">61<\/p>\n<\/td>\n<td>\n<p style=\"text-align: center;\">115<\/p>\n<\/td>\n<td>\n<p style=\"text-align: center;\">129<\/p>\n<\/td>\n<\/tr>\n<tr>\n<td>S\u1ed1 l\u01b0\u1ee3ng \u1ed1ng vial 1,2 ml tr\u00ean Canes<\/td>\n<td>\n<p style=\"text-align: center;\">3.168<\/p>\n<\/td>\n<td>\n<p style=\"text-align: center;\">8.784<\/p>\n<\/td>\n<td>\n<p style=\"text-align: center;\">16.560<\/p>\n<\/td>\n<td>\n<p style=\"text-align: center;\">18.576<\/p>\n<\/td>\n<\/tr>\n<tr>\n<td>S\u1ed1 l\u01b0\u1ee3ng \u1ed1ng vial 2 ml tr\u00ean Canes<\/td>\n<td>\n<p style=\"text-align: center;\">1.760<\/p>\n<\/td>\n<td>\n<p style=\"text-align: center;\">4.880<\/p>\n<\/td>\n<td>\n<p style=\"text-align: center;\">9.00<\/p>\n<\/td>\n<td>\n<p style=\"text-align: center;\">10.320<\/p>\n<\/td>\n<\/tr>\n<tr>\n<td>S\u1ed1 l\u01b0\u1ee3ng 1\/2 cc Straws 10\/cane<\/td>\n<td>\n<p style=\"text-align: center;\">6.820<\/p>\n<\/td>\n<td>\n<p style=\"text-align: center;\">18.910<\/p>\n<\/td>\n<td>\n<p style=\"text-align: center;\">35.650<\/p>\n<\/td>\n<td>\n<p style=\"text-align: center;\">39.990<\/p>\n<\/td>\n<\/tr>\n<tr>\n<td><strong>Hi\u1ec7u su\u1ea5t<\/strong><\/td>\n<td>\n<p style=\"text-align: center;\">\n<\/td>\n<td>\n<p style=\"text-align: center;\">\n<\/td>\n<td>\n<p style=\"text-align: center;\">\n<\/td>\n<td>\n<p style=\"text-align: center;\">\n<\/td>\n<\/tr>\n<tr>\n<td>Kho\u1ea3ng dung t\u00edch nit\u01a1 l\u1ecfng (L)<\/td>\n<td>\n<p style=\"text-align: center;\">39<\/p>\n<\/td>\n<td>\n<p style=\"text-align: center;\">230<\/p>\n<\/td>\n<td>\n<p style=\"text-align: center;\">381<\/p>\n<\/td>\n<td>\n<p style=\"text-align: center;\">482<\/p>\n<\/td>\n<\/tr>\n<tr>\n<td>Kho\u1ea3ng dung t\u00edch nit\u01a1 l\u1ecfng d\u01b0\u1edbi khay (tr\u1eef h\u01a1i) (L)<\/td>\n<td>\n<p style=\"text-align: center;\">&#8211;<\/p>\n<\/td>\n<td>\n<p style=\"text-align: center;\">&#8211;<\/p>\n<\/td>\n<td>\n<p style=\"text-align: center;\">56<\/p>\n<\/td>\n<td>\n<p style=\"text-align: center;\">&#8211;<\/p>\n<\/td>\n<\/tr>\n<tr>\n<td><strong>K\u00edch th\u01b0\u1edbc b\u00ecnh<\/strong><\/td>\n<td>\n<p style=\"text-align: center;\">\n<\/td>\n<td>\n<p style=\"text-align: center;\">\n<\/td>\n<td>\n<p style=\"text-align: center;\">\n<\/td>\n<td>\n<p style=\"text-align: center;\">\n<\/td>\n<\/tr>\n<tr>\n<td>V\u00f2ng c\u1ed5 (mm)<\/td>\n<td>\n<p style=\"text-align: center;\">406<\/p>\n<\/td>\n<td>\n<p style=\"text-align: center;\">634<\/p>\n<\/td>\n<td>\n<p style=\"text-align: center;\">317<\/p>\n<\/td>\n<td>\n<p style=\"text-align: center;\">91<\/p>\n<\/td>\n<\/tr>\n<tr>\n<td>Chi\u1ec1u cao s\u1eed d\u1ee5ng (mm)<\/td>\n<td>\n<p style=\"text-align: center;\">305<\/p>\n<\/td>\n<td>\n<p style=\"text-align: center;\">558<\/p>\n<\/td>\n<td>\n<p style=\"text-align: center;\">330<\/p>\n<\/td>\n<td>\n<p style=\"text-align: center;\">479<\/p>\n<\/td>\n<\/tr>\n<tr>\n<td>\u0110\u01b0\u1eddng k\u00ednh trong (mm)<\/td>\n<td>\n<p style=\"text-align: center;\">406<\/p>\n<\/td>\n<td>\n<p style=\"text-align: center;\">720<\/p>\n<\/td>\n<td>\n<p style=\"text-align: center;\">728<\/p>\n<\/td>\n<td>\n<p style=\"text-align: center;\">1007<\/p>\n<\/td>\n<\/tr>\n<tr>\n<td>Chi\u1ec1u cao bao g\u1ed3m b\u1ed9 ph\u1eadn n\u1ea1p nit\u01a1 l\u1ecfng t\u1ef1 \u0111\u1ed9ng (mm)<\/td>\n<td>\n<p style=\"text-align: center;\">415<\/p>\n<\/td>\n<td>\n<p style=\"text-align: center;\">1359<\/p>\n<\/td>\n<td>\n<p style=\"text-align: center;\">1473<\/p>\n<\/td>\n<td>\n<p style=\"text-align: center;\">1491<\/p>\n<\/td>\n<\/tr>\n<tr>\n<td>Y\u00eau c\u1ea7u chi\u1ec1u r\u1ed9ng c\u1eeda ph\u00f2ng l\u01b0u tr\u1eef (mm)<\/td>\n<td>\n<p style=\"text-align: center;\">457<\/p>\n<\/td>\n<td>\n<p style=\"text-align: center;\">787<\/p>\n<\/td>\n<td>\n<p style=\"text-align: center;\">813<\/p>\n<\/td>\n<td>\n<p style=\"text-align: center;\">1067<\/p>\n<\/td>\n<\/tr>\n<\/tbody>\n<\/table>\n<\/figure>\n<p><i>Ghi ch\u00fa: B\u00ecnh MVE 103 kh\u00f4ng c\u00f3 s\u1eb5n t\u00ednh n\u0103ng n\u1ea1p nit\u01a1 l\u1ecfng t\u1ef1 \u0111\u1ed9ng.<\/i><\/p>\n","protected":false},"excerpt":{"rendered":"<p>D\u00f2ng b\u00ecnh MVE Stock\u00a0mang l\u1ea1i s\u1ef1 an to\u00e0n, t\u1ed1i \u01b0u trong\u00a0tr\u1eef l\u1ea1nh\u00a0ph\u00f4i, tinh tr\u00f9ng ho\u1eb7c no\u00e3n cho ng\u00e0nh h\u1ed7\u00a0tr\u1ee3 sinh s\u1ea3n v\u00e0 ch\u0103n nu\u00f4i. B\u00ecnh MVE Stock \u0111\u01b0\u1ee3c thi\u1ebft k\u1ebf ch\u1ee7 y\u1ebfu \u0111\u1ec3 tr\u1eef l\u1ea1nh ph\u00f4i, tinh tr\u00f9ng ho\u1eb7c m\u1eabu sinh h\u1ecdc trong \u1ed1ng cryotube\u00a0ho\u1eb7c c\u1ecdng tr\u1eef ph\u00f4i\/ no\u00e3n\u00a0trong nit\u01a1 l\u1ecfng \u1edf pha l\u1ecfng, nh\u01b0ng<\/p>\n<div class=\"klb-readmore post-buttons\"><a class=\"button rounded primary\" href=\"https:\/\/biogroupvietnam.com\/vi\/san-pham\/mve-stock-series\/\">Read More <i class=\"klbth-icon-right-arrow\"><\/i><\/a><\/div>\n","protected":false},"featured_media":9066,"comment_status":"closed","ping_status":"closed","template":"","meta":{"_acf_changed":false},"product_brand":[128],"product_cat":[97],"product_tag":[],"class_list":{"0":"post-3777","1":"product","2":"type-product","3":"status-publish","4":"has-post-thumbnail","6":"product_brand-mve-biological-solutions","7":"product_cat-binh-tru-lanh-phoi-tinh-trung","9":"first","10":"outofstock","11":"shipping-taxable","12":"product-type-simple"},"acf":[],"yoast_head":"<!-- This site is optimized with the Yoast SEO plugin v26.8 - https:\/\/yoast.com\/product\/yoast-seo-wordpress\/ -->\n<title>B\u00ecnh Tr\u1eef L\u1ea1nh Ph\u00f4i, Tinh Tr\u00f9ng MVE Stock Series<\/title>\n<meta name=\"description\" content=\"D\u00f2ng b\u00ecnh MVE Stock\u00a0mang l\u1ea1i s\u1ef1 an to\u00e0n, t\u1ed1i \u01b0u trong\u00a0tr\u1eef l\u1ea1nh\u00a0ph\u00f4i, tinh tr\u00f9ng ho\u1eb7c no\u00e3n cho ng\u00e0nh h\u1ed7\u00a0tr\u1ee3 sinh s\u1ea3n v\u00e0 ch\u0103n nu\u00f4i.\" \/>\n<meta name=\"robots\" content=\"index, follow, max-snippet:-1, max-image-preview:large, max-video-preview:-1\" \/>\n<link rel=\"canonical\" href=\"https:\/\/biogroupvietnam.com\/vi\/san-pham\/mve-stock-series\/\" \/>\n<meta property=\"og:locale\" content=\"vi_VN\" \/>\n<meta property=\"og:type\" content=\"article\" \/>\n<meta property=\"og:title\" content=\"B\u00ecnh Tr\u1eef L\u1ea1nh Ph\u00f4i, Tinh Tr\u00f9ng MVE Stock Series\" \/>\n<meta property=\"og:description\" content=\"D\u00f2ng b\u00ecnh MVE Stock\u00a0mang l\u1ea1i s\u1ef1 an to\u00e0n, t\u1ed1i \u01b0u trong\u00a0tr\u1eef l\u1ea1nh\u00a0ph\u00f4i, tinh tr\u00f9ng ho\u1eb7c no\u00e3n cho ng\u00e0nh h\u1ed7\u00a0tr\u1ee3 sinh s\u1ea3n v\u00e0 ch\u0103n nu\u00f4i.\" \/>\n<meta property=\"og:url\" content=\"https:\/\/biogroupvietnam.com\/vi\/san-pham\/mve-stock-series\/\" \/>\n<meta property=\"og:site_name\" content=\"Biogroup Vietnam\" \/>\n<meta property=\"article:modified_time\" content=\"2026-01-07T08:26:09+00:00\" \/>\n<meta property=\"og:image\" content=\"https:\/\/biogroupvietnam.com\/wp-content\/uploads\/2025\/08\/MVE-Stock-Series.jpg\" \/>\n\t<meta property=\"og:image:width\" content=\"1640\" \/>\n\t<meta property=\"og:image:height\" content=\"1260\" \/>\n\t<meta property=\"og:image:type\" content=\"image\/jpeg\" \/>\n<meta name=\"twitter:card\" content=\"summary_large_image\" \/>\n<meta name=\"twitter:label1\" content=\"\u01af\u1edbc t\u00ednh th\u1eddi gian \u0111\u1ecdc\" \/>\n\t<meta name=\"twitter:data1\" content=\"6 ph\u00fat\" \/>\n<script type=\"application\/ld+json\" class=\"yoast-schema-graph\">{\"@context\":\"https:\/\/schema.org\",\"@graph\":[{\"@type\":\"WebPage\",\"@id\":\"https:\/\/biogroupvietnam.com\/vi\/san-pham\/mve-stock-series\/\",\"url\":\"https:\/\/biogroupvietnam.com\/vi\/san-pham\/mve-stock-series\/\",\"name\":\"B\u00ecnh Tr\u1eef L\u1ea1nh Ph\u00f4i, Tinh Tr\u00f9ng MVE Stock Series\",\"isPartOf\":{\"@id\":\"https:\/\/biogroupvietnam.com\/vi\/#website\"},\"primaryImageOfPage\":{\"@id\":\"https:\/\/biogroupvietnam.com\/vi\/san-pham\/mve-stock-series\/#primaryimage\"},\"image\":{\"@id\":\"https:\/\/biogroupvietnam.com\/vi\/san-pham\/mve-stock-series\/#primaryimage\"},\"thumbnailUrl\":\"https:\/\/biogroupvietnam.com\/wp-content\/uploads\/2025\/08\/MVE-Stock-Series.jpg\",\"datePublished\":\"2025-08-18T12:53:14+00:00\",\"dateModified\":\"2026-01-07T08:26:09+00:00\",\"description\":\"D\u00f2ng b\u00ecnh MVE Stock\u00a0mang l\u1ea1i s\u1ef1 an to\u00e0n, t\u1ed1i \u01b0u trong\u00a0tr\u1eef l\u1ea1nh\u00a0ph\u00f4i, tinh tr\u00f9ng ho\u1eb7c no\u00e3n cho ng\u00e0nh h\u1ed7\u00a0tr\u1ee3 sinh s\u1ea3n v\u00e0 ch\u0103n nu\u00f4i.\",\"breadcrumb\":{\"@id\":\"https:\/\/biogroupvietnam.com\/vi\/san-pham\/mve-stock-series\/#breadcrumb\"},\"inLanguage\":\"vi\",\"potentialAction\":[{\"@type\":\"ReadAction\",\"target\":[\"https:\/\/biogroupvietnam.com\/vi\/san-pham\/mve-stock-series\/\"]}]},{\"@type\":\"ImageObject\",\"inLanguage\":\"vi\",\"@id\":\"https:\/\/biogroupvietnam.com\/vi\/san-pham\/mve-stock-series\/#primaryimage\",\"url\":\"https:\/\/biogroupvietnam.com\/wp-content\/uploads\/2025\/08\/MVE-Stock-Series.jpg\",\"contentUrl\":\"https:\/\/biogroupvietnam.com\/wp-content\/uploads\/2025\/08\/MVE-Stock-Series.jpg\",\"width\":1640,\"height\":1260},{\"@type\":\"BreadcrumbList\",\"@id\":\"https:\/\/biogroupvietnam.com\/vi\/san-pham\/mve-stock-series\/#breadcrumb\",\"itemListElement\":[{\"@type\":\"ListItem\",\"position\":1,\"name\":\"Trang ch\u1ee7\",\"item\":\"https:\/\/biogroupvietnam.com\/vi\/\"},{\"@type\":\"ListItem\",\"position\":2,\"name\":\"S\u1ea3n ph\u1ea9m\",\"item\":\"https:\/\/biogroupvietnam.com\/vi\/san-pham\/\"},{\"@type\":\"ListItem\",\"position\":3,\"name\":\"B\u1ea3o Qu\u1ea3n L\u1ea1nh T\u1ebf B\u00e0o\",\"item\":\"https:\/\/biogroupvietnam.com\/vi\/danh-muc-san-pham\/bao-quan-lanh-te-bao\/\"},{\"@type\":\"ListItem\",\"position\":4,\"name\":\"B\u00ecnh Tr\u1eef L\u1ea1nh Ph\u00f4i, Tinh Tr\u00f9ng\",\"item\":\"https:\/\/biogroupvietnam.com\/vi\/danh-muc-san-pham\/binh-tru-lanh-phoi-tinh-trung\/\"},{\"@type\":\"ListItem\",\"position\":5,\"name\":\"B\u00ecnh Tr\u1eef L\u1ea1nh Ph\u00f4i, Tinh Tr\u00f9ng MVE Stock Series\"}]},{\"@type\":\"WebSite\",\"@id\":\"https:\/\/biogroupvietnam.com\/vi\/#website\",\"url\":\"https:\/\/biogroupvietnam.com\/vi\/\",\"name\":\"Biogroup Vietnam\",\"description\":\"Biogroup Vietnam cung c\u1ea5p d\u1ecbch v\u1ee5 k\u1ef9 thu\u1eadt c\u00f9ng thi\u1ebft b\u1ecb, v\u1eadt t\u01b0, h\u00f3a ch\u1ea5t v\u00e0 gi\u1ea3i ph\u00e1p sinh h\u1ecdc cho ph\u00f2ng th\u00ed nghi\u1ec7m c\u00f4ng ngh\u1ec7 sinh h\u1ecdc, y sinh v\u00e0 y h\u1ecdc t\u00e1i t\u1ea1o.\",\"potentialAction\":[{\"@type\":\"SearchAction\",\"target\":{\"@type\":\"EntryPoint\",\"urlTemplate\":\"https:\/\/biogroupvietnam.com\/vi\/?s={search_term_string}\"},\"query-input\":{\"@type\":\"PropertyValueSpecification\",\"valueRequired\":true,\"valueName\":\"search_term_string\"}}],\"inLanguage\":\"vi\"}]}<\/script>\n<!-- \/ Yoast SEO plugin. -->","yoast_head_json":{"title":"B\u00ecnh Tr\u1eef L\u1ea1nh Ph\u00f4i, Tinh Tr\u00f9ng MVE Stock Series","description":"D\u00f2ng b\u00ecnh MVE Stock\u00a0mang l\u1ea1i s\u1ef1 an to\u00e0n, t\u1ed1i \u01b0u trong\u00a0tr\u1eef l\u1ea1nh\u00a0ph\u00f4i, tinh tr\u00f9ng ho\u1eb7c no\u00e3n cho ng\u00e0nh h\u1ed7\u00a0tr\u1ee3 sinh s\u1ea3n v\u00e0 ch\u0103n nu\u00f4i.","robots":{"index":"index","follow":"follow","max-snippet":"max-snippet:-1","max-image-preview":"max-image-preview:large","max-video-preview":"max-video-preview:-1"},"canonical":"https:\/\/biogroupvietnam.com\/vi\/san-pham\/mve-stock-series\/","og_locale":"vi_VN","og_type":"article","og_title":"B\u00ecnh Tr\u1eef L\u1ea1nh Ph\u00f4i, Tinh Tr\u00f9ng MVE Stock Series","og_description":"D\u00f2ng b\u00ecnh MVE Stock\u00a0mang l\u1ea1i s\u1ef1 an to\u00e0n, t\u1ed1i \u01b0u trong\u00a0tr\u1eef l\u1ea1nh\u00a0ph\u00f4i, tinh tr\u00f9ng ho\u1eb7c no\u00e3n cho ng\u00e0nh h\u1ed7\u00a0tr\u1ee3 sinh s\u1ea3n v\u00e0 ch\u0103n nu\u00f4i.","og_url":"https:\/\/biogroupvietnam.com\/vi\/san-pham\/mve-stock-series\/","og_site_name":"Biogroup Vietnam","article_modified_time":"2026-01-07T08:26:09+00:00","og_image":[{"width":1640,"height":1260,"url":"https:\/\/biogroupvietnam.com\/wp-content\/uploads\/2025\/08\/MVE-Stock-Series.jpg","type":"image\/jpeg"}],"twitter_card":"summary_large_image","twitter_misc":{"\u01af\u1edbc t\u00ednh th\u1eddi gian \u0111\u1ecdc":"6 ph\u00fat"},"schema":{"@context":"https:\/\/schema.org","@graph":[{"@type":"WebPage","@id":"https:\/\/biogroupvietnam.com\/vi\/san-pham\/mve-stock-series\/","url":"https:\/\/biogroupvietnam.com\/vi\/san-pham\/mve-stock-series\/","name":"B\u00ecnh Tr\u1eef L\u1ea1nh Ph\u00f4i, Tinh Tr\u00f9ng MVE Stock Series","isPartOf":{"@id":"https:\/\/biogroupvietnam.com\/vi\/#website"},"primaryImageOfPage":{"@id":"https:\/\/biogroupvietnam.com\/vi\/san-pham\/mve-stock-series\/#primaryimage"},"image":{"@id":"https:\/\/biogroupvietnam.com\/vi\/san-pham\/mve-stock-series\/#primaryimage"},"thumbnailUrl":"https:\/\/biogroupvietnam.com\/wp-content\/uploads\/2025\/08\/MVE-Stock-Series.jpg","datePublished":"2025-08-18T12:53:14+00:00","dateModified":"2026-01-07T08:26:09+00:00","description":"D\u00f2ng b\u00ecnh MVE Stock\u00a0mang l\u1ea1i s\u1ef1 an to\u00e0n, t\u1ed1i \u01b0u trong\u00a0tr\u1eef l\u1ea1nh\u00a0ph\u00f4i, tinh tr\u00f9ng ho\u1eb7c no\u00e3n cho ng\u00e0nh h\u1ed7\u00a0tr\u1ee3 sinh s\u1ea3n v\u00e0 ch\u0103n nu\u00f4i.","breadcrumb":{"@id":"https:\/\/biogroupvietnam.com\/vi\/san-pham\/mve-stock-series\/#breadcrumb"},"inLanguage":"vi","potentialAction":[{"@type":"ReadAction","target":["https:\/\/biogroupvietnam.com\/vi\/san-pham\/mve-stock-series\/"]}]},{"@type":"ImageObject","inLanguage":"vi","@id":"https:\/\/biogroupvietnam.com\/vi\/san-pham\/mve-stock-series\/#primaryimage","url":"https:\/\/biogroupvietnam.com\/wp-content\/uploads\/2025\/08\/MVE-Stock-Series.jpg","contentUrl":"https:\/\/biogroupvietnam.com\/wp-content\/uploads\/2025\/08\/MVE-Stock-Series.jpg","width":1640,"height":1260},{"@type":"BreadcrumbList","@id":"https:\/\/biogroupvietnam.com\/vi\/san-pham\/mve-stock-series\/#breadcrumb","itemListElement":[{"@type":"ListItem","position":1,"name":"Trang ch\u1ee7","item":"https:\/\/biogroupvietnam.com\/vi\/"},{"@type":"ListItem","position":2,"name":"S\u1ea3n ph\u1ea9m","item":"https:\/\/biogroupvietnam.com\/vi\/san-pham\/"},{"@type":"ListItem","position":3,"name":"B\u1ea3o Qu\u1ea3n L\u1ea1nh T\u1ebf B\u00e0o","item":"https:\/\/biogroupvietnam.com\/vi\/danh-muc-san-pham\/bao-quan-lanh-te-bao\/"},{"@type":"ListItem","position":4,"name":"B\u00ecnh Tr\u1eef L\u1ea1nh Ph\u00f4i, Tinh Tr\u00f9ng","item":"https:\/\/biogroupvietnam.com\/vi\/danh-muc-san-pham\/binh-tru-lanh-phoi-tinh-trung\/"},{"@type":"ListItem","position":5,"name":"B\u00ecnh Tr\u1eef L\u1ea1nh Ph\u00f4i, Tinh Tr\u00f9ng MVE Stock Series"}]},{"@type":"WebSite","@id":"https:\/\/biogroupvietnam.com\/vi\/#website","url":"https:\/\/biogroupvietnam.com\/vi\/","name":"Biogroup Vietnam","description":"Biogroup Vietnam cung c\u1ea5p d\u1ecbch v\u1ee5 k\u1ef9 thu\u1eadt c\u00f9ng thi\u1ebft b\u1ecb, v\u1eadt t\u01b0, h\u00f3a ch\u1ea5t v\u00e0 gi\u1ea3i ph\u00e1p sinh h\u1ecdc cho ph\u00f2ng th\u00ed nghi\u1ec7m c\u00f4ng ngh\u1ec7 sinh h\u1ecdc, y sinh v\u00e0 y h\u1ecdc t\u00e1i t\u1ea1o.","potentialAction":[{"@type":"SearchAction","target":{"@type":"EntryPoint","urlTemplate":"https:\/\/biogroupvietnam.com\/vi\/?s={search_term_string}"},"query-input":{"@type":"PropertyValueSpecification","valueRequired":true,"valueName":"search_term_string"}}],"inLanguage":"vi"}]}},"_links":{"self":[{"href":"https:\/\/biogroupvietnam.com\/vi\/wp-json\/wp\/v2\/product\/3777","targetHints":{"allow":["GET"]}}],"collection":[{"href":"https:\/\/biogroupvietnam.com\/vi\/wp-json\/wp\/v2\/product"}],"about":[{"href":"https:\/\/biogroupvietnam.com\/vi\/wp-json\/wp\/v2\/types\/product"}],"replies":[{"embeddable":true,"href":"https:\/\/biogroupvietnam.com\/vi\/wp-json\/wp\/v2\/comments?post=3777"}],"version-history":[{"count":5,"href":"https:\/\/biogroupvietnam.com\/vi\/wp-json\/wp\/v2\/product\/3777\/revisions"}],"predecessor-version":[{"id":9408,"href":"https:\/\/biogroupvietnam.com\/vi\/wp-json\/wp\/v2\/product\/3777\/revisions\/9408"}],"wp:featuredmedia":[{"embeddable":true,"href":"https:\/\/biogroupvietnam.com\/vi\/wp-json\/wp\/v2\/media\/9066"}],"wp:attachment":[{"href":"https:\/\/biogroupvietnam.com\/vi\/wp-json\/wp\/v2\/media?parent=3777"}],"wp:term":[{"taxonomy":"product_brand","embeddable":true,"href":"https:\/\/biogroupvietnam.com\/vi\/wp-json\/wp\/v2\/product_brand?post=3777"},{"taxonomy":"product_cat","embeddable":true,"href":"https:\/\/biogroupvietnam.com\/vi\/wp-json\/wp\/v2\/product_cat?post=3777"},{"taxonomy":"product_tag","embeddable":true,"href":"https:\/\/biogroupvietnam.com\/vi\/wp-json\/wp\/v2\/product_tag?post=3777"}],"curies":[{"name":"wp","href":"https:\/\/api.w.org\/{rel}","templated":true}]}}