{"id":3779,"date":"2025-08-18T19:53:15","date_gmt":"2025-08-18T12:53:15","guid":{"rendered":"http:\/\/biogroupvietnam-worldpress.local\/product\/import-placeholder-for-105\/"},"modified":"2026-04-06T13:04:14","modified_gmt":"2026-04-06T06:04:14","slug":"cryostor-cs10","status":"publish","type":"product","link":"https:\/\/biogroupvietnam.com\/vi\/san-pham\/cryostor-cs10\/","title":{"rendered":"M\u00f4i Tr\u01b0\u1eddng B\u1ea3o Qu\u1ea3n T\u1ebf B\u00e0o CryoStor\u00ae CS10"},"content":{"rendered":"<h2>M\u00f4i tr\u01b0\u1eddng b\u1ea3o qu\u1ea3n t\u1ebf b\u00e0o CryoStor\u00ae CS10\u00a0ch\u1ee9a 10% DMSO, kh\u00f4ng ch\u1ee9a c\u00e1c th\u00e0nh ph\u1ea7n c\u00f3 ngu\u1ed3n g\u1ed1c \u0111\u1ed9ng v\u1eadt.<\/h2>\n<p>CryoStor\u00ae CS10 l\u00e0 m\u1ed9t m\u00f4i tr\u01b0\u1eddng b\u1ea3o qu\u1ea3n l\u1ea1nh c\u00f3 c\u00f4ng th\u1ee9c \u0111\u1ed9c \u0111\u00e1o, kh\u00f4ng ch\u1ee9a huy\u1ebft thanh, kh\u00f4ng ch\u1ee9a th\u00e0nh ph\u1ea7n c\u00f3 ngu\u1ed3n g\u1ed1c \u0111\u1ed9ng v\u1eadt v\u00e0 \u0111\u01b0\u1ee3c x\u00e1c \u0111\u1ecbnh c\u00f3 ch\u1ee9a 10% dimethyl sulfoxide (DMSO). M\u00f4i tr\u01b0\u1eddng CryoStor\u00ae CS10 \u0111\u01b0\u1ee3c d\u00f9ng \u0111\u1ec3 b\u1ea3o qu\u1ea3n t\u1ebf b\u00e0o \u1edf nhi\u1ec7t \u0111\u1ed9 th\u1ea5p (-80\u00b0C \u0111\u1ebfn -196\u00b0C).<\/p>\n<p>CryoStor\u00ae CS10 l\u00e0 m\u1ed9t m\u00f4i tr\u01b0\u1eddng b\u1ea3o v\u1ec7 an to\u00e0n cho t\u1ebf b\u00e0o v\u00e0 m\u00f4 trong qu\u00e1 tr\u00ecnh \u0111\u00f4ng l\u1ea1nh, l\u01b0u tr\u1eef v\u00e0 r\u00e3 \u0111\u00f4ng.<\/p>\n<p><strong>M\u00f4i tr\u01b0\u1eddng CryoStor\u00ae CS10 \u0111\u01b0\u1ee3c khuy\u00ean d\u00f9ng \u0111\u1ec3 b\u1ea3o qu\u1ea3n l\u1ea1nh t\u1ebf b\u00e0o gan, m\u1eabu m\u00f4, m\u00e1u ngo\u1ea1i vi c\u1ee7a ng\u01b0\u1eddi, t\u1ebf b\u00e0o CHO, d\u00f2ng t\u1ebf b\u00e0o u t\u1ee7y, t\u1ebf b\u00e0o lai, t\u1ebf b\u00e0o g\u1ed1c trung m\u00f4 ng\u01b0\u1eddi, t\u1ebf b\u00e0o g\u1ed1c ph\u00f4i ng\u01b0\u1eddi (ES) v\u00e0 t\u1ebf b\u00e0o g\u1ed1c \u0111a n\u0103ng (iPS) c\u1ea3m \u1ee9ng, v\u00e0 c\u00e1c t\u1ebf b\u00e0o c\u1ef1c k\u1ef3 nh\u1ea1y c\u1ea3m kh\u00e1c.<\/strong><\/p>\n<h3><strong>C\u00e1c ti\u1ec7n \u00edch c\u1ee7a m\u00f4i tr\u01b0\u1eddng b\u1ea3o qu\u1ea3n t\u1ebf b\u00e0o CryoStor\u00ae CS10:<\/strong><\/h3>\n<ul>\n<li>S\u1eb5n s\u00e0ng \u0111\u1ec3 s\u1eed d\u1ee5ng.<\/li>\n<li>Kh\u00f4ng ch\u1ee9a huy\u1ebft thanh v\u00e0 kh\u00f4ng ch\u1ee9a protein.<\/li>\n<li>Kh\u00f4ng ch\u1ee9a th\u00e0nh ph\u1ea7n c\u00f3 ngu\u1ed3n g\u1ed1c t\u1eeb \u0111\u1ed9ng v\u1eadt.<\/li>\n<li><strong>\u0110\u01b0\u1ee3c s\u1ea3n xu\u1ea5t theo\u00a0ti\u00eau chu\u1ea9n cGMP, v\u1edbi c\u00e1c th\u00e0nh ph\u1ea7n nguy\u00ean li\u1ec7u \u0111\u1ea1t chu\u1ea9n USP (d\u01b0\u1ee3c \u0111i\u1ec3n M\u1ef9)\/ \u0111\u1ea1t ch\u1ea5t l\u01b0\u1ee3ng cao nh\u1ea5t.<\/strong><\/li>\n<li>H\u1ed3 s\u01a1 ch\u00ednh c\u1ee7a FDA M\u1ef9 (FDA master file).<\/li>\n<li>\u0110\u01b0\u1ee3c ki\u1ec3m so\u00e1t \u0111\u1ed9 v\u00f4 tr\u00f9ng, n\u1ed9i \u0111\u1ed9c t\u1ed1 v\u00e0 ki\u1ec3m tra ch\u1ea5t l\u01b0\u1ee3ng d\u1ef1a tr\u00ean t\u1ebf b\u00e0o.<\/li>\n<\/ul>\n<h3><strong>T\u00ednh n\u0103ng m\u00f4i tr\u01b0\u1eddng b\u1ea3o qu\u1ea3n t\u1ebf b\u00e0o CryoStor\u00ae CS10:<\/strong><\/h3>\n<ul>\n<li>M\u00f4i tr\u01b0\u1eddng CryoStor\u00ae CS10 c\u00f3 th\u1ec3 \u0111\u01b0\u1ee3c v\u1eadn chuy\u1ec3n \u1edf nhi\u1ec7t \u0111\u1ed9 ph\u00f2ng (15 &#8211; 25\u00b0C) v\u00e0 ph\u1ea3i \u0111\u01b0\u1ee3c b\u1ea3o qu\u1ea3n l\u1ea1nh (4 &#8211; 15\u00b0C) ngay sau khi nh\u1eadn h\u00e0ng.<\/li>\n<li>Th\u00e0nh ph\u1ea7n bao g\u1ed3m: 10% dimethyl sulfoxide (DMSO) v\u00e0 c\u00e1c th\u00e0nh ph\u1ea7n kh\u00e1c.<\/li>\n<li>C\u00f4ng th\u1ee9c: Kh\u00f4ng ch\u1ee9a th\u00e0nh ph\u1ea7n c\u00f3 ngu\u1ed3n g\u1ed1c t\u1eeb \u0111\u1ed9ng v\u1eadt v\u00e0 kh\u00f4ng ch\u1ee9a huy\u1ebft thanh.<\/li>\n<\/ul>\n<h3><strong>Quy c\u00e1ch \u0111\u00f3ng chai (th\u00f4ng tin \u0111\u1eb7t h\u00e0ng m\u00f4i tr\u01b0\u1eddng CryoStor\u00ae CS10):<\/strong><\/h3>\n<ul>\n<li>Catalog # 07959: 5 x 10 mL<\/li>\n<li>Catalog # 07952: 16 x 10 mL<\/li>\n<li>Catalog # 07931: 5 x 16 mL<\/li>\n<li><strong>Catalog # 07930: 100 mL <\/strong>(h\u00e0ng\u00a0c\u00f3 s\u1eb3n \u0111\u1ec3 giao ngay).<\/li>\n<li>Catalog # 07955: T\u00fai 100 mL<\/li>\n<li>Catalog # 07940: T\u00fai 1000 mL<\/li>\n<\/ul>\n","protected":false},"excerpt":{"rendered":"<p>M\u00f4i tr\u01b0\u1eddng b\u1ea3o qu\u1ea3n t\u1ebf b\u00e0o CryoStor\u00ae CS10\u00a0ch\u1ee9a 10% DMSO, kh\u00f4ng ch\u1ee9a c\u00e1c th\u00e0nh ph\u1ea7n c\u00f3 ngu\u1ed3n g\u1ed1c \u0111\u1ed9ng v\u1eadt. CryoStor\u00ae CS10 l\u00e0 m\u1ed9t m\u00f4i tr\u01b0\u1eddng b\u1ea3o qu\u1ea3n l\u1ea1nh c\u00f3 c\u00f4ng th\u1ee9c \u0111\u1ed9c \u0111\u00e1o, kh\u00f4ng ch\u1ee9a huy\u1ebft thanh, kh\u00f4ng ch\u1ee9a th\u00e0nh ph\u1ea7n c\u00f3 ngu\u1ed3n g\u1ed1c \u0111\u1ed9ng v\u1eadt v\u00e0 \u0111\u01b0\u1ee3c x\u00e1c \u0111\u1ecbnh c\u00f3 ch\u1ee9a 10% dimethyl<\/p>\n<div class=\"klb-readmore post-buttons\"><a class=\"button rounded primary\" href=\"https:\/\/biogroupvietnam.com\/vi\/san-pham\/cryostor-cs10\/\">Read More <i class=\"klbth-icon-right-arrow\"><\/i><\/a><\/div>\n","protected":false},"featured_media":10219,"comment_status":"closed","ping_status":"closed","template":"","meta":{"_acf_changed":false},"product_brand":[127],"product_cat":[103],"product_tag":[],"class_list":{"0":"post-3779","1":"product","2":"type-product","3":"status-publish","4":"has-post-thumbnail","6":"product_brand-stemcell-technologies","7":"product_cat-moi-truong-bao-quan-te-bao","9":"first","10":"outofstock","11":"shipping-taxable","12":"product-type-simple"},"acf":[],"yoast_head":"<!-- This site is optimized with the Yoast SEO plugin v26.8 - https:\/\/yoast.com\/product\/yoast-seo-wordpress\/ -->\n<title>M\u00f4i Tr\u01b0\u1eddng B\u1ea3o Qu\u1ea3n T\u1ebf B\u00e0o CryoStor\u00ae CS10<\/title>\n<meta name=\"description\" content=\"M\u00f4i tr\u01b0\u1eddng b\u1ea3o qu\u1ea3n t\u1ebf b\u00e0o CryoStor\u00ae CS10\u00a0ch\u1ee9a 10% DMSO, kh\u00f4ng ch\u1ee9a c\u00e1c th\u00e0nh ph\u1ea7n c\u00f3 ngu\u1ed3n g\u1ed1c \u0111\u1ed9ng v\u1eadt.\" \/>\n<meta name=\"robots\" content=\"index, follow, max-snippet:-1, max-image-preview:large, max-video-preview:-1\" \/>\n<link rel=\"canonical\" href=\"https:\/\/biogroupvietnam.com\/vi\/san-pham\/cryostor-cs10\/\" \/>\n<meta property=\"og:locale\" content=\"vi_VN\" \/>\n<meta property=\"og:type\" content=\"article\" \/>\n<meta property=\"og:title\" content=\"M\u00f4i Tr\u01b0\u1eddng B\u1ea3o Qu\u1ea3n T\u1ebf B\u00e0o CryoStor\u00ae CS10\" \/>\n<meta property=\"og:description\" content=\"M\u00f4i tr\u01b0\u1eddng b\u1ea3o qu\u1ea3n t\u1ebf b\u00e0o CryoStor\u00ae CS10\u00a0ch\u1ee9a 10% DMSO, kh\u00f4ng ch\u1ee9a c\u00e1c th\u00e0nh ph\u1ea7n c\u00f3 ngu\u1ed3n g\u1ed1c \u0111\u1ed9ng v\u1eadt.\" \/>\n<meta property=\"og:url\" content=\"https:\/\/biogroupvietnam.com\/vi\/san-pham\/cryostor-cs10\/\" \/>\n<meta property=\"og:site_name\" content=\"Biogroup Vietnam\" \/>\n<meta property=\"article:modified_time\" content=\"2026-04-06T06:04:14+00:00\" \/>\n<meta property=\"og:image\" content=\"https:\/\/biogroupvietnam.com\/wp-content\/uploads\/2025\/08\/moi-truong-bao-quan-te-bao-cryostor-cs10.jpg\" \/>\n\t<meta property=\"og:image:width\" content=\"1640\" \/>\n\t<meta property=\"og:image:height\" content=\"1260\" \/>\n\t<meta property=\"og:image:type\" content=\"image\/jpeg\" \/>\n<meta name=\"twitter:card\" content=\"summary_large_image\" \/>\n<meta name=\"twitter:label1\" content=\"\u01af\u1edbc t\u00ednh th\u1eddi gian \u0111\u1ecdc\" \/>\n\t<meta name=\"twitter:data1\" content=\"3 ph\u00fat\" \/>\n<script type=\"application\/ld+json\" class=\"yoast-schema-graph\">{\"@context\":\"https:\/\/schema.org\",\"@graph\":[{\"@type\":\"WebPage\",\"@id\":\"https:\/\/biogroupvietnam.com\/vi\/san-pham\/cryostor-cs10\/\",\"url\":\"https:\/\/biogroupvietnam.com\/vi\/san-pham\/cryostor-cs10\/\",\"name\":\"M\u00f4i Tr\u01b0\u1eddng B\u1ea3o Qu\u1ea3n T\u1ebf B\u00e0o CryoStor\u00ae CS10\",\"isPartOf\":{\"@id\":\"https:\/\/biogroupvietnam.com\/vi\/#website\"},\"primaryImageOfPage\":{\"@id\":\"https:\/\/biogroupvietnam.com\/vi\/san-pham\/cryostor-cs10\/#primaryimage\"},\"image\":{\"@id\":\"https:\/\/biogroupvietnam.com\/vi\/san-pham\/cryostor-cs10\/#primaryimage\"},\"thumbnailUrl\":\"https:\/\/biogroupvietnam.com\/wp-content\/uploads\/2025\/08\/moi-truong-bao-quan-te-bao-cryostor-cs10.jpg\",\"datePublished\":\"2025-08-18T12:53:15+00:00\",\"dateModified\":\"2026-04-06T06:04:14+00:00\",\"description\":\"M\u00f4i tr\u01b0\u1eddng b\u1ea3o qu\u1ea3n t\u1ebf b\u00e0o CryoStor\u00ae CS10\u00a0ch\u1ee9a 10% DMSO, kh\u00f4ng ch\u1ee9a c\u00e1c th\u00e0nh ph\u1ea7n c\u00f3 ngu\u1ed3n g\u1ed1c \u0111\u1ed9ng v\u1eadt.\",\"breadcrumb\":{\"@id\":\"https:\/\/biogroupvietnam.com\/vi\/san-pham\/cryostor-cs10\/#breadcrumb\"},\"inLanguage\":\"vi\",\"potentialAction\":[{\"@type\":\"ReadAction\",\"target\":[\"https:\/\/biogroupvietnam.com\/vi\/san-pham\/cryostor-cs10\/\"]}]},{\"@type\":\"ImageObject\",\"inLanguage\":\"vi\",\"@id\":\"https:\/\/biogroupvietnam.com\/vi\/san-pham\/cryostor-cs10\/#primaryimage\",\"url\":\"https:\/\/biogroupvietnam.com\/wp-content\/uploads\/2025\/08\/moi-truong-bao-quan-te-bao-cryostor-cs10.jpg\",\"contentUrl\":\"https:\/\/biogroupvietnam.com\/wp-content\/uploads\/2025\/08\/moi-truong-bao-quan-te-bao-cryostor-cs10.jpg\",\"width\":1640,\"height\":1260,\"caption\":\"M\u00f4i Tr\u01b0\u1eddng B\u1ea3o Qu\u1ea3n T\u1ebf B\u00e0o CryoStor\u00ae CS10\"},{\"@type\":\"BreadcrumbList\",\"@id\":\"https:\/\/biogroupvietnam.com\/vi\/san-pham\/cryostor-cs10\/#breadcrumb\",\"itemListElement\":[{\"@type\":\"ListItem\",\"position\":1,\"name\":\"Trang ch\u1ee7\",\"item\":\"https:\/\/biogroupvietnam.com\/vi\/\"},{\"@type\":\"ListItem\",\"position\":2,\"name\":\"S\u1ea3n ph\u1ea9m\",\"item\":\"https:\/\/biogroupvietnam.com\/vi\/san-pham\/\"},{\"@type\":\"ListItem\",\"position\":3,\"name\":\"B\u1ea3o Qu\u1ea3n L\u1ea1nh T\u1ebf B\u00e0o\",\"item\":\"https:\/\/biogroupvietnam.com\/vi\/danh-muc-san-pham\/bao-quan-lanh-te-bao\/\"},{\"@type\":\"ListItem\",\"position\":4,\"name\":\"M\u00f4i Tr\u01b0\u1eddng B\u1ea3o Qu\u1ea3n T\u1ebf B\u00e0o\",\"item\":\"https:\/\/biogroupvietnam.com\/vi\/danh-muc-san-pham\/moi-truong-bao-quan-te-bao\/\"},{\"@type\":\"ListItem\",\"position\":5,\"name\":\"M\u00f4i Tr\u01b0\u1eddng B\u1ea3o Qu\u1ea3n T\u1ebf B\u00e0o CryoStor\u00ae CS10\"}]},{\"@type\":\"WebSite\",\"@id\":\"https:\/\/biogroupvietnam.com\/vi\/#website\",\"url\":\"https:\/\/biogroupvietnam.com\/vi\/\",\"name\":\"Biogroup Vietnam\",\"description\":\"Biogroup Vietnam cung c\u1ea5p d\u1ecbch v\u1ee5 k\u1ef9 thu\u1eadt c\u00f9ng thi\u1ebft b\u1ecb, v\u1eadt t\u01b0, h\u00f3a ch\u1ea5t v\u00e0 gi\u1ea3i ph\u00e1p sinh h\u1ecdc cho ph\u00f2ng th\u00ed nghi\u1ec7m c\u00f4ng ngh\u1ec7 sinh h\u1ecdc, y sinh v\u00e0 y h\u1ecdc t\u00e1i t\u1ea1o.\",\"potentialAction\":[{\"@type\":\"SearchAction\",\"target\":{\"@type\":\"EntryPoint\",\"urlTemplate\":\"https:\/\/biogroupvietnam.com\/vi\/?s={search_term_string}\"},\"query-input\":{\"@type\":\"PropertyValueSpecification\",\"valueRequired\":true,\"valueName\":\"search_term_string\"}}],\"inLanguage\":\"vi\"}]}<\/script>\n<!-- \/ Yoast SEO plugin. -->","yoast_head_json":{"title":"M\u00f4i Tr\u01b0\u1eddng B\u1ea3o Qu\u1ea3n T\u1ebf B\u00e0o CryoStor\u00ae CS10","description":"M\u00f4i tr\u01b0\u1eddng b\u1ea3o qu\u1ea3n t\u1ebf b\u00e0o CryoStor\u00ae CS10\u00a0ch\u1ee9a 10% DMSO, kh\u00f4ng ch\u1ee9a c\u00e1c th\u00e0nh ph\u1ea7n c\u00f3 ngu\u1ed3n g\u1ed1c \u0111\u1ed9ng v\u1eadt.","robots":{"index":"index","follow":"follow","max-snippet":"max-snippet:-1","max-image-preview":"max-image-preview:large","max-video-preview":"max-video-preview:-1"},"canonical":"https:\/\/biogroupvietnam.com\/vi\/san-pham\/cryostor-cs10\/","og_locale":"vi_VN","og_type":"article","og_title":"M\u00f4i Tr\u01b0\u1eddng B\u1ea3o Qu\u1ea3n T\u1ebf B\u00e0o CryoStor\u00ae CS10","og_description":"M\u00f4i tr\u01b0\u1eddng b\u1ea3o qu\u1ea3n t\u1ebf b\u00e0o CryoStor\u00ae CS10\u00a0ch\u1ee9a 10% DMSO, kh\u00f4ng ch\u1ee9a c\u00e1c th\u00e0nh ph\u1ea7n c\u00f3 ngu\u1ed3n g\u1ed1c \u0111\u1ed9ng v\u1eadt.","og_url":"https:\/\/biogroupvietnam.com\/vi\/san-pham\/cryostor-cs10\/","og_site_name":"Biogroup Vietnam","article_modified_time":"2026-04-06T06:04:14+00:00","og_image":[{"width":1640,"height":1260,"url":"https:\/\/biogroupvietnam.com\/wp-content\/uploads\/2025\/08\/moi-truong-bao-quan-te-bao-cryostor-cs10.jpg","type":"image\/jpeg"}],"twitter_card":"summary_large_image","twitter_misc":{"\u01af\u1edbc t\u00ednh th\u1eddi gian \u0111\u1ecdc":"3 ph\u00fat"},"schema":{"@context":"https:\/\/schema.org","@graph":[{"@type":"WebPage","@id":"https:\/\/biogroupvietnam.com\/vi\/san-pham\/cryostor-cs10\/","url":"https:\/\/biogroupvietnam.com\/vi\/san-pham\/cryostor-cs10\/","name":"M\u00f4i Tr\u01b0\u1eddng B\u1ea3o Qu\u1ea3n T\u1ebf B\u00e0o CryoStor\u00ae CS10","isPartOf":{"@id":"https:\/\/biogroupvietnam.com\/vi\/#website"},"primaryImageOfPage":{"@id":"https:\/\/biogroupvietnam.com\/vi\/san-pham\/cryostor-cs10\/#primaryimage"},"image":{"@id":"https:\/\/biogroupvietnam.com\/vi\/san-pham\/cryostor-cs10\/#primaryimage"},"thumbnailUrl":"https:\/\/biogroupvietnam.com\/wp-content\/uploads\/2025\/08\/moi-truong-bao-quan-te-bao-cryostor-cs10.jpg","datePublished":"2025-08-18T12:53:15+00:00","dateModified":"2026-04-06T06:04:14+00:00","description":"M\u00f4i tr\u01b0\u1eddng b\u1ea3o qu\u1ea3n t\u1ebf b\u00e0o CryoStor\u00ae CS10\u00a0ch\u1ee9a 10% DMSO, kh\u00f4ng ch\u1ee9a c\u00e1c th\u00e0nh ph\u1ea7n c\u00f3 ngu\u1ed3n g\u1ed1c \u0111\u1ed9ng v\u1eadt.","breadcrumb":{"@id":"https:\/\/biogroupvietnam.com\/vi\/san-pham\/cryostor-cs10\/#breadcrumb"},"inLanguage":"vi","potentialAction":[{"@type":"ReadAction","target":["https:\/\/biogroupvietnam.com\/vi\/san-pham\/cryostor-cs10\/"]}]},{"@type":"ImageObject","inLanguage":"vi","@id":"https:\/\/biogroupvietnam.com\/vi\/san-pham\/cryostor-cs10\/#primaryimage","url":"https:\/\/biogroupvietnam.com\/wp-content\/uploads\/2025\/08\/moi-truong-bao-quan-te-bao-cryostor-cs10.jpg","contentUrl":"https:\/\/biogroupvietnam.com\/wp-content\/uploads\/2025\/08\/moi-truong-bao-quan-te-bao-cryostor-cs10.jpg","width":1640,"height":1260,"caption":"M\u00f4i Tr\u01b0\u1eddng B\u1ea3o Qu\u1ea3n T\u1ebf B\u00e0o CryoStor\u00ae CS10"},{"@type":"BreadcrumbList","@id":"https:\/\/biogroupvietnam.com\/vi\/san-pham\/cryostor-cs10\/#breadcrumb","itemListElement":[{"@type":"ListItem","position":1,"name":"Trang ch\u1ee7","item":"https:\/\/biogroupvietnam.com\/vi\/"},{"@type":"ListItem","position":2,"name":"S\u1ea3n ph\u1ea9m","item":"https:\/\/biogroupvietnam.com\/vi\/san-pham\/"},{"@type":"ListItem","position":3,"name":"B\u1ea3o Qu\u1ea3n L\u1ea1nh T\u1ebf B\u00e0o","item":"https:\/\/biogroupvietnam.com\/vi\/danh-muc-san-pham\/bao-quan-lanh-te-bao\/"},{"@type":"ListItem","position":4,"name":"M\u00f4i Tr\u01b0\u1eddng B\u1ea3o Qu\u1ea3n T\u1ebf B\u00e0o","item":"https:\/\/biogroupvietnam.com\/vi\/danh-muc-san-pham\/moi-truong-bao-quan-te-bao\/"},{"@type":"ListItem","position":5,"name":"M\u00f4i Tr\u01b0\u1eddng B\u1ea3o Qu\u1ea3n T\u1ebf B\u00e0o CryoStor\u00ae CS10"}]},{"@type":"WebSite","@id":"https:\/\/biogroupvietnam.com\/vi\/#website","url":"https:\/\/biogroupvietnam.com\/vi\/","name":"Biogroup Vietnam","description":"Biogroup Vietnam cung c\u1ea5p d\u1ecbch v\u1ee5 k\u1ef9 thu\u1eadt c\u00f9ng thi\u1ebft b\u1ecb, v\u1eadt t\u01b0, h\u00f3a ch\u1ea5t v\u00e0 gi\u1ea3i ph\u00e1p sinh h\u1ecdc cho ph\u00f2ng th\u00ed nghi\u1ec7m c\u00f4ng ngh\u1ec7 sinh h\u1ecdc, y sinh v\u00e0 y h\u1ecdc t\u00e1i t\u1ea1o.","potentialAction":[{"@type":"SearchAction","target":{"@type":"EntryPoint","urlTemplate":"https:\/\/biogroupvietnam.com\/vi\/?s={search_term_string}"},"query-input":{"@type":"PropertyValueSpecification","valueRequired":true,"valueName":"search_term_string"}}],"inLanguage":"vi"}]}},"_links":{"self":[{"href":"https:\/\/biogroupvietnam.com\/vi\/wp-json\/wp\/v2\/product\/3779","targetHints":{"allow":["GET"]}}],"collection":[{"href":"https:\/\/biogroupvietnam.com\/vi\/wp-json\/wp\/v2\/product"}],"about":[{"href":"https:\/\/biogroupvietnam.com\/vi\/wp-json\/wp\/v2\/types\/product"}],"replies":[{"embeddable":true,"href":"https:\/\/biogroupvietnam.com\/vi\/wp-json\/wp\/v2\/comments?post=3779"}],"version-history":[{"count":3,"href":"https:\/\/biogroupvietnam.com\/vi\/wp-json\/wp\/v2\/product\/3779\/revisions"}],"predecessor-version":[{"id":10220,"href":"https:\/\/biogroupvietnam.com\/vi\/wp-json\/wp\/v2\/product\/3779\/revisions\/10220"}],"wp:featuredmedia":[{"embeddable":true,"href":"https:\/\/biogroupvietnam.com\/vi\/wp-json\/wp\/v2\/media\/10219"}],"wp:attachment":[{"href":"https:\/\/biogroupvietnam.com\/vi\/wp-json\/wp\/v2\/media?parent=3779"}],"wp:term":[{"taxonomy":"product_brand","embeddable":true,"href":"https:\/\/biogroupvietnam.com\/vi\/wp-json\/wp\/v2\/product_brand?post=3779"},{"taxonomy":"product_cat","embeddable":true,"href":"https:\/\/biogroupvietnam.com\/vi\/wp-json\/wp\/v2\/product_cat?post=3779"},{"taxonomy":"product_tag","embeddable":true,"href":"https:\/\/biogroupvietnam.com\/vi\/wp-json\/wp\/v2\/product_tag?post=3779"}],"curies":[{"name":"wp","href":"https:\/\/api.w.org\/{rel}","templated":true}]}}