{"id":3780,"date":"2025-08-18T19:53:15","date_gmt":"2025-08-18T12:53:15","guid":{"rendered":"http:\/\/biogroupvietnam-worldpress.local\/product\/import-placeholder-for-106\/"},"modified":"2026-04-06T11:55:52","modified_gmt":"2026-04-06T04:55:52","slug":"thawstar-cft2","status":"publish","type":"product","link":"https:\/\/biogroupvietnam.com\/vi\/san-pham\/thawstar-cft2\/","title":{"rendered":"M\u00e1y ThawSTAR\u00ae CFT2 R\u00e3 \u0110\u00f4ng \u1ed0ng T\u1ebf B\u00e0o T\u1ef1 \u0110\u1ed9ng"},"content":{"rendered":"<p>M\u00e1y\u00a0ThawSTAR\u00ae CFT2 r\u00e3 \u0111\u00f4ng t\u1ebf b\u00e0o t\u1ef1 \u0111\u1ed9ng\u00a0trong \u1ed1ng vial 1,8 &#8211; 2 mL. Cho k\u1ebft qu\u1ea3 r\u00e3 \u0111\u00f4ng nh\u1ea5t qu\u00e1n, v\u00ec gi\u00fap lo\u1ea1i b\u1ecf nguy c\u01a1 nhi\u1ec5m vi sinh v\u00e0 c\u00e1c ch\u01b0\u01a1ng tr\u00ecnh, d\u1eef li\u1ec7u r\u00e3 \u0111\u00f4ng t\u1ebf b\u00e0o \u0111\u01b0\u1ee3c l\u1eadp tr\u00ecnh v\u00e0 l\u01b0u l\u1ea1i.<\/p>\n<h3><strong>T\u1ed5ng quan v\u1ec1 m\u00e1y\u00a0ThawSTAR\u00ae CFT2<\/strong><\/h3>\n<p>ThawSTAR\u00ae CFT2 l\u00e0 h\u1ec7 th\u1ed1ng r\u00e3 \u0111\u00f4ng t\u1ebf b\u00e0o t\u1ef1 \u0111\u1ed9ng \u0111\u00e1ng tin c\u1eady th\u00f4ng qua vi\u1ec7c \u0111\u1ea3m b\u1ea3o \u0111\u1ed9 v\u00f4 tr\u00f9ng c\u1ee7a m\u1eabu v\u00e0 cho k\u1ebft qu\u1ea3 r\u00e3 \u0111\u00f4ng nh\u1ea5t qu\u00e1n. Vi\u1ec7c quy tr\u00ecnh r\u00e3 \u0111\u00f4ng \u0111\u00e3 \u0111\u01b0\u1ee3c ti\u00eau chu\u1ea9n h\u00f3a thay th\u1ebf cho quy tr\u00ecnh r\u00e3 \u0111\u00f4ng th\u1ee7 c\u00f4ng b\u1eb1ng b\u1ec3 c\u00e1ch th\u1ee7y (water bath-based thawing) gi\u00fap h\u1ec7 th\u1ed1ng ThawSTAR\u00ae lo\u1ea1i b\u1ecf nguy c\u01a1 nhi\u1ec5m vi sinh v\u1eadt v\u00e0 cung c\u1ea5p c\u00e1c ch\u01b0\u01a1ng tr\u00ecnh, d\u1eef li\u1ec7u r\u00e3 \u0111\u00f4ng t\u1ebf b\u00e0o \u0111\u01b0\u1ee3c l\u1eadp tr\u00ecnh v\u00e0 l\u01b0u l\u1ea1i. H\u00ea th\u1ed1ng ThawSTAR\u00ae nh\u1ecf g\u1ecdn v\u00e0 d\u1ec5 s\u1eed d\u1ee5ng gi\u00fap ng\u01b0\u1eddi d\u00f9ng c\u00f3 th\u1ec3 th\u1ef1c hi\u1ec7n r\u00e3 \u0111\u00f4ng t\u1ebf b\u00e0o ngay b\u00ean trong t\u1ee7 an to\u00e0n sinh h\u1ecdc. <strong>Ch\u1ec9 c\u1ea7n \u0111\u1eb7t \u1ed1ng vial \u0111\u00f4ng l\u1ea1nh v\u00e0o v\u00e0 l\u1ea5y ra sau khi m\u00e1y ThawSTAR\u00ae th\u00f4ng b\u00e1o k\u1ebft th\u00fac chu tr\u00ecnh r\u00e3 \u0111\u00f4ng, sau kho\u1ea3ng 2,5 ph\u00fat<\/strong>. H\u1ec7 th\u1ed1ng r\u00e3 \u0111\u00f4ng t\u1ef1 \u0111\u1ed9ng ThawSTAR\u00ae CFT2 c\u00f3 th\u1ec3 th\u00fac \u0111\u1ea9y nhanh giai \u0111o\u1ea1n R&amp;D v\u00e0 t\u0103ng quy m\u00f4\u00a0s\u1ea3n xu\u1ea5t th\u01b0\u01a1ng m\u1ea1i.<\/p>\n<p>Trong qu\u00e1 tr\u00ecnh v\u1eadn chuy\u1ec3n \u1ed1ng vial \u0111\u00f4ng l\u1ea1nh, d\u1ee5ng c\u1ee5 v\u1eadn chuy\u1ec3n ThawSTAR\u00ae CFT2 (ThawSTAR\u00ae CFT2 Transporter) \u0111\u01b0\u1ee3c d\u00f9ng \u0111\u1ec3 b\u1ea3o v\u1ec7 t\u1ebf b\u00e0o kh\u00f4ng b\u1ecb <a href=\"https:\/\/biogroupvietnam.com\/vi\/blogs\/tin-tuc-su-kien\/blog\/hien-tuong-gia-nhiet-tam-thoi-va-anh-huong-den-kha-nang-ton-tai-cua-te-bao.html\">gia nhi\u1ec7t t\u1ea1m th\u1eddi<\/a> nh\u1eb1m \u0111\u1ea3m b\u1ea3o t\u1ef7 l\u1ec7 t\u1ebf b\u00e0o s\u1ed1ng cao nh\u1ea5t. <strong>D\u1ee5ng c\u1ee5 v\u1eadn chuy\u1ec3n ThawSTAR\u00ae CFT2 cung c\u1ea5p m\u1ed9t gi\u1ea3i ph\u00e1p di \u0111\u1ed9ng \u0111\u1ec3 v\u1eadn chuy\u1ec3n c\u00e1c \u1ed1ng t\u1ebf b\u00e0o \u0111\u00f4ng s\u00e2u<\/strong> t\u1eeb b\u00ecnh l\u01b0u tr\u1eef m\u1eabu trong pha h\u01a1i nit\u01a1 l\u1ecfng ho\u1eb7c trong t\u1ee7 \u0111\u00f4ng s\u00e2u -80\u00b0C \u0111\u1ebfn n\u01a1i \u0111\u1ec3 th\u1ef1c hi\u1ec7n r\u00e3 \u0111\u00f4ng t\u1ebf b\u00e0o b\u1eb1ng m\u00e1y r\u00e3 \u0111\u00f4ng t\u1ef1 \u0111\u1ed9ng ThawSTAR\u00ae CFT2.<\/p>\n<p>H\u1ec7 th\u1ed1ng r\u00e3 \u0111\u00f4ng t\u1ebf b\u00e0o t\u1ef1 \u0111\u1ed9ng ThawSTAR\u00ae CFT2 t\u01b0\u01a1ng th\u00edch v\u1edbi nhi\u1ec1u lo\u1ea1i \u1ed1ng vial \u0111\u00f4ng l\u1ea1nh c\u00f3 th\u1ec3 t\u00edch 1,8 &#8211; 2 mL.<\/p>\n<h3><strong>C\u00e1c \u0111\u1eb7c \u0111i\u1ec3m n\u1ed5i b\u1eadt c\u1ee7a m\u00e1y\u00a0ThawSTAR\u00ae CFT2:<\/strong><\/h3>\n<ul>\n<li>Ch\u01b0\u01a1ng tr\u00ecnh r\u00e3 \u0111\u00f4ng \u0111\u01b0\u1ee3c thi\u1ebft l\u1eadp v\u1edbi ph\u01b0\u01a1ng ph\u00e1p r\u00e3 \u0111\u00f4ng \u0111\u00e3 \u0111\u01b0\u1ee3c chu\u1ea9n h\u00f3a.<\/li>\n<li>Lo\u1ea1i b\u1ecf nguy c\u01a1 nhi\u1ec5m t\u1eeb c\u00e1c thao t\u00e1c th\u1ee7 c\u00f4ng trong b\u1ec3 c\u00e1ch th\u1ee7y.<\/li>\n<li>C\u00f3 th\u1ec3 th\u1ef1c hi\u1ec7n r\u00e3 \u0111\u00f4ng t\u1ebf b\u00e0o tr\u1ef1c ti\u1ebfp trong t\u1ee7 an to\u00e0n sinh h\u1ecdc.<\/li>\n<li>Cung c\u1ea5p d\u1ee5ng c\u1ee5 (thi\u1ebft b\u1ecb) di \u0111\u1ed9ng \u0111\u1ec3 x\u1eed l\u00fd v\u00e0 v\u1eadn chuy\u1ec3n c\u00e1c \u1ed1ng \u0111\u00f4ng l\u1ea1nh, gi\u00fap gi\u1ea3m thi\u1ec3u hi\u1ec7n t\u01b0\u1ee3ng gia nhi\u1ec7t t\u1ea1m th\u1eddi.<\/li>\n<li>K\u00edch c\u1ee1 thi\u1ebft b\u1ecb nh\u1ecf g\u1ecdn v\u00e0 d\u1ec5 s\u1eed d\u1ee5ng.<\/li>\n<li>Ki\u1ec3m tra hi\u1ec7u su\u1ea5t r\u00e3 \u0111\u00f4ng c\u1ee7a thi\u1ebft b\u1ecb b\u1eb1ng \u1ed1ng x\u00e1c nh\u1eadn ThawSTAR\u00ae CFT2 v\u00e0 \u0111\u00e1nh gi\u00e1 th\u00f4ng qua t\u00e0i li\u1ec7u th\u1ea9m \u0111\u1ecbnh IOPQ.<\/li>\n<\/ul>\n<h3><strong>Th\u00f4ng tin \u0111\u1eb7t h\u00e0ng:<\/strong><\/h3>\n<ol>\n<li>M\u00e1y\u00a0ThawSTAR\u00ae CFT2 r\u00e3 \u0111\u00f4ng t\u1ebf b\u00e0o t\u1ef1 \u0111\u1ed9ng (catalog # 100-0650).<\/li>\n<li>D\u1ee5ng c\u1ee5 v\u1eadn chuy\u1ec3n ThawSTAR\u00ae CFT2 (catalog # 100-0642).<\/li>\n<li>\u1ed0ng x\u00e1c nh\u1eadn ThawSTAR\u00ae CFT2 (catalog # 100-0643).<\/li>\n<li>B\u1ed9 t\u00e0i li\u1ec7u IOPQ m\u00e1y\u00a0ThawSTAR\u00ae CFT2 (catalog # 100-0730).<\/li>\n<\/ol>\n","protected":false},"excerpt":{"rendered":"<p>M\u00e1y\u00a0ThawSTAR\u00ae CFT2 r\u00e3 \u0111\u00f4ng t\u1ebf b\u00e0o t\u1ef1 \u0111\u1ed9ng\u00a0trong \u1ed1ng vial 1,8 &#8211; 2 mL. Cho k\u1ebft qu\u1ea3 r\u00e3 \u0111\u00f4ng nh\u1ea5t qu\u00e1n, v\u00ec gi\u00fap lo\u1ea1i b\u1ecf nguy c\u01a1 nhi\u1ec5m vi sinh v\u00e0 c\u00e1c ch\u01b0\u01a1ng tr\u00ecnh, d\u1eef li\u1ec7u r\u00e3 \u0111\u00f4ng t\u1ebf b\u00e0o \u0111\u01b0\u1ee3c l\u1eadp tr\u00ecnh v\u00e0 l\u01b0u l\u1ea1i. T\u1ed5ng quan v\u1ec1 m\u00e1y\u00a0ThawSTAR\u00ae CFT2 ThawSTAR\u00ae CFT2 l\u00e0 h\u1ec7<\/p>\n<div class=\"klb-readmore post-buttons\"><a class=\"button rounded primary\" href=\"https:\/\/biogroupvietnam.com\/vi\/san-pham\/thawstar-cft2\/\">Read More <i class=\"klbth-icon-right-arrow\"><\/i><\/a><\/div>\n","protected":false},"featured_media":10217,"comment_status":"closed","ping_status":"closed","template":"","meta":{"_acf_changed":false},"product_brand":[127],"product_cat":[101],"product_tag":[],"class_list":{"0":"post-3780","1":"product","2":"type-product","3":"status-publish","4":"has-post-thumbnail","6":"product_brand-stemcell-technologies","7":"product_cat-may-ra-dong-te-bao","9":"first","10":"outofstock","11":"shipping-taxable","12":"product-type-simple"},"acf":[],"yoast_head":"<!-- This site is optimized with the Yoast SEO plugin v26.8 - https:\/\/yoast.com\/product\/yoast-seo-wordpress\/ -->\n<title>M\u00e1y ThawSTAR\u00ae CFT2 R\u00e3 \u0110\u00f4ng \u1ed0ng T\u1ebf B\u00e0o T\u1ef1 \u0110\u1ed9ng<\/title>\n<meta name=\"description\" content=\"M\u00e1y\u00a0ThawSTAR\u00ae CFT2 r\u00e3 \u0111\u00f4ng t\u1ebf b\u00e0o t\u1ef1 \u0111\u1ed9ng\u00a0trong \u1ed1ng vial 1,8 - 2 mL.\" \/>\n<meta name=\"robots\" content=\"index, follow, max-snippet:-1, max-image-preview:large, max-video-preview:-1\" \/>\n<link rel=\"canonical\" href=\"https:\/\/biogroupvietnam.com\/vi\/san-pham\/thawstar-cft2\/\" \/>\n<meta property=\"og:locale\" content=\"vi_VN\" \/>\n<meta property=\"og:type\" content=\"article\" \/>\n<meta property=\"og:title\" content=\"M\u00e1y ThawSTAR\u00ae CFT2 R\u00e3 \u0110\u00f4ng \u1ed0ng T\u1ebf B\u00e0o T\u1ef1 \u0110\u1ed9ng\" \/>\n<meta property=\"og:description\" content=\"M\u00e1y\u00a0ThawSTAR\u00ae CFT2 r\u00e3 \u0111\u00f4ng t\u1ebf b\u00e0o t\u1ef1 \u0111\u1ed9ng\u00a0trong \u1ed1ng vial 1,8 - 2 mL.\" \/>\n<meta property=\"og:url\" content=\"https:\/\/biogroupvietnam.com\/vi\/san-pham\/thawstar-cft2\/\" \/>\n<meta property=\"og:site_name\" content=\"Biogroup Vietnam\" \/>\n<meta property=\"article:modified_time\" content=\"2026-04-06T04:55:52+00:00\" \/>\n<meta property=\"og:image\" content=\"https:\/\/biogroupvietnam.com\/wp-content\/uploads\/2025\/08\/may-thawstar-cft2-ra-dong-ong-te-bao-tu-dong.jpg\" \/>\n\t<meta property=\"og:image:width\" content=\"1640\" \/>\n\t<meta property=\"og:image:height\" content=\"1260\" \/>\n\t<meta property=\"og:image:type\" content=\"image\/jpeg\" \/>\n<meta name=\"twitter:card\" content=\"summary_large_image\" \/>\n<meta name=\"twitter:label1\" content=\"\u01af\u1edbc t\u00ednh th\u1eddi gian \u0111\u1ecdc\" \/>\n\t<meta name=\"twitter:data1\" content=\"3 ph\u00fat\" \/>\n<script type=\"application\/ld+json\" class=\"yoast-schema-graph\">{\"@context\":\"https:\/\/schema.org\",\"@graph\":[{\"@type\":\"WebPage\",\"@id\":\"https:\/\/biogroupvietnam.com\/vi\/san-pham\/thawstar-cft2\/\",\"url\":\"https:\/\/biogroupvietnam.com\/vi\/san-pham\/thawstar-cft2\/\",\"name\":\"M\u00e1y ThawSTAR\u00ae CFT2 R\u00e3 \u0110\u00f4ng \u1ed0ng T\u1ebf B\u00e0o T\u1ef1 \u0110\u1ed9ng\",\"isPartOf\":{\"@id\":\"https:\/\/biogroupvietnam.com\/vi\/#website\"},\"primaryImageOfPage\":{\"@id\":\"https:\/\/biogroupvietnam.com\/vi\/san-pham\/thawstar-cft2\/#primaryimage\"},\"image\":{\"@id\":\"https:\/\/biogroupvietnam.com\/vi\/san-pham\/thawstar-cft2\/#primaryimage\"},\"thumbnailUrl\":\"https:\/\/biogroupvietnam.com\/wp-content\/uploads\/2025\/08\/may-thawstar-cft2-ra-dong-ong-te-bao-tu-dong.jpg\",\"datePublished\":\"2025-08-18T12:53:15+00:00\",\"dateModified\":\"2026-04-06T04:55:52+00:00\",\"description\":\"M\u00e1y\u00a0ThawSTAR\u00ae CFT2 r\u00e3 \u0111\u00f4ng t\u1ebf b\u00e0o t\u1ef1 \u0111\u1ed9ng\u00a0trong \u1ed1ng vial 1,8 - 2 mL.\",\"breadcrumb\":{\"@id\":\"https:\/\/biogroupvietnam.com\/vi\/san-pham\/thawstar-cft2\/#breadcrumb\"},\"inLanguage\":\"vi\",\"potentialAction\":[{\"@type\":\"ReadAction\",\"target\":[\"https:\/\/biogroupvietnam.com\/vi\/san-pham\/thawstar-cft2\/\"]}]},{\"@type\":\"ImageObject\",\"inLanguage\":\"vi\",\"@id\":\"https:\/\/biogroupvietnam.com\/vi\/san-pham\/thawstar-cft2\/#primaryimage\",\"url\":\"https:\/\/biogroupvietnam.com\/wp-content\/uploads\/2025\/08\/may-thawstar-cft2-ra-dong-ong-te-bao-tu-dong.jpg\",\"contentUrl\":\"https:\/\/biogroupvietnam.com\/wp-content\/uploads\/2025\/08\/may-thawstar-cft2-ra-dong-ong-te-bao-tu-dong.jpg\",\"width\":1640,\"height\":1260,\"caption\":\"M\u00e1y ThawSTAR\u00ae CFT2 R\u00e3 \u0110\u00f4ng \u1ed0ng T\u1ebf B\u00e0o T\u1ef1 \u0110\u1ed9ng\"},{\"@type\":\"BreadcrumbList\",\"@id\":\"https:\/\/biogroupvietnam.com\/vi\/san-pham\/thawstar-cft2\/#breadcrumb\",\"itemListElement\":[{\"@type\":\"ListItem\",\"position\":1,\"name\":\"Trang ch\u1ee7\",\"item\":\"https:\/\/biogroupvietnam.com\/vi\/\"},{\"@type\":\"ListItem\",\"position\":2,\"name\":\"S\u1ea3n ph\u1ea9m\",\"item\":\"https:\/\/biogroupvietnam.com\/vi\/san-pham\/\"},{\"@type\":\"ListItem\",\"position\":3,\"name\":\"B\u1ea3o Qu\u1ea3n L\u1ea1nh T\u1ebf B\u00e0o\",\"item\":\"https:\/\/biogroupvietnam.com\/vi\/danh-muc-san-pham\/bao-quan-lanh-te-bao\/\"},{\"@type\":\"ListItem\",\"position\":4,\"name\":\"M\u00e1y R\u00e3 \u0110\u00f4ng T\u1ebf B\u00e0o\",\"item\":\"https:\/\/biogroupvietnam.com\/vi\/danh-muc-san-pham\/may-ra-dong-te-bao\/\"},{\"@type\":\"ListItem\",\"position\":5,\"name\":\"M\u00e1y ThawSTAR\u00ae CFT2 R\u00e3 \u0110\u00f4ng \u1ed0ng T\u1ebf B\u00e0o T\u1ef1 \u0110\u1ed9ng\"}]},{\"@type\":\"WebSite\",\"@id\":\"https:\/\/biogroupvietnam.com\/vi\/#website\",\"url\":\"https:\/\/biogroupvietnam.com\/vi\/\",\"name\":\"Biogroup Vietnam\",\"description\":\"Biogroup Vietnam cung c\u1ea5p d\u1ecbch v\u1ee5 k\u1ef9 thu\u1eadt c\u00f9ng thi\u1ebft b\u1ecb, v\u1eadt t\u01b0, h\u00f3a ch\u1ea5t v\u00e0 gi\u1ea3i ph\u00e1p sinh h\u1ecdc cho ph\u00f2ng th\u00ed nghi\u1ec7m c\u00f4ng ngh\u1ec7 sinh h\u1ecdc, y sinh v\u00e0 y h\u1ecdc t\u00e1i t\u1ea1o.\",\"potentialAction\":[{\"@type\":\"SearchAction\",\"target\":{\"@type\":\"EntryPoint\",\"urlTemplate\":\"https:\/\/biogroupvietnam.com\/vi\/?s={search_term_string}\"},\"query-input\":{\"@type\":\"PropertyValueSpecification\",\"valueRequired\":true,\"valueName\":\"search_term_string\"}}],\"inLanguage\":\"vi\"}]}<\/script>\n<!-- \/ Yoast SEO plugin. -->","yoast_head_json":{"title":"M\u00e1y ThawSTAR\u00ae CFT2 R\u00e3 \u0110\u00f4ng \u1ed0ng T\u1ebf B\u00e0o T\u1ef1 \u0110\u1ed9ng","description":"M\u00e1y\u00a0ThawSTAR\u00ae CFT2 r\u00e3 \u0111\u00f4ng t\u1ebf b\u00e0o t\u1ef1 \u0111\u1ed9ng\u00a0trong \u1ed1ng vial 1,8 - 2 mL.","robots":{"index":"index","follow":"follow","max-snippet":"max-snippet:-1","max-image-preview":"max-image-preview:large","max-video-preview":"max-video-preview:-1"},"canonical":"https:\/\/biogroupvietnam.com\/vi\/san-pham\/thawstar-cft2\/","og_locale":"vi_VN","og_type":"article","og_title":"M\u00e1y ThawSTAR\u00ae CFT2 R\u00e3 \u0110\u00f4ng \u1ed0ng T\u1ebf B\u00e0o T\u1ef1 \u0110\u1ed9ng","og_description":"M\u00e1y\u00a0ThawSTAR\u00ae CFT2 r\u00e3 \u0111\u00f4ng t\u1ebf b\u00e0o t\u1ef1 \u0111\u1ed9ng\u00a0trong \u1ed1ng vial 1,8 - 2 mL.","og_url":"https:\/\/biogroupvietnam.com\/vi\/san-pham\/thawstar-cft2\/","og_site_name":"Biogroup Vietnam","article_modified_time":"2026-04-06T04:55:52+00:00","og_image":[{"width":1640,"height":1260,"url":"https:\/\/biogroupvietnam.com\/wp-content\/uploads\/2025\/08\/may-thawstar-cft2-ra-dong-ong-te-bao-tu-dong.jpg","type":"image\/jpeg"}],"twitter_card":"summary_large_image","twitter_misc":{"\u01af\u1edbc t\u00ednh th\u1eddi gian \u0111\u1ecdc":"3 ph\u00fat"},"schema":{"@context":"https:\/\/schema.org","@graph":[{"@type":"WebPage","@id":"https:\/\/biogroupvietnam.com\/vi\/san-pham\/thawstar-cft2\/","url":"https:\/\/biogroupvietnam.com\/vi\/san-pham\/thawstar-cft2\/","name":"M\u00e1y ThawSTAR\u00ae CFT2 R\u00e3 \u0110\u00f4ng \u1ed0ng T\u1ebf B\u00e0o T\u1ef1 \u0110\u1ed9ng","isPartOf":{"@id":"https:\/\/biogroupvietnam.com\/vi\/#website"},"primaryImageOfPage":{"@id":"https:\/\/biogroupvietnam.com\/vi\/san-pham\/thawstar-cft2\/#primaryimage"},"image":{"@id":"https:\/\/biogroupvietnam.com\/vi\/san-pham\/thawstar-cft2\/#primaryimage"},"thumbnailUrl":"https:\/\/biogroupvietnam.com\/wp-content\/uploads\/2025\/08\/may-thawstar-cft2-ra-dong-ong-te-bao-tu-dong.jpg","datePublished":"2025-08-18T12:53:15+00:00","dateModified":"2026-04-06T04:55:52+00:00","description":"M\u00e1y\u00a0ThawSTAR\u00ae CFT2 r\u00e3 \u0111\u00f4ng t\u1ebf b\u00e0o t\u1ef1 \u0111\u1ed9ng\u00a0trong \u1ed1ng vial 1,8 - 2 mL.","breadcrumb":{"@id":"https:\/\/biogroupvietnam.com\/vi\/san-pham\/thawstar-cft2\/#breadcrumb"},"inLanguage":"vi","potentialAction":[{"@type":"ReadAction","target":["https:\/\/biogroupvietnam.com\/vi\/san-pham\/thawstar-cft2\/"]}]},{"@type":"ImageObject","inLanguage":"vi","@id":"https:\/\/biogroupvietnam.com\/vi\/san-pham\/thawstar-cft2\/#primaryimage","url":"https:\/\/biogroupvietnam.com\/wp-content\/uploads\/2025\/08\/may-thawstar-cft2-ra-dong-ong-te-bao-tu-dong.jpg","contentUrl":"https:\/\/biogroupvietnam.com\/wp-content\/uploads\/2025\/08\/may-thawstar-cft2-ra-dong-ong-te-bao-tu-dong.jpg","width":1640,"height":1260,"caption":"M\u00e1y ThawSTAR\u00ae CFT2 R\u00e3 \u0110\u00f4ng \u1ed0ng T\u1ebf B\u00e0o T\u1ef1 \u0110\u1ed9ng"},{"@type":"BreadcrumbList","@id":"https:\/\/biogroupvietnam.com\/vi\/san-pham\/thawstar-cft2\/#breadcrumb","itemListElement":[{"@type":"ListItem","position":1,"name":"Trang ch\u1ee7","item":"https:\/\/biogroupvietnam.com\/vi\/"},{"@type":"ListItem","position":2,"name":"S\u1ea3n ph\u1ea9m","item":"https:\/\/biogroupvietnam.com\/vi\/san-pham\/"},{"@type":"ListItem","position":3,"name":"B\u1ea3o Qu\u1ea3n L\u1ea1nh T\u1ebf B\u00e0o","item":"https:\/\/biogroupvietnam.com\/vi\/danh-muc-san-pham\/bao-quan-lanh-te-bao\/"},{"@type":"ListItem","position":4,"name":"M\u00e1y R\u00e3 \u0110\u00f4ng T\u1ebf B\u00e0o","item":"https:\/\/biogroupvietnam.com\/vi\/danh-muc-san-pham\/may-ra-dong-te-bao\/"},{"@type":"ListItem","position":5,"name":"M\u00e1y ThawSTAR\u00ae CFT2 R\u00e3 \u0110\u00f4ng \u1ed0ng T\u1ebf B\u00e0o T\u1ef1 \u0110\u1ed9ng"}]},{"@type":"WebSite","@id":"https:\/\/biogroupvietnam.com\/vi\/#website","url":"https:\/\/biogroupvietnam.com\/vi\/","name":"Biogroup Vietnam","description":"Biogroup Vietnam cung c\u1ea5p d\u1ecbch v\u1ee5 k\u1ef9 thu\u1eadt c\u00f9ng thi\u1ebft b\u1ecb, v\u1eadt t\u01b0, h\u00f3a ch\u1ea5t v\u00e0 gi\u1ea3i ph\u00e1p sinh h\u1ecdc cho ph\u00f2ng th\u00ed nghi\u1ec7m c\u00f4ng ngh\u1ec7 sinh h\u1ecdc, y sinh v\u00e0 y h\u1ecdc t\u00e1i t\u1ea1o.","potentialAction":[{"@type":"SearchAction","target":{"@type":"EntryPoint","urlTemplate":"https:\/\/biogroupvietnam.com\/vi\/?s={search_term_string}"},"query-input":{"@type":"PropertyValueSpecification","valueRequired":true,"valueName":"search_term_string"}}],"inLanguage":"vi"}]}},"_links":{"self":[{"href":"https:\/\/biogroupvietnam.com\/vi\/wp-json\/wp\/v2\/product\/3780","targetHints":{"allow":["GET"]}}],"collection":[{"href":"https:\/\/biogroupvietnam.com\/vi\/wp-json\/wp\/v2\/product"}],"about":[{"href":"https:\/\/biogroupvietnam.com\/vi\/wp-json\/wp\/v2\/types\/product"}],"replies":[{"embeddable":true,"href":"https:\/\/biogroupvietnam.com\/vi\/wp-json\/wp\/v2\/comments?post=3780"}],"version-history":[{"count":4,"href":"https:\/\/biogroupvietnam.com\/vi\/wp-json\/wp\/v2\/product\/3780\/revisions"}],"predecessor-version":[{"id":10218,"href":"https:\/\/biogroupvietnam.com\/vi\/wp-json\/wp\/v2\/product\/3780\/revisions\/10218"}],"wp:featuredmedia":[{"embeddable":true,"href":"https:\/\/biogroupvietnam.com\/vi\/wp-json\/wp\/v2\/media\/10217"}],"wp:attachment":[{"href":"https:\/\/biogroupvietnam.com\/vi\/wp-json\/wp\/v2\/media?parent=3780"}],"wp:term":[{"taxonomy":"product_brand","embeddable":true,"href":"https:\/\/biogroupvietnam.com\/vi\/wp-json\/wp\/v2\/product_brand?post=3780"},{"taxonomy":"product_cat","embeddable":true,"href":"https:\/\/biogroupvietnam.com\/vi\/wp-json\/wp\/v2\/product_cat?post=3780"},{"taxonomy":"product_tag","embeddable":true,"href":"https:\/\/biogroupvietnam.com\/vi\/wp-json\/wp\/v2\/product_tag?post=3780"}],"curies":[{"name":"wp","href":"https:\/\/api.w.org\/{rel}","templated":true}]}}