{"id":3781,"date":"2025-08-18T19:53:15","date_gmt":"2025-08-18T12:53:15","guid":{"rendered":"http:\/\/biogroupvietnam-worldpress.local\/product\/import-placeholder-for-107\/"},"modified":"2026-01-12T17:14:14","modified_gmt":"2026-01-12T10:14:14","slug":"binh-dura-cyl","status":"publish","type":"product","link":"https:\/\/biogroupvietnam.com\/vi\/san-pham\/binh-dura-cyl\/","title":{"rendered":"B\u00ecnh C\u1ea5p Nit\u01a1 L\u1ecfng \u00c1p Th\u1ea5p Dura-Cyl"},"content":{"rendered":"<p style=\"text-align: justify;\">D\u00f2ng b\u00ecnh Dura-Cyl l\u00e0 d\u00f2ng b\u00ecnh cao c\u1ea5p \u0111\u01b0\u1ee3c d\u00f9ng \u0111\u1ec3 c\u1ea5p\u00a0nit\u01a1 l\u1ecfng\u00a0cho cho c\u00e1c b\u00ecnh\u00a0l\u01b0u tr\u1eef m\u1eabu sinh h\u1ecdc.<\/p>\n<p>Thi\u1ebft k\u1ebf h\u1ec7 th\u1ed1ng h\u1ed7 tr\u1ee3 b\u00ean trong \u0111\u00e3 \u0111\u01b0\u1ee3c c\u1ea5p b\u1eb1ng s\u00e1ng ch\u1ebf v\u00e0 k\u1ebft c\u1ea5u ch\u1ea5t l\u01b0\u1ee3ng l\u00e0m cho d\u00f2ng Dura-Cyl tr\u1edf th\u00e0nh b\u00ecnh ch\u1ee9a nit\u01a1 l\u1ecfng hi\u1ec7u qu\u1ea3, b\u1ec1n nh\u1ea5t tr\u00ean th\u1ecb tr\u01b0\u1eddng hi\u1ec7n nay. C\u00f9ng v\u1edbi b\u1ed9 \u0111i\u1ec1u khi\u1ec3n b\u00ecnh nit\u01a1 l\u1ecfng (LCCM) \u0111\u00e3 \u0111\u01b0\u1ee3c c\u1ea5p b\u1eb1ng s\u00e1ng ch\u1ebf c\u1ee7a MVE, d\u00f2ng b\u00ecnh Dura-Cyl c\u0169ng l\u00e0 b\u00ecnh ch\u1ee9a nit\u01a1 l\u1ecfng th\u00e2n thi\u1ec7n v\u1edbi ng\u01b0\u1eddi d\u00f9ng nh\u1ea5t hi\u1ec7n c\u00f3. Th\u00eam v\u00e0o \u0111\u00f3, vi\u1ec7c b\u1ea3o h\u00e0nh ch\u00e2n kh\u00f4ng 5 n\u0103m s\u1ebd gi\u00fap ng\u01b0\u1eddi d\u00f9ng c\u00f3 \u0111\u01b0\u1ee3c chi ph\u00ed \u0111\u1ea7u t\u01b0 th\u1ea5p nh\u1ea5t.<\/p>\n<h3><strong>C\u00e1c \u0111\u1eb7c \u0111i\u1ec3m n\u1ed5i b\u1eadt c\u1ee7a d\u00f2ng b\u00ecnh ch\u1ee9a nit\u01a1 l\u1ecfng Dura-Cyl<\/strong><\/h3>\n<ul>\n<li>Ph\u00f9 h\u1ee3p \u0111\u1ec3 ch\u1ee9a nit\u01a1 l\u1ecfng cung c\u1ea5p t\u1ef1 \u0111\u1ed9ng cho c\u00e1c b\u00ecnh nit\u01a1 l\u01b0u tr\u1eef m\u1eabu sinh h\u1ecdc\u00a0nh\u01b0: <a href=\"https:\/\/biogroupvietnam.com\/vi\/products\/xu-ly-va-luu-tru-te-bao\/luu-tru-mau-trong-nito-long\/binh-mve-heco-800-luu-tru-mau.html\">MVE HEco\u2122 800<\/a>, <a href=\"https:\/\/biogroupvietnam.com\/vi\/products\/xu-ly-va-luu-tru-te-bao\/luu-tru-mau-trong-nito-long\/binh-mve-heco-1500-luu-tru-mau.html\">MVE HEco\u2122 1500<\/a>,\u00a0MVE Fusion\u00ae, MVE Vari\u014d\u00ae &amp; <a href=\"https:\/\/biogroupvietnam.com\/vi\/products\/xu-ly-va-luu-tru-te-bao\/luu-tru-mau-trong-nito-long\/binh-mve-cryosystem-6000-full-auto.html\">CryoSystem<\/a>, \u2026<\/li>\n<li>C\u00f3 c\u00e1c k\u00edch th\u01b0\u1edbc b\u00ecnh v\u1edbi c\u00e1c th\u1ec3 t\u00edch ch\u1ee9a nit\u01a1 l\u1ecfng kh\u00e1c nhau.<\/li>\n<li>K\u1ebft c\u1ea5u b\u1eb1ng th\u00e9p kh\u00f4ng g\u1ec9.<\/li>\n<li>Thi\u1ebft k\u1ebf v\u1ecf ngo\u00e0i d\u00e0y, ch\u1ed1ng m\u00f3p.<\/li>\n<li>H\u1ec7 th\u1ed1ng h\u1ed7 tr\u1ee3 b\u00ean trong b\u1ec1n, \u0111\u01b0\u1ee3c c\u1ea5p b\u1eb1ng s\u00e1ng ch\u1ebf.<\/li>\n<li>V\u00f2ng thao t\u00e1c v\u1eadn chuy\u1ec3n b\u1eb1ng tay \u0111\u01b0\u1eddng k\u00ednh l\u1edbn v\u1edbi b\u1ed1n gi\u00e1 \u0111\u1ee1.<\/li>\n<li>B\u1ed9 \u0111i\u1ec1u khi\u1ec3n b\u00ecnh nit\u01a1 l\u1ecfng (Liquid Cylinder Control Manifold &#8211; LCCM) (d\u00e0nh cho d\u00f2ng MP, HP, VHP).<\/li>\n<li>C\u00f3 \u0111\u1ed3ng h\u1ed3 \u0111i\u1ec7n t\u1eed \u0111\u1ec3 \u0111o m\u1ef1c nit\u01a1 trong b\u00ecnh.<\/li>\n<li>B\u00ecnh \u0111\u01b0\u1ee3c trang b\u1ecb s\u1eb5n B\u1ed9 t\u0103ng \u00e1p PB Reg Kit \u2013 t\u0103ng \u00e1p l\u1ef1c \u0111\u1ea9y nit\u01a1 l\u1ecfng.<\/li>\n<\/ul>\n<h3><strong>Th\u00f4ng tin \u0111\u1eb7t h\u00e0ng<\/strong><\/h3>\n<ol>\n<li>B\u00ecnh ch\u1ee9a nit\u01a1 l\u1ecfng CRYO-CYL 50 (m\u00e3 s\u1ed1: 10980663). 50 LITER 22 PSI LIQUID DELIVERY (NON CODED)<\/li>\n<li>B\u00ecnh ch\u1ee9a nit\u01a1 l\u1ecfng Dura-Cyl 120LP W\/LP PB REG (m\u00e3 s\u1ed1: 21524496)<\/li>\n<li>B\u00ecnh ch\u1ee9a nit\u01a1 l\u1ecfng Dura-Cyl 180LP W\/LP PB REG (m\u00e3 s\u1ed1: 21524497)<\/li>\n<li><strong>B\u00ecnh ch\u1ee9a nit\u01a1 l\u1ecfng Dura-Cyl 230LP RB W\/LP PB REG<\/strong> (m\u00e3 s\u1ed1: 21524498)<\/li>\n<\/ol>\n<h3>Th\u00f4ng s\u1ed1 k\u1ef9 thu\u1eadt c\u1ee7a b\u00ecnh Dura-Cyl 230LP<\/h3>\n<ol>\n<li>Dung t\u00edch ch\u1ee9a nit\u01a1 (gross): 240 l\u00edt<\/li>\n<li>Dung t\u00edch ch\u1ee9a nit\u01a1 (net): 230 l\u00edt<\/li>\n<li>L\u01b0\u1ee3ng nit\u01a1 bay h\u01a1i m\u1ed7i ng\u00e0y: 1.5%\/ng\u00e0y<\/li>\n<li>\u0110\u01b0\u1eddng k\u00ednh c\u1ee7a b\u00ecnh: 66 cm<\/li>\n<li>Chi\u1ec1u cao c\u1ee7a b\u00ecnh: 145.3 cm<\/li>\n<li>Tr\u1ecdng l\u01b0\u1ee3ng b\u00ecnh r\u1ed7ng: 134.3 kg<\/li>\n<li>\u00c1p su\u1ea5t b\u00ecnh: 22 psig\/1.5 barg<\/li>\n<li>DOT\/TC Rating: 4L100<\/li>\n<\/ol>\n","protected":false},"excerpt":{"rendered":"<p>D\u00f2ng b\u00ecnh Dura-Cyl l\u00e0 d\u00f2ng b\u00ecnh cao c\u1ea5p \u0111\u01b0\u1ee3c d\u00f9ng \u0111\u1ec3 c\u1ea5p\u00a0nit\u01a1 l\u1ecfng\u00a0cho cho c\u00e1c b\u00ecnh\u00a0l\u01b0u tr\u1eef m\u1eabu sinh h\u1ecdc. Thi\u1ebft k\u1ebf h\u1ec7 th\u1ed1ng h\u1ed7 tr\u1ee3 b\u00ean trong \u0111\u00e3 \u0111\u01b0\u1ee3c c\u1ea5p b\u1eb1ng s\u00e1ng ch\u1ebf v\u00e0 k\u1ebft c\u1ea5u ch\u1ea5t l\u01b0\u1ee3ng l\u00e0m cho d\u00f2ng Dura-Cyl tr\u1edf th\u00e0nh b\u00ecnh ch\u1ee9a nit\u01a1 l\u1ecfng hi\u1ec7u qu\u1ea3, b\u1ec1n nh\u1ea5t tr\u00ean th\u1ecb<\/p>\n<div class=\"klb-readmore post-buttons\"><a class=\"button rounded primary\" href=\"https:\/\/biogroupvietnam.com\/vi\/san-pham\/binh-dura-cyl\/\">Read More <i class=\"klbth-icon-right-arrow\"><\/i><\/a><\/div>\n","protected":false},"featured_media":9053,"comment_status":"closed","ping_status":"closed","template":"","meta":{"_acf_changed":false},"product_brand":[128],"product_cat":[98],"product_tag":[],"class_list":{"0":"post-3781","1":"product","2":"type-product","3":"status-publish","4":"has-post-thumbnail","6":"product_brand-mve-biological-solutions","7":"product_cat-binh-cap-nito-long","9":"first","10":"outofstock","11":"shipping-taxable","12":"product-type-simple"},"acf":[],"yoast_head":"<!-- This site is optimized with the Yoast SEO plugin v26.8 - https:\/\/yoast.com\/product\/yoast-seo-wordpress\/ -->\n<title>B\u00ecnh C\u1ea5p Nit\u01a1 L\u1ecfng \u00c1p Th\u1ea5p Dura-Cyl<\/title>\n<meta name=\"description\" content=\"D\u00f2ng b\u00ecnh c\u1ea5p nit\u01a1 l\u1ecfng \u00e1p th\u1ea5p Dura-Cyl l\u00e0 d\u00f2ng b\u00ecnh cao c\u1ea5p \u0111\u01b0\u1ee3c d\u00f9ng \u0111\u1ec3 c\u1ea5p\u00a0nit\u01a1 l\u1ecfng\u00a0cho cho c\u00e1c b\u00ecnh\u00a0l\u01b0u tr\u1eef m\u1eabu sinh h\u1ecdc.\" \/>\n<meta name=\"robots\" content=\"index, follow, max-snippet:-1, max-image-preview:large, max-video-preview:-1\" \/>\n<link rel=\"canonical\" href=\"https:\/\/biogroupvietnam.com\/vi\/san-pham\/binh-dura-cyl\/\" \/>\n<meta property=\"og:locale\" content=\"vi_VN\" \/>\n<meta property=\"og:type\" content=\"article\" \/>\n<meta property=\"og:title\" content=\"B\u00ecnh C\u1ea5p Nit\u01a1 L\u1ecfng \u00c1p Th\u1ea5p Dura-Cyl\" \/>\n<meta property=\"og:description\" content=\"D\u00f2ng b\u00ecnh c\u1ea5p nit\u01a1 l\u1ecfng \u00e1p th\u1ea5p Dura-Cyl l\u00e0 d\u00f2ng b\u00ecnh cao c\u1ea5p \u0111\u01b0\u1ee3c d\u00f9ng \u0111\u1ec3 c\u1ea5p\u00a0nit\u01a1 l\u1ecfng\u00a0cho cho c\u00e1c b\u00ecnh\u00a0l\u01b0u tr\u1eef m\u1eabu sinh h\u1ecdc.\" \/>\n<meta property=\"og:url\" content=\"https:\/\/biogroupvietnam.com\/vi\/san-pham\/binh-dura-cyl\/\" \/>\n<meta property=\"og:site_name\" content=\"Biogroup Vietnam\" \/>\n<meta property=\"article:modified_time\" content=\"2026-01-12T10:14:14+00:00\" \/>\n<meta property=\"og:image\" content=\"https:\/\/biogroupvietnam.com\/wp-content\/uploads\/2025\/08\/Dura-Cyl.jpg\" \/>\n\t<meta property=\"og:image:width\" content=\"1640\" \/>\n\t<meta property=\"og:image:height\" content=\"1260\" \/>\n\t<meta property=\"og:image:type\" content=\"image\/jpeg\" \/>\n<meta name=\"twitter:card\" content=\"summary_large_image\" \/>\n<meta name=\"twitter:label1\" content=\"\u01af\u1edbc t\u00ednh th\u1eddi gian \u0111\u1ecdc\" \/>\n\t<meta name=\"twitter:data1\" content=\"3 ph\u00fat\" \/>\n<script type=\"application\/ld+json\" class=\"yoast-schema-graph\">{\"@context\":\"https:\/\/schema.org\",\"@graph\":[{\"@type\":\"WebPage\",\"@id\":\"https:\/\/biogroupvietnam.com\/vi\/san-pham\/binh-dura-cyl\/\",\"url\":\"https:\/\/biogroupvietnam.com\/vi\/san-pham\/binh-dura-cyl\/\",\"name\":\"B\u00ecnh C\u1ea5p Nit\u01a1 L\u1ecfng \u00c1p Th\u1ea5p Dura-Cyl\",\"isPartOf\":{\"@id\":\"https:\/\/biogroupvietnam.com\/vi\/#website\"},\"primaryImageOfPage\":{\"@id\":\"https:\/\/biogroupvietnam.com\/vi\/san-pham\/binh-dura-cyl\/#primaryimage\"},\"image\":{\"@id\":\"https:\/\/biogroupvietnam.com\/vi\/san-pham\/binh-dura-cyl\/#primaryimage\"},\"thumbnailUrl\":\"https:\/\/biogroupvietnam.com\/wp-content\/uploads\/2025\/08\/Dura-Cyl.jpg\",\"datePublished\":\"2025-08-18T12:53:15+00:00\",\"dateModified\":\"2026-01-12T10:14:14+00:00\",\"description\":\"D\u00f2ng b\u00ecnh c\u1ea5p nit\u01a1 l\u1ecfng \u00e1p th\u1ea5p Dura-Cyl l\u00e0 d\u00f2ng b\u00ecnh cao c\u1ea5p \u0111\u01b0\u1ee3c d\u00f9ng \u0111\u1ec3 c\u1ea5p\u00a0nit\u01a1 l\u1ecfng\u00a0cho cho c\u00e1c b\u00ecnh\u00a0l\u01b0u tr\u1eef m\u1eabu sinh h\u1ecdc.\",\"breadcrumb\":{\"@id\":\"https:\/\/biogroupvietnam.com\/vi\/san-pham\/binh-dura-cyl\/#breadcrumb\"},\"inLanguage\":\"vi\",\"potentialAction\":[{\"@type\":\"ReadAction\",\"target\":[\"https:\/\/biogroupvietnam.com\/vi\/san-pham\/binh-dura-cyl\/\"]}]},{\"@type\":\"ImageObject\",\"inLanguage\":\"vi\",\"@id\":\"https:\/\/biogroupvietnam.com\/vi\/san-pham\/binh-dura-cyl\/#primaryimage\",\"url\":\"https:\/\/biogroupvietnam.com\/wp-content\/uploads\/2025\/08\/Dura-Cyl.jpg\",\"contentUrl\":\"https:\/\/biogroupvietnam.com\/wp-content\/uploads\/2025\/08\/Dura-Cyl.jpg\",\"width\":1640,\"height\":1260},{\"@type\":\"BreadcrumbList\",\"@id\":\"https:\/\/biogroupvietnam.com\/vi\/san-pham\/binh-dura-cyl\/#breadcrumb\",\"itemListElement\":[{\"@type\":\"ListItem\",\"position\":1,\"name\":\"Trang ch\u1ee7\",\"item\":\"https:\/\/biogroupvietnam.com\/vi\/\"},{\"@type\":\"ListItem\",\"position\":2,\"name\":\"S\u1ea3n ph\u1ea9m\",\"item\":\"https:\/\/biogroupvietnam.com\/vi\/san-pham\/\"},{\"@type\":\"ListItem\",\"position\":3,\"name\":\"B\u1ea3o Qu\u1ea3n L\u1ea1nh T\u1ebf B\u00e0o\",\"item\":\"https:\/\/biogroupvietnam.com\/vi\/danh-muc-san-pham\/bao-quan-lanh-te-bao\/\"},{\"@type\":\"ListItem\",\"position\":4,\"name\":\"B\u00ecnh C\u1ea5p Nit\u01a1 L\u1ecfng\",\"item\":\"https:\/\/biogroupvietnam.com\/vi\/danh-muc-san-pham\/binh-cap-nito-long\/\"},{\"@type\":\"ListItem\",\"position\":5,\"name\":\"B\u00ecnh C\u1ea5p Nit\u01a1 L\u1ecfng \u00c1p Th\u1ea5p Dura-Cyl\"}]},{\"@type\":\"WebSite\",\"@id\":\"https:\/\/biogroupvietnam.com\/vi\/#website\",\"url\":\"https:\/\/biogroupvietnam.com\/vi\/\",\"name\":\"Biogroup Vietnam\",\"description\":\"Biogroup Vietnam cung c\u1ea5p d\u1ecbch v\u1ee5 k\u1ef9 thu\u1eadt c\u00f9ng thi\u1ebft b\u1ecb, v\u1eadt t\u01b0, h\u00f3a ch\u1ea5t v\u00e0 gi\u1ea3i ph\u00e1p sinh h\u1ecdc cho ph\u00f2ng th\u00ed nghi\u1ec7m c\u00f4ng ngh\u1ec7 sinh h\u1ecdc, y sinh v\u00e0 y h\u1ecdc t\u00e1i t\u1ea1o.\",\"potentialAction\":[{\"@type\":\"SearchAction\",\"target\":{\"@type\":\"EntryPoint\",\"urlTemplate\":\"https:\/\/biogroupvietnam.com\/vi\/?s={search_term_string}\"},\"query-input\":{\"@type\":\"PropertyValueSpecification\",\"valueRequired\":true,\"valueName\":\"search_term_string\"}}],\"inLanguage\":\"vi\"}]}<\/script>\n<!-- \/ Yoast SEO plugin. -->","yoast_head_json":{"title":"B\u00ecnh C\u1ea5p Nit\u01a1 L\u1ecfng \u00c1p Th\u1ea5p Dura-Cyl","description":"D\u00f2ng b\u00ecnh c\u1ea5p nit\u01a1 l\u1ecfng \u00e1p th\u1ea5p Dura-Cyl l\u00e0 d\u00f2ng b\u00ecnh cao c\u1ea5p \u0111\u01b0\u1ee3c d\u00f9ng \u0111\u1ec3 c\u1ea5p\u00a0nit\u01a1 l\u1ecfng\u00a0cho cho c\u00e1c b\u00ecnh\u00a0l\u01b0u tr\u1eef m\u1eabu sinh h\u1ecdc.","robots":{"index":"index","follow":"follow","max-snippet":"max-snippet:-1","max-image-preview":"max-image-preview:large","max-video-preview":"max-video-preview:-1"},"canonical":"https:\/\/biogroupvietnam.com\/vi\/san-pham\/binh-dura-cyl\/","og_locale":"vi_VN","og_type":"article","og_title":"B\u00ecnh C\u1ea5p Nit\u01a1 L\u1ecfng \u00c1p Th\u1ea5p Dura-Cyl","og_description":"D\u00f2ng b\u00ecnh c\u1ea5p nit\u01a1 l\u1ecfng \u00e1p th\u1ea5p Dura-Cyl l\u00e0 d\u00f2ng b\u00ecnh cao c\u1ea5p \u0111\u01b0\u1ee3c d\u00f9ng \u0111\u1ec3 c\u1ea5p\u00a0nit\u01a1 l\u1ecfng\u00a0cho cho c\u00e1c b\u00ecnh\u00a0l\u01b0u tr\u1eef m\u1eabu sinh h\u1ecdc.","og_url":"https:\/\/biogroupvietnam.com\/vi\/san-pham\/binh-dura-cyl\/","og_site_name":"Biogroup Vietnam","article_modified_time":"2026-01-12T10:14:14+00:00","og_image":[{"width":1640,"height":1260,"url":"https:\/\/biogroupvietnam.com\/wp-content\/uploads\/2025\/08\/Dura-Cyl.jpg","type":"image\/jpeg"}],"twitter_card":"summary_large_image","twitter_misc":{"\u01af\u1edbc t\u00ednh th\u1eddi gian \u0111\u1ecdc":"3 ph\u00fat"},"schema":{"@context":"https:\/\/schema.org","@graph":[{"@type":"WebPage","@id":"https:\/\/biogroupvietnam.com\/vi\/san-pham\/binh-dura-cyl\/","url":"https:\/\/biogroupvietnam.com\/vi\/san-pham\/binh-dura-cyl\/","name":"B\u00ecnh C\u1ea5p Nit\u01a1 L\u1ecfng \u00c1p Th\u1ea5p Dura-Cyl","isPartOf":{"@id":"https:\/\/biogroupvietnam.com\/vi\/#website"},"primaryImageOfPage":{"@id":"https:\/\/biogroupvietnam.com\/vi\/san-pham\/binh-dura-cyl\/#primaryimage"},"image":{"@id":"https:\/\/biogroupvietnam.com\/vi\/san-pham\/binh-dura-cyl\/#primaryimage"},"thumbnailUrl":"https:\/\/biogroupvietnam.com\/wp-content\/uploads\/2025\/08\/Dura-Cyl.jpg","datePublished":"2025-08-18T12:53:15+00:00","dateModified":"2026-01-12T10:14:14+00:00","description":"D\u00f2ng b\u00ecnh c\u1ea5p nit\u01a1 l\u1ecfng \u00e1p th\u1ea5p Dura-Cyl l\u00e0 d\u00f2ng b\u00ecnh cao c\u1ea5p \u0111\u01b0\u1ee3c d\u00f9ng \u0111\u1ec3 c\u1ea5p\u00a0nit\u01a1 l\u1ecfng\u00a0cho cho c\u00e1c b\u00ecnh\u00a0l\u01b0u tr\u1eef m\u1eabu sinh h\u1ecdc.","breadcrumb":{"@id":"https:\/\/biogroupvietnam.com\/vi\/san-pham\/binh-dura-cyl\/#breadcrumb"},"inLanguage":"vi","potentialAction":[{"@type":"ReadAction","target":["https:\/\/biogroupvietnam.com\/vi\/san-pham\/binh-dura-cyl\/"]}]},{"@type":"ImageObject","inLanguage":"vi","@id":"https:\/\/biogroupvietnam.com\/vi\/san-pham\/binh-dura-cyl\/#primaryimage","url":"https:\/\/biogroupvietnam.com\/wp-content\/uploads\/2025\/08\/Dura-Cyl.jpg","contentUrl":"https:\/\/biogroupvietnam.com\/wp-content\/uploads\/2025\/08\/Dura-Cyl.jpg","width":1640,"height":1260},{"@type":"BreadcrumbList","@id":"https:\/\/biogroupvietnam.com\/vi\/san-pham\/binh-dura-cyl\/#breadcrumb","itemListElement":[{"@type":"ListItem","position":1,"name":"Trang ch\u1ee7","item":"https:\/\/biogroupvietnam.com\/vi\/"},{"@type":"ListItem","position":2,"name":"S\u1ea3n ph\u1ea9m","item":"https:\/\/biogroupvietnam.com\/vi\/san-pham\/"},{"@type":"ListItem","position":3,"name":"B\u1ea3o Qu\u1ea3n L\u1ea1nh T\u1ebf B\u00e0o","item":"https:\/\/biogroupvietnam.com\/vi\/danh-muc-san-pham\/bao-quan-lanh-te-bao\/"},{"@type":"ListItem","position":4,"name":"B\u00ecnh C\u1ea5p Nit\u01a1 L\u1ecfng","item":"https:\/\/biogroupvietnam.com\/vi\/danh-muc-san-pham\/binh-cap-nito-long\/"},{"@type":"ListItem","position":5,"name":"B\u00ecnh C\u1ea5p Nit\u01a1 L\u1ecfng \u00c1p Th\u1ea5p Dura-Cyl"}]},{"@type":"WebSite","@id":"https:\/\/biogroupvietnam.com\/vi\/#website","url":"https:\/\/biogroupvietnam.com\/vi\/","name":"Biogroup Vietnam","description":"Biogroup Vietnam cung c\u1ea5p d\u1ecbch v\u1ee5 k\u1ef9 thu\u1eadt c\u00f9ng thi\u1ebft b\u1ecb, v\u1eadt t\u01b0, h\u00f3a ch\u1ea5t v\u00e0 gi\u1ea3i ph\u00e1p sinh h\u1ecdc cho ph\u00f2ng th\u00ed nghi\u1ec7m c\u00f4ng ngh\u1ec7 sinh h\u1ecdc, y sinh v\u00e0 y h\u1ecdc t\u00e1i t\u1ea1o.","potentialAction":[{"@type":"SearchAction","target":{"@type":"EntryPoint","urlTemplate":"https:\/\/biogroupvietnam.com\/vi\/?s={search_term_string}"},"query-input":{"@type":"PropertyValueSpecification","valueRequired":true,"valueName":"search_term_string"}}],"inLanguage":"vi"}]}},"_links":{"self":[{"href":"https:\/\/biogroupvietnam.com\/vi\/wp-json\/wp\/v2\/product\/3781","targetHints":{"allow":["GET"]}}],"collection":[{"href":"https:\/\/biogroupvietnam.com\/vi\/wp-json\/wp\/v2\/product"}],"about":[{"href":"https:\/\/biogroupvietnam.com\/vi\/wp-json\/wp\/v2\/types\/product"}],"replies":[{"embeddable":true,"href":"https:\/\/biogroupvietnam.com\/vi\/wp-json\/wp\/v2\/comments?post=3781"}],"version-history":[{"count":6,"href":"https:\/\/biogroupvietnam.com\/vi\/wp-json\/wp\/v2\/product\/3781\/revisions"}],"predecessor-version":[{"id":9527,"href":"https:\/\/biogroupvietnam.com\/vi\/wp-json\/wp\/v2\/product\/3781\/revisions\/9527"}],"wp:featuredmedia":[{"embeddable":true,"href":"https:\/\/biogroupvietnam.com\/vi\/wp-json\/wp\/v2\/media\/9053"}],"wp:attachment":[{"href":"https:\/\/biogroupvietnam.com\/vi\/wp-json\/wp\/v2\/media?parent=3781"}],"wp:term":[{"taxonomy":"product_brand","embeddable":true,"href":"https:\/\/biogroupvietnam.com\/vi\/wp-json\/wp\/v2\/product_brand?post=3781"},{"taxonomy":"product_cat","embeddable":true,"href":"https:\/\/biogroupvietnam.com\/vi\/wp-json\/wp\/v2\/product_cat?post=3781"},{"taxonomy":"product_tag","embeddable":true,"href":"https:\/\/biogroupvietnam.com\/vi\/wp-json\/wp\/v2\/product_tag?post=3781"}],"curies":[{"name":"wp","href":"https:\/\/api.w.org\/{rel}","templated":true}]}}