{"id":3782,"date":"2025-08-18T19:53:16","date_gmt":"2025-08-18T12:53:16","guid":{"rendered":"http:\/\/biogroupvietnam-worldpress.local\/product\/import-placeholder-for-108\/"},"modified":"2026-04-06T11:51:31","modified_gmt":"2026-04-06T04:51:31","slug":"dung-dich-pbs","status":"publish","type":"product","link":"https:\/\/biogroupvietnam.com\/vi\/san-pham\/dung-dich-pbs\/","title":{"rendered":"Dung D\u1ecbch PBS"},"content":{"rendered":"<p>Dung d\u1ecbch PBS (n\u01b0\u1edbc mu\u1ed1i \u0111\u1ec7m photphate) c\u1ee7a Dulbecco kh\u00f4ng ch\u1ee9a Ca++, Mg++<\/p>\n<h3><strong>T\u1ed5ng quan v\u1ec1 dung d\u1ecbch D-PBS:<\/strong><\/h3>\n<p>N\u01b0\u1edbc mu\u1ed1i \u0111\u1ec7m phosphat c\u1ee7a Dulbecco (D-PBS) c\u00f3 th\u1ec3 \u0111\u01b0\u1ee3c s\u1eed d\u1ee5ng nh\u01b0 m\u1ed9t dung d\u1ecbch pha lo\u00e3ng, r\u1eeda, l\u00e0m \u01b0\u1edbt ho\u1eb7c v\u1eadn chuy\u1ec3n t\u1ea1m th\u1eddi trong nu\u00f4i c\u1ea5y t\u1ebf b\u00e0o ho\u1eb7c m\u00f4. Dung d\u1ecbch PBS cung c\u1ea5p m\u1ed9t h\u1ec7 th\u1ed1ng \u0111\u1ec7m \u0111\u1ec3 duy tr\u00ec ph\u1ea1m vi pH sinh l\u00fd v\u00e0 c\u00e2n b\u1eb1ng th\u1ea9m th\u1ea5u c\u1ee7a m\u00f4i tr\u01b0\u1eddng nu\u00f4i c\u1ea5y, \u0111\u1ed3ng th\u1eddi cung c\u1ea5p cho t\u1ebf b\u00e0o ngu\u1ed3n n\u01b0\u1edbc v\u00e0 c\u00e1c ion v\u00f4 c\u01a1 c\u1ea7n thi\u1ebft.<\/p>\n<p>Nh\u00e0 m\u00e1y s\u1ea3n xu\u1ea5t \u0111\u01b0\u1ee3c ch\u1ee9ng nh\u1eadn theo ti\u00eau chu\u1ea9n ISO 13485.<\/p>\n<h3><strong>\u1ee8ng d\u1ee5ng:<\/strong><\/h3>\n<p>Dung d\u1ecbch PBS \u0111\u01b0\u1ee3c d\u00f9ng trng nu\u00f4i c\u1ea5y t\u1ebf b\u00e0o, m\u00f4 v\u00e0 trong ph\u00e2n t\u00edch t\u1ebf b\u00e0o.<\/p>\n<h3><strong>Th\u00f4ng tin \u0111\u1eb7t h\u00e0ng dung d\u1ecbch D-PBS:<\/strong><\/h3>\n<ul>\n<li>Dung d\u1ecbch D-PBS (th\u00e0nh ph\u1ea7n c\u00f4ng th\u1ee9c kh\u00f4ng ch\u1ee9a: Ca++, Mg++), chai 500 mL (Catalog # 37350).<\/li>\n<li>Dung d\u1ecbch D-PBS, n\u1ed3ng \u0111\u1ed9 10X (th\u00e0nh ph\u1ea7n c\u00f4ng th\u1ee9c kh\u00f4ng ch\u1ee9a: Ca++, Mg++), chai 500 mL (Catalog # 37354).<\/li>\n<\/ul>\n","protected":false},"excerpt":{"rendered":"<p>Dung d\u1ecbch PBS (n\u01b0\u1edbc mu\u1ed1i \u0111\u1ec7m photphate) c\u1ee7a Dulbecco kh\u00f4ng ch\u1ee9a Ca++, Mg++ T\u1ed5ng quan v\u1ec1 dung d\u1ecbch D-PBS: N\u01b0\u1edbc mu\u1ed1i \u0111\u1ec7m phosphat c\u1ee7a Dulbecco (D-PBS) c\u00f3 th\u1ec3 \u0111\u01b0\u1ee3c s\u1eed d\u1ee5ng nh\u01b0 m\u1ed9t dung d\u1ecbch pha lo\u00e3ng, r\u1eeda, l\u00e0m \u01b0\u1edbt ho\u1eb7c v\u1eadn chuy\u1ec3n t\u1ea1m th\u1eddi trong nu\u00f4i c\u1ea5y t\u1ebf b\u00e0o ho\u1eb7c m\u00f4. Dung d\u1ecbch PBS<\/p>\n<div class=\"klb-readmore post-buttons\"><a class=\"button rounded primary\" href=\"https:\/\/biogroupvietnam.com\/vi\/san-pham\/dung-dich-pbs\/\">Read More <i class=\"klbth-icon-right-arrow\"><\/i><\/a><\/div>\n","protected":false},"featured_media":10214,"comment_status":"closed","ping_status":"closed","template":"","meta":{"_acf_changed":false},"product_brand":[127],"product_cat":[114],"product_tag":[],"class_list":{"0":"post-3782","1":"product","2":"type-product","3":"status-publish","4":"has-post-thumbnail","6":"product_brand-stemcell-technologies","7":"product_cat-moi-truong-nuoi-cay-te-bao","9":"first","10":"outofstock","11":"shipping-taxable","12":"product-type-simple"},"acf":[],"yoast_head":"<!-- This site is optimized with the Yoast SEO plugin v26.8 - https:\/\/yoast.com\/product\/yoast-seo-wordpress\/ -->\n<title>Dung D\u1ecbch PBS<\/title>\n<meta name=\"description\" content=\"Dung d\u1ecbch PBS (n\u01b0\u1edbc mu\u1ed1i \u0111\u1ec7m photphate) c\u1ee7a Dulbecco kh\u00f4ng ch\u1ee9a Ca++, Mg++\" \/>\n<meta name=\"robots\" content=\"index, follow, max-snippet:-1, max-image-preview:large, max-video-preview:-1\" \/>\n<link rel=\"canonical\" href=\"https:\/\/biogroupvietnam.com\/vi\/san-pham\/dung-dich-pbs\/\" \/>\n<meta property=\"og:locale\" content=\"vi_VN\" \/>\n<meta property=\"og:type\" content=\"article\" \/>\n<meta property=\"og:title\" content=\"Dung D\u1ecbch PBS\" \/>\n<meta property=\"og:description\" content=\"Dung d\u1ecbch PBS (n\u01b0\u1edbc mu\u1ed1i \u0111\u1ec7m photphate) c\u1ee7a Dulbecco kh\u00f4ng ch\u1ee9a Ca++, Mg++\" \/>\n<meta property=\"og:url\" content=\"https:\/\/biogroupvietnam.com\/vi\/san-pham\/dung-dich-pbs\/\" \/>\n<meta property=\"og:site_name\" content=\"Biogroup Vietnam\" \/>\n<meta property=\"article:modified_time\" content=\"2026-04-06T04:51:31+00:00\" \/>\n<meta property=\"og:image\" content=\"https:\/\/biogroupvietnam.com\/wp-content\/uploads\/2025\/08\/dung-dich-pbs.jpg\" \/>\n\t<meta property=\"og:image:width\" content=\"1640\" \/>\n\t<meta property=\"og:image:height\" content=\"1260\" \/>\n\t<meta property=\"og:image:type\" content=\"image\/jpeg\" \/>\n<meta name=\"twitter:card\" content=\"summary_large_image\" \/>\n<meta name=\"twitter:label1\" content=\"\u01af\u1edbc t\u00ednh th\u1eddi gian \u0111\u1ecdc\" \/>\n\t<meta name=\"twitter:data1\" content=\"2 ph\u00fat\" \/>\n<script type=\"application\/ld+json\" class=\"yoast-schema-graph\">{\"@context\":\"https:\/\/schema.org\",\"@graph\":[{\"@type\":\"WebPage\",\"@id\":\"https:\/\/biogroupvietnam.com\/vi\/san-pham\/dung-dich-pbs\/\",\"url\":\"https:\/\/biogroupvietnam.com\/vi\/san-pham\/dung-dich-pbs\/\",\"name\":\"Dung D\u1ecbch PBS\",\"isPartOf\":{\"@id\":\"https:\/\/biogroupvietnam.com\/vi\/#website\"},\"primaryImageOfPage\":{\"@id\":\"https:\/\/biogroupvietnam.com\/vi\/san-pham\/dung-dich-pbs\/#primaryimage\"},\"image\":{\"@id\":\"https:\/\/biogroupvietnam.com\/vi\/san-pham\/dung-dich-pbs\/#primaryimage\"},\"thumbnailUrl\":\"https:\/\/biogroupvietnam.com\/wp-content\/uploads\/2025\/08\/dung-dich-pbs.jpg\",\"datePublished\":\"2025-08-18T12:53:16+00:00\",\"dateModified\":\"2026-04-06T04:51:31+00:00\",\"description\":\"Dung d\u1ecbch PBS (n\u01b0\u1edbc mu\u1ed1i \u0111\u1ec7m photphate) c\u1ee7a Dulbecco kh\u00f4ng ch\u1ee9a Ca++, Mg++\",\"breadcrumb\":{\"@id\":\"https:\/\/biogroupvietnam.com\/vi\/san-pham\/dung-dich-pbs\/#breadcrumb\"},\"inLanguage\":\"vi\",\"potentialAction\":[{\"@type\":\"ReadAction\",\"target\":[\"https:\/\/biogroupvietnam.com\/vi\/san-pham\/dung-dich-pbs\/\"]}]},{\"@type\":\"ImageObject\",\"inLanguage\":\"vi\",\"@id\":\"https:\/\/biogroupvietnam.com\/vi\/san-pham\/dung-dich-pbs\/#primaryimage\",\"url\":\"https:\/\/biogroupvietnam.com\/wp-content\/uploads\/2025\/08\/dung-dich-pbs.jpg\",\"contentUrl\":\"https:\/\/biogroupvietnam.com\/wp-content\/uploads\/2025\/08\/dung-dich-pbs.jpg\",\"width\":1640,\"height\":1260,\"caption\":\"Dung d\u1ecbch PBS\"},{\"@type\":\"BreadcrumbList\",\"@id\":\"https:\/\/biogroupvietnam.com\/vi\/san-pham\/dung-dich-pbs\/#breadcrumb\",\"itemListElement\":[{\"@type\":\"ListItem\",\"position\":1,\"name\":\"Trang ch\u1ee7\",\"item\":\"https:\/\/biogroupvietnam.com\/vi\/\"},{\"@type\":\"ListItem\",\"position\":2,\"name\":\"S\u1ea3n ph\u1ea9m\",\"item\":\"https:\/\/biogroupvietnam.com\/vi\/san-pham\/\"},{\"@type\":\"ListItem\",\"position\":3,\"name\":\"R&amp;D Sinh H\u1ecdc\",\"item\":\"https:\/\/biogroupvietnam.com\/vi\/danh-muc-san-pham\/rd-sinh-hoc\/\"},{\"@type\":\"ListItem\",\"position\":4,\"name\":\"M\u00f4i Tr\u01b0\u1eddng Nu\u00f4i C\u1ea5y T\u1ebf B\u00e0o\",\"item\":\"https:\/\/biogroupvietnam.com\/vi\/danh-muc-san-pham\/moi-truong-nuoi-cay-te-bao\/\"},{\"@type\":\"ListItem\",\"position\":5,\"name\":\"Dung D\u1ecbch PBS\"}]},{\"@type\":\"WebSite\",\"@id\":\"https:\/\/biogroupvietnam.com\/vi\/#website\",\"url\":\"https:\/\/biogroupvietnam.com\/vi\/\",\"name\":\"Biogroup Vietnam\",\"description\":\"Biogroup Vietnam cung c\u1ea5p d\u1ecbch v\u1ee5 k\u1ef9 thu\u1eadt c\u00f9ng thi\u1ebft b\u1ecb, v\u1eadt t\u01b0, h\u00f3a ch\u1ea5t v\u00e0 gi\u1ea3i ph\u00e1p sinh h\u1ecdc cho ph\u00f2ng th\u00ed nghi\u1ec7m c\u00f4ng ngh\u1ec7 sinh h\u1ecdc, y sinh v\u00e0 y h\u1ecdc t\u00e1i t\u1ea1o.\",\"potentialAction\":[{\"@type\":\"SearchAction\",\"target\":{\"@type\":\"EntryPoint\",\"urlTemplate\":\"https:\/\/biogroupvietnam.com\/vi\/?s={search_term_string}\"},\"query-input\":{\"@type\":\"PropertyValueSpecification\",\"valueRequired\":true,\"valueName\":\"search_term_string\"}}],\"inLanguage\":\"vi\"}]}<\/script>\n<!-- \/ Yoast SEO plugin. -->","yoast_head_json":{"title":"Dung D\u1ecbch PBS","description":"Dung d\u1ecbch PBS (n\u01b0\u1edbc mu\u1ed1i \u0111\u1ec7m photphate) c\u1ee7a Dulbecco kh\u00f4ng ch\u1ee9a Ca++, Mg++","robots":{"index":"index","follow":"follow","max-snippet":"max-snippet:-1","max-image-preview":"max-image-preview:large","max-video-preview":"max-video-preview:-1"},"canonical":"https:\/\/biogroupvietnam.com\/vi\/san-pham\/dung-dich-pbs\/","og_locale":"vi_VN","og_type":"article","og_title":"Dung D\u1ecbch PBS","og_description":"Dung d\u1ecbch PBS (n\u01b0\u1edbc mu\u1ed1i \u0111\u1ec7m photphate) c\u1ee7a Dulbecco kh\u00f4ng ch\u1ee9a Ca++, Mg++","og_url":"https:\/\/biogroupvietnam.com\/vi\/san-pham\/dung-dich-pbs\/","og_site_name":"Biogroup Vietnam","article_modified_time":"2026-04-06T04:51:31+00:00","og_image":[{"width":1640,"height":1260,"url":"https:\/\/biogroupvietnam.com\/wp-content\/uploads\/2025\/08\/dung-dich-pbs.jpg","type":"image\/jpeg"}],"twitter_card":"summary_large_image","twitter_misc":{"\u01af\u1edbc t\u00ednh th\u1eddi gian \u0111\u1ecdc":"2 ph\u00fat"},"schema":{"@context":"https:\/\/schema.org","@graph":[{"@type":"WebPage","@id":"https:\/\/biogroupvietnam.com\/vi\/san-pham\/dung-dich-pbs\/","url":"https:\/\/biogroupvietnam.com\/vi\/san-pham\/dung-dich-pbs\/","name":"Dung D\u1ecbch PBS","isPartOf":{"@id":"https:\/\/biogroupvietnam.com\/vi\/#website"},"primaryImageOfPage":{"@id":"https:\/\/biogroupvietnam.com\/vi\/san-pham\/dung-dich-pbs\/#primaryimage"},"image":{"@id":"https:\/\/biogroupvietnam.com\/vi\/san-pham\/dung-dich-pbs\/#primaryimage"},"thumbnailUrl":"https:\/\/biogroupvietnam.com\/wp-content\/uploads\/2025\/08\/dung-dich-pbs.jpg","datePublished":"2025-08-18T12:53:16+00:00","dateModified":"2026-04-06T04:51:31+00:00","description":"Dung d\u1ecbch PBS (n\u01b0\u1edbc mu\u1ed1i \u0111\u1ec7m photphate) c\u1ee7a Dulbecco kh\u00f4ng ch\u1ee9a Ca++, Mg++","breadcrumb":{"@id":"https:\/\/biogroupvietnam.com\/vi\/san-pham\/dung-dich-pbs\/#breadcrumb"},"inLanguage":"vi","potentialAction":[{"@type":"ReadAction","target":["https:\/\/biogroupvietnam.com\/vi\/san-pham\/dung-dich-pbs\/"]}]},{"@type":"ImageObject","inLanguage":"vi","@id":"https:\/\/biogroupvietnam.com\/vi\/san-pham\/dung-dich-pbs\/#primaryimage","url":"https:\/\/biogroupvietnam.com\/wp-content\/uploads\/2025\/08\/dung-dich-pbs.jpg","contentUrl":"https:\/\/biogroupvietnam.com\/wp-content\/uploads\/2025\/08\/dung-dich-pbs.jpg","width":1640,"height":1260,"caption":"Dung d\u1ecbch PBS"},{"@type":"BreadcrumbList","@id":"https:\/\/biogroupvietnam.com\/vi\/san-pham\/dung-dich-pbs\/#breadcrumb","itemListElement":[{"@type":"ListItem","position":1,"name":"Trang ch\u1ee7","item":"https:\/\/biogroupvietnam.com\/vi\/"},{"@type":"ListItem","position":2,"name":"S\u1ea3n ph\u1ea9m","item":"https:\/\/biogroupvietnam.com\/vi\/san-pham\/"},{"@type":"ListItem","position":3,"name":"R&amp;D Sinh H\u1ecdc","item":"https:\/\/biogroupvietnam.com\/vi\/danh-muc-san-pham\/rd-sinh-hoc\/"},{"@type":"ListItem","position":4,"name":"M\u00f4i Tr\u01b0\u1eddng Nu\u00f4i C\u1ea5y T\u1ebf B\u00e0o","item":"https:\/\/biogroupvietnam.com\/vi\/danh-muc-san-pham\/moi-truong-nuoi-cay-te-bao\/"},{"@type":"ListItem","position":5,"name":"Dung D\u1ecbch PBS"}]},{"@type":"WebSite","@id":"https:\/\/biogroupvietnam.com\/vi\/#website","url":"https:\/\/biogroupvietnam.com\/vi\/","name":"Biogroup Vietnam","description":"Biogroup Vietnam cung c\u1ea5p d\u1ecbch v\u1ee5 k\u1ef9 thu\u1eadt c\u00f9ng thi\u1ebft b\u1ecb, v\u1eadt t\u01b0, h\u00f3a ch\u1ea5t v\u00e0 gi\u1ea3i ph\u00e1p sinh h\u1ecdc cho ph\u00f2ng th\u00ed nghi\u1ec7m c\u00f4ng ngh\u1ec7 sinh h\u1ecdc, y sinh v\u00e0 y h\u1ecdc t\u00e1i t\u1ea1o.","potentialAction":[{"@type":"SearchAction","target":{"@type":"EntryPoint","urlTemplate":"https:\/\/biogroupvietnam.com\/vi\/?s={search_term_string}"},"query-input":{"@type":"PropertyValueSpecification","valueRequired":true,"valueName":"search_term_string"}}],"inLanguage":"vi"}]}},"_links":{"self":[{"href":"https:\/\/biogroupvietnam.com\/vi\/wp-json\/wp\/v2\/product\/3782","targetHints":{"allow":["GET"]}}],"collection":[{"href":"https:\/\/biogroupvietnam.com\/vi\/wp-json\/wp\/v2\/product"}],"about":[{"href":"https:\/\/biogroupvietnam.com\/vi\/wp-json\/wp\/v2\/types\/product"}],"replies":[{"embeddable":true,"href":"https:\/\/biogroupvietnam.com\/vi\/wp-json\/wp\/v2\/comments?post=3782"}],"version-history":[{"count":4,"href":"https:\/\/biogroupvietnam.com\/vi\/wp-json\/wp\/v2\/product\/3782\/revisions"}],"predecessor-version":[{"id":10215,"href":"https:\/\/biogroupvietnam.com\/vi\/wp-json\/wp\/v2\/product\/3782\/revisions\/10215"}],"wp:featuredmedia":[{"embeddable":true,"href":"https:\/\/biogroupvietnam.com\/vi\/wp-json\/wp\/v2\/media\/10214"}],"wp:attachment":[{"href":"https:\/\/biogroupvietnam.com\/vi\/wp-json\/wp\/v2\/media?parent=3782"}],"wp:term":[{"taxonomy":"product_brand","embeddable":true,"href":"https:\/\/biogroupvietnam.com\/vi\/wp-json\/wp\/v2\/product_brand?post=3782"},{"taxonomy":"product_cat","embeddable":true,"href":"https:\/\/biogroupvietnam.com\/vi\/wp-json\/wp\/v2\/product_cat?post=3782"},{"taxonomy":"product_tag","embeddable":true,"href":"https:\/\/biogroupvietnam.com\/vi\/wp-json\/wp\/v2\/product_tag?post=3782"}],"curies":[{"name":"wp","href":"https:\/\/api.w.org\/{rel}","templated":true}]}}