{"id":3784,"date":"2025-08-18T19:53:16","date_gmt":"2025-08-18T12:53:16","guid":{"rendered":"http:\/\/biogroupvietnam-worldpress.local\/product\/import-placeholder-for-110\/"},"modified":"2025-11-17T17:00:35","modified_gmt":"2025-11-17T10:00:35","slug":"icecube-14s","status":"publish","type":"product","link":"https:\/\/biogroupvietnam.com\/vi\/san-pham\/icecube-14s\/","title":{"rendered":"M\u00e1y H\u1ea1 Nhi\u1ec7t \u0110\u1ed9 Theo Ch\u01b0\u01a1ng Tr\u00ecnh IceCube 14S"},"content":{"rendered":"<h2>IceCube 14S l\u00e0 m\u00e1y\u00a0h\u1ea1 nhi\u1ec7t \u0111\u1ed9 theo ch\u01b0\u01a1ng tr\u00ecnh (h\u1ea1 nhi\u1ec7t v\u00e0 t\u0103ng nhi\u1ec7t \u0111\u1ed9) c\u00f3 bu\u1ed3ng \u0111\u00f4ng l\u1ea1nh 16 L \u0111\u01b0\u1ee3c \u1ee9ng d\u1ee5ng h\u1ea1 nhi\u1ec7t\u00a0c\u00e1c m\u1eabu sinh h\u1ecdc v\u00e0 \u0111\u01b0\u1ee3c ch\u1ee9ng nh\u1eadn MDD (Ch\u1ec9 th\u1ecb v\u1ec1 thi\u1ebft b\u1ecb y t\u1ebf).<\/h2>\n<h3><strong>\u1ee8ng d\u1ee5ng c\u1ee7a m\u00e1y h\u1ea1 nhi\u1ec7t \u0111\u1ed9 theo ch\u01b0\u01a1ng tr\u00ecnh IceCube 14S:<\/strong><\/h3>\n<p>M\u00e1y IceCube 14S \u0111\u01b0\u1ee3c \u1ee9ng d\u1ee5ng h\u1ea1\u00a0l\u1ea1nh m\u1eabu sinh h\u1ecdc tr\u01b0\u1edbc khi b\u1ea3o qu\u1ea3n \u0111\u00f4ng l\u1ea1nh trong nit\u01a1 l\u1ecfng. C\u00e1c m\u1eabu sinh h\u1ecdc bao g\u1ed3m: c\u00e1c m\u00f4, t\u1ea1ng \u0111\u1ed9ng v\u1eadt, t\u1ebf b\u00e0o g\u1ed1c, m\u00e1u cu\u1ed1ng r\u1ed1n, t\u1ee7y x\u01b0\u01a1ng, tr\u1ee9ng v\u00e0 tinh tr\u00f9ng, t\u1ebf b\u00e0o th\u1ef1c v\u1eadt, vi sinh v\u1eadt.<\/p>\n<p style=\"text-align: center;\"><img fetchpriority=\"high\" decoding=\"async\" src=\"https:\/\/biogroupvietnam.com\/uploads\/coL5immkFsQieonnrixkJJokPtWvd0DiA1eXiEmG.png\" alt=\"m\u00e1y h\u1ea1 nhi\u1ec7t \u0111\u1ed9 theo ch\u01b0\u01a1ng tr\u00ecnh\" width=\"620\" height=\"325\" \/><\/p>\n<h3><strong>\u0110\u1eb7c \u0111i\u1ec3m, v\u1eadn h\u00e0nh c\u1ee7a m\u00e1y h\u1ea1 nhi\u1ec7t \u0111\u1ed9 theo ch\u01b0\u01a1ng tr\u00ecnh IceCube 14S:<\/strong><\/h3>\n<ul>\n<li>Thi\u1ebft k\u1ebf nh\u1ecf g\u1ecdn, tr\u1ecdng l\u01b0\u1ee3ng nh\u1eb9, v\u1edbi th\u1ec3 t\u00edch bu\u1ed3ng h\u1ea1 l\u1ea1nh m\u1eabu l\u1edbn, d\u00f9ng h\u1ea1 l\u1ea1nh c\u00e1c m\u1eabu sinh h\u1ecdc \u0111\u01b0\u1ee3c ch\u1ee9a trong c\u00e1c t\u00fai \u0111\u00f4ng l\u1ea1nh (freezing bags) \u0111\u1eb7t trong h\u1ed9p cassette, ho\u1eb7c \u1ed1ng vial, ho\u1eb7c c\u1ecdng tr\u1eef ph\u00f4i (straw).<\/li>\n<li>Th\u00e2n m\u00e1y b\u1eb1ng th\u00e9p kh\u00f4ng g\u1ec9. N\u1eafp thi\u1ebft b\u1ecb b\u1eb1ng k\u00ednh l\u1edbn gi\u00fap quan s\u00e1t m\u1eabu trong qu\u00e1 tr\u00ecnh h\u1ea1 nhi\u1ec7t \u0111\u1ed9. C\u00f3 c\u00f4ng ngh\u1ec7 an to\u00e0n gi\u00fap t\u1ef1 \u0111\u1ed9ng d\u1eebng qu\u00e1 tr\u00ecnh h\u1ea1 l\u1ea1nh khi m\u1edf n\u1eafp v\u00e0 c\u00f3 t\u1ea5m ch\u1eafn l\u1ea1nh (cold shield) b\u1ea3o v\u1ec7 ng\u01b0\u1eddi d\u00f9ng.<\/li>\n<li>M\u1eabu c\u00f3 th\u1ec3 \u0111\u01b0\u1ee3c \u0111\u1eb7t \u1edf v\u1ecb tr\u00ed \u0111\u1ee9ng ho\u1eb7c n\u1eb1m ngang.<\/li>\n<li><strong>C\u00f3 van t\u1eeb t\u00ednh ki\u1ec3m so\u00e1t l\u01b0\u1ee3ng nit\u01a1 l\u1ecfng t\u1eeb b\u00ecnh ch\u1ee9a v\u00e0 khay ch\u1ee9a m\u1eabu, v\u00e0 c\u00f3 qu\u1ea1t ph\u00e2n ph\u1ed1i h\u01a1i nit\u01a1 l\u1ecfng v\u00e0o bu\u1ed3ng l\u00e0m l\u1ea1nh (ch\u1ee9a m\u1eabu) \u0111\u1ea3m b\u1ea3o nhi\u1ec7t \u0111\u00f4ng l\u1ea1nh m\u1eabu \u0111\u01b0\u1ee3c \u0111\u1ed3ng \u0111\u1ec1u v\u00e0 ch\u00ednh x\u00e1c theo l\u1eadp tr\u00ecnh.<\/strong><\/li>\n<li><strong>Ch\u1ee9c n\u0103ng v\u1eadn h\u00e0nh c\u1ee7a thi\u1ebft b\u1ecb IceCube:<\/strong> nit\u01a1 l\u1ecfng t\u1eeb ngu\u1ed3n c\u1ea5p (b\u00ecnh c\u1ea5p nit\u01a1 l\u1ecfng) \u0111\u01b0\u1ee3c cung c\u1ea5p qua d\u00e2y d\u1eabn nit\u01a1 l\u1ecfng c\u00f3 van t\u1eeb t\u00ednh v\u00e0 \u0111\u01b0\u1ee3c qu\u1ea1t ph\u00e2n ph\u1ed1i v\u00e0o bu\u1ed3ng l\u00e0m l\u1ea1nh m\u1eabu.<\/li>\n<li>B\u1ed9 \u0111i\u1ec1u khi\u1ec3n (c\u1ea3m bi\u1ebfn bu\u1ed3ng l\u00e0m l\u1ea1nh) so s\u00e1nh nhi\u1ec7t \u0111\u1ed9 \u0111\u01b0\u1ee3c l\u1eadp tr\u00ecnh v\u1edbi nhi\u1ec7t \u0111\u1ed9 th\u1ef1c t\u1ebf v\u00e0 \u0111i\u1ec1u ch\u1ec9nh qu\u00e1 tr\u00ecnh l\u00e0m l\u1ea1nh. C\u1ea3m bi\u1ebfn m\u1eabu trong b\u00ecnh tham chi\u1ebfu (reference vessel) ho\u1eb7c \u0111\u01b0\u1ee3c l\u1eafp b\u00ean ngo\u00e0i t\u00fai m\u00e1u ghi l\u1ea1i nhi\u1ec7t \u0111\u1ed9 m\u1eabu. S\u1ef1 gi\u1ea3m nhi\u1ec7t, gia nhi\u1ec7t c\u1ee7a t\u1ea5t c\u1ea3 c\u00e1c c\u1ea3m bi\u1ebfn v\u00e0 c\u1ea3 nh\u1eefng c\u1ea3m bi\u1ebfn b\u1ed5 sung (t\u00f9y ch\u1ecdn), \u0111\u01b0\u1ee3c ghi l\u1ea1i trong bi\u1ec3u \u0111\u1ed3 h\u1ea1 nhi\u1ec7t \u0111\u1ed9.<\/li>\n<li>C\u00f3 c\u1ea3m bi\u1ebfn nhi\u1ec7t \u1edf khay ch\u1ee9a m\u1eabu v\u00e0 c\u1ea3m bi\u1ebfn nhi\u1ec7t \u0111\u1ed9 m\u1eabu.<\/li>\n<li><strong>M\u00e1y t\u00ednh<\/strong>: Ho\u1ea1t \u0111\u1ed9ng c\u1ee7a c\u00e1c thi\u1ebft b\u1ecb IceCube c\u0169ng nh\u01b0 \u0111\u1ea7u ra d\u1eef li\u1ec7u v\u00e0 l\u01b0u tr\u1eef d\u1eef li\u1ec7u sau \u0111\u00f3 \u0111\u01b0\u1ee3c \u0111i\u1ec1u khi\u1ec3n t\u1eeb m\u00e0n h\u00ecnh m\u00e1y t\u00ednh v\u00e0 \u0111\u01b0\u1ee3c v\u1eadn h\u00e0nh b\u1eb1ng h\u1ec7 \u0111i\u1ec1u h\u00e0nh MS Windows\u00ae.<\/li>\n<li>B\u1ed9 vi \u0111i\u1ec1u khi\u1ec3n (micro-controller) v\u1edbi l\u01b0u tr\u1eef d\u1eef li\u1ec7u b\u00ean trong thi\u1ebft b\u1ecb ch\u1ecbu tr\u00e1ch nhi\u1ec7m cho qu\u00e1 tr\u00ecnh l\u00e0m l\u1ea1nh th\u1ef1c t\u1ebf. <strong>D\u1eef li\u1ec7u qu\u00e1 tr\u00ecnh kh\u00f4ng \u0111\u01b0\u1ee3c truy\u1ec1n \u0111\u1ebfn m\u00e1y t\u00ednh b\u1ea3ng \/ PC s\u1ebd \u0111\u01b0\u1ee3c l\u01b0u tr\u1eef trong thi\u1ebft b\u1ecb t\u1ed1i \u0111a 2 gi\u1edd<\/strong>. T\u1ea5t c\u1ea3 c\u00e1c ch\u1ee9c n\u0103ng b\u1ed5 sung kh\u00e1c c\u00f3 s\u1eb5n trong Windows\u00ae c\u00f3 th\u1ec3 \u0111\u01b0\u1ee3c s\u1eed d\u1ee5ng t\u00f9y theo m\u00e1y t\u00ednh \u0111\u01b0\u1ee3c s\u1eed d\u1ee5ng, ch\u1eb3ng h\u1ea1n nh\u01b0 dung l\u01b0\u1ee3ng m\u1ea1ng \u0111\u1ec3 c\u1eadp nh\u1eadt ph\u1ea7n m\u1ec1m, b\u1ea3o tr\u00ec t\u1eeb xa v\u00e0 xu\u1ea5t ra m\u00e1y in.<\/li>\n<li><strong>Bu\u1ed3ng l\u00e0m l\u1ea1nh m\u1eabu<\/strong>: Bu\u1ed3ng \u0111\u01b0\u1ee3c l\u00e0m b\u1eb1ng th\u00e9p \u0111\u1eb7c bi\u1ec7t v\u00e0 \u1edf d\u00f2ng m\u00e1y IceCube 14 \u0111\u01b0\u1ee3c trang b\u1ecb c\u1eeda an to\u00e0n b\u1eb1ng k\u00ednh trong su\u1ed1t c\u00f3 th\u1ec3 m\u1edf ra cho ph\u00e9p t\u1ea7m nh\u00ecn kh\u00f4ng b\u1ecb c\u1ea3n tr\u1edf c\u1ee7a c\u00e1c m\u1eabu \u0111ang \u0111\u01b0\u1ee3c l\u00e0m l\u1ea1nh\u00a0\u1edf c\u00e1c nhi\u1ec7t \u0111\u1ed9 kh\u00e1c nhau. Khi m\u1edf trong qu\u00e1 tr\u00ecnh l\u00e0m l\u1ea1nh, ho\u1ea1t \u0111\u1ed9ng b\u1ecb gi\u00e1n \u0111o\u1ea1n v\u00ec l\u00fd do an to\u00e0n. B\u00ean c\u1ea1nh <strong>c\u1ea3m bi\u1ebfn nhi\u1ec7t \u0111\u1ed9 bu\u1ed3ng l\u00e0m l\u1ea1nh<\/strong> c\u00f2n c\u00f3 <strong>c\u1ea3m bi\u1ebfn nhi\u1ec7t \u0111\u1ed9 m\u1eabu<\/strong>.<\/li>\n<li>D\u00f2ng m\u00e1yIceCube 14 <strong>c\u00f3 4 v\u1ecb tr\u00ed g\u1eafn c\u1ea3m bi\u1ebfn, trong \u0111\u00f3 2 cung c\u1ea5p m\u1eb7c \u0111\u1ecbnh (cho m\u1eabu v\u00e0 bu\u1ed3ng h\u1ea1 nhi\u1ec7t) v\u00e0\u00a0c\u00f3 th\u1ec3 ch\u1ecdn th\u00eam v\u00e0 k\u1ebft n\u1ed1i 2 c\u1ea3m bi\u1ebfn nhi\u1ec7t \u0111\u1ed9 Pt-100 kh\u00e1c<\/strong>, \u00e1p su\u1ea5t cung c\u1ea5p nit\u01a1 l\u1ecfng l\u00e0m th\u00f4ng s\u1ed1 v\u1eadn h\u00e0nh c\u0169ng c\u00f3 th\u1ec3 \u0111\u01b0\u1ee3c hi\u1ec3n th\u1ecb v\u0129nh vi\u1ec5n c\u00f9ng v\u1edbi d\u1eef li\u1ec7u kh\u00e1c.<\/li>\n<li>C\u00f3 nhi\u1ec1u lo\u1ea1i gi\u00e1 \u0111\u1ee1 cho c\u00e1c m\u1eabu \u0111\u01b0\u1ee3c \u0111\u00f4ng l\u1ea1nh b\u00ean trong bu\u1ed3ng v\u00e0 th\u01b0\u1eddng c\u00f3 th\u1ec3 \u0111\u01b0\u1ee3c x\u1ebfp ch\u1ed3ng l\u00ean nhau.<\/li>\n<li>Bao g\u1ed3m ch\u01b0\u01a1ng tr\u00ecnh \u0111\u00f4ng l\u1ea1nh\/ r\u00e3 \u0111\u00f4ng, c\u00e1c l\u1eadp tr\u00ecnh x\u1eed l\u00fd m\u1eabu, bao g\u1ed3m bi\u1ec3u \u0111\u1ed3 h\u1ea1 nhi\u1ec7t. C\u00e1c ch\u1ee9c n\u0103ng chu\u1ea9n nh\u01b0: admin \/ user administration, c\u00f3 c\u00e1c n\u00fat ch\u1ecdn ph\u01b0\u01a1ng th\u1ee9c \u0111\u00f4ng l\u1ea1nh \u0111\u01a1n gi\u1ea3n, v\u00e0 th\u01b0\u1eddng xuy\u00ean, c\u00e1c n\u00fat ch\u1ee9c n\u0103ng macro, tr\u00ecnh so\u1ea1n th\u1ea3o quy tr\u00ecnh \u0111\u00f4ng l\u1ea1nh\/ r\u00e3 \u0111\u00f4ng v\u00e0 hi\u1ec7u ch\u1ec9nh ph\u01b0\u01a1ng ph\u00e1p, t\u1ed1i \u01b0u h\u00f3a t\u1ef1 \u0111\u1ed9ng c\u1ee7a \u0111\u01b0\u1eddng cong \u0111\u00f4ng l\u1ea1nh th\u00f4ng qua t\u00ednh nhi\u1ec7t ti\u1ec1m \u1ea9n \u0111\u1ebfn \u0111i\u1ec3m k\u1ebft tinh (crystallisation), c\u00f3 alarm c\u1ea3nh b\u00e1o \u00e1p su\u1ea5t nit\u01a1 cung c\u1ea5p.<\/li>\n<li><strong>Ph\u1ea7n m\u1ec1m v\u1eadn h\u00e0nh:<\/strong> Dung l\u01b0\u1ee3ng l\u01b0u tr\u1eef d\u1eef li\u1ec7u th\u1ef1c t\u1ebf l\u00e0 kh\u00f4ng gi\u1edbi h\u1ea1n v\u00e0 \u0111\u01b0\u1ee3c \u0111i\u1ec1u ch\u1ec9nh b\u1edfi th\u00f4ng s\u1ed1 k\u1ef9 thu\u1eadt c\u1ee7a m\u00e1y t\u00ednh \u0111\u01b0\u1ee3c s\u1eed d\u1ee5ng. C\u1ea3 hai phi\u00ean b\u1ea3n c\u1ee7a t\u1ea5t c\u1ea3 c\u00e1c ch\u01b0\u01a1ng tr\u00ecnh l\u00e0m l\u1ea1nh \/ r\u00e3 \u0111\u00f4ng v\u00e0 c\u00e1c quy tr\u00ecnh x\u1eed l\u00fd, bao g\u1ed3m c\u1ea3 bi\u1ec3u \u0111\u1ed3 \u0111\u1ec1u \u0111\u01b0\u1ee3c l\u01b0u tr\u1eef tr\u01b0\u1edbc b\u1eb1ng b\u1ed9 nh\u1edb t\u1ea1m th\u1eddi. C\u00e1c ch\u1ee9c n\u0103ng sau c\u00f3 s\u1eb5n d\u01b0\u1edbi d\u1ea1ng ti\u00eau chu\u1ea9n: qu\u1ea3n tr\u1ecb vi\u00ean \/ ng\u01b0\u1eddi d\u00f9ng, l\u1ef1a ch\u1ecdn \u0111\u01a1n gi\u1ea3n c\u00e1c n\u00fat cho c\u00e1c quy tr\u00ecnh th\u00f4ng th\u01b0\u1eddng, ch\u1ee9c n\u0103ng macro (d\u00f2ng IceCube 14), tr\u00ecnh ch\u1ec9nh s\u1eeda quy tr\u00ecnh, \u0111\u1ea7u v\u00e0o nhi\u1ec7t \u0111\u1ed9 b\u1eaft \u0111\u1ea7u, \u0111\u1ecdc t\u1ea5t c\u1ea3 d\u1eef li\u1ec7u quy tr\u00ecnh &#8211; trong b\u1ea3ng v\u00e0 thu ph\u00f3ng \u0111\u1ea1i\/ \u0111\u1ed9 ph\u00e2n gi\u1ea3i \u0111\u1ed3 h\u1ecda \u1edf nhi\u1ec7t \u0111\u1ed9 l\u00ean \u0111\u1ebfn m\u1ed9t ph\u1ea7n tr\u0103m \u0111\u1ed9 C, ch\u1ee9c n\u0103ng cu\u1ed9n t\u1ef1 \u0111\u1ed9ng v\u00e0 th\u1ee7 c\u00f4ng cho bi\u1ec3u \u0111\u1ed3 h\u1ea1 nhi\u1ec7t, t\u1ef1 \u0111\u1ed9ng t\u1ed1i \u01b0u h\u00f3a \u0111\u01b0\u1eddng cong h\u1ea1 nhi\u1ec7t th\u00f4ng qua t\u00ednh to\u00e1n nhi\u1ec7t ti\u1ec1m \u1ea9n \u0111\u1ebfn \u0111i\u1ec3m \u0111\u00f4ng k\u1ebft tinh (d\u00f2ng IceCube 14).<\/li>\n<\/ul>\n<p style=\"text-align: center;\"><img decoding=\"async\" src=\"https:\/\/biogroupvietnam.com\/uploads\/dErRwDAYqWJlG7Jxu30F1tYKRSVZ9s0evp86nCrG.png\" alt=\"ph\u1ea7n m\u1ec1m m\u00e1y h\u1ea1 nhi\u1ec7t \u0111\u1ed9 theo ch\u01b0\u01a1ng tr\u00ecnh\" width=\"752\" height=\"471\" \/><\/p>\n<h3><strong>Th\u00f4ng tin \u0111\u1eb7t h\u00e0ng:<\/strong><\/h3>\n<ul>\n<li>M\u00e1y h\u1ea1 nhi\u1ec7t t\u1ef1 \u0111\u1ed9ng theo ch\u01b0\u01a1ng tr\u00ecnh IceCube 14S, 230V.<\/li>\n<li>Ph\u1ea7n m\u1ec1m v\u1eadn h\u00e0nh (ti\u00eau chu\u1ea9n).<\/li>\n<li>B\u1ed9 m\u00e1y t\u00ednh, m\u00e1y in (mua trong n\u01b0\u1edbc).<\/li>\n<\/ul>\n<p><strong>Ph\u1ee5 ki\u1ec7n ch\u1ecdn th\u00eam:<\/strong><\/p>\n<ul>\n<li>T\u00e0i li\u1ec7u IQ\/OQ.<\/li>\n<li>D\u00e2y n\u1ed1i v\u1edbi b\u00ecnh c\u1ea5p nit\u01a1 l\u1ecfng 1,3m.<\/li>\n<li>B\u00ecnh c\u1ea5p nit\u01a1 l\u1ecfng.<\/li>\n<li>C\u1ea3m bi\u1ebfn \u00e1p su\u1ea5t (c\u1ea3m bi\u1ebfn \u00e1p su\u1ea5t ki\u1ec3m so\u00e1t ngu\u1ed3n c\u1ea5p ni t\u01a1 l\u1ecfng cho model 14S).<\/li>\n<li>Gi\u00e1 \u0111\u1ee1 h\u1ed9p cassettes (m\u00e3 s\u1ed1: 13-158630): di\u1ec7n t\u00edch ti\u1ebfp x\u00fac 260 x 200mm, t\u1ed1i \u0111a 6 h\u1ed9p cassettes th\u1eb3ng \u0111\u1ee9ng, \u0111i\u1ec1u ch\u1ec9nh \u0111\u01b0\u1ee3c \u0111\u1ed9 r\u1ed9ng theo \u0111\u1ed9 d\u00e0y h\u1ed9p cassettes.<\/li>\n<li>Gi\u00e1 \u0111\u1ee1 h\u1ed9p cassettes (m\u00e3 s\u1ed1: 13-158601): ch\u1ee9a 6-14 h\u1ed9p cassettes, t\u00f9y v\u00e0o \u0111\u1ed9 d\u00e0y h\u1ed9p cassettes.<\/li>\n<li>Ph\u1ee5 ki\u1ec7n d\u00f9ng chung v\u1edbi gi\u00e1 \u0111\u1ee1 \u201cRack AutoSeed\u201d (m\u00e3 s\u1ed1: 13-159532).<\/li>\n<li>Gi\u00e1 \u0111\u1ee1 \u201cRack AutoSeed\u201d, 26 v\u1ecb tr\u00ed cho \u1ed1ng ch\u1ee9a m\u1eabu 2 mL ho\u1eb7c 5 mL (m\u00e3 s\u1ed1: 13-158706).<\/li>\n<li>Gi\u00e1 \u0111\u1ee1 \u1ed1ng ch\u1ee9a m\u1eabu 2 mL ho\u1eb7c 5 mL (m\u00e3 s\u1ed1: 13-158505).<\/li>\n<\/ul>\n<p>&nbsp;<\/p>\n","protected":false},"excerpt":{"rendered":"<p>IceCube 14S l\u00e0 m\u00e1y\u00a0h\u1ea1 nhi\u1ec7t \u0111\u1ed9 theo ch\u01b0\u01a1ng tr\u00ecnh (h\u1ea1 nhi\u1ec7t v\u00e0 t\u0103ng nhi\u1ec7t \u0111\u1ed9) c\u00f3 bu\u1ed3ng \u0111\u00f4ng l\u1ea1nh 16 L \u0111\u01b0\u1ee3c \u1ee9ng d\u1ee5ng h\u1ea1 nhi\u1ec7t\u00a0c\u00e1c m\u1eabu sinh h\u1ecdc v\u00e0 \u0111\u01b0\u1ee3c ch\u1ee9ng nh\u1eadn MDD (Ch\u1ec9 th\u1ecb v\u1ec1 thi\u1ebft b\u1ecb y t\u1ebf). \u1ee8ng d\u1ee5ng c\u1ee7a m\u00e1y h\u1ea1 nhi\u1ec7t \u0111\u1ed9 theo ch\u01b0\u01a1ng tr\u00ecnh IceCube 14S: M\u00e1y IceCube<\/p>\n<div class=\"klb-readmore post-buttons\"><a class=\"button rounded primary\" href=\"https:\/\/biogroupvietnam.com\/vi\/san-pham\/icecube-14s\/\">Read More <i class=\"klbth-icon-right-arrow\"><\/i><\/a><\/div>\n","protected":false},"featured_media":9017,"comment_status":"closed","ping_status":"closed","template":"","meta":{"_acf_changed":false},"product_brand":[129],"product_cat":[100],"product_tag":[],"class_list":{"0":"post-3784","1":"product","2":"type-product","3":"status-publish","4":"has-post-thumbnail","6":"product_brand-sy-lab-geraete-gmbh","7":"product_cat-may-ha-nhiet-do-theo-chuong-trinh","9":"first","10":"outofstock","11":"shipping-taxable","12":"product-type-simple"},"acf":[],"yoast_head":"<!-- This site is optimized with the Yoast SEO plugin v26.8 - https:\/\/yoast.com\/product\/yoast-seo-wordpress\/ -->\n<title>M\u00e1y H\u1ea1 Nhi\u1ec7t \u0110\u1ed9 Theo Ch\u01b0\u01a1ng Tr\u00ecnh IceCube 14S<\/title>\n<meta name=\"description\" content=\"IceCube 14S l\u00e0 m\u00e1y\u00a0h\u1ea1 nhi\u1ec7t \u0111\u1ed9 theo ch\u01b0\u01a1ng tr\u00ecnh (h\u1ea1 nhi\u1ec7t v\u00e0 t\u0103ng nhi\u1ec7t \u0111\u1ed9) c\u00f3 bu\u1ed3ng \u0111\u00f4ng l\u1ea1nh 16 L \u0111\u01b0\u1ee3c \u1ee9ng d\u1ee5ng h\u1ea1 nhi\u1ec7t\u00a0c\u00e1c m\u1eabu sinh h\u1ecdc v\u00e0 \u0111\u01b0\u1ee3c ch\u1ee9ng nh\u1eadn MDD (Ch\u1ec9 th\u1ecb v\u1ec1 thi\u1ebft b\u1ecb y t\u1ebf).\" \/>\n<meta name=\"robots\" content=\"index, follow, max-snippet:-1, max-image-preview:large, max-video-preview:-1\" \/>\n<link rel=\"canonical\" href=\"https:\/\/biogroupvietnam.com\/vi\/san-pham\/icecube-14s\/\" \/>\n<meta property=\"og:locale\" content=\"vi_VN\" \/>\n<meta property=\"og:type\" content=\"article\" \/>\n<meta property=\"og:title\" content=\"M\u00e1y H\u1ea1 Nhi\u1ec7t \u0110\u1ed9 Theo Ch\u01b0\u01a1ng Tr\u00ecnh IceCube 14S\" \/>\n<meta property=\"og:description\" content=\"IceCube 14S l\u00e0 m\u00e1y\u00a0h\u1ea1 nhi\u1ec7t \u0111\u1ed9 theo ch\u01b0\u01a1ng tr\u00ecnh (h\u1ea1 nhi\u1ec7t v\u00e0 t\u0103ng nhi\u1ec7t \u0111\u1ed9) c\u00f3 bu\u1ed3ng \u0111\u00f4ng l\u1ea1nh 16 L \u0111\u01b0\u1ee3c \u1ee9ng d\u1ee5ng h\u1ea1 nhi\u1ec7t\u00a0c\u00e1c m\u1eabu sinh h\u1ecdc v\u00e0 \u0111\u01b0\u1ee3c ch\u1ee9ng nh\u1eadn MDD (Ch\u1ec9 th\u1ecb v\u1ec1 thi\u1ebft b\u1ecb y t\u1ebf).\" \/>\n<meta property=\"og:url\" content=\"https:\/\/biogroupvietnam.com\/vi\/san-pham\/icecube-14s\/\" \/>\n<meta property=\"og:site_name\" content=\"Biogroup Vietnam\" \/>\n<meta property=\"article:modified_time\" content=\"2025-11-17T10:00:35+00:00\" \/>\n<meta property=\"og:image\" content=\"https:\/\/biogroupvietnam.com\/wp-content\/uploads\/2025\/08\/IceCube-14S.jpg\" \/>\n\t<meta property=\"og:image:width\" content=\"1640\" \/>\n\t<meta property=\"og:image:height\" content=\"1260\" \/>\n\t<meta property=\"og:image:type\" content=\"image\/jpeg\" \/>\n<meta name=\"twitter:card\" content=\"summary_large_image\" \/>\n<meta name=\"twitter:label1\" content=\"\u01af\u1edbc t\u00ednh th\u1eddi gian \u0111\u1ecdc\" \/>\n\t<meta name=\"twitter:data1\" content=\"7 ph\u00fat\" \/>\n<script type=\"application\/ld+json\" class=\"yoast-schema-graph\">{\"@context\":\"https:\/\/schema.org\",\"@graph\":[{\"@type\":\"WebPage\",\"@id\":\"https:\/\/biogroupvietnam.com\/vi\/san-pham\/icecube-14s\/\",\"url\":\"https:\/\/biogroupvietnam.com\/vi\/san-pham\/icecube-14s\/\",\"name\":\"M\u00e1y H\u1ea1 Nhi\u1ec7t \u0110\u1ed9 Theo Ch\u01b0\u01a1ng Tr\u00ecnh IceCube 14S\",\"isPartOf\":{\"@id\":\"https:\/\/biogroupvietnam.com\/vi\/#website\"},\"primaryImageOfPage\":{\"@id\":\"https:\/\/biogroupvietnam.com\/vi\/san-pham\/icecube-14s\/#primaryimage\"},\"image\":{\"@id\":\"https:\/\/biogroupvietnam.com\/vi\/san-pham\/icecube-14s\/#primaryimage\"},\"thumbnailUrl\":\"https:\/\/biogroupvietnam.com\/wp-content\/uploads\/2025\/08\/IceCube-14S.jpg\",\"datePublished\":\"2025-08-18T12:53:16+00:00\",\"dateModified\":\"2025-11-17T10:00:35+00:00\",\"description\":\"IceCube 14S l\u00e0 m\u00e1y\u00a0h\u1ea1 nhi\u1ec7t \u0111\u1ed9 theo ch\u01b0\u01a1ng tr\u00ecnh (h\u1ea1 nhi\u1ec7t v\u00e0 t\u0103ng nhi\u1ec7t \u0111\u1ed9) c\u00f3 bu\u1ed3ng \u0111\u00f4ng l\u1ea1nh 16 L \u0111\u01b0\u1ee3c \u1ee9ng d\u1ee5ng h\u1ea1 nhi\u1ec7t\u00a0c\u00e1c m\u1eabu sinh h\u1ecdc v\u00e0 \u0111\u01b0\u1ee3c ch\u1ee9ng nh\u1eadn MDD (Ch\u1ec9 th\u1ecb v\u1ec1 thi\u1ebft b\u1ecb y t\u1ebf).\",\"breadcrumb\":{\"@id\":\"https:\/\/biogroupvietnam.com\/vi\/san-pham\/icecube-14s\/#breadcrumb\"},\"inLanguage\":\"vi\",\"potentialAction\":[{\"@type\":\"ReadAction\",\"target\":[\"https:\/\/biogroupvietnam.com\/vi\/san-pham\/icecube-14s\/\"]}]},{\"@type\":\"ImageObject\",\"inLanguage\":\"vi\",\"@id\":\"https:\/\/biogroupvietnam.com\/vi\/san-pham\/icecube-14s\/#primaryimage\",\"url\":\"https:\/\/biogroupvietnam.com\/wp-content\/uploads\/2025\/08\/IceCube-14S.jpg\",\"contentUrl\":\"https:\/\/biogroupvietnam.com\/wp-content\/uploads\/2025\/08\/IceCube-14S.jpg\",\"width\":1640,\"height\":1260},{\"@type\":\"BreadcrumbList\",\"@id\":\"https:\/\/biogroupvietnam.com\/vi\/san-pham\/icecube-14s\/#breadcrumb\",\"itemListElement\":[{\"@type\":\"ListItem\",\"position\":1,\"name\":\"Trang ch\u1ee7\",\"item\":\"https:\/\/biogroupvietnam.com\/vi\/\"},{\"@type\":\"ListItem\",\"position\":2,\"name\":\"S\u1ea3n ph\u1ea9m\",\"item\":\"https:\/\/biogroupvietnam.com\/vi\/san-pham\/\"},{\"@type\":\"ListItem\",\"position\":3,\"name\":\"B\u1ea3o Qu\u1ea3n L\u1ea1nh T\u1ebf B\u00e0o\",\"item\":\"https:\/\/biogroupvietnam.com\/vi\/danh-muc-san-pham\/bao-quan-lanh-te-bao\/\"},{\"@type\":\"ListItem\",\"position\":4,\"name\":\"M\u00e1y H\u1ea1 Nhi\u1ec7t \u0110\u1ed9 Theo Ch\u01b0\u01a1ng Tr\u00ecnh\",\"item\":\"https:\/\/biogroupvietnam.com\/vi\/danh-muc-san-pham\/may-ha-nhiet-do-theo-chuong-trinh\/\"},{\"@type\":\"ListItem\",\"position\":5,\"name\":\"M\u00e1y H\u1ea1 Nhi\u1ec7t \u0110\u1ed9 Theo Ch\u01b0\u01a1ng Tr\u00ecnh IceCube 14S\"}]},{\"@type\":\"WebSite\",\"@id\":\"https:\/\/biogroupvietnam.com\/vi\/#website\",\"url\":\"https:\/\/biogroupvietnam.com\/vi\/\",\"name\":\"Biogroup Vietnam\",\"description\":\"Biogroup Vietnam cung c\u1ea5p d\u1ecbch v\u1ee5 k\u1ef9 thu\u1eadt c\u00f9ng thi\u1ebft b\u1ecb, v\u1eadt t\u01b0, h\u00f3a ch\u1ea5t v\u00e0 gi\u1ea3i ph\u00e1p sinh h\u1ecdc cho ph\u00f2ng th\u00ed nghi\u1ec7m c\u00f4ng ngh\u1ec7 sinh h\u1ecdc, y sinh v\u00e0 y h\u1ecdc t\u00e1i t\u1ea1o.\",\"potentialAction\":[{\"@type\":\"SearchAction\",\"target\":{\"@type\":\"EntryPoint\",\"urlTemplate\":\"https:\/\/biogroupvietnam.com\/vi\/?s={search_term_string}\"},\"query-input\":{\"@type\":\"PropertyValueSpecification\",\"valueRequired\":true,\"valueName\":\"search_term_string\"}}],\"inLanguage\":\"vi\"}]}<\/script>\n<!-- \/ Yoast SEO plugin. -->","yoast_head_json":{"title":"M\u00e1y H\u1ea1 Nhi\u1ec7t \u0110\u1ed9 Theo Ch\u01b0\u01a1ng Tr\u00ecnh IceCube 14S","description":"IceCube 14S l\u00e0 m\u00e1y\u00a0h\u1ea1 nhi\u1ec7t \u0111\u1ed9 theo ch\u01b0\u01a1ng tr\u00ecnh (h\u1ea1 nhi\u1ec7t v\u00e0 t\u0103ng nhi\u1ec7t \u0111\u1ed9) c\u00f3 bu\u1ed3ng \u0111\u00f4ng l\u1ea1nh 16 L \u0111\u01b0\u1ee3c \u1ee9ng d\u1ee5ng h\u1ea1 nhi\u1ec7t\u00a0c\u00e1c m\u1eabu sinh h\u1ecdc v\u00e0 \u0111\u01b0\u1ee3c ch\u1ee9ng nh\u1eadn MDD (Ch\u1ec9 th\u1ecb v\u1ec1 thi\u1ebft b\u1ecb y t\u1ebf).","robots":{"index":"index","follow":"follow","max-snippet":"max-snippet:-1","max-image-preview":"max-image-preview:large","max-video-preview":"max-video-preview:-1"},"canonical":"https:\/\/biogroupvietnam.com\/vi\/san-pham\/icecube-14s\/","og_locale":"vi_VN","og_type":"article","og_title":"M\u00e1y H\u1ea1 Nhi\u1ec7t \u0110\u1ed9 Theo Ch\u01b0\u01a1ng Tr\u00ecnh IceCube 14S","og_description":"IceCube 14S l\u00e0 m\u00e1y\u00a0h\u1ea1 nhi\u1ec7t \u0111\u1ed9 theo ch\u01b0\u01a1ng tr\u00ecnh (h\u1ea1 nhi\u1ec7t v\u00e0 t\u0103ng nhi\u1ec7t \u0111\u1ed9) c\u00f3 bu\u1ed3ng \u0111\u00f4ng l\u1ea1nh 16 L \u0111\u01b0\u1ee3c \u1ee9ng d\u1ee5ng h\u1ea1 nhi\u1ec7t\u00a0c\u00e1c m\u1eabu sinh h\u1ecdc v\u00e0 \u0111\u01b0\u1ee3c ch\u1ee9ng nh\u1eadn MDD (Ch\u1ec9 th\u1ecb v\u1ec1 thi\u1ebft b\u1ecb y t\u1ebf).","og_url":"https:\/\/biogroupvietnam.com\/vi\/san-pham\/icecube-14s\/","og_site_name":"Biogroup Vietnam","article_modified_time":"2025-11-17T10:00:35+00:00","og_image":[{"width":1640,"height":1260,"url":"https:\/\/biogroupvietnam.com\/wp-content\/uploads\/2025\/08\/IceCube-14S.jpg","type":"image\/jpeg"}],"twitter_card":"summary_large_image","twitter_misc":{"\u01af\u1edbc t\u00ednh th\u1eddi gian \u0111\u1ecdc":"7 ph\u00fat"},"schema":{"@context":"https:\/\/schema.org","@graph":[{"@type":"WebPage","@id":"https:\/\/biogroupvietnam.com\/vi\/san-pham\/icecube-14s\/","url":"https:\/\/biogroupvietnam.com\/vi\/san-pham\/icecube-14s\/","name":"M\u00e1y H\u1ea1 Nhi\u1ec7t \u0110\u1ed9 Theo Ch\u01b0\u01a1ng Tr\u00ecnh IceCube 14S","isPartOf":{"@id":"https:\/\/biogroupvietnam.com\/vi\/#website"},"primaryImageOfPage":{"@id":"https:\/\/biogroupvietnam.com\/vi\/san-pham\/icecube-14s\/#primaryimage"},"image":{"@id":"https:\/\/biogroupvietnam.com\/vi\/san-pham\/icecube-14s\/#primaryimage"},"thumbnailUrl":"https:\/\/biogroupvietnam.com\/wp-content\/uploads\/2025\/08\/IceCube-14S.jpg","datePublished":"2025-08-18T12:53:16+00:00","dateModified":"2025-11-17T10:00:35+00:00","description":"IceCube 14S l\u00e0 m\u00e1y\u00a0h\u1ea1 nhi\u1ec7t \u0111\u1ed9 theo ch\u01b0\u01a1ng tr\u00ecnh (h\u1ea1 nhi\u1ec7t v\u00e0 t\u0103ng nhi\u1ec7t \u0111\u1ed9) c\u00f3 bu\u1ed3ng \u0111\u00f4ng l\u1ea1nh 16 L \u0111\u01b0\u1ee3c \u1ee9ng d\u1ee5ng h\u1ea1 nhi\u1ec7t\u00a0c\u00e1c m\u1eabu sinh h\u1ecdc v\u00e0 \u0111\u01b0\u1ee3c ch\u1ee9ng nh\u1eadn MDD (Ch\u1ec9 th\u1ecb v\u1ec1 thi\u1ebft b\u1ecb y t\u1ebf).","breadcrumb":{"@id":"https:\/\/biogroupvietnam.com\/vi\/san-pham\/icecube-14s\/#breadcrumb"},"inLanguage":"vi","potentialAction":[{"@type":"ReadAction","target":["https:\/\/biogroupvietnam.com\/vi\/san-pham\/icecube-14s\/"]}]},{"@type":"ImageObject","inLanguage":"vi","@id":"https:\/\/biogroupvietnam.com\/vi\/san-pham\/icecube-14s\/#primaryimage","url":"https:\/\/biogroupvietnam.com\/wp-content\/uploads\/2025\/08\/IceCube-14S.jpg","contentUrl":"https:\/\/biogroupvietnam.com\/wp-content\/uploads\/2025\/08\/IceCube-14S.jpg","width":1640,"height":1260},{"@type":"BreadcrumbList","@id":"https:\/\/biogroupvietnam.com\/vi\/san-pham\/icecube-14s\/#breadcrumb","itemListElement":[{"@type":"ListItem","position":1,"name":"Trang ch\u1ee7","item":"https:\/\/biogroupvietnam.com\/vi\/"},{"@type":"ListItem","position":2,"name":"S\u1ea3n ph\u1ea9m","item":"https:\/\/biogroupvietnam.com\/vi\/san-pham\/"},{"@type":"ListItem","position":3,"name":"B\u1ea3o Qu\u1ea3n L\u1ea1nh T\u1ebf B\u00e0o","item":"https:\/\/biogroupvietnam.com\/vi\/danh-muc-san-pham\/bao-quan-lanh-te-bao\/"},{"@type":"ListItem","position":4,"name":"M\u00e1y H\u1ea1 Nhi\u1ec7t \u0110\u1ed9 Theo Ch\u01b0\u01a1ng Tr\u00ecnh","item":"https:\/\/biogroupvietnam.com\/vi\/danh-muc-san-pham\/may-ha-nhiet-do-theo-chuong-trinh\/"},{"@type":"ListItem","position":5,"name":"M\u00e1y H\u1ea1 Nhi\u1ec7t \u0110\u1ed9 Theo Ch\u01b0\u01a1ng Tr\u00ecnh IceCube 14S"}]},{"@type":"WebSite","@id":"https:\/\/biogroupvietnam.com\/vi\/#website","url":"https:\/\/biogroupvietnam.com\/vi\/","name":"Biogroup Vietnam","description":"Biogroup Vietnam cung c\u1ea5p d\u1ecbch v\u1ee5 k\u1ef9 thu\u1eadt c\u00f9ng thi\u1ebft b\u1ecb, v\u1eadt t\u01b0, h\u00f3a ch\u1ea5t v\u00e0 gi\u1ea3i ph\u00e1p sinh h\u1ecdc cho ph\u00f2ng th\u00ed nghi\u1ec7m c\u00f4ng ngh\u1ec7 sinh h\u1ecdc, y sinh v\u00e0 y h\u1ecdc t\u00e1i t\u1ea1o.","potentialAction":[{"@type":"SearchAction","target":{"@type":"EntryPoint","urlTemplate":"https:\/\/biogroupvietnam.com\/vi\/?s={search_term_string}"},"query-input":{"@type":"PropertyValueSpecification","valueRequired":true,"valueName":"search_term_string"}}],"inLanguage":"vi"}]}},"_links":{"self":[{"href":"https:\/\/biogroupvietnam.com\/vi\/wp-json\/wp\/v2\/product\/3784","targetHints":{"allow":["GET"]}}],"collection":[{"href":"https:\/\/biogroupvietnam.com\/vi\/wp-json\/wp\/v2\/product"}],"about":[{"href":"https:\/\/biogroupvietnam.com\/vi\/wp-json\/wp\/v2\/types\/product"}],"replies":[{"embeddable":true,"href":"https:\/\/biogroupvietnam.com\/vi\/wp-json\/wp\/v2\/comments?post=3784"}],"version-history":[{"count":3,"href":"https:\/\/biogroupvietnam.com\/vi\/wp-json\/wp\/v2\/product\/3784\/revisions"}],"predecessor-version":[{"id":9021,"href":"https:\/\/biogroupvietnam.com\/vi\/wp-json\/wp\/v2\/product\/3784\/revisions\/9021"}],"wp:featuredmedia":[{"embeddable":true,"href":"https:\/\/biogroupvietnam.com\/vi\/wp-json\/wp\/v2\/media\/9017"}],"wp:attachment":[{"href":"https:\/\/biogroupvietnam.com\/vi\/wp-json\/wp\/v2\/media?parent=3784"}],"wp:term":[{"taxonomy":"product_brand","embeddable":true,"href":"https:\/\/biogroupvietnam.com\/vi\/wp-json\/wp\/v2\/product_brand?post=3784"},{"taxonomy":"product_cat","embeddable":true,"href":"https:\/\/biogroupvietnam.com\/vi\/wp-json\/wp\/v2\/product_cat?post=3784"},{"taxonomy":"product_tag","embeddable":true,"href":"https:\/\/biogroupvietnam.com\/vi\/wp-json\/wp\/v2\/product_tag?post=3784"}],"curies":[{"name":"wp","href":"https:\/\/api.w.org\/{rel}","templated":true}]}}