{"id":3785,"date":"2025-08-18T19:53:17","date_gmt":"2025-08-18T12:53:17","guid":{"rendered":"http:\/\/biogroupvietnam-worldpress.local\/product\/import-placeholder-for-111\/"},"modified":"2026-04-06T11:32:33","modified_gmt":"2026-04-06T04:32:33","slug":"stemspan-aof","status":"publish","type":"product","link":"https:\/\/biogroupvietnam.com\/vi\/san-pham\/stemspan-aof\/","title":{"rendered":"M\u00f4i tr\u01b0\u1eddng StemSpan\u2122-AOF T\u0103ng Sinh T\u1ebf B\u00e0o G\u1ed1c T\u1ea1o M\u00e1u"},"content":{"rendered":"<p>M\u00f4i tr\u01b0\u1eddng StemSpan\u2122-AOF \u0111\u1ea1t ch\u1ee9ng nh\u1eadn cGMP, kh\u00f4ng ch\u1ee9a th\u00e0nh ph\u1ea7n c\u00f3 ngu\u1ed3n g\u1ed1c t\u1eeb \u0111\u1ed9ng v\u1eadt, d\u00f9ng cho nu\u00f4i c\u1ea5y v\u00e0 t\u0103ng sinh t\u1ebf b\u00e0o g\u1ed1c t\u1ea1o m\u00e1u c\u1ee7a ng\u01b0\u1eddi.<\/p>\n<h3><strong>T\u1ed5ng quan<\/strong><\/h3>\n<p>StemSpan\u2122-AOF l\u00e0 m\u00f4i tr\u01b0\u1eddng kh\u00f4ng c\u00f3 ngu\u1ed3n g\u1ed1c \u0111\u1ed9ng v\u1eadt (AOF) \u0111\u00e3 \u0111\u01b0\u1ee3c ph\u00e1t tri\u1ec3n \u0111\u1ec3 nu\u00f4i c\u1ea5y v\u00e0 t\u0103ng sinh c\u00e1c t\u1ebf b\u00e0o t\u1ea1o m\u00e1u c\u1ee7a ng\u01b0\u1eddi trong \u1ed1ng nghi\u1ec7m.StemSpan\u2122-AOF ch\u1ec9 ch\u1ee9a c\u00e1c protein t\u00e1i t\u1ed5 h\u1ee3p v\u00e0 c\u00e1c th\u00e0nh ph\u1ea7n t\u1ed5ng h\u1ee3p, kh\u00f4ng ch\u1ee9a huy\u1ebft thanh ho\u1eb7c c\u00e1c th\u00e0nh ph\u1ea7n c\u00f3 ngu\u1ed3n g\u1ed1c t\u1eeb ng\u01b0\u1eddi ho\u1eb7c \u0111\u1ed9ng v\u1eadt kh\u00e1c.<\/p>\n<p>StemSpan\u2122-AOF l\u00e0 m\u1ed9t m\u00f4i tr\u01b0\u1eddng ch\u01b0a ho\u00e0n ch\u1ec9nh, ch\u01b0a \u0111\u01b0\u1ee3c b\u1ed5 sung c\u00e1c y\u1ebfu t\u1ed1 t\u0103ng tr\u01b0\u1edfng\/cytokine (<i>growth factors\/cytokines<\/i>) v\u00e0 c\u00e1c ch\u1ea5t b\u1ed5 sung c\u1ea7n thi\u1ebft.\u00a0\u0110i\u1ec1u n\u00e0y cho ph\u00e9p ng\u01b0\u1eddi d\u00f9ng c\u00f3 th\u1ec3 \u0111i\u1ec1u ch\u1ec9nh c\u00e1c th\u00e0nh ph\u1ea7n trong qu\u00e1 tr\u00ecnh chu\u1ea9n b\u1ecb m\u00f4i tr\u01b0\u1eddng nu\u00f4i c\u1ea5y \u0111\u1ec3 ph\u00f9 h\u1ee3p y\u00eau c\u1ea7u c\u1ee7a h\u1ecd.<\/p>\n<p>Khi \u0111\u01b0\u1ee3c b\u1ed5 sung cytokine th\u00edch h\u1ee3p, StemSpan\u2122-AOF c\u00f3 th\u1ec3 s\u1eed d\u1ee5ng \u0111\u1ec3 t\u0103ng sinh c\u00e1c t\u1ebf b\u00e0o CD34+ thu nh\u1eadn t\u1eeb t\u1ee7y x\u01b0\u01a1ng, m\u00e1u ngo\u1ea1i vi ho\u1eb7c m\u00e1u cu\u1ed1ng r\u1ed1n. N\u00f3 c\u0169ng c\u00f3 th\u1ec3 t\u0103ng sinh v\u00e0 bi\u1ec7t h\u00f3a c\u00e1c t\u1ebf b\u00e0o ti\u1ec1n th\u00e2n th\u00e0nh t\u1ebf b\u00e0o d\u00f2ng t\u1ee7y (myeloid) ho\u1eb7c t\u1ebf b\u00e0o megakaryocyte.<\/p>\n<p><i><strong>L\u01b0u \u00fd:<\/strong> M\u00f4i tr\u01b0\u1eddng n\u00e0y thay th\u1ebf cho m\u00f4i tr\u01b0\u1eddng StemSpan\u2122-ACF (Catalog # 09855).<\/i><\/p>\n<h3><strong>\u1ee8ng d\u1ee5ng c\u1ee7a m\u00f4i tr\u01b0\u1eddng StemSpan\u2122-AOF<\/strong><\/h3>\n<ul>\n<li>T\u0103ng sinh v\u00e0 bi\u1ec7t h\u00f3a t\u1ebf b\u00e0o g\u1ed1c t\u1ea1o m\u00e1u ng\u01b0\u1eddi (HSPC).<\/li>\n<li>\u1ee8ng d\u1ee5ng trong c\u00e1c li\u1ec7u ph\u00e1p ch\u1ec9nh s\u1eeda gen.<\/li>\n<\/ul>\n<h3><strong>\u0110\u1eb7c \u0111i\u1ec3m n\u1ed5i b\u1eadt c\u1ee7a m\u00f4i tr\u01b0\u1eddng StemSpan\u2122-AOF<\/strong><\/h3>\n<ul>\n<li>Kh\u1ea3 n\u0103ng t\u0103ng sinh c\u00e1c t\u1ebf b\u00e0o CD34+ c\u00f3 ngu\u1ed3n g\u1ed1c t\u1eeb m\u00e1u d\u00e2y r\u1ed1n ng\u01b0\u1eddi g\u1ea5p.20 l\u1ea7n sau 7 ng\u00e0y nu\u00f4i c\u1ea5y.<\/li>\n<li>Duy tr\u00ec qu\u1ea7n th\u1ec3 \u201cCD34brightCD90 + CD45RA\u201d- trong nu\u00f4i c\u1ea5y<\/li>\n<li>Th\u00edch h\u1ee3p \u0111\u1ec3 s\u1eed d\u1ee5ng trong c\u00e1c quy tr\u00ecnh ch\u1ec9nh s\u1eeda gen.<\/li>\n<li>Kh\u00f4ng c\u00f3 th\u00e0nh ph\u1ea7n \u0111\u1ed9ng v\u1eadt v\u00e0 kh\u00f4ng c\u00f3 Phenol red.<\/li>\n<li>\u0110\u01b0\u1ee3c s\u1ea3n xu\u1ea5t v\u00e0 th\u1eed nghi\u1ec7m theo cGMPs.<\/li>\n<li>Nguy\u00ean li\u1ec7u th\u00f4 c\u00f3 ngu\u1ed3n g\u1ed1c \u0111\u1ea7y \u0111\u1ee7.<\/li>\n<\/ul>\n<h3><strong>B\u1ea3o qu\u1ea3n<\/strong><\/h3>\n<ul>\n<li>Nhi\u1ec7t \u0111\u1ed9 b\u1ea3o qu\u1ea3n: 2-8oC. Kh\u00f4ng \u0111\u00f4ng l\u1ea1nh.<\/li>\n<\/ul>\n<h3><strong>Th\u00e0nh ph\u1ea7n<\/strong><\/h3>\n<ul>\n<li>S\u1ea3n ph\u1ea9m n\u00e0y ch\u1ec9 ch\u1ee9a c\u00e1c protein t\u00e1i t\u1ed5 h\u1ee3p v\u00e0 c\u00e1c th\u00e0nh ph\u1ea7n t\u1ed5ng h\u1ee3p.<\/li>\n<\/ul>\n<h3><strong>Th\u00f4ng tin \u0111\u1eb7t h\u00e0ng<\/strong><\/h3>\n<ul>\n<li>M\u00f4i tr\u01b0\u1eddng StemSpan\u2122 AOF chai 500 mL (Catalog #100-0130).<\/li>\n<\/ul>\n","protected":false},"excerpt":{"rendered":"<p>M\u00f4i tr\u01b0\u1eddng StemSpan\u2122-AOF \u0111\u1ea1t ch\u1ee9ng nh\u1eadn cGMP, kh\u00f4ng ch\u1ee9a th\u00e0nh ph\u1ea7n c\u00f3 ngu\u1ed3n g\u1ed1c t\u1eeb \u0111\u1ed9ng v\u1eadt, d\u00f9ng cho nu\u00f4i c\u1ea5y v\u00e0 t\u0103ng sinh t\u1ebf b\u00e0o g\u1ed1c t\u1ea1o m\u00e1u c\u1ee7a ng\u01b0\u1eddi. T\u1ed5ng quan StemSpan\u2122-AOF l\u00e0 m\u00f4i tr\u01b0\u1eddng kh\u00f4ng c\u00f3 ngu\u1ed3n g\u1ed1c \u0111\u1ed9ng v\u1eadt (AOF) \u0111\u00e3 \u0111\u01b0\u1ee3c ph\u00e1t tri\u1ec3n \u0111\u1ec3 nu\u00f4i c\u1ea5y v\u00e0 t\u0103ng sinh c\u00e1c<\/p>\n<div class=\"klb-readmore post-buttons\"><a class=\"button rounded primary\" href=\"https:\/\/biogroupvietnam.com\/vi\/san-pham\/stemspan-aof\/\">Read More <i class=\"klbth-icon-right-arrow\"><\/i><\/a><\/div>\n","protected":false},"featured_media":10213,"comment_status":"closed","ping_status":"closed","template":"","meta":{"_acf_changed":false},"product_brand":[127],"product_cat":[92],"product_tag":[],"class_list":{"0":"post-3785","1":"product","2":"type-product","3":"status-publish","4":"has-post-thumbnail","6":"product_brand-stemcell-technologies","7":"product_cat-te-bao-goc-tao-mau-hsc","9":"first","10":"outofstock","11":"shipping-taxable","12":"product-type-simple"},"acf":[],"yoast_head":"<!-- This site is optimized with the Yoast SEO plugin v26.8 - https:\/\/yoast.com\/product\/yoast-seo-wordpress\/ -->\n<title>M\u00f4i tr\u01b0\u1eddng StemSpan\u2122-AOF T\u0103ng Sinh T\u1ebf B\u00e0o G\u1ed1c T\u1ea1o M\u00e1u<\/title>\n<meta name=\"description\" content=\"M\u00f4i tr\u01b0\u1eddng StemSpan\u2122-AOF \u0111\u1ea1t ch\u1ee9ng nh\u1eadn cGMP, kh\u00f4ng ch\u1ee9a th\u00e0nh ph\u1ea7n c\u00f3 ngu\u1ed3n g\u1ed1c t\u1eeb \u0111\u1ed9ng v\u1eadt, d\u00f9ng cho nu\u00f4i c\u1ea5y v\u00e0 t\u0103ng sinh t\u1ebf b\u00e0o g\u1ed1c t\u1ea1o m\u00e1u c\u1ee7a ng\u01b0\u1eddi.\" \/>\n<meta name=\"robots\" content=\"index, follow, max-snippet:-1, max-image-preview:large, max-video-preview:-1\" \/>\n<link rel=\"canonical\" href=\"https:\/\/biogroupvietnam.com\/vi\/san-pham\/stemspan-aof\/\" \/>\n<meta property=\"og:locale\" content=\"vi_VN\" \/>\n<meta property=\"og:type\" content=\"article\" \/>\n<meta property=\"og:title\" content=\"M\u00f4i tr\u01b0\u1eddng StemSpan\u2122-AOF T\u0103ng Sinh T\u1ebf B\u00e0o G\u1ed1c T\u1ea1o M\u00e1u\" \/>\n<meta property=\"og:description\" content=\"M\u00f4i tr\u01b0\u1eddng StemSpan\u2122-AOF \u0111\u1ea1t ch\u1ee9ng nh\u1eadn cGMP, kh\u00f4ng ch\u1ee9a th\u00e0nh ph\u1ea7n c\u00f3 ngu\u1ed3n g\u1ed1c t\u1eeb \u0111\u1ed9ng v\u1eadt, d\u00f9ng cho nu\u00f4i c\u1ea5y v\u00e0 t\u0103ng sinh t\u1ebf b\u00e0o g\u1ed1c t\u1ea1o m\u00e1u c\u1ee7a ng\u01b0\u1eddi.\" \/>\n<meta property=\"og:url\" content=\"https:\/\/biogroupvietnam.com\/vi\/san-pham\/stemspan-aof\/\" \/>\n<meta property=\"og:site_name\" content=\"Biogroup Vietnam\" \/>\n<meta property=\"article:modified_time\" content=\"2026-04-06T04:32:33+00:00\" \/>\n<meta property=\"og:image\" content=\"https:\/\/biogroupvietnam.com\/wp-content\/uploads\/2025\/08\/moi-truong-stemspan-aof-tang-sinh-te-bao-goc-tao-mau.jpg\" \/>\n\t<meta property=\"og:image:width\" content=\"1640\" \/>\n\t<meta property=\"og:image:height\" content=\"1260\" \/>\n\t<meta property=\"og:image:type\" content=\"image\/jpeg\" \/>\n<meta name=\"twitter:card\" content=\"summary_large_image\" \/>\n<meta name=\"twitter:label1\" content=\"\u01af\u1edbc t\u00ednh th\u1eddi gian \u0111\u1ecdc\" \/>\n\t<meta name=\"twitter:data1\" content=\"3 ph\u00fat\" \/>\n<script type=\"application\/ld+json\" class=\"yoast-schema-graph\">{\"@context\":\"https:\/\/schema.org\",\"@graph\":[{\"@type\":\"WebPage\",\"@id\":\"https:\/\/biogroupvietnam.com\/vi\/san-pham\/stemspan-aof\/\",\"url\":\"https:\/\/biogroupvietnam.com\/vi\/san-pham\/stemspan-aof\/\",\"name\":\"M\u00f4i tr\u01b0\u1eddng StemSpan\u2122-AOF T\u0103ng Sinh T\u1ebf B\u00e0o G\u1ed1c T\u1ea1o M\u00e1u\",\"isPartOf\":{\"@id\":\"https:\/\/biogroupvietnam.com\/vi\/#website\"},\"primaryImageOfPage\":{\"@id\":\"https:\/\/biogroupvietnam.com\/vi\/san-pham\/stemspan-aof\/#primaryimage\"},\"image\":{\"@id\":\"https:\/\/biogroupvietnam.com\/vi\/san-pham\/stemspan-aof\/#primaryimage\"},\"thumbnailUrl\":\"https:\/\/biogroupvietnam.com\/wp-content\/uploads\/2025\/08\/moi-truong-stemspan-aof-tang-sinh-te-bao-goc-tao-mau.jpg\",\"datePublished\":\"2025-08-18T12:53:17+00:00\",\"dateModified\":\"2026-04-06T04:32:33+00:00\",\"description\":\"M\u00f4i tr\u01b0\u1eddng StemSpan\u2122-AOF \u0111\u1ea1t ch\u1ee9ng nh\u1eadn cGMP, kh\u00f4ng ch\u1ee9a th\u00e0nh ph\u1ea7n c\u00f3 ngu\u1ed3n g\u1ed1c t\u1eeb \u0111\u1ed9ng v\u1eadt, d\u00f9ng cho nu\u00f4i c\u1ea5y v\u00e0 t\u0103ng sinh t\u1ebf b\u00e0o g\u1ed1c t\u1ea1o m\u00e1u c\u1ee7a ng\u01b0\u1eddi.\",\"breadcrumb\":{\"@id\":\"https:\/\/biogroupvietnam.com\/vi\/san-pham\/stemspan-aof\/#breadcrumb\"},\"inLanguage\":\"vi\",\"potentialAction\":[{\"@type\":\"ReadAction\",\"target\":[\"https:\/\/biogroupvietnam.com\/vi\/san-pham\/stemspan-aof\/\"]}]},{\"@type\":\"ImageObject\",\"inLanguage\":\"vi\",\"@id\":\"https:\/\/biogroupvietnam.com\/vi\/san-pham\/stemspan-aof\/#primaryimage\",\"url\":\"https:\/\/biogroupvietnam.com\/wp-content\/uploads\/2025\/08\/moi-truong-stemspan-aof-tang-sinh-te-bao-goc-tao-mau.jpg\",\"contentUrl\":\"https:\/\/biogroupvietnam.com\/wp-content\/uploads\/2025\/08\/moi-truong-stemspan-aof-tang-sinh-te-bao-goc-tao-mau.jpg\",\"width\":1640,\"height\":1260,\"caption\":\"M\u00f4i tr\u01b0\u1eddng StemSpan\u2122-AOF T\u0103ng Sinh T\u1ebf B\u00e0o G\u1ed1c T\u1ea1o M\u00e1u\"},{\"@type\":\"BreadcrumbList\",\"@id\":\"https:\/\/biogroupvietnam.com\/vi\/san-pham\/stemspan-aof\/#breadcrumb\",\"itemListElement\":[{\"@type\":\"ListItem\",\"position\":1,\"name\":\"Trang ch\u1ee7\",\"item\":\"https:\/\/biogroupvietnam.com\/vi\/\"},{\"@type\":\"ListItem\",\"position\":2,\"name\":\"S\u1ea3n ph\u1ea9m\",\"item\":\"https:\/\/biogroupvietnam.com\/vi\/san-pham\/\"},{\"@type\":\"ListItem\",\"position\":3,\"name\":\"Nu\u00f4i C\u1ea5y T\u1ebf B\u00e0o\",\"item\":\"https:\/\/biogroupvietnam.com\/vi\/danh-muc-san-pham\/nuoi-cay-te-bao\/\"},{\"@type\":\"ListItem\",\"position\":4,\"name\":\"T\u1ebf B\u00e0o G\u1ed1c T\u1ea1o M\u00e1u (HSC)\",\"item\":\"https:\/\/biogroupvietnam.com\/vi\/danh-muc-san-pham\/te-bao-goc-tao-mau-hsc\/\"},{\"@type\":\"ListItem\",\"position\":5,\"name\":\"M\u00f4i tr\u01b0\u1eddng StemSpan\u2122-AOF T\u0103ng Sinh T\u1ebf B\u00e0o G\u1ed1c T\u1ea1o M\u00e1u\"}]},{\"@type\":\"WebSite\",\"@id\":\"https:\/\/biogroupvietnam.com\/vi\/#website\",\"url\":\"https:\/\/biogroupvietnam.com\/vi\/\",\"name\":\"Biogroup Vietnam\",\"description\":\"Biogroup Vietnam cung c\u1ea5p d\u1ecbch v\u1ee5 k\u1ef9 thu\u1eadt c\u00f9ng thi\u1ebft b\u1ecb, v\u1eadt t\u01b0, h\u00f3a ch\u1ea5t v\u00e0 gi\u1ea3i ph\u00e1p sinh h\u1ecdc cho ph\u00f2ng th\u00ed nghi\u1ec7m c\u00f4ng ngh\u1ec7 sinh h\u1ecdc, y sinh v\u00e0 y h\u1ecdc t\u00e1i t\u1ea1o.\",\"potentialAction\":[{\"@type\":\"SearchAction\",\"target\":{\"@type\":\"EntryPoint\",\"urlTemplate\":\"https:\/\/biogroupvietnam.com\/vi\/?s={search_term_string}\"},\"query-input\":{\"@type\":\"PropertyValueSpecification\",\"valueRequired\":true,\"valueName\":\"search_term_string\"}}],\"inLanguage\":\"vi\"}]}<\/script>\n<!-- \/ Yoast SEO plugin. -->","yoast_head_json":{"title":"M\u00f4i tr\u01b0\u1eddng StemSpan\u2122-AOF T\u0103ng Sinh T\u1ebf B\u00e0o G\u1ed1c T\u1ea1o M\u00e1u","description":"M\u00f4i tr\u01b0\u1eddng StemSpan\u2122-AOF \u0111\u1ea1t ch\u1ee9ng nh\u1eadn cGMP, kh\u00f4ng ch\u1ee9a th\u00e0nh ph\u1ea7n c\u00f3 ngu\u1ed3n g\u1ed1c t\u1eeb \u0111\u1ed9ng v\u1eadt, d\u00f9ng cho nu\u00f4i c\u1ea5y v\u00e0 t\u0103ng sinh t\u1ebf b\u00e0o g\u1ed1c t\u1ea1o m\u00e1u c\u1ee7a ng\u01b0\u1eddi.","robots":{"index":"index","follow":"follow","max-snippet":"max-snippet:-1","max-image-preview":"max-image-preview:large","max-video-preview":"max-video-preview:-1"},"canonical":"https:\/\/biogroupvietnam.com\/vi\/san-pham\/stemspan-aof\/","og_locale":"vi_VN","og_type":"article","og_title":"M\u00f4i tr\u01b0\u1eddng StemSpan\u2122-AOF T\u0103ng Sinh T\u1ebf B\u00e0o G\u1ed1c T\u1ea1o M\u00e1u","og_description":"M\u00f4i tr\u01b0\u1eddng StemSpan\u2122-AOF \u0111\u1ea1t ch\u1ee9ng nh\u1eadn cGMP, kh\u00f4ng ch\u1ee9a th\u00e0nh ph\u1ea7n c\u00f3 ngu\u1ed3n g\u1ed1c t\u1eeb \u0111\u1ed9ng v\u1eadt, d\u00f9ng cho nu\u00f4i c\u1ea5y v\u00e0 t\u0103ng sinh t\u1ebf b\u00e0o g\u1ed1c t\u1ea1o m\u00e1u c\u1ee7a ng\u01b0\u1eddi.","og_url":"https:\/\/biogroupvietnam.com\/vi\/san-pham\/stemspan-aof\/","og_site_name":"Biogroup Vietnam","article_modified_time":"2026-04-06T04:32:33+00:00","og_image":[{"width":1640,"height":1260,"url":"https:\/\/biogroupvietnam.com\/wp-content\/uploads\/2025\/08\/moi-truong-stemspan-aof-tang-sinh-te-bao-goc-tao-mau.jpg","type":"image\/jpeg"}],"twitter_card":"summary_large_image","twitter_misc":{"\u01af\u1edbc t\u00ednh th\u1eddi gian \u0111\u1ecdc":"3 ph\u00fat"},"schema":{"@context":"https:\/\/schema.org","@graph":[{"@type":"WebPage","@id":"https:\/\/biogroupvietnam.com\/vi\/san-pham\/stemspan-aof\/","url":"https:\/\/biogroupvietnam.com\/vi\/san-pham\/stemspan-aof\/","name":"M\u00f4i tr\u01b0\u1eddng StemSpan\u2122-AOF T\u0103ng Sinh T\u1ebf B\u00e0o G\u1ed1c T\u1ea1o M\u00e1u","isPartOf":{"@id":"https:\/\/biogroupvietnam.com\/vi\/#website"},"primaryImageOfPage":{"@id":"https:\/\/biogroupvietnam.com\/vi\/san-pham\/stemspan-aof\/#primaryimage"},"image":{"@id":"https:\/\/biogroupvietnam.com\/vi\/san-pham\/stemspan-aof\/#primaryimage"},"thumbnailUrl":"https:\/\/biogroupvietnam.com\/wp-content\/uploads\/2025\/08\/moi-truong-stemspan-aof-tang-sinh-te-bao-goc-tao-mau.jpg","datePublished":"2025-08-18T12:53:17+00:00","dateModified":"2026-04-06T04:32:33+00:00","description":"M\u00f4i tr\u01b0\u1eddng StemSpan\u2122-AOF \u0111\u1ea1t ch\u1ee9ng nh\u1eadn cGMP, kh\u00f4ng ch\u1ee9a th\u00e0nh ph\u1ea7n c\u00f3 ngu\u1ed3n g\u1ed1c t\u1eeb \u0111\u1ed9ng v\u1eadt, d\u00f9ng cho nu\u00f4i c\u1ea5y v\u00e0 t\u0103ng sinh t\u1ebf b\u00e0o g\u1ed1c t\u1ea1o m\u00e1u c\u1ee7a ng\u01b0\u1eddi.","breadcrumb":{"@id":"https:\/\/biogroupvietnam.com\/vi\/san-pham\/stemspan-aof\/#breadcrumb"},"inLanguage":"vi","potentialAction":[{"@type":"ReadAction","target":["https:\/\/biogroupvietnam.com\/vi\/san-pham\/stemspan-aof\/"]}]},{"@type":"ImageObject","inLanguage":"vi","@id":"https:\/\/biogroupvietnam.com\/vi\/san-pham\/stemspan-aof\/#primaryimage","url":"https:\/\/biogroupvietnam.com\/wp-content\/uploads\/2025\/08\/moi-truong-stemspan-aof-tang-sinh-te-bao-goc-tao-mau.jpg","contentUrl":"https:\/\/biogroupvietnam.com\/wp-content\/uploads\/2025\/08\/moi-truong-stemspan-aof-tang-sinh-te-bao-goc-tao-mau.jpg","width":1640,"height":1260,"caption":"M\u00f4i tr\u01b0\u1eddng StemSpan\u2122-AOF T\u0103ng Sinh T\u1ebf B\u00e0o G\u1ed1c T\u1ea1o M\u00e1u"},{"@type":"BreadcrumbList","@id":"https:\/\/biogroupvietnam.com\/vi\/san-pham\/stemspan-aof\/#breadcrumb","itemListElement":[{"@type":"ListItem","position":1,"name":"Trang ch\u1ee7","item":"https:\/\/biogroupvietnam.com\/vi\/"},{"@type":"ListItem","position":2,"name":"S\u1ea3n ph\u1ea9m","item":"https:\/\/biogroupvietnam.com\/vi\/san-pham\/"},{"@type":"ListItem","position":3,"name":"Nu\u00f4i C\u1ea5y T\u1ebf B\u00e0o","item":"https:\/\/biogroupvietnam.com\/vi\/danh-muc-san-pham\/nuoi-cay-te-bao\/"},{"@type":"ListItem","position":4,"name":"T\u1ebf B\u00e0o G\u1ed1c T\u1ea1o M\u00e1u (HSC)","item":"https:\/\/biogroupvietnam.com\/vi\/danh-muc-san-pham\/te-bao-goc-tao-mau-hsc\/"},{"@type":"ListItem","position":5,"name":"M\u00f4i tr\u01b0\u1eddng StemSpan\u2122-AOF T\u0103ng Sinh T\u1ebf B\u00e0o G\u1ed1c T\u1ea1o M\u00e1u"}]},{"@type":"WebSite","@id":"https:\/\/biogroupvietnam.com\/vi\/#website","url":"https:\/\/biogroupvietnam.com\/vi\/","name":"Biogroup Vietnam","description":"Biogroup Vietnam cung c\u1ea5p d\u1ecbch v\u1ee5 k\u1ef9 thu\u1eadt c\u00f9ng thi\u1ebft b\u1ecb, v\u1eadt t\u01b0, h\u00f3a ch\u1ea5t v\u00e0 gi\u1ea3i ph\u00e1p sinh h\u1ecdc cho ph\u00f2ng th\u00ed nghi\u1ec7m c\u00f4ng ngh\u1ec7 sinh h\u1ecdc, y sinh v\u00e0 y h\u1ecdc t\u00e1i t\u1ea1o.","potentialAction":[{"@type":"SearchAction","target":{"@type":"EntryPoint","urlTemplate":"https:\/\/biogroupvietnam.com\/vi\/?s={search_term_string}"},"query-input":{"@type":"PropertyValueSpecification","valueRequired":true,"valueName":"search_term_string"}}],"inLanguage":"vi"}]}},"_links":{"self":[{"href":"https:\/\/biogroupvietnam.com\/vi\/wp-json\/wp\/v2\/product\/3785","targetHints":{"allow":["GET"]}}],"collection":[{"href":"https:\/\/biogroupvietnam.com\/vi\/wp-json\/wp\/v2\/product"}],"about":[{"href":"https:\/\/biogroupvietnam.com\/vi\/wp-json\/wp\/v2\/types\/product"}],"replies":[{"embeddable":true,"href":"https:\/\/biogroupvietnam.com\/vi\/wp-json\/wp\/v2\/comments?post=3785"}],"version-history":[{"count":4,"href":"https:\/\/biogroupvietnam.com\/vi\/wp-json\/wp\/v2\/product\/3785\/revisions"}],"predecessor-version":[{"id":9809,"href":"https:\/\/biogroupvietnam.com\/vi\/wp-json\/wp\/v2\/product\/3785\/revisions\/9809"}],"wp:featuredmedia":[{"embeddable":true,"href":"https:\/\/biogroupvietnam.com\/vi\/wp-json\/wp\/v2\/media\/10213"}],"wp:attachment":[{"href":"https:\/\/biogroupvietnam.com\/vi\/wp-json\/wp\/v2\/media?parent=3785"}],"wp:term":[{"taxonomy":"product_brand","embeddable":true,"href":"https:\/\/biogroupvietnam.com\/vi\/wp-json\/wp\/v2\/product_brand?post=3785"},{"taxonomy":"product_cat","embeddable":true,"href":"https:\/\/biogroupvietnam.com\/vi\/wp-json\/wp\/v2\/product_cat?post=3785"},{"taxonomy":"product_tag","embeddable":true,"href":"https:\/\/biogroupvietnam.com\/vi\/wp-json\/wp\/v2\/product_tag?post=3785"}],"curies":[{"name":"wp","href":"https:\/\/api.w.org\/{rel}","templated":true}]}}