{"id":3786,"date":"2025-08-18T19:53:17","date_gmt":"2025-08-18T12:53:17","guid":{"rendered":"http:\/\/biogroupvietnam-worldpress.local\/product\/import-placeholder-for-112\/"},"modified":"2026-04-06T11:28:55","modified_gmt":"2026-04-06T04:28:55","slug":"ong-sepmate-50-ivd","status":"publish","type":"product","link":"https:\/\/biogroupvietnam.com\/vi\/san-pham\/ong-sepmate-50-ivd\/","title":{"rendered":"\u1ed0ng SepMate\u2122-50 (IVD) Ly T\u00e2m Gradient T\u1ef7 Tr\u1ecdng"},"content":{"rendered":"<p>\u1ed0ng SepMate\u2122-50 (IVD) v\u1edbi m\u1ed9t l\u1edbp \u0111\u1ec7m \u0111\u1ec3 ly t\u00e2m gradient t\u1ef7 tr\u1ecdng \u0111\u01b0\u1ee3c d\u00f9ng \u0111\u1ec3 ph\u00e2n l\u1eadp c\u00e1c t\u1ebf b\u00e0o \u0111\u01a1n nh\u00e2n (MNC) t\u1eeb t\u1ee7y x\u01b0\u01a1ng, m\u00e1u d\u00e2y r\u1ed1n ho\u1eb7c m\u00e1u to\u00e0n ph\u1ea7n trong x\u00e9t nghi\u1ec7m ch\u1ea9n \u0111o\u00e1n (IVD).<\/p>\n<h3><strong>T\u1ed5ng quan v\u1ec1\u00a0\u1ed1ng SepMate\u2122<\/strong><\/h3>\n<p>S\u1eed d\u1ee5ng \u1ed1ng SepMate\u2122 trong b\u01b0\u1edbc ly t\u00e2m gradient t\u1ef7 tr\u1ecdng gi\u00fap \u0111\u01a1n gi\u1ea3n h\u00f3a vi\u1ec7c ph\u00e2n l\u1eadp c\u00e1c t\u1ebf b\u00e0o \u0111\u01a1n nh\u00e2n (MNC) t\u1eeb m\u00e1u.<\/p>\n<p>C\u00e1c \u1ed1ng ly t\u00e2m SepMate\u2122 c\u00f3 m\u1ed9t l\u1edbp \u0111\u1ec7m chuy\u00ean d\u1ee5ng gi\u00fap gi\u1ea3m thi\u1ec3u s\u1ef1 tr\u1ed9n l\u1eabn c\u1ee7a m\u1eabu m\u00e1u v\u00e0 m\u00f4i tr\u01b0\u1eddng gradient t\u1ef7 tr\u1ecdng. Sau b\u01b0\u1edbc ly t\u00e2m, l\u1edbp huy\u1ebft t\u01b0\u01a1ng v\u00e0 t\u1ebf b\u00e0o \u0111\u01a1n nh\u00e2n (MNC) n\u1eb1m \u1edf ph\u1ea7n d\u1ecbch n\u1ed5i ph\u00eda tr\u00ean, trong khi m\u00f4i tr\u01b0\u1eddng gradient t\u1ef7 tr\u1ecdng, h\u1ed3ng c\u1ea7u v\u00e0 b\u1ea1ch c\u1ea7u h\u1ea1t \u0111\u01b0\u1ee3c gi\u1eef l\u1ea1i b\u00ean d\u01b0\u1edbi l\u1edbp \u0111\u1ec7m. Vi\u1ec7c thu nh\u1eadn t\u1ebf b\u00e0o tr\u1edf n\u00ean d\u1ec5 d\u00e0ng ch\u1ec9 v\u1edbi m\u1ed9t b\u01b0\u1edbc \u0111\u1ed5 ph\u1ea7n d\u1ecbch ph\u00eda tr\u00ean qua m\u1ed9t \u1ed1ng ly t\u00e2m m\u1edbi. C\u00e1c MNC \u0111\u01b0\u1ee3c r\u1eeda s\u1ea1ch v\u00e0 sau \u0111\u00f3 s\u1eb5n s\u00e0ng \u0111\u1ec3 s\u1eed d\u1ee5ng.<\/p>\n<p>\u1ed0ng SepMate\u2122 \u0111\u01b0\u1ee3c s\u1ea3n xu\u1ea5t theo ti\u00eau chu\u1ea9n cGMP v\u00e0 \u0111\u01b0\u1ee3c \u0111\u0103ng k\u00fd l\u00e0m thi\u1ebft b\u1ecb Ch\u1ea9n \u0111o\u00e1n trong \u1ed1ng nghi\u1ec7m (IVD) \u1edf \u00dac, Canada, Ch\u00e2u \u00c2u v\u00e0 Hoa K\u1ef3.<\/p>\n<p>L\u01afU \u00dd: <i>C\u00e1c \u1ed1ng ly t\u00e2m <strong>SepMate\u2122<\/strong> ph\u1ea3i \u0111\u01b0\u1ee3c d\u00f9ng v\u1edbi m\u00f4i tr\u01b0\u1eddng gradient t\u1ef7 tr\u1ecdng <\/i><a href=\"https:\/\/biogroupvietnam.com\/vi\/products\/nghien-cuu-sinh-hoc\/phan-lap-te-bao\/dung-dich-lymphoprep-ly-tam-ty-trong.html\"><i><strong>Lymphoprep\u2122<\/strong><\/i><\/a><i> (Catalog # 07801) ho\u1eb7c b\u1ea5t k\u1ef3 m\u00f4i tr\u01b0\u1eddng t\u01b0\u01a1ng t\u1ef1 n\u00e0o c\u00f3 t\u1ef7 tr\u1ecdng 1,077 g \/ mL \u0111\u01b0\u1ee3c thi\u1ebft k\u1ebf \u0111\u1ec3 ph\u00e2n t\u00e1ch c\u00e1c t\u1ebf b\u00e0o \u0111\u01a1n nh\u00e2n.<\/i><\/p>\n<p style=\"text-align: center;\"><img fetchpriority=\"high\" decoding=\"async\" src=\"https:\/\/biogroupvietnam.com\/uploads\/BIhpUtvoLIMCDDyr55DUjoCTZSAoCEuDHWSktXCj.png\" alt=\"sepmate\" width=\"496\" height=\"279\" \/><\/p>\n<h3><strong>\u1ee8ng d\u1ee5ng \u1ed1ng SepMate\u2122<\/strong><\/h3>\n<p>\u1ed0ng SepMate\u2122-50 \u0111\u01b0\u1ee3c d\u00f9ng \u0111\u1ec3 ph\u00e2n l\u1eadp c\u00e1c t\u1ebf b\u00e0o \u0111\u01a1n nh\u00e2n (MNC) t\u1eeb t\u1ee7y x\u01b0\u01a1ng, m\u00e1u d\u00e2y r\u1ed1ng ho\u1eb7c m\u00e1u to\u00e0n ph\u1ea7n b\u1eb1ng ph\u01b0\u01a1ng ph\u00e1p ly t\u00e2m t\u1ef7 tr\u1ecdng trong x\u00e9t nghi\u1ec7m ch\u1ea9n \u0111o\u00e1n (IVD).<\/p>\n<p>\u1ed0ng SepMate\u2122-50 \u0111\u01b0\u1ee3c d\u00f9ng trong ph\u00e2n t\u00edch HLA, ph\u00e2n l\u1eadp t\u1ebf b\u00e0o g\u1ed1c t\u1ea1o m\u00e1u, c\u00e1c nghi\u00ean c\u1ee9u t\u1ebf b\u00e0o T, t\u1ebf b\u00e0o B,\u2026<\/p>\n<ul>\n<li>\u0110\u01a1n gi\u1ea3n h\u00f3a ph\u00e2n l\u1eadp t\u1ebf b\u00e0o \u0111\u01a1n nh\u00e2n m\u00e1u ngo\u1ea1i vi (PBMC) trong 15 ph\u00fat b\u1eb1ng s\u1eed d\u1ee5ng \u1ed1ng SepMate\u2122 (<a href=\"https:\/\/www.stemcell.com\/technical-resources\/how-to-isolate-mononuclear-cells-from-whole-blood-by-density-gradient-centrifugation.html\">Video<\/a>).<\/li>\n<\/ul>\n<h3><strong>\u0110\u1eb7c \u0111i\u1ec3m n\u1ed5i b\u1eadt c\u1ee7a \u1ed1ng SepMate\u2122-50 (IVD)<\/strong><\/h3>\n<ul>\n<li>Lo\u1ea1i b\u1ecf vi\u1ec7c ph\u00e2n l\u1edbp c\u00e1c ph\u00e2n \u0111o\u1ea1n t\u1ebf b\u00e0o m\u00e1u tr\u00ean m\u00f4i tr\u01b0\u1eddng gradient t\u1ef7 tr\u1ecdng.<\/li>\n<li>Th\u1eddi gian ly t\u00e2m ng\u1eafn, 10 ph\u00fat.<\/li>\n<li>Thu nh\u1eadn nhanh v\u00e0 d\u1ec5 d\u00e0ng ch\u1ec9 b\u1eb1ng b\u01b0\u1edbc \u0111\u1ed5 ph\u1ea7n d\u1ecbch n\u1ed5i ch\u1ee9a t\u1ebf b\u00e0o \u0111\u01a1n nh\u00e2n qua m\u1ed9t \u1ed1ng ly t\u00e2m m\u1edbi.<\/li>\n<li>S\u1ea3n ph\u1ea9m n\u00e0y c\u00f3 th\u1ec3 \u0111\u01b0\u1ee3c s\u1eed d\u1ee5ng v\u1edbi <a href=\"https:\/\/biogroupvietnam.com\/vi\/products\/xet-nghiem-sinh-hoc\/phan-lap-te-bao\/robosep-s.html\">h\u1ec7 th\u1ed1ng\u00a0RosetteSep<\/a>\u2122\u00a0\u0111\u1ec3 ph\u00e2n l\u1eadp c\u00e1c t\u1ebf b\u00e0o mi\u1ec5n d\u1ecbch c\u1ee5 th\u1ec3 trong th\u1eddi gian 30 ph\u00fat.<\/li>\n<\/ul>\n<h3><strong>\u0110\u1ed9 v\u00f4 tr\u00f9ng<\/strong><\/h3>\n<ul>\n<li>\u1ed0ng SepMate\u2122 \u0111\u01b0\u1ee3c kh\u1eed tr\u00f9ng b\u1eb1ng c\u00e1ch chi\u1ebfu x\u1ea1.<\/li>\n<li>\u0110\u1ea3m b\u1ea3o v\u00f4 tr\u00f9ng n\u1ebfu g\u00f3i ch\u01b0a m\u1edf ho\u1eb7c kh\u00f4ng b\u1ecb r\u00e1ch bao b\u00ec.<\/li>\n<li>Kh\u00f4ng s\u1eed d\u1ee5ng l\u1ea1i ho\u1eb7c ti\u1ec7t tr\u00f9ng l\u1ea1i.<\/li>\n<\/ul>\n<h3><strong>Th\u00f4ng tin \u0111\u1eb7t h\u00e0ng<\/strong><\/h3>\n<ul>\n<li>\u1ed0ng SepMate\u2122 50mL, 100 \u1ed1ng (4 x 25 \u1ed1ng\/g\u00f3i) (Catalog #85450).<\/li>\n<li>\u1ed0ng SepMate\u2122, 50mL, 500 \u1ed1ng (4 x 25 \u1ed1ng\/g\u00f3i x 5 g\u00f3i) (Catalog #85460).<\/li>\n<\/ul>\n<h3><a href=\"https:\/\/www.stemcell.com\/sepmate-50-ivd.html\">Tham kh\u1ea3o<\/a> d\u1eef li\u1ec7u khoa h\u1ecdc &amp; c\u00e1c b\u00e0i b\u00e1o khoa h\u1ecdc<\/h3>\n","protected":false},"excerpt":{"rendered":"<p>\u1ed0ng SepMate\u2122-50 (IVD) v\u1edbi m\u1ed9t l\u1edbp \u0111\u1ec7m \u0111\u1ec3 ly t\u00e2m gradient t\u1ef7 tr\u1ecdng \u0111\u01b0\u1ee3c d\u00f9ng \u0111\u1ec3 ph\u00e2n l\u1eadp c\u00e1c t\u1ebf b\u00e0o \u0111\u01a1n nh\u00e2n (MNC) t\u1eeb t\u1ee7y x\u01b0\u01a1ng, m\u00e1u d\u00e2y r\u1ed1n ho\u1eb7c m\u00e1u to\u00e0n ph\u1ea7n trong x\u00e9t nghi\u1ec7m ch\u1ea9n \u0111o\u00e1n (IVD). T\u1ed5ng quan v\u1ec1\u00a0\u1ed1ng SepMate\u2122 S\u1eed d\u1ee5ng \u1ed1ng SepMate\u2122 trong b\u01b0\u1edbc ly t\u00e2m gradient t\u1ef7 tr\u1ecdng<\/p>\n<div class=\"klb-readmore post-buttons\"><a class=\"button rounded primary\" href=\"https:\/\/biogroupvietnam.com\/vi\/san-pham\/ong-sepmate-50-ivd\/\">Read More <i class=\"klbth-icon-right-arrow\"><\/i><\/a><\/div>\n","protected":false},"featured_media":10211,"comment_status":"closed","ping_status":"closed","template":"","meta":{"_acf_changed":false},"product_brand":[127],"product_cat":[115],"product_tag":[],"class_list":{"0":"post-3786","1":"product","2":"type-product","3":"status-publish","4":"has-post-thumbnail","6":"product_brand-stemcell-technologies","7":"product_cat-phan-lap-te-bao","9":"first","10":"outofstock","11":"shipping-taxable","12":"product-type-simple"},"acf":[],"yoast_head":"<!-- This site is optimized with the Yoast SEO plugin v26.8 - https:\/\/yoast.com\/product\/yoast-seo-wordpress\/ -->\n<title>\u1ed0ng SepMate\u2122-50 (IVD) Ly T\u00e2m Gradient T\u1ef7 Tr\u1ecdng<\/title>\n<meta name=\"description\" content=\"\u1ed0ng SepMate\u2122-50 (IVD) v\u1edbi m\u1ed9t l\u1edbp \u0111\u1ec7m \u0111\u1ec3 ly t\u00e2m gradient t\u1ef7 tr\u1ecdng d\u00f9ng \u0111\u1ec3 ph\u00e2n l\u1eadp c\u00e1c t\u1ebf b\u00e0o \u0111\u01a1n nh\u00e2n (MNC) t\u1eeb t\u1ee7y x\u01b0\u01a1ng, m\u00e1u d\u00e2y r\u1ed1n ho\u1eb7c m\u00e1u to\u00e0n ph\u1ea7n.\" \/>\n<meta name=\"robots\" content=\"index, follow, max-snippet:-1, max-image-preview:large, max-video-preview:-1\" \/>\n<link rel=\"canonical\" href=\"https:\/\/biogroupvietnam.com\/vi\/san-pham\/ong-sepmate-50-ivd\/\" \/>\n<meta property=\"og:locale\" content=\"vi_VN\" \/>\n<meta property=\"og:type\" content=\"article\" \/>\n<meta property=\"og:title\" content=\"\u1ed0ng SepMate\u2122-50 (IVD) Ly T\u00e2m Gradient T\u1ef7 Tr\u1ecdng\" \/>\n<meta property=\"og:description\" content=\"\u1ed0ng SepMate\u2122-50 (IVD) v\u1edbi m\u1ed9t l\u1edbp \u0111\u1ec7m \u0111\u1ec3 ly t\u00e2m gradient t\u1ef7 tr\u1ecdng d\u00f9ng \u0111\u1ec3 ph\u00e2n l\u1eadp c\u00e1c t\u1ebf b\u00e0o \u0111\u01a1n nh\u00e2n (MNC) t\u1eeb t\u1ee7y x\u01b0\u01a1ng, m\u00e1u d\u00e2y r\u1ed1n ho\u1eb7c m\u00e1u to\u00e0n ph\u1ea7n.\" \/>\n<meta property=\"og:url\" content=\"https:\/\/biogroupvietnam.com\/vi\/san-pham\/ong-sepmate-50-ivd\/\" \/>\n<meta property=\"og:site_name\" content=\"Biogroup Vietnam\" \/>\n<meta property=\"article:modified_time\" content=\"2026-04-06T04:28:55+00:00\" \/>\n<meta property=\"og:image\" content=\"https:\/\/biogroupvietnam.com\/wp-content\/uploads\/2025\/08\/ong-sepmate-50-ivd-ly-tam-gradient-ty-trong.jpg\" \/>\n\t<meta property=\"og:image:width\" content=\"1640\" \/>\n\t<meta property=\"og:image:height\" content=\"1260\" \/>\n\t<meta property=\"og:image:type\" content=\"image\/jpeg\" \/>\n<meta name=\"twitter:card\" content=\"summary_large_image\" \/>\n<meta name=\"twitter:label1\" content=\"\u01af\u1edbc t\u00ednh th\u1eddi gian \u0111\u1ecdc\" \/>\n\t<meta name=\"twitter:data1\" content=\"4 ph\u00fat\" \/>\n<script type=\"application\/ld+json\" class=\"yoast-schema-graph\">{\"@context\":\"https:\/\/schema.org\",\"@graph\":[{\"@type\":\"WebPage\",\"@id\":\"https:\/\/biogroupvietnam.com\/vi\/san-pham\/ong-sepmate-50-ivd\/\",\"url\":\"https:\/\/biogroupvietnam.com\/vi\/san-pham\/ong-sepmate-50-ivd\/\",\"name\":\"\u1ed0ng SepMate\u2122-50 (IVD) Ly T\u00e2m Gradient T\u1ef7 Tr\u1ecdng\",\"isPartOf\":{\"@id\":\"https:\/\/biogroupvietnam.com\/vi\/#website\"},\"primaryImageOfPage\":{\"@id\":\"https:\/\/biogroupvietnam.com\/vi\/san-pham\/ong-sepmate-50-ivd\/#primaryimage\"},\"image\":{\"@id\":\"https:\/\/biogroupvietnam.com\/vi\/san-pham\/ong-sepmate-50-ivd\/#primaryimage\"},\"thumbnailUrl\":\"https:\/\/biogroupvietnam.com\/wp-content\/uploads\/2025\/08\/ong-sepmate-50-ivd-ly-tam-gradient-ty-trong.jpg\",\"datePublished\":\"2025-08-18T12:53:17+00:00\",\"dateModified\":\"2026-04-06T04:28:55+00:00\",\"description\":\"\u1ed0ng SepMate\u2122-50 (IVD) v\u1edbi m\u1ed9t l\u1edbp \u0111\u1ec7m \u0111\u1ec3 ly t\u00e2m gradient t\u1ef7 tr\u1ecdng d\u00f9ng \u0111\u1ec3 ph\u00e2n l\u1eadp c\u00e1c t\u1ebf b\u00e0o \u0111\u01a1n nh\u00e2n (MNC) t\u1eeb t\u1ee7y x\u01b0\u01a1ng, m\u00e1u d\u00e2y r\u1ed1n ho\u1eb7c m\u00e1u to\u00e0n ph\u1ea7n.\",\"breadcrumb\":{\"@id\":\"https:\/\/biogroupvietnam.com\/vi\/san-pham\/ong-sepmate-50-ivd\/#breadcrumb\"},\"inLanguage\":\"vi\",\"potentialAction\":[{\"@type\":\"ReadAction\",\"target\":[\"https:\/\/biogroupvietnam.com\/vi\/san-pham\/ong-sepmate-50-ivd\/\"]}]},{\"@type\":\"ImageObject\",\"inLanguage\":\"vi\",\"@id\":\"https:\/\/biogroupvietnam.com\/vi\/san-pham\/ong-sepmate-50-ivd\/#primaryimage\",\"url\":\"https:\/\/biogroupvietnam.com\/wp-content\/uploads\/2025\/08\/ong-sepmate-50-ivd-ly-tam-gradient-ty-trong.jpg\",\"contentUrl\":\"https:\/\/biogroupvietnam.com\/wp-content\/uploads\/2025\/08\/ong-sepmate-50-ivd-ly-tam-gradient-ty-trong.jpg\",\"width\":1640,\"height\":1260,\"caption\":\"\u1ed0ng SepMate\u2122-50 (IVD) Ly T\u00e2m Gradient T\u1ef7 Tr\u1ecdng\"},{\"@type\":\"BreadcrumbList\",\"@id\":\"https:\/\/biogroupvietnam.com\/vi\/san-pham\/ong-sepmate-50-ivd\/#breadcrumb\",\"itemListElement\":[{\"@type\":\"ListItem\",\"position\":1,\"name\":\"Trang ch\u1ee7\",\"item\":\"https:\/\/biogroupvietnam.com\/vi\/\"},{\"@type\":\"ListItem\",\"position\":2,\"name\":\"S\u1ea3n ph\u1ea9m\",\"item\":\"https:\/\/biogroupvietnam.com\/vi\/san-pham\/\"},{\"@type\":\"ListItem\",\"position\":3,\"name\":\"X\u1eed L\u00fd T\u1ebf B\u00e0o\",\"item\":\"https:\/\/biogroupvietnam.com\/vi\/danh-muc-san-pham\/xu-ly-te-bao\/\"},{\"@type\":\"ListItem\",\"position\":4,\"name\":\"Ph\u00e2n L\u1eadp T\u1ebf B\u00e0o\",\"item\":\"https:\/\/biogroupvietnam.com\/vi\/danh-muc-san-pham\/phan-lap-te-bao\/\"},{\"@type\":\"ListItem\",\"position\":5,\"name\":\"\u1ed0ng SepMate\u2122-50 (IVD) Ly T\u00e2m Gradient T\u1ef7 Tr\u1ecdng\"}]},{\"@type\":\"WebSite\",\"@id\":\"https:\/\/biogroupvietnam.com\/vi\/#website\",\"url\":\"https:\/\/biogroupvietnam.com\/vi\/\",\"name\":\"Biogroup Vietnam\",\"description\":\"Biogroup Vietnam cung c\u1ea5p d\u1ecbch v\u1ee5 k\u1ef9 thu\u1eadt c\u00f9ng thi\u1ebft b\u1ecb, v\u1eadt t\u01b0, h\u00f3a ch\u1ea5t v\u00e0 gi\u1ea3i ph\u00e1p sinh h\u1ecdc cho ph\u00f2ng th\u00ed nghi\u1ec7m c\u00f4ng ngh\u1ec7 sinh h\u1ecdc, y sinh v\u00e0 y h\u1ecdc t\u00e1i t\u1ea1o.\",\"potentialAction\":[{\"@type\":\"SearchAction\",\"target\":{\"@type\":\"EntryPoint\",\"urlTemplate\":\"https:\/\/biogroupvietnam.com\/vi\/?s={search_term_string}\"},\"query-input\":{\"@type\":\"PropertyValueSpecification\",\"valueRequired\":true,\"valueName\":\"search_term_string\"}}],\"inLanguage\":\"vi\"}]}<\/script>\n<!-- \/ Yoast SEO plugin. -->","yoast_head_json":{"title":"\u1ed0ng SepMate\u2122-50 (IVD) Ly T\u00e2m Gradient T\u1ef7 Tr\u1ecdng","description":"\u1ed0ng SepMate\u2122-50 (IVD) v\u1edbi m\u1ed9t l\u1edbp \u0111\u1ec7m \u0111\u1ec3 ly t\u00e2m gradient t\u1ef7 tr\u1ecdng d\u00f9ng \u0111\u1ec3 ph\u00e2n l\u1eadp c\u00e1c t\u1ebf b\u00e0o \u0111\u01a1n nh\u00e2n (MNC) t\u1eeb t\u1ee7y x\u01b0\u01a1ng, m\u00e1u d\u00e2y r\u1ed1n ho\u1eb7c m\u00e1u to\u00e0n ph\u1ea7n.","robots":{"index":"index","follow":"follow","max-snippet":"max-snippet:-1","max-image-preview":"max-image-preview:large","max-video-preview":"max-video-preview:-1"},"canonical":"https:\/\/biogroupvietnam.com\/vi\/san-pham\/ong-sepmate-50-ivd\/","og_locale":"vi_VN","og_type":"article","og_title":"\u1ed0ng SepMate\u2122-50 (IVD) Ly T\u00e2m Gradient T\u1ef7 Tr\u1ecdng","og_description":"\u1ed0ng SepMate\u2122-50 (IVD) v\u1edbi m\u1ed9t l\u1edbp \u0111\u1ec7m \u0111\u1ec3 ly t\u00e2m gradient t\u1ef7 tr\u1ecdng d\u00f9ng \u0111\u1ec3 ph\u00e2n l\u1eadp c\u00e1c t\u1ebf b\u00e0o \u0111\u01a1n nh\u00e2n (MNC) t\u1eeb t\u1ee7y x\u01b0\u01a1ng, m\u00e1u d\u00e2y r\u1ed1n ho\u1eb7c m\u00e1u to\u00e0n ph\u1ea7n.","og_url":"https:\/\/biogroupvietnam.com\/vi\/san-pham\/ong-sepmate-50-ivd\/","og_site_name":"Biogroup Vietnam","article_modified_time":"2026-04-06T04:28:55+00:00","og_image":[{"width":1640,"height":1260,"url":"https:\/\/biogroupvietnam.com\/wp-content\/uploads\/2025\/08\/ong-sepmate-50-ivd-ly-tam-gradient-ty-trong.jpg","type":"image\/jpeg"}],"twitter_card":"summary_large_image","twitter_misc":{"\u01af\u1edbc t\u00ednh th\u1eddi gian \u0111\u1ecdc":"4 ph\u00fat"},"schema":{"@context":"https:\/\/schema.org","@graph":[{"@type":"WebPage","@id":"https:\/\/biogroupvietnam.com\/vi\/san-pham\/ong-sepmate-50-ivd\/","url":"https:\/\/biogroupvietnam.com\/vi\/san-pham\/ong-sepmate-50-ivd\/","name":"\u1ed0ng SepMate\u2122-50 (IVD) Ly T\u00e2m Gradient T\u1ef7 Tr\u1ecdng","isPartOf":{"@id":"https:\/\/biogroupvietnam.com\/vi\/#website"},"primaryImageOfPage":{"@id":"https:\/\/biogroupvietnam.com\/vi\/san-pham\/ong-sepmate-50-ivd\/#primaryimage"},"image":{"@id":"https:\/\/biogroupvietnam.com\/vi\/san-pham\/ong-sepmate-50-ivd\/#primaryimage"},"thumbnailUrl":"https:\/\/biogroupvietnam.com\/wp-content\/uploads\/2025\/08\/ong-sepmate-50-ivd-ly-tam-gradient-ty-trong.jpg","datePublished":"2025-08-18T12:53:17+00:00","dateModified":"2026-04-06T04:28:55+00:00","description":"\u1ed0ng SepMate\u2122-50 (IVD) v\u1edbi m\u1ed9t l\u1edbp \u0111\u1ec7m \u0111\u1ec3 ly t\u00e2m gradient t\u1ef7 tr\u1ecdng d\u00f9ng \u0111\u1ec3 ph\u00e2n l\u1eadp c\u00e1c t\u1ebf b\u00e0o \u0111\u01a1n nh\u00e2n (MNC) t\u1eeb t\u1ee7y x\u01b0\u01a1ng, m\u00e1u d\u00e2y r\u1ed1n ho\u1eb7c m\u00e1u to\u00e0n ph\u1ea7n.","breadcrumb":{"@id":"https:\/\/biogroupvietnam.com\/vi\/san-pham\/ong-sepmate-50-ivd\/#breadcrumb"},"inLanguage":"vi","potentialAction":[{"@type":"ReadAction","target":["https:\/\/biogroupvietnam.com\/vi\/san-pham\/ong-sepmate-50-ivd\/"]}]},{"@type":"ImageObject","inLanguage":"vi","@id":"https:\/\/biogroupvietnam.com\/vi\/san-pham\/ong-sepmate-50-ivd\/#primaryimage","url":"https:\/\/biogroupvietnam.com\/wp-content\/uploads\/2025\/08\/ong-sepmate-50-ivd-ly-tam-gradient-ty-trong.jpg","contentUrl":"https:\/\/biogroupvietnam.com\/wp-content\/uploads\/2025\/08\/ong-sepmate-50-ivd-ly-tam-gradient-ty-trong.jpg","width":1640,"height":1260,"caption":"\u1ed0ng SepMate\u2122-50 (IVD) Ly T\u00e2m Gradient T\u1ef7 Tr\u1ecdng"},{"@type":"BreadcrumbList","@id":"https:\/\/biogroupvietnam.com\/vi\/san-pham\/ong-sepmate-50-ivd\/#breadcrumb","itemListElement":[{"@type":"ListItem","position":1,"name":"Trang ch\u1ee7","item":"https:\/\/biogroupvietnam.com\/vi\/"},{"@type":"ListItem","position":2,"name":"S\u1ea3n ph\u1ea9m","item":"https:\/\/biogroupvietnam.com\/vi\/san-pham\/"},{"@type":"ListItem","position":3,"name":"X\u1eed L\u00fd T\u1ebf B\u00e0o","item":"https:\/\/biogroupvietnam.com\/vi\/danh-muc-san-pham\/xu-ly-te-bao\/"},{"@type":"ListItem","position":4,"name":"Ph\u00e2n L\u1eadp T\u1ebf B\u00e0o","item":"https:\/\/biogroupvietnam.com\/vi\/danh-muc-san-pham\/phan-lap-te-bao\/"},{"@type":"ListItem","position":5,"name":"\u1ed0ng SepMate\u2122-50 (IVD) Ly T\u00e2m Gradient T\u1ef7 Tr\u1ecdng"}]},{"@type":"WebSite","@id":"https:\/\/biogroupvietnam.com\/vi\/#website","url":"https:\/\/biogroupvietnam.com\/vi\/","name":"Biogroup Vietnam","description":"Biogroup Vietnam cung c\u1ea5p d\u1ecbch v\u1ee5 k\u1ef9 thu\u1eadt c\u00f9ng thi\u1ebft b\u1ecb, v\u1eadt t\u01b0, h\u00f3a ch\u1ea5t v\u00e0 gi\u1ea3i ph\u00e1p sinh h\u1ecdc cho ph\u00f2ng th\u00ed nghi\u1ec7m c\u00f4ng ngh\u1ec7 sinh h\u1ecdc, y sinh v\u00e0 y h\u1ecdc t\u00e1i t\u1ea1o.","potentialAction":[{"@type":"SearchAction","target":{"@type":"EntryPoint","urlTemplate":"https:\/\/biogroupvietnam.com\/vi\/?s={search_term_string}"},"query-input":{"@type":"PropertyValueSpecification","valueRequired":true,"valueName":"search_term_string"}}],"inLanguage":"vi"}]}},"_links":{"self":[{"href":"https:\/\/biogroupvietnam.com\/vi\/wp-json\/wp\/v2\/product\/3786","targetHints":{"allow":["GET"]}}],"collection":[{"href":"https:\/\/biogroupvietnam.com\/vi\/wp-json\/wp\/v2\/product"}],"about":[{"href":"https:\/\/biogroupvietnam.com\/vi\/wp-json\/wp\/v2\/types\/product"}],"replies":[{"embeddable":true,"href":"https:\/\/biogroupvietnam.com\/vi\/wp-json\/wp\/v2\/comments?post=3786"}],"version-history":[{"count":5,"href":"https:\/\/biogroupvietnam.com\/vi\/wp-json\/wp\/v2\/product\/3786\/revisions"}],"predecessor-version":[{"id":10212,"href":"https:\/\/biogroupvietnam.com\/vi\/wp-json\/wp\/v2\/product\/3786\/revisions\/10212"}],"wp:featuredmedia":[{"embeddable":true,"href":"https:\/\/biogroupvietnam.com\/vi\/wp-json\/wp\/v2\/media\/10211"}],"wp:attachment":[{"href":"https:\/\/biogroupvietnam.com\/vi\/wp-json\/wp\/v2\/media?parent=3786"}],"wp:term":[{"taxonomy":"product_brand","embeddable":true,"href":"https:\/\/biogroupvietnam.com\/vi\/wp-json\/wp\/v2\/product_brand?post=3786"},{"taxonomy":"product_cat","embeddable":true,"href":"https:\/\/biogroupvietnam.com\/vi\/wp-json\/wp\/v2\/product_cat?post=3786"},{"taxonomy":"product_tag","embeddable":true,"href":"https:\/\/biogroupvietnam.com\/vi\/wp-json\/wp\/v2\/product_tag?post=3786"}],"curies":[{"name":"wp","href":"https:\/\/api.w.org\/{rel}","templated":true}]}}