{"id":3787,"date":"2025-08-18T19:53:17","date_gmt":"2025-08-18T12:53:17","guid":{"rendered":"http:\/\/biogroupvietnam-worldpress.local\/product\/import-placeholder-for-113\/"},"modified":"2026-04-06T11:08:06","modified_gmt":"2026-04-06T04:08:06","slug":"moi-truong-bo-sung-stemspan-tang-sinh-te-bao-cd34","status":"publish","type":"product","link":"https:\/\/biogroupvietnam.com\/vi\/san-pham\/moi-truong-bo-sung-stemspan-tang-sinh-te-bao-cd34\/","title":{"rendered":"M\u00f4i tr\u01b0\u1eddng B\u1ed5 Sung StemSpan\u2122 CD34+ T\u0103ng Sinh T\u1ebf B\u00e0o CD34+ (10X)"},"content":{"rendered":"<p>M\u00f4i tr\u01b0\u1eddng b\u1ed5 sung StemSpan\u2122 CD34+ kh\u00f4ng huy\u1ebft thanh \u1ee9ng d\u1ee5ng t\u0103ng sinh t\u1ebf b\u00e0o g\u1ed1c t\u1ea1o m\u00e1u CD34+ ng\u01b0\u1eddi.<\/p>\n<h3><strong>T\u1ed5ng quan<\/strong><\/h3>\n<p>M\u00f4i tr\u01b0\u1eddng b\u1ed5 sung StemSpan\u2122 CD34+ t\u0103ng sinh t\u1ebf b\u00e0o g\u1ed1c t\u1ea1o m\u00e1u CD34+ ng\u01b0\u1eddi (10X) ch\u1ee9a c\u00e1c cytokine t\u00e1i t\u1ed5 h\u1ee3p c\u1ee7a ng\u01b0\u1eddi v\u00e0 c\u00e1c th\u00e0nh ph\u1ea7n b\u1ed5 sung kh\u00e1c, nh\u1eb1m th\u00fac \u0111\u1ea9y s\u1ef1 t\u0103ng sinh ch\u1ecdn l\u1ecdc c\u00e1c t\u1ebf b\u00e0o CD34+ \u0111\u01b0\u1ee3c ph\u00e2n l\u1eadp t\u1eeb c\u00e1c m\u1eabu m\u00e1u cu\u1ed1ng r\u1ed1n (CB) ho\u1eb7c t\u1ee7y x\u01b0\u01a1ng (BM) c\u1ee7a ng\u01b0\u1eddi.<\/p>\n<p>\u0110\u1ed1i v\u1edbi c\u00e1c t\u1ebf b\u00e0o ti\u1ec1n th\u00e2n t\u1ea1o m\u00e1u c\u00f3 ngu\u1ed3n g\u1ed1c t\u1eeb m\u00e1u cu\u1ed1ng r\u1ed1n ng\u01b0\u1eddi (CB),<\/p>\n<p>m\u00f4i tr\u01b0\u1eddng b\u1ed5 sung StemSpan\u2122 CD34+ th\u00fac \u0111\u1ea9y s\u1ef1 t\u0103ng sinh t\u1ebf b\u00e0o c\u00f3 nh\u00e2n t\u1ed5ng s\u1ed1 (TNC) kho\u1ea3ng 40 l\u1ea7n sau 7 ng\u00e0y nu\u00f4i c\u1ea5y huy\u1ec1n ph\u00f9 (d\u1ea1ng l\u1ecfng). Trong \u0111\u00f3, kho\u1ea3ng 40% t\u1ebf b\u00e0o bi\u1ec3u hi\u1ec7n CD34+, \u0111i\u1ec1u n\u00e0y cho th\u1ea5y t\u1ebf b\u00e0o CD34+ t\u0103ng sinh g\u1ea5p 10 l\u1ea7n sau nu\u00f4i c\u1ea5y.<\/p>\n<p>M\u00f4i tr\u01b0\u1eddng b\u1ed5 sung StemSpan\u2122 CD34+ (10X) \u1ee9ng d\u1ee5ng \u0111\u1ec3 s\u1eed d\u1ee5ng k\u1ebft h\u1ee3p v\u1edbi c\u00e1c m\u00f4i tr\u01b0\u1eddng StemSpan\u2122 nh\u01b0:<\/p>\n<ul>\n<li>StemSpan\u2122 SFEM (Catalog # 09600)<\/li>\n<li>StemSpan\u2122 SFEM II (Catalog # 09605)<\/li>\n<li>StemSpan\u2122 -XF (Catalog # 100-0073)<\/li>\n<li>StemSpan\u2122 -AOF (Catalog # 100-0130).<\/li>\n<\/ul>\n<h3><strong>\u1ee8ng d\u1ee5ng c\u1ee7a m\u00f4i tr\u01b0\u1eddng b\u1ed5 sung StemSpan\u2122 CD34+<\/strong><\/h3>\n<ul>\n<li>T\u0103ng sinh t\u1ebf b\u00e0o HSPC c\u1ee7a ng\u01b0\u1eddi.<\/li>\n<li>C\u1ea3m \u1ee9ng chu k\u1ef3 c\u1ee7a t\u1ebf b\u00e0o g\u1ed1c v\u00e0 t\u1ebf b\u00e0o ti\u1ec1n th\u00e2n cho c\u00e1c nghi\u00ean c\u1ee9u v\u1ec1 truy\u1ec1n t\u00edn hi\u1ec7u v\u00e0 chuy\u1ec3n h\u00f3a, ho\u1eb7c \u0111\u1ec3 t\u1ea1o \u0111i\u1ec1u ki\u1ec7n chuy\u1ec3n gen retrovirus.<\/li>\n<li>\u201cTi\u1ec1n khu\u1ebfch \u0111\u1ea1i\u201d c\u00e1c t\u1ebf b\u00e0o ti\u1ec1n th\u00e2n t\u1ea1o m\u00e1u \u0111\u1ec3 t\u0103ng s\u1ed1 l\u01b0\u1ee3ng c\u00e1c t\u1ebf b\u00e0o tr\u01b0\u1edfng th\u00e0nh cho qu\u00e1 tr\u00ecnh h\u1ee3p d\u00f2ng v\u00e0 bi\u1ec7t h\u00f3a trong qu\u00e1 tr\u00ecnh nu\u00f4i c\u1ea5y.<\/li>\n<li>\u0110\u00e1nh gi\u00e1 t\u00e1c \u0111\u1ed9ng c\u1ee7a c\u00e1c th\u00e0nh ph\u1ea7n m\u1edbi l\u00ean t\u1ebf b\u00e0o HSPC trong qu\u00e1 tr\u00ecnh ph\u00e1t tri\u1ec3n thu\u1ed1c.<\/li>\n<\/ul>\n<h3><strong>\u0110\u1eb7c \u0111i\u1ec3m n\u1ed5i b\u1eadt c\u1ee7a m\u00f4i tr\u01b0\u1eddng b\u1ed5 sung StemSpan\u2122 CD34+<\/strong><\/h3>\n<ul>\n<li>Th\u00e0nh ph\u1ea7n x\u00e1c \u0111\u1ecbnh v\u00e0 kh\u00f4ng c\u00f3 huy\u1ebft thanh.<\/li>\n<li>\u0110\u01b0\u1ee3c b\u00e0o ch\u1ebf \u0111\u1ec3 t\u0103ng sinh ch\u1ecdn l\u1ecdc v\u00e0 s\u1ea3n xu\u1ea5t s\u1ed1 l\u01b0\u1ee3ng l\u1edbn t\u1ebf b\u00e0o g\u1ed1c t\u1ea1o m\u00e1u CD34+ c\u1ee7a ng\u01b0\u1eddi trong nu\u00f4i c\u1ea5y huy\u1ec1n ph\u00f9 t\u1eeb t\u1ebf b\u00e0o ti\u1ec1n th\u00e2n t\u1ea1o m\u00e1u CB ho\u1eb7c BM.<\/li>\n<li>\u0110\u01b0\u1ee3c t\u1ed1i \u01b0u h\u00f3a \u0111\u1ec3 s\u1eed d\u1ee5ng v\u1edbi m\u00f4i tr\u01b0\u1eddng StemSpan\u2122. \u0110\u1eb7c bi\u1ec7t, khi k\u1ebft h\u1ee3p v\u1edbi StemSpan\u2122 SFEM II, n\u00f3 h\u1ed7 tr\u1ee3 t\u0103ng sinh t\u1ebf b\u00e0o CD34+ t\u1eeb CB c\u1ee7a ng\u01b0\u1eddi cao h\u01a1n \u00edt nh\u1ea5t 50% so v\u1edbi c\u00e1c m\u00f4i tr\u01b0\u1eddng kh\u00f4ng ch\u1ee9a huy\u1ebft thanh kh\u00e1c tr\u00ean th\u1ecb tr\u01b0\u1eddng.<\/li>\n<li>\u0110\u01b0\u1ee3c s\u1ea3n xu\u1ea5t d\u01b0\u1edbi d\u1ea1ng c\u00f4 \u0111\u1eb7c 10X. Sau khi r\u00e3 \u0111\u00f4ng v\u00e0 pha tr\u1ed9n, c\u00e1c th\u00e0nh ph\u1ea7n c\u00f3 th\u1ec3 \u0111\u01b0\u1ee3c th\u00eam tr\u1ef1c ti\u1ebfp v\u00e0o b\u1ea5t k\u1ef3 m\u00f4i tr\u01b0\u1eddng t\u0103ng sinh t\u1ebf b\u00e0o t\u1ea1o g\u1ed1c m\u00e1u n\u00e0o m\u00e0 b\u1ea1n l\u1ef1a ch\u1ecdn.<\/li>\n<\/ul>\n<h3><strong>Th\u00e0nh ph\u1ea7n<\/strong><\/h3>\n<ul>\n<li>Ph\u1ed1i t\u1eed Tyrosine kinase 3 gi\u1ed1ng FMS t\u00e1i t\u1ed5 h\u1ee3p c\u1ee7a ng\u01b0\u1eddi (Flt3L)<\/li>\n<li>Y\u1ebfu t\u1ed1 t\u1ebf b\u00e0o g\u1ed1c t\u00e1i t\u1ed5 h\u1ee3p c\u1ee7a ng\u01b0\u1eddi (SCF)<\/li>\n<li>Interleukin 3 t\u00e1i t\u1ed5 h\u1ee3p c\u1ee7a ng\u01b0\u1eddi (IL-3)<\/li>\n<li>Interleukin 6 t\u00e1i t\u1ed5 h\u1ee3p c\u1ee7a ng\u01b0\u1eddi (IL-6)<\/li>\n<li>Thrombopoietin t\u00e1i t\u1ed5 h\u1ee3p c\u1ee7a ng\u01b0\u1eddi (TPO)<\/li>\n<li>Th\u00e0nh ph\u1ea7n kh\u00e1c.<\/li>\n<\/ul>\n<h3><strong>B\u1ea3o qu\u1ea3n<\/strong><\/h3>\n<ul>\n<li>Nhi\u1ec7t \u0111\u1ed9 b\u1ea3o qu\u1ea3n: -20oC \u0111\u1ebfn -70oC.<\/li>\n<\/ul>\n<h3><strong>Th\u00f4ng tin \u0111\u1eb7t h\u00e0ng<\/strong><\/h3>\n<ul>\n<li>M\u00f4i tr\u01b0\u1eddng b\u1ed5 sung StemSpan\u2122 CD34+ (10X), chai 10 mL (Catalog #02691).<\/li>\n<\/ul>\n","protected":false},"excerpt":{"rendered":"<p>M\u00f4i tr\u01b0\u1eddng b\u1ed5 sung StemSpan\u2122 CD34+ kh\u00f4ng huy\u1ebft thanh \u1ee9ng d\u1ee5ng t\u0103ng sinh t\u1ebf b\u00e0o g\u1ed1c t\u1ea1o m\u00e1u CD34+ ng\u01b0\u1eddi. T\u1ed5ng quan M\u00f4i tr\u01b0\u1eddng b\u1ed5 sung StemSpan\u2122 CD34+ t\u0103ng sinh t\u1ebf b\u00e0o g\u1ed1c t\u1ea1o m\u00e1u CD34+ ng\u01b0\u1eddi (10X) ch\u1ee9a c\u00e1c cytokine t\u00e1i t\u1ed5 h\u1ee3p c\u1ee7a ng\u01b0\u1eddi v\u00e0 c\u00e1c th\u00e0nh ph\u1ea7n b\u1ed5 sung kh\u00e1c, nh\u1eb1m th\u00fac<\/p>\n<div class=\"klb-readmore post-buttons\"><a class=\"button rounded primary\" href=\"https:\/\/biogroupvietnam.com\/vi\/san-pham\/moi-truong-bo-sung-stemspan-tang-sinh-te-bao-cd34\/\">Read More <i class=\"klbth-icon-right-arrow\"><\/i><\/a><\/div>\n","protected":false},"featured_media":10210,"comment_status":"closed","ping_status":"closed","template":"","meta":{"_acf_changed":false},"product_brand":[127],"product_cat":[92],"product_tag":[],"class_list":{"0":"post-3787","1":"product","2":"type-product","3":"status-publish","4":"has-post-thumbnail","6":"product_brand-stemcell-technologies","7":"product_cat-te-bao-goc-tao-mau-hsc","9":"first","10":"outofstock","11":"shipping-taxable","12":"product-type-simple"},"acf":[],"yoast_head":"<!-- This site is optimized with the Yoast SEO plugin v26.8 - https:\/\/yoast.com\/product\/yoast-seo-wordpress\/ -->\n<title>M\u00f4i tr\u01b0\u1eddng B\u1ed5 Sung StemSpan\u2122 CD34+ T\u0103ng Sinh T\u1ebf B\u00e0o CD34+ (10X)<\/title>\n<meta name=\"description\" content=\"M\u00f4i tr\u01b0\u1eddng b\u1ed5 sung StemSpan\u2122 CD34+ kh\u00f4ng huy\u1ebft thanh \u1ee9ng d\u1ee5ng t\u0103ng sinh t\u1ebf b\u00e0o g\u1ed1c t\u1ea1o m\u00e1u CD34+ ng\u01b0\u1eddi.\" \/>\n<meta name=\"robots\" content=\"index, follow, max-snippet:-1, max-image-preview:large, max-video-preview:-1\" \/>\n<link rel=\"canonical\" href=\"https:\/\/biogroupvietnam.com\/vi\/san-pham\/moi-truong-bo-sung-stemspan-tang-sinh-te-bao-cd34\/\" \/>\n<meta property=\"og:locale\" content=\"vi_VN\" \/>\n<meta property=\"og:type\" content=\"article\" \/>\n<meta property=\"og:title\" content=\"M\u00f4i tr\u01b0\u1eddng B\u1ed5 Sung StemSpan\u2122 CD34+ T\u0103ng Sinh T\u1ebf B\u00e0o CD34+ (10X)\" \/>\n<meta property=\"og:description\" content=\"M\u00f4i tr\u01b0\u1eddng b\u1ed5 sung StemSpan\u2122 CD34+ kh\u00f4ng huy\u1ebft thanh \u1ee9ng d\u1ee5ng t\u0103ng sinh t\u1ebf b\u00e0o g\u1ed1c t\u1ea1o m\u00e1u CD34+ ng\u01b0\u1eddi.\" \/>\n<meta property=\"og:url\" content=\"https:\/\/biogroupvietnam.com\/vi\/san-pham\/moi-truong-bo-sung-stemspan-tang-sinh-te-bao-cd34\/\" \/>\n<meta property=\"og:site_name\" content=\"Biogroup Vietnam\" \/>\n<meta property=\"article:modified_time\" content=\"2026-04-06T04:08:06+00:00\" \/>\n<meta property=\"og:image\" content=\"https:\/\/biogroupvietnam.com\/wp-content\/uploads\/2025\/08\/moi-truong-bo-sung-stemspan-cd34-tang-sinh-te-bao-cd34-10x.jpg\" \/>\n\t<meta property=\"og:image:width\" content=\"1640\" \/>\n\t<meta property=\"og:image:height\" content=\"1260\" \/>\n\t<meta property=\"og:image:type\" content=\"image\/jpeg\" \/>\n<meta name=\"twitter:card\" content=\"summary_large_image\" \/>\n<meta name=\"twitter:label1\" content=\"\u01af\u1edbc t\u00ednh th\u1eddi gian \u0111\u1ecdc\" \/>\n\t<meta name=\"twitter:data1\" content=\"4 ph\u00fat\" \/>\n<script type=\"application\/ld+json\" class=\"yoast-schema-graph\">{\"@context\":\"https:\/\/schema.org\",\"@graph\":[{\"@type\":\"WebPage\",\"@id\":\"https:\/\/biogroupvietnam.com\/vi\/san-pham\/moi-truong-bo-sung-stemspan-tang-sinh-te-bao-cd34\/\",\"url\":\"https:\/\/biogroupvietnam.com\/vi\/san-pham\/moi-truong-bo-sung-stemspan-tang-sinh-te-bao-cd34\/\",\"name\":\"M\u00f4i tr\u01b0\u1eddng B\u1ed5 Sung StemSpan\u2122 CD34+ T\u0103ng Sinh T\u1ebf B\u00e0o CD34+ (10X)\",\"isPartOf\":{\"@id\":\"https:\/\/biogroupvietnam.com\/vi\/#website\"},\"primaryImageOfPage\":{\"@id\":\"https:\/\/biogroupvietnam.com\/vi\/san-pham\/moi-truong-bo-sung-stemspan-tang-sinh-te-bao-cd34\/#primaryimage\"},\"image\":{\"@id\":\"https:\/\/biogroupvietnam.com\/vi\/san-pham\/moi-truong-bo-sung-stemspan-tang-sinh-te-bao-cd34\/#primaryimage\"},\"thumbnailUrl\":\"https:\/\/biogroupvietnam.com\/wp-content\/uploads\/2025\/08\/moi-truong-bo-sung-stemspan-cd34-tang-sinh-te-bao-cd34-10x.jpg\",\"datePublished\":\"2025-08-18T12:53:17+00:00\",\"dateModified\":\"2026-04-06T04:08:06+00:00\",\"description\":\"M\u00f4i tr\u01b0\u1eddng b\u1ed5 sung StemSpan\u2122 CD34+ kh\u00f4ng huy\u1ebft thanh \u1ee9ng d\u1ee5ng t\u0103ng sinh t\u1ebf b\u00e0o g\u1ed1c t\u1ea1o m\u00e1u CD34+ ng\u01b0\u1eddi.\",\"breadcrumb\":{\"@id\":\"https:\/\/biogroupvietnam.com\/vi\/san-pham\/moi-truong-bo-sung-stemspan-tang-sinh-te-bao-cd34\/#breadcrumb\"},\"inLanguage\":\"vi\",\"potentialAction\":[{\"@type\":\"ReadAction\",\"target\":[\"https:\/\/biogroupvietnam.com\/vi\/san-pham\/moi-truong-bo-sung-stemspan-tang-sinh-te-bao-cd34\/\"]}]},{\"@type\":\"ImageObject\",\"inLanguage\":\"vi\",\"@id\":\"https:\/\/biogroupvietnam.com\/vi\/san-pham\/moi-truong-bo-sung-stemspan-tang-sinh-te-bao-cd34\/#primaryimage\",\"url\":\"https:\/\/biogroupvietnam.com\/wp-content\/uploads\/2025\/08\/moi-truong-bo-sung-stemspan-cd34-tang-sinh-te-bao-cd34-10x.jpg\",\"contentUrl\":\"https:\/\/biogroupvietnam.com\/wp-content\/uploads\/2025\/08\/moi-truong-bo-sung-stemspan-cd34-tang-sinh-te-bao-cd34-10x.jpg\",\"width\":1640,\"height\":1260,\"caption\":\"M\u00f4i tr\u01b0\u1eddng B\u1ed5 Sung StemSpan\u2122 CD34+ T\u0103ng Sinh T\u1ebf B\u00e0o CD34+ (10X)\"},{\"@type\":\"BreadcrumbList\",\"@id\":\"https:\/\/biogroupvietnam.com\/vi\/san-pham\/moi-truong-bo-sung-stemspan-tang-sinh-te-bao-cd34\/#breadcrumb\",\"itemListElement\":[{\"@type\":\"ListItem\",\"position\":1,\"name\":\"Trang ch\u1ee7\",\"item\":\"https:\/\/biogroupvietnam.com\/vi\/\"},{\"@type\":\"ListItem\",\"position\":2,\"name\":\"S\u1ea3n ph\u1ea9m\",\"item\":\"https:\/\/biogroupvietnam.com\/vi\/san-pham\/\"},{\"@type\":\"ListItem\",\"position\":3,\"name\":\"Nu\u00f4i C\u1ea5y T\u1ebf B\u00e0o\",\"item\":\"https:\/\/biogroupvietnam.com\/vi\/danh-muc-san-pham\/nuoi-cay-te-bao\/\"},{\"@type\":\"ListItem\",\"position\":4,\"name\":\"T\u1ebf B\u00e0o G\u1ed1c T\u1ea1o M\u00e1u (HSC)\",\"item\":\"https:\/\/biogroupvietnam.com\/vi\/danh-muc-san-pham\/te-bao-goc-tao-mau-hsc\/\"},{\"@type\":\"ListItem\",\"position\":5,\"name\":\"M\u00f4i tr\u01b0\u1eddng B\u1ed5 Sung StemSpan\u2122 CD34+ T\u0103ng Sinh T\u1ebf B\u00e0o CD34+ (10X)\"}]},{\"@type\":\"WebSite\",\"@id\":\"https:\/\/biogroupvietnam.com\/vi\/#website\",\"url\":\"https:\/\/biogroupvietnam.com\/vi\/\",\"name\":\"Biogroup Vietnam\",\"description\":\"Biogroup Vietnam cung c\u1ea5p d\u1ecbch v\u1ee5 k\u1ef9 thu\u1eadt c\u00f9ng thi\u1ebft b\u1ecb, v\u1eadt t\u01b0, h\u00f3a ch\u1ea5t v\u00e0 gi\u1ea3i ph\u00e1p sinh h\u1ecdc cho ph\u00f2ng th\u00ed nghi\u1ec7m c\u00f4ng ngh\u1ec7 sinh h\u1ecdc, y sinh v\u00e0 y h\u1ecdc t\u00e1i t\u1ea1o.\",\"potentialAction\":[{\"@type\":\"SearchAction\",\"target\":{\"@type\":\"EntryPoint\",\"urlTemplate\":\"https:\/\/biogroupvietnam.com\/vi\/?s={search_term_string}\"},\"query-input\":{\"@type\":\"PropertyValueSpecification\",\"valueRequired\":true,\"valueName\":\"search_term_string\"}}],\"inLanguage\":\"vi\"}]}<\/script>\n<!-- \/ Yoast SEO plugin. -->","yoast_head_json":{"title":"M\u00f4i tr\u01b0\u1eddng B\u1ed5 Sung StemSpan\u2122 CD34+ T\u0103ng Sinh T\u1ebf B\u00e0o CD34+ (10X)","description":"M\u00f4i tr\u01b0\u1eddng b\u1ed5 sung StemSpan\u2122 CD34+ kh\u00f4ng huy\u1ebft thanh \u1ee9ng d\u1ee5ng t\u0103ng sinh t\u1ebf b\u00e0o g\u1ed1c t\u1ea1o m\u00e1u CD34+ ng\u01b0\u1eddi.","robots":{"index":"index","follow":"follow","max-snippet":"max-snippet:-1","max-image-preview":"max-image-preview:large","max-video-preview":"max-video-preview:-1"},"canonical":"https:\/\/biogroupvietnam.com\/vi\/san-pham\/moi-truong-bo-sung-stemspan-tang-sinh-te-bao-cd34\/","og_locale":"vi_VN","og_type":"article","og_title":"M\u00f4i tr\u01b0\u1eddng B\u1ed5 Sung StemSpan\u2122 CD34+ T\u0103ng Sinh T\u1ebf B\u00e0o CD34+ (10X)","og_description":"M\u00f4i tr\u01b0\u1eddng b\u1ed5 sung StemSpan\u2122 CD34+ kh\u00f4ng huy\u1ebft thanh \u1ee9ng d\u1ee5ng t\u0103ng sinh t\u1ebf b\u00e0o g\u1ed1c t\u1ea1o m\u00e1u CD34+ ng\u01b0\u1eddi.","og_url":"https:\/\/biogroupvietnam.com\/vi\/san-pham\/moi-truong-bo-sung-stemspan-tang-sinh-te-bao-cd34\/","og_site_name":"Biogroup Vietnam","article_modified_time":"2026-04-06T04:08:06+00:00","og_image":[{"width":1640,"height":1260,"url":"https:\/\/biogroupvietnam.com\/wp-content\/uploads\/2025\/08\/moi-truong-bo-sung-stemspan-cd34-tang-sinh-te-bao-cd34-10x.jpg","type":"image\/jpeg"}],"twitter_card":"summary_large_image","twitter_misc":{"\u01af\u1edbc t\u00ednh th\u1eddi gian \u0111\u1ecdc":"4 ph\u00fat"},"schema":{"@context":"https:\/\/schema.org","@graph":[{"@type":"WebPage","@id":"https:\/\/biogroupvietnam.com\/vi\/san-pham\/moi-truong-bo-sung-stemspan-tang-sinh-te-bao-cd34\/","url":"https:\/\/biogroupvietnam.com\/vi\/san-pham\/moi-truong-bo-sung-stemspan-tang-sinh-te-bao-cd34\/","name":"M\u00f4i tr\u01b0\u1eddng B\u1ed5 Sung StemSpan\u2122 CD34+ T\u0103ng Sinh T\u1ebf B\u00e0o CD34+ (10X)","isPartOf":{"@id":"https:\/\/biogroupvietnam.com\/vi\/#website"},"primaryImageOfPage":{"@id":"https:\/\/biogroupvietnam.com\/vi\/san-pham\/moi-truong-bo-sung-stemspan-tang-sinh-te-bao-cd34\/#primaryimage"},"image":{"@id":"https:\/\/biogroupvietnam.com\/vi\/san-pham\/moi-truong-bo-sung-stemspan-tang-sinh-te-bao-cd34\/#primaryimage"},"thumbnailUrl":"https:\/\/biogroupvietnam.com\/wp-content\/uploads\/2025\/08\/moi-truong-bo-sung-stemspan-cd34-tang-sinh-te-bao-cd34-10x.jpg","datePublished":"2025-08-18T12:53:17+00:00","dateModified":"2026-04-06T04:08:06+00:00","description":"M\u00f4i tr\u01b0\u1eddng b\u1ed5 sung StemSpan\u2122 CD34+ kh\u00f4ng huy\u1ebft thanh \u1ee9ng d\u1ee5ng t\u0103ng sinh t\u1ebf b\u00e0o g\u1ed1c t\u1ea1o m\u00e1u CD34+ ng\u01b0\u1eddi.","breadcrumb":{"@id":"https:\/\/biogroupvietnam.com\/vi\/san-pham\/moi-truong-bo-sung-stemspan-tang-sinh-te-bao-cd34\/#breadcrumb"},"inLanguage":"vi","potentialAction":[{"@type":"ReadAction","target":["https:\/\/biogroupvietnam.com\/vi\/san-pham\/moi-truong-bo-sung-stemspan-tang-sinh-te-bao-cd34\/"]}]},{"@type":"ImageObject","inLanguage":"vi","@id":"https:\/\/biogroupvietnam.com\/vi\/san-pham\/moi-truong-bo-sung-stemspan-tang-sinh-te-bao-cd34\/#primaryimage","url":"https:\/\/biogroupvietnam.com\/wp-content\/uploads\/2025\/08\/moi-truong-bo-sung-stemspan-cd34-tang-sinh-te-bao-cd34-10x.jpg","contentUrl":"https:\/\/biogroupvietnam.com\/wp-content\/uploads\/2025\/08\/moi-truong-bo-sung-stemspan-cd34-tang-sinh-te-bao-cd34-10x.jpg","width":1640,"height":1260,"caption":"M\u00f4i tr\u01b0\u1eddng B\u1ed5 Sung StemSpan\u2122 CD34+ T\u0103ng Sinh T\u1ebf B\u00e0o CD34+ (10X)"},{"@type":"BreadcrumbList","@id":"https:\/\/biogroupvietnam.com\/vi\/san-pham\/moi-truong-bo-sung-stemspan-tang-sinh-te-bao-cd34\/#breadcrumb","itemListElement":[{"@type":"ListItem","position":1,"name":"Trang ch\u1ee7","item":"https:\/\/biogroupvietnam.com\/vi\/"},{"@type":"ListItem","position":2,"name":"S\u1ea3n ph\u1ea9m","item":"https:\/\/biogroupvietnam.com\/vi\/san-pham\/"},{"@type":"ListItem","position":3,"name":"Nu\u00f4i C\u1ea5y T\u1ebf B\u00e0o","item":"https:\/\/biogroupvietnam.com\/vi\/danh-muc-san-pham\/nuoi-cay-te-bao\/"},{"@type":"ListItem","position":4,"name":"T\u1ebf B\u00e0o G\u1ed1c T\u1ea1o M\u00e1u (HSC)","item":"https:\/\/biogroupvietnam.com\/vi\/danh-muc-san-pham\/te-bao-goc-tao-mau-hsc\/"},{"@type":"ListItem","position":5,"name":"M\u00f4i tr\u01b0\u1eddng B\u1ed5 Sung StemSpan\u2122 CD34+ T\u0103ng Sinh T\u1ebf B\u00e0o CD34+ (10X)"}]},{"@type":"WebSite","@id":"https:\/\/biogroupvietnam.com\/vi\/#website","url":"https:\/\/biogroupvietnam.com\/vi\/","name":"Biogroup Vietnam","description":"Biogroup Vietnam cung c\u1ea5p d\u1ecbch v\u1ee5 k\u1ef9 thu\u1eadt c\u00f9ng thi\u1ebft b\u1ecb, v\u1eadt t\u01b0, h\u00f3a ch\u1ea5t v\u00e0 gi\u1ea3i ph\u00e1p sinh h\u1ecdc cho ph\u00f2ng th\u00ed nghi\u1ec7m c\u00f4ng ngh\u1ec7 sinh h\u1ecdc, y sinh v\u00e0 y h\u1ecdc t\u00e1i t\u1ea1o.","potentialAction":[{"@type":"SearchAction","target":{"@type":"EntryPoint","urlTemplate":"https:\/\/biogroupvietnam.com\/vi\/?s={search_term_string}"},"query-input":{"@type":"PropertyValueSpecification","valueRequired":true,"valueName":"search_term_string"}}],"inLanguage":"vi"}]}},"_links":{"self":[{"href":"https:\/\/biogroupvietnam.com\/vi\/wp-json\/wp\/v2\/product\/3787","targetHints":{"allow":["GET"]}}],"collection":[{"href":"https:\/\/biogroupvietnam.com\/vi\/wp-json\/wp\/v2\/product"}],"about":[{"href":"https:\/\/biogroupvietnam.com\/vi\/wp-json\/wp\/v2\/types\/product"}],"replies":[{"embeddable":true,"href":"https:\/\/biogroupvietnam.com\/vi\/wp-json\/wp\/v2\/comments?post=3787"}],"version-history":[{"count":4,"href":"https:\/\/biogroupvietnam.com\/vi\/wp-json\/wp\/v2\/product\/3787\/revisions"}],"predecessor-version":[{"id":9807,"href":"https:\/\/biogroupvietnam.com\/vi\/wp-json\/wp\/v2\/product\/3787\/revisions\/9807"}],"wp:featuredmedia":[{"embeddable":true,"href":"https:\/\/biogroupvietnam.com\/vi\/wp-json\/wp\/v2\/media\/10210"}],"wp:attachment":[{"href":"https:\/\/biogroupvietnam.com\/vi\/wp-json\/wp\/v2\/media?parent=3787"}],"wp:term":[{"taxonomy":"product_brand","embeddable":true,"href":"https:\/\/biogroupvietnam.com\/vi\/wp-json\/wp\/v2\/product_brand?post=3787"},{"taxonomy":"product_cat","embeddable":true,"href":"https:\/\/biogroupvietnam.com\/vi\/wp-json\/wp\/v2\/product_cat?post=3787"},{"taxonomy":"product_tag","embeddable":true,"href":"https:\/\/biogroupvietnam.com\/vi\/wp-json\/wp\/v2\/product_tag?post=3787"}],"curies":[{"name":"wp","href":"https:\/\/api.w.org\/{rel}","templated":true}]}}