{"id":3788,"date":"2025-08-18T19:53:17","date_gmt":"2025-08-18T12:53:17","guid":{"rendered":"http:\/\/biogroupvietnam-worldpress.local\/product\/import-placeholder-for-114\/"},"modified":"2026-04-04T16:01:18","modified_gmt":"2026-04-04T09:01:18","slug":"robosep-s","status":"publish","type":"product","link":"https:\/\/biogroupvietnam.com\/vi\/san-pham\/robosep-s\/","title":{"rendered":"Thi\u1ebft B\u1ecb RoboSep\u2122-S Ph\u00e2n L\u1eadp T\u1ebf B\u00e0o T\u1ef1 \u0110\u1ed9ng"},"content":{"rendered":"<p>RoboSep\u2122-S l\u00e0 thi\u1ebft b\u1ecb ph\u00e2n t\u00e1ch t\u1ebf b\u00e0o t\u1ef1 \u0111\u1ed9ng ho\u00e0n to\u00e0n.<\/p>\n<h3><strong>T\u1ed5ng quan v\u1ec1\u00a0RoboSepTM-S<\/strong><\/h3>\n<p>RoboSep\u2122-S l\u00e0 th\u1ebf h\u1ec7 th\u1ee9 hai c\u1ee7a RoboSep\u2122, m\u1ed9t m\u00e1y t\u00e1ch t\u1ebf b\u00e0o ho\u00e0n to\u00e0n t\u1ef1 \u0111\u1ed9ng d\u1ef1a tr\u00ean c\u00f4ng ngh\u1ec7 EasySep\u2122 kh\u00f4ng d\u00f9ng c\u1ed9t. EasySep\u2122 l\u00e0 c\u00f4ng ngh\u1ec7 t\u00e1ch t\u1ebf b\u00e0o t\u1eeb t\u00ednh mi\u1ec5n d\u1ecbch cho ph\u00e9p ph\u00e2n l\u1eadp c\u00e1c t\u1ebf b\u00e0o d\u01b0\u01a1ng t\u00ednh\/\u00e2m t\u00ednh mong mu\u1ed1n t\u1eeb h\u1ea7u h\u1ebft c\u00e1c lo\u00e0i, ngu\u1ed3n m\u00f4 ho\u1eb7c k\u00edch th\u01b0\u1edbc. S\u1eed d\u1ee5ng m\u00e0n h\u00ecnh c\u1ea3m \u1ee9ng, RoboSep\u2122-S c\u00f3 th\u1ec3 \u0111\u01b0\u1ee3c l\u1eadp tr\u00ecnh \u0111\u1ec3 t\u00e1ch t\u1ed1i \u0111a b\u1ed1n m\u1eabu t\u1ebf b\u00e0o c\u00f9ng l\u00fac v\u00e0 c\u0169ng c\u00f3 th\u1ec3 ph\u00e2n l\u1eadp tu\u1ea7n t\u1ef1 c\u00e1c lo\u1ea1i t\u1ebf b\u00e0o kh\u00e1c nhau t\u1eeb c\u00f9ng m\u1ed9t m\u1eabu. Ng\u01b0\u1eddi d\u00f9ng ch\u1ec9 c\u1ea7n cho m\u1eabu t\u1ebf b\u00e0o v\u00e0 thu\u1ed1c th\u1eed v\u00e0o carousel (v\u1ecb tr\u00ed x\u1eed l\u00fd m\u1eabu) v\u00e0 b\u1eaft \u0111\u1ea7u ph\u00e2n t\u00e1ch. RoboSep\u2122-S t\u1ef1 \u0111\u1ed9ng th\u1ef1c hi\u1ec7n c\u00e1c b\u01b0\u1edbc g\u1eafn h\u1ea1t t\u1eeb t\u00ednh v\u00e0 ph\u00e2n t\u00e1ch t\u1eeb t\u00ednh EasySep\u2122 b\u1eb1ng c\u00e1ch s\u1eed d\u1ee5ng \u0111\u1ea7u tip pipet d\u00f9ng m\u1ed9t l\u1ea7n, lo\u1ea1i b\u1ecf nhi\u1ec5m b\u1ea9n ch\u00e9o. Sau khi ho\u00e0n th\u00e0nh chu tr\u00ecnh t\u00e1ch t\u1ebf b\u00e0o, c\u00e1c t\u1ebf b\u00e0o m\u1ee5c ti\u00eau c\u00f3 th\u1ec3 s\u1eb5n s\u00e0ng cho c\u00e1c \u1ee9ng d\u1ee5ng ti\u1ebfp theo.<\/p>\n<h3><strong>\u01afu \u0111i\u1ec3m<\/strong><\/h3>\n<p>Thi\u1ebft b\u1ecb RoboSep\u2122-S \u0111\u01b0\u1ee3c thi\u1ebft k\u1ebf \u0111\u1ec3 gi\u1ea3m thi\u1ec3u vi\u1ec7c x\u1eed l\u00fd m\u1eabu th\u1ee7 c\u00f4ng, lo\u1ea1i b\u1ecf nhi\u1ec5m ch\u00e9o v\u00e0 gi\u1ea3m th\u1eddi gian \u201cth\u1ef1c hi\u1ec7n\u201d ph\u00e2n t\u00e1ch t\u1ebf b\u00e0o.<\/p>\n<h3><strong>\u1ee8ng d\u1ee5ng c\u1ee7a thi\u1ebft b\u1ecb RoboSep\u2122-S<\/strong><\/h3>\n<p>Ph\u00e2n l\u1eadp t\u1ebf b\u00e0o v\u1edbi \u0111\u1ed9 tinh s\u1ea1ch cao.<\/p>\n<h3><strong>Thi\u1ebft b\u1ecb RoboSep\u2122-S bao g\u1ed3m:<\/strong><\/h3>\n<ul>\n<li>Thi\u1ebft b\u1ecb ch\u00ednh RoboSep\u2122-S (Catalog # 21001)<\/li>\n<li><a href=\"https:\/\/biogroupvietnam.com\/vi\/products\/nghien-cuu-sinh-hoc\/phan-lap-te-bao\/the-big-easy-easysep-magnet.html\">B\u1ed9 nam ch\u00e2m l\u1edbn\u00a0EasySep\u2122<\/a> (Catalog # 18001)<\/li>\n<li>Khay c\u00f4ng c\u1ee5 RoboSep\u2122 (Catalog # 20101)<\/li>\n<li>\u1ed4 \u0111\u0129a USB<\/li>\n<li>H\u01b0\u1edbng d\u1eabn s\u1eed d\u1ee5ng RoboSep\u2122 (Catalog # 29792)<\/li>\n<li>H\u01b0\u1edbng d\u1eabn Nhanh RoboSep\u2122 (Catalog # 28943)<\/li>\n<li>B\u1ea3o h\u00e0nh 1 n\u0103m (Catalog # 21200)<\/li>\n<\/ul>\n<h3><strong>Th\u00f4ng tin \u0111\u1eb7t h\u00e0ng<\/strong><\/h3>\n<ol>\n<li>Thi\u1ebft b\u1ecb t\u00e1ch t\u1ebf b\u00e0o t\u1ef1 \u0111\u1ed9ng RoboSep\u2122-S (Catalog # 21000)<\/li>\n<li>B\u1ed9 \u1ed1ng RoboSep\u2122 (9 \u1ed1ng nh\u1ef1a + B\u1ed9 b\u1ea3o v\u1ec7 \u0111\u1ea7u tip) (Catalog # 20155)<\/li>\n<li>H\u1ee3p ch\u1ea5t \u0111\u00e1nh b\u00f3ng \u0111\u1ea7u tip RoboSep\u2122, \u1ed1ng 7 mL (Catalog # 20119)<\/li>\n<li><a href=\"http:\/\/www.stemcell.com\/robosep-buffer.html\">Dung d\u1ecbch \u0111\u1ec7m RoboSep\u2122<\/a>, chai 250 mL (Catalog # 20104)<\/li>\n<li>B\u1ed9 dung d\u1ecbch \u0111\u1ec7m RoboSep\u2122, chai 250 mL (5X) Catalog # 20124)<\/li>\n<li>B\u1ed9 l\u1ecdc RoboSep\u2122 (Catalog # 20125)<\/li>\n<li>G\u00f3i d\u1ecbch v\u1ee5 b\u1ea3o h\u00e0nh c\u1ee7a RoboSep\u2122-S (t\u00f9y ch\u1ecdn)<\/li>\n<\/ol>\n<p><strong>\u0110\u1ecdc b\u00e0i vi\u1ebft \u0110\u00e1nh gi\u00e1 thi\u1ebft b\u1ecb RoboSep-S t\u1ea1i <\/strong><a href=\"https:\/\/biogroupvietnam.com\/vi\/blogs\/tin-tuc-su-kien\/san-pham-cong-nghe-moi\/danh-gia-he-thong-phan-tach-te-bao-robosep.html\"><strong>\u0111\u00e2y<\/strong><\/a><\/p>\n<p><strong>Xem nh\u1eefng c\u00e2u h\u1ecfi th\u01b0\u1eddng g\u1eb7p v\u1ec1 RoboSep-S t\u1ea1i <\/strong><a href=\"https:\/\/biogroupvietnam.com\/vi\/services\/huong-dan-quan-ly-thiet-bi\/mot-so-cau-hoi-thuong-gap-ve-thiet-bi-phan-lap-te-bao-tu-dong-robosep-s.html\"><strong>\u0111\u00e2y<\/strong><\/a><\/p>\n","protected":false},"excerpt":{"rendered":"<p>RoboSep\u2122-S l\u00e0 thi\u1ebft b\u1ecb ph\u00e2n t\u00e1ch t\u1ebf b\u00e0o t\u1ef1 \u0111\u1ed9ng ho\u00e0n to\u00e0n. T\u1ed5ng quan v\u1ec1\u00a0RoboSepTM-S RoboSep\u2122-S l\u00e0 th\u1ebf h\u1ec7 th\u1ee9 hai c\u1ee7a RoboSep\u2122, m\u1ed9t m\u00e1y t\u00e1ch t\u1ebf b\u00e0o ho\u00e0n to\u00e0n t\u1ef1 \u0111\u1ed9ng d\u1ef1a tr\u00ean c\u00f4ng ngh\u1ec7 EasySep\u2122 kh\u00f4ng d\u00f9ng c\u1ed9t. EasySep\u2122 l\u00e0 c\u00f4ng ngh\u1ec7 t\u00e1ch t\u1ebf b\u00e0o t\u1eeb t\u00ednh mi\u1ec5n d\u1ecbch cho ph\u00e9p ph\u00e2n l\u1eadp<\/p>\n<div class=\"klb-readmore post-buttons\"><a class=\"button rounded primary\" href=\"https:\/\/biogroupvietnam.com\/vi\/san-pham\/robosep-s\/\">Read More <i class=\"klbth-icon-right-arrow\"><\/i><\/a><\/div>\n","protected":false},"featured_media":10206,"comment_status":"closed","ping_status":"closed","template":"","meta":{"_acf_changed":false},"product_brand":[127],"product_cat":[115],"product_tag":[],"class_list":{"0":"post-3788","1":"product","2":"type-product","3":"status-publish","4":"has-post-thumbnail","6":"product_brand-stemcell-technologies","7":"product_cat-phan-lap-te-bao","9":"first","10":"outofstock","11":"shipping-taxable","12":"product-type-simple"},"acf":[],"yoast_head":"<!-- This site is optimized with the Yoast SEO plugin v26.8 - https:\/\/yoast.com\/product\/yoast-seo-wordpress\/ -->\n<title>Thi\u1ebft B\u1ecb RoboSep\u2122-S Ph\u00e2n L\u1eadp T\u1ebf B\u00e0o T\u1ef1 \u0110\u1ed9ng<\/title>\n<meta name=\"description\" content=\"RoboSep\u2122-S l\u00e0 thi\u1ebft b\u1ecb ph\u00e2n t\u00e1ch t\u1ebf b\u00e0o ho\u00e0n to\u00e0n t\u1ef1 \u0111\u1ed9ng, d\u1ef1a tr\u00ean c\u00f4ng ngh\u1ec7 t\u00e1ch t\u1ebf b\u00e0o t\u1eeb t\u00ednh mi\u1ec5n d\u1ecbch EasySep\u2122 kh\u00f4ng d\u00f9ng c\u1ed9t.\" \/>\n<meta name=\"robots\" content=\"index, follow, max-snippet:-1, max-image-preview:large, max-video-preview:-1\" \/>\n<link rel=\"canonical\" href=\"https:\/\/biogroupvietnam.com\/vi\/san-pham\/robosep-s\/\" \/>\n<meta property=\"og:locale\" content=\"vi_VN\" \/>\n<meta property=\"og:type\" content=\"article\" \/>\n<meta property=\"og:title\" content=\"Thi\u1ebft B\u1ecb RoboSep\u2122-S Ph\u00e2n L\u1eadp T\u1ebf B\u00e0o T\u1ef1 \u0110\u1ed9ng\" \/>\n<meta property=\"og:description\" content=\"RoboSep\u2122-S l\u00e0 thi\u1ebft b\u1ecb ph\u00e2n t\u00e1ch t\u1ebf b\u00e0o ho\u00e0n to\u00e0n t\u1ef1 \u0111\u1ed9ng, d\u1ef1a tr\u00ean c\u00f4ng ngh\u1ec7 t\u00e1ch t\u1ebf b\u00e0o t\u1eeb t\u00ednh mi\u1ec5n d\u1ecbch EasySep\u2122 kh\u00f4ng d\u00f9ng c\u1ed9t.\" \/>\n<meta property=\"og:url\" content=\"https:\/\/biogroupvietnam.com\/vi\/san-pham\/robosep-s\/\" \/>\n<meta property=\"og:site_name\" content=\"Biogroup Vietnam\" \/>\n<meta property=\"article:modified_time\" content=\"2026-04-04T09:01:18+00:00\" \/>\n<meta property=\"og:image\" content=\"https:\/\/biogroupvietnam.com\/wp-content\/uploads\/2025\/08\/thiet-bi-robosep-s-phan-lap-te-bao-tu-dong.jpg\" \/>\n\t<meta property=\"og:image:width\" content=\"1640\" \/>\n\t<meta property=\"og:image:height\" content=\"1260\" \/>\n\t<meta property=\"og:image:type\" content=\"image\/jpeg\" \/>\n<meta name=\"twitter:card\" content=\"summary_large_image\" \/>\n<meta name=\"twitter:label1\" content=\"\u01af\u1edbc t\u00ednh th\u1eddi gian \u0111\u1ecdc\" \/>\n\t<meta name=\"twitter:data1\" content=\"3 ph\u00fat\" \/>\n<script type=\"application\/ld+json\" class=\"yoast-schema-graph\">{\"@context\":\"https:\/\/schema.org\",\"@graph\":[{\"@type\":\"WebPage\",\"@id\":\"https:\/\/biogroupvietnam.com\/vi\/san-pham\/robosep-s\/\",\"url\":\"https:\/\/biogroupvietnam.com\/vi\/san-pham\/robosep-s\/\",\"name\":\"Thi\u1ebft B\u1ecb RoboSep\u2122-S Ph\u00e2n L\u1eadp T\u1ebf B\u00e0o T\u1ef1 \u0110\u1ed9ng\",\"isPartOf\":{\"@id\":\"https:\/\/biogroupvietnam.com\/vi\/#website\"},\"primaryImageOfPage\":{\"@id\":\"https:\/\/biogroupvietnam.com\/vi\/san-pham\/robosep-s\/#primaryimage\"},\"image\":{\"@id\":\"https:\/\/biogroupvietnam.com\/vi\/san-pham\/robosep-s\/#primaryimage\"},\"thumbnailUrl\":\"https:\/\/biogroupvietnam.com\/wp-content\/uploads\/2025\/08\/thiet-bi-robosep-s-phan-lap-te-bao-tu-dong.jpg\",\"datePublished\":\"2025-08-18T12:53:17+00:00\",\"dateModified\":\"2026-04-04T09:01:18+00:00\",\"description\":\"RoboSep\u2122-S l\u00e0 thi\u1ebft b\u1ecb ph\u00e2n t\u00e1ch t\u1ebf b\u00e0o ho\u00e0n to\u00e0n t\u1ef1 \u0111\u1ed9ng, d\u1ef1a tr\u00ean c\u00f4ng ngh\u1ec7 t\u00e1ch t\u1ebf b\u00e0o t\u1eeb t\u00ednh mi\u1ec5n d\u1ecbch EasySep\u2122 kh\u00f4ng d\u00f9ng c\u1ed9t.\",\"breadcrumb\":{\"@id\":\"https:\/\/biogroupvietnam.com\/vi\/san-pham\/robosep-s\/#breadcrumb\"},\"inLanguage\":\"vi\",\"potentialAction\":[{\"@type\":\"ReadAction\",\"target\":[\"https:\/\/biogroupvietnam.com\/vi\/san-pham\/robosep-s\/\"]}]},{\"@type\":\"ImageObject\",\"inLanguage\":\"vi\",\"@id\":\"https:\/\/biogroupvietnam.com\/vi\/san-pham\/robosep-s\/#primaryimage\",\"url\":\"https:\/\/biogroupvietnam.com\/wp-content\/uploads\/2025\/08\/thiet-bi-robosep-s-phan-lap-te-bao-tu-dong.jpg\",\"contentUrl\":\"https:\/\/biogroupvietnam.com\/wp-content\/uploads\/2025\/08\/thiet-bi-robosep-s-phan-lap-te-bao-tu-dong.jpg\",\"width\":1640,\"height\":1260,\"caption\":\"Thi\u1ebft B\u1ecb RoboSep\u2122-S Ph\u00e2n L\u1eadp T\u1ebf B\u00e0o T\u1ef1 \u0110\u1ed9ng\"},{\"@type\":\"BreadcrumbList\",\"@id\":\"https:\/\/biogroupvietnam.com\/vi\/san-pham\/robosep-s\/#breadcrumb\",\"itemListElement\":[{\"@type\":\"ListItem\",\"position\":1,\"name\":\"Trang ch\u1ee7\",\"item\":\"https:\/\/biogroupvietnam.com\/vi\/\"},{\"@type\":\"ListItem\",\"position\":2,\"name\":\"S\u1ea3n ph\u1ea9m\",\"item\":\"https:\/\/biogroupvietnam.com\/vi\/san-pham\/\"},{\"@type\":\"ListItem\",\"position\":3,\"name\":\"X\u1eed L\u00fd T\u1ebf B\u00e0o\",\"item\":\"https:\/\/biogroupvietnam.com\/vi\/danh-muc-san-pham\/xu-ly-te-bao\/\"},{\"@type\":\"ListItem\",\"position\":4,\"name\":\"Ph\u00e2n L\u1eadp T\u1ebf B\u00e0o\",\"item\":\"https:\/\/biogroupvietnam.com\/vi\/danh-muc-san-pham\/phan-lap-te-bao\/\"},{\"@type\":\"ListItem\",\"position\":5,\"name\":\"Thi\u1ebft B\u1ecb RoboSep\u2122-S Ph\u00e2n L\u1eadp T\u1ebf B\u00e0o T\u1ef1 \u0110\u1ed9ng\"}]},{\"@type\":\"WebSite\",\"@id\":\"https:\/\/biogroupvietnam.com\/vi\/#website\",\"url\":\"https:\/\/biogroupvietnam.com\/vi\/\",\"name\":\"Biogroup Vietnam\",\"description\":\"Biogroup Vietnam cung c\u1ea5p d\u1ecbch v\u1ee5 k\u1ef9 thu\u1eadt c\u00f9ng thi\u1ebft b\u1ecb, v\u1eadt t\u01b0, h\u00f3a ch\u1ea5t v\u00e0 gi\u1ea3i ph\u00e1p sinh h\u1ecdc cho ph\u00f2ng th\u00ed nghi\u1ec7m c\u00f4ng ngh\u1ec7 sinh h\u1ecdc, y sinh v\u00e0 y h\u1ecdc t\u00e1i t\u1ea1o.\",\"potentialAction\":[{\"@type\":\"SearchAction\",\"target\":{\"@type\":\"EntryPoint\",\"urlTemplate\":\"https:\/\/biogroupvietnam.com\/vi\/?s={search_term_string}\"},\"query-input\":{\"@type\":\"PropertyValueSpecification\",\"valueRequired\":true,\"valueName\":\"search_term_string\"}}],\"inLanguage\":\"vi\"}]}<\/script>\n<!-- \/ Yoast SEO plugin. -->","yoast_head_json":{"title":"Thi\u1ebft B\u1ecb RoboSep\u2122-S Ph\u00e2n L\u1eadp T\u1ebf B\u00e0o T\u1ef1 \u0110\u1ed9ng","description":"RoboSep\u2122-S l\u00e0 thi\u1ebft b\u1ecb ph\u00e2n t\u00e1ch t\u1ebf b\u00e0o ho\u00e0n to\u00e0n t\u1ef1 \u0111\u1ed9ng, d\u1ef1a tr\u00ean c\u00f4ng ngh\u1ec7 t\u00e1ch t\u1ebf b\u00e0o t\u1eeb t\u00ednh mi\u1ec5n d\u1ecbch EasySep\u2122 kh\u00f4ng d\u00f9ng c\u1ed9t.","robots":{"index":"index","follow":"follow","max-snippet":"max-snippet:-1","max-image-preview":"max-image-preview:large","max-video-preview":"max-video-preview:-1"},"canonical":"https:\/\/biogroupvietnam.com\/vi\/san-pham\/robosep-s\/","og_locale":"vi_VN","og_type":"article","og_title":"Thi\u1ebft B\u1ecb RoboSep\u2122-S Ph\u00e2n L\u1eadp T\u1ebf B\u00e0o T\u1ef1 \u0110\u1ed9ng","og_description":"RoboSep\u2122-S l\u00e0 thi\u1ebft b\u1ecb ph\u00e2n t\u00e1ch t\u1ebf b\u00e0o ho\u00e0n to\u00e0n t\u1ef1 \u0111\u1ed9ng, d\u1ef1a tr\u00ean c\u00f4ng ngh\u1ec7 t\u00e1ch t\u1ebf b\u00e0o t\u1eeb t\u00ednh mi\u1ec5n d\u1ecbch EasySep\u2122 kh\u00f4ng d\u00f9ng c\u1ed9t.","og_url":"https:\/\/biogroupvietnam.com\/vi\/san-pham\/robosep-s\/","og_site_name":"Biogroup Vietnam","article_modified_time":"2026-04-04T09:01:18+00:00","og_image":[{"width":1640,"height":1260,"url":"https:\/\/biogroupvietnam.com\/wp-content\/uploads\/2025\/08\/thiet-bi-robosep-s-phan-lap-te-bao-tu-dong.jpg","type":"image\/jpeg"}],"twitter_card":"summary_large_image","twitter_misc":{"\u01af\u1edbc t\u00ednh th\u1eddi gian \u0111\u1ecdc":"3 ph\u00fat"},"schema":{"@context":"https:\/\/schema.org","@graph":[{"@type":"WebPage","@id":"https:\/\/biogroupvietnam.com\/vi\/san-pham\/robosep-s\/","url":"https:\/\/biogroupvietnam.com\/vi\/san-pham\/robosep-s\/","name":"Thi\u1ebft B\u1ecb RoboSep\u2122-S Ph\u00e2n L\u1eadp T\u1ebf B\u00e0o T\u1ef1 \u0110\u1ed9ng","isPartOf":{"@id":"https:\/\/biogroupvietnam.com\/vi\/#website"},"primaryImageOfPage":{"@id":"https:\/\/biogroupvietnam.com\/vi\/san-pham\/robosep-s\/#primaryimage"},"image":{"@id":"https:\/\/biogroupvietnam.com\/vi\/san-pham\/robosep-s\/#primaryimage"},"thumbnailUrl":"https:\/\/biogroupvietnam.com\/wp-content\/uploads\/2025\/08\/thiet-bi-robosep-s-phan-lap-te-bao-tu-dong.jpg","datePublished":"2025-08-18T12:53:17+00:00","dateModified":"2026-04-04T09:01:18+00:00","description":"RoboSep\u2122-S l\u00e0 thi\u1ebft b\u1ecb ph\u00e2n t\u00e1ch t\u1ebf b\u00e0o ho\u00e0n to\u00e0n t\u1ef1 \u0111\u1ed9ng, d\u1ef1a tr\u00ean c\u00f4ng ngh\u1ec7 t\u00e1ch t\u1ebf b\u00e0o t\u1eeb t\u00ednh mi\u1ec5n d\u1ecbch EasySep\u2122 kh\u00f4ng d\u00f9ng c\u1ed9t.","breadcrumb":{"@id":"https:\/\/biogroupvietnam.com\/vi\/san-pham\/robosep-s\/#breadcrumb"},"inLanguage":"vi","potentialAction":[{"@type":"ReadAction","target":["https:\/\/biogroupvietnam.com\/vi\/san-pham\/robosep-s\/"]}]},{"@type":"ImageObject","inLanguage":"vi","@id":"https:\/\/biogroupvietnam.com\/vi\/san-pham\/robosep-s\/#primaryimage","url":"https:\/\/biogroupvietnam.com\/wp-content\/uploads\/2025\/08\/thiet-bi-robosep-s-phan-lap-te-bao-tu-dong.jpg","contentUrl":"https:\/\/biogroupvietnam.com\/wp-content\/uploads\/2025\/08\/thiet-bi-robosep-s-phan-lap-te-bao-tu-dong.jpg","width":1640,"height":1260,"caption":"Thi\u1ebft B\u1ecb RoboSep\u2122-S Ph\u00e2n L\u1eadp T\u1ebf B\u00e0o T\u1ef1 \u0110\u1ed9ng"},{"@type":"BreadcrumbList","@id":"https:\/\/biogroupvietnam.com\/vi\/san-pham\/robosep-s\/#breadcrumb","itemListElement":[{"@type":"ListItem","position":1,"name":"Trang ch\u1ee7","item":"https:\/\/biogroupvietnam.com\/vi\/"},{"@type":"ListItem","position":2,"name":"S\u1ea3n ph\u1ea9m","item":"https:\/\/biogroupvietnam.com\/vi\/san-pham\/"},{"@type":"ListItem","position":3,"name":"X\u1eed L\u00fd T\u1ebf B\u00e0o","item":"https:\/\/biogroupvietnam.com\/vi\/danh-muc-san-pham\/xu-ly-te-bao\/"},{"@type":"ListItem","position":4,"name":"Ph\u00e2n L\u1eadp T\u1ebf B\u00e0o","item":"https:\/\/biogroupvietnam.com\/vi\/danh-muc-san-pham\/phan-lap-te-bao\/"},{"@type":"ListItem","position":5,"name":"Thi\u1ebft B\u1ecb RoboSep\u2122-S Ph\u00e2n L\u1eadp T\u1ebf B\u00e0o T\u1ef1 \u0110\u1ed9ng"}]},{"@type":"WebSite","@id":"https:\/\/biogroupvietnam.com\/vi\/#website","url":"https:\/\/biogroupvietnam.com\/vi\/","name":"Biogroup Vietnam","description":"Biogroup Vietnam cung c\u1ea5p d\u1ecbch v\u1ee5 k\u1ef9 thu\u1eadt c\u00f9ng thi\u1ebft b\u1ecb, v\u1eadt t\u01b0, h\u00f3a ch\u1ea5t v\u00e0 gi\u1ea3i ph\u00e1p sinh h\u1ecdc cho ph\u00f2ng th\u00ed nghi\u1ec7m c\u00f4ng ngh\u1ec7 sinh h\u1ecdc, y sinh v\u00e0 y h\u1ecdc t\u00e1i t\u1ea1o.","potentialAction":[{"@type":"SearchAction","target":{"@type":"EntryPoint","urlTemplate":"https:\/\/biogroupvietnam.com\/vi\/?s={search_term_string}"},"query-input":{"@type":"PropertyValueSpecification","valueRequired":true,"valueName":"search_term_string"}}],"inLanguage":"vi"}]}},"_links":{"self":[{"href":"https:\/\/biogroupvietnam.com\/vi\/wp-json\/wp\/v2\/product\/3788","targetHints":{"allow":["GET"]}}],"collection":[{"href":"https:\/\/biogroupvietnam.com\/vi\/wp-json\/wp\/v2\/product"}],"about":[{"href":"https:\/\/biogroupvietnam.com\/vi\/wp-json\/wp\/v2\/types\/product"}],"replies":[{"embeddable":true,"href":"https:\/\/biogroupvietnam.com\/vi\/wp-json\/wp\/v2\/comments?post=3788"}],"version-history":[{"count":5,"href":"https:\/\/biogroupvietnam.com\/vi\/wp-json\/wp\/v2\/product\/3788\/revisions"}],"predecessor-version":[{"id":10208,"href":"https:\/\/biogroupvietnam.com\/vi\/wp-json\/wp\/v2\/product\/3788\/revisions\/10208"}],"wp:featuredmedia":[{"embeddable":true,"href":"https:\/\/biogroupvietnam.com\/vi\/wp-json\/wp\/v2\/media\/10206"}],"wp:attachment":[{"href":"https:\/\/biogroupvietnam.com\/vi\/wp-json\/wp\/v2\/media?parent=3788"}],"wp:term":[{"taxonomy":"product_brand","embeddable":true,"href":"https:\/\/biogroupvietnam.com\/vi\/wp-json\/wp\/v2\/product_brand?post=3788"},{"taxonomy":"product_cat","embeddable":true,"href":"https:\/\/biogroupvietnam.com\/vi\/wp-json\/wp\/v2\/product_cat?post=3788"},{"taxonomy":"product_tag","embeddable":true,"href":"https:\/\/biogroupvietnam.com\/vi\/wp-json\/wp\/v2\/product_tag?post=3788"}],"curies":[{"name":"wp","href":"https:\/\/api.w.org\/{rel}","templated":true}]}}