{"id":3789,"date":"2025-08-18T19:53:18","date_gmt":"2025-08-18T12:53:18","guid":{"rendered":"http:\/\/biogroupvietnam-worldpress.local\/product\/import-placeholder-for-115\/"},"modified":"2026-04-04T15:15:18","modified_gmt":"2026-04-04T08:15:18","slug":"easysep-magnet","status":"publish","type":"product","link":"https:\/\/biogroupvietnam.com\/vi\/san-pham\/easysep-magnet\/","title":{"rendered":"D\u1ee5ng C\u1ee5 T\u1eeb T\u00ednh EasySep\u2122 T\u00e1ch T\u1ebf B\u00e0o"},"content":{"rendered":"<p>D\u1ee5ng c\u1ee5 t\u1eeb t\u00ednh EasySep\u2122 \u0111\u01b0\u1ee3c thi\u1ebft k\u1ebf \u0111\u1ec3 t\u00e1ch t\u1ebf b\u00e0o mi\u1ec5n d\u1ecbch t\u1eeb t\u00ednh m\u00e0 kh\u00f4ng s\u1eed d\u1ee5ng c\u1ed9t.<\/p>\n<p style=\"text-align: center;\"><img fetchpriority=\"high\" decoding=\"async\" src=\"https:\/\/biogroupvietnam.com\/uploads\/sCCCjEpmwgPadQXQ6L9v1x0ms5A3asj78tnrudqK.png\" alt=\"\" width=\"320\" height=\"246\" \/><\/p>\n<h3><strong>T\u1ed5ng quan d\u1ee5ng c\u1ee5 t\u1eeb t\u00ednh EasySep\u2122<\/strong><\/h3>\n<p>D\u1ee5ng c\u1ee5 t\u1eeb t\u00ednh EasySep\u2122 \u0111\u01b0\u1ee3c thi\u1ebft k\u1ebf \u0111\u1ec3 t\u00e1ch t\u1ebf b\u00e0o b\u1eb1ng thu\u1ed1c th\u1eed EasySep\u2122. EasySep\u2122 Magnet t\u1ea1o ra m\u1ed9t t\u1eeb tr\u01b0\u1eddng gradient cao trong khoang b\u00ean trong \u0111\u1ee7 m\u1ea1nh \u0111\u1ec3 t\u00e1ch c\u00e1c t\u1ebf b\u00e0o \u0111\u01b0\u1ee3c g\u1eafn nh\u00e3n b\u1eb1ng c\u00e1c h\u1ea1t t\u1eeb t\u00ednh EasySep\u2122 m\u00e0 kh\u00f4ng c\u1ea7n s\u1eed d\u1ee5ng c\u1ed9t.<\/p>\n<p>D\u1ee5ng c\u1ee5 t\u1eeb t\u00ednh EasySep\u2122 \u0111\u01b0\u1ee3c thi\u1ebft k\u1ebf \u0111\u1ec3 ch\u1ee9a m\u1ed9t \u1ed1ng polystyrene ti\u00eau chu\u1ea9n 14 mL (17 x 95 mm).<\/p>\n<p>Ngo\u00e0i ra, STEMCELL c\u00f2n c\u00f3 m\u00e1y t\u00e1ch\u00a0t\u1ebf b\u00e0o\u00a0t\u1ef1 \u0111\u1ed9ng\u00a0<a href=\"https:\/\/biogroupvietnam.com\/vi\/products\/nghien-cuu-sinh-hoc\/phan-lap-te-bao\/robosep-s.html\">RoboSep-S<\/a>,\u00a0t\u00e1ch t\u1ed1i \u0111a b\u1ed1n m\u1eabu t\u1ebf b\u00e0o c\u00f9ng l\u00fac v\u00e0 c\u0169ng c\u00f3 th\u1ec3 ph\u00e2n l\u1eadp\u00a0tu\u1ea7n t\u1ef1 c\u00e1c lo\u1ea1i t\u1ebf b\u00e0o kh\u00e1c nhau t\u1eeb c\u00f9ng\u00a0m\u1ed9t m\u1eabu.\u200b<\/p>\n<h3><strong>\u01afu \u0111i\u1ec3m c\u1ee7a\u00a0D\u1ee5ng c\u1ee5 t\u1eeb t\u00ednh EasySep:<\/strong><\/h3>\n<ul>\n<li>NHANH CH\u00d3NG V\u00c0 D\u1ec4 D\u00c0NG:\u00a0trong\u00a0v\u00f2ng\u00a08\u00a0ph\u00fat,\u00a0ch\u1ec9\u00a0c\u1ea7n\u00a0\u0111\u1ed5\u00a0ra\u200b<\/li>\n<li>\u0110\u1ed8 TINH KHI\u1ebeT CAO:\u00a0\u0111\u1ea1t\u00a0\u0111\u1ebfn\u00a099%\u00a0\u0111\u1ed9\u00a0tinh\u00a0s\u1ea1ch,\u00a0v\u1edbi\u00a0\u0111\u1ed9\u00a0thu\u00a0h\u1ed3i\u00a0cao.\u200b<\/li>\n<li>NH\u1eb8 NH\u00c0NG:\u00a0Duy\u00a0tr\u00ec\u00a0kh\u1ea3\u00a0n\u0103ng\u00a0s\u1ed1ng\u00a0cao,\u00a0duy\u00a0tr\u00ec\u00a0ho\u1ea1t\u00a0t\u00ednh\u00a0t\u1ebf\u00a0b\u00e0o\u200b<\/li>\n<li>LINH HO\u1ea0T:\u00a0nhi\u1ec1u\u00a0ngu\u1ed3n\u00a0m\u1eabu\u00a0:\u00a0m\u00e1u\u00a0to\u00e0n\u00a0ph\u1ea7n, leukapheresis.<\/li>\n<li>UY T\u00cdN:\u00a0h\u01a1n\u00a09,000 peer-reviewed publications.<\/li>\n<\/ul>\n<h3><strong>Xem th\u00eam v\u1ec1 nh\u1eefng \u1ee9ng d\u1ee5ng c\u1ee7a\u00a0D\u1ee5ng c\u1ee5 t\u1eeb t\u00ednh EasySep:<\/strong><\/h3>\n<p><a href=\"https:\/\/biogroupvietnam.com\/vi\/blogs\/tin-tuc-su-kien\/blog\/phan-lap-va-tinh-sach-ev-voi-bo-dung-cu-chon-loc-duong-tinh-tui-ngoai-bao-easysep-cua-nguoi.html\">Ph\u00e2n L\u1eadp V\u00e0 Tinh S\u1ea1ch EV V\u1edbi B\u1ed9 D\u1ee5ng C\u1ee5 Ch\u1ecdn L\u1ecdc D\u01b0\u01a1ng T\u00ednh T\u00fai Ngo\u1ea1i B\u00e0o Easysep\u2122 C\u1ee7a Ng\u01b0\u1eddi<\/a><\/p>\n<p><a href=\"https:\/\/biogroupvietnam.com\/vi\/blogs\/tin-tuc-su-kien\/blog\/isolate-immune-cells-for-cancer-research.html\">Ph\u00e2n L\u1eadp T\u1ebf B\u00e0o Mi\u1ec5n D\u1ecbch Trong Nghi\u00ean C\u1ee9u Ung Th\u01b0<\/a><\/p>\n<p><a href=\"https:\/\/biogroupvietnam.com\/vi\/services\/giai-phap-thiet-bi-phong-lab\/giai-phap-phan-lap-te-bao-dung-cho-phan-tich-chimerism.html\">Gi\u1ea3i Ph\u00e1p Ph\u00e2n L\u1eadp T\u1ebf B\u00e0o D\u00f9ng Cho Ph\u00e2n T\u00edch Chimerism<\/a><\/p>\n<h3><strong>Th\u00f4ng tin \u0111\u1eb7t h\u00e0ng<\/strong><\/h3>\n<ul>\n<li>D\u1ee5ng c\u1ee5 t\u1eeb t\u00ednh EasySep\u2122 (Catalog # 18000).<\/li>\n<\/ul>\n","protected":false},"excerpt":{"rendered":"<p>D\u1ee5ng c\u1ee5 t\u1eeb t\u00ednh EasySep\u2122 \u0111\u01b0\u1ee3c thi\u1ebft k\u1ebf \u0111\u1ec3 t\u00e1ch t\u1ebf b\u00e0o mi\u1ec5n d\u1ecbch t\u1eeb t\u00ednh m\u00e0 kh\u00f4ng s\u1eed d\u1ee5ng c\u1ed9t. T\u1ed5ng quan d\u1ee5ng c\u1ee5 t\u1eeb t\u00ednh EasySep\u2122 D\u1ee5ng c\u1ee5 t\u1eeb t\u00ednh EasySep\u2122 \u0111\u01b0\u1ee3c thi\u1ebft k\u1ebf \u0111\u1ec3 t\u00e1ch t\u1ebf b\u00e0o b\u1eb1ng thu\u1ed1c th\u1eed EasySep\u2122. EasySep\u2122 Magnet t\u1ea1o ra m\u1ed9t t\u1eeb tr\u01b0\u1eddng gradient cao trong khoang<\/p>\n<div class=\"klb-readmore post-buttons\"><a class=\"button rounded primary\" href=\"https:\/\/biogroupvietnam.com\/vi\/san-pham\/easysep-magnet\/\">Read More <i class=\"klbth-icon-right-arrow\"><\/i><\/a><\/div>\n","protected":false},"featured_media":10204,"comment_status":"closed","ping_status":"closed","template":"","meta":{"_acf_changed":false},"product_brand":[127],"product_cat":[115],"product_tag":[],"class_list":{"0":"post-3789","1":"product","2":"type-product","3":"status-publish","4":"has-post-thumbnail","6":"product_brand-stemcell-technologies","7":"product_cat-phan-lap-te-bao","9":"first","10":"outofstock","11":"shipping-taxable","12":"product-type-simple"},"acf":[],"yoast_head":"<!-- This site is optimized with the Yoast SEO plugin v26.8 - https:\/\/yoast.com\/product\/yoast-seo-wordpress\/ -->\n<title>D\u1ee5ng C\u1ee5 T\u1eeb T\u00ednh EasySep\u2122 T\u00e1ch T\u1ebf B\u00e0o<\/title>\n<meta name=\"description\" content=\"D\u1ee5ng c\u1ee5 t\u1eeb t\u00ednh EasySep\u2122 Magnet \u0111\u01b0\u1ee3c thi\u1ebft k\u1ebf \u0111\u1ec3 t\u00e1ch t\u1ebf b\u00e0o mi\u1ec5n d\u1ecbch t\u1eeb t\u00ednh nhanh ch\u00f3ng, d\u1ec5 d\u00e0nh, \u0111\u1ed9 thu h\u1ed3i cao m\u00e0 kh\u00f4ng c\u1ea7n s\u1eed d\u1ee5ng c\u1ed9t.\" \/>\n<meta name=\"robots\" content=\"index, follow, max-snippet:-1, max-image-preview:large, max-video-preview:-1\" \/>\n<link rel=\"canonical\" href=\"https:\/\/biogroupvietnam.com\/vi\/san-pham\/easysep-magnet\/\" \/>\n<meta property=\"og:locale\" content=\"vi_VN\" \/>\n<meta property=\"og:type\" content=\"article\" \/>\n<meta property=\"og:title\" content=\"D\u1ee5ng C\u1ee5 T\u1eeb T\u00ednh EasySep\u2122 T\u00e1ch T\u1ebf B\u00e0o\" \/>\n<meta property=\"og:description\" content=\"D\u1ee5ng c\u1ee5 t\u1eeb t\u00ednh EasySep\u2122 Magnet \u0111\u01b0\u1ee3c thi\u1ebft k\u1ebf \u0111\u1ec3 t\u00e1ch t\u1ebf b\u00e0o mi\u1ec5n d\u1ecbch t\u1eeb t\u00ednh nhanh ch\u00f3ng, d\u1ec5 d\u00e0nh, \u0111\u1ed9 thu h\u1ed3i cao m\u00e0 kh\u00f4ng c\u1ea7n s\u1eed d\u1ee5ng c\u1ed9t.\" \/>\n<meta property=\"og:url\" content=\"https:\/\/biogroupvietnam.com\/vi\/san-pham\/easysep-magnet\/\" \/>\n<meta property=\"og:site_name\" content=\"Biogroup Vietnam\" \/>\n<meta property=\"article:modified_time\" content=\"2026-04-04T08:15:18+00:00\" \/>\n<meta property=\"og:image\" content=\"https:\/\/biogroupvietnam.com\/wp-content\/uploads\/2025\/08\/dung-cu-tu-tinh-easysep-tach-te-bao.jpg\" \/>\n\t<meta property=\"og:image:width\" content=\"1640\" \/>\n\t<meta property=\"og:image:height\" content=\"1260\" \/>\n\t<meta property=\"og:image:type\" content=\"image\/jpeg\" \/>\n<meta name=\"twitter:card\" content=\"summary_large_image\" \/>\n<meta name=\"twitter:label1\" content=\"\u01af\u1edbc t\u00ednh th\u1eddi gian \u0111\u1ecdc\" \/>\n\t<meta name=\"twitter:data1\" content=\"2 ph\u00fat\" \/>\n<script type=\"application\/ld+json\" class=\"yoast-schema-graph\">{\"@context\":\"https:\/\/schema.org\",\"@graph\":[{\"@type\":\"WebPage\",\"@id\":\"https:\/\/biogroupvietnam.com\/vi\/san-pham\/easysep-magnet\/\",\"url\":\"https:\/\/biogroupvietnam.com\/vi\/san-pham\/easysep-magnet\/\",\"name\":\"D\u1ee5ng C\u1ee5 T\u1eeb T\u00ednh EasySep\u2122 T\u00e1ch T\u1ebf B\u00e0o\",\"isPartOf\":{\"@id\":\"https:\/\/biogroupvietnam.com\/vi\/#website\"},\"primaryImageOfPage\":{\"@id\":\"https:\/\/biogroupvietnam.com\/vi\/san-pham\/easysep-magnet\/#primaryimage\"},\"image\":{\"@id\":\"https:\/\/biogroupvietnam.com\/vi\/san-pham\/easysep-magnet\/#primaryimage\"},\"thumbnailUrl\":\"https:\/\/biogroupvietnam.com\/wp-content\/uploads\/2025\/08\/dung-cu-tu-tinh-easysep-tach-te-bao.jpg\",\"datePublished\":\"2025-08-18T12:53:18+00:00\",\"dateModified\":\"2026-04-04T08:15:18+00:00\",\"description\":\"D\u1ee5ng c\u1ee5 t\u1eeb t\u00ednh EasySep\u2122 Magnet \u0111\u01b0\u1ee3c thi\u1ebft k\u1ebf \u0111\u1ec3 t\u00e1ch t\u1ebf b\u00e0o mi\u1ec5n d\u1ecbch t\u1eeb t\u00ednh nhanh ch\u00f3ng, d\u1ec5 d\u00e0nh, \u0111\u1ed9 thu h\u1ed3i cao m\u00e0 kh\u00f4ng c\u1ea7n s\u1eed d\u1ee5ng c\u1ed9t.\",\"breadcrumb\":{\"@id\":\"https:\/\/biogroupvietnam.com\/vi\/san-pham\/easysep-magnet\/#breadcrumb\"},\"inLanguage\":\"vi\",\"potentialAction\":[{\"@type\":\"ReadAction\",\"target\":[\"https:\/\/biogroupvietnam.com\/vi\/san-pham\/easysep-magnet\/\"]}]},{\"@type\":\"ImageObject\",\"inLanguage\":\"vi\",\"@id\":\"https:\/\/biogroupvietnam.com\/vi\/san-pham\/easysep-magnet\/#primaryimage\",\"url\":\"https:\/\/biogroupvietnam.com\/wp-content\/uploads\/2025\/08\/dung-cu-tu-tinh-easysep-tach-te-bao.jpg\",\"contentUrl\":\"https:\/\/biogroupvietnam.com\/wp-content\/uploads\/2025\/08\/dung-cu-tu-tinh-easysep-tach-te-bao.jpg\",\"width\":1640,\"height\":1260,\"caption\":\"D\u1ee5ng C\u1ee5 T\u1eeb T\u00ednh EasySep\u2122 T\u00e1ch T\u1ebf B\u00e0o\"},{\"@type\":\"BreadcrumbList\",\"@id\":\"https:\/\/biogroupvietnam.com\/vi\/san-pham\/easysep-magnet\/#breadcrumb\",\"itemListElement\":[{\"@type\":\"ListItem\",\"position\":1,\"name\":\"Trang ch\u1ee7\",\"item\":\"https:\/\/biogroupvietnam.com\/vi\/\"},{\"@type\":\"ListItem\",\"position\":2,\"name\":\"S\u1ea3n ph\u1ea9m\",\"item\":\"https:\/\/biogroupvietnam.com\/vi\/san-pham\/\"},{\"@type\":\"ListItem\",\"position\":3,\"name\":\"X\u1eed L\u00fd T\u1ebf B\u00e0o\",\"item\":\"https:\/\/biogroupvietnam.com\/vi\/danh-muc-san-pham\/xu-ly-te-bao\/\"},{\"@type\":\"ListItem\",\"position\":4,\"name\":\"Ph\u00e2n L\u1eadp T\u1ebf B\u00e0o\",\"item\":\"https:\/\/biogroupvietnam.com\/vi\/danh-muc-san-pham\/phan-lap-te-bao\/\"},{\"@type\":\"ListItem\",\"position\":5,\"name\":\"D\u1ee5ng C\u1ee5 T\u1eeb T\u00ednh EasySep\u2122 T\u00e1ch T\u1ebf B\u00e0o\"}]},{\"@type\":\"WebSite\",\"@id\":\"https:\/\/biogroupvietnam.com\/vi\/#website\",\"url\":\"https:\/\/biogroupvietnam.com\/vi\/\",\"name\":\"Biogroup Vietnam\",\"description\":\"Biogroup Vietnam cung c\u1ea5p d\u1ecbch v\u1ee5 k\u1ef9 thu\u1eadt c\u00f9ng thi\u1ebft b\u1ecb, v\u1eadt t\u01b0, h\u00f3a ch\u1ea5t v\u00e0 gi\u1ea3i ph\u00e1p sinh h\u1ecdc cho ph\u00f2ng th\u00ed nghi\u1ec7m c\u00f4ng ngh\u1ec7 sinh h\u1ecdc, y sinh v\u00e0 y h\u1ecdc t\u00e1i t\u1ea1o.\",\"potentialAction\":[{\"@type\":\"SearchAction\",\"target\":{\"@type\":\"EntryPoint\",\"urlTemplate\":\"https:\/\/biogroupvietnam.com\/vi\/?s={search_term_string}\"},\"query-input\":{\"@type\":\"PropertyValueSpecification\",\"valueRequired\":true,\"valueName\":\"search_term_string\"}}],\"inLanguage\":\"vi\"}]}<\/script>\n<!-- \/ Yoast SEO plugin. -->","yoast_head_json":{"title":"D\u1ee5ng C\u1ee5 T\u1eeb T\u00ednh EasySep\u2122 T\u00e1ch T\u1ebf B\u00e0o","description":"D\u1ee5ng c\u1ee5 t\u1eeb t\u00ednh EasySep\u2122 Magnet \u0111\u01b0\u1ee3c thi\u1ebft k\u1ebf \u0111\u1ec3 t\u00e1ch t\u1ebf b\u00e0o mi\u1ec5n d\u1ecbch t\u1eeb t\u00ednh nhanh ch\u00f3ng, d\u1ec5 d\u00e0nh, \u0111\u1ed9 thu h\u1ed3i cao m\u00e0 kh\u00f4ng c\u1ea7n s\u1eed d\u1ee5ng c\u1ed9t.","robots":{"index":"index","follow":"follow","max-snippet":"max-snippet:-1","max-image-preview":"max-image-preview:large","max-video-preview":"max-video-preview:-1"},"canonical":"https:\/\/biogroupvietnam.com\/vi\/san-pham\/easysep-magnet\/","og_locale":"vi_VN","og_type":"article","og_title":"D\u1ee5ng C\u1ee5 T\u1eeb T\u00ednh EasySep\u2122 T\u00e1ch T\u1ebf B\u00e0o","og_description":"D\u1ee5ng c\u1ee5 t\u1eeb t\u00ednh EasySep\u2122 Magnet \u0111\u01b0\u1ee3c thi\u1ebft k\u1ebf \u0111\u1ec3 t\u00e1ch t\u1ebf b\u00e0o mi\u1ec5n d\u1ecbch t\u1eeb t\u00ednh nhanh ch\u00f3ng, d\u1ec5 d\u00e0nh, \u0111\u1ed9 thu h\u1ed3i cao m\u00e0 kh\u00f4ng c\u1ea7n s\u1eed d\u1ee5ng c\u1ed9t.","og_url":"https:\/\/biogroupvietnam.com\/vi\/san-pham\/easysep-magnet\/","og_site_name":"Biogroup Vietnam","article_modified_time":"2026-04-04T08:15:18+00:00","og_image":[{"width":1640,"height":1260,"url":"https:\/\/biogroupvietnam.com\/wp-content\/uploads\/2025\/08\/dung-cu-tu-tinh-easysep-tach-te-bao.jpg","type":"image\/jpeg"}],"twitter_card":"summary_large_image","twitter_misc":{"\u01af\u1edbc t\u00ednh th\u1eddi gian \u0111\u1ecdc":"2 ph\u00fat"},"schema":{"@context":"https:\/\/schema.org","@graph":[{"@type":"WebPage","@id":"https:\/\/biogroupvietnam.com\/vi\/san-pham\/easysep-magnet\/","url":"https:\/\/biogroupvietnam.com\/vi\/san-pham\/easysep-magnet\/","name":"D\u1ee5ng C\u1ee5 T\u1eeb T\u00ednh EasySep\u2122 T\u00e1ch T\u1ebf B\u00e0o","isPartOf":{"@id":"https:\/\/biogroupvietnam.com\/vi\/#website"},"primaryImageOfPage":{"@id":"https:\/\/biogroupvietnam.com\/vi\/san-pham\/easysep-magnet\/#primaryimage"},"image":{"@id":"https:\/\/biogroupvietnam.com\/vi\/san-pham\/easysep-magnet\/#primaryimage"},"thumbnailUrl":"https:\/\/biogroupvietnam.com\/wp-content\/uploads\/2025\/08\/dung-cu-tu-tinh-easysep-tach-te-bao.jpg","datePublished":"2025-08-18T12:53:18+00:00","dateModified":"2026-04-04T08:15:18+00:00","description":"D\u1ee5ng c\u1ee5 t\u1eeb t\u00ednh EasySep\u2122 Magnet \u0111\u01b0\u1ee3c thi\u1ebft k\u1ebf \u0111\u1ec3 t\u00e1ch t\u1ebf b\u00e0o mi\u1ec5n d\u1ecbch t\u1eeb t\u00ednh nhanh ch\u00f3ng, d\u1ec5 d\u00e0nh, \u0111\u1ed9 thu h\u1ed3i cao m\u00e0 kh\u00f4ng c\u1ea7n s\u1eed d\u1ee5ng c\u1ed9t.","breadcrumb":{"@id":"https:\/\/biogroupvietnam.com\/vi\/san-pham\/easysep-magnet\/#breadcrumb"},"inLanguage":"vi","potentialAction":[{"@type":"ReadAction","target":["https:\/\/biogroupvietnam.com\/vi\/san-pham\/easysep-magnet\/"]}]},{"@type":"ImageObject","inLanguage":"vi","@id":"https:\/\/biogroupvietnam.com\/vi\/san-pham\/easysep-magnet\/#primaryimage","url":"https:\/\/biogroupvietnam.com\/wp-content\/uploads\/2025\/08\/dung-cu-tu-tinh-easysep-tach-te-bao.jpg","contentUrl":"https:\/\/biogroupvietnam.com\/wp-content\/uploads\/2025\/08\/dung-cu-tu-tinh-easysep-tach-te-bao.jpg","width":1640,"height":1260,"caption":"D\u1ee5ng C\u1ee5 T\u1eeb T\u00ednh EasySep\u2122 T\u00e1ch T\u1ebf B\u00e0o"},{"@type":"BreadcrumbList","@id":"https:\/\/biogroupvietnam.com\/vi\/san-pham\/easysep-magnet\/#breadcrumb","itemListElement":[{"@type":"ListItem","position":1,"name":"Trang ch\u1ee7","item":"https:\/\/biogroupvietnam.com\/vi\/"},{"@type":"ListItem","position":2,"name":"S\u1ea3n ph\u1ea9m","item":"https:\/\/biogroupvietnam.com\/vi\/san-pham\/"},{"@type":"ListItem","position":3,"name":"X\u1eed L\u00fd T\u1ebf B\u00e0o","item":"https:\/\/biogroupvietnam.com\/vi\/danh-muc-san-pham\/xu-ly-te-bao\/"},{"@type":"ListItem","position":4,"name":"Ph\u00e2n L\u1eadp T\u1ebf B\u00e0o","item":"https:\/\/biogroupvietnam.com\/vi\/danh-muc-san-pham\/phan-lap-te-bao\/"},{"@type":"ListItem","position":5,"name":"D\u1ee5ng C\u1ee5 T\u1eeb T\u00ednh EasySep\u2122 T\u00e1ch T\u1ebf B\u00e0o"}]},{"@type":"WebSite","@id":"https:\/\/biogroupvietnam.com\/vi\/#website","url":"https:\/\/biogroupvietnam.com\/vi\/","name":"Biogroup Vietnam","description":"Biogroup Vietnam cung c\u1ea5p d\u1ecbch v\u1ee5 k\u1ef9 thu\u1eadt c\u00f9ng thi\u1ebft b\u1ecb, v\u1eadt t\u01b0, h\u00f3a ch\u1ea5t v\u00e0 gi\u1ea3i ph\u00e1p sinh h\u1ecdc cho ph\u00f2ng th\u00ed nghi\u1ec7m c\u00f4ng ngh\u1ec7 sinh h\u1ecdc, y sinh v\u00e0 y h\u1ecdc t\u00e1i t\u1ea1o.","potentialAction":[{"@type":"SearchAction","target":{"@type":"EntryPoint","urlTemplate":"https:\/\/biogroupvietnam.com\/vi\/?s={search_term_string}"},"query-input":{"@type":"PropertyValueSpecification","valueRequired":true,"valueName":"search_term_string"}}],"inLanguage":"vi"}]}},"_links":{"self":[{"href":"https:\/\/biogroupvietnam.com\/vi\/wp-json\/wp\/v2\/product\/3789","targetHints":{"allow":["GET"]}}],"collection":[{"href":"https:\/\/biogroupvietnam.com\/vi\/wp-json\/wp\/v2\/product"}],"about":[{"href":"https:\/\/biogroupvietnam.com\/vi\/wp-json\/wp\/v2\/types\/product"}],"replies":[{"embeddable":true,"href":"https:\/\/biogroupvietnam.com\/vi\/wp-json\/wp\/v2\/comments?post=3789"}],"version-history":[{"count":6,"href":"https:\/\/biogroupvietnam.com\/vi\/wp-json\/wp\/v2\/product\/3789\/revisions"}],"predecessor-version":[{"id":10205,"href":"https:\/\/biogroupvietnam.com\/vi\/wp-json\/wp\/v2\/product\/3789\/revisions\/10205"}],"wp:featuredmedia":[{"embeddable":true,"href":"https:\/\/biogroupvietnam.com\/vi\/wp-json\/wp\/v2\/media\/10204"}],"wp:attachment":[{"href":"https:\/\/biogroupvietnam.com\/vi\/wp-json\/wp\/v2\/media?parent=3789"}],"wp:term":[{"taxonomy":"product_brand","embeddable":true,"href":"https:\/\/biogroupvietnam.com\/vi\/wp-json\/wp\/v2\/product_brand?post=3789"},{"taxonomy":"product_cat","embeddable":true,"href":"https:\/\/biogroupvietnam.com\/vi\/wp-json\/wp\/v2\/product_cat?post=3789"},{"taxonomy":"product_tag","embeddable":true,"href":"https:\/\/biogroupvietnam.com\/vi\/wp-json\/wp\/v2\/product_tag?post=3789"}],"curies":[{"name":"wp","href":"https:\/\/api.w.org\/{rel}","templated":true}]}}