{"id":3790,"date":"2025-08-18T19:53:18","date_gmt":"2025-08-18T12:53:18","guid":{"rendered":"http:\/\/biogroupvietnam-worldpress.local\/product\/import-placeholder-for-116\/"},"modified":"2026-04-04T15:11:18","modified_gmt":"2026-04-04T08:11:18","slug":"thawstarr-cb","status":"publish","type":"product","link":"https:\/\/biogroupvietnam.com\/vi\/san-pham\/thawstarr-cb\/","title":{"rendered":"M\u00e1y ThawSTAR\u00ae CB R\u00e3 \u0110\u00f4ng T\u00fai T\u1ebf B\u00e0o T\u1ef1 \u0110\u1ed9ng"},"content":{"rendered":"<p>M\u00e1y\u00a0ThawSTAR\u00ae CB\u00a0r\u00e3 \u0111\u00f4ng t\u00fai t\u1ebf b\u00e0o\u00a0t\u1ef1 \u0111\u1ed9ng, kh\u00f4ng d\u00f9ng n\u01b0\u1edbc.<\/p>\n<h3><strong>T\u1ed5ng quan m\u00e1y\u00a0ThawSTAR\u00ae CB r\u00e3 \u0111\u00f4ng t\u00fai t\u1ebf b\u00e0o t\u1ef1 \u0111\u1ed9ng<\/strong><\/h3>\n<p>ThawSTAR\u00ae CB l\u00e0 m\u00e1y\u00a0r\u00e3 \u0111\u00f4ng t\u1ef1 \u0111\u1ed9ng kh\u00f4ng d\u00f9ng n\u01b0\u1edbc \u0111\u01b0\u1ee3c thi\u1ebft k\u1ebf \u0111\u1ec3 r\u00e3 \u0111\u00f4ng t\u00fai t\u1ebf b\u00e0o c\u00f3\u00a0th\u1ec3 t\u00edch t\u1eeb 25 &#8211; 1000 mL.<\/p>\n<p>\u0110\u01b0\u1ee3c v\u1eadn h\u00e0nh th\u00f4ng qua m\u1ed9t m\u00e0n h\u00ecnh c\u1ea3m \u1ee9ng \u0111\u01a1n gi\u1ea3n, ThawSTAR\u00ae CB chu\u1ea9n h\u00f3a v\u00e0 h\u1ee3p l\u00fd h\u00f3a qu\u00e1 tr\u00ecnh r\u00e3 \u0111\u00f4ng t\u1ebf b\u00e0o \u0111\u1ec3 c\u00f3 k\u1ebft qu\u1ea3 nh\u1ea5t qu\u00e1n, ch\u1ec9 c\u1ea7n cho t\u00fai \u0111\u00f4ng l\u1ea1nh v\u00e0o v\u00e0 l\u1ea5y ra v\u00e0o cu\u1ed1i chu k\u1ef3 r\u00e3 \u0111\u00f4ng.<\/p>\n<p>G\u1ed3m 06 thu\u1eadt to\u00e1n r\u00e3 \u0111\u00f4ng ti\u00eau chu\u1ea9n \u0111\u01b0\u1ee3c cung c\u1ea5p d\u1ef1a tr\u00ean c\u00e1c k\u00edch th\u01b0\u1edbc t\u00fai \u0111\u00f4ng l\u1ea1nh ph\u1ed5 bi\u1ebfn. C\u00e1c thu\u1eadt to\u00e1n r\u00e3 \u0111\u00f4ng b\u1ed5 sung c\u00f3 th\u1ec3 \u0111\u01b0\u1ee3c chuy\u00ean gia k\u1ef9 thu\u1eadt t\u1ed1i \u01b0u h\u00f3a cho \u1ee9ng d\u1ee5ng c\u1ee5 th\u1ec3.<\/p>\n<h3><strong>\u0110\u1eb7c \u0111i\u1ec3m n\u1ed5i b\u1eadt c\u1ee7a m\u00e1y\u00a0ThawSTAR\u00ae CB<\/strong><\/h3>\n<ul>\n<li><i><strong>R\u00e3 \u0111\u00f4ng nh\u1ea5t qu\u00e1n<\/strong><\/i>\u00a0&#8211;\u00a0\u0110i\u1ec1u khi\u1ec3n theo thu\u1eadt to\u00e1n r\u00e3 \u0111\u00f4ng t\u1ef1 \u0111\u1ed9ng b\u1eb1ng c\u00f4ng ngh\u1ec7 c\u1ea3m bi\u1ebfn nhi\u1ec7t \u0111\u1ed9 c\u00e1c v\u1eadt li\u1ec7u sinh h\u1ecdc.<\/li>\n<li><i><strong>V\u1eadn h\u00e0nh d\u1ec5 d\u00e0ng<\/strong><\/i>\u00a0&#8211;\u00a0Giao di\u1ec7n ph\u1ea7n m\u1ec1m tr\u1ef1c quan cho ph\u00e9p ki\u1ec3m so\u00e1t truy c\u1eadp, th\u1ef1c hi\u1ec7n quy tr\u00ecnh QC v\u00e0 thu\u1eadt to\u00e1n r\u00e3 \u0111\u00f4ng \u0111\u01b0\u1ee3c t\u1ed1i \u01b0u h\u00f3a. T\u01b0\u01a1ng th\u00edch v\u1edbi c\u00e1c k\u00edch th\u01b0\u1edbc t\u00fai \u0111\u00f4ng l\u1ea1nh ph\u1ed5 bi\u1ebfn t\u1eeb c\u00e1c h\u00e3ng s\u1ea3n xu\u1ea5t l\u1edbn.<\/li>\n<li><i><strong>V\u1eadt li\u1ec7u sinh h\u1ecdc an to\u00e0n<\/strong><\/i>\u00a0&#8211;\u00a0T\u00fai b\u1ea3o v\u1ec7 s\u1eed d\u1ee5ng m\u1ed9t l\u1ea7n gi\u00fap gi\u1ea3m nguy c\u01a1 th\u1ea5t tho\u00e1t v\u00e0 nhi\u1ec5m b\u1ea9n v\u1eadt li\u1ec7u sinh h\u1ecdc, c\u1ed1 \u0111\u1ecbnh t\u00fai \u0111\u00f4ng l\u1ea1nh \u0111\u1ec3 c\u00f3 hi\u1ec7u su\u1ea5t r\u00e3 \u0111\u00f4ng t\u1ed1i \u01b0u.<\/li>\n<li><i><strong>Ch\u00ednh x\u00e1c v\u00e0 \u0111\u00e1ng tin c\u1eady<\/strong><\/i>\u00a0&#8211;\u00a0C\u00f4ng ngh\u1ec7 gia nhi\u1ec7t \u0111\u01b0\u1ee3c c\u1ea5p b\u1eb1ng s\u00e1ng ch\u1ebf v\u00e0 ph\u00e2n t\u00edch c\u1ea3m bi\u1ebfn nhi\u1ec7t \u0111\u1ed9 theo th\u1eddi gian r\u00e3 \u0111\u00f4ng th\u1ef1c t\u1ebf \u0111\u00e1ng tin c\u1eady v\u00e0 l\u01b0u l\u1ea1i. D\u1eef li\u1ec7u r\u00e3 \u0111\u00f4ng kh\u00f4ng th\u1ec3 ch\u1ec9nh s\u1eeda v\u00e0 \u0111\u01b0\u1ee3c l\u01b0u tr\u1eef trong b\u1ed9 nh\u1edb trong.<\/li>\n<\/ul>\n<h3><strong>Ch\u1ee9c n\u0103ng c\u1ee7a m\u00e1y\u00a0ThawSTAR\u00ae CB:<\/strong><\/h3>\n<ul>\n<li>R\u00e3 \u0111\u00f4ng v\u1eadt li\u1ec7u sinh h\u1ecdc \u0111\u00f4ng l\u1ea1nh.<\/li>\n<li>Nh\u1eadp v\u00e0 xu\u1ea5t d\u1eef li\u1ec7u c\u00e0i \u0111\u1eb7t ch\u01b0\u01a1ng tr\u00ecnh r\u00e3 \u0111\u00f4ng.<\/li>\n<li>Truy c\u1eadp v\u00e0 qu\u1ea3n l\u00fd h\u1ec7 l\u01b0u tr\u1eef d\u1eef li\u1ec7u \u0111\u00f4ng l\u1ea1nh v\u1edbi kh\u1ea3 n\u0103ng truy xu\u1ea5t b\u1eb1ng USB.<\/li>\n<li>Qu\u1ea3n l\u00fd quy\u1ec1n t\u00e0i kho\u1ea3n ng\u01b0\u1eddi s\u1eed d\u1ee5ng.<\/li>\n<\/ul>\n<h3><strong>Th\u00f4ng tin \u0111\u1eb7t h\u00e0ng:<\/strong>\u200b\u200b\u200b\u200b<\/h3>\n<ol>\n<li>H\u1ec7 th\u1ed1ng ThawSTAR\u00ae CB r\u00e3 \u0111\u00f4ng t\u00fai t\u1ebf b\u00e0o t\u1ef1 \u0111\u1ed9ng (Catalog #\u00a0100-1151)<\/li>\n<li>B\u1ed9 t\u00e0i li\u1ec7u IOPQ m\u00e1y ThawSTAR\u00ae CB, Catalog #\u00a0100-1152<\/li>\n<li>T\u00fai b\u1ea3o v\u1ec7:<\/li>\n<\/ol>\n<ul>\n<li>ThawSTAR CB Barrier Bags, 25 mL, Catalog #\u00a0100-1153<\/li>\n<li>ThawSTAR CB Barrier Bags, 50 mL, Catalog # 100-1154<\/li>\n<li>ThawSTAR CB Barrier Bags, 250 mL, Catalog # 100-1155<\/li>\n<li>ThawSTAR CB Barrier Bags, 500 mL, Catalog # 100-1156<\/li>\n<li>ThawSTAR CB Barrier Bags, 750 mL, Catalog # 100-1157<\/li>\n<li>ThawSTAR CB Barrier Bags, 1000 mL, Catalog # 100-1158<\/li>\n<\/ul>\n<p>&nbsp;<\/p>\n<p>&nbsp;<\/p>\n","protected":false},"excerpt":{"rendered":"<p>M\u00e1y\u00a0ThawSTAR\u00ae CB\u00a0r\u00e3 \u0111\u00f4ng t\u00fai t\u1ebf b\u00e0o\u00a0t\u1ef1 \u0111\u1ed9ng, kh\u00f4ng d\u00f9ng n\u01b0\u1edbc. T\u1ed5ng quan m\u00e1y\u00a0ThawSTAR\u00ae CB r\u00e3 \u0111\u00f4ng t\u00fai t\u1ebf b\u00e0o t\u1ef1 \u0111\u1ed9ng ThawSTAR\u00ae CB l\u00e0 m\u00e1y\u00a0r\u00e3 \u0111\u00f4ng t\u1ef1 \u0111\u1ed9ng kh\u00f4ng d\u00f9ng n\u01b0\u1edbc \u0111\u01b0\u1ee3c thi\u1ebft k\u1ebf \u0111\u1ec3 r\u00e3 \u0111\u00f4ng t\u00fai t\u1ebf b\u00e0o c\u00f3\u00a0th\u1ec3 t\u00edch t\u1eeb 25 &#8211; 1000 mL. \u0110\u01b0\u1ee3c v\u1eadn h\u00e0nh th\u00f4ng qua m\u1ed9t m\u00e0n h\u00ecnh<\/p>\n<div class=\"klb-readmore post-buttons\"><a class=\"button rounded primary\" href=\"https:\/\/biogroupvietnam.com\/vi\/san-pham\/thawstarr-cb\/\">Read More <i class=\"klbth-icon-right-arrow\"><\/i><\/a><\/div>\n","protected":false},"featured_media":10201,"comment_status":"closed","ping_status":"closed","template":"","meta":{"_acf_changed":false},"product_brand":[127],"product_cat":[115],"product_tag":[],"class_list":{"0":"post-3790","1":"product","2":"type-product","3":"status-publish","4":"has-post-thumbnail","6":"product_brand-stemcell-technologies","7":"product_cat-phan-lap-te-bao","9":"first","10":"outofstock","11":"shipping-taxable","12":"product-type-simple"},"acf":[],"yoast_head":"<!-- This site is optimized with the Yoast SEO plugin v26.8 - https:\/\/yoast.com\/product\/yoast-seo-wordpress\/ -->\n<title>M\u00e1y ThawSTAR\u00ae CB R\u00e3 \u0110\u00f4ng T\u00fai T\u1ebf B\u00e0o T\u1ef1 \u0110\u1ed9ng<\/title>\n<meta name=\"description\" content=\"M\u00e1y\u00a0ThawSTAR\u00ae CB \u0111\u01b0\u1ee3c thi\u1ebft k\u1ebf \u0111\u1ec3 r\u00e3 \u0111\u00f4ng t\u1ef1 \u0111\u1ed9ng kh\u00f4ng d\u00f9ng n\u01b0\u1edbc cho t\u00fai t\u1ebf b\u00e0o c\u00f3\u00a0th\u1ec3 t\u00edch t\u1eeb 25 - 1000 mL.\" \/>\n<meta name=\"robots\" content=\"index, follow, max-snippet:-1, max-image-preview:large, max-video-preview:-1\" \/>\n<link rel=\"canonical\" href=\"https:\/\/biogroupvietnam.com\/vi\/san-pham\/thawstarr-cb\/\" \/>\n<meta property=\"og:locale\" content=\"vi_VN\" \/>\n<meta property=\"og:type\" content=\"article\" \/>\n<meta property=\"og:title\" content=\"M\u00e1y ThawSTAR\u00ae CB R\u00e3 \u0110\u00f4ng T\u00fai T\u1ebf B\u00e0o T\u1ef1 \u0110\u1ed9ng\" \/>\n<meta property=\"og:description\" content=\"M\u00e1y\u00a0ThawSTAR\u00ae CB \u0111\u01b0\u1ee3c thi\u1ebft k\u1ebf \u0111\u1ec3 r\u00e3 \u0111\u00f4ng t\u1ef1 \u0111\u1ed9ng kh\u00f4ng d\u00f9ng n\u01b0\u1edbc cho t\u00fai t\u1ebf b\u00e0o c\u00f3\u00a0th\u1ec3 t\u00edch t\u1eeb 25 - 1000 mL.\" \/>\n<meta property=\"og:url\" content=\"https:\/\/biogroupvietnam.com\/vi\/san-pham\/thawstarr-cb\/\" \/>\n<meta property=\"og:site_name\" content=\"Biogroup Vietnam\" \/>\n<meta property=\"article:modified_time\" content=\"2026-04-04T08:11:18+00:00\" \/>\n<meta property=\"og:image\" content=\"https:\/\/biogroupvietnam.com\/wp-content\/uploads\/2025\/08\/may-thawstar-cb-ra-dong-tui-te-bao-tu-dong.jpg\" \/>\n\t<meta property=\"og:image:width\" content=\"1640\" \/>\n\t<meta property=\"og:image:height\" content=\"1260\" \/>\n\t<meta property=\"og:image:type\" content=\"image\/jpeg\" \/>\n<meta name=\"twitter:card\" content=\"summary_large_image\" \/>\n<meta name=\"twitter:label1\" content=\"\u01af\u1edbc t\u00ednh th\u1eddi gian \u0111\u1ecdc\" \/>\n\t<meta name=\"twitter:data1\" content=\"3 ph\u00fat\" \/>\n<script type=\"application\/ld+json\" class=\"yoast-schema-graph\">{\"@context\":\"https:\/\/schema.org\",\"@graph\":[{\"@type\":\"WebPage\",\"@id\":\"https:\/\/biogroupvietnam.com\/vi\/san-pham\/thawstarr-cb\/\",\"url\":\"https:\/\/biogroupvietnam.com\/vi\/san-pham\/thawstarr-cb\/\",\"name\":\"M\u00e1y ThawSTAR\u00ae CB R\u00e3 \u0110\u00f4ng T\u00fai T\u1ebf B\u00e0o T\u1ef1 \u0110\u1ed9ng\",\"isPartOf\":{\"@id\":\"https:\/\/biogroupvietnam.com\/vi\/#website\"},\"primaryImageOfPage\":{\"@id\":\"https:\/\/biogroupvietnam.com\/vi\/san-pham\/thawstarr-cb\/#primaryimage\"},\"image\":{\"@id\":\"https:\/\/biogroupvietnam.com\/vi\/san-pham\/thawstarr-cb\/#primaryimage\"},\"thumbnailUrl\":\"https:\/\/biogroupvietnam.com\/wp-content\/uploads\/2025\/08\/may-thawstar-cb-ra-dong-tui-te-bao-tu-dong.jpg\",\"datePublished\":\"2025-08-18T12:53:18+00:00\",\"dateModified\":\"2026-04-04T08:11:18+00:00\",\"description\":\"M\u00e1y\u00a0ThawSTAR\u00ae CB \u0111\u01b0\u1ee3c thi\u1ebft k\u1ebf \u0111\u1ec3 r\u00e3 \u0111\u00f4ng t\u1ef1 \u0111\u1ed9ng kh\u00f4ng d\u00f9ng n\u01b0\u1edbc cho t\u00fai t\u1ebf b\u00e0o c\u00f3\u00a0th\u1ec3 t\u00edch t\u1eeb 25 - 1000 mL.\",\"breadcrumb\":{\"@id\":\"https:\/\/biogroupvietnam.com\/vi\/san-pham\/thawstarr-cb\/#breadcrumb\"},\"inLanguage\":\"vi\",\"potentialAction\":[{\"@type\":\"ReadAction\",\"target\":[\"https:\/\/biogroupvietnam.com\/vi\/san-pham\/thawstarr-cb\/\"]}]},{\"@type\":\"ImageObject\",\"inLanguage\":\"vi\",\"@id\":\"https:\/\/biogroupvietnam.com\/vi\/san-pham\/thawstarr-cb\/#primaryimage\",\"url\":\"https:\/\/biogroupvietnam.com\/wp-content\/uploads\/2025\/08\/may-thawstar-cb-ra-dong-tui-te-bao-tu-dong.jpg\",\"contentUrl\":\"https:\/\/biogroupvietnam.com\/wp-content\/uploads\/2025\/08\/may-thawstar-cb-ra-dong-tui-te-bao-tu-dong.jpg\",\"width\":1640,\"height\":1260,\"caption\":\"M\u00e1y ThawSTAR\u00ae CB R\u00e3 \u0110\u00f4ng T\u00fai T\u1ebf B\u00e0o T\u1ef1 \u0110\u1ed9ng\"},{\"@type\":\"BreadcrumbList\",\"@id\":\"https:\/\/biogroupvietnam.com\/vi\/san-pham\/thawstarr-cb\/#breadcrumb\",\"itemListElement\":[{\"@type\":\"ListItem\",\"position\":1,\"name\":\"Trang ch\u1ee7\",\"item\":\"https:\/\/biogroupvietnam.com\/vi\/\"},{\"@type\":\"ListItem\",\"position\":2,\"name\":\"S\u1ea3n ph\u1ea9m\",\"item\":\"https:\/\/biogroupvietnam.com\/vi\/san-pham\/\"},{\"@type\":\"ListItem\",\"position\":3,\"name\":\"X\u1eed L\u00fd T\u1ebf B\u00e0o\",\"item\":\"https:\/\/biogroupvietnam.com\/vi\/danh-muc-san-pham\/xu-ly-te-bao\/\"},{\"@type\":\"ListItem\",\"position\":4,\"name\":\"Ph\u00e2n L\u1eadp T\u1ebf B\u00e0o\",\"item\":\"https:\/\/biogroupvietnam.com\/vi\/danh-muc-san-pham\/phan-lap-te-bao\/\"},{\"@type\":\"ListItem\",\"position\":5,\"name\":\"M\u00e1y ThawSTAR\u00ae CB R\u00e3 \u0110\u00f4ng T\u00fai T\u1ebf B\u00e0o T\u1ef1 \u0110\u1ed9ng\"}]},{\"@type\":\"WebSite\",\"@id\":\"https:\/\/biogroupvietnam.com\/vi\/#website\",\"url\":\"https:\/\/biogroupvietnam.com\/vi\/\",\"name\":\"Biogroup Vietnam\",\"description\":\"Biogroup Vietnam cung c\u1ea5p d\u1ecbch v\u1ee5 k\u1ef9 thu\u1eadt c\u00f9ng thi\u1ebft b\u1ecb, v\u1eadt t\u01b0, h\u00f3a ch\u1ea5t v\u00e0 gi\u1ea3i ph\u00e1p sinh h\u1ecdc cho ph\u00f2ng th\u00ed nghi\u1ec7m c\u00f4ng ngh\u1ec7 sinh h\u1ecdc, y sinh v\u00e0 y h\u1ecdc t\u00e1i t\u1ea1o.\",\"potentialAction\":[{\"@type\":\"SearchAction\",\"target\":{\"@type\":\"EntryPoint\",\"urlTemplate\":\"https:\/\/biogroupvietnam.com\/vi\/?s={search_term_string}\"},\"query-input\":{\"@type\":\"PropertyValueSpecification\",\"valueRequired\":true,\"valueName\":\"search_term_string\"}}],\"inLanguage\":\"vi\"}]}<\/script>\n<!-- \/ Yoast SEO plugin. -->","yoast_head_json":{"title":"M\u00e1y ThawSTAR\u00ae CB R\u00e3 \u0110\u00f4ng T\u00fai T\u1ebf B\u00e0o T\u1ef1 \u0110\u1ed9ng","description":"M\u00e1y\u00a0ThawSTAR\u00ae CB \u0111\u01b0\u1ee3c thi\u1ebft k\u1ebf \u0111\u1ec3 r\u00e3 \u0111\u00f4ng t\u1ef1 \u0111\u1ed9ng kh\u00f4ng d\u00f9ng n\u01b0\u1edbc cho t\u00fai t\u1ebf b\u00e0o c\u00f3\u00a0th\u1ec3 t\u00edch t\u1eeb 25 - 1000 mL.","robots":{"index":"index","follow":"follow","max-snippet":"max-snippet:-1","max-image-preview":"max-image-preview:large","max-video-preview":"max-video-preview:-1"},"canonical":"https:\/\/biogroupvietnam.com\/vi\/san-pham\/thawstarr-cb\/","og_locale":"vi_VN","og_type":"article","og_title":"M\u00e1y ThawSTAR\u00ae CB R\u00e3 \u0110\u00f4ng T\u00fai T\u1ebf B\u00e0o T\u1ef1 \u0110\u1ed9ng","og_description":"M\u00e1y\u00a0ThawSTAR\u00ae CB \u0111\u01b0\u1ee3c thi\u1ebft k\u1ebf \u0111\u1ec3 r\u00e3 \u0111\u00f4ng t\u1ef1 \u0111\u1ed9ng kh\u00f4ng d\u00f9ng n\u01b0\u1edbc cho t\u00fai t\u1ebf b\u00e0o c\u00f3\u00a0th\u1ec3 t\u00edch t\u1eeb 25 - 1000 mL.","og_url":"https:\/\/biogroupvietnam.com\/vi\/san-pham\/thawstarr-cb\/","og_site_name":"Biogroup Vietnam","article_modified_time":"2026-04-04T08:11:18+00:00","og_image":[{"width":1640,"height":1260,"url":"https:\/\/biogroupvietnam.com\/wp-content\/uploads\/2025\/08\/may-thawstar-cb-ra-dong-tui-te-bao-tu-dong.jpg","type":"image\/jpeg"}],"twitter_card":"summary_large_image","twitter_misc":{"\u01af\u1edbc t\u00ednh th\u1eddi gian \u0111\u1ecdc":"3 ph\u00fat"},"schema":{"@context":"https:\/\/schema.org","@graph":[{"@type":"WebPage","@id":"https:\/\/biogroupvietnam.com\/vi\/san-pham\/thawstarr-cb\/","url":"https:\/\/biogroupvietnam.com\/vi\/san-pham\/thawstarr-cb\/","name":"M\u00e1y ThawSTAR\u00ae CB R\u00e3 \u0110\u00f4ng T\u00fai T\u1ebf B\u00e0o T\u1ef1 \u0110\u1ed9ng","isPartOf":{"@id":"https:\/\/biogroupvietnam.com\/vi\/#website"},"primaryImageOfPage":{"@id":"https:\/\/biogroupvietnam.com\/vi\/san-pham\/thawstarr-cb\/#primaryimage"},"image":{"@id":"https:\/\/biogroupvietnam.com\/vi\/san-pham\/thawstarr-cb\/#primaryimage"},"thumbnailUrl":"https:\/\/biogroupvietnam.com\/wp-content\/uploads\/2025\/08\/may-thawstar-cb-ra-dong-tui-te-bao-tu-dong.jpg","datePublished":"2025-08-18T12:53:18+00:00","dateModified":"2026-04-04T08:11:18+00:00","description":"M\u00e1y\u00a0ThawSTAR\u00ae CB \u0111\u01b0\u1ee3c thi\u1ebft k\u1ebf \u0111\u1ec3 r\u00e3 \u0111\u00f4ng t\u1ef1 \u0111\u1ed9ng kh\u00f4ng d\u00f9ng n\u01b0\u1edbc cho t\u00fai t\u1ebf b\u00e0o c\u00f3\u00a0th\u1ec3 t\u00edch t\u1eeb 25 - 1000 mL.","breadcrumb":{"@id":"https:\/\/biogroupvietnam.com\/vi\/san-pham\/thawstarr-cb\/#breadcrumb"},"inLanguage":"vi","potentialAction":[{"@type":"ReadAction","target":["https:\/\/biogroupvietnam.com\/vi\/san-pham\/thawstarr-cb\/"]}]},{"@type":"ImageObject","inLanguage":"vi","@id":"https:\/\/biogroupvietnam.com\/vi\/san-pham\/thawstarr-cb\/#primaryimage","url":"https:\/\/biogroupvietnam.com\/wp-content\/uploads\/2025\/08\/may-thawstar-cb-ra-dong-tui-te-bao-tu-dong.jpg","contentUrl":"https:\/\/biogroupvietnam.com\/wp-content\/uploads\/2025\/08\/may-thawstar-cb-ra-dong-tui-te-bao-tu-dong.jpg","width":1640,"height":1260,"caption":"M\u00e1y ThawSTAR\u00ae CB R\u00e3 \u0110\u00f4ng T\u00fai T\u1ebf B\u00e0o T\u1ef1 \u0110\u1ed9ng"},{"@type":"BreadcrumbList","@id":"https:\/\/biogroupvietnam.com\/vi\/san-pham\/thawstarr-cb\/#breadcrumb","itemListElement":[{"@type":"ListItem","position":1,"name":"Trang ch\u1ee7","item":"https:\/\/biogroupvietnam.com\/vi\/"},{"@type":"ListItem","position":2,"name":"S\u1ea3n ph\u1ea9m","item":"https:\/\/biogroupvietnam.com\/vi\/san-pham\/"},{"@type":"ListItem","position":3,"name":"X\u1eed L\u00fd T\u1ebf B\u00e0o","item":"https:\/\/biogroupvietnam.com\/vi\/danh-muc-san-pham\/xu-ly-te-bao\/"},{"@type":"ListItem","position":4,"name":"Ph\u00e2n L\u1eadp T\u1ebf B\u00e0o","item":"https:\/\/biogroupvietnam.com\/vi\/danh-muc-san-pham\/phan-lap-te-bao\/"},{"@type":"ListItem","position":5,"name":"M\u00e1y ThawSTAR\u00ae CB R\u00e3 \u0110\u00f4ng T\u00fai T\u1ebf B\u00e0o T\u1ef1 \u0110\u1ed9ng"}]},{"@type":"WebSite","@id":"https:\/\/biogroupvietnam.com\/vi\/#website","url":"https:\/\/biogroupvietnam.com\/vi\/","name":"Biogroup Vietnam","description":"Biogroup Vietnam cung c\u1ea5p d\u1ecbch v\u1ee5 k\u1ef9 thu\u1eadt c\u00f9ng thi\u1ebft b\u1ecb, v\u1eadt t\u01b0, h\u00f3a ch\u1ea5t v\u00e0 gi\u1ea3i ph\u00e1p sinh h\u1ecdc cho ph\u00f2ng th\u00ed nghi\u1ec7m c\u00f4ng ngh\u1ec7 sinh h\u1ecdc, y sinh v\u00e0 y h\u1ecdc t\u00e1i t\u1ea1o.","potentialAction":[{"@type":"SearchAction","target":{"@type":"EntryPoint","urlTemplate":"https:\/\/biogroupvietnam.com\/vi\/?s={search_term_string}"},"query-input":{"@type":"PropertyValueSpecification","valueRequired":true,"valueName":"search_term_string"}}],"inLanguage":"vi"}]}},"_links":{"self":[{"href":"https:\/\/biogroupvietnam.com\/vi\/wp-json\/wp\/v2\/product\/3790","targetHints":{"allow":["GET"]}}],"collection":[{"href":"https:\/\/biogroupvietnam.com\/vi\/wp-json\/wp\/v2\/product"}],"about":[{"href":"https:\/\/biogroupvietnam.com\/vi\/wp-json\/wp\/v2\/types\/product"}],"replies":[{"embeddable":true,"href":"https:\/\/biogroupvietnam.com\/vi\/wp-json\/wp\/v2\/comments?post=3790"}],"version-history":[{"count":4,"href":"https:\/\/biogroupvietnam.com\/vi\/wp-json\/wp\/v2\/product\/3790\/revisions"}],"predecessor-version":[{"id":10202,"href":"https:\/\/biogroupvietnam.com\/vi\/wp-json\/wp\/v2\/product\/3790\/revisions\/10202"}],"wp:featuredmedia":[{"embeddable":true,"href":"https:\/\/biogroupvietnam.com\/vi\/wp-json\/wp\/v2\/media\/10201"}],"wp:attachment":[{"href":"https:\/\/biogroupvietnam.com\/vi\/wp-json\/wp\/v2\/media?parent=3790"}],"wp:term":[{"taxonomy":"product_brand","embeddable":true,"href":"https:\/\/biogroupvietnam.com\/vi\/wp-json\/wp\/v2\/product_brand?post=3790"},{"taxonomy":"product_cat","embeddable":true,"href":"https:\/\/biogroupvietnam.com\/vi\/wp-json\/wp\/v2\/product_cat?post=3790"},{"taxonomy":"product_tag","embeddable":true,"href":"https:\/\/biogroupvietnam.com\/vi\/wp-json\/wp\/v2\/product_tag?post=3790"}],"curies":[{"name":"wp","href":"https:\/\/api.w.org\/{rel}","templated":true}]}}