{"id":3794,"date":"2025-08-18T19:53:19","date_gmt":"2025-08-18T12:53:19","guid":{"rendered":"http:\/\/biogroupvietnam-worldpress.local\/product\/import-placeholder-for-120\/"},"modified":"2025-09-29T15:08:29","modified_gmt":"2025-09-29T08:08:29","slug":"hettich-universal-320-r","status":"publish","type":"product","link":"https:\/\/biogroupvietnam.com\/vi\/san-pham\/hettich-universal-320-r\/","title":{"rendered":"M\u00e1y Ly T\u00e2m L\u1ea1nh \u0110\u1ec3 B\u00e0n Hettich UNIVERSAL 320 R"},"content":{"rendered":"<h3><strong>UNIVERSAL 320 R \u2013 M\u00e1y ly t\u00e2m \u0111a n\u0103ng, nh\u1ecf g\u1ecdn v\u00e0 kh\u00f4ng th\u1ec3 thi\u1ebfu cho ph\u00f2ng th\u00ed nghi\u1ec7m<\/strong><\/h3>\n<p>M\u00e1y ly t\u00e2m <strong>UNIVERSAL 320 R <\/strong>l\u00e0 thi\u1ebft b\u1ecb \u0111a n\u0103ng v\u1edbi hi\u1ec7u su\u1ea5t v\u01b0\u1ee3t tr\u1ed9i v\u00e0 d\u1ea3i ph\u1ee5 ki\u1ec7n phong ph\u00fa, cho ph\u00e9p th\u1ef1c hi\u1ec7n h\u1ea7u h\u1ebft c\u00e1c t\u00e1c v\u1ee5 ly t\u00e2m ph\u1ed5 bi\u1ebfn nh\u01b0 \u0111\u0129a, \u1ed1ng m\u00e1u, nu\u00f4i c\u1ea5y t\u1ebf b\u00e0o, microliter v\u00e0 t\u1ebf b\u00e0o h\u1ecdc.<\/p>\n<p><strong>T\u00f9y ch\u1ecdn l\u00e0m l\u1ea1nh<\/strong><\/p>\n<p>Phi\u00ean b\u1ea3n l\u00e0m l\u1ea1nh c\u00f3 s\u1eb5n v\u1edbi d\u1ea3i nhi\u1ec7t \u0111\u1ed9 t\u1eeb -20 \u00b0C \u0111\u1ebfn +40 \u00b0C.<\/p>\n<p>&nbsp;<\/p>\n<h4><strong>\u0110i\u1ec1u ki\u1ec7n t\u1ed1i \u01b0u cho m\u1eabu c\u1ee7a b\u1ea1n<\/strong><\/h4>\n<p><strong>Kh\u00f4ng c\u1ea7n \u0111\u1ea7u t\u01b0 m\u00e1y ly t\u00e2m t\u1ebf b\u00e0o ri\u00eang bi\u1ec7t \u0111\u1eaft \u0111\u1ecf<\/strong><\/p>\n<p><strong>UNIVERSAL 320 R <\/strong>c\u00f3 th\u1ec3 th\u1ef1c hi\u1ec7n nhi\u1ec1u \u1ee9ng d\u1ee5ng, bao g\u1ed3m c\u1ea3 t\u1ebf b\u00e0o h\u1ecdc, ch\u1ec9 v\u1edbi m\u1ed9t m\u00e1y ly t\u00e2m, gi\u00fap ti\u1ebft ki\u1ec7m chi ph\u00ed v\u00e0 kh\u00f4ng gian b\u00e0n l\u00e0m vi\u1ec7c. Rotor k\u1eb9p 12 v\u1ecb tr\u00ed c\u1ee7a Hettich c\u00f3 kh\u1ea3 n\u0103ng ly t\u00e2m bu\u1ed3ng t\u1ebf b\u00e0o (Cyto chambers) dung t\u00edch \u0111\u1ebfn 6 ml v\u00e0 c\u00f3 n\u1eafp k\u00edn sinh h\u1ecdc c\u00f3 th\u1ec3 h\u1ea5p ti\u1ec7t tr\u00f9ng.&nbsp;<\/p>\n<p>&nbsp;<\/p>\n<h4><strong>L\u0129nh v\u1ef1c \u1ee9ng d\u1ee5ng<\/strong><\/h4>\n<p><strong>H\u00f3a sinh l\u00e2m s\u00e0ng, Huy\u1ebft h\u1ecdc, Mi\u1ec5n d\u1ecbch h\u1ecdc, T\u1ebf b\u00e0o h\u1ecdc<\/strong><br \/>M\u00e1y ly t\u00e2m linh ho\u1ea1t v\u00e0 b\u1ec1n b\u1ec9 d\u00f9ng \u0111\u1ec3 ly t\u00e2m \u1ed1ng m\u00e1u v\u00e0 \u1ed1ng n\u01b0\u1edbc ti\u1ec3u trong rotor v\u0103ng ngang c\u0169ng nh\u01b0 rotor g\u00f3c.<\/p>\n<p>Th\u1ef1c hi\u1ec7n t\u1ebf b\u00e0o h\u1ecdc v\u1edbi rotor k\u1eb9p 12 v\u1ecb tr\u00ed c\u00f3 n\u1eafp sinh h\u1ecdc \u0111\u1ed9c \u0111\u00e1o ho\u1eb7c v\u1edbi ph\u1ee5 ki\u1ec7n hai b\u01b0\u1edbc linh ho\u1ea1t v\u00e0 ti\u1ebft ki\u1ec7m.<\/p>\n<p><strong>C\u00f4ng nghi\u1ec7p v\u00e0 Nghi\u00ean c\u1ee9u<\/strong><br \/>C\u00f3 th\u1ec3 ly t\u00e2m \u0111\u1ebfn 8 \u1ed1ng 50 ml cho c\u1ea5y chuy\u1ec1n t\u1ebf b\u00e0o trong nu\u00f4i c\u1ea5y. Ngo\u00e0i ra, m\u00e1y ly t\u00e2m \u0111\u1ec3 b\u00e0n nh\u1ecf g\u1ecdn n\u00e0y c\u00f2n c\u00f3 th\u1ec3 quay \u0111\u0129a microplates cho c\u00e1c x\u00e9t nghi\u1ec7m pha r\u1eafn.<\/p>\n<p>M\u00e1y ly t\u00e2m n\u00e0y cung c\u1ea5p thi\u1ebft b\u1ecb chuy\u00ean d\u1ee5ng cho c\u00e1c \u1ee9ng d\u1ee5ng c\u00f4ng nghi\u1ec7p nh\u01b0 ph\u00e2n t\u00edch th\u1ef1c ph\u1ea9m ho\u1eb7c \u0111i\u1ec1u tra tr\u00ean gi\u1ea5y.<\/p>\n<p><strong>C\u01a1 s\u1edf s\u1eed d\u1ee5ng<\/strong><\/p>\n<ul>\n<li>Ph\u00f2ng th\u00ed nghi\u1ec7m nh\u1ecf<\/li>\n<li>B\u1ec7nh vi\u1ec7n<\/li>\n<li>Ph\u00f2ng kh\u00e1m th\u00fa y<\/li>\n<li>Ph\u00f2ng nu\u00f4i c\u1ea5y t\u1ebf b\u00e0o<\/li>\n<li>Ph\u00f2ng nghi\u00ean c\u1ee9u t\u1ea1i c\u00e1c tr\u01b0\u1eddng \u0111\u1ea1i h\u1ecdc<\/li>\n<li>C\u00f4ng ty d\u01b0\u1ee3c ph\u1ea9m<\/li>\n<li>Ph\u00f2ng ph\u00e2n t\u00edch th\u1ef1c ph\u1ea9m<\/li>\n<li>Ph\u00f2ng x\u00e9t nghi\u1ec7m t\u1ea1i ph\u00f2ng kh\u00e1m b\u00e1c s\u0129 (POL)<\/li>\n<\/ul>\n<p>&nbsp;<\/p>\n<p>Li\u00ean h\u1ec7 \u0111\u1ec3 \u0111\u01b0\u1ee3c t\u01b0 v\u1ea5n \u0111\u1eb7t h\u00e0ng.<\/p>\n","protected":false},"excerpt":{"rendered":"<p>UNIVERSAL 320 R \u2013 M\u00e1y ly t\u00e2m \u0111a n\u0103ng, nh\u1ecf g\u1ecdn v\u00e0 kh\u00f4ng th\u1ec3 thi\u1ebfu cho ph\u00f2ng th\u00ed nghi\u1ec7m M\u00e1y ly t\u00e2m UNIVERSAL 320 R l\u00e0 thi\u1ebft b\u1ecb \u0111a n\u0103ng v\u1edbi hi\u1ec7u su\u1ea5t v\u01b0\u1ee3t tr\u1ed9i v\u00e0 d\u1ea3i ph\u1ee5 ki\u1ec7n phong ph\u00fa, cho ph\u00e9p th\u1ef1c hi\u1ec7n h\u1ea7u h\u1ebft c\u00e1c t\u00e1c v\u1ee5 ly t\u00e2m ph\u1ed5 bi\u1ebfn nh\u01b0<\/p>\n<div class=\"klb-readmore post-buttons\"><a class=\"button rounded primary\" href=\"https:\/\/biogroupvietnam.com\/vi\/san-pham\/hettich-universal-320-r\/\">Read More <i class=\"klbth-icon-right-arrow\"><\/i><\/a><\/div>\n","protected":false},"featured_media":5412,"comment_status":"closed","ping_status":"closed","template":"","meta":{"_acf_changed":false},"product_brand":[130],"product_cat":[122],"product_tag":[],"class_list":{"0":"post-3794","1":"product","2":"type-product","3":"status-publish","4":"has-post-thumbnail","6":"product_brand-andreas-hettich","7":"product_cat-may-ly-tam","9":"first","10":"outofstock","11":"shipping-taxable","12":"product-type-simple"},"acf":[],"yoast_head":"<!-- This site is optimized with the Yoast SEO plugin v26.8 - https:\/\/yoast.com\/product\/yoast-seo-wordpress\/ -->\n<title>M\u00e1y Ly T\u00e2m L\u1ea1nh \u0110\u1ec3 B\u00e0n Universal 320 R<\/title>\n<meta name=\"description\" content=\"UNIVERSAL 320 R \u2013 M\u00e1y ly t\u00e2m l\u1ea1nh \u0111a n\u0103ng, nh\u1ecf g\u1ecdn v\u00e0 kh\u00f4ng th\u1ec3 thi\u1ebfu cho ph\u00f2ng th\u00ed nghi\u1ec7m\" \/>\n<meta name=\"robots\" content=\"index, follow, max-snippet:-1, max-image-preview:large, max-video-preview:-1\" \/>\n<link rel=\"canonical\" href=\"https:\/\/biogroupvietnam.com\/vi\/san-pham\/hettich-universal-320-r\/\" \/>\n<meta property=\"og:locale\" content=\"vi_VN\" \/>\n<meta property=\"og:type\" content=\"article\" \/>\n<meta property=\"og:title\" content=\"M\u00e1y Ly T\u00e2m L\u1ea1nh \u0110\u1ec3 B\u00e0n Universal 320 R\" \/>\n<meta property=\"og:description\" content=\"UNIVERSAL 320 R \u2013 M\u00e1y ly t\u00e2m l\u1ea1nh \u0111a n\u0103ng, nh\u1ecf g\u1ecdn v\u00e0 kh\u00f4ng th\u1ec3 thi\u1ebfu cho ph\u00f2ng th\u00ed nghi\u1ec7m\" \/>\n<meta property=\"og:url\" content=\"https:\/\/biogroupvietnam.com\/vi\/san-pham\/hettich-universal-320-r\/\" \/>\n<meta property=\"og:site_name\" content=\"Biogroup Vietnam\" \/>\n<meta property=\"article:modified_time\" content=\"2025-09-29T08:08:29+00:00\" \/>\n<meta property=\"og:image\" content=\"https:\/\/biogroupvietnam.com\/wp-content\/uploads\/2025\/08\/universal20320r202.jpg\" \/>\n\t<meta property=\"og:image:width\" content=\"1600\" \/>\n\t<meta property=\"og:image:height\" content=\"1229\" \/>\n\t<meta property=\"og:image:type\" content=\"image\/jpeg\" \/>\n<meta name=\"twitter:card\" content=\"summary_large_image\" \/>\n<meta name=\"twitter:label1\" content=\"\u01af\u1edbc t\u00ednh th\u1eddi gian \u0111\u1ecdc\" \/>\n\t<meta name=\"twitter:data1\" content=\"2 ph\u00fat\" \/>\n<script type=\"application\/ld+json\" class=\"yoast-schema-graph\">{\"@context\":\"https:\/\/schema.org\",\"@graph\":[{\"@type\":\"WebPage\",\"@id\":\"https:\/\/biogroupvietnam.com\/vi\/san-pham\/hettich-universal-320-r\/\",\"url\":\"https:\/\/biogroupvietnam.com\/vi\/san-pham\/hettich-universal-320-r\/\",\"name\":\"M\u00e1y Ly T\u00e2m L\u1ea1nh \u0110\u1ec3 B\u00e0n Universal 320 R\",\"isPartOf\":{\"@id\":\"https:\/\/biogroupvietnam.com\/vi\/#website\"},\"primaryImageOfPage\":{\"@id\":\"https:\/\/biogroupvietnam.com\/vi\/san-pham\/hettich-universal-320-r\/#primaryimage\"},\"image\":{\"@id\":\"https:\/\/biogroupvietnam.com\/vi\/san-pham\/hettich-universal-320-r\/#primaryimage\"},\"thumbnailUrl\":\"https:\/\/biogroupvietnam.com\/wp-content\/uploads\/2025\/08\/universal20320r202.jpg\",\"datePublished\":\"2025-08-18T12:53:19+00:00\",\"dateModified\":\"2025-09-29T08:08:29+00:00\",\"description\":\"UNIVERSAL 320 R \u2013 M\u00e1y ly t\u00e2m l\u1ea1nh \u0111a n\u0103ng, nh\u1ecf g\u1ecdn v\u00e0 kh\u00f4ng th\u1ec3 thi\u1ebfu cho ph\u00f2ng th\u00ed nghi\u1ec7m\",\"breadcrumb\":{\"@id\":\"https:\/\/biogroupvietnam.com\/vi\/san-pham\/hettich-universal-320-r\/#breadcrumb\"},\"inLanguage\":\"vi\",\"potentialAction\":[{\"@type\":\"ReadAction\",\"target\":[\"https:\/\/biogroupvietnam.com\/vi\/san-pham\/hettich-universal-320-r\/\"]}]},{\"@type\":\"ImageObject\",\"inLanguage\":\"vi\",\"@id\":\"https:\/\/biogroupvietnam.com\/vi\/san-pham\/hettich-universal-320-r\/#primaryimage\",\"url\":\"https:\/\/biogroupvietnam.com\/wp-content\/uploads\/2025\/08\/universal20320r202.jpg\",\"contentUrl\":\"https:\/\/biogroupvietnam.com\/wp-content\/uploads\/2025\/08\/universal20320r202.jpg\",\"width\":1600,\"height\":1229,\"caption\":\"\u00a0\"},{\"@type\":\"BreadcrumbList\",\"@id\":\"https:\/\/biogroupvietnam.com\/vi\/san-pham\/hettich-universal-320-r\/#breadcrumb\",\"itemListElement\":[{\"@type\":\"ListItem\",\"position\":1,\"name\":\"Trang ch\u1ee7\",\"item\":\"https:\/\/biogroupvietnam.com\/vi\/\"},{\"@type\":\"ListItem\",\"position\":2,\"name\":\"S\u1ea3n ph\u1ea9m\",\"item\":\"https:\/\/biogroupvietnam.com\/vi\/san-pham\/\"},{\"@type\":\"ListItem\",\"position\":3,\"name\":\"R&amp;D Sinh H\u1ecdc\",\"item\":\"https:\/\/biogroupvietnam.com\/vi\/danh-muc-san-pham\/rd-sinh-hoc\/\"},{\"@type\":\"ListItem\",\"position\":4,\"name\":\"M\u00e1y ly t\u00e2m\",\"item\":\"https:\/\/biogroupvietnam.com\/vi\/danh-muc-san-pham\/may-ly-tam\/\"},{\"@type\":\"ListItem\",\"position\":5,\"name\":\"M\u00e1y Ly T\u00e2m L\u1ea1nh \u0110\u1ec3 B\u00e0n Hettich UNIVERSAL 320 R\"}]},{\"@type\":\"WebSite\",\"@id\":\"https:\/\/biogroupvietnam.com\/vi\/#website\",\"url\":\"https:\/\/biogroupvietnam.com\/vi\/\",\"name\":\"Biogroup Vietnam\",\"description\":\"Biogroup Vietnam cung c\u1ea5p d\u1ecbch v\u1ee5 k\u1ef9 thu\u1eadt c\u00f9ng thi\u1ebft b\u1ecb, v\u1eadt t\u01b0, h\u00f3a ch\u1ea5t v\u00e0 gi\u1ea3i ph\u00e1p sinh h\u1ecdc cho ph\u00f2ng th\u00ed nghi\u1ec7m c\u00f4ng ngh\u1ec7 sinh h\u1ecdc, y sinh v\u00e0 y h\u1ecdc t\u00e1i t\u1ea1o.\",\"potentialAction\":[{\"@type\":\"SearchAction\",\"target\":{\"@type\":\"EntryPoint\",\"urlTemplate\":\"https:\/\/biogroupvietnam.com\/vi\/?s={search_term_string}\"},\"query-input\":{\"@type\":\"PropertyValueSpecification\",\"valueRequired\":true,\"valueName\":\"search_term_string\"}}],\"inLanguage\":\"vi\"}]}<\/script>\n<!-- \/ Yoast SEO plugin. -->","yoast_head_json":{"title":"M\u00e1y Ly T\u00e2m L\u1ea1nh \u0110\u1ec3 B\u00e0n Universal 320 R","description":"UNIVERSAL 320 R \u2013 M\u00e1y ly t\u00e2m l\u1ea1nh \u0111a n\u0103ng, nh\u1ecf g\u1ecdn v\u00e0 kh\u00f4ng th\u1ec3 thi\u1ebfu cho ph\u00f2ng th\u00ed nghi\u1ec7m","robots":{"index":"index","follow":"follow","max-snippet":"max-snippet:-1","max-image-preview":"max-image-preview:large","max-video-preview":"max-video-preview:-1"},"canonical":"https:\/\/biogroupvietnam.com\/vi\/san-pham\/hettich-universal-320-r\/","og_locale":"vi_VN","og_type":"article","og_title":"M\u00e1y Ly T\u00e2m L\u1ea1nh \u0110\u1ec3 B\u00e0n Universal 320 R","og_description":"UNIVERSAL 320 R \u2013 M\u00e1y ly t\u00e2m l\u1ea1nh \u0111a n\u0103ng, nh\u1ecf g\u1ecdn v\u00e0 kh\u00f4ng th\u1ec3 thi\u1ebfu cho ph\u00f2ng th\u00ed nghi\u1ec7m","og_url":"https:\/\/biogroupvietnam.com\/vi\/san-pham\/hettich-universal-320-r\/","og_site_name":"Biogroup Vietnam","article_modified_time":"2025-09-29T08:08:29+00:00","og_image":[{"width":1600,"height":1229,"url":"https:\/\/biogroupvietnam.com\/wp-content\/uploads\/2025\/08\/universal20320r202.jpg","type":"image\/jpeg"}],"twitter_card":"summary_large_image","twitter_misc":{"\u01af\u1edbc t\u00ednh th\u1eddi gian \u0111\u1ecdc":"2 ph\u00fat"},"schema":{"@context":"https:\/\/schema.org","@graph":[{"@type":"WebPage","@id":"https:\/\/biogroupvietnam.com\/vi\/san-pham\/hettich-universal-320-r\/","url":"https:\/\/biogroupvietnam.com\/vi\/san-pham\/hettich-universal-320-r\/","name":"M\u00e1y Ly T\u00e2m L\u1ea1nh \u0110\u1ec3 B\u00e0n Universal 320 R","isPartOf":{"@id":"https:\/\/biogroupvietnam.com\/vi\/#website"},"primaryImageOfPage":{"@id":"https:\/\/biogroupvietnam.com\/vi\/san-pham\/hettich-universal-320-r\/#primaryimage"},"image":{"@id":"https:\/\/biogroupvietnam.com\/vi\/san-pham\/hettich-universal-320-r\/#primaryimage"},"thumbnailUrl":"https:\/\/biogroupvietnam.com\/wp-content\/uploads\/2025\/08\/universal20320r202.jpg","datePublished":"2025-08-18T12:53:19+00:00","dateModified":"2025-09-29T08:08:29+00:00","description":"UNIVERSAL 320 R \u2013 M\u00e1y ly t\u00e2m l\u1ea1nh \u0111a n\u0103ng, nh\u1ecf g\u1ecdn v\u00e0 kh\u00f4ng th\u1ec3 thi\u1ebfu cho ph\u00f2ng th\u00ed nghi\u1ec7m","breadcrumb":{"@id":"https:\/\/biogroupvietnam.com\/vi\/san-pham\/hettich-universal-320-r\/#breadcrumb"},"inLanguage":"vi","potentialAction":[{"@type":"ReadAction","target":["https:\/\/biogroupvietnam.com\/vi\/san-pham\/hettich-universal-320-r\/"]}]},{"@type":"ImageObject","inLanguage":"vi","@id":"https:\/\/biogroupvietnam.com\/vi\/san-pham\/hettich-universal-320-r\/#primaryimage","url":"https:\/\/biogroupvietnam.com\/wp-content\/uploads\/2025\/08\/universal20320r202.jpg","contentUrl":"https:\/\/biogroupvietnam.com\/wp-content\/uploads\/2025\/08\/universal20320r202.jpg","width":1600,"height":1229,"caption":"\u00a0"},{"@type":"BreadcrumbList","@id":"https:\/\/biogroupvietnam.com\/vi\/san-pham\/hettich-universal-320-r\/#breadcrumb","itemListElement":[{"@type":"ListItem","position":1,"name":"Trang ch\u1ee7","item":"https:\/\/biogroupvietnam.com\/vi\/"},{"@type":"ListItem","position":2,"name":"S\u1ea3n ph\u1ea9m","item":"https:\/\/biogroupvietnam.com\/vi\/san-pham\/"},{"@type":"ListItem","position":3,"name":"R&amp;D Sinh H\u1ecdc","item":"https:\/\/biogroupvietnam.com\/vi\/danh-muc-san-pham\/rd-sinh-hoc\/"},{"@type":"ListItem","position":4,"name":"M\u00e1y ly t\u00e2m","item":"https:\/\/biogroupvietnam.com\/vi\/danh-muc-san-pham\/may-ly-tam\/"},{"@type":"ListItem","position":5,"name":"M\u00e1y Ly T\u00e2m L\u1ea1nh \u0110\u1ec3 B\u00e0n Hettich UNIVERSAL 320 R"}]},{"@type":"WebSite","@id":"https:\/\/biogroupvietnam.com\/vi\/#website","url":"https:\/\/biogroupvietnam.com\/vi\/","name":"Biogroup Vietnam","description":"Biogroup Vietnam cung c\u1ea5p d\u1ecbch v\u1ee5 k\u1ef9 thu\u1eadt c\u00f9ng thi\u1ebft b\u1ecb, v\u1eadt t\u01b0, h\u00f3a ch\u1ea5t v\u00e0 gi\u1ea3i ph\u00e1p sinh h\u1ecdc cho ph\u00f2ng th\u00ed nghi\u1ec7m c\u00f4ng ngh\u1ec7 sinh h\u1ecdc, y sinh v\u00e0 y h\u1ecdc t\u00e1i t\u1ea1o.","potentialAction":[{"@type":"SearchAction","target":{"@type":"EntryPoint","urlTemplate":"https:\/\/biogroupvietnam.com\/vi\/?s={search_term_string}"},"query-input":{"@type":"PropertyValueSpecification","valueRequired":true,"valueName":"search_term_string"}}],"inLanguage":"vi"}]}},"_links":{"self":[{"href":"https:\/\/biogroupvietnam.com\/vi\/wp-json\/wp\/v2\/product\/3794","targetHints":{"allow":["GET"]}}],"collection":[{"href":"https:\/\/biogroupvietnam.com\/vi\/wp-json\/wp\/v2\/product"}],"about":[{"href":"https:\/\/biogroupvietnam.com\/vi\/wp-json\/wp\/v2\/types\/product"}],"replies":[{"embeddable":true,"href":"https:\/\/biogroupvietnam.com\/vi\/wp-json\/wp\/v2\/comments?post=3794"}],"version-history":[{"count":3,"href":"https:\/\/biogroupvietnam.com\/vi\/wp-json\/wp\/v2\/product\/3794\/revisions"}],"predecessor-version":[{"id":8210,"href":"https:\/\/biogroupvietnam.com\/vi\/wp-json\/wp\/v2\/product\/3794\/revisions\/8210"}],"wp:featuredmedia":[{"embeddable":true,"href":"https:\/\/biogroupvietnam.com\/vi\/wp-json\/wp\/v2\/media\/5412"}],"wp:attachment":[{"href":"https:\/\/biogroupvietnam.com\/vi\/wp-json\/wp\/v2\/media?parent=3794"}],"wp:term":[{"taxonomy":"product_brand","embeddable":true,"href":"https:\/\/biogroupvietnam.com\/vi\/wp-json\/wp\/v2\/product_brand?post=3794"},{"taxonomy":"product_cat","embeddable":true,"href":"https:\/\/biogroupvietnam.com\/vi\/wp-json\/wp\/v2\/product_cat?post=3794"},{"taxonomy":"product_tag","embeddable":true,"href":"https:\/\/biogroupvietnam.com\/vi\/wp-json\/wp\/v2\/product_tag?post=3794"}],"curies":[{"name":"wp","href":"https:\/\/api.w.org\/{rel}","templated":true}]}}