{"id":3795,"date":"2025-08-18T19:53:19","date_gmt":"2025-08-18T12:53:19","guid":{"rendered":"http:\/\/biogroupvietnam-worldpress.local\/product\/import-placeholder-for-121\/"},"modified":"2025-11-17T17:00:27","modified_gmt":"2025-11-17T10:00:27","slug":"icecube-11xs","status":"publish","type":"product","link":"https:\/\/biogroupvietnam.com\/vi\/san-pham\/icecube-11xs\/","title":{"rendered":"M\u00e1y H\u1ea1 Nhi\u1ec7t \u0110\u1ed9 Theo Ch\u01b0\u01a1ng Tr\u00ecnh IceCube 11XS"},"content":{"rendered":"<h2>IceCube 11XS l\u00e0 m\u00e1y h\u1ea1 nhi\u1ec7t \u0111\u1ed9 theo ch\u01b0\u01a1ng tr\u00ecnh \u0111\u01b0\u1ee3c \u0111i\u1ec1u khi\u1ec3n b\u1eb1ng m\u00e1y t\u00ednh nh\u1ecf g\u1ecdn \u0111\u01b0\u1ee3c thi\u1ebft k\u1ebf m\u1edbi d\u00e0nh cho s\u1ed1 l\u01b0\u1ee3ng nh\u1ecf m\u1eabu sinh h\u1ecdc ch\u1ee9a trong \u1ed1ng vial ho\u1eb7c \u1ed1ng h\u00fat straw. Qu\u00e1 tr\u00ecnh h\u1ea1 nhi\u1ec7t \u0111\u1ed9 c\u1ee7a IceCube 11XS tu\u00e2n theo trong ph\u1ea1m vi dung sai r\u1ea5t h\u1eb9p, s\u1ef1 ph\u00e2n t\u00e1n nhi\u1ec7t \u0111\u1ed9 trong bu\u1ed3ng l\u00e0 \u0111\u1ed3ng \u0111\u1ec1u. Thi\u1ebft b\u1ecb h\u1ea1 nhi\u1ec7t \u0111\u1ed9 c\u00f3 th\u1ec3 \u0111\u01b0\u1ee3c \u0111\u1eb7t trong \u0111i\u1ec1u ki\u1ec7n kh\u00f4ng gian ph\u00f2ng th\u00ed nghi\u1ec7m h\u1eb9p v\u00e0 c\u00f3 th\u1ec3 d\u1ec5 d\u00e0ng di chuy\u1ec3n. C\u00e1c \u1ee9ng d\u1ee5ng trong ng\u00e0nh y sinh\u00a0v\u00e0 th\u00fa y, cho c\u00f4ng vi\u1ec7c R&amp;D v\u00e0 s\u1ea3n xu\u1ea5t. M\u00e1y h\u1ea1 nhi\u1ec7t \u0111\u1ed9 theo ch\u01b0\u01a1ng tr\u00ecnh IceCube 11XS \u0111\u01b0\u1ee3c v\u1eadn h\u00e0nh th\u00f4ng qua m\u00e1y t\u00ednh b\u1ea3ng v\u00e0 \u0111\u1ea7u n\u1ed1i USB.<\/h2>\n<p style=\"text-align: center;\"><img fetchpriority=\"high\" decoding=\"async\" src=\"https:\/\/biogroupvietnam.com\/uploads\/TBwzm8TcCno4GT3EtqjklQKaSNTYshktDLpy3nhD.png\" alt=\"M\u00e1y h\u1ea1 nhi\u1ec7t \u0111\u1ed9 theo ch\u01b0\u01a1ng tr\u00ecnh IceCube 11XS\" width=\"420\" height=\"433\" \/><\/p>\n<h3><strong>\u1ee8ng d\u1ee5ng m\u00e1y h\u1ea1 nhi\u1ec7t \u0111\u1ed9 theo ch\u01b0\u01a1ng tr\u00ecnh\u00a0IceCube 11XS:<\/strong><\/h3>\n<p>M\u00e1y IceCube 11XS \u0111\u01b0\u1ee3c \u1ee9ng d\u1ee5ng l\u00e0m l\u1ea1nh m\u1eabu sinh h\u1ecdc tr\u01b0\u1edbc khi b\u1ea3o qu\u1ea3n \u0111\u00f4ng l\u1ea1nh trong nit\u01a1 l\u1ecfng. C\u00e1c m\u1eabu sinh h\u1ecdc bao g\u1ed3m: c\u00e1c m\u00f4, t\u1ea1ng \u0111\u1ed9ng v\u1eadt, t\u1ebf b\u00e0o g\u1ed1c, m\u00e1u cu\u1ed1ng r\u1ed1n, t\u1ee7y x\u01b0\u01a1ng, tr\u1ee9ng v\u00e0 tinh tr\u00f9ng, t\u1ebf b\u00e0o th\u1ef1c v\u1eadt, vi sinh v\u1eadt.<\/p>\n<h3><strong>\u0110\u1eb7c \u0111i\u1ec3m, v\u1eadn h\u00e0nh c\u1ee7a m\u00e1y h\u1ea1 nhi\u1ec7t \u0111\u1ed9 theo ch\u01b0\u01a1ng tr\u00ecnh IceCube 11XS:<\/strong><\/h3>\n<ul>\n<li><strong>M\u00e1y IceCube 11XS \u0111\u01b0\u1ee3c thi\u1ebft k\u1ebf nh\u1ecf g\u1ecdn v\u1edbi gi\u00e1 r\u1ea5t c\u1ea1nh tranh.<\/strong><\/li>\n<li>C\u00f3 ch\u1ee9c n\u0103ng h\u1ea1 l\u1ea1nh c\u00e1c m\u1eabu sinh h\u1ecdc ch\u1ee9a trong c\u00e1c \u1ed1ng vial v\u00e0 \u1ed1ng h\u00fat straw.<\/li>\n<li>M\u1eabu c\u00f3 th\u1ec3 \u0111\u1eb7t \u1edf v\u1ecb tr\u00ed \u0111\u1ee9ng ho\u1eb7c n\u1eb1m ngang.<\/li>\n<li><strong>C\u00f3 van t\u1eeb t\u00ednh ki\u1ec3m so\u00e1t l\u01b0\u1ee3ng nit\u01a1 l\u1ecfng t\u1eeb b\u00ecnh ch\u1ee9a v\u00e0 khay ch\u1ee9a m\u1eabu, v\u00e0 c\u00f3 qu\u1ea1t ph\u00e2n ph\u1ed1i h\u01a1i nit\u01a1 l\u1ecfng v\u00e0o bu\u1ed3ng l\u00e0m l\u1ea1nh (ch\u1ee9a m\u1eabu) \u0111\u1ea3m b\u1ea3o nhi\u1ec7t \u0111\u00f4ng l\u1ea1nh m\u1eabu \u0111\u01b0\u1ee3c \u0111\u1ed3ng \u0111\u1ec1u v\u00e0 ch\u00ednh x\u00e1c theo l\u1eadp tr\u00ecnh<\/strong>.<\/li>\n<li><strong>C\u00f3 c\u1ea3m bi\u1ebfn nhi\u1ec7t \u1edf khay\u00a0ch\u1ee9a m\u1eabu v\u00e0 c\u1ea3m bi\u1ebfn nhi\u1ec7t \u0111\u1ed9 m\u1eabu<\/strong>.<\/li>\n<li>C\u00f3 k\u1ebft n\u1ed1i m\u00e1y t\u00ednh b\u1ea3ng ch\u1ea1y b\u1eb1ng h\u1ec7 \u0111i\u1ec1u h\u00e0nh MS window \u0111\u1ec3 l\u01b0u tr\u1eef d\u1eef li\u1ec7u v\u00e0 truy xu\u1ea5t d\u1eef li\u1ec7u.<\/li>\n<li>In k\u1ebft qu\u1ea3 b\u1eb1ng m\u00e1y in (t\u01b0\u01a1ng th\u00edch v\u1edbi h\u1ea7u h\u1ebft c\u00e1c m\u00e1y in).<\/li>\n<li>Khay ch\u1ee9a m\u1eabu b\u1eb1ng th\u00e9p kh\u00f4ng r\u1ec9, c\u00f3 n\u1eafp \u0111\u1eady an to\u00e0n.<\/li>\n<li>\u0110i\u1ec1u khi\u1ec3n v\u00e0 truy\u1ec1n d\u1eef li\u1ec7u t\u1eeb m\u00e1y IceCube sang m\u00e1y vi t\u00ednh.<\/li>\n<li>Dung l\u01b0\u1ee3ng l\u01b0u tr\u1eef d\u1eef li\u1ec7u th\u1ef1c t\u1ebf kh\u00f4ng gi\u1edbi h\u1ea1n.<\/li>\n<li>Bao g\u1ed3m ch\u01b0\u01a1ng tr\u00ecnh \u0111\u00f4ng l\u1ea1nh\/ r\u00e3 \u0111\u00f4ng, c\u00e1c l\u1eadp tr\u00ecnh x\u1eed l\u00fd m\u1eabu, bao g\u1ed3m bi\u1ec3u \u0111\u1ed3 h\u1ea1 nhi\u1ec7t. C\u00e1c ch\u1ee9c n\u0103ng chu\u1ea9n nh\u01b0: admin\/ user administration, c\u00f3 c\u00e1c n\u00fat ch\u1ecdn ph\u01b0\u01a1ng th\u1ee9c \u0111\u00f4ng l\u1ea1nh \u0111\u01a1n gi\u1ea3n, v\u00e0 th\u01b0\u1eddng xuy\u00ean, nh\u1eadp d\u1eef li\u1ec7u nhi\u1ec7t \u0111\u1ed9 m\u1eabu b\u1eaft \u0111\u1ea7u \u0111\u00f4ng l\u1ea1nh, l\u1eadp tr\u00ecnh \u0111\u00f4ng l\u1ea1nh\/ r\u00e3 \u0111\u00f4ng v\u00e0 hi\u1ec7u ch\u1ec9nh ph\u01b0\u01a1ng ph\u00e1p.<\/li>\n<\/ul>\n<p style=\"text-align: center;\"><img decoding=\"async\" src=\"https:\/\/biogroupvietnam.com\/uploads\/1G83ouCPOSGKr4nie22gzRxiX3XpI0WV8GwUEoHR.png\" alt=\"Ph\u1ea7n m\u1ec1m m\u00e1y h\u1ea1 nhi\u1ec7t \u0111\u1ed9 theo ch\u01b0\u01a1ng tr\u00ecnh IceCube 11XS\" \/><\/p>\n","protected":false},"excerpt":{"rendered":"<p>IceCube 11XS l\u00e0 m\u00e1y h\u1ea1 nhi\u1ec7t \u0111\u1ed9 theo ch\u01b0\u01a1ng tr\u00ecnh \u0111\u01b0\u1ee3c \u0111i\u1ec1u khi\u1ec3n b\u1eb1ng m\u00e1y t\u00ednh nh\u1ecf g\u1ecdn \u0111\u01b0\u1ee3c thi\u1ebft k\u1ebf m\u1edbi d\u00e0nh cho s\u1ed1 l\u01b0\u1ee3ng nh\u1ecf m\u1eabu sinh h\u1ecdc ch\u1ee9a trong \u1ed1ng vial ho\u1eb7c \u1ed1ng h\u00fat straw. Qu\u00e1 tr\u00ecnh h\u1ea1 nhi\u1ec7t \u0111\u1ed9 c\u1ee7a IceCube 11XS tu\u00e2n theo trong ph\u1ea1m vi dung sai r\u1ea5t h\u1eb9p,<\/p>\n<div class=\"klb-readmore post-buttons\"><a class=\"button rounded primary\" href=\"https:\/\/biogroupvietnam.com\/vi\/san-pham\/icecube-11xs\/\">Read More <i class=\"klbth-icon-right-arrow\"><\/i><\/a><\/div>\n","protected":false},"featured_media":9016,"comment_status":"closed","ping_status":"closed","template":"","meta":{"_acf_changed":false},"product_brand":[129],"product_cat":[100],"product_tag":[],"class_list":{"0":"post-3795","1":"product","2":"type-product","3":"status-publish","4":"has-post-thumbnail","6":"product_brand-sy-lab-geraete-gmbh","7":"product_cat-may-ha-nhiet-do-theo-chuong-trinh","9":"first","10":"outofstock","11":"shipping-taxable","12":"product-type-simple"},"acf":[],"yoast_head":"<!-- This site is optimized with the Yoast SEO plugin v26.8 - https:\/\/yoast.com\/product\/yoast-seo-wordpress\/ -->\n<title>M\u00e1y H\u1ea1 Nhi\u1ec7t \u0110\u1ed9 Theo Ch\u01b0\u01a1ng Tr\u00ecnh IceCube 11XS<\/title>\n<meta name=\"description\" content=\"IceCube 11XS l\u00e0 m\u00e1y h\u1ea1 nhi\u1ec7t \u0111\u1ed9 theo ch\u01b0\u01a1ng tr\u00ecnh \u0111\u01b0\u1ee3c \u0111i\u1ec1u khi\u1ec3n b\u1eb1ng m\u00e1y t\u00ednh nh\u1ecf g\u1ecdn \u0111\u01b0\u1ee3c thi\u1ebft k\u1ebf m\u1edbi d\u00e0nh cho s\u1ed1 l\u01b0\u1ee3ng nh\u1ecf m\u1eabu sinh h\u1ecdc ch\u1ee9a trong \u1ed1ng vial ho\u1eb7c \u1ed1ng h\u00fat straw.\" \/>\n<meta name=\"robots\" content=\"index, follow, max-snippet:-1, max-image-preview:large, max-video-preview:-1\" \/>\n<link rel=\"canonical\" href=\"https:\/\/biogroupvietnam.com\/vi\/san-pham\/icecube-11xs\/\" \/>\n<meta property=\"og:locale\" content=\"vi_VN\" \/>\n<meta property=\"og:type\" content=\"article\" \/>\n<meta property=\"og:title\" content=\"M\u00e1y H\u1ea1 Nhi\u1ec7t \u0110\u1ed9 Theo Ch\u01b0\u01a1ng Tr\u00ecnh IceCube 11XS\" \/>\n<meta property=\"og:description\" content=\"IceCube 11XS l\u00e0 m\u00e1y h\u1ea1 nhi\u1ec7t \u0111\u1ed9 theo ch\u01b0\u01a1ng tr\u00ecnh \u0111\u01b0\u1ee3c \u0111i\u1ec1u khi\u1ec3n b\u1eb1ng m\u00e1y t\u00ednh nh\u1ecf g\u1ecdn \u0111\u01b0\u1ee3c thi\u1ebft k\u1ebf m\u1edbi d\u00e0nh cho s\u1ed1 l\u01b0\u1ee3ng nh\u1ecf m\u1eabu sinh h\u1ecdc ch\u1ee9a trong \u1ed1ng vial ho\u1eb7c \u1ed1ng h\u00fat straw.\" \/>\n<meta property=\"og:url\" content=\"https:\/\/biogroupvietnam.com\/vi\/san-pham\/icecube-11xs\/\" \/>\n<meta property=\"og:site_name\" content=\"Biogroup Vietnam\" \/>\n<meta property=\"article:modified_time\" content=\"2025-11-17T10:00:27+00:00\" \/>\n<meta property=\"og:image\" content=\"https:\/\/biogroupvietnam.com\/wp-content\/uploads\/2025\/08\/IceCube-11XS.jpg\" \/>\n\t<meta property=\"og:image:width\" content=\"1640\" \/>\n\t<meta property=\"og:image:height\" content=\"1260\" \/>\n\t<meta property=\"og:image:type\" content=\"image\/jpeg\" \/>\n<meta name=\"twitter:card\" content=\"summary_large_image\" \/>\n<meta name=\"twitter:label1\" content=\"\u01af\u1edbc t\u00ednh th\u1eddi gian \u0111\u1ecdc\" \/>\n\t<meta name=\"twitter:data1\" content=\"3 ph\u00fat\" \/>\n<script type=\"application\/ld+json\" class=\"yoast-schema-graph\">{\"@context\":\"https:\/\/schema.org\",\"@graph\":[{\"@type\":\"WebPage\",\"@id\":\"https:\/\/biogroupvietnam.com\/vi\/san-pham\/icecube-11xs\/\",\"url\":\"https:\/\/biogroupvietnam.com\/vi\/san-pham\/icecube-11xs\/\",\"name\":\"M\u00e1y H\u1ea1 Nhi\u1ec7t \u0110\u1ed9 Theo Ch\u01b0\u01a1ng Tr\u00ecnh IceCube 11XS\",\"isPartOf\":{\"@id\":\"https:\/\/biogroupvietnam.com\/vi\/#website\"},\"primaryImageOfPage\":{\"@id\":\"https:\/\/biogroupvietnam.com\/vi\/san-pham\/icecube-11xs\/#primaryimage\"},\"image\":{\"@id\":\"https:\/\/biogroupvietnam.com\/vi\/san-pham\/icecube-11xs\/#primaryimage\"},\"thumbnailUrl\":\"https:\/\/biogroupvietnam.com\/wp-content\/uploads\/2025\/08\/IceCube-11XS.jpg\",\"datePublished\":\"2025-08-18T12:53:19+00:00\",\"dateModified\":\"2025-11-17T10:00:27+00:00\",\"description\":\"IceCube 11XS l\u00e0 m\u00e1y h\u1ea1 nhi\u1ec7t \u0111\u1ed9 theo ch\u01b0\u01a1ng tr\u00ecnh \u0111\u01b0\u1ee3c \u0111i\u1ec1u khi\u1ec3n b\u1eb1ng m\u00e1y t\u00ednh nh\u1ecf g\u1ecdn \u0111\u01b0\u1ee3c thi\u1ebft k\u1ebf m\u1edbi d\u00e0nh cho s\u1ed1 l\u01b0\u1ee3ng nh\u1ecf m\u1eabu sinh h\u1ecdc ch\u1ee9a trong \u1ed1ng vial ho\u1eb7c \u1ed1ng h\u00fat straw.\",\"breadcrumb\":{\"@id\":\"https:\/\/biogroupvietnam.com\/vi\/san-pham\/icecube-11xs\/#breadcrumb\"},\"inLanguage\":\"vi\",\"potentialAction\":[{\"@type\":\"ReadAction\",\"target\":[\"https:\/\/biogroupvietnam.com\/vi\/san-pham\/icecube-11xs\/\"]}]},{\"@type\":\"ImageObject\",\"inLanguage\":\"vi\",\"@id\":\"https:\/\/biogroupvietnam.com\/vi\/san-pham\/icecube-11xs\/#primaryimage\",\"url\":\"https:\/\/biogroupvietnam.com\/wp-content\/uploads\/2025\/08\/IceCube-11XS.jpg\",\"contentUrl\":\"https:\/\/biogroupvietnam.com\/wp-content\/uploads\/2025\/08\/IceCube-11XS.jpg\",\"width\":1640,\"height\":1260},{\"@type\":\"BreadcrumbList\",\"@id\":\"https:\/\/biogroupvietnam.com\/vi\/san-pham\/icecube-11xs\/#breadcrumb\",\"itemListElement\":[{\"@type\":\"ListItem\",\"position\":1,\"name\":\"Trang ch\u1ee7\",\"item\":\"https:\/\/biogroupvietnam.com\/vi\/\"},{\"@type\":\"ListItem\",\"position\":2,\"name\":\"S\u1ea3n ph\u1ea9m\",\"item\":\"https:\/\/biogroupvietnam.com\/vi\/san-pham\/\"},{\"@type\":\"ListItem\",\"position\":3,\"name\":\"B\u1ea3o Qu\u1ea3n L\u1ea1nh T\u1ebf B\u00e0o\",\"item\":\"https:\/\/biogroupvietnam.com\/vi\/danh-muc-san-pham\/bao-quan-lanh-te-bao\/\"},{\"@type\":\"ListItem\",\"position\":4,\"name\":\"M\u00e1y H\u1ea1 Nhi\u1ec7t \u0110\u1ed9 Theo Ch\u01b0\u01a1ng Tr\u00ecnh\",\"item\":\"https:\/\/biogroupvietnam.com\/vi\/danh-muc-san-pham\/may-ha-nhiet-do-theo-chuong-trinh\/\"},{\"@type\":\"ListItem\",\"position\":5,\"name\":\"M\u00e1y H\u1ea1 Nhi\u1ec7t \u0110\u1ed9 Theo Ch\u01b0\u01a1ng Tr\u00ecnh IceCube 11XS\"}]},{\"@type\":\"WebSite\",\"@id\":\"https:\/\/biogroupvietnam.com\/vi\/#website\",\"url\":\"https:\/\/biogroupvietnam.com\/vi\/\",\"name\":\"Biogroup Vietnam\",\"description\":\"Biogroup Vietnam cung c\u1ea5p d\u1ecbch v\u1ee5 k\u1ef9 thu\u1eadt c\u00f9ng thi\u1ebft b\u1ecb, v\u1eadt t\u01b0, h\u00f3a ch\u1ea5t v\u00e0 gi\u1ea3i ph\u00e1p sinh h\u1ecdc cho ph\u00f2ng th\u00ed nghi\u1ec7m c\u00f4ng ngh\u1ec7 sinh h\u1ecdc, y sinh v\u00e0 y h\u1ecdc t\u00e1i t\u1ea1o.\",\"potentialAction\":[{\"@type\":\"SearchAction\",\"target\":{\"@type\":\"EntryPoint\",\"urlTemplate\":\"https:\/\/biogroupvietnam.com\/vi\/?s={search_term_string}\"},\"query-input\":{\"@type\":\"PropertyValueSpecification\",\"valueRequired\":true,\"valueName\":\"search_term_string\"}}],\"inLanguage\":\"vi\"}]}<\/script>\n<!-- \/ Yoast SEO plugin. -->","yoast_head_json":{"title":"M\u00e1y H\u1ea1 Nhi\u1ec7t \u0110\u1ed9 Theo Ch\u01b0\u01a1ng Tr\u00ecnh IceCube 11XS","description":"IceCube 11XS l\u00e0 m\u00e1y h\u1ea1 nhi\u1ec7t \u0111\u1ed9 theo ch\u01b0\u01a1ng tr\u00ecnh \u0111\u01b0\u1ee3c \u0111i\u1ec1u khi\u1ec3n b\u1eb1ng m\u00e1y t\u00ednh nh\u1ecf g\u1ecdn \u0111\u01b0\u1ee3c thi\u1ebft k\u1ebf m\u1edbi d\u00e0nh cho s\u1ed1 l\u01b0\u1ee3ng nh\u1ecf m\u1eabu sinh h\u1ecdc ch\u1ee9a trong \u1ed1ng vial ho\u1eb7c \u1ed1ng h\u00fat straw.","robots":{"index":"index","follow":"follow","max-snippet":"max-snippet:-1","max-image-preview":"max-image-preview:large","max-video-preview":"max-video-preview:-1"},"canonical":"https:\/\/biogroupvietnam.com\/vi\/san-pham\/icecube-11xs\/","og_locale":"vi_VN","og_type":"article","og_title":"M\u00e1y H\u1ea1 Nhi\u1ec7t \u0110\u1ed9 Theo Ch\u01b0\u01a1ng Tr\u00ecnh IceCube 11XS","og_description":"IceCube 11XS l\u00e0 m\u00e1y h\u1ea1 nhi\u1ec7t \u0111\u1ed9 theo ch\u01b0\u01a1ng tr\u00ecnh \u0111\u01b0\u1ee3c \u0111i\u1ec1u khi\u1ec3n b\u1eb1ng m\u00e1y t\u00ednh nh\u1ecf g\u1ecdn \u0111\u01b0\u1ee3c thi\u1ebft k\u1ebf m\u1edbi d\u00e0nh cho s\u1ed1 l\u01b0\u1ee3ng nh\u1ecf m\u1eabu sinh h\u1ecdc ch\u1ee9a trong \u1ed1ng vial ho\u1eb7c \u1ed1ng h\u00fat straw.","og_url":"https:\/\/biogroupvietnam.com\/vi\/san-pham\/icecube-11xs\/","og_site_name":"Biogroup Vietnam","article_modified_time":"2025-11-17T10:00:27+00:00","og_image":[{"width":1640,"height":1260,"url":"https:\/\/biogroupvietnam.com\/wp-content\/uploads\/2025\/08\/IceCube-11XS.jpg","type":"image\/jpeg"}],"twitter_card":"summary_large_image","twitter_misc":{"\u01af\u1edbc t\u00ednh th\u1eddi gian \u0111\u1ecdc":"3 ph\u00fat"},"schema":{"@context":"https:\/\/schema.org","@graph":[{"@type":"WebPage","@id":"https:\/\/biogroupvietnam.com\/vi\/san-pham\/icecube-11xs\/","url":"https:\/\/biogroupvietnam.com\/vi\/san-pham\/icecube-11xs\/","name":"M\u00e1y H\u1ea1 Nhi\u1ec7t \u0110\u1ed9 Theo Ch\u01b0\u01a1ng Tr\u00ecnh IceCube 11XS","isPartOf":{"@id":"https:\/\/biogroupvietnam.com\/vi\/#website"},"primaryImageOfPage":{"@id":"https:\/\/biogroupvietnam.com\/vi\/san-pham\/icecube-11xs\/#primaryimage"},"image":{"@id":"https:\/\/biogroupvietnam.com\/vi\/san-pham\/icecube-11xs\/#primaryimage"},"thumbnailUrl":"https:\/\/biogroupvietnam.com\/wp-content\/uploads\/2025\/08\/IceCube-11XS.jpg","datePublished":"2025-08-18T12:53:19+00:00","dateModified":"2025-11-17T10:00:27+00:00","description":"IceCube 11XS l\u00e0 m\u00e1y h\u1ea1 nhi\u1ec7t \u0111\u1ed9 theo ch\u01b0\u01a1ng tr\u00ecnh \u0111\u01b0\u1ee3c \u0111i\u1ec1u khi\u1ec3n b\u1eb1ng m\u00e1y t\u00ednh nh\u1ecf g\u1ecdn \u0111\u01b0\u1ee3c thi\u1ebft k\u1ebf m\u1edbi d\u00e0nh cho s\u1ed1 l\u01b0\u1ee3ng nh\u1ecf m\u1eabu sinh h\u1ecdc ch\u1ee9a trong \u1ed1ng vial ho\u1eb7c \u1ed1ng h\u00fat straw.","breadcrumb":{"@id":"https:\/\/biogroupvietnam.com\/vi\/san-pham\/icecube-11xs\/#breadcrumb"},"inLanguage":"vi","potentialAction":[{"@type":"ReadAction","target":["https:\/\/biogroupvietnam.com\/vi\/san-pham\/icecube-11xs\/"]}]},{"@type":"ImageObject","inLanguage":"vi","@id":"https:\/\/biogroupvietnam.com\/vi\/san-pham\/icecube-11xs\/#primaryimage","url":"https:\/\/biogroupvietnam.com\/wp-content\/uploads\/2025\/08\/IceCube-11XS.jpg","contentUrl":"https:\/\/biogroupvietnam.com\/wp-content\/uploads\/2025\/08\/IceCube-11XS.jpg","width":1640,"height":1260},{"@type":"BreadcrumbList","@id":"https:\/\/biogroupvietnam.com\/vi\/san-pham\/icecube-11xs\/#breadcrumb","itemListElement":[{"@type":"ListItem","position":1,"name":"Trang ch\u1ee7","item":"https:\/\/biogroupvietnam.com\/vi\/"},{"@type":"ListItem","position":2,"name":"S\u1ea3n ph\u1ea9m","item":"https:\/\/biogroupvietnam.com\/vi\/san-pham\/"},{"@type":"ListItem","position":3,"name":"B\u1ea3o Qu\u1ea3n L\u1ea1nh T\u1ebf B\u00e0o","item":"https:\/\/biogroupvietnam.com\/vi\/danh-muc-san-pham\/bao-quan-lanh-te-bao\/"},{"@type":"ListItem","position":4,"name":"M\u00e1y H\u1ea1 Nhi\u1ec7t \u0110\u1ed9 Theo Ch\u01b0\u01a1ng Tr\u00ecnh","item":"https:\/\/biogroupvietnam.com\/vi\/danh-muc-san-pham\/may-ha-nhiet-do-theo-chuong-trinh\/"},{"@type":"ListItem","position":5,"name":"M\u00e1y H\u1ea1 Nhi\u1ec7t \u0110\u1ed9 Theo Ch\u01b0\u01a1ng Tr\u00ecnh IceCube 11XS"}]},{"@type":"WebSite","@id":"https:\/\/biogroupvietnam.com\/vi\/#website","url":"https:\/\/biogroupvietnam.com\/vi\/","name":"Biogroup Vietnam","description":"Biogroup Vietnam cung c\u1ea5p d\u1ecbch v\u1ee5 k\u1ef9 thu\u1eadt c\u00f9ng thi\u1ebft b\u1ecb, v\u1eadt t\u01b0, h\u00f3a ch\u1ea5t v\u00e0 gi\u1ea3i ph\u00e1p sinh h\u1ecdc cho ph\u00f2ng th\u00ed nghi\u1ec7m c\u00f4ng ngh\u1ec7 sinh h\u1ecdc, y sinh v\u00e0 y h\u1ecdc t\u00e1i t\u1ea1o.","potentialAction":[{"@type":"SearchAction","target":{"@type":"EntryPoint","urlTemplate":"https:\/\/biogroupvietnam.com\/vi\/?s={search_term_string}"},"query-input":{"@type":"PropertyValueSpecification","valueRequired":true,"valueName":"search_term_string"}}],"inLanguage":"vi"}]}},"_links":{"self":[{"href":"https:\/\/biogroupvietnam.com\/vi\/wp-json\/wp\/v2\/product\/3795","targetHints":{"allow":["GET"]}}],"collection":[{"href":"https:\/\/biogroupvietnam.com\/vi\/wp-json\/wp\/v2\/product"}],"about":[{"href":"https:\/\/biogroupvietnam.com\/vi\/wp-json\/wp\/v2\/types\/product"}],"replies":[{"embeddable":true,"href":"https:\/\/biogroupvietnam.com\/vi\/wp-json\/wp\/v2\/comments?post=3795"}],"version-history":[{"count":3,"href":"https:\/\/biogroupvietnam.com\/vi\/wp-json\/wp\/v2\/product\/3795\/revisions"}],"predecessor-version":[{"id":8589,"href":"https:\/\/biogroupvietnam.com\/vi\/wp-json\/wp\/v2\/product\/3795\/revisions\/8589"}],"wp:featuredmedia":[{"embeddable":true,"href":"https:\/\/biogroupvietnam.com\/vi\/wp-json\/wp\/v2\/media\/9016"}],"wp:attachment":[{"href":"https:\/\/biogroupvietnam.com\/vi\/wp-json\/wp\/v2\/media?parent=3795"}],"wp:term":[{"taxonomy":"product_brand","embeddable":true,"href":"https:\/\/biogroupvietnam.com\/vi\/wp-json\/wp\/v2\/product_brand?post=3795"},{"taxonomy":"product_cat","embeddable":true,"href":"https:\/\/biogroupvietnam.com\/vi\/wp-json\/wp\/v2\/product_cat?post=3795"},{"taxonomy":"product_tag","embeddable":true,"href":"https:\/\/biogroupvietnam.com\/vi\/wp-json\/wp\/v2\/product_tag?post=3795"}],"curies":[{"name":"wp","href":"https:\/\/api.w.org\/{rel}","templated":true}]}}