{"id":3797,"date":"2025-08-18T19:53:20","date_gmt":"2025-08-18T12:53:20","guid":{"rendered":"http:\/\/biogroupvietnam-worldpress.local\/product\/import-placeholder-for-123\/"},"modified":"2026-04-04T14:57:59","modified_gmt":"2026-04-04T07:57:59","slug":"kit-stemdiff-cardiomyocyte-dissociation","status":"publish","type":"product","link":"https:\/\/biogroupvietnam.com\/vi\/san-pham\/kit-stemdiff-cardiomyocyte-dissociation\/","title":{"rendered":"B\u1ed9 Kit Ph\u00e2n T\u00e1ch T\u1ebf B\u00e0o C\u01a1 Tim STEMdiff\u2122"},"content":{"rendered":"<p>B\u1ed9 kit STEMdiff\u2122 Cardiomyocyte Dissociation d\u00f9ng \u0111\u1ec3 ph\u00e2n t\u00e1ch c\u00e1c t\u1ebf b\u00e0o c\u01a1 tim c\u00f3 ngu\u1ed3n g\u1ed1c t\u1eeb hPSC.<\/p>\n<h3><strong>T\u1ed5ng quan<\/strong><\/h3>\n<p>B\u1ed9 kit ph\u00e2n t\u00e1ch t\u1ebf b\u00e0o c\u01a1 tim STEMdiff\u2122 bao g\u1ed3m m\u00f4i tr\u01b0\u1eddng ph\u00e2n t\u00e1ch t\u1ebf b\u00e0o STEMdiff\u2122 Cardiomyocyte Dissociation Medium v\u00e0 m\u00f4i tr\u01b0\u1eddng h\u1ed7 tr\u1ee3 t\u1ebf b\u00e0o STEMdiff\u2122 Cardiomyocyte Support Medium.<\/p>\n<p>M\u00f4i tr\u01b0\u1eddng ph\u00e2n t\u00e1ch t\u1ebf b\u00e0o \u0111\u01b0\u1ee3c s\u1eed d\u1ee5ng \u0111\u1ec3 thu nh\u1eadn c\u00e1c t\u1ebf b\u00e0o c\u01a1 tim \u0111\u00e3 \u0111\u01b0\u1ee3c bi\u1ec7t h\u00f3a t\u1eeb t\u1ebf b\u00e0o g\u1ed1c \u0111a n\u0103ng c\u1ee7a ng\u01b0\u1eddi (hPSC) b\u1eb1ng b\u1ed9 kit STEMdiff\u2122 Cardiomyocyte Differentiation Kit (Catalog #05010) v\u00e0 nu\u00f4i c\u1ea5y trong m\u00f4i tr\u01b0\u1eddng STEMdiff\u2122 Cardiomyocyte Maintenance (Catalog #05010\/05020).<\/p>\n<p>M\u00f4i tr\u01b0\u1eddng h\u1ed7 tr\u1ee3 gi\u00fap c\u00e1c t\u1ebf b\u00e0o c\u01a1 tim gi\u1ea3m c\u0103ng th\u1eb3ng trong qu\u00e1 tr\u00ecnh ph\u00e2n t\u00e1ch, duy tr\u00ec kh\u1ea3 n\u0103ng s\u1ed1ng v\u00e0 ch\u1ee9c n\u0103ng c\u1ee7a ch\u00fang cho c\u00e1c \u1ee9ng d\u1ee5ng v\u00e0 ph\u00e2n t\u00edch sau n\u00e0y.<\/p>\n<h3><strong>\u01afu \u0111i\u1ec3m c\u1ee7a B\u1ed9 kit ph\u00e2n t\u00e1ch t\u1ebf b\u00e0o c\u01a1 tim STEMdiffTM\u00a0<\/strong><\/h3>\n<ul>\n<li>Duy tr\u00ec t\u00ednh to\u00e0n v\u1eb9n c\u1ee7a c\u00e1c t\u1ebf b\u00e0o c\u01a1 tim c\u00f3 ngu\u1ed3n g\u1ed1c t\u1eeb hPSC v\u1edbi t\u1ec9 l\u1ec7 t\u1ebf b\u00e0o s\u1ed1ng l\u1edbn h\u01a1n 80%.<\/li>\n<li>Ph\u01b0\u01a1ng ph\u00e1p \u0111\u01a1n gi\u1ea3n v\u00e0 hi\u1ec7u qu\u1ea3 \u0111\u1ec3 thu ho\u1ea1ch v\u00e0 thay th\u1ebf c\u00e1c t\u1ebf b\u00e0o c\u01a1 tim c\u00f3 ngu\u1ed3n g\u1ed1c t\u1eeb hPSC.<\/li>\n<\/ul>\n<h3><strong>B\u1ea3o qu\u1ea3n<\/strong><\/h3>\n<ul>\n<li>B\u1ea3o qu\u1ea3n \u1edf nhi\u1ec7t \u0111\u1ed9 -20\u00b0C.<\/li>\n<li>Tr\u00e1nh ti\u1ebfp x\u00fac l\u00e2u v\u1edbi \u00e1nh s\u00e1ng.<\/li>\n<li>H\u1ea1n s\u1eed d\u1ee5ng: 12 th\u00e1ng k\u1ec3 t\u1eeb ng\u00e0y s\u1ea3n xu\u1ea5t in tr\u00ean nh\u00e3n.<\/li>\n<\/ul>\n<h3><strong>\u1ee8ng d\u1ee5ng<\/strong><\/h3>\n<ul>\n<li>\u0110\u1ec3 ph\u00e2n t\u00e1ch c\u00e1c t\u1ebf b\u00e0o c\u01a1 tim c\u00f3 ngu\u1ed3n g\u1ed1c t\u1eeb hPSC.<\/li>\n<\/ul>\n<h3><strong>Th\u00f4ng tin \u0111\u1eb7t h\u00e0ng:<\/strong><\/h3>\n<p>B\u1ed9 kit STEMdiff\u2122 Cardiomyocyte Dissociation Kit (Catalog # 05025), bao g\u1ed3m:<\/p>\n<ul>\n<li>M\u00f4i tr\u01b0\u1eddng ph\u00e2n t\u00e1ch STEMdiff\u2122 Cardiomyocyte Dissociation Medium (Catalog # 05026), chai 50ml.<\/li>\n<li>M\u00f4i tr\u01b0\u1eddng h\u1ed5 tr\u1ee3 STEMdiff\u2122 Cardiomyocyte Support Medium (Catalog # 05027), chai 250ml.<\/li>\n<\/ul>\n","protected":false},"excerpt":{"rendered":"<p>B\u1ed9 kit STEMdiff\u2122 Cardiomyocyte Dissociation d\u00f9ng \u0111\u1ec3 ph\u00e2n t\u00e1ch c\u00e1c t\u1ebf b\u00e0o c\u01a1 tim c\u00f3 ngu\u1ed3n g\u1ed1c t\u1eeb hPSC. T\u1ed5ng quan B\u1ed9 kit ph\u00e2n t\u00e1ch t\u1ebf b\u00e0o c\u01a1 tim STEMdiff\u2122 bao g\u1ed3m m\u00f4i tr\u01b0\u1eddng ph\u00e2n t\u00e1ch t\u1ebf b\u00e0o STEMdiff\u2122 Cardiomyocyte Dissociation Medium v\u00e0 m\u00f4i tr\u01b0\u1eddng h\u1ed7 tr\u1ee3 t\u1ebf b\u00e0o STEMdiff\u2122 Cardiomyocyte Support Medium. M\u00f4i tr\u01b0\u1eddng<\/p>\n<div class=\"klb-readmore post-buttons\"><a class=\"button rounded primary\" href=\"https:\/\/biogroupvietnam.com\/vi\/san-pham\/kit-stemdiff-cardiomyocyte-dissociation\/\">Read More <i class=\"klbth-icon-right-arrow\"><\/i><\/a><\/div>\n","protected":false},"featured_media":10196,"comment_status":"closed","ping_status":"closed","template":"","meta":{"_acf_changed":false},"product_brand":[127],"product_cat":[115],"product_tag":[],"class_list":{"0":"post-3797","1":"product","2":"type-product","3":"status-publish","4":"has-post-thumbnail","6":"product_brand-stemcell-technologies","7":"product_cat-phan-lap-te-bao","9":"first","10":"outofstock","11":"shipping-taxable","12":"product-type-simple"},"acf":[],"yoast_head":"<!-- This site is optimized with the Yoast SEO plugin v26.8 - https:\/\/yoast.com\/product\/yoast-seo-wordpress\/ -->\n<title>B\u1ed9 Kit Ph\u00e2n T\u00e1ch T\u1ebf B\u00e0o C\u01a1 Tim STEMdiff\u2122<\/title>\n<meta name=\"description\" content=\"B\u1ed9 kit STEMdiff\u2122 Cardiomyocyte Dissociation d\u00f9ng \u0111\u1ec3 ph\u00e2n t\u00e1ch c\u00e1c t\u1ebf b\u00e0o c\u01a1 tim c\u00f3 ngu\u1ed3n g\u1ed1c t\u1eeb hPSC.\" \/>\n<meta name=\"robots\" content=\"index, follow, max-snippet:-1, max-image-preview:large, max-video-preview:-1\" \/>\n<link rel=\"canonical\" href=\"https:\/\/biogroupvietnam.com\/vi\/san-pham\/kit-stemdiff-cardiomyocyte-dissociation\/\" \/>\n<meta property=\"og:locale\" content=\"vi_VN\" \/>\n<meta property=\"og:type\" content=\"article\" \/>\n<meta property=\"og:title\" content=\"B\u1ed9 Kit Ph\u00e2n T\u00e1ch T\u1ebf B\u00e0o C\u01a1 Tim STEMdiff\u2122\" \/>\n<meta property=\"og:description\" content=\"B\u1ed9 kit STEMdiff\u2122 Cardiomyocyte Dissociation d\u00f9ng \u0111\u1ec3 ph\u00e2n t\u00e1ch c\u00e1c t\u1ebf b\u00e0o c\u01a1 tim c\u00f3 ngu\u1ed3n g\u1ed1c t\u1eeb hPSC.\" \/>\n<meta property=\"og:url\" content=\"https:\/\/biogroupvietnam.com\/vi\/san-pham\/kit-stemdiff-cardiomyocyte-dissociation\/\" \/>\n<meta property=\"og:site_name\" content=\"Biogroup Vietnam\" \/>\n<meta property=\"article:modified_time\" content=\"2026-04-04T07:57:59+00:00\" \/>\n<meta property=\"og:image\" content=\"https:\/\/biogroupvietnam.com\/wp-content\/uploads\/2025\/08\/bo-kit-phan-tach-te-bao-co-tim-stemdiff.jpg\" \/>\n\t<meta property=\"og:image:width\" content=\"1640\" \/>\n\t<meta property=\"og:image:height\" content=\"1260\" \/>\n\t<meta property=\"og:image:type\" content=\"image\/jpeg\" \/>\n<meta name=\"twitter:card\" content=\"summary_large_image\" \/>\n<meta name=\"twitter:label1\" content=\"\u01af\u1edbc t\u00ednh th\u1eddi gian \u0111\u1ecdc\" \/>\n\t<meta name=\"twitter:data1\" content=\"2 ph\u00fat\" \/>\n<script type=\"application\/ld+json\" class=\"yoast-schema-graph\">{\"@context\":\"https:\/\/schema.org\",\"@graph\":[{\"@type\":\"WebPage\",\"@id\":\"https:\/\/biogroupvietnam.com\/vi\/san-pham\/kit-stemdiff-cardiomyocyte-dissociation\/\",\"url\":\"https:\/\/biogroupvietnam.com\/vi\/san-pham\/kit-stemdiff-cardiomyocyte-dissociation\/\",\"name\":\"B\u1ed9 Kit Ph\u00e2n T\u00e1ch T\u1ebf B\u00e0o C\u01a1 Tim STEMdiff\u2122\",\"isPartOf\":{\"@id\":\"https:\/\/biogroupvietnam.com\/vi\/#website\"},\"primaryImageOfPage\":{\"@id\":\"https:\/\/biogroupvietnam.com\/vi\/san-pham\/kit-stemdiff-cardiomyocyte-dissociation\/#primaryimage\"},\"image\":{\"@id\":\"https:\/\/biogroupvietnam.com\/vi\/san-pham\/kit-stemdiff-cardiomyocyte-dissociation\/#primaryimage\"},\"thumbnailUrl\":\"https:\/\/biogroupvietnam.com\/wp-content\/uploads\/2025\/08\/bo-kit-phan-tach-te-bao-co-tim-stemdiff.jpg\",\"datePublished\":\"2025-08-18T12:53:20+00:00\",\"dateModified\":\"2026-04-04T07:57:59+00:00\",\"description\":\"B\u1ed9 kit STEMdiff\u2122 Cardiomyocyte Dissociation d\u00f9ng \u0111\u1ec3 ph\u00e2n t\u00e1ch c\u00e1c t\u1ebf b\u00e0o c\u01a1 tim c\u00f3 ngu\u1ed3n g\u1ed1c t\u1eeb hPSC.\",\"breadcrumb\":{\"@id\":\"https:\/\/biogroupvietnam.com\/vi\/san-pham\/kit-stemdiff-cardiomyocyte-dissociation\/#breadcrumb\"},\"inLanguage\":\"vi\",\"potentialAction\":[{\"@type\":\"ReadAction\",\"target\":[\"https:\/\/biogroupvietnam.com\/vi\/san-pham\/kit-stemdiff-cardiomyocyte-dissociation\/\"]}]},{\"@type\":\"ImageObject\",\"inLanguage\":\"vi\",\"@id\":\"https:\/\/biogroupvietnam.com\/vi\/san-pham\/kit-stemdiff-cardiomyocyte-dissociation\/#primaryimage\",\"url\":\"https:\/\/biogroupvietnam.com\/wp-content\/uploads\/2025\/08\/bo-kit-phan-tach-te-bao-co-tim-stemdiff.jpg\",\"contentUrl\":\"https:\/\/biogroupvietnam.com\/wp-content\/uploads\/2025\/08\/bo-kit-phan-tach-te-bao-co-tim-stemdiff.jpg\",\"width\":1640,\"height\":1260,\"caption\":\"B\u1ed9 Kit Ph\u00e2n T\u00e1ch T\u1ebf B\u00e0o C\u01a1 Tim STEMdiff\u2122\"},{\"@type\":\"BreadcrumbList\",\"@id\":\"https:\/\/biogroupvietnam.com\/vi\/san-pham\/kit-stemdiff-cardiomyocyte-dissociation\/#breadcrumb\",\"itemListElement\":[{\"@type\":\"ListItem\",\"position\":1,\"name\":\"Trang ch\u1ee7\",\"item\":\"https:\/\/biogroupvietnam.com\/vi\/\"},{\"@type\":\"ListItem\",\"position\":2,\"name\":\"S\u1ea3n ph\u1ea9m\",\"item\":\"https:\/\/biogroupvietnam.com\/vi\/san-pham\/\"},{\"@type\":\"ListItem\",\"position\":3,\"name\":\"X\u1eed L\u00fd T\u1ebf B\u00e0o\",\"item\":\"https:\/\/biogroupvietnam.com\/vi\/danh-muc-san-pham\/xu-ly-te-bao\/\"},{\"@type\":\"ListItem\",\"position\":4,\"name\":\"Ph\u00e2n L\u1eadp T\u1ebf B\u00e0o\",\"item\":\"https:\/\/biogroupvietnam.com\/vi\/danh-muc-san-pham\/phan-lap-te-bao\/\"},{\"@type\":\"ListItem\",\"position\":5,\"name\":\"B\u1ed9 Kit Ph\u00e2n T\u00e1ch T\u1ebf B\u00e0o C\u01a1 Tim STEMdiff\u2122\"}]},{\"@type\":\"WebSite\",\"@id\":\"https:\/\/biogroupvietnam.com\/vi\/#website\",\"url\":\"https:\/\/biogroupvietnam.com\/vi\/\",\"name\":\"Biogroup Vietnam\",\"description\":\"Biogroup Vietnam cung c\u1ea5p d\u1ecbch v\u1ee5 k\u1ef9 thu\u1eadt c\u00f9ng thi\u1ebft b\u1ecb, v\u1eadt t\u01b0, h\u00f3a ch\u1ea5t v\u00e0 gi\u1ea3i ph\u00e1p sinh h\u1ecdc cho ph\u00f2ng th\u00ed nghi\u1ec7m c\u00f4ng ngh\u1ec7 sinh h\u1ecdc, y sinh v\u00e0 y h\u1ecdc t\u00e1i t\u1ea1o.\",\"potentialAction\":[{\"@type\":\"SearchAction\",\"target\":{\"@type\":\"EntryPoint\",\"urlTemplate\":\"https:\/\/biogroupvietnam.com\/vi\/?s={search_term_string}\"},\"query-input\":{\"@type\":\"PropertyValueSpecification\",\"valueRequired\":true,\"valueName\":\"search_term_string\"}}],\"inLanguage\":\"vi\"}]}<\/script>\n<!-- \/ Yoast SEO plugin. -->","yoast_head_json":{"title":"B\u1ed9 Kit Ph\u00e2n T\u00e1ch T\u1ebf B\u00e0o C\u01a1 Tim STEMdiff\u2122","description":"B\u1ed9 kit STEMdiff\u2122 Cardiomyocyte Dissociation d\u00f9ng \u0111\u1ec3 ph\u00e2n t\u00e1ch c\u00e1c t\u1ebf b\u00e0o c\u01a1 tim c\u00f3 ngu\u1ed3n g\u1ed1c t\u1eeb hPSC.","robots":{"index":"index","follow":"follow","max-snippet":"max-snippet:-1","max-image-preview":"max-image-preview:large","max-video-preview":"max-video-preview:-1"},"canonical":"https:\/\/biogroupvietnam.com\/vi\/san-pham\/kit-stemdiff-cardiomyocyte-dissociation\/","og_locale":"vi_VN","og_type":"article","og_title":"B\u1ed9 Kit Ph\u00e2n T\u00e1ch T\u1ebf B\u00e0o C\u01a1 Tim STEMdiff\u2122","og_description":"B\u1ed9 kit STEMdiff\u2122 Cardiomyocyte Dissociation d\u00f9ng \u0111\u1ec3 ph\u00e2n t\u00e1ch c\u00e1c t\u1ebf b\u00e0o c\u01a1 tim c\u00f3 ngu\u1ed3n g\u1ed1c t\u1eeb hPSC.","og_url":"https:\/\/biogroupvietnam.com\/vi\/san-pham\/kit-stemdiff-cardiomyocyte-dissociation\/","og_site_name":"Biogroup Vietnam","article_modified_time":"2026-04-04T07:57:59+00:00","og_image":[{"width":1640,"height":1260,"url":"https:\/\/biogroupvietnam.com\/wp-content\/uploads\/2025\/08\/bo-kit-phan-tach-te-bao-co-tim-stemdiff.jpg","type":"image\/jpeg"}],"twitter_card":"summary_large_image","twitter_misc":{"\u01af\u1edbc t\u00ednh th\u1eddi gian \u0111\u1ecdc":"2 ph\u00fat"},"schema":{"@context":"https:\/\/schema.org","@graph":[{"@type":"WebPage","@id":"https:\/\/biogroupvietnam.com\/vi\/san-pham\/kit-stemdiff-cardiomyocyte-dissociation\/","url":"https:\/\/biogroupvietnam.com\/vi\/san-pham\/kit-stemdiff-cardiomyocyte-dissociation\/","name":"B\u1ed9 Kit Ph\u00e2n T\u00e1ch T\u1ebf B\u00e0o C\u01a1 Tim STEMdiff\u2122","isPartOf":{"@id":"https:\/\/biogroupvietnam.com\/vi\/#website"},"primaryImageOfPage":{"@id":"https:\/\/biogroupvietnam.com\/vi\/san-pham\/kit-stemdiff-cardiomyocyte-dissociation\/#primaryimage"},"image":{"@id":"https:\/\/biogroupvietnam.com\/vi\/san-pham\/kit-stemdiff-cardiomyocyte-dissociation\/#primaryimage"},"thumbnailUrl":"https:\/\/biogroupvietnam.com\/wp-content\/uploads\/2025\/08\/bo-kit-phan-tach-te-bao-co-tim-stemdiff.jpg","datePublished":"2025-08-18T12:53:20+00:00","dateModified":"2026-04-04T07:57:59+00:00","description":"B\u1ed9 kit STEMdiff\u2122 Cardiomyocyte Dissociation d\u00f9ng \u0111\u1ec3 ph\u00e2n t\u00e1ch c\u00e1c t\u1ebf b\u00e0o c\u01a1 tim c\u00f3 ngu\u1ed3n g\u1ed1c t\u1eeb hPSC.","breadcrumb":{"@id":"https:\/\/biogroupvietnam.com\/vi\/san-pham\/kit-stemdiff-cardiomyocyte-dissociation\/#breadcrumb"},"inLanguage":"vi","potentialAction":[{"@type":"ReadAction","target":["https:\/\/biogroupvietnam.com\/vi\/san-pham\/kit-stemdiff-cardiomyocyte-dissociation\/"]}]},{"@type":"ImageObject","inLanguage":"vi","@id":"https:\/\/biogroupvietnam.com\/vi\/san-pham\/kit-stemdiff-cardiomyocyte-dissociation\/#primaryimage","url":"https:\/\/biogroupvietnam.com\/wp-content\/uploads\/2025\/08\/bo-kit-phan-tach-te-bao-co-tim-stemdiff.jpg","contentUrl":"https:\/\/biogroupvietnam.com\/wp-content\/uploads\/2025\/08\/bo-kit-phan-tach-te-bao-co-tim-stemdiff.jpg","width":1640,"height":1260,"caption":"B\u1ed9 Kit Ph\u00e2n T\u00e1ch T\u1ebf B\u00e0o C\u01a1 Tim STEMdiff\u2122"},{"@type":"BreadcrumbList","@id":"https:\/\/biogroupvietnam.com\/vi\/san-pham\/kit-stemdiff-cardiomyocyte-dissociation\/#breadcrumb","itemListElement":[{"@type":"ListItem","position":1,"name":"Trang ch\u1ee7","item":"https:\/\/biogroupvietnam.com\/vi\/"},{"@type":"ListItem","position":2,"name":"S\u1ea3n ph\u1ea9m","item":"https:\/\/biogroupvietnam.com\/vi\/san-pham\/"},{"@type":"ListItem","position":3,"name":"X\u1eed L\u00fd T\u1ebf B\u00e0o","item":"https:\/\/biogroupvietnam.com\/vi\/danh-muc-san-pham\/xu-ly-te-bao\/"},{"@type":"ListItem","position":4,"name":"Ph\u00e2n L\u1eadp T\u1ebf B\u00e0o","item":"https:\/\/biogroupvietnam.com\/vi\/danh-muc-san-pham\/phan-lap-te-bao\/"},{"@type":"ListItem","position":5,"name":"B\u1ed9 Kit Ph\u00e2n T\u00e1ch T\u1ebf B\u00e0o C\u01a1 Tim STEMdiff\u2122"}]},{"@type":"WebSite","@id":"https:\/\/biogroupvietnam.com\/vi\/#website","url":"https:\/\/biogroupvietnam.com\/vi\/","name":"Biogroup Vietnam","description":"Biogroup Vietnam cung c\u1ea5p d\u1ecbch v\u1ee5 k\u1ef9 thu\u1eadt c\u00f9ng thi\u1ebft b\u1ecb, v\u1eadt t\u01b0, h\u00f3a ch\u1ea5t v\u00e0 gi\u1ea3i ph\u00e1p sinh h\u1ecdc cho ph\u00f2ng th\u00ed nghi\u1ec7m c\u00f4ng ngh\u1ec7 sinh h\u1ecdc, y sinh v\u00e0 y h\u1ecdc t\u00e1i t\u1ea1o.","potentialAction":[{"@type":"SearchAction","target":{"@type":"EntryPoint","urlTemplate":"https:\/\/biogroupvietnam.com\/vi\/?s={search_term_string}"},"query-input":{"@type":"PropertyValueSpecification","valueRequired":true,"valueName":"search_term_string"}}],"inLanguage":"vi"}]}},"_links":{"self":[{"href":"https:\/\/biogroupvietnam.com\/vi\/wp-json\/wp\/v2\/product\/3797","targetHints":{"allow":["GET"]}}],"collection":[{"href":"https:\/\/biogroupvietnam.com\/vi\/wp-json\/wp\/v2\/product"}],"about":[{"href":"https:\/\/biogroupvietnam.com\/vi\/wp-json\/wp\/v2\/types\/product"}],"replies":[{"embeddable":true,"href":"https:\/\/biogroupvietnam.com\/vi\/wp-json\/wp\/v2\/comments?post=3797"}],"version-history":[{"count":3,"href":"https:\/\/biogroupvietnam.com\/vi\/wp-json\/wp\/v2\/product\/3797\/revisions"}],"predecessor-version":[{"id":10197,"href":"https:\/\/biogroupvietnam.com\/vi\/wp-json\/wp\/v2\/product\/3797\/revisions\/10197"}],"wp:featuredmedia":[{"embeddable":true,"href":"https:\/\/biogroupvietnam.com\/vi\/wp-json\/wp\/v2\/media\/10196"}],"wp:attachment":[{"href":"https:\/\/biogroupvietnam.com\/vi\/wp-json\/wp\/v2\/media?parent=3797"}],"wp:term":[{"taxonomy":"product_brand","embeddable":true,"href":"https:\/\/biogroupvietnam.com\/vi\/wp-json\/wp\/v2\/product_brand?post=3797"},{"taxonomy":"product_cat","embeddable":true,"href":"https:\/\/biogroupvietnam.com\/vi\/wp-json\/wp\/v2\/product_cat?post=3797"},{"taxonomy":"product_tag","embeddable":true,"href":"https:\/\/biogroupvietnam.com\/vi\/wp-json\/wp\/v2\/product_tag?post=3797"}],"curies":[{"name":"wp","href":"https:\/\/api.w.org\/{rel}","templated":true}]}}