{"id":3798,"date":"2025-08-18T19:53:20","date_gmt":"2025-08-18T12:53:20","guid":{"rendered":"http:\/\/biogroupvietnam-worldpress.local\/product\/import-placeholder-for-124\/"},"modified":"2026-01-12T16:35:06","modified_gmt":"2026-01-12T09:35:06","slug":"binh-mve-cryoshipper-2000","status":"publish","type":"product","link":"https:\/\/biogroupvietnam.com\/vi\/san-pham\/binh-mve-cryoshipper-2000\/","title":{"rendered":"B\u00ecnh V\u1eadn Chuy\u1ec3n M\u1eabu MVE CryoShipper 2000"},"content":{"rendered":"<p>B\u00ecnh MVE v\u1eadn chuy\u1ec3n CryoShipper 2000 \u0111\u01b0\u1ee3c thi\u1ebft k\u1ebf \u0111\u1eb7c bi\u1ec7t \u0111\u1ec3 v\u1eadn chuy\u1ec3n s\u1ed1 l\u01b0\u1ee3ng l\u1edbn \u1ed1ng vial 1,2 mL v\u00e0 2,0 mL. Thi\u1ebft k\u1ebf m\u1edbi c\u1ee7a b\u00ecnh MVE CryoShipper 2000 c\u00f3 th\u1ec3 \u0111\u01b0\u1ee3c s\u1eed d\u1ee5ng nh\u01b0 l\u00e0 b\u00ecnh l\u01b0u tr\u1eef m\u1eabu trong nit\u01a1 l\u1ecfng khi ch\u00fang \u0111\u01b0\u1ee3c v\u1eadn chuy\u1ec3n \u0111\u1ebfn n\u01a1i s\u1eed d\u1ee5ng.<\/p>\n<h3>\u0110\u1eb7c \u0111i\u1ec3m b\u00ecnh MVE Cryoshipper v\u1eadn chuy\u1ec3n m\u1eabu<\/h3>\n<p>C\u00e1c d\u00f2ng b\u00ecnh MVE Cryoshipper \u0111\u01b0\u1ee3c thi\u1ebft k\u1ebf \u0111\u1ec3 v\u1eadn chuy\u1ec3n an to\u00e0n c\u00e1c m\u1eabu sinh h\u1ecdc trong nit\u01a1 l\u1ecfng \u1edf pha h\u01a1i (\u1edf nhi\u1ec7t \u0111\u1ed9 -150\u00b0C ho\u1eb7c l\u1ea1nh h\u01a1n). B\u00ecnh MVE v\u1eadn chuy\u1ec3n m\u1eabu s\u1eed d\u1ee5ng C\u00f4ng ngh\u1ec7 Advanced QWick Charge s\u1ebd n\u1ea1p nit\u01a1 l\u1ecfng trong 2 gi\u1edd.<\/p>\n<p>Khi b\u00ecnh MVE Cryoshipper \u0111\u00e3 l\u1ea1nh, c\u00f4ng ngh\u1ec7 Advanced QWick Charge s\u1ebd \u0111\u01b0\u1ee3c \u00e1p d\u1ee5ng, mang l\u1ea1i l\u1ee3i \u00edch cho vi\u1ec7c v\u1eadn chuy\u1ec3n h\u01a1i trong ng\u00e0y. \u0110\u01b0\u1ee3c s\u1ea3n xu\u1ea5t b\u1eb1ng v\u1eadt li\u1ec7u nh\u00f4m nh\u1eb9, b\u1ec1n, b\u00ecnh v\u1eadn chuy\u1ec3n m\u1eabu sinh h\u1ecdc trong nit\u01a1 l\u1ecfng \u1edf pha h\u01a1i s\u1eed d\u1ee5ng h\u1ee3p ch\u1ea5t k\u1ef5 n\u01b0\u1edbc h\u1ea5p th\u1ee5 nit\u01a1 l\u1ecfng \u0111\u1ec3 \u0111\u1ea3m b\u1ea3o v\u1eadn chuy\u1ec3n pha h\u01a1i kh\u00f4, kh\u00f4ng b\u1ecb tr\u00e0n.<\/p>\n<p style=\"text-align: center;\"><img fetchpriority=\"high\" decoding=\"async\" src=\"https:\/\/biogroupvietnam.com\/uploads\/vqVZ2xZVmNSNiai30225XpNMQMUW6pxBrSh3wxq3.png\" alt=\"\" width=\"535\" height=\"363\" \/><\/p>\n<h3>C\u00e1c t\u00ednh n\u0103ng ch\u00ednh c\u1ee7a b\u00ecnh CryoShipper 2000<\/h3>\n<ul>\n<li>N\u1ea1p nit\u01a1 l\u1ecfng\u00a0trong 2 gi\u1edd.<\/li>\n<li>Th\u1ec3\u00a0t\u00edch l\u1edbn, ch\u1ee9a nhi\u1ec1u m\u1eabu (\u1ed1ng vial).<\/li>\n<li>Ti\u00eau hao\u00a0nit\u01a1 l\u1ecfng th\u1ea5p.<\/li>\n<li>Nhi\u1ec7t \u0111\u1ed9 b\u00ecnh -150\u00b0C ho\u1eb7c l\u1ea1nh h\u01a1n.<\/li>\n<li>C\u00f3\u00a0th\u00f9ng v\u1eadn chuy\u1ec3n b\u1ea3o v\u1ec7\u00a0b\u00ecnh CryoShipper 2000.<\/li>\n<li>C\u00f3 s\u1eb5n ph\u1ee5 ki\u1ec7n b\u1ed9 ghi d\u1eef li\u1ec7u.<\/li>\n<li>An to\u00e0n cho v\u1eadn chuy\u1ec3n qu\u1ed1c t\u1ebf; Mi\u1ec5n quy \u0111\u1ecbnh v\u1ec1 H\u00e0ng h\u00f3a Nguy hi\u1ec3m c\u1ee7a IATA (\u0110i\u1ec1u kho\u1ea3n \u0110\u1eb7c bi\u1ec7t A152).<\/li>\n<\/ul>\n<h3>Th\u00f4ng s\u1ed1 k\u1ef9 thu\u1eadt b\u00ecnh MVE Cryoshipper 2000<\/h3>\n<figure class=\"table\">\n<table>\n<tbody>\n<tr>\n<td><\/td>\n<td><strong>CryoShipper 2000<\/strong><\/td>\n<\/tr>\n<tr>\n<td colspan=\"2\"><strong>Kh\u1ea3 n\u0103ng tr\u1eef m\u1eabu t\u1ed1i \u0111a<\/strong><\/td>\n<\/tr>\n<tr>\n<td>S\u1ed1 gi\u00e1 \u0111\u1ee1 vu\u00f4ng<\/td>\n<td>\n<p style=\"text-align: center;\">4<\/p>\n<\/td>\n<\/tr>\n<tr>\n<td>S\u1ed1 l\u01b0\u1ee3ng h\u1ed9p\/ gi\u00e1 \u0111\u1ee1<\/td>\n<td>\n<p style=\"text-align: center;\">5<\/p>\n<\/td>\n<\/tr>\n<tr>\n<td>S\u1ed1 \u1ed1ng vial 1,2- ho\u1eb7c 2,0 mL (100 \u1ed1ng\/h\u1ed9p)<\/td>\n<td>\n<p style=\"text-align: center;\">2.000<\/p>\n<\/td>\n<\/tr>\n<tr>\n<td colspan=\"2\"><strong>Kh\u1ea3 ch\u1ee9a nit\u01a1 l\u1ecfng &amp; nit\u01a1 bay h\u01a1i<\/strong><\/td>\n<\/tr>\n<tr>\n<td>Th\u1ec3 t\u00edch nit\u01a1 l\u1ecfng (khi kh\u00f4ng ch\u1ee9a m\u1eabu) (L\u00edt)<\/td>\n<td>\n<p style=\"text-align: center;\">65<\/p>\n<\/td>\n<\/tr>\n<tr>\n<td>T\u1ed1c \u0111\u1ed9 bay h\u01a1i t\u0129nh (l\u00edt\/ng\u00e0y)<\/td>\n<td>\n<p style=\"text-align: center;\">0,79<\/p>\n<\/td>\n<\/tr>\n<tr>\n<td>Th\u1eddi gian gi\u1eef t\u0129nh (ng\u00e0y)<\/td>\n<td>\n<p style=\"text-align: center;\">15<\/p>\n<\/td>\n<\/tr>\n<tr>\n<td colspan=\"2\"><strong>K\u00edch th\u01b0\u1edbc b\u00ecnh MVE CryoShipper 2000<\/strong><\/td>\n<\/tr>\n<tr>\n<td>\u0110\u01b0\u1eddng k\u00ednh c\u1ed5 b\u00ecnh (mm)<\/td>\n<td>\n<p style=\"text-align: center;\">216<\/p>\n<\/td>\n<\/tr>\n<tr>\n<td>Chi\u1ec1u cao c\u1ee7a b\u00ecnh (mm)<\/td>\n<td>\n<p style=\"text-align: center;\">692<\/p>\n<\/td>\n<\/tr>\n<tr>\n<td>\u0110\u01b0\u1eddng k\u00ednh ngo\u00e0i c\u1ee7a b\u00ecnh (mm)<\/td>\n<td>\n<p style=\"text-align: center;\">559<\/p>\n<\/td>\n<\/tr>\n<tr>\n<td>Tr\u1ecdng l\u01b0\u1ee3ng b\u00ecnh r\u1ed7ng (Kg)<\/td>\n<td>\n<p style=\"text-align: center;\">29,5<\/p>\n<\/td>\n<\/tr>\n<tr>\n<td>Tr\u1ecdng l\u01b0\u1ee3ng b\u00ecnh \u0111\u1ea7y (Kg)<\/td>\n<td>\n<p style=\"text-align: center;\">43,1<\/p>\n<\/td>\n<\/tr>\n<tr>\n<td colspan=\"2\">B\u1ea3o h\u00e0nh 2 n\u0103m b\u00ecnh l\u01b0u tr\u1eef m\u1eabu. B\u1ea3o h\u00e0nh 3 n\u0103m ph\u1ea7n ch\u00e2n kh\u00f4ng c\u1ee7a b\u00ecnh l\u01b0u tr\u1eef m\u1eabu.<\/td>\n<\/tr>\n<tr>\n<td colspan=\"2\"><i>Ch\u1ecdn th\u00eam v\u1ecf b\u00ecnh v\u1eadn chuy\u1ec3n MVE Cryoshipper 2000 (m\u00e3 s\u1ed1: 12875162).<\/i><\/td>\n<\/tr>\n<\/tbody>\n<\/table>\n<\/figure>\n<p>&nbsp;<\/p>\n<p>Ngo\u00e0i ra, c\u00f2n nhi\u1ec1u d\u00f2ng b\u00ecnh MVE Cryoshipper v\u1edbi th\u1ec3 t\u00edch v\u00e0 c\u00f4ng su\u1ea5t v\u1eadn chuy\u1ec3n m\u1eabu kh\u00e1c nhau, lo\u1ea1i m\u1eabu \u0111\u01b0\u1ee3c ch\u1ee9a trong \u1ed1ng vial, t\u00fai \u0111\u00f4ng l\u1ea1nh, \u2026 H\u00e3y <a href=\"https:\/\/biogroupvietnam.com\/vi\/lien-he\/\">li\u00ean h\u1ec7<\/a> ch\u00fang t\u00f4i, \u0111\u1ec3 \u0111\u01b0\u1ee3c t\u01b0 v\u1ea5n l\u1ef1a ch\u1ecdn lo\u1ea1i b\u00ecnh v\u1eadn chuy\u1ec3n m\u1eabu ph\u00f9 h\u1ee3p.<\/p>\n","protected":false},"excerpt":{"rendered":"<p>B\u00ecnh MVE v\u1eadn chuy\u1ec3n CryoShipper 2000 \u0111\u01b0\u1ee3c thi\u1ebft k\u1ebf \u0111\u1eb7c bi\u1ec7t \u0111\u1ec3 v\u1eadn chuy\u1ec3n s\u1ed1 l\u01b0\u1ee3ng l\u1edbn \u1ed1ng vial 1,2 mL v\u00e0 2,0 mL. Thi\u1ebft k\u1ebf m\u1edbi c\u1ee7a b\u00ecnh MVE CryoShipper 2000 c\u00f3 th\u1ec3 \u0111\u01b0\u1ee3c s\u1eed d\u1ee5ng nh\u01b0 l\u00e0 b\u00ecnh l\u01b0u tr\u1eef m\u1eabu trong nit\u01a1 l\u1ecfng khi ch\u00fang \u0111\u01b0\u1ee3c v\u1eadn chuy\u1ec3n \u0111\u1ebfn n\u01a1i s\u1eed d\u1ee5ng.<\/p>\n<div class=\"klb-readmore post-buttons\"><a class=\"button rounded primary\" href=\"https:\/\/biogroupvietnam.com\/vi\/san-pham\/binh-mve-cryoshipper-2000\/\">Read More <i class=\"klbth-icon-right-arrow\"><\/i><\/a><\/div>\n","protected":false},"featured_media":9055,"comment_status":"closed","ping_status":"closed","template":"","meta":{"_acf_changed":false},"product_brand":[128],"product_cat":[94],"product_tag":[],"class_list":{"0":"post-3798","1":"product","2":"type-product","3":"status-publish","4":"has-post-thumbnail","6":"product_brand-mve-biological-solutions","7":"product_cat-binh-chuyen-mau-dong-lanh","9":"first","10":"outofstock","11":"shipping-taxable","12":"product-type-simple"},"acf":[],"yoast_head":"<!-- This site is optimized with the Yoast SEO plugin v26.8 - https:\/\/yoast.com\/product\/yoast-seo-wordpress\/ -->\n<title>B\u00ecnh V\u1eadn Chuy\u1ec3n M\u1eabu MVE CryoShipper 2000<\/title>\n<meta name=\"description\" content=\"B\u00ecnh MVE v\u1eadn chuy\u1ec3n CryoShipper 2000 \u0111\u01b0\u1ee3c thi\u1ebft k\u1ebf \u0111\u1eb7c bi\u1ec7t \u0111\u1ec3 v\u1eadn chuy\u1ec3n s\u1ed1 l\u01b0\u1ee3ng l\u1edbn \u1ed1ng vial 1,2 mL v\u00e0 2,0 mL.\" \/>\n<meta name=\"robots\" content=\"index, follow, max-snippet:-1, max-image-preview:large, max-video-preview:-1\" \/>\n<link rel=\"canonical\" href=\"https:\/\/biogroupvietnam.com\/vi\/san-pham\/binh-mve-cryoshipper-2000\/\" \/>\n<meta property=\"og:locale\" content=\"vi_VN\" \/>\n<meta property=\"og:type\" content=\"article\" \/>\n<meta property=\"og:title\" content=\"B\u00ecnh V\u1eadn Chuy\u1ec3n M\u1eabu MVE CryoShipper 2000\" \/>\n<meta property=\"og:description\" content=\"B\u00ecnh MVE v\u1eadn chuy\u1ec3n CryoShipper 2000 \u0111\u01b0\u1ee3c thi\u1ebft k\u1ebf \u0111\u1eb7c bi\u1ec7t \u0111\u1ec3 v\u1eadn chuy\u1ec3n s\u1ed1 l\u01b0\u1ee3ng l\u1edbn \u1ed1ng vial 1,2 mL v\u00e0 2,0 mL.\" \/>\n<meta property=\"og:url\" content=\"https:\/\/biogroupvietnam.com\/vi\/san-pham\/binh-mve-cryoshipper-2000\/\" \/>\n<meta property=\"og:site_name\" content=\"Biogroup Vietnam\" \/>\n<meta property=\"article:modified_time\" content=\"2026-01-12T09:35:06+00:00\" \/>\n<meta property=\"og:image\" content=\"https:\/\/biogroupvietnam.com\/wp-content\/uploads\/2025\/08\/CryoShipper-2000.jpg\" \/>\n\t<meta property=\"og:image:width\" content=\"1640\" \/>\n\t<meta property=\"og:image:height\" content=\"1260\" \/>\n\t<meta property=\"og:image:type\" content=\"image\/jpeg\" \/>\n<meta name=\"twitter:card\" content=\"summary_large_image\" \/>\n<meta name=\"twitter:label1\" content=\"\u01af\u1edbc t\u00ednh th\u1eddi gian \u0111\u1ecdc\" \/>\n\t<meta name=\"twitter:data1\" content=\"3 ph\u00fat\" \/>\n<script type=\"application\/ld+json\" class=\"yoast-schema-graph\">{\"@context\":\"https:\/\/schema.org\",\"@graph\":[{\"@type\":\"WebPage\",\"@id\":\"https:\/\/biogroupvietnam.com\/vi\/san-pham\/binh-mve-cryoshipper-2000\/\",\"url\":\"https:\/\/biogroupvietnam.com\/vi\/san-pham\/binh-mve-cryoshipper-2000\/\",\"name\":\"B\u00ecnh V\u1eadn Chuy\u1ec3n M\u1eabu MVE CryoShipper 2000\",\"isPartOf\":{\"@id\":\"https:\/\/biogroupvietnam.com\/vi\/#website\"},\"primaryImageOfPage\":{\"@id\":\"https:\/\/biogroupvietnam.com\/vi\/san-pham\/binh-mve-cryoshipper-2000\/#primaryimage\"},\"image\":{\"@id\":\"https:\/\/biogroupvietnam.com\/vi\/san-pham\/binh-mve-cryoshipper-2000\/#primaryimage\"},\"thumbnailUrl\":\"https:\/\/biogroupvietnam.com\/wp-content\/uploads\/2025\/08\/CryoShipper-2000.jpg\",\"datePublished\":\"2025-08-18T12:53:20+00:00\",\"dateModified\":\"2026-01-12T09:35:06+00:00\",\"description\":\"B\u00ecnh MVE v\u1eadn chuy\u1ec3n CryoShipper 2000 \u0111\u01b0\u1ee3c thi\u1ebft k\u1ebf \u0111\u1eb7c bi\u1ec7t \u0111\u1ec3 v\u1eadn chuy\u1ec3n s\u1ed1 l\u01b0\u1ee3ng l\u1edbn \u1ed1ng vial 1,2 mL v\u00e0 2,0 mL.\",\"breadcrumb\":{\"@id\":\"https:\/\/biogroupvietnam.com\/vi\/san-pham\/binh-mve-cryoshipper-2000\/#breadcrumb\"},\"inLanguage\":\"vi\",\"potentialAction\":[{\"@type\":\"ReadAction\",\"target\":[\"https:\/\/biogroupvietnam.com\/vi\/san-pham\/binh-mve-cryoshipper-2000\/\"]}]},{\"@type\":\"ImageObject\",\"inLanguage\":\"vi\",\"@id\":\"https:\/\/biogroupvietnam.com\/vi\/san-pham\/binh-mve-cryoshipper-2000\/#primaryimage\",\"url\":\"https:\/\/biogroupvietnam.com\/wp-content\/uploads\/2025\/08\/CryoShipper-2000.jpg\",\"contentUrl\":\"https:\/\/biogroupvietnam.com\/wp-content\/uploads\/2025\/08\/CryoShipper-2000.jpg\",\"width\":1640,\"height\":1260},{\"@type\":\"BreadcrumbList\",\"@id\":\"https:\/\/biogroupvietnam.com\/vi\/san-pham\/binh-mve-cryoshipper-2000\/#breadcrumb\",\"itemListElement\":[{\"@type\":\"ListItem\",\"position\":1,\"name\":\"Trang ch\u1ee7\",\"item\":\"https:\/\/biogroupvietnam.com\/vi\/\"},{\"@type\":\"ListItem\",\"position\":2,\"name\":\"S\u1ea3n ph\u1ea9m\",\"item\":\"https:\/\/biogroupvietnam.com\/vi\/san-pham\/\"},{\"@type\":\"ListItem\",\"position\":3,\"name\":\"B\u1ea3o Qu\u1ea3n L\u1ea1nh T\u1ebf B\u00e0o\",\"item\":\"https:\/\/biogroupvietnam.com\/vi\/danh-muc-san-pham\/bao-quan-lanh-te-bao\/\"},{\"@type\":\"ListItem\",\"position\":4,\"name\":\"B\u00ecnh Chuy\u1ec3n M\u1eabu \u0110\u00f4ng L\u1ea1nh\",\"item\":\"https:\/\/biogroupvietnam.com\/vi\/danh-muc-san-pham\/binh-chuyen-mau-dong-lanh\/\"},{\"@type\":\"ListItem\",\"position\":5,\"name\":\"B\u00ecnh V\u1eadn Chuy\u1ec3n M\u1eabu MVE CryoShipper 2000\"}]},{\"@type\":\"WebSite\",\"@id\":\"https:\/\/biogroupvietnam.com\/vi\/#website\",\"url\":\"https:\/\/biogroupvietnam.com\/vi\/\",\"name\":\"Biogroup Vietnam\",\"description\":\"Biogroup Vietnam cung c\u1ea5p d\u1ecbch v\u1ee5 k\u1ef9 thu\u1eadt c\u00f9ng thi\u1ebft b\u1ecb, v\u1eadt t\u01b0, h\u00f3a ch\u1ea5t v\u00e0 gi\u1ea3i ph\u00e1p sinh h\u1ecdc cho ph\u00f2ng th\u00ed nghi\u1ec7m c\u00f4ng ngh\u1ec7 sinh h\u1ecdc, y sinh v\u00e0 y h\u1ecdc t\u00e1i t\u1ea1o.\",\"potentialAction\":[{\"@type\":\"SearchAction\",\"target\":{\"@type\":\"EntryPoint\",\"urlTemplate\":\"https:\/\/biogroupvietnam.com\/vi\/?s={search_term_string}\"},\"query-input\":{\"@type\":\"PropertyValueSpecification\",\"valueRequired\":true,\"valueName\":\"search_term_string\"}}],\"inLanguage\":\"vi\"}]}<\/script>\n<!-- \/ Yoast SEO plugin. -->","yoast_head_json":{"title":"B\u00ecnh V\u1eadn Chuy\u1ec3n M\u1eabu MVE CryoShipper 2000","description":"B\u00ecnh MVE v\u1eadn chuy\u1ec3n CryoShipper 2000 \u0111\u01b0\u1ee3c thi\u1ebft k\u1ebf \u0111\u1eb7c bi\u1ec7t \u0111\u1ec3 v\u1eadn chuy\u1ec3n s\u1ed1 l\u01b0\u1ee3ng l\u1edbn \u1ed1ng vial 1,2 mL v\u00e0 2,0 mL.","robots":{"index":"index","follow":"follow","max-snippet":"max-snippet:-1","max-image-preview":"max-image-preview:large","max-video-preview":"max-video-preview:-1"},"canonical":"https:\/\/biogroupvietnam.com\/vi\/san-pham\/binh-mve-cryoshipper-2000\/","og_locale":"vi_VN","og_type":"article","og_title":"B\u00ecnh V\u1eadn Chuy\u1ec3n M\u1eabu MVE CryoShipper 2000","og_description":"B\u00ecnh MVE v\u1eadn chuy\u1ec3n CryoShipper 2000 \u0111\u01b0\u1ee3c thi\u1ebft k\u1ebf \u0111\u1eb7c bi\u1ec7t \u0111\u1ec3 v\u1eadn chuy\u1ec3n s\u1ed1 l\u01b0\u1ee3ng l\u1edbn \u1ed1ng vial 1,2 mL v\u00e0 2,0 mL.","og_url":"https:\/\/biogroupvietnam.com\/vi\/san-pham\/binh-mve-cryoshipper-2000\/","og_site_name":"Biogroup Vietnam","article_modified_time":"2026-01-12T09:35:06+00:00","og_image":[{"width":1640,"height":1260,"url":"https:\/\/biogroupvietnam.com\/wp-content\/uploads\/2025\/08\/CryoShipper-2000.jpg","type":"image\/jpeg"}],"twitter_card":"summary_large_image","twitter_misc":{"\u01af\u1edbc t\u00ednh th\u1eddi gian \u0111\u1ecdc":"3 ph\u00fat"},"schema":{"@context":"https:\/\/schema.org","@graph":[{"@type":"WebPage","@id":"https:\/\/biogroupvietnam.com\/vi\/san-pham\/binh-mve-cryoshipper-2000\/","url":"https:\/\/biogroupvietnam.com\/vi\/san-pham\/binh-mve-cryoshipper-2000\/","name":"B\u00ecnh V\u1eadn Chuy\u1ec3n M\u1eabu MVE CryoShipper 2000","isPartOf":{"@id":"https:\/\/biogroupvietnam.com\/vi\/#website"},"primaryImageOfPage":{"@id":"https:\/\/biogroupvietnam.com\/vi\/san-pham\/binh-mve-cryoshipper-2000\/#primaryimage"},"image":{"@id":"https:\/\/biogroupvietnam.com\/vi\/san-pham\/binh-mve-cryoshipper-2000\/#primaryimage"},"thumbnailUrl":"https:\/\/biogroupvietnam.com\/wp-content\/uploads\/2025\/08\/CryoShipper-2000.jpg","datePublished":"2025-08-18T12:53:20+00:00","dateModified":"2026-01-12T09:35:06+00:00","description":"B\u00ecnh MVE v\u1eadn chuy\u1ec3n CryoShipper 2000 \u0111\u01b0\u1ee3c thi\u1ebft k\u1ebf \u0111\u1eb7c bi\u1ec7t \u0111\u1ec3 v\u1eadn chuy\u1ec3n s\u1ed1 l\u01b0\u1ee3ng l\u1edbn \u1ed1ng vial 1,2 mL v\u00e0 2,0 mL.","breadcrumb":{"@id":"https:\/\/biogroupvietnam.com\/vi\/san-pham\/binh-mve-cryoshipper-2000\/#breadcrumb"},"inLanguage":"vi","potentialAction":[{"@type":"ReadAction","target":["https:\/\/biogroupvietnam.com\/vi\/san-pham\/binh-mve-cryoshipper-2000\/"]}]},{"@type":"ImageObject","inLanguage":"vi","@id":"https:\/\/biogroupvietnam.com\/vi\/san-pham\/binh-mve-cryoshipper-2000\/#primaryimage","url":"https:\/\/biogroupvietnam.com\/wp-content\/uploads\/2025\/08\/CryoShipper-2000.jpg","contentUrl":"https:\/\/biogroupvietnam.com\/wp-content\/uploads\/2025\/08\/CryoShipper-2000.jpg","width":1640,"height":1260},{"@type":"BreadcrumbList","@id":"https:\/\/biogroupvietnam.com\/vi\/san-pham\/binh-mve-cryoshipper-2000\/#breadcrumb","itemListElement":[{"@type":"ListItem","position":1,"name":"Trang ch\u1ee7","item":"https:\/\/biogroupvietnam.com\/vi\/"},{"@type":"ListItem","position":2,"name":"S\u1ea3n ph\u1ea9m","item":"https:\/\/biogroupvietnam.com\/vi\/san-pham\/"},{"@type":"ListItem","position":3,"name":"B\u1ea3o Qu\u1ea3n L\u1ea1nh T\u1ebf B\u00e0o","item":"https:\/\/biogroupvietnam.com\/vi\/danh-muc-san-pham\/bao-quan-lanh-te-bao\/"},{"@type":"ListItem","position":4,"name":"B\u00ecnh Chuy\u1ec3n M\u1eabu \u0110\u00f4ng L\u1ea1nh","item":"https:\/\/biogroupvietnam.com\/vi\/danh-muc-san-pham\/binh-chuyen-mau-dong-lanh\/"},{"@type":"ListItem","position":5,"name":"B\u00ecnh V\u1eadn Chuy\u1ec3n M\u1eabu MVE CryoShipper 2000"}]},{"@type":"WebSite","@id":"https:\/\/biogroupvietnam.com\/vi\/#website","url":"https:\/\/biogroupvietnam.com\/vi\/","name":"Biogroup Vietnam","description":"Biogroup Vietnam cung c\u1ea5p d\u1ecbch v\u1ee5 k\u1ef9 thu\u1eadt c\u00f9ng thi\u1ebft b\u1ecb, v\u1eadt t\u01b0, h\u00f3a ch\u1ea5t v\u00e0 gi\u1ea3i ph\u00e1p sinh h\u1ecdc cho ph\u00f2ng th\u00ed nghi\u1ec7m c\u00f4ng ngh\u1ec7 sinh h\u1ecdc, y sinh v\u00e0 y h\u1ecdc t\u00e1i t\u1ea1o.","potentialAction":[{"@type":"SearchAction","target":{"@type":"EntryPoint","urlTemplate":"https:\/\/biogroupvietnam.com\/vi\/?s={search_term_string}"},"query-input":{"@type":"PropertyValueSpecification","valueRequired":true,"valueName":"search_term_string"}}],"inLanguage":"vi"}]}},"_links":{"self":[{"href":"https:\/\/biogroupvietnam.com\/vi\/wp-json\/wp\/v2\/product\/3798","targetHints":{"allow":["GET"]}}],"collection":[{"href":"https:\/\/biogroupvietnam.com\/vi\/wp-json\/wp\/v2\/product"}],"about":[{"href":"https:\/\/biogroupvietnam.com\/vi\/wp-json\/wp\/v2\/types\/product"}],"replies":[{"embeddable":true,"href":"https:\/\/biogroupvietnam.com\/vi\/wp-json\/wp\/v2\/comments?post=3798"}],"version-history":[{"count":5,"href":"https:\/\/biogroupvietnam.com\/vi\/wp-json\/wp\/v2\/product\/3798\/revisions"}],"predecessor-version":[{"id":9507,"href":"https:\/\/biogroupvietnam.com\/vi\/wp-json\/wp\/v2\/product\/3798\/revisions\/9507"}],"wp:featuredmedia":[{"embeddable":true,"href":"https:\/\/biogroupvietnam.com\/vi\/wp-json\/wp\/v2\/media\/9055"}],"wp:attachment":[{"href":"https:\/\/biogroupvietnam.com\/vi\/wp-json\/wp\/v2\/media?parent=3798"}],"wp:term":[{"taxonomy":"product_brand","embeddable":true,"href":"https:\/\/biogroupvietnam.com\/vi\/wp-json\/wp\/v2\/product_brand?post=3798"},{"taxonomy":"product_cat","embeddable":true,"href":"https:\/\/biogroupvietnam.com\/vi\/wp-json\/wp\/v2\/product_cat?post=3798"},{"taxonomy":"product_tag","embeddable":true,"href":"https:\/\/biogroupvietnam.com\/vi\/wp-json\/wp\/v2\/product_tag?post=3798"}],"curies":[{"name":"wp","href":"https:\/\/api.w.org\/{rel}","templated":true}]}}