{"id":3823,"date":"2025-08-18T19:53:42","date_gmt":"2025-08-18T12:53:42","guid":{"rendered":"http:\/\/biogroupvietnam-worldpress.local\/product\/import-placeholder-for-125\/"},"modified":"2026-01-12T16:32:53","modified_gmt":"2026-01-12T09:32:53","slug":"thiet-bi-pdf-data-logger","status":"publish","type":"product","link":"https:\/\/biogroupvietnam.com\/vi\/san-pham\/thiet-bi-pdf-data-logger\/","title":{"rendered":"Thi\u1ebft B\u1ecb Ghi D\u1eef Li\u1ec7u PDF Trong B\u00ecnh L\u01b0u Tr\u1eef Nit\u01a1 L\u1ecfng"},"content":{"rendered":"<p>Thi\u1ebft b\u1ecb ghi d\u1eef li\u1ec7u PDF n\u00e0y cho ph\u00e9p ng\u01b0\u1eddi d\u00f9ng theo d\u00f5i nhi\u1ec7t \u0111\u1ed9 trong qu\u00e1 tr\u00ecnh l\u01b0u tr\u1eef v\u00e0 v\u1eadn chuy\u1ec3n m\u1eabu sinh h\u1ecdc \u1edf \u0111i\u1ec1u ki\u1ec7n \u0111\u00f4ng l\u1ea1nh. C\u00e1c n\u00fat \u201cChuy\u1ec3n tuy\u1ebfn\u201d v\u00e0 \u201c\u0110\u00e3 \u0111\u1ebfn\u201d c\u1ef1c k\u1ef3 d\u1ec5 s\u1eed d\u1ee5ng gi\u00fap vi\u1ec7c b\u1eaft \u0111\u1ea7u v\u00e0 nh\u1eadn c\u00e1c l\u00f4 h\u00e0ng \u0111\u01b0\u1ee3c gi\u00e1m s\u00e1t nhanh ch\u00f3ng v\u00e0 \u0111\u01a1n gi\u1ea3n.<\/p>\n<p>Thi\u1ebft b\u1ecb ghi d\u1eef li\u1ec7u PDF c\u00f3 th\u1ec3 \u0111\u01b0\u1ee3c c\u1eafm v\u00e0o c\u1ed5ng USB c\u1ee7a b\u1ea5t k\u1ef3 m\u00e1y t\u00ednh n\u00e0o \u0111\u1ec3 t\u1ef1 \u0111\u1ed9ng t\u1ea1o b\u00e1o c\u00e1o \u0111\u00e1nh gi\u00e1 PDF <strong>bao g\u1ed3m s\u1ed1 li\u1ec7u th\u1ed1ng k\u00ea, tr\u1ea1ng th\u00e1i c\u1ea3nh b\u00e1o v\u00e0 bi\u1ec3u \u0111\u1ed3 nhi\u1ec7t \u0111\u1ed9<\/strong> c\u00f3 th\u1ec3 \u0111\u01b0\u1ee3c \u0111\u1ecdc \u1edf m\u1ecdi n\u01a1i m\u00e0 kh\u00f4ng g\u1eb7p kh\u00f3 kh\u0103n. <strong>V\u1edbi tu\u1ed5i th\u1ecd 3 n\u0103m, kh\u00f4ng c\u00f2n r\u1eafc r\u1ed1i khi hi\u1ec7u chu\u1ea9n l\u1ea1i v\u00e0 ch\u1ee9ng nh\u1eadn l\u1ea1i<\/strong>. Sau khi b\u1ed9 ghi d\u1eef li\u1ec7u ho\u1ea1t \u0111\u1ed9ng \u0111\u01b0\u1ee3c 3 n\u0103m, b\u1ea1n ch\u1ec9 c\u1ea7n lo\u1ea1i b\u1ecf n\u00f3 v\u00e0 mua m\u1ed9t c\u00e1i m\u1edbi v\u1edbi c\u00f9ng chi ph\u00ed hi\u1ec7u ch\u1ec9nh l\u1ea1i v\u00e0 thay th\u1ebf pin. Thi\u1ebft b\u1ecb ghi d\u1eef li\u1ec7u lu\u00f4n \u0111\u01b0\u1ee3c b\u1ea3o h\u00e0nh!<\/p>\n<p>Thi\u1ebft b\u1ecb ghi d\u1eef li\u1ec7u PDF bao g\u1ed3m: Gi\u00e1 \u0111\u1ee1, thi\u1ebft b\u1ecb ghi, b\u0103ng d\u00e1n, \u0111\u1ea7u d\u00f2 nhi\u1ec7t \u0111\u1ed9.<\/p>\n<h3>T\u00ednh n\u0103ng thi\u1ebft b\u1ecb ghi d\u1eef li\u1ec7u PDF<\/h3>\n<ul>\n<li>C\u1ea3i ti\u1ebfn m\u00e0n h\u00ecnh k\u1ef9 thu\u1eadt s\u1ed1 gi\u00fap b\u1ea1n d\u1ec5 d\u00e0ng nh\u00ecn th\u1ea5y c\u00e1c th\u00f4ng s\u1ed1 nh\u01b0 nhi\u1ec7t \u0111\u1ed9 \u0111o \u0111\u01b0\u1ee3c l\u1ea7n cu\u1ed1i, tr\u1ea1ng th\u00e1i c\u1ea3nh b\u00e1o v\u00e0 tu\u1ed5i th\u1ecd pin.<\/li>\n<li>Dung l\u01b0\u1ee3ng b\u1ed9 nh\u1edb v\u00e0 tu\u1ed5i th\u1ecd pin t\u0103ng l\u00ean gi\u00fap b\u1ea1n t\u1ef1 tin r\u1eb1ng th\u1eddi l\u01b0\u1ee3ng v\u1eadn chuy\u1ec3n ho\u1eb7c \u1ee9ng d\u1ee5ng l\u00e2u h\u01a1n lu\u00f4n \u0111\u01b0\u1ee3c theo d\u00f5i (l\u00ean \u0111\u1ebfn 75.500 gi\u00e1 tr\u1ecb).<\/li>\n<li>C\u1ea5u h\u00ecnh c\u1ea3nh b\u00e1o linh ho\u1ea1t cho ph\u00e9p \u0111\u00e1nh gi\u00e1 nhanh ch\u00f3ng v\u00e0 \u0111\u01a1n gi\u1ea3n d\u1ef1a tr\u00ean y\u00eau c\u1ea7u c\u1ee7a ng\u01b0\u1eddi d\u00f9ng (v\u00ed d\u1ee5: \u0111a c\u1ea5p ho\u1eb7c MKT).<\/li>\n<li>Kh\u00f4ng c\u1ea7n hi\u1ec7u ch\u1ec9nh l\u1ea1i, ph\u1ea7n m\u1ec1m ho\u1eb7c c\u00e1p.<\/li>\n<li>Tu\u1ed5i th\u1ecd 3 n\u0103m &#8211; sau 3 n\u0103m, ch\u1ec9 c\u1ea7n h\u1ee7y b\u1ecf v\u00e0 mua thi\u1ebft b\u1ecb ghi m\u1edbi.<\/li>\n<li>T\u1ef1 \u0111\u1ed9ng t\u1ea1o b\u00e1o c\u00e1o \u0111\u00e1nh gi\u00e1 PDF c\u00f3 bi\u1ec3u \u0111\u1ed3.<\/li>\n<li>\u0110\u1ea1t ch\u1ee9ng nh\u1eadn CE.<\/li>\n<li>\u0110\u1ea1t ch\u1ee9ng nh\u1eadn ISO 19005-1<\/li>\n<li>T\u01b0\u01a1ng th\u00edch v\u1edbi c\u00e1c ti\u00eau chu\u1ea9n: FDA 21 CFR Part II, GMP, GLP.<\/li>\n<\/ul>\n","protected":false},"excerpt":{"rendered":"<p>Thi\u1ebft b\u1ecb ghi d\u1eef li\u1ec7u PDF n\u00e0y cho ph\u00e9p ng\u01b0\u1eddi d\u00f9ng theo d\u00f5i nhi\u1ec7t \u0111\u1ed9 trong qu\u00e1 tr\u00ecnh l\u01b0u tr\u1eef v\u00e0 v\u1eadn chuy\u1ec3n m\u1eabu sinh h\u1ecdc \u1edf \u0111i\u1ec1u ki\u1ec7n \u0111\u00f4ng l\u1ea1nh. C\u00e1c n\u00fat \u201cChuy\u1ec3n tuy\u1ebfn\u201d v\u00e0 \u201c\u0110\u00e3 \u0111\u1ebfn\u201d c\u1ef1c k\u1ef3 d\u1ec5 s\u1eed d\u1ee5ng gi\u00fap vi\u1ec7c b\u1eaft \u0111\u1ea7u v\u00e0 nh\u1eadn c\u00e1c l\u00f4 h\u00e0ng \u0111\u01b0\u1ee3c gi\u00e1m s\u00e1t<\/p>\n<div class=\"klb-readmore post-buttons\"><a class=\"button rounded primary\" href=\"https:\/\/biogroupvietnam.com\/vi\/san-pham\/thiet-bi-pdf-data-logger\/\">Read More <i class=\"klbth-icon-right-arrow\"><\/i><\/a><\/div>\n","protected":false},"featured_media":9056,"comment_status":"closed","ping_status":"closed","template":"","meta":{"_acf_changed":false},"product_brand":[128],"product_cat":[94],"product_tag":[],"class_list":{"0":"post-3823","1":"product","2":"type-product","3":"status-publish","4":"has-post-thumbnail","6":"product_brand-mve-biological-solutions","7":"product_cat-binh-chuyen-mau-dong-lanh","9":"first","10":"outofstock","11":"shipping-taxable","12":"product-type-simple"},"acf":[],"yoast_head":"<!-- This site is optimized with the Yoast SEO plugin v26.8 - https:\/\/yoast.com\/product\/yoast-seo-wordpress\/ -->\n<title>Thi\u1ebft B\u1ecb Ghi D\u1eef Li\u1ec7u PDF Trong B\u00ecnh L\u01b0u Tr\u1eef Nit\u01a1 L\u1ecfng<\/title>\n<meta name=\"description\" content=\"Thi\u1ebft b\u1ecb ghi d\u1eef li\u1ec7u PDF n\u00e0y cho ph\u00e9p ng\u01b0\u1eddi d\u00f9ng theo d\u00f5i nhi\u1ec7t \u0111\u1ed9 trong qu\u00e1 tr\u00ecnh l\u01b0u tr\u1eef v\u00e0 v\u1eadn chuy\u1ec3n m\u1eabu sinh h\u1ecdc \u1edf \u0111i\u1ec1u ki\u1ec7n \u0111\u00f4ng l\u1ea1nh.\" \/>\n<meta name=\"robots\" content=\"index, follow, max-snippet:-1, max-image-preview:large, max-video-preview:-1\" \/>\n<link rel=\"canonical\" href=\"https:\/\/biogroupvietnam.com\/vi\/san-pham\/thiet-bi-pdf-data-logger\/\" \/>\n<meta property=\"og:locale\" content=\"vi_VN\" \/>\n<meta property=\"og:type\" content=\"article\" \/>\n<meta property=\"og:title\" content=\"Thi\u1ebft B\u1ecb Ghi D\u1eef Li\u1ec7u PDF Trong B\u00ecnh L\u01b0u Tr\u1eef Nit\u01a1 L\u1ecfng\" \/>\n<meta property=\"og:description\" content=\"Thi\u1ebft b\u1ecb ghi d\u1eef li\u1ec7u PDF n\u00e0y cho ph\u00e9p ng\u01b0\u1eddi d\u00f9ng theo d\u00f5i nhi\u1ec7t \u0111\u1ed9 trong qu\u00e1 tr\u00ecnh l\u01b0u tr\u1eef v\u00e0 v\u1eadn chuy\u1ec3n m\u1eabu sinh h\u1ecdc \u1edf \u0111i\u1ec1u ki\u1ec7n \u0111\u00f4ng l\u1ea1nh.\" \/>\n<meta property=\"og:url\" content=\"https:\/\/biogroupvietnam.com\/vi\/san-pham\/thiet-bi-pdf-data-logger\/\" \/>\n<meta property=\"og:site_name\" content=\"Biogroup Vietnam\" \/>\n<meta property=\"article:modified_time\" content=\"2026-01-12T09:32:53+00:00\" \/>\n<meta property=\"og:image\" content=\"https:\/\/biogroupvietnam.com\/wp-content\/uploads\/2025\/08\/Data-Logger.jpg\" \/>\n\t<meta property=\"og:image:width\" content=\"1640\" \/>\n\t<meta property=\"og:image:height\" content=\"1260\" \/>\n\t<meta property=\"og:image:type\" content=\"image\/jpeg\" \/>\n<meta name=\"twitter:card\" content=\"summary_large_image\" \/>\n<meta name=\"twitter:label1\" content=\"\u01af\u1edbc t\u00ednh th\u1eddi gian \u0111\u1ecdc\" \/>\n\t<meta name=\"twitter:data1\" content=\"3 ph\u00fat\" \/>\n<script type=\"application\/ld+json\" class=\"yoast-schema-graph\">{\"@context\":\"https:\/\/schema.org\",\"@graph\":[{\"@type\":\"WebPage\",\"@id\":\"https:\/\/biogroupvietnam.com\/vi\/san-pham\/thiet-bi-pdf-data-logger\/\",\"url\":\"https:\/\/biogroupvietnam.com\/vi\/san-pham\/thiet-bi-pdf-data-logger\/\",\"name\":\"Thi\u1ebft B\u1ecb Ghi D\u1eef Li\u1ec7u PDF Trong B\u00ecnh L\u01b0u Tr\u1eef Nit\u01a1 L\u1ecfng\",\"isPartOf\":{\"@id\":\"https:\/\/biogroupvietnam.com\/vi\/#website\"},\"primaryImageOfPage\":{\"@id\":\"https:\/\/biogroupvietnam.com\/vi\/san-pham\/thiet-bi-pdf-data-logger\/#primaryimage\"},\"image\":{\"@id\":\"https:\/\/biogroupvietnam.com\/vi\/san-pham\/thiet-bi-pdf-data-logger\/#primaryimage\"},\"thumbnailUrl\":\"https:\/\/biogroupvietnam.com\/wp-content\/uploads\/2025\/08\/Data-Logger.jpg\",\"datePublished\":\"2025-08-18T12:53:42+00:00\",\"dateModified\":\"2026-01-12T09:32:53+00:00\",\"description\":\"Thi\u1ebft b\u1ecb ghi d\u1eef li\u1ec7u PDF n\u00e0y cho ph\u00e9p ng\u01b0\u1eddi d\u00f9ng theo d\u00f5i nhi\u1ec7t \u0111\u1ed9 trong qu\u00e1 tr\u00ecnh l\u01b0u tr\u1eef v\u00e0 v\u1eadn chuy\u1ec3n m\u1eabu sinh h\u1ecdc \u1edf \u0111i\u1ec1u ki\u1ec7n \u0111\u00f4ng l\u1ea1nh.\",\"breadcrumb\":{\"@id\":\"https:\/\/biogroupvietnam.com\/vi\/san-pham\/thiet-bi-pdf-data-logger\/#breadcrumb\"},\"inLanguage\":\"vi\",\"potentialAction\":[{\"@type\":\"ReadAction\",\"target\":[\"https:\/\/biogroupvietnam.com\/vi\/san-pham\/thiet-bi-pdf-data-logger\/\"]}]},{\"@type\":\"ImageObject\",\"inLanguage\":\"vi\",\"@id\":\"https:\/\/biogroupvietnam.com\/vi\/san-pham\/thiet-bi-pdf-data-logger\/#primaryimage\",\"url\":\"https:\/\/biogroupvietnam.com\/wp-content\/uploads\/2025\/08\/Data-Logger.jpg\",\"contentUrl\":\"https:\/\/biogroupvietnam.com\/wp-content\/uploads\/2025\/08\/Data-Logger.jpg\",\"width\":1640,\"height\":1260},{\"@type\":\"BreadcrumbList\",\"@id\":\"https:\/\/biogroupvietnam.com\/vi\/san-pham\/thiet-bi-pdf-data-logger\/#breadcrumb\",\"itemListElement\":[{\"@type\":\"ListItem\",\"position\":1,\"name\":\"Trang ch\u1ee7\",\"item\":\"https:\/\/biogroupvietnam.com\/vi\/\"},{\"@type\":\"ListItem\",\"position\":2,\"name\":\"S\u1ea3n ph\u1ea9m\",\"item\":\"https:\/\/biogroupvietnam.com\/vi\/san-pham\/\"},{\"@type\":\"ListItem\",\"position\":3,\"name\":\"B\u1ea3o Qu\u1ea3n L\u1ea1nh T\u1ebf B\u00e0o\",\"item\":\"https:\/\/biogroupvietnam.com\/vi\/danh-muc-san-pham\/bao-quan-lanh-te-bao\/\"},{\"@type\":\"ListItem\",\"position\":4,\"name\":\"B\u00ecnh Chuy\u1ec3n M\u1eabu \u0110\u00f4ng L\u1ea1nh\",\"item\":\"https:\/\/biogroupvietnam.com\/vi\/danh-muc-san-pham\/binh-chuyen-mau-dong-lanh\/\"},{\"@type\":\"ListItem\",\"position\":5,\"name\":\"Thi\u1ebft B\u1ecb Ghi D\u1eef Li\u1ec7u PDF Trong B\u00ecnh L\u01b0u Tr\u1eef Nit\u01a1 L\u1ecfng\"}]},{\"@type\":\"WebSite\",\"@id\":\"https:\/\/biogroupvietnam.com\/vi\/#website\",\"url\":\"https:\/\/biogroupvietnam.com\/vi\/\",\"name\":\"Biogroup Vietnam\",\"description\":\"Biogroup Vietnam cung c\u1ea5p d\u1ecbch v\u1ee5 k\u1ef9 thu\u1eadt c\u00f9ng thi\u1ebft b\u1ecb, v\u1eadt t\u01b0, h\u00f3a ch\u1ea5t v\u00e0 gi\u1ea3i ph\u00e1p sinh h\u1ecdc cho ph\u00f2ng th\u00ed nghi\u1ec7m c\u00f4ng ngh\u1ec7 sinh h\u1ecdc, y sinh v\u00e0 y h\u1ecdc t\u00e1i t\u1ea1o.\",\"potentialAction\":[{\"@type\":\"SearchAction\",\"target\":{\"@type\":\"EntryPoint\",\"urlTemplate\":\"https:\/\/biogroupvietnam.com\/vi\/?s={search_term_string}\"},\"query-input\":{\"@type\":\"PropertyValueSpecification\",\"valueRequired\":true,\"valueName\":\"search_term_string\"}}],\"inLanguage\":\"vi\"}]}<\/script>\n<!-- \/ Yoast SEO plugin. -->","yoast_head_json":{"title":"Thi\u1ebft B\u1ecb Ghi D\u1eef Li\u1ec7u PDF Trong B\u00ecnh L\u01b0u Tr\u1eef Nit\u01a1 L\u1ecfng","description":"Thi\u1ebft b\u1ecb ghi d\u1eef li\u1ec7u PDF n\u00e0y cho ph\u00e9p ng\u01b0\u1eddi d\u00f9ng theo d\u00f5i nhi\u1ec7t \u0111\u1ed9 trong qu\u00e1 tr\u00ecnh l\u01b0u tr\u1eef v\u00e0 v\u1eadn chuy\u1ec3n m\u1eabu sinh h\u1ecdc \u1edf \u0111i\u1ec1u ki\u1ec7n \u0111\u00f4ng l\u1ea1nh.","robots":{"index":"index","follow":"follow","max-snippet":"max-snippet:-1","max-image-preview":"max-image-preview:large","max-video-preview":"max-video-preview:-1"},"canonical":"https:\/\/biogroupvietnam.com\/vi\/san-pham\/thiet-bi-pdf-data-logger\/","og_locale":"vi_VN","og_type":"article","og_title":"Thi\u1ebft B\u1ecb Ghi D\u1eef Li\u1ec7u PDF Trong B\u00ecnh L\u01b0u Tr\u1eef Nit\u01a1 L\u1ecfng","og_description":"Thi\u1ebft b\u1ecb ghi d\u1eef li\u1ec7u PDF n\u00e0y cho ph\u00e9p ng\u01b0\u1eddi d\u00f9ng theo d\u00f5i nhi\u1ec7t \u0111\u1ed9 trong qu\u00e1 tr\u00ecnh l\u01b0u tr\u1eef v\u00e0 v\u1eadn chuy\u1ec3n m\u1eabu sinh h\u1ecdc \u1edf \u0111i\u1ec1u ki\u1ec7n \u0111\u00f4ng l\u1ea1nh.","og_url":"https:\/\/biogroupvietnam.com\/vi\/san-pham\/thiet-bi-pdf-data-logger\/","og_site_name":"Biogroup Vietnam","article_modified_time":"2026-01-12T09:32:53+00:00","og_image":[{"width":1640,"height":1260,"url":"https:\/\/biogroupvietnam.com\/wp-content\/uploads\/2025\/08\/Data-Logger.jpg","type":"image\/jpeg"}],"twitter_card":"summary_large_image","twitter_misc":{"\u01af\u1edbc t\u00ednh th\u1eddi gian \u0111\u1ecdc":"3 ph\u00fat"},"schema":{"@context":"https:\/\/schema.org","@graph":[{"@type":"WebPage","@id":"https:\/\/biogroupvietnam.com\/vi\/san-pham\/thiet-bi-pdf-data-logger\/","url":"https:\/\/biogroupvietnam.com\/vi\/san-pham\/thiet-bi-pdf-data-logger\/","name":"Thi\u1ebft B\u1ecb Ghi D\u1eef Li\u1ec7u PDF Trong B\u00ecnh L\u01b0u Tr\u1eef Nit\u01a1 L\u1ecfng","isPartOf":{"@id":"https:\/\/biogroupvietnam.com\/vi\/#website"},"primaryImageOfPage":{"@id":"https:\/\/biogroupvietnam.com\/vi\/san-pham\/thiet-bi-pdf-data-logger\/#primaryimage"},"image":{"@id":"https:\/\/biogroupvietnam.com\/vi\/san-pham\/thiet-bi-pdf-data-logger\/#primaryimage"},"thumbnailUrl":"https:\/\/biogroupvietnam.com\/wp-content\/uploads\/2025\/08\/Data-Logger.jpg","datePublished":"2025-08-18T12:53:42+00:00","dateModified":"2026-01-12T09:32:53+00:00","description":"Thi\u1ebft b\u1ecb ghi d\u1eef li\u1ec7u PDF n\u00e0y cho ph\u00e9p ng\u01b0\u1eddi d\u00f9ng theo d\u00f5i nhi\u1ec7t \u0111\u1ed9 trong qu\u00e1 tr\u00ecnh l\u01b0u tr\u1eef v\u00e0 v\u1eadn chuy\u1ec3n m\u1eabu sinh h\u1ecdc \u1edf \u0111i\u1ec1u ki\u1ec7n \u0111\u00f4ng l\u1ea1nh.","breadcrumb":{"@id":"https:\/\/biogroupvietnam.com\/vi\/san-pham\/thiet-bi-pdf-data-logger\/#breadcrumb"},"inLanguage":"vi","potentialAction":[{"@type":"ReadAction","target":["https:\/\/biogroupvietnam.com\/vi\/san-pham\/thiet-bi-pdf-data-logger\/"]}]},{"@type":"ImageObject","inLanguage":"vi","@id":"https:\/\/biogroupvietnam.com\/vi\/san-pham\/thiet-bi-pdf-data-logger\/#primaryimage","url":"https:\/\/biogroupvietnam.com\/wp-content\/uploads\/2025\/08\/Data-Logger.jpg","contentUrl":"https:\/\/biogroupvietnam.com\/wp-content\/uploads\/2025\/08\/Data-Logger.jpg","width":1640,"height":1260},{"@type":"BreadcrumbList","@id":"https:\/\/biogroupvietnam.com\/vi\/san-pham\/thiet-bi-pdf-data-logger\/#breadcrumb","itemListElement":[{"@type":"ListItem","position":1,"name":"Trang ch\u1ee7","item":"https:\/\/biogroupvietnam.com\/vi\/"},{"@type":"ListItem","position":2,"name":"S\u1ea3n ph\u1ea9m","item":"https:\/\/biogroupvietnam.com\/vi\/san-pham\/"},{"@type":"ListItem","position":3,"name":"B\u1ea3o Qu\u1ea3n L\u1ea1nh T\u1ebf B\u00e0o","item":"https:\/\/biogroupvietnam.com\/vi\/danh-muc-san-pham\/bao-quan-lanh-te-bao\/"},{"@type":"ListItem","position":4,"name":"B\u00ecnh Chuy\u1ec3n M\u1eabu \u0110\u00f4ng L\u1ea1nh","item":"https:\/\/biogroupvietnam.com\/vi\/danh-muc-san-pham\/binh-chuyen-mau-dong-lanh\/"},{"@type":"ListItem","position":5,"name":"Thi\u1ebft B\u1ecb Ghi D\u1eef Li\u1ec7u PDF Trong B\u00ecnh L\u01b0u Tr\u1eef Nit\u01a1 L\u1ecfng"}]},{"@type":"WebSite","@id":"https:\/\/biogroupvietnam.com\/vi\/#website","url":"https:\/\/biogroupvietnam.com\/vi\/","name":"Biogroup Vietnam","description":"Biogroup Vietnam cung c\u1ea5p d\u1ecbch v\u1ee5 k\u1ef9 thu\u1eadt c\u00f9ng thi\u1ebft b\u1ecb, v\u1eadt t\u01b0, h\u00f3a ch\u1ea5t v\u00e0 gi\u1ea3i ph\u00e1p sinh h\u1ecdc cho ph\u00f2ng th\u00ed nghi\u1ec7m c\u00f4ng ngh\u1ec7 sinh h\u1ecdc, y sinh v\u00e0 y h\u1ecdc t\u00e1i t\u1ea1o.","potentialAction":[{"@type":"SearchAction","target":{"@type":"EntryPoint","urlTemplate":"https:\/\/biogroupvietnam.com\/vi\/?s={search_term_string}"},"query-input":{"@type":"PropertyValueSpecification","valueRequired":true,"valueName":"search_term_string"}}],"inLanguage":"vi"}]}},"_links":{"self":[{"href":"https:\/\/biogroupvietnam.com\/vi\/wp-json\/wp\/v2\/product\/3823","targetHints":{"allow":["GET"]}}],"collection":[{"href":"https:\/\/biogroupvietnam.com\/vi\/wp-json\/wp\/v2\/product"}],"about":[{"href":"https:\/\/biogroupvietnam.com\/vi\/wp-json\/wp\/v2\/types\/product"}],"replies":[{"embeddable":true,"href":"https:\/\/biogroupvietnam.com\/vi\/wp-json\/wp\/v2\/comments?post=3823"}],"version-history":[{"count":6,"href":"https:\/\/biogroupvietnam.com\/vi\/wp-json\/wp\/v2\/product\/3823\/revisions"}],"predecessor-version":[{"id":9505,"href":"https:\/\/biogroupvietnam.com\/vi\/wp-json\/wp\/v2\/product\/3823\/revisions\/9505"}],"wp:featuredmedia":[{"embeddable":true,"href":"https:\/\/biogroupvietnam.com\/vi\/wp-json\/wp\/v2\/media\/9056"}],"wp:attachment":[{"href":"https:\/\/biogroupvietnam.com\/vi\/wp-json\/wp\/v2\/media?parent=3823"}],"wp:term":[{"taxonomy":"product_brand","embeddable":true,"href":"https:\/\/biogroupvietnam.com\/vi\/wp-json\/wp\/v2\/product_brand?post=3823"},{"taxonomy":"product_cat","embeddable":true,"href":"https:\/\/biogroupvietnam.com\/vi\/wp-json\/wp\/v2\/product_cat?post=3823"},{"taxonomy":"product_tag","embeddable":true,"href":"https:\/\/biogroupvietnam.com\/vi\/wp-json\/wp\/v2\/product_tag?post=3823"}],"curies":[{"name":"wp","href":"https:\/\/api.w.org\/{rel}","templated":true}]}}