{"id":3825,"date":"2025-08-18T19:53:43","date_gmt":"2025-08-18T12:53:43","guid":{"rendered":"http:\/\/biogroupvietnam-worldpress.local\/product\/import-placeholder-for-127\/"},"modified":"2026-01-12T16:19:58","modified_gmt":"2026-01-12T09:19:58","slug":"binh-mve-bl-7","status":"publish","type":"product","link":"https:\/\/biogroupvietnam.com\/vi\/san-pham\/binh-mve-bl-7\/","title":{"rendered":"B\u00ecnh V\u1eadn Chuy\u1ec3n M\u1eabu MVE BL-7"},"content":{"rendered":"<p>B\u00ecnh MVE BL-7 m\u1edbi (Biologistic) l\u00e0 m\u1ed9t l\u1ef1a ch\u1ecdn v\u1eadn chuy\u1ec3n \u0111\u00f4ng l\u1ea1nh an to\u00e0n cho c\u00e1c m\u1eabu sinh h\u1ecdc trong \u1ed1ng vial ho\u1eb7c trong c\u1ecdng tr\u1eef ph\u00f4i. B\u00ecnh MVE BL-7 k\u1ebft h\u1ee3p k\u1ef9 thu\u1eadt s\u00e1ng t\u1ea1o v\u00e0 thi\u1ebft k\u1ebf \u0111\u01a1n gi\u1ea3n \u0111\u1ec3 cho ph\u00e9p v\u1eadn chuy\u1ec3n m\u1eabu sinh h\u1ecdc theo b\u1ea5t k\u1ef3 h\u01b0\u1edbng n\u00e0o m\u00e0 kh\u00f4ng \u1ea3nh h\u01b0\u1edfng \u0111\u1ebfn nhi\u1ec7t \u0111\u1ed9 ho\u1eb7c th\u1eddi gian gi\u1eef. K\u1ebft c\u1ea5u h\u00e0n \u0111\u01b0\u1ee3c c\u1ea3i ti\u1ebfn mang l\u1ea1i cho BL-7 thi\u1ebft k\u1ebf ch\u1ea5t l\u01b0\u1ee3ng cao, ph\u00f9 h\u1ee3p v\u1edbi m\u1ecdi thi\u1ebft b\u1ecb. B\u00ecnh MVE BL-7 cho ph\u00e9p ti\u1ebft ki\u1ec7m \u0111\u00e1 kh\u00f4, \u0111\u00f3ng g\u00f3i, chi ph\u00ed v\u1eadn chuy\u1ec3n v\u00e0 th\u1ea3i b\u1ecf.<\/p>\n<h3>C\u00e1c t\u00ednh n\u0103ng ch\u00ednh c\u1ee7a b\u00ecnh MVE BL-7<\/h3>\n<ul>\n<li>N\u1ea1p nit\u01a1 l\u1ecfng\u00a0trong 2 gi\u1edd.<\/li>\n<li>V\u1eadn h\u00e0nh nh\u01b0 l\u00e0 b\u00ecnh v\u1eadn chuy\u1ec3n kh\u00f4.<\/li>\n<li>Nhi\u1ec7t \u0111\u1ed9 b\u00ecnh -150\u00b0C.<\/li>\n<li>Th\u1eddi gian gi\u1eef l\u1ea1nh m\u1eabu trong 7 ng\u00e0y.<\/li>\n<li>Chuy\u1ec3n m\u1eabu an to\u00e0n \u1edf b\u1ea5t c\u1ee9 chi\u1ec1u h\u01b0\u1edbng n\u00e0o c\u1ee7a b\u00ecnh.<\/li>\n<li>K\u1ebft c\u1ea5u m\u1ed1i h\u00e0n nh\u1eb1m gia gia t\u0103ng t\u00ednh to\u00e0n v\u1eb9n c\u1ee7a b\u00ecnh BL-7.<\/li>\n<li>An to\u00e0n cho v\u1eadn chuy\u1ec3n qu\u1ed1c t\u1ebf.<\/li>\n<li>Mi\u1ec5n quy \u0111\u1ecbnh v\u1ec1 H\u00e0ng h\u00f3a Nguy hi\u1ec3m c\u1ee7a IATA (\u0110i\u1ec1u kho\u1ea3n \u0110\u1eb7c bi\u1ec7t A152).<\/li>\n<\/ul>\n<p style=\"text-align: center;\"><img fetchpriority=\"high\" decoding=\"async\" src=\"https:\/\/biogroupvietnam.com\/uploads\/LL80dk8VrfKV7xK1ZPj43pFsIiHnV5OqqnCpPEOl.png\" alt=\"\" width=\"340\" height=\"340\" \/><\/p>\n<h3>Th\u00f4ng s\u1ed1 k\u1ef9 thu\u1eadt b\u00ecnh MVE BL-7<\/h3>\n<figure class=\"table\">\n<table>\n<tbody>\n<tr>\n<td><\/td>\n<td>\n<p style=\"text-align: center;\"><strong>MVE BL-7<\/strong><\/p>\n<\/td>\n<\/tr>\n<tr>\n<td colspan=\"2\"><strong>Kh\u1ea3 n\u0103ng tr\u1eef m\u1eabu t\u1ed1i \u0111a<\/strong><\/td>\n<\/tr>\n<tr>\n<td>S\u1ed1 canister<\/td>\n<td>\n<p style=\"text-align: center;\">1<\/p>\n<\/td>\n<\/tr>\n<tr>\n<td>S\u1ed1 c\u1ecdng tr\u1eef ph\u00f4i (1\/2 cc straw)<\/td>\n<td>\n<p style=\"text-align: center;\">115<\/p>\n<\/td>\n<\/tr>\n<tr>\n<td>S\u1ed1 c\u1ecdng tr\u1eef ph\u00f4i (1\/4 cc straw)<\/td>\n<td>\n<p style=\"text-align: center;\">270<\/p>\n<\/td>\n<\/tr>\n<tr>\n<td>S\u1ed1 \u1ed1ng vial 1,2 &amp; 2 ml<\/td>\n<td>\n<p style=\"text-align: center;\">15<\/p>\n<\/td>\n<\/tr>\n<tr>\n<td colspan=\"2\"><strong>Kh\u1ea3 ch\u1ee9a nit\u01a1 l\u1ecfng &amp; nit\u01a1 bay h\u01a1i<\/strong><\/td>\n<\/tr>\n<tr>\n<td>Th\u1ec3 t\u00edch nit\u01a1 l\u1ecfng (khi kh\u00f4ng ch\u1ee9a m\u1eabu) (L\u00edt)<\/td>\n<td>\n<p style=\"text-align: center;\">2,1<\/p>\n<\/td>\n<\/tr>\n<tr>\n<td>Th\u1eddi gian gi\u1eef t\u0129nh (ng\u00e0y)<\/td>\n<td>\n<p style=\"text-align: center;\">7<\/p>\n<\/td>\n<\/tr>\n<tr>\n<td colspan=\"2\"><strong>K\u00edch th\u01b0\u1edbc b\u00ecnh MVE BL-7<\/strong><\/td>\n<\/tr>\n<tr>\n<td>\u0110\u01b0\u1eddng k\u00ednh c\u1ed5 b\u00ecnh (mm)<\/td>\n<td>\n<p style=\"text-align: center;\">50<\/p>\n<\/td>\n<\/tr>\n<tr>\n<td>Chi\u1ec1u cao (mm)<\/td>\n<td>\n<p style=\"text-align: center;\">381<\/p>\n<\/td>\n<\/tr>\n<tr>\n<td>Chi\u1ec1u r\u1ed9ng (mm)<\/td>\n<td>\n<p style=\"text-align: center;\">321<\/p>\n<\/td>\n<\/tr>\n<tr>\n<td>Chi\u1ec1u cao canister b\u00ean trong (mm)<\/td>\n<td>\n<p style=\"text-align: center;\">127<\/p>\n<\/td>\n<\/tr>\n<tr>\n<td>\u0110\u01b0\u1eddng k\u00ednh canister b\u00ean trong (mm)<\/td>\n<td>\n<p style=\"text-align: center;\">38<\/p>\n<\/td>\n<\/tr>\n<tr>\n<td>Tr\u1ecdng l\u01b0\u1ee3ng b\u00ecnh r\u1ed7ng (Kg)<\/td>\n<td>\n<p style=\"text-align: center;\">4,2<\/p>\n<\/td>\n<\/tr>\n<tr>\n<td>Tr\u1ecdng l\u01b0\u1ee3ng b\u00ecnh \u0111\u1ea7y (Kg)<\/td>\n<td>\n<p style=\"text-align: center;\">5,9<\/p>\n<\/td>\n<\/tr>\n<tr>\n<td colspan=\"2\">B\u1ea3o h\u00e0nh 2 n\u0103m ph\u1ea7n ch\u00e2n kh\u00f4ng c\u1ee7a b\u00ecnh.<\/td>\n<\/tr>\n<\/tbody>\n<\/table>\n<\/figure>\n<p>Ngo\u00e0i ra, c\u00f2n nhi\u1ec1u d\u00f2ng b\u00ecnh MVE Cryoshipper v\u1edbi th\u1ec3 t\u00edch v\u00e0 c\u00f4ng su\u1ea5t v\u1eadn chuy\u1ec3n m\u1eabu kh\u00e1c nhau, lo\u1ea1i m\u1eabu \u0111\u01b0\u1ee3c ch\u1ee9a trong \u1ed1ng vial, t\u00fai \u0111\u00f4ng l\u1ea1nh, \u2026 H\u00e3y <a href=\"https:\/\/biogroupvietnam.com\/vi\/lien-he\/\">li\u00ean h\u1ec7<\/a> ch\u00fang t\u00f4i, \u0111\u1ec3 \u0111\u01b0\u1ee3c t\u01b0 v\u1ea5n l\u1ef1a ch\u1ecdn lo\u1ea1i b\u00ecnh v\u1eadn chuy\u1ec3n m\u1eabu ph\u00f9 h\u1ee3p.<\/p>\n","protected":false},"excerpt":{"rendered":"<p>B\u00ecnh MVE BL-7 m\u1edbi (Biologistic) l\u00e0 m\u1ed9t l\u1ef1a ch\u1ecdn v\u1eadn chuy\u1ec3n \u0111\u00f4ng l\u1ea1nh an to\u00e0n cho c\u00e1c m\u1eabu sinh h\u1ecdc trong \u1ed1ng vial ho\u1eb7c trong c\u1ecdng tr\u1eef ph\u00f4i. B\u00ecnh MVE BL-7 k\u1ebft h\u1ee3p k\u1ef9 thu\u1eadt s\u00e1ng t\u1ea1o v\u00e0 thi\u1ebft k\u1ebf \u0111\u01a1n gi\u1ea3n \u0111\u1ec3 cho ph\u00e9p v\u1eadn chuy\u1ec3n m\u1eabu sinh h\u1ecdc theo b\u1ea5t k\u1ef3 h\u01b0\u1edbng n\u00e0o<\/p>\n<div class=\"klb-readmore post-buttons\"><a class=\"button rounded primary\" href=\"https:\/\/biogroupvietnam.com\/vi\/san-pham\/binh-mve-bl-7\/\">Read More <i class=\"klbth-icon-right-arrow\"><\/i><\/a><\/div>\n","protected":false},"featured_media":9060,"comment_status":"closed","ping_status":"closed","template":"","meta":{"_acf_changed":false},"product_brand":[128],"product_cat":[94],"product_tag":[],"class_list":{"0":"post-3825","1":"product","2":"type-product","3":"status-publish","4":"has-post-thumbnail","6":"product_brand-mve-biological-solutions","7":"product_cat-binh-chuyen-mau-dong-lanh","9":"first","10":"outofstock","11":"shipping-taxable","12":"product-type-simple"},"acf":[],"yoast_head":"<!-- This site is optimized with the Yoast SEO plugin v26.8 - https:\/\/yoast.com\/product\/yoast-seo-wordpress\/ -->\n<title>B\u00ecnh V\u1eadn Chuy\u1ec3n M\u1eabu MVE BL-7<\/title>\n<meta name=\"description\" content=\"B\u00ecnh MVE BL-7 m\u1edbi (Biologistic) l\u00e0 m\u1ed9t l\u1ef1a ch\u1ecdn v\u1eadn chuy\u1ec3n \u0111\u00f4ng l\u1ea1nh an to\u00e0n cho c\u00e1c m\u1eabu sinh h\u1ecdc trong \u1ed1ng vial ho\u1eb7c trong c\u1ecdng tr\u1eef ph\u00f4i.\" \/>\n<meta name=\"robots\" content=\"index, follow, max-snippet:-1, max-image-preview:large, max-video-preview:-1\" \/>\n<link rel=\"canonical\" href=\"https:\/\/biogroupvietnam.com\/vi\/san-pham\/binh-mve-bl-7\/\" \/>\n<meta property=\"og:locale\" content=\"vi_VN\" \/>\n<meta property=\"og:type\" content=\"article\" \/>\n<meta property=\"og:title\" content=\"B\u00ecnh V\u1eadn Chuy\u1ec3n M\u1eabu MVE BL-7\" \/>\n<meta property=\"og:description\" content=\"B\u00ecnh MVE BL-7 m\u1edbi (Biologistic) l\u00e0 m\u1ed9t l\u1ef1a ch\u1ecdn v\u1eadn chuy\u1ec3n \u0111\u00f4ng l\u1ea1nh an to\u00e0n cho c\u00e1c m\u1eabu sinh h\u1ecdc trong \u1ed1ng vial ho\u1eb7c trong c\u1ecdng tr\u1eef ph\u00f4i.\" \/>\n<meta property=\"og:url\" content=\"https:\/\/biogroupvietnam.com\/vi\/san-pham\/binh-mve-bl-7\/\" \/>\n<meta property=\"og:site_name\" content=\"Biogroup Vietnam\" \/>\n<meta property=\"article:modified_time\" content=\"2026-01-12T09:19:58+00:00\" \/>\n<meta property=\"og:image\" content=\"https:\/\/biogroupvietnam.com\/wp-content\/uploads\/2025\/08\/MVE-BL-7.jpg\" \/>\n\t<meta property=\"og:image:width\" content=\"1640\" \/>\n\t<meta property=\"og:image:height\" content=\"1260\" \/>\n\t<meta property=\"og:image:type\" content=\"image\/jpeg\" \/>\n<meta name=\"twitter:card\" content=\"summary_large_image\" \/>\n<meta name=\"twitter:label1\" content=\"\u01af\u1edbc t\u00ednh th\u1eddi gian \u0111\u1ecdc\" \/>\n\t<meta name=\"twitter:data1\" content=\"3 ph\u00fat\" \/>\n<script type=\"application\/ld+json\" class=\"yoast-schema-graph\">{\"@context\":\"https:\/\/schema.org\",\"@graph\":[{\"@type\":\"WebPage\",\"@id\":\"https:\/\/biogroupvietnam.com\/vi\/san-pham\/binh-mve-bl-7\/\",\"url\":\"https:\/\/biogroupvietnam.com\/vi\/san-pham\/binh-mve-bl-7\/\",\"name\":\"B\u00ecnh V\u1eadn Chuy\u1ec3n M\u1eabu MVE BL-7\",\"isPartOf\":{\"@id\":\"https:\/\/biogroupvietnam.com\/vi\/#website\"},\"primaryImageOfPage\":{\"@id\":\"https:\/\/biogroupvietnam.com\/vi\/san-pham\/binh-mve-bl-7\/#primaryimage\"},\"image\":{\"@id\":\"https:\/\/biogroupvietnam.com\/vi\/san-pham\/binh-mve-bl-7\/#primaryimage\"},\"thumbnailUrl\":\"https:\/\/biogroupvietnam.com\/wp-content\/uploads\/2025\/08\/MVE-BL-7.jpg\",\"datePublished\":\"2025-08-18T12:53:43+00:00\",\"dateModified\":\"2026-01-12T09:19:58+00:00\",\"description\":\"B\u00ecnh MVE BL-7 m\u1edbi (Biologistic) l\u00e0 m\u1ed9t l\u1ef1a ch\u1ecdn v\u1eadn chuy\u1ec3n \u0111\u00f4ng l\u1ea1nh an to\u00e0n cho c\u00e1c m\u1eabu sinh h\u1ecdc trong \u1ed1ng vial ho\u1eb7c trong c\u1ecdng tr\u1eef ph\u00f4i.\",\"breadcrumb\":{\"@id\":\"https:\/\/biogroupvietnam.com\/vi\/san-pham\/binh-mve-bl-7\/#breadcrumb\"},\"inLanguage\":\"vi\",\"potentialAction\":[{\"@type\":\"ReadAction\",\"target\":[\"https:\/\/biogroupvietnam.com\/vi\/san-pham\/binh-mve-bl-7\/\"]}]},{\"@type\":\"ImageObject\",\"inLanguage\":\"vi\",\"@id\":\"https:\/\/biogroupvietnam.com\/vi\/san-pham\/binh-mve-bl-7\/#primaryimage\",\"url\":\"https:\/\/biogroupvietnam.com\/wp-content\/uploads\/2025\/08\/MVE-BL-7.jpg\",\"contentUrl\":\"https:\/\/biogroupvietnam.com\/wp-content\/uploads\/2025\/08\/MVE-BL-7.jpg\",\"width\":1640,\"height\":1260},{\"@type\":\"BreadcrumbList\",\"@id\":\"https:\/\/biogroupvietnam.com\/vi\/san-pham\/binh-mve-bl-7\/#breadcrumb\",\"itemListElement\":[{\"@type\":\"ListItem\",\"position\":1,\"name\":\"Trang ch\u1ee7\",\"item\":\"https:\/\/biogroupvietnam.com\/vi\/\"},{\"@type\":\"ListItem\",\"position\":2,\"name\":\"S\u1ea3n ph\u1ea9m\",\"item\":\"https:\/\/biogroupvietnam.com\/vi\/san-pham\/\"},{\"@type\":\"ListItem\",\"position\":3,\"name\":\"B\u1ea3o Qu\u1ea3n L\u1ea1nh T\u1ebf B\u00e0o\",\"item\":\"https:\/\/biogroupvietnam.com\/vi\/danh-muc-san-pham\/bao-quan-lanh-te-bao\/\"},{\"@type\":\"ListItem\",\"position\":4,\"name\":\"B\u00ecnh Chuy\u1ec3n M\u1eabu \u0110\u00f4ng L\u1ea1nh\",\"item\":\"https:\/\/biogroupvietnam.com\/vi\/danh-muc-san-pham\/binh-chuyen-mau-dong-lanh\/\"},{\"@type\":\"ListItem\",\"position\":5,\"name\":\"B\u00ecnh V\u1eadn Chuy\u1ec3n M\u1eabu MVE BL-7\"}]},{\"@type\":\"WebSite\",\"@id\":\"https:\/\/biogroupvietnam.com\/vi\/#website\",\"url\":\"https:\/\/biogroupvietnam.com\/vi\/\",\"name\":\"Biogroup Vietnam\",\"description\":\"Biogroup Vietnam cung c\u1ea5p d\u1ecbch v\u1ee5 k\u1ef9 thu\u1eadt c\u00f9ng thi\u1ebft b\u1ecb, v\u1eadt t\u01b0, h\u00f3a ch\u1ea5t v\u00e0 gi\u1ea3i ph\u00e1p sinh h\u1ecdc cho ph\u00f2ng th\u00ed nghi\u1ec7m c\u00f4ng ngh\u1ec7 sinh h\u1ecdc, y sinh v\u00e0 y h\u1ecdc t\u00e1i t\u1ea1o.\",\"potentialAction\":[{\"@type\":\"SearchAction\",\"target\":{\"@type\":\"EntryPoint\",\"urlTemplate\":\"https:\/\/biogroupvietnam.com\/vi\/?s={search_term_string}\"},\"query-input\":{\"@type\":\"PropertyValueSpecification\",\"valueRequired\":true,\"valueName\":\"search_term_string\"}}],\"inLanguage\":\"vi\"}]}<\/script>\n<!-- \/ Yoast SEO plugin. -->","yoast_head_json":{"title":"B\u00ecnh V\u1eadn Chuy\u1ec3n M\u1eabu MVE BL-7","description":"B\u00ecnh MVE BL-7 m\u1edbi (Biologistic) l\u00e0 m\u1ed9t l\u1ef1a ch\u1ecdn v\u1eadn chuy\u1ec3n \u0111\u00f4ng l\u1ea1nh an to\u00e0n cho c\u00e1c m\u1eabu sinh h\u1ecdc trong \u1ed1ng vial ho\u1eb7c trong c\u1ecdng tr\u1eef ph\u00f4i.","robots":{"index":"index","follow":"follow","max-snippet":"max-snippet:-1","max-image-preview":"max-image-preview:large","max-video-preview":"max-video-preview:-1"},"canonical":"https:\/\/biogroupvietnam.com\/vi\/san-pham\/binh-mve-bl-7\/","og_locale":"vi_VN","og_type":"article","og_title":"B\u00ecnh V\u1eadn Chuy\u1ec3n M\u1eabu MVE BL-7","og_description":"B\u00ecnh MVE BL-7 m\u1edbi (Biologistic) l\u00e0 m\u1ed9t l\u1ef1a ch\u1ecdn v\u1eadn chuy\u1ec3n \u0111\u00f4ng l\u1ea1nh an to\u00e0n cho c\u00e1c m\u1eabu sinh h\u1ecdc trong \u1ed1ng vial ho\u1eb7c trong c\u1ecdng tr\u1eef ph\u00f4i.","og_url":"https:\/\/biogroupvietnam.com\/vi\/san-pham\/binh-mve-bl-7\/","og_site_name":"Biogroup Vietnam","article_modified_time":"2026-01-12T09:19:58+00:00","og_image":[{"width":1640,"height":1260,"url":"https:\/\/biogroupvietnam.com\/wp-content\/uploads\/2025\/08\/MVE-BL-7.jpg","type":"image\/jpeg"}],"twitter_card":"summary_large_image","twitter_misc":{"\u01af\u1edbc t\u00ednh th\u1eddi gian \u0111\u1ecdc":"3 ph\u00fat"},"schema":{"@context":"https:\/\/schema.org","@graph":[{"@type":"WebPage","@id":"https:\/\/biogroupvietnam.com\/vi\/san-pham\/binh-mve-bl-7\/","url":"https:\/\/biogroupvietnam.com\/vi\/san-pham\/binh-mve-bl-7\/","name":"B\u00ecnh V\u1eadn Chuy\u1ec3n M\u1eabu MVE BL-7","isPartOf":{"@id":"https:\/\/biogroupvietnam.com\/vi\/#website"},"primaryImageOfPage":{"@id":"https:\/\/biogroupvietnam.com\/vi\/san-pham\/binh-mve-bl-7\/#primaryimage"},"image":{"@id":"https:\/\/biogroupvietnam.com\/vi\/san-pham\/binh-mve-bl-7\/#primaryimage"},"thumbnailUrl":"https:\/\/biogroupvietnam.com\/wp-content\/uploads\/2025\/08\/MVE-BL-7.jpg","datePublished":"2025-08-18T12:53:43+00:00","dateModified":"2026-01-12T09:19:58+00:00","description":"B\u00ecnh MVE BL-7 m\u1edbi (Biologistic) l\u00e0 m\u1ed9t l\u1ef1a ch\u1ecdn v\u1eadn chuy\u1ec3n \u0111\u00f4ng l\u1ea1nh an to\u00e0n cho c\u00e1c m\u1eabu sinh h\u1ecdc trong \u1ed1ng vial ho\u1eb7c trong c\u1ecdng tr\u1eef ph\u00f4i.","breadcrumb":{"@id":"https:\/\/biogroupvietnam.com\/vi\/san-pham\/binh-mve-bl-7\/#breadcrumb"},"inLanguage":"vi","potentialAction":[{"@type":"ReadAction","target":["https:\/\/biogroupvietnam.com\/vi\/san-pham\/binh-mve-bl-7\/"]}]},{"@type":"ImageObject","inLanguage":"vi","@id":"https:\/\/biogroupvietnam.com\/vi\/san-pham\/binh-mve-bl-7\/#primaryimage","url":"https:\/\/biogroupvietnam.com\/wp-content\/uploads\/2025\/08\/MVE-BL-7.jpg","contentUrl":"https:\/\/biogroupvietnam.com\/wp-content\/uploads\/2025\/08\/MVE-BL-7.jpg","width":1640,"height":1260},{"@type":"BreadcrumbList","@id":"https:\/\/biogroupvietnam.com\/vi\/san-pham\/binh-mve-bl-7\/#breadcrumb","itemListElement":[{"@type":"ListItem","position":1,"name":"Trang ch\u1ee7","item":"https:\/\/biogroupvietnam.com\/vi\/"},{"@type":"ListItem","position":2,"name":"S\u1ea3n ph\u1ea9m","item":"https:\/\/biogroupvietnam.com\/vi\/san-pham\/"},{"@type":"ListItem","position":3,"name":"B\u1ea3o Qu\u1ea3n L\u1ea1nh T\u1ebf B\u00e0o","item":"https:\/\/biogroupvietnam.com\/vi\/danh-muc-san-pham\/bao-quan-lanh-te-bao\/"},{"@type":"ListItem","position":4,"name":"B\u00ecnh Chuy\u1ec3n M\u1eabu \u0110\u00f4ng L\u1ea1nh","item":"https:\/\/biogroupvietnam.com\/vi\/danh-muc-san-pham\/binh-chuyen-mau-dong-lanh\/"},{"@type":"ListItem","position":5,"name":"B\u00ecnh V\u1eadn Chuy\u1ec3n M\u1eabu MVE BL-7"}]},{"@type":"WebSite","@id":"https:\/\/biogroupvietnam.com\/vi\/#website","url":"https:\/\/biogroupvietnam.com\/vi\/","name":"Biogroup Vietnam","description":"Biogroup Vietnam cung c\u1ea5p d\u1ecbch v\u1ee5 k\u1ef9 thu\u1eadt c\u00f9ng thi\u1ebft b\u1ecb, v\u1eadt t\u01b0, h\u00f3a ch\u1ea5t v\u00e0 gi\u1ea3i ph\u00e1p sinh h\u1ecdc cho ph\u00f2ng th\u00ed nghi\u1ec7m c\u00f4ng ngh\u1ec7 sinh h\u1ecdc, y sinh v\u00e0 y h\u1ecdc t\u00e1i t\u1ea1o.","potentialAction":[{"@type":"SearchAction","target":{"@type":"EntryPoint","urlTemplate":"https:\/\/biogroupvietnam.com\/vi\/?s={search_term_string}"},"query-input":{"@type":"PropertyValueSpecification","valueRequired":true,"valueName":"search_term_string"}}],"inLanguage":"vi"}]}},"_links":{"self":[{"href":"https:\/\/biogroupvietnam.com\/vi\/wp-json\/wp\/v2\/product\/3825","targetHints":{"allow":["GET"]}}],"collection":[{"href":"https:\/\/biogroupvietnam.com\/vi\/wp-json\/wp\/v2\/product"}],"about":[{"href":"https:\/\/biogroupvietnam.com\/vi\/wp-json\/wp\/v2\/types\/product"}],"replies":[{"embeddable":true,"href":"https:\/\/biogroupvietnam.com\/vi\/wp-json\/wp\/v2\/comments?post=3825"}],"version-history":[{"count":5,"href":"https:\/\/biogroupvietnam.com\/vi\/wp-json\/wp\/v2\/product\/3825\/revisions"}],"predecessor-version":[{"id":9501,"href":"https:\/\/biogroupvietnam.com\/vi\/wp-json\/wp\/v2\/product\/3825\/revisions\/9501"}],"wp:featuredmedia":[{"embeddable":true,"href":"https:\/\/biogroupvietnam.com\/vi\/wp-json\/wp\/v2\/media\/9060"}],"wp:attachment":[{"href":"https:\/\/biogroupvietnam.com\/vi\/wp-json\/wp\/v2\/media?parent=3825"}],"wp:term":[{"taxonomy":"product_brand","embeddable":true,"href":"https:\/\/biogroupvietnam.com\/vi\/wp-json\/wp\/v2\/product_brand?post=3825"},{"taxonomy":"product_cat","embeddable":true,"href":"https:\/\/biogroupvietnam.com\/vi\/wp-json\/wp\/v2\/product_cat?post=3825"},{"taxonomy":"product_tag","embeddable":true,"href":"https:\/\/biogroupvietnam.com\/vi\/wp-json\/wp\/v2\/product_tag?post=3825"}],"curies":[{"name":"wp","href":"https:\/\/api.w.org\/{rel}","templated":true}]}}