{"id":3826,"date":"2025-08-18T19:53:43","date_gmt":"2025-08-18T12:53:43","guid":{"rendered":"http:\/\/biogroupvietnam-worldpress.local\/product\/import-placeholder-for-128\/"},"modified":"2026-04-04T14:53:41","modified_gmt":"2026-04-04T07:53:41","slug":"mtesr1","status":"publish","type":"product","link":"https:\/\/biogroupvietnam.com\/vi\/san-pham\/mtesr1\/","title":{"rendered":"M\u00f4i Tr\u01b0\u1eddng mTeSR\u21221"},"content":{"rendered":"<p>M\u00f4i tr\u01b0\u1eddng mTeSR\u21221 l\u00e0 m\u00f4i tr\u01b0\u1eddng kh\u00f4ng b\u1ed5 sung c\u01a1 ch\u1ea5t (feeder-free), \u0111\u1ea1t ti\u00eau chu\u1ea9n cGMP, d\u00f9ng trong nu\u00f4i c\u1ea5y t\u1ebf b\u00e0o g\u1ed1c ph\u00f4i (ES &#8211; Embryonic Stem Cells), t\u1ebf b\u00e0o g\u1ed1c \u0111a n\u0103ng c\u1ea3m \u1ee9ng (iPSC &#8211; Induced Pluripotent Stem Cells) c\u1ee7a ng\u01b0\u1eddi.<\/p>\n<h3><strong>T\u1ed5ng quan<\/strong><\/h3>\n<p>mTeSR\u2122 1 l\u00e0 m\u1ed9t m\u00f4i tr\u01b0\u1eddng nu\u00f4i c\u1ea5y ho\u00e0n ch\u1ec9nh, c\u00f3 th\u00e0nh ph\u1ea7n ph\u1ea7n x\u00e1c \u0111\u1ecbnh v\u00e0 kh\u00f4ng ch\u1ee9a huy\u1ebft thanh, \u0111\u01b0\u1ee3c \u1ee9ng d\u1ee5ng trong nu\u00f4i c\u1ea5y v\u00e0 t\u0103ng sinh t\u1ebf b\u00e0o g\u1ed1c ph\u00f4i (ES), t\u1ebf b\u00e0o g\u1ed1c \u0111a n\u0103ng c\u1ea3m \u1ee9ng c\u1ee7a ng\u01b0\u1eddi (iPSC) \u1edf tr\u1ea1ng th\u00e1i ch\u01b0a bi\u1ec7t h\u00f3a.<\/p>\n<p>M\u00f4i tr\u01b0\u1eddng mTeSR\u2122 1 ho\u00e0n ch\u1ec9nh ch\u1ee9a c\u00e1c th\u00e0nh ph\u1ea7n t\u00e1i t\u1ed5 h\u1ee3p c\u1ee7a ng\u01b0\u1eddi nh\u01b0 y\u1ebfu t\u1ed1 t\u0103ng tr\u01b0\u1edfng nguy\u00ean b\u00e0o s\u1ee3i (rh bFGF) v\u00e0 y\u1ebfu t\u1ed1 bi\u1ebfn \u0111\u1ed5i t\u0103ng tr\u01b0\u1eddng \u03b2 (rh TGF\u03b2), kh\u00f4ng c\u1ea7n b\u1ed5 sung c\u00e1c y\u1ebfu t\u1ed1 kh\u00e1c. Hi\u1ec7u su\u1ea5t c\u1ee7a m\u00f4i tr\u01b0\u1eddng \u0111\u01b0\u1ee3c ki\u1ec3m tra trong m\u1ed9t th\u1eed nghi\u1ec7m nu\u00f4i c\u1ea5y s\u1eed d\u1ee5ng t\u1ebf b\u00e0o g\u1ed1c \u0111a n\u0103ng c\u1ee7a con ng\u01b0\u1eddi (hPSC). Do \u0111\u00f3, mTeSR\u21221 \u0111\u01b0\u1ee3c bi\u1ebft \u0111\u1ebfn l\u00e0 m\u00f4i tr\u01b0\u1eddng \u1ed5n \u0111\u1ecbnh v\u00e0 \u0111\u00e1ng tin c\u1eady nh\u1ea5t \u0111\u1ec3 nu\u00f4i c\u1ea5y hPSC.<\/p>\n<p><strong>mTeSR\u21221 c\u1ea5p cGMP \u0111\u01b0\u1ee3c s\u1ea3n xu\u1ea5t t\u1ea1i c\u01a1 s\u1edf \u0111\u00e3 \u0111\u0103ng k\u00fd v\u1edbi FDA tu\u00e2n theo quy \u0111\u1ecbnh 21 CFR 820. <\/strong>Ngo\u00e0i ra, m\u00f4i tr\u01b0\u1eddng nu\u00f4i c\u1ea5y n\u00e0y \u0111\u01b0\u1ee3c s\u1ea3n xu\u1ea5t theo c\u00e1c khuy\u1ebfn ngh\u1ecb c\u1ee7a USP &lt;1043&gt; v\u1ec1 v\u1eadt li\u1ec7u ph\u1ee5 tr\u1ee3 cho c\u00e1c s\u1ea3n ph\u1ea9m \u0111\u01b0\u1ee3c thi\u1ebft k\u1ebf \u0111\u1ec3 s\u1eed d\u1ee5ng trong c\u00e1c \u1ee9ng d\u1ee5ng v\u1ec1 c\u00f4ng ngh\u1ec7 t\u1ebf b\u00e0o, gen v\u00e0 m\u00f4, nghi\u00ean c\u1ee9u li\u1ec7u ph\u00e1p t\u1ebf b\u00e0o v\u00e0 c\u00f3 s\u1eb5n \u0111\u1ec3 s\u1eed d\u1ee5ng cho m\u1ed9t \u1ee9ng d\u1ee5ng th\u1eed nghi\u1ec7m thu\u1ed1c m\u1edbi (IND) \u0111\u00e3 \u0111\u01b0\u1ee3c ph\u00ea duy\u1ec7t.<\/p>\n<p>mTeSR\u2122 1 c\u00f3 th\u1ec3 \u0111\u01b0\u1ee3c s\u1eed d\u1ee5ng v\u1edbi Corning\u00ae Matrigel\u00ae hESC-Qualified Matrix (Corning Catalog #354277) ho\u1eb7c Vitronectin XF\u2122 (Catalog # 07180, ch\u1ea5t n\u1ec1n do Nucleus Biologics ph\u00e1t tri\u1ec3n v\u00e0 s\u1ea3n xu\u1ea5t) l\u00e0m ch\u1ea5t n\u1ec1n nu\u00f4i c\u1ea5y.<\/p>\n<h3><strong>Th\u00e0nh ph\u1ea7n v\u00e0 b\u1ea3o qu\u1ea3n<\/strong><\/h3>\n<figure class=\"table\">\n<table>\n<tbody>\n<tr>\n<td>Th\u00e0nh ph\u1ea7n<\/td>\n<td>Catalog #<\/td>\n<td>B\u1ea3o qu\u1ea3n<\/td>\n<td>H\u1ea1n s\u1eed d\u1ee5ng<\/td>\n<\/tr>\n<tr>\n<td>mTeSR\u21221 Basal Medium (400 mL)<\/td>\n<td>85851<\/td>\n<td>2 &#8211; 8\u00b0C.<\/td>\n<td>\u1ed4n \u0111\u1ecbnh cho \u0111\u1ebfn ng\u00e0y h\u1ebft h\u1ea1n ghi tr\u00ean nh\u00e3n<\/td>\n<\/tr>\n<tr>\n<td>mTeSR\u21221 Basal Medium (800 mL)<\/td>\n<td>85871<\/td>\n<td>2 &#8211; 8\u00b0C.<\/td>\n<td>\u1ed4n \u0111\u1ecbnh cho \u0111\u1ebfn ng\u00e0y h\u1ebft h\u1ea1n ghi tr\u00ean nh\u00e3n<\/td>\n<\/tr>\n<tr>\n<td>mTeSR\u21221 5X Supplement<\/td>\n<td>85852<\/td>\n<td>-20\u00b0C.<\/td>\n<td>\u1ed4n \u0111\u1ecbnh cho \u0111\u1ebfn ng\u00e0y h\u1ebft h\u1ea1n ghi tr\u00ean nh\u00e3n<\/td>\n<\/tr>\n<\/tbody>\n<\/table>\n<\/figure>\n<h3><strong>\u01afu \u0111i\u1ec3m<\/strong><\/h3>\n<ul>\n<li>M\u00f4i tr\u01b0\u1eddng c\u1ea5p cGMP, \u0111\u01b0\u1ee3c cung c\u1ea5p Th\u01b0 \u1ee7y quy\u1ec1n (LOA) cho T\u1ec7p ch\u00ednh c\u1ee7a FDA (FDA Master File).<\/li>\n<li>Vi\u1ec7c s\u1eed d\u1ee5ng m\u00f4i tr\u01b0\u1eddng nu\u00f4i c\u1ea5y chuy\u00ean bi\u1ec7t v\u00e0 kh\u00f4ng c\u00f3 c\u01a1 ch\u1ea5t (feeder-free) gi\u00fap nu\u00f4i c\u1ea5y t\u1ebf b\u00e0o g\u1ed1c \u0111a n\u0103ng c\u1ea3m \u1ee9ng (iPSC) c\u00f3 ki\u1ec3u h\u00ecnh \u0111\u1ed3ng nh\u1ea5t v\u00e0 duy tr\u00ec tr\u1ea1ng th\u00e1i kh\u00f4ng bi\u1ec7t h\u00f3a.<\/li>\n<\/ul>\n<h3><strong>\u1ee8ng d\u1ee5ng c\u1ee7a m\u00f4i tr\u01b0\u1eddng\u00a0mTeSR\u21221<\/strong><\/h3>\n<p><a href=\"https:\/\/www.stemcell.com\/product-portfolios\/human-pluripotent-stem-cell-research.html\">Nghi\u00ean c\u1ee9u t\u1ebf b\u00e0o g\u1ed1c \u0111a n\u0103ng c\u1ee7a con ng\u01b0\u1eddi<\/a>.<\/p>\n<h3><strong>Th\u00f4ng tin \u0111\u1eb7t h\u00e0ng:<\/strong><\/h3>\n<figure class=\"table\">\n<table>\n<tbody>\n<tr>\n<td>\n<p style=\"text-align: center;\">STT<\/p>\n<\/td>\n<td>\n<p style=\"text-align: center;\">CATALOG #<\/p>\n<\/td>\n<td>\n<p style=\"text-align: center;\">Th\u1ec3 t\u00edch<\/p>\n<\/td>\n<td>\n<p style=\"text-align: center;\">Th\u00e0nh ph\u1ea7n<\/p>\n<\/td>\n<\/tr>\n<tr>\n<td>\n<p style=\"text-align: center;\">1<\/p>\n<\/td>\n<td>\n<p style=\"text-align: center;\">85850<\/p>\n<\/td>\n<td>500 mL<\/td>\n<td>\n<ul>\n<li>mTeSR\u21221 Basal Medium (400 mL)<\/li>\n<li>mTeSR\u21221 5X Supplement (100 mL)<\/li>\n<\/ul>\n<\/td>\n<\/tr>\n<tr>\n<td>\n<p style=\"text-align: center;\">2<\/p>\n<\/td>\n<td>\n<p style=\"text-align: center;\">85857<\/p>\n<\/td>\n<td>1 L<\/td>\n<td>\n<ul>\n<li>mTeSR\u21221 Basal Medium (800 mL)<\/li>\n<li>mTeSR\u21221 5X Supplement (2 x 100 mL)<\/li>\n<\/ul>\n<\/td>\n<\/tr>\n<tr>\n<td>\n<p style=\"text-align: center;\">3<\/p>\n<\/td>\n<td>\n<p style=\"text-align: center;\">85870<\/p>\n<\/td>\n<td>10 x 500 mL<\/td>\n<td>\n<ul>\n<li>mTeSR\u21221 Basal Medium (10 x 400 mL)<\/li>\n<li>mTeSR\u21221 5X Supplement (10 x 100 mL)<\/li>\n<\/ul>\n<\/td>\n<\/tr>\n<tr>\n<td>\n<p style=\"text-align: center;\">4<\/p>\n<\/td>\n<td>\n<p style=\"text-align: center;\">85875<\/p>\n<\/td>\n<td>25 x 500 mL<\/td>\n<td>\n<ul>\n<li>mTeSR\u21221 Basal Medium (25 x 400 mL)<\/li>\n<li>mTeSR\u21221 5X Supplement (25 x 100 mL)<\/li>\n<\/ul>\n<\/td>\n<\/tr>\n<\/tbody>\n<\/table>\n<\/figure>\n<p>&nbsp;<\/p>\n","protected":false},"excerpt":{"rendered":"<p>M\u00f4i tr\u01b0\u1eddng mTeSR\u21221 l\u00e0 m\u00f4i tr\u01b0\u1eddng kh\u00f4ng b\u1ed5 sung c\u01a1 ch\u1ea5t (feeder-free), \u0111\u1ea1t ti\u00eau chu\u1ea9n cGMP, d\u00f9ng trong nu\u00f4i c\u1ea5y t\u1ebf b\u00e0o g\u1ed1c ph\u00f4i (ES &#8211; Embryonic Stem Cells), t\u1ebf b\u00e0o g\u1ed1c \u0111a n\u0103ng c\u1ea3m \u1ee9ng (iPSC &#8211; Induced Pluripotent Stem Cells) c\u1ee7a ng\u01b0\u1eddi. T\u1ed5ng quan mTeSR\u2122 1 l\u00e0 m\u1ed9t m\u00f4i tr\u01b0\u1eddng nu\u00f4i c\u1ea5y ho\u00e0n<\/p>\n<div class=\"klb-readmore post-buttons\"><a class=\"button rounded primary\" href=\"https:\/\/biogroupvietnam.com\/vi\/san-pham\/mtesr1\/\">Read More <i class=\"klbth-icon-right-arrow\"><\/i><\/a><\/div>\n","protected":false},"featured_media":10195,"comment_status":"closed","ping_status":"closed","template":"","meta":{"_acf_changed":false},"product_brand":[127],"product_cat":[90],"product_tag":[],"class_list":{"0":"post-3826","1":"product","2":"type-product","3":"status-publish","4":"has-post-thumbnail","6":"product_brand-stemcell-technologies","7":"product_cat-te-bao-goc-da-nang-psc","9":"first","10":"outofstock","11":"shipping-taxable","12":"product-type-simple"},"acf":[],"yoast_head":"<!-- This site is optimized with the Yoast SEO plugin v26.8 - https:\/\/yoast.com\/product\/yoast-seo-wordpress\/ -->\n<title>M\u00f4i Tr\u01b0\u1eddng mTeSR\u21221<\/title>\n<meta name=\"description\" content=\"mTeSR\u21221 l\u00e0 m\u00f4i tr\u01b0\u1eddng kh\u00f4ng b\u1ed5 sung c\u01a1 ch\u1ea5t (feeder-free), \u0111\u1ea1t ti\u00eau chu\u1ea9n cGMP, d\u00f9ng trong nu\u00f4i c\u1ea5y t\u1ebf b\u00e0o g\u1ed1c ph\u00f4i (ES - Embryonic Stem Cells), t\u1ebf b\u00e0o g\u1ed1c \u0111a n\u0103ng c\u1ea3m \u1ee9ng (iPSC - Induced Pluripotent Stem Cells) c\u1ee7a ng\u01b0\u1eddi.\" \/>\n<meta name=\"robots\" content=\"index, follow, max-snippet:-1, max-image-preview:large, max-video-preview:-1\" \/>\n<link rel=\"canonical\" href=\"https:\/\/biogroupvietnam.com\/vi\/san-pham\/mtesr1\/\" \/>\n<meta property=\"og:locale\" content=\"vi_VN\" \/>\n<meta property=\"og:type\" content=\"article\" \/>\n<meta property=\"og:title\" content=\"M\u00f4i Tr\u01b0\u1eddng mTeSR\u21221\" \/>\n<meta property=\"og:description\" content=\"mTeSR\u21221 l\u00e0 m\u00f4i tr\u01b0\u1eddng kh\u00f4ng b\u1ed5 sung c\u01a1 ch\u1ea5t (feeder-free), \u0111\u1ea1t ti\u00eau chu\u1ea9n cGMP, d\u00f9ng trong nu\u00f4i c\u1ea5y t\u1ebf b\u00e0o g\u1ed1c ph\u00f4i (ES - Embryonic Stem Cells), t\u1ebf b\u00e0o g\u1ed1c \u0111a n\u0103ng c\u1ea3m \u1ee9ng (iPSC - Induced Pluripotent Stem Cells) c\u1ee7a ng\u01b0\u1eddi.\" \/>\n<meta property=\"og:url\" content=\"https:\/\/biogroupvietnam.com\/vi\/san-pham\/mtesr1\/\" \/>\n<meta property=\"og:site_name\" content=\"Biogroup Vietnam\" \/>\n<meta property=\"article:modified_time\" content=\"2026-04-04T07:53:41+00:00\" \/>\n<meta property=\"og:image\" content=\"https:\/\/biogroupvietnam.com\/wp-content\/uploads\/2025\/08\/moi-truong-mtesr-1.jpg\" \/>\n\t<meta property=\"og:image:width\" content=\"1640\" \/>\n\t<meta property=\"og:image:height\" content=\"1260\" \/>\n\t<meta property=\"og:image:type\" content=\"image\/jpeg\" \/>\n<meta name=\"twitter:card\" content=\"summary_large_image\" \/>\n<meta name=\"twitter:label1\" content=\"\u01af\u1edbc t\u00ednh th\u1eddi gian \u0111\u1ecdc\" \/>\n\t<meta name=\"twitter:data1\" content=\"4 ph\u00fat\" \/>\n<script type=\"application\/ld+json\" class=\"yoast-schema-graph\">{\"@context\":\"https:\/\/schema.org\",\"@graph\":[{\"@type\":\"WebPage\",\"@id\":\"https:\/\/biogroupvietnam.com\/vi\/san-pham\/mtesr1\/\",\"url\":\"https:\/\/biogroupvietnam.com\/vi\/san-pham\/mtesr1\/\",\"name\":\"M\u00f4i Tr\u01b0\u1eddng mTeSR\u21221\",\"isPartOf\":{\"@id\":\"https:\/\/biogroupvietnam.com\/vi\/#website\"},\"primaryImageOfPage\":{\"@id\":\"https:\/\/biogroupvietnam.com\/vi\/san-pham\/mtesr1\/#primaryimage\"},\"image\":{\"@id\":\"https:\/\/biogroupvietnam.com\/vi\/san-pham\/mtesr1\/#primaryimage\"},\"thumbnailUrl\":\"https:\/\/biogroupvietnam.com\/wp-content\/uploads\/2025\/08\/moi-truong-mtesr-1.jpg\",\"datePublished\":\"2025-08-18T12:53:43+00:00\",\"dateModified\":\"2026-04-04T07:53:41+00:00\",\"description\":\"mTeSR\u21221 l\u00e0 m\u00f4i tr\u01b0\u1eddng kh\u00f4ng b\u1ed5 sung c\u01a1 ch\u1ea5t (feeder-free), \u0111\u1ea1t ti\u00eau chu\u1ea9n cGMP, d\u00f9ng trong nu\u00f4i c\u1ea5y t\u1ebf b\u00e0o g\u1ed1c ph\u00f4i (ES - Embryonic Stem Cells), t\u1ebf b\u00e0o g\u1ed1c \u0111a n\u0103ng c\u1ea3m \u1ee9ng (iPSC - Induced Pluripotent Stem Cells) c\u1ee7a ng\u01b0\u1eddi.\",\"breadcrumb\":{\"@id\":\"https:\/\/biogroupvietnam.com\/vi\/san-pham\/mtesr1\/#breadcrumb\"},\"inLanguage\":\"vi\",\"potentialAction\":[{\"@type\":\"ReadAction\",\"target\":[\"https:\/\/biogroupvietnam.com\/vi\/san-pham\/mtesr1\/\"]}]},{\"@type\":\"ImageObject\",\"inLanguage\":\"vi\",\"@id\":\"https:\/\/biogroupvietnam.com\/vi\/san-pham\/mtesr1\/#primaryimage\",\"url\":\"https:\/\/biogroupvietnam.com\/wp-content\/uploads\/2025\/08\/moi-truong-mtesr-1.jpg\",\"contentUrl\":\"https:\/\/biogroupvietnam.com\/wp-content\/uploads\/2025\/08\/moi-truong-mtesr-1.jpg\",\"width\":1640,\"height\":1260,\"caption\":\"M\u00f4i Tr\u01b0\u1eddng mTeSR\u21221\"},{\"@type\":\"BreadcrumbList\",\"@id\":\"https:\/\/biogroupvietnam.com\/vi\/san-pham\/mtesr1\/#breadcrumb\",\"itemListElement\":[{\"@type\":\"ListItem\",\"position\":1,\"name\":\"Trang ch\u1ee7\",\"item\":\"https:\/\/biogroupvietnam.com\/vi\/\"},{\"@type\":\"ListItem\",\"position\":2,\"name\":\"S\u1ea3n ph\u1ea9m\",\"item\":\"https:\/\/biogroupvietnam.com\/vi\/san-pham\/\"},{\"@type\":\"ListItem\",\"position\":3,\"name\":\"Nu\u00f4i C\u1ea5y T\u1ebf B\u00e0o\",\"item\":\"https:\/\/biogroupvietnam.com\/vi\/danh-muc-san-pham\/nuoi-cay-te-bao\/\"},{\"@type\":\"ListItem\",\"position\":4,\"name\":\"T\u1ebf B\u00e0o G\u1ed1c \u0110a N\u0103ng (PSC)\",\"item\":\"https:\/\/biogroupvietnam.com\/vi\/danh-muc-san-pham\/te-bao-goc-da-nang-psc\/\"},{\"@type\":\"ListItem\",\"position\":5,\"name\":\"M\u00f4i Tr\u01b0\u1eddng mTeSR\u21221\"}]},{\"@type\":\"WebSite\",\"@id\":\"https:\/\/biogroupvietnam.com\/vi\/#website\",\"url\":\"https:\/\/biogroupvietnam.com\/vi\/\",\"name\":\"Biogroup Vietnam\",\"description\":\"Biogroup Vietnam cung c\u1ea5p d\u1ecbch v\u1ee5 k\u1ef9 thu\u1eadt c\u00f9ng thi\u1ebft b\u1ecb, v\u1eadt t\u01b0, h\u00f3a ch\u1ea5t v\u00e0 gi\u1ea3i ph\u00e1p sinh h\u1ecdc cho ph\u00f2ng th\u00ed nghi\u1ec7m c\u00f4ng ngh\u1ec7 sinh h\u1ecdc, y sinh v\u00e0 y h\u1ecdc t\u00e1i t\u1ea1o.\",\"potentialAction\":[{\"@type\":\"SearchAction\",\"target\":{\"@type\":\"EntryPoint\",\"urlTemplate\":\"https:\/\/biogroupvietnam.com\/vi\/?s={search_term_string}\"},\"query-input\":{\"@type\":\"PropertyValueSpecification\",\"valueRequired\":true,\"valueName\":\"search_term_string\"}}],\"inLanguage\":\"vi\"}]}<\/script>\n<!-- \/ Yoast SEO plugin. -->","yoast_head_json":{"title":"M\u00f4i Tr\u01b0\u1eddng mTeSR\u21221","description":"mTeSR\u21221 l\u00e0 m\u00f4i tr\u01b0\u1eddng kh\u00f4ng b\u1ed5 sung c\u01a1 ch\u1ea5t (feeder-free), \u0111\u1ea1t ti\u00eau chu\u1ea9n cGMP, d\u00f9ng trong nu\u00f4i c\u1ea5y t\u1ebf b\u00e0o g\u1ed1c ph\u00f4i (ES - Embryonic Stem Cells), t\u1ebf b\u00e0o g\u1ed1c \u0111a n\u0103ng c\u1ea3m \u1ee9ng (iPSC - Induced Pluripotent Stem Cells) c\u1ee7a ng\u01b0\u1eddi.","robots":{"index":"index","follow":"follow","max-snippet":"max-snippet:-1","max-image-preview":"max-image-preview:large","max-video-preview":"max-video-preview:-1"},"canonical":"https:\/\/biogroupvietnam.com\/vi\/san-pham\/mtesr1\/","og_locale":"vi_VN","og_type":"article","og_title":"M\u00f4i Tr\u01b0\u1eddng mTeSR\u21221","og_description":"mTeSR\u21221 l\u00e0 m\u00f4i tr\u01b0\u1eddng kh\u00f4ng b\u1ed5 sung c\u01a1 ch\u1ea5t (feeder-free), \u0111\u1ea1t ti\u00eau chu\u1ea9n cGMP, d\u00f9ng trong nu\u00f4i c\u1ea5y t\u1ebf b\u00e0o g\u1ed1c ph\u00f4i (ES - Embryonic Stem Cells), t\u1ebf b\u00e0o g\u1ed1c \u0111a n\u0103ng c\u1ea3m \u1ee9ng (iPSC - Induced Pluripotent Stem Cells) c\u1ee7a ng\u01b0\u1eddi.","og_url":"https:\/\/biogroupvietnam.com\/vi\/san-pham\/mtesr1\/","og_site_name":"Biogroup Vietnam","article_modified_time":"2026-04-04T07:53:41+00:00","og_image":[{"width":1640,"height":1260,"url":"https:\/\/biogroupvietnam.com\/wp-content\/uploads\/2025\/08\/moi-truong-mtesr-1.jpg","type":"image\/jpeg"}],"twitter_card":"summary_large_image","twitter_misc":{"\u01af\u1edbc t\u00ednh th\u1eddi gian \u0111\u1ecdc":"4 ph\u00fat"},"schema":{"@context":"https:\/\/schema.org","@graph":[{"@type":"WebPage","@id":"https:\/\/biogroupvietnam.com\/vi\/san-pham\/mtesr1\/","url":"https:\/\/biogroupvietnam.com\/vi\/san-pham\/mtesr1\/","name":"M\u00f4i Tr\u01b0\u1eddng mTeSR\u21221","isPartOf":{"@id":"https:\/\/biogroupvietnam.com\/vi\/#website"},"primaryImageOfPage":{"@id":"https:\/\/biogroupvietnam.com\/vi\/san-pham\/mtesr1\/#primaryimage"},"image":{"@id":"https:\/\/biogroupvietnam.com\/vi\/san-pham\/mtesr1\/#primaryimage"},"thumbnailUrl":"https:\/\/biogroupvietnam.com\/wp-content\/uploads\/2025\/08\/moi-truong-mtesr-1.jpg","datePublished":"2025-08-18T12:53:43+00:00","dateModified":"2026-04-04T07:53:41+00:00","description":"mTeSR\u21221 l\u00e0 m\u00f4i tr\u01b0\u1eddng kh\u00f4ng b\u1ed5 sung c\u01a1 ch\u1ea5t (feeder-free), \u0111\u1ea1t ti\u00eau chu\u1ea9n cGMP, d\u00f9ng trong nu\u00f4i c\u1ea5y t\u1ebf b\u00e0o g\u1ed1c ph\u00f4i (ES - Embryonic Stem Cells), t\u1ebf b\u00e0o g\u1ed1c \u0111a n\u0103ng c\u1ea3m \u1ee9ng (iPSC - Induced Pluripotent Stem Cells) c\u1ee7a ng\u01b0\u1eddi.","breadcrumb":{"@id":"https:\/\/biogroupvietnam.com\/vi\/san-pham\/mtesr1\/#breadcrumb"},"inLanguage":"vi","potentialAction":[{"@type":"ReadAction","target":["https:\/\/biogroupvietnam.com\/vi\/san-pham\/mtesr1\/"]}]},{"@type":"ImageObject","inLanguage":"vi","@id":"https:\/\/biogroupvietnam.com\/vi\/san-pham\/mtesr1\/#primaryimage","url":"https:\/\/biogroupvietnam.com\/wp-content\/uploads\/2025\/08\/moi-truong-mtesr-1.jpg","contentUrl":"https:\/\/biogroupvietnam.com\/wp-content\/uploads\/2025\/08\/moi-truong-mtesr-1.jpg","width":1640,"height":1260,"caption":"M\u00f4i Tr\u01b0\u1eddng mTeSR\u21221"},{"@type":"BreadcrumbList","@id":"https:\/\/biogroupvietnam.com\/vi\/san-pham\/mtesr1\/#breadcrumb","itemListElement":[{"@type":"ListItem","position":1,"name":"Trang ch\u1ee7","item":"https:\/\/biogroupvietnam.com\/vi\/"},{"@type":"ListItem","position":2,"name":"S\u1ea3n ph\u1ea9m","item":"https:\/\/biogroupvietnam.com\/vi\/san-pham\/"},{"@type":"ListItem","position":3,"name":"Nu\u00f4i C\u1ea5y T\u1ebf B\u00e0o","item":"https:\/\/biogroupvietnam.com\/vi\/danh-muc-san-pham\/nuoi-cay-te-bao\/"},{"@type":"ListItem","position":4,"name":"T\u1ebf B\u00e0o G\u1ed1c \u0110a N\u0103ng (PSC)","item":"https:\/\/biogroupvietnam.com\/vi\/danh-muc-san-pham\/te-bao-goc-da-nang-psc\/"},{"@type":"ListItem","position":5,"name":"M\u00f4i Tr\u01b0\u1eddng mTeSR\u21221"}]},{"@type":"WebSite","@id":"https:\/\/biogroupvietnam.com\/vi\/#website","url":"https:\/\/biogroupvietnam.com\/vi\/","name":"Biogroup Vietnam","description":"Biogroup Vietnam cung c\u1ea5p d\u1ecbch v\u1ee5 k\u1ef9 thu\u1eadt c\u00f9ng thi\u1ebft b\u1ecb, v\u1eadt t\u01b0, h\u00f3a ch\u1ea5t v\u00e0 gi\u1ea3i ph\u00e1p sinh h\u1ecdc cho ph\u00f2ng th\u00ed nghi\u1ec7m c\u00f4ng ngh\u1ec7 sinh h\u1ecdc, y sinh v\u00e0 y h\u1ecdc t\u00e1i t\u1ea1o.","potentialAction":[{"@type":"SearchAction","target":{"@type":"EntryPoint","urlTemplate":"https:\/\/biogroupvietnam.com\/vi\/?s={search_term_string}"},"query-input":{"@type":"PropertyValueSpecification","valueRequired":true,"valueName":"search_term_string"}}],"inLanguage":"vi"}]}},"_links":{"self":[{"href":"https:\/\/biogroupvietnam.com\/vi\/wp-json\/wp\/v2\/product\/3826","targetHints":{"allow":["GET"]}}],"collection":[{"href":"https:\/\/biogroupvietnam.com\/vi\/wp-json\/wp\/v2\/product"}],"about":[{"href":"https:\/\/biogroupvietnam.com\/vi\/wp-json\/wp\/v2\/types\/product"}],"replies":[{"embeddable":true,"href":"https:\/\/biogroupvietnam.com\/vi\/wp-json\/wp\/v2\/comments?post=3826"}],"version-history":[{"count":4,"href":"https:\/\/biogroupvietnam.com\/vi\/wp-json\/wp\/v2\/product\/3826\/revisions"}],"predecessor-version":[{"id":9736,"href":"https:\/\/biogroupvietnam.com\/vi\/wp-json\/wp\/v2\/product\/3826\/revisions\/9736"}],"wp:featuredmedia":[{"embeddable":true,"href":"https:\/\/biogroupvietnam.com\/vi\/wp-json\/wp\/v2\/media\/10195"}],"wp:attachment":[{"href":"https:\/\/biogroupvietnam.com\/vi\/wp-json\/wp\/v2\/media?parent=3826"}],"wp:term":[{"taxonomy":"product_brand","embeddable":true,"href":"https:\/\/biogroupvietnam.com\/vi\/wp-json\/wp\/v2\/product_brand?post=3826"},{"taxonomy":"product_cat","embeddable":true,"href":"https:\/\/biogroupvietnam.com\/vi\/wp-json\/wp\/v2\/product_cat?post=3826"},{"taxonomy":"product_tag","embeddable":true,"href":"https:\/\/biogroupvietnam.com\/vi\/wp-json\/wp\/v2\/product_tag?post=3826"}],"curies":[{"name":"wp","href":"https:\/\/api.w.org\/{rel}","templated":true}]}}