{"id":3827,"date":"2025-08-18T19:53:43","date_gmt":"2025-08-18T12:53:43","guid":{"rendered":"http:\/\/biogroupvietnam-worldpress.local\/product\/import-placeholder-for-129\/"},"modified":"2025-09-29T15:08:32","modified_gmt":"2025-09-29T08:08:32","slug":"nhan-ma-vach-nitrotag","status":"publish","type":"product","link":"https:\/\/biogroupvietnam.com\/vi\/san-pham\/nhan-ma-vach-nitrotag\/","title":{"rendered":"Nh\u00e3n m\u00e3 v\u1ea1ch \u0111\u00f4ng l\u1ea1nh NitroTAG\u00ae &#8211; 0.75\u2033 x 0.4\u2033 #JTTA-51NP"},"content":{"rendered":"<h2>Nh\u00e3n m\u00e3 v\u1ea1ch \u0111\u00f4ng l\u1ea1nh NitroTAG\u00ae d\u00f9ng l\u01b0u tr\u1eef m\u1eabu trong nit\u01a1 l\u1ecfng v\u00e0 c\u00f3 k\u00edch th\u01b0\u1edbc 0,75\u2033 x 0,4\u2033 (19,1mm x 10,2mm).<\/h2>\n<h3><strong>M\u00f4 t\u1ea3 nh\u00e3n m\u00e3 v\u1ea1ch \u0111\u00f4ng l\u1ea1nh NitroTAG\u00ae:<\/strong><\/h3>\n<p>Nh\u00e3n NitroTAG c\u00f3 s\u1eb5n \u1edf nhi\u1ec1u k\u00edch c\u1ee1 v\u00e0 c\u1ea5u h\u00ecnh, ho\u00e0n h\u1ea3o \u0111\u1ec3 nh\u1eadn d\u1ea1ng \u1ed1ng vial \u0111\u00f4ng l\u1ea1nh \u0111\u01b0\u1eddng k\u00ednh nh\u1ecf, \u1ed1ng microtube, h\u1ed9p \u0111\u00f4ng l\u1ea1nh b\u1eb1ng b\u00eca c\u1ee9ng ho\u1eb7c polypropylene, \u0111\u0129a nu\u00f4i c\u1ea5y t\u1ebf b\u00e0o v\u00e0 t\u00fai nh\u1ef1a. <strong>C\u00e1c nh\u00e3n \u0111\u00f4ng l\u1ea1nh truy\u1ec1n nhi\u1ec7t n\u00e0y c\u00f3 ch\u1ea5t k\u1ebft d\u00ednh v\u0129nh vi\u1ec5n b\u1ec1n ch\u1eafc s\u1ebd \u0111\u01b0\u1ee3c g\u1eafn ch\u1eb7t, ngay c\u1ea3 trong m\u00f4i tr\u01b0\u1eddng nhi\u1ec7t \u0111\u1ed9 th\u1ea5p, \u0111\u01b0\u1ee3c thi\u1ebft k\u1ebf \u0111\u1ec3 b\u1ea3o qu\u1ea3n l\u1ea1nh l\u00e2u d\u00e0i trong c\u00e1c \u0111i\u1ec1u ki\u1ec7n ph\u00f2ng th\u00ed nghi\u1ec7m \u0111\u00f4ng l\u1ea1nh<\/strong> bao g\u1ed3m nit\u01a1 l\u1ecfng \u1edf pha l\u1ecfng v\u00e0 pha h\u01a1i (-196\u00b0C), t\u1ee7 \u0111\u00f4ng s\u00e2u (-80\u00b0C), v\u00e0 v\u1eadn chuy\u1ec3n \u0111\u00e1 kh\u00f4.<\/p>\n<p>Kh\u00f4ng th\u1ea5m n\u01b0\u1edbc, ch\u1ecbu th\u1eddi ti\u1ebft v\u00e0 b\u1ec1n, nh\u00e3n NitroTAG b\u00e1m d\u00ednh tr\u00ean c\u00e1c b\u1ec1 m\u1eb7t \u1ea9m \u01b0\u1edbt, ch\u1ecbu \u0111\u01b0\u1ee3c nhi\u1ec1u nhi\u1ec7t \u0111\u1ed9 kh\u1eafc nghi\u1ec7t bao g\u1ed3m nhi\u1ec1u chu k\u1ef3 \u0111\u00f4ng l\u1ea1nh &#8211;&nbsp;r\u00e3 \u0111\u00f4ng v\u00e0 c\u00f3 th\u1ec3 \u0111\u01b0\u1ee3c ng\u00e2m trong nit\u01a1 l\u1ecfng ngay sau khi d\u00e1n nh\u00e3n, v\u00ec ch\u00fang kh\u00f4ng y\u00eau c\u1ea7u s\u1eed d\u1ee5ng th\u00eam b\u0103ng d\u00e1n ho\u1eb7c qu\u1ea5n quanh. Ch\u00fang c\u0169ng c\u00f3 kh\u1ea3 n\u0103ng ch\u1ed1ng phun etanol, isopropanol v\u00e0 c\u00e1c lo\u1ea1i dung m\u00f4i alcohol kh\u00e1c, thu\u1ed1c t\u1ea9y v\u00e0 ch\u1ea5t t\u1ea9y r\u1eeda (khuy\u1ebfn ngh\u1ecb th\u1eed nghi\u1ec7m), c\u0169ng nh\u01b0 lau v\u00e0 ch\u00e0 x\u00e1t li\u00ean t\u1ee5c v\u1edbi c\u00e1c lo\u1ea1i kh\u0103n lau l\u00e0m v\u1ec7 sinh b\u1ec1 m\u1eb7t nh\u01b0 Sani-Wipe\u2122, Eco-Wipe\u2122 v\u00e0 Eco-Wipe\u2122 Duo.<\/p>\n<p>Nh\u00e3n c\u00f3 th\u1ec3 \u0111\u01b0\u1ee3c in b\u1eb1ng t\u1ea5t c\u1ea3 c\u00e1c th\u01b0\u01a1ng hi\u1ec7u l\u1edbn c\u1ee7a m\u00e1y in chuy\u1ec3n nhi\u1ec7t. Ch\u00fang c\u00f3 s\u1eb5n v\u1edbi nhi\u1ec1u m\u00e0u s\u1eafc v\u00e0 k\u00edch c\u1ee1 v\u00e0 c\u00f3 th\u1ec3 \u0111\u01b0\u1ee3c in b\u1eb1ng v\u0103n b\u1ea3n ch\u1eef v\u00e0 s\u1ed1, c\u0169ng nh\u01b0 m\u00e3 v\u1ea1ch 1D v\u00e0 2D.<\/p>\n<h3><strong>Ti\u1ec7n \u00edch c\u1ee7a nh\u00e3n m\u00e3 v\u1ea1ch \u0111\u00f4ng l\u1ea1nh NitroTAG\u00ae<\/strong><\/h3>\n<ul>\n<li>Ch\u1ecbu \u0111\u01b0\u1ee3c nhi\u1ec7t \u0111\u1ed9 c\u1ef1c l\u1ea1nh (-196\u00b0C, trong nit\u01a1 l\u1ecfng \u1edd pha l\u1ecfng ho\u1eb7c pha h\u01a1i).<\/li>\n<li>Y\u00eau c\u1ea7u th\u1eddi gian l\u01b0u h\u00f3a b\u1eb1ng kh\u00f4ng, c\u00f3 th\u1ec3 ng\u00e2m trong nit\u01a1 l\u1ecfng ngay sau khi d\u00e1n nh\u00e3n.<\/li>\n<li>Keo d\u00e1n \u0111\u00f4ng l\u1ea1nh v\u0129nh c\u1eedu m\u1ea1nh cho ph\u00e9p nh\u00e3n d\u00ednh v\u00e0o c\u00e1c b\u1ec1 m\u1eb7t \u1ea9m \u01b0\u1edbt.<\/li>\n<\/ul>\n<p>&nbsp;<\/p>\n","protected":false},"excerpt":{"rendered":"<p>Nh\u00e3n m\u00e3 v\u1ea1ch \u0111\u00f4ng l\u1ea1nh NitroTAG\u00ae d\u00f9ng l\u01b0u tr\u1eef m\u1eabu trong nit\u01a1 l\u1ecfng v\u00e0 c\u00f3 k\u00edch th\u01b0\u1edbc 0,75\u2033 x 0,4\u2033 (19,1mm x 10,2mm). M\u00f4 t\u1ea3 nh\u00e3n m\u00e3 v\u1ea1ch \u0111\u00f4ng l\u1ea1nh NitroTAG\u00ae: Nh\u00e3n NitroTAG c\u00f3 s\u1eb5n \u1edf nhi\u1ec1u k\u00edch c\u1ee1 v\u00e0 c\u1ea5u h\u00ecnh, ho\u00e0n h\u1ea3o \u0111\u1ec3 nh\u1eadn d\u1ea1ng \u1ed1ng vial \u0111\u00f4ng l\u1ea1nh \u0111\u01b0\u1eddng k\u00ednh nh\u1ecf, \u1ed1ng<\/p>\n<div class=\"klb-readmore post-buttons\"><a class=\"button rounded primary\" href=\"https:\/\/biogroupvietnam.com\/vi\/san-pham\/nhan-ma-vach-nitrotag\/\">Read More <i class=\"klbth-icon-right-arrow\"><\/i><\/a><\/div>\n","protected":false},"featured_media":5426,"comment_status":"closed","ping_status":"closed","template":"","meta":{"_acf_changed":false},"product_brand":[131],"product_cat":[104],"product_tag":[],"class_list":{"0":"post-3827","1":"product","2":"type-product","3":"status-publish","4":"has-post-thumbnail","6":"product_brand-ga-international-labtag","7":"product_cat-nhan-ma-vach-dong-lanh","9":"first","10":"outofstock","11":"shipping-taxable","12":"product-type-simple"},"acf":[],"yoast_head":"<!-- This site is optimized with the Yoast SEO plugin v26.8 - https:\/\/yoast.com\/product\/yoast-seo-wordpress\/ -->\n<title>Nh\u00e3n m\u00e3 v\u1ea1ch \u0111\u00f4ng l\u1ea1nh NitroTAG\u00ae - 0.75\u2033 x 0.4\u2033 #JTTA-51NP<\/title>\n<meta name=\"description\" content=\"Nh\u00e3n m\u00e3 v\u1ea1ch \u0111\u00f4ng l\u1ea1nh NitroTAG\u00ae d\u00f9ng l\u01b0u tr\u1eef m\u1eabu trong nit\u01a1 l\u1ecfng v\u00e0 c\u00f3 k\u00edch th\u01b0\u1edbc 0,75\u2033 x 0,4\u2033 (19,1mm x 10,2mm).\" \/>\n<meta name=\"robots\" content=\"index, follow, max-snippet:-1, max-image-preview:large, max-video-preview:-1\" \/>\n<link rel=\"canonical\" href=\"https:\/\/biogroupvietnam.com\/vi\/san-pham\/nhan-ma-vach-nitrotag\/\" \/>\n<meta property=\"og:locale\" content=\"vi_VN\" \/>\n<meta property=\"og:type\" content=\"article\" \/>\n<meta property=\"og:title\" content=\"Nh\u00e3n m\u00e3 v\u1ea1ch \u0111\u00f4ng l\u1ea1nh NitroTAG\u00ae - 0.75\u2033 x 0.4\u2033 #JTTA-51NP\" \/>\n<meta property=\"og:description\" content=\"Nh\u00e3n m\u00e3 v\u1ea1ch \u0111\u00f4ng l\u1ea1nh NitroTAG\u00ae d\u00f9ng l\u01b0u tr\u1eef m\u1eabu trong nit\u01a1 l\u1ecfng v\u00e0 c\u00f3 k\u00edch th\u01b0\u1edbc 0,75\u2033 x 0,4\u2033 (19,1mm x 10,2mm).\" \/>\n<meta property=\"og:url\" content=\"https:\/\/biogroupvietnam.com\/vi\/san-pham\/nhan-ma-vach-nitrotag\/\" \/>\n<meta property=\"og:site_name\" content=\"Biogroup Vietnam\" \/>\n<meta property=\"article:modified_time\" content=\"2025-09-29T08:08:32+00:00\" \/>\n<meta property=\"og:image\" content=\"https:\/\/biogroupvietnam.com\/wp-content\/uploads\/2025\/08\/D4ihzjCPKN1dJx22RpHdJmThEhh9miT2y8cZTfUp.png\" \/>\n\t<meta property=\"og:image:width\" content=\"440\" \/>\n\t<meta property=\"og:image:height\" content=\"440\" \/>\n\t<meta property=\"og:image:type\" content=\"image\/png\" \/>\n<meta name=\"twitter:card\" content=\"summary_large_image\" \/>\n<meta name=\"twitter:label1\" content=\"\u01af\u1edbc t\u00ednh th\u1eddi gian \u0111\u1ecdc\" \/>\n\t<meta name=\"twitter:data1\" content=\"3 ph\u00fat\" \/>\n<script type=\"application\/ld+json\" class=\"yoast-schema-graph\">{\"@context\":\"https:\/\/schema.org\",\"@graph\":[{\"@type\":\"WebPage\",\"@id\":\"https:\/\/biogroupvietnam.com\/vi\/san-pham\/nhan-ma-vach-nitrotag\/\",\"url\":\"https:\/\/biogroupvietnam.com\/vi\/san-pham\/nhan-ma-vach-nitrotag\/\",\"name\":\"Nh\u00e3n m\u00e3 v\u1ea1ch \u0111\u00f4ng l\u1ea1nh NitroTAG\u00ae - 0.75\u2033 x 0.4\u2033 #JTTA-51NP\",\"isPartOf\":{\"@id\":\"https:\/\/biogroupvietnam.com\/vi\/#website\"},\"primaryImageOfPage\":{\"@id\":\"https:\/\/biogroupvietnam.com\/vi\/san-pham\/nhan-ma-vach-nitrotag\/#primaryimage\"},\"image\":{\"@id\":\"https:\/\/biogroupvietnam.com\/vi\/san-pham\/nhan-ma-vach-nitrotag\/#primaryimage\"},\"thumbnailUrl\":\"https:\/\/biogroupvietnam.com\/wp-content\/uploads\/2025\/08\/D4ihzjCPKN1dJx22RpHdJmThEhh9miT2y8cZTfUp.png\",\"datePublished\":\"2025-08-18T12:53:43+00:00\",\"dateModified\":\"2025-09-29T08:08:32+00:00\",\"description\":\"Nh\u00e3n m\u00e3 v\u1ea1ch \u0111\u00f4ng l\u1ea1nh NitroTAG\u00ae d\u00f9ng l\u01b0u tr\u1eef m\u1eabu trong nit\u01a1 l\u1ecfng v\u00e0 c\u00f3 k\u00edch th\u01b0\u1edbc 0,75\u2033 x 0,4\u2033 (19,1mm x 10,2mm).\",\"breadcrumb\":{\"@id\":\"https:\/\/biogroupvietnam.com\/vi\/san-pham\/nhan-ma-vach-nitrotag\/#breadcrumb\"},\"inLanguage\":\"vi\",\"potentialAction\":[{\"@type\":\"ReadAction\",\"target\":[\"https:\/\/biogroupvietnam.com\/vi\/san-pham\/nhan-ma-vach-nitrotag\/\"]}]},{\"@type\":\"ImageObject\",\"inLanguage\":\"vi\",\"@id\":\"https:\/\/biogroupvietnam.com\/vi\/san-pham\/nhan-ma-vach-nitrotag\/#primaryimage\",\"url\":\"https:\/\/biogroupvietnam.com\/wp-content\/uploads\/2025\/08\/D4ihzjCPKN1dJx22RpHdJmThEhh9miT2y8cZTfUp.png\",\"contentUrl\":\"https:\/\/biogroupvietnam.com\/wp-content\/uploads\/2025\/08\/D4ihzjCPKN1dJx22RpHdJmThEhh9miT2y8cZTfUp.png\",\"width\":440,\"height\":440,\"caption\":\"\u00a0\"},{\"@type\":\"BreadcrumbList\",\"@id\":\"https:\/\/biogroupvietnam.com\/vi\/san-pham\/nhan-ma-vach-nitrotag\/#breadcrumb\",\"itemListElement\":[{\"@type\":\"ListItem\",\"position\":1,\"name\":\"Trang ch\u1ee7\",\"item\":\"https:\/\/biogroupvietnam.com\/vi\/\"},{\"@type\":\"ListItem\",\"position\":2,\"name\":\"S\u1ea3n ph\u1ea9m\",\"item\":\"https:\/\/biogroupvietnam.com\/vi\/san-pham\/\"},{\"@type\":\"ListItem\",\"position\":3,\"name\":\"B\u1ea3o Qu\u1ea3n L\u1ea1nh T\u1ebf B\u00e0o\",\"item\":\"https:\/\/biogroupvietnam.com\/vi\/danh-muc-san-pham\/bao-quan-lanh-te-bao\/\"},{\"@type\":\"ListItem\",\"position\":4,\"name\":\"Nh\u00e3n M\u00e3 V\u1ea1ch \u0110\u00f4ng L\u1ea1nh\",\"item\":\"https:\/\/biogroupvietnam.com\/vi\/danh-muc-san-pham\/nhan-ma-vach-dong-lanh\/\"},{\"@type\":\"ListItem\",\"position\":5,\"name\":\"Nh\u00e3n m\u00e3 v\u1ea1ch \u0111\u00f4ng l\u1ea1nh NitroTAG\u00ae &#8211; 0.75\u2033 x 0.4\u2033 #JTTA-51NP\"}]},{\"@type\":\"WebSite\",\"@id\":\"https:\/\/biogroupvietnam.com\/vi\/#website\",\"url\":\"https:\/\/biogroupvietnam.com\/vi\/\",\"name\":\"Biogroup Vietnam\",\"description\":\"Biogroup Vietnam cung c\u1ea5p d\u1ecbch v\u1ee5 k\u1ef9 thu\u1eadt c\u00f9ng thi\u1ebft b\u1ecb, v\u1eadt t\u01b0, h\u00f3a ch\u1ea5t v\u00e0 gi\u1ea3i ph\u00e1p sinh h\u1ecdc cho ph\u00f2ng th\u00ed nghi\u1ec7m c\u00f4ng ngh\u1ec7 sinh h\u1ecdc, y sinh v\u00e0 y h\u1ecdc t\u00e1i t\u1ea1o.\",\"potentialAction\":[{\"@type\":\"SearchAction\",\"target\":{\"@type\":\"EntryPoint\",\"urlTemplate\":\"https:\/\/biogroupvietnam.com\/vi\/?s={search_term_string}\"},\"query-input\":{\"@type\":\"PropertyValueSpecification\",\"valueRequired\":true,\"valueName\":\"search_term_string\"}}],\"inLanguage\":\"vi\"}]}<\/script>\n<!-- \/ Yoast SEO plugin. -->","yoast_head_json":{"title":"Nh\u00e3n m\u00e3 v\u1ea1ch \u0111\u00f4ng l\u1ea1nh NitroTAG\u00ae - 0.75\u2033 x 0.4\u2033 #JTTA-51NP","description":"Nh\u00e3n m\u00e3 v\u1ea1ch \u0111\u00f4ng l\u1ea1nh NitroTAG\u00ae d\u00f9ng l\u01b0u tr\u1eef m\u1eabu trong nit\u01a1 l\u1ecfng v\u00e0 c\u00f3 k\u00edch th\u01b0\u1edbc 0,75\u2033 x 0,4\u2033 (19,1mm x 10,2mm).","robots":{"index":"index","follow":"follow","max-snippet":"max-snippet:-1","max-image-preview":"max-image-preview:large","max-video-preview":"max-video-preview:-1"},"canonical":"https:\/\/biogroupvietnam.com\/vi\/san-pham\/nhan-ma-vach-nitrotag\/","og_locale":"vi_VN","og_type":"article","og_title":"Nh\u00e3n m\u00e3 v\u1ea1ch \u0111\u00f4ng l\u1ea1nh NitroTAG\u00ae - 0.75\u2033 x 0.4\u2033 #JTTA-51NP","og_description":"Nh\u00e3n m\u00e3 v\u1ea1ch \u0111\u00f4ng l\u1ea1nh NitroTAG\u00ae d\u00f9ng l\u01b0u tr\u1eef m\u1eabu trong nit\u01a1 l\u1ecfng v\u00e0 c\u00f3 k\u00edch th\u01b0\u1edbc 0,75\u2033 x 0,4\u2033 (19,1mm x 10,2mm).","og_url":"https:\/\/biogroupvietnam.com\/vi\/san-pham\/nhan-ma-vach-nitrotag\/","og_site_name":"Biogroup Vietnam","article_modified_time":"2025-09-29T08:08:32+00:00","og_image":[{"width":440,"height":440,"url":"https:\/\/biogroupvietnam.com\/wp-content\/uploads\/2025\/08\/D4ihzjCPKN1dJx22RpHdJmThEhh9miT2y8cZTfUp.png","type":"image\/png"}],"twitter_card":"summary_large_image","twitter_misc":{"\u01af\u1edbc t\u00ednh th\u1eddi gian \u0111\u1ecdc":"3 ph\u00fat"},"schema":{"@context":"https:\/\/schema.org","@graph":[{"@type":"WebPage","@id":"https:\/\/biogroupvietnam.com\/vi\/san-pham\/nhan-ma-vach-nitrotag\/","url":"https:\/\/biogroupvietnam.com\/vi\/san-pham\/nhan-ma-vach-nitrotag\/","name":"Nh\u00e3n m\u00e3 v\u1ea1ch \u0111\u00f4ng l\u1ea1nh NitroTAG\u00ae - 0.75\u2033 x 0.4\u2033 #JTTA-51NP","isPartOf":{"@id":"https:\/\/biogroupvietnam.com\/vi\/#website"},"primaryImageOfPage":{"@id":"https:\/\/biogroupvietnam.com\/vi\/san-pham\/nhan-ma-vach-nitrotag\/#primaryimage"},"image":{"@id":"https:\/\/biogroupvietnam.com\/vi\/san-pham\/nhan-ma-vach-nitrotag\/#primaryimage"},"thumbnailUrl":"https:\/\/biogroupvietnam.com\/wp-content\/uploads\/2025\/08\/D4ihzjCPKN1dJx22RpHdJmThEhh9miT2y8cZTfUp.png","datePublished":"2025-08-18T12:53:43+00:00","dateModified":"2025-09-29T08:08:32+00:00","description":"Nh\u00e3n m\u00e3 v\u1ea1ch \u0111\u00f4ng l\u1ea1nh NitroTAG\u00ae d\u00f9ng l\u01b0u tr\u1eef m\u1eabu trong nit\u01a1 l\u1ecfng v\u00e0 c\u00f3 k\u00edch th\u01b0\u1edbc 0,75\u2033 x 0,4\u2033 (19,1mm x 10,2mm).","breadcrumb":{"@id":"https:\/\/biogroupvietnam.com\/vi\/san-pham\/nhan-ma-vach-nitrotag\/#breadcrumb"},"inLanguage":"vi","potentialAction":[{"@type":"ReadAction","target":["https:\/\/biogroupvietnam.com\/vi\/san-pham\/nhan-ma-vach-nitrotag\/"]}]},{"@type":"ImageObject","inLanguage":"vi","@id":"https:\/\/biogroupvietnam.com\/vi\/san-pham\/nhan-ma-vach-nitrotag\/#primaryimage","url":"https:\/\/biogroupvietnam.com\/wp-content\/uploads\/2025\/08\/D4ihzjCPKN1dJx22RpHdJmThEhh9miT2y8cZTfUp.png","contentUrl":"https:\/\/biogroupvietnam.com\/wp-content\/uploads\/2025\/08\/D4ihzjCPKN1dJx22RpHdJmThEhh9miT2y8cZTfUp.png","width":440,"height":440,"caption":"\u00a0"},{"@type":"BreadcrumbList","@id":"https:\/\/biogroupvietnam.com\/vi\/san-pham\/nhan-ma-vach-nitrotag\/#breadcrumb","itemListElement":[{"@type":"ListItem","position":1,"name":"Trang ch\u1ee7","item":"https:\/\/biogroupvietnam.com\/vi\/"},{"@type":"ListItem","position":2,"name":"S\u1ea3n ph\u1ea9m","item":"https:\/\/biogroupvietnam.com\/vi\/san-pham\/"},{"@type":"ListItem","position":3,"name":"B\u1ea3o Qu\u1ea3n L\u1ea1nh T\u1ebf B\u00e0o","item":"https:\/\/biogroupvietnam.com\/vi\/danh-muc-san-pham\/bao-quan-lanh-te-bao\/"},{"@type":"ListItem","position":4,"name":"Nh\u00e3n M\u00e3 V\u1ea1ch \u0110\u00f4ng L\u1ea1nh","item":"https:\/\/biogroupvietnam.com\/vi\/danh-muc-san-pham\/nhan-ma-vach-dong-lanh\/"},{"@type":"ListItem","position":5,"name":"Nh\u00e3n m\u00e3 v\u1ea1ch \u0111\u00f4ng l\u1ea1nh NitroTAG\u00ae &#8211; 0.75\u2033 x 0.4\u2033 #JTTA-51NP"}]},{"@type":"WebSite","@id":"https:\/\/biogroupvietnam.com\/vi\/#website","url":"https:\/\/biogroupvietnam.com\/vi\/","name":"Biogroup Vietnam","description":"Biogroup Vietnam cung c\u1ea5p d\u1ecbch v\u1ee5 k\u1ef9 thu\u1eadt c\u00f9ng thi\u1ebft b\u1ecb, v\u1eadt t\u01b0, h\u00f3a ch\u1ea5t v\u00e0 gi\u1ea3i ph\u00e1p sinh h\u1ecdc cho ph\u00f2ng th\u00ed nghi\u1ec7m c\u00f4ng ngh\u1ec7 sinh h\u1ecdc, y sinh v\u00e0 y h\u1ecdc t\u00e1i t\u1ea1o.","potentialAction":[{"@type":"SearchAction","target":{"@type":"EntryPoint","urlTemplate":"https:\/\/biogroupvietnam.com\/vi\/?s={search_term_string}"},"query-input":{"@type":"PropertyValueSpecification","valueRequired":true,"valueName":"search_term_string"}}],"inLanguage":"vi"}]}},"_links":{"self":[{"href":"https:\/\/biogroupvietnam.com\/vi\/wp-json\/wp\/v2\/product\/3827","targetHints":{"allow":["GET"]}}],"collection":[{"href":"https:\/\/biogroupvietnam.com\/vi\/wp-json\/wp\/v2\/product"}],"about":[{"href":"https:\/\/biogroupvietnam.com\/vi\/wp-json\/wp\/v2\/types\/product"}],"replies":[{"embeddable":true,"href":"https:\/\/biogroupvietnam.com\/vi\/wp-json\/wp\/v2\/comments?post=3827"}],"version-history":[{"count":2,"href":"https:\/\/biogroupvietnam.com\/vi\/wp-json\/wp\/v2\/product\/3827\/revisions"}],"predecessor-version":[{"id":8219,"href":"https:\/\/biogroupvietnam.com\/vi\/wp-json\/wp\/v2\/product\/3827\/revisions\/8219"}],"wp:featuredmedia":[{"embeddable":true,"href":"https:\/\/biogroupvietnam.com\/vi\/wp-json\/wp\/v2\/media\/5426"}],"wp:attachment":[{"href":"https:\/\/biogroupvietnam.com\/vi\/wp-json\/wp\/v2\/media?parent=3827"}],"wp:term":[{"taxonomy":"product_brand","embeddable":true,"href":"https:\/\/biogroupvietnam.com\/vi\/wp-json\/wp\/v2\/product_brand?post=3827"},{"taxonomy":"product_cat","embeddable":true,"href":"https:\/\/biogroupvietnam.com\/vi\/wp-json\/wp\/v2\/product_cat?post=3827"},{"taxonomy":"product_tag","embeddable":true,"href":"https:\/\/biogroupvietnam.com\/vi\/wp-json\/wp\/v2\/product_tag?post=3827"}],"curies":[{"name":"wp","href":"https:\/\/api.w.org\/{rel}","templated":true}]}}