{"id":3828,"date":"2025-08-18T19:53:44","date_gmt":"2025-08-18T12:53:44","guid":{"rendered":"http:\/\/biogroupvietnam-worldpress.local\/product\/import-placeholder-for-130\/"},"modified":"2025-09-29T15:08:33","modified_gmt":"2025-09-29T08:08:33","slug":"cryostuck","status":"publish","type":"product","link":"https:\/\/biogroupvietnam.com\/vi\/san-pham\/cryostuck\/","title":{"rendered":"Nh\u00e3n m\u00e3 v\u1ea1ch ch\u1ecbu l\u1ea1nh CryoSTUCK\u00ae &#8211; 4\u2033x 4\u2033 #UC-122"},"content":{"rendered":"<h2>Nh\u00e3n m\u00e3 v\u1ea1ch ch\u1ecbu l\u1ea1nh&nbsp;CryoSTUCK\u00ae c\u00f3 k\u00edch th\u01b0\u1edbc 101,6 mm x 101,6 mm (4\u2033x 4\u2033).<\/h2>\n<h3><strong>M\u00f4 t\u1ea3 c\u1ee7a nh\u00e3n CryoSTUCK\u00ae #UC-122:<\/strong><\/h3>\n<p>C\u00e1c nh\u00e3n \u0111\u00f4ng l\u1ea1nh n\u00e0y cung c\u1ea5p gi\u1ea3i ph\u00e1p t\u1ea5t c\u1ea3 trong m\u1ed9t \u0111\u1ec3 b\u1ea3o qu\u1ea3n \u0111\u00f4ng l\u1ea1nh v\u00ec ch\u00fang b\u00e1m ch\u1eafc v\u00e0o c\u1ea3 c\u00e1c b\u1ec1 m\u1eb7t nhi\u1ec7t \u0111\u1ed9 ph\u00f2ng v\u00e0 b\u1ec1 m\u1eb7t \u0111\u00e3 \u0111\u00f4ng l\u1ea1nh (th\u1ea5p \u0111\u1ebfn -80\u00b0C\/ -112\u00b0F) m\u00e0 kh\u00f4ng c\u1ea7n th\u1eddi gian r\u00e3 \u0111\u00f4ng, ho\u1eb7c b\u1ea5t k\u1ef3 ph\u01b0\u01a1ng ph\u00e1p x\u1eed l\u00fd \u0111\u1eb7c bi\u1ec7t n\u00e0o kh\u00e1c.<\/p>\n<p>Nh\u00e3n duy tr\u00ec \u0111\u1ed9 b\u00e1m d\u00ednh l\u00e2u d\u00e0i tuy\u1ec7t v\u1eddi khi \u0111\u01b0\u1ee3c b\u1ea3o qu\u1ea3n trong \u0111i\u1ec1u ki\u1ec7n \u0111\u00f4ng l\u1ea1nh.<\/p>\n<p>Do ch\u1ea5t k\u1ebft d\u00ednh \u0111\u1eb7c bi\u1ec7t v\u00e0 thi\u1ebft k\u1ebf ph\u00f9 h\u1ee3p c\u1ee7a ch\u00fang, nh\u1eefng nh\u00e3n \u0111\u00f4ng l\u1ea1nh n\u00e0y c\u00f3 th\u1ec3 \u0111\u01b0\u1ee3c d\u00e1n l\u00ean c\u1ea3 b\u1ec1 m\u1eb7t ph\u1eb3ng v\u00e0 cong, l\u00fd t\u01b0\u1edfng \u0111\u1ec3 nh\u1eadn di\u1ec7n \u1ed1ng vial, microtube, c\u0169ng nh\u01b0 h\u1ed9p l\u01b0u tr\u1eef b\u1eb1ng cardboard v\u00e0 polycarbonate nh\u1eb1m m\u1ee5c \u0111\u00edch l\u01b0u tr\u1eef l\u00e2u d\u00e0i trong b\u00ecnh nit\u01a1 l\u1ecfng (-196\u00b0C\/ -321\u00b0F), t\u1ee7 l\u1ea1nh \u00e2m s\u00e2u (-80\u00b0C) v\u00e0 v\u1eadn chuy\u1ec3n b\u1eb1ng \u0111\u00e1 kh\u00f4.<\/p>\n<p>Ho\u00e0n to\u00e0n ph\u00f9 h\u1ee3p \u0111\u1ec3 nh\u1eadn di\u1ec7n c\u00e1c \u1ed1ng vial \u0111\u01b0\u1ee3c s\u1eed d\u1ee5ng \u0111\u1ec3 ng\u00e2m ngay trong nit\u01a1 l\u1ecfng c\u0169ng nh\u01b0 d\u00e1n nh\u00e3n c\u00e1c l\u1ecd \u0111\u00e3 \u0111\u01b0\u1ee3c \u0111\u00f4ng l\u1ea1nh m\u00e0 kh\u00f4ng c\u1ea7n ph\u1ea3i r\u00e3 \u0111\u00f4ng tr\u01b0\u1edbc, do \u0111\u00f3 b\u1ea3o to\u00e0n t\u00ednh to\u00e0n v\u1eb9n sinh h\u1ecdc c\u1ee7a c\u00e1c m\u1eabu \u0111\u00e3 \u0111\u00f4ng l\u1ea1nh.<\/p>\n<p>Ch\u1ed1ng l\u1ea1i nhi\u1ec7t \u0111\u1ed9 t\u0103ng cao l\u00ean \u0111\u1ebfn +121\u00b0C \/ +249\u00b0F v\u00e0 ho\u00e0n to\u00e0n ph\u00f9 h\u1ee3p \u0111\u1ec3 nh\u1eadn di\u1ec7n c\u00e1c v\u1eadt ch\u1ee9a \u0111\u1eb7t trong b\u1ec3 \u1ed5n nhi\u1ec7t, r\u00e3 \u0111\u00f4ng tr\u1ef1c ti\u1ebfp sau khi l\u1ea5y ra kh\u1ecfi n\u01a1i l\u01b0u tr\u1eef.<\/p>\n<p>Ch\u1ecbu \u0111\u01b0\u1ee3c \u0111i\u1ec1u ki\u1ec7n kh\u1eed tr\u00f9ng b\u1eb1ng n\u1ed3i h\u1ea5p ti\u1ec7t tr\u00f9ng b\u1eb1ng h\u01a1i n\u01b0\u1edbc ti\u00eau chu\u1ea9n (+ 121\u00b0C\/ + 249\u00b0F, 16psi, 20 ph\u00fat).<\/p>\n<p>T\u01b0\u01a1ng th\u00edch v\u1edbi h\u1ea7u h\u1ebft c\u00e1c m\u00e1y in truy\u1ec1n nhi\u1ec7t ph\u1ed5 bi\u1ebfn, \u0110\u1ec3 c\u00f3 \u0111\u01b0\u1ee3c b\u1ea3n in t\u1ed1i \u01b0u nh\u1ea5t, n\u00ean s\u1eed d\u1ee5ng b\u0103ng m\u1ef1c in RR-Class resin theo khuy\u1ebfn c\u00e1o.<\/p>\n<p>C\u00f3 th\u1ec3 vi\u1ebft l\u00ean b\u1eb1ng marker \u0111\u00f4ng l\u1ea1nh.<\/p>\n<h3><strong>Ti\u1ec7n \u00edch c\u1ee7a nh\u00e3n CryoSTUCK\u00ae #UC-122:<\/strong><\/h3>\n<ul>\n<li>Ch\u1ea5t k\u1ebft d\u00ednh si\u00eau b\u1ec1n \u0111\u1ea3m b\u1ea3o nh\u00e3n kh\u00f4ng bong tr\u00f3c ho\u1eb7c bong ra khi b\u1ea3o qu\u1ea3n trong nit\u01a1 l\u1ecfng<\/li>\n<li>C\u00f3 th\u1ec3 in truy\u1ec1n nhi\u1ec7t cho ch\u1ea5t l\u01b0\u1ee3ng b\u1ea3n in v\u00e0 m\u00e3 v\u1ea1ch t\u1ed1t nh\u1ea5t<\/li>\n<li>L\u00fd t\u01b0\u1edfng \u0111\u1ec3 d\u00e1n nh\u00e3n \u1edf nhi\u1ec7t \u0111\u1ed9 ph\u00f2ng c\u0169ng nh\u01b0 c\u00e1c b\u1ec1 m\u1eb7t \u0111\u00f4ng l\u1ea1nh m\u00e0 kh\u00f4ng c\u1ea7n r\u00e3 \u0111\u00f4ng tr\u01b0\u1edbc<\/li>\n<li>Kh\u00f4ng c\u1ea7n ch\u1ed3ng l\u00ean nhau ho\u1eb7c qu\u1ea5n xung quanh \u0111\u1ec3 c\u00f3 \u0111\u1ed9 b\u00e1m d\u00ednh ph\u00f9 h\u1ee3p<\/li>\n<li>Kh\u1ea3 n\u0103ng ch\u1ecbu \u0111\u01b0\u1ee3c kho\u1ea3ng nhi\u1ec7t \u0111\u1ed9 r\u1ed9ng<\/li>\n<li>Nh\u00e3n h\u00ecnh tr\u00f2n ph\u00f9 h\u1ee3p cho n\u1eafp \u1ed1ng vial \u0111\u00f4ng l\u1ea1nh, s\u1eed d\u1ee5ng cho c\u1ea3 khi \u0111\u00e3 \u0111\u01b0\u1ee3c \u0111\u00f4ng l\u1ea1nh<\/li>\n<\/ul>\n","protected":false},"excerpt":{"rendered":"<p>Nh\u00e3n m\u00e3 v\u1ea1ch ch\u1ecbu l\u1ea1nh&nbsp;CryoSTUCK\u00ae c\u00f3 k\u00edch th\u01b0\u1edbc 101,6 mm x 101,6 mm (4\u2033x 4\u2033). M\u00f4 t\u1ea3 c\u1ee7a nh\u00e3n CryoSTUCK\u00ae #UC-122: C\u00e1c nh\u00e3n \u0111\u00f4ng l\u1ea1nh n\u00e0y cung c\u1ea5p gi\u1ea3i ph\u00e1p t\u1ea5t c\u1ea3 trong m\u1ed9t \u0111\u1ec3 b\u1ea3o qu\u1ea3n \u0111\u00f4ng l\u1ea1nh v\u00ec ch\u00fang b\u00e1m ch\u1eafc v\u00e0o c\u1ea3 c\u00e1c b\u1ec1 m\u1eb7t nhi\u1ec7t \u0111\u1ed9 ph\u00f2ng v\u00e0 b\u1ec1 m\u1eb7t \u0111\u00e3<\/p>\n<div class=\"klb-readmore post-buttons\"><a class=\"button rounded primary\" href=\"https:\/\/biogroupvietnam.com\/vi\/san-pham\/cryostuck\/\">Read More <i class=\"klbth-icon-right-arrow\"><\/i><\/a><\/div>\n","protected":false},"featured_media":5427,"comment_status":"closed","ping_status":"closed","template":"","meta":{"_acf_changed":false},"product_brand":[131],"product_cat":[104],"product_tag":[],"class_list":{"0":"post-3828","1":"product","2":"type-product","3":"status-publish","4":"has-post-thumbnail","6":"product_brand-ga-international-labtag","7":"product_cat-nhan-ma-vach-dong-lanh","9":"first","10":"outofstock","11":"shipping-taxable","12":"product-type-simple"},"acf":[],"yoast_head":"<!-- This site is optimized with the Yoast SEO plugin v26.8 - https:\/\/yoast.com\/product\/yoast-seo-wordpress\/ -->\n<title>Nh\u00e3n m\u00e3 v\u1ea1ch ch\u1ecbu l\u1ea1nh CryoSTUCK\u00ae - 4\u2033x 4\u2033 #UC-122<\/title>\n<meta name=\"description\" content=\"Nh\u00e3n m\u00e3 v\u1ea1ch ch\u1ecbu l\u1ea1nh\u00a0CryoSTUCK\u00ae c\u00f3 k\u00edch th\u01b0\u1edbc 101,6 mm x 101,6 mm (4\u2033x 4\u2033).\" \/>\n<meta name=\"robots\" content=\"index, follow, max-snippet:-1, max-image-preview:large, max-video-preview:-1\" \/>\n<link rel=\"canonical\" href=\"https:\/\/biogroupvietnam.com\/vi\/san-pham\/cryostuck\/\" \/>\n<meta property=\"og:locale\" content=\"vi_VN\" \/>\n<meta property=\"og:type\" content=\"article\" \/>\n<meta property=\"og:title\" content=\"Nh\u00e3n m\u00e3 v\u1ea1ch ch\u1ecbu l\u1ea1nh CryoSTUCK\u00ae - 4\u2033x 4\u2033 #UC-122\" \/>\n<meta property=\"og:description\" content=\"Nh\u00e3n m\u00e3 v\u1ea1ch ch\u1ecbu l\u1ea1nh\u00a0CryoSTUCK\u00ae c\u00f3 k\u00edch th\u01b0\u1edbc 101,6 mm x 101,6 mm (4\u2033x 4\u2033).\" \/>\n<meta property=\"og:url\" content=\"https:\/\/biogroupvietnam.com\/vi\/san-pham\/cryostuck\/\" \/>\n<meta property=\"og:site_name\" content=\"Biogroup Vietnam\" \/>\n<meta property=\"article:modified_time\" content=\"2025-09-29T08:08:33+00:00\" \/>\n<meta property=\"og:image\" content=\"https:\/\/biogroupvietnam.com\/wp-content\/uploads\/2025\/08\/zshtHU9oef6R8DODvWJFFi0MlQwBVttP4oIZ6dLd.jpg\" \/>\n\t<meta property=\"og:image:width\" content=\"800\" \/>\n\t<meta property=\"og:image:height\" content=\"800\" \/>\n\t<meta property=\"og:image:type\" content=\"image\/jpeg\" \/>\n<meta name=\"twitter:card\" content=\"summary_large_image\" \/>\n<meta name=\"twitter:label1\" content=\"\u01af\u1edbc t\u00ednh th\u1eddi gian \u0111\u1ecdc\" \/>\n\t<meta name=\"twitter:data1\" content=\"3 ph\u00fat\" \/>\n<script type=\"application\/ld+json\" class=\"yoast-schema-graph\">{\"@context\":\"https:\/\/schema.org\",\"@graph\":[{\"@type\":\"WebPage\",\"@id\":\"https:\/\/biogroupvietnam.com\/vi\/san-pham\/cryostuck\/\",\"url\":\"https:\/\/biogroupvietnam.com\/vi\/san-pham\/cryostuck\/\",\"name\":\"Nh\u00e3n m\u00e3 v\u1ea1ch ch\u1ecbu l\u1ea1nh CryoSTUCK\u00ae - 4\u2033x 4\u2033 #UC-122\",\"isPartOf\":{\"@id\":\"https:\/\/biogroupvietnam.com\/vi\/#website\"},\"primaryImageOfPage\":{\"@id\":\"https:\/\/biogroupvietnam.com\/vi\/san-pham\/cryostuck\/#primaryimage\"},\"image\":{\"@id\":\"https:\/\/biogroupvietnam.com\/vi\/san-pham\/cryostuck\/#primaryimage\"},\"thumbnailUrl\":\"https:\/\/biogroupvietnam.com\/wp-content\/uploads\/2025\/08\/zshtHU9oef6R8DODvWJFFi0MlQwBVttP4oIZ6dLd.jpg\",\"datePublished\":\"2025-08-18T12:53:44+00:00\",\"dateModified\":\"2025-09-29T08:08:33+00:00\",\"description\":\"Nh\u00e3n m\u00e3 v\u1ea1ch ch\u1ecbu l\u1ea1nh\u00a0CryoSTUCK\u00ae c\u00f3 k\u00edch th\u01b0\u1edbc 101,6 mm x 101,6 mm (4\u2033x 4\u2033).\",\"breadcrumb\":{\"@id\":\"https:\/\/biogroupvietnam.com\/vi\/san-pham\/cryostuck\/#breadcrumb\"},\"inLanguage\":\"vi\",\"potentialAction\":[{\"@type\":\"ReadAction\",\"target\":[\"https:\/\/biogroupvietnam.com\/vi\/san-pham\/cryostuck\/\"]}]},{\"@type\":\"ImageObject\",\"inLanguage\":\"vi\",\"@id\":\"https:\/\/biogroupvietnam.com\/vi\/san-pham\/cryostuck\/#primaryimage\",\"url\":\"https:\/\/biogroupvietnam.com\/wp-content\/uploads\/2025\/08\/zshtHU9oef6R8DODvWJFFi0MlQwBVttP4oIZ6dLd.jpg\",\"contentUrl\":\"https:\/\/biogroupvietnam.com\/wp-content\/uploads\/2025\/08\/zshtHU9oef6R8DODvWJFFi0MlQwBVttP4oIZ6dLd.jpg\",\"width\":800,\"height\":800,\"caption\":\"\u00a0\"},{\"@type\":\"BreadcrumbList\",\"@id\":\"https:\/\/biogroupvietnam.com\/vi\/san-pham\/cryostuck\/#breadcrumb\",\"itemListElement\":[{\"@type\":\"ListItem\",\"position\":1,\"name\":\"Trang ch\u1ee7\",\"item\":\"https:\/\/biogroupvietnam.com\/vi\/\"},{\"@type\":\"ListItem\",\"position\":2,\"name\":\"S\u1ea3n ph\u1ea9m\",\"item\":\"https:\/\/biogroupvietnam.com\/vi\/san-pham\/\"},{\"@type\":\"ListItem\",\"position\":3,\"name\":\"B\u1ea3o Qu\u1ea3n L\u1ea1nh T\u1ebf B\u00e0o\",\"item\":\"https:\/\/biogroupvietnam.com\/vi\/danh-muc-san-pham\/bao-quan-lanh-te-bao\/\"},{\"@type\":\"ListItem\",\"position\":4,\"name\":\"Nh\u00e3n M\u00e3 V\u1ea1ch \u0110\u00f4ng L\u1ea1nh\",\"item\":\"https:\/\/biogroupvietnam.com\/vi\/danh-muc-san-pham\/nhan-ma-vach-dong-lanh\/\"},{\"@type\":\"ListItem\",\"position\":5,\"name\":\"Nh\u00e3n m\u00e3 v\u1ea1ch ch\u1ecbu l\u1ea1nh CryoSTUCK\u00ae &#8211; 4\u2033x 4\u2033 #UC-122\"}]},{\"@type\":\"WebSite\",\"@id\":\"https:\/\/biogroupvietnam.com\/vi\/#website\",\"url\":\"https:\/\/biogroupvietnam.com\/vi\/\",\"name\":\"Biogroup Vietnam\",\"description\":\"Biogroup Vietnam cung c\u1ea5p d\u1ecbch v\u1ee5 k\u1ef9 thu\u1eadt c\u00f9ng thi\u1ebft b\u1ecb, v\u1eadt t\u01b0, h\u00f3a ch\u1ea5t v\u00e0 gi\u1ea3i ph\u00e1p sinh h\u1ecdc cho ph\u00f2ng th\u00ed nghi\u1ec7m c\u00f4ng ngh\u1ec7 sinh h\u1ecdc, y sinh v\u00e0 y h\u1ecdc t\u00e1i t\u1ea1o.\",\"potentialAction\":[{\"@type\":\"SearchAction\",\"target\":{\"@type\":\"EntryPoint\",\"urlTemplate\":\"https:\/\/biogroupvietnam.com\/vi\/?s={search_term_string}\"},\"query-input\":{\"@type\":\"PropertyValueSpecification\",\"valueRequired\":true,\"valueName\":\"search_term_string\"}}],\"inLanguage\":\"vi\"}]}<\/script>\n<!-- \/ Yoast SEO plugin. -->","yoast_head_json":{"title":"Nh\u00e3n m\u00e3 v\u1ea1ch ch\u1ecbu l\u1ea1nh CryoSTUCK\u00ae - 4\u2033x 4\u2033 #UC-122","description":"Nh\u00e3n m\u00e3 v\u1ea1ch ch\u1ecbu l\u1ea1nh\u00a0CryoSTUCK\u00ae c\u00f3 k\u00edch th\u01b0\u1edbc 101,6 mm x 101,6 mm (4\u2033x 4\u2033).","robots":{"index":"index","follow":"follow","max-snippet":"max-snippet:-1","max-image-preview":"max-image-preview:large","max-video-preview":"max-video-preview:-1"},"canonical":"https:\/\/biogroupvietnam.com\/vi\/san-pham\/cryostuck\/","og_locale":"vi_VN","og_type":"article","og_title":"Nh\u00e3n m\u00e3 v\u1ea1ch ch\u1ecbu l\u1ea1nh CryoSTUCK\u00ae - 4\u2033x 4\u2033 #UC-122","og_description":"Nh\u00e3n m\u00e3 v\u1ea1ch ch\u1ecbu l\u1ea1nh\u00a0CryoSTUCK\u00ae c\u00f3 k\u00edch th\u01b0\u1edbc 101,6 mm x 101,6 mm (4\u2033x 4\u2033).","og_url":"https:\/\/biogroupvietnam.com\/vi\/san-pham\/cryostuck\/","og_site_name":"Biogroup Vietnam","article_modified_time":"2025-09-29T08:08:33+00:00","og_image":[{"width":800,"height":800,"url":"https:\/\/biogroupvietnam.com\/wp-content\/uploads\/2025\/08\/zshtHU9oef6R8DODvWJFFi0MlQwBVttP4oIZ6dLd.jpg","type":"image\/jpeg"}],"twitter_card":"summary_large_image","twitter_misc":{"\u01af\u1edbc t\u00ednh th\u1eddi gian \u0111\u1ecdc":"3 ph\u00fat"},"schema":{"@context":"https:\/\/schema.org","@graph":[{"@type":"WebPage","@id":"https:\/\/biogroupvietnam.com\/vi\/san-pham\/cryostuck\/","url":"https:\/\/biogroupvietnam.com\/vi\/san-pham\/cryostuck\/","name":"Nh\u00e3n m\u00e3 v\u1ea1ch ch\u1ecbu l\u1ea1nh CryoSTUCK\u00ae - 4\u2033x 4\u2033 #UC-122","isPartOf":{"@id":"https:\/\/biogroupvietnam.com\/vi\/#website"},"primaryImageOfPage":{"@id":"https:\/\/biogroupvietnam.com\/vi\/san-pham\/cryostuck\/#primaryimage"},"image":{"@id":"https:\/\/biogroupvietnam.com\/vi\/san-pham\/cryostuck\/#primaryimage"},"thumbnailUrl":"https:\/\/biogroupvietnam.com\/wp-content\/uploads\/2025\/08\/zshtHU9oef6R8DODvWJFFi0MlQwBVttP4oIZ6dLd.jpg","datePublished":"2025-08-18T12:53:44+00:00","dateModified":"2025-09-29T08:08:33+00:00","description":"Nh\u00e3n m\u00e3 v\u1ea1ch ch\u1ecbu l\u1ea1nh\u00a0CryoSTUCK\u00ae c\u00f3 k\u00edch th\u01b0\u1edbc 101,6 mm x 101,6 mm (4\u2033x 4\u2033).","breadcrumb":{"@id":"https:\/\/biogroupvietnam.com\/vi\/san-pham\/cryostuck\/#breadcrumb"},"inLanguage":"vi","potentialAction":[{"@type":"ReadAction","target":["https:\/\/biogroupvietnam.com\/vi\/san-pham\/cryostuck\/"]}]},{"@type":"ImageObject","inLanguage":"vi","@id":"https:\/\/biogroupvietnam.com\/vi\/san-pham\/cryostuck\/#primaryimage","url":"https:\/\/biogroupvietnam.com\/wp-content\/uploads\/2025\/08\/zshtHU9oef6R8DODvWJFFi0MlQwBVttP4oIZ6dLd.jpg","contentUrl":"https:\/\/biogroupvietnam.com\/wp-content\/uploads\/2025\/08\/zshtHU9oef6R8DODvWJFFi0MlQwBVttP4oIZ6dLd.jpg","width":800,"height":800,"caption":"\u00a0"},{"@type":"BreadcrumbList","@id":"https:\/\/biogroupvietnam.com\/vi\/san-pham\/cryostuck\/#breadcrumb","itemListElement":[{"@type":"ListItem","position":1,"name":"Trang ch\u1ee7","item":"https:\/\/biogroupvietnam.com\/vi\/"},{"@type":"ListItem","position":2,"name":"S\u1ea3n ph\u1ea9m","item":"https:\/\/biogroupvietnam.com\/vi\/san-pham\/"},{"@type":"ListItem","position":3,"name":"B\u1ea3o Qu\u1ea3n L\u1ea1nh T\u1ebf B\u00e0o","item":"https:\/\/biogroupvietnam.com\/vi\/danh-muc-san-pham\/bao-quan-lanh-te-bao\/"},{"@type":"ListItem","position":4,"name":"Nh\u00e3n M\u00e3 V\u1ea1ch \u0110\u00f4ng L\u1ea1nh","item":"https:\/\/biogroupvietnam.com\/vi\/danh-muc-san-pham\/nhan-ma-vach-dong-lanh\/"},{"@type":"ListItem","position":5,"name":"Nh\u00e3n m\u00e3 v\u1ea1ch ch\u1ecbu l\u1ea1nh CryoSTUCK\u00ae &#8211; 4\u2033x 4\u2033 #UC-122"}]},{"@type":"WebSite","@id":"https:\/\/biogroupvietnam.com\/vi\/#website","url":"https:\/\/biogroupvietnam.com\/vi\/","name":"Biogroup Vietnam","description":"Biogroup Vietnam cung c\u1ea5p d\u1ecbch v\u1ee5 k\u1ef9 thu\u1eadt c\u00f9ng thi\u1ebft b\u1ecb, v\u1eadt t\u01b0, h\u00f3a ch\u1ea5t v\u00e0 gi\u1ea3i ph\u00e1p sinh h\u1ecdc cho ph\u00f2ng th\u00ed nghi\u1ec7m c\u00f4ng ngh\u1ec7 sinh h\u1ecdc, y sinh v\u00e0 y h\u1ecdc t\u00e1i t\u1ea1o.","potentialAction":[{"@type":"SearchAction","target":{"@type":"EntryPoint","urlTemplate":"https:\/\/biogroupvietnam.com\/vi\/?s={search_term_string}"},"query-input":{"@type":"PropertyValueSpecification","valueRequired":true,"valueName":"search_term_string"}}],"inLanguage":"vi"}]}},"_links":{"self":[{"href":"https:\/\/biogroupvietnam.com\/vi\/wp-json\/wp\/v2\/product\/3828","targetHints":{"allow":["GET"]}}],"collection":[{"href":"https:\/\/biogroupvietnam.com\/vi\/wp-json\/wp\/v2\/product"}],"about":[{"href":"https:\/\/biogroupvietnam.com\/vi\/wp-json\/wp\/v2\/types\/product"}],"replies":[{"embeddable":true,"href":"https:\/\/biogroupvietnam.com\/vi\/wp-json\/wp\/v2\/comments?post=3828"}],"version-history":[{"count":2,"href":"https:\/\/biogroupvietnam.com\/vi\/wp-json\/wp\/v2\/product\/3828\/revisions"}],"predecessor-version":[{"id":8220,"href":"https:\/\/biogroupvietnam.com\/vi\/wp-json\/wp\/v2\/product\/3828\/revisions\/8220"}],"wp:featuredmedia":[{"embeddable":true,"href":"https:\/\/biogroupvietnam.com\/vi\/wp-json\/wp\/v2\/media\/5427"}],"wp:attachment":[{"href":"https:\/\/biogroupvietnam.com\/vi\/wp-json\/wp\/v2\/media?parent=3828"}],"wp:term":[{"taxonomy":"product_brand","embeddable":true,"href":"https:\/\/biogroupvietnam.com\/vi\/wp-json\/wp\/v2\/product_brand?post=3828"},{"taxonomy":"product_cat","embeddable":true,"href":"https:\/\/biogroupvietnam.com\/vi\/wp-json\/wp\/v2\/product_cat?post=3828"},{"taxonomy":"product_tag","embeddable":true,"href":"https:\/\/biogroupvietnam.com\/vi\/wp-json\/wp\/v2\/product_tag?post=3828"}],"curies":[{"name":"wp","href":"https:\/\/api.w.org\/{rel}","templated":true}]}}