{"id":3829,"date":"2025-08-18T19:53:44","date_gmt":"2025-08-18T12:53:44","guid":{"rendered":"http:\/\/biogroupvietnam-worldpress.local\/product\/import-placeholder-for-131\/"},"modified":"2025-09-29T15:08:33","modified_gmt":"2025-09-29T08:08:33","slug":"nhan-dan-tui-mau","status":"publish","type":"product","link":"https:\/\/biogroupvietnam.com\/vi\/san-pham\/nhan-dan-tui-mau\/","title":{"rendered":"Nh\u00e3n D\u00e1n Ph\u1ee5 C\u1ee7a T\u00fai M\u00e1u &#8211; 3.875\u2033 x 3.875\u2033 #H-FJT-295"},"content":{"rendered":"<h2>Nh\u00e3n d\u00e1n ph\u1ee5 si\u00eau b\u1ec1n cho t\u00fai m\u00e1u \u0111\u01b0\u1ee3c thi\u1ebft k\u1ebf \u0111\u1ec3 \u1ee9ng d\u1ee5ng tr\u00ean nh\u00e3n ch\u00ednh hi\u1ec7n c\u00f3 v\u00e0 c\u00f3 k\u00edch th\u01b0\u1edbc 3.875\u2033 x 3.875\u2033 (98.4mm x 98.4mm).<\/h2>\n<h3><strong>M\u00f4 t\u1ea3 nh\u00e3n d\u00e1n ph\u1ee5 c\u1ee7a t\u00fai m\u00e1u:<\/strong><\/h3>\n<p>Nh\u00e3n d\u00e1n ph\u1ee5 si\u00eau b\u1ec1n cho t\u00fai m\u00e1u \u0111\u01b0\u1ee3c thi\u1ebft k\u1ebf \u0111\u1ec3 \u1ee9ng d\u1ee5ng tr\u00ean nh\u00e3n ch\u00ednh hi\u1ec7n c\u00f3. L\u00fd t\u01b0\u1edfng cho vi\u1ec7c x\u00e1c \u0111\u1ecbnh v\u00e0 l\u01b0u tr\u1eef m\u00e1u to\u00e0n ph\u1ea7n, d\u1ecbch truy\u1ec1n v\u00e0 c\u00e1c th\u00e0nh ph\u1ea7n t\u1ee9c l\u00e0 h\u1ed3ng c\u1ea7u, ti\u1ec3u c\u1ea7u, huy\u1ebft t\u01b0\u01a1ng. Ch\u1ecbu \u0111\u01b0\u1ee3c nhi\u1ec7t \u0111\u1ed9 t\u1eeb -80\u00b0C \u0111\u1ebfn +110\u00b0C, v\u00e0 th\u00edch h\u1ee3p \u0111\u1ec3 b\u1ea3o qu\u1ea3n l\u00e2u d\u00e0i trong t\u1ee7 \u0111\u00f4ng ph\u00f2ng th\u00ed nghi\u1ec7m (-80\u00b0C, -20\u00b0C), t\u1ee7 l\u1ea1nh c\u0169ng nh\u01b0 v\u1eadn chuy\u1ec3n tr\u00ean \u0111\u00e1 kh\u00f4. Ch\u1ecbu \u0111\u01b0\u1ee3c phun c\u1ed3n, ly t\u00e2m, c\u0169ng nh\u01b0 chi\u1ebfu x\u1ea1 gamma (l\u00ean \u0111\u1ebfn 50kGy) v\u00e0 kh\u1eed tr\u00f9ng b\u1eb1ng ethylene oxide. C\u00f3 th\u1ec3 \u00e1p d\u1ee5ng cho c\u00e1c b\u1ec1 m\u1eb7t \u1ea9m \u01b0\u1edbt.<\/p>\n<h3><strong>Ti\u1ec7n \u00edch c\u1ee7a nh\u00e3n d\u00e1n ph\u1ee5 c\u1ee7a t\u00fai m\u00e1u:<\/strong><\/h3>\n<ul>\n<li>C\u00f3 th\u1ec3 in v\u1edbi t\u1ea5t c\u1ea3 c\u00e1c nh\u00e3n hi\u1ec7u m\u00e1y in nhi\u1ec7t th\u00f4ng th\u01b0\u1eddng \u0111\u1ec3 m\u00e0 b\u1ea3n in kh\u00f4ng b\u1ecb nh\u00f2e.<\/li>\n<li>Ch\u1ecbu \u0111\u01b0\u1ee3c nhi\u1ec1u nhi\u1ec7t \u0111\u1ed9 (-80\u00b0C \u0111\u1ebfn +110\u00b0C).<\/li>\n<li>Nh\u00e3n c\u00f3 kh\u1ea3 n\u0103ng ch\u1ed1ng ch\u1ed1ng ch\u1ecbu khi phun v\u00e0 lau b\u1eb1ng c\u1ed3n v\u00e0 kh\u0103n lau kh\u1eed tr\u00f9ng b\u1ec1 m\u1eb7t, c\u00f3 th\u1ec3 \u0111\u01b0\u1ee3c d\u00e1n tr\u00ean b\u1ec1 m\u1eb7t \u1ea9m \u01b0\u1edbt.<\/li>\n<li>L\u00fd t\u01b0\u1edfng \u0111\u1ec3 nh\u1eadn di\u1ec7n v\u00e0 l\u01b0u tr\u1eef m\u00e1u to\u00e0n ph\u1ea7n, d\u1ecbch truy\u1ec1n v\u00e0 c\u00e1c th\u00e0nh ph\u1ea7n m\u00e1u (nh\u01b0 h\u1ed3ng c\u1ea7u, ti\u1ec3u c\u1ea7u, huy\u1ebft t\u01b0\u01a1ng).<\/li>\n<li>Ch\u1ecbu \u0111\u01b0\u1ee3c nhi\u1ec7t \u0111\u1ed9 t\u1eeb -80\u00b0C \u0111\u1ebfn + 110\u00b0C, v\u00e0 th\u00edch h\u1ee3p \u0111\u1ec3 b\u1ea3o qu\u1ea3n l\u00e2u d\u00e0i trong t\u1ee7 \u00e2m v\u00e0 t\u1ee7 l\u1ea1nh ph\u00f2ng th\u00ed nghi\u1ec7m.<\/li>\n<li>Tu\u00e2n th\u1ee7 FDA: FDA 21 CFR 175.105 \u0111\u1ed1i v\u1edbi ti\u1ebfp x\u00fac th\u1ef1c ph\u1ea9m gi\u00e1n ti\u1ebfp.<\/li>\n<li>Tu\u00e2n th\u1ee7 RoHS.<\/li>\n<\/ul>\n<h3><strong>S\u1ea3n ph\u1ea9m \u0111\u01b0\u1ee3c \u0111\u1ec1 ngh\u1ecb s\u1eed d\u1ee5ng chung:<\/strong><\/h3>\n<h3>B\u0103ng m\u1ef1c in nhi\u1ec7t (Thermal-transfer, smudge and alcohol-proof resin ribbons) do GA International (Canada) s\u1ea3n xu\u1ea5t.<\/h3>\n<ul>\n<li>Lo\u1ea1i: Resin<\/li>\n<li>M\u00e0u s\u1eafc: M\u00e0u \u0111en.<\/li>\n<li>L\u00f5i cu\u1ed9n m\u1ef1c: 25mm.<\/li>\n<li>K\u00edch th\u01b0\u1edbc: 110mm x 450m.<\/li>\n<\/ul>\n","protected":false},"excerpt":{"rendered":"<p>Nh\u00e3n d\u00e1n ph\u1ee5 si\u00eau b\u1ec1n cho t\u00fai m\u00e1u \u0111\u01b0\u1ee3c thi\u1ebft k\u1ebf \u0111\u1ec3 \u1ee9ng d\u1ee5ng tr\u00ean nh\u00e3n ch\u00ednh hi\u1ec7n c\u00f3 v\u00e0 c\u00f3 k\u00edch th\u01b0\u1edbc 3.875\u2033 x 3.875\u2033 (98.4mm x 98.4mm). M\u00f4 t\u1ea3 nh\u00e3n d\u00e1n ph\u1ee5 c\u1ee7a t\u00fai m\u00e1u: Nh\u00e3n d\u00e1n ph\u1ee5 si\u00eau b\u1ec1n cho t\u00fai m\u00e1u \u0111\u01b0\u1ee3c thi\u1ebft k\u1ebf \u0111\u1ec3 \u1ee9ng d\u1ee5ng tr\u00ean nh\u00e3n ch\u00ednh hi\u1ec7n<\/p>\n<div class=\"klb-readmore post-buttons\"><a class=\"button rounded primary\" href=\"https:\/\/biogroupvietnam.com\/vi\/san-pham\/nhan-dan-tui-mau\/\">Read More <i class=\"klbth-icon-right-arrow\"><\/i><\/a><\/div>\n","protected":false},"featured_media":5428,"comment_status":"closed","ping_status":"closed","template":"","meta":{"_acf_changed":false},"product_brand":[131],"product_cat":[104],"product_tag":[],"class_list":{"0":"post-3829","1":"product","2":"type-product","3":"status-publish","4":"has-post-thumbnail","6":"product_brand-ga-international-labtag","7":"product_cat-nhan-ma-vach-dong-lanh","9":"first","10":"outofstock","11":"shipping-taxable","12":"product-type-simple"},"acf":[],"yoast_head":"<!-- This site is optimized with the Yoast SEO plugin v26.8 - https:\/\/yoast.com\/product\/yoast-seo-wordpress\/ -->\n<title>Nh\u00e3n D\u00e1n Ph\u1ee5 C\u1ee7a T\u00fai M\u00e1u - 3.875\u2033 x 3.875\u2033 #H-FJT-295<\/title>\n<meta name=\"description\" content=\"Nh\u00e3n d\u00e1n ph\u1ee5 si\u00eau b\u1ec1n cho t\u00fai m\u00e1u \u0111\u01b0\u1ee3c thi\u1ebft k\u1ebf \u0111\u1ec3 \u1ee9ng d\u1ee5ng tr\u00ean nh\u00e3n ch\u00ednh hi\u1ec7n c\u00f3 v\u00e0 c\u00f3 k\u00edch th\u01b0\u1edbc 3.875\u2033 x 3.875\u2033 (98.4mm x 98.4mm).\" \/>\n<meta name=\"robots\" content=\"index, follow, max-snippet:-1, max-image-preview:large, max-video-preview:-1\" \/>\n<link rel=\"canonical\" href=\"https:\/\/biogroupvietnam.com\/vi\/san-pham\/nhan-dan-tui-mau\/\" \/>\n<meta property=\"og:locale\" content=\"vi_VN\" \/>\n<meta property=\"og:type\" content=\"article\" \/>\n<meta property=\"og:title\" content=\"Nh\u00e3n D\u00e1n Ph\u1ee5 C\u1ee7a T\u00fai M\u00e1u - 3.875\u2033 x 3.875\u2033 #H-FJT-295\" \/>\n<meta property=\"og:description\" content=\"Nh\u00e3n d\u00e1n ph\u1ee5 si\u00eau b\u1ec1n cho t\u00fai m\u00e1u \u0111\u01b0\u1ee3c thi\u1ebft k\u1ebf \u0111\u1ec3 \u1ee9ng d\u1ee5ng tr\u00ean nh\u00e3n ch\u00ednh hi\u1ec7n c\u00f3 v\u00e0 c\u00f3 k\u00edch th\u01b0\u1edbc 3.875\u2033 x 3.875\u2033 (98.4mm x 98.4mm).\" \/>\n<meta property=\"og:url\" content=\"https:\/\/biogroupvietnam.com\/vi\/san-pham\/nhan-dan-tui-mau\/\" \/>\n<meta property=\"og:site_name\" content=\"Biogroup Vietnam\" \/>\n<meta property=\"article:modified_time\" content=\"2025-09-29T08:08:33+00:00\" \/>\n<meta property=\"og:image\" content=\"https:\/\/biogroupvietnam.com\/wp-content\/uploads\/2025\/08\/ICl6JhsAz5CBMgMEX68YmlQd8SF19gWR8VKOZ4TE.png\" \/>\n\t<meta property=\"og:image:width\" content=\"239\" \/>\n\t<meta property=\"og:image:height\" content=\"239\" \/>\n\t<meta property=\"og:image:type\" content=\"image\/png\" \/>\n<meta name=\"twitter:card\" content=\"summary_large_image\" \/>\n<meta name=\"twitter:label1\" content=\"\u01af\u1edbc t\u00ednh th\u1eddi gian \u0111\u1ecdc\" \/>\n\t<meta name=\"twitter:data1\" content=\"2 ph\u00fat\" \/>\n<script type=\"application\/ld+json\" class=\"yoast-schema-graph\">{\"@context\":\"https:\/\/schema.org\",\"@graph\":[{\"@type\":\"WebPage\",\"@id\":\"https:\/\/biogroupvietnam.com\/vi\/san-pham\/nhan-dan-tui-mau\/\",\"url\":\"https:\/\/biogroupvietnam.com\/vi\/san-pham\/nhan-dan-tui-mau\/\",\"name\":\"Nh\u00e3n D\u00e1n Ph\u1ee5 C\u1ee7a T\u00fai M\u00e1u - 3.875\u2033 x 3.875\u2033 #H-FJT-295\",\"isPartOf\":{\"@id\":\"https:\/\/biogroupvietnam.com\/vi\/#website\"},\"primaryImageOfPage\":{\"@id\":\"https:\/\/biogroupvietnam.com\/vi\/san-pham\/nhan-dan-tui-mau\/#primaryimage\"},\"image\":{\"@id\":\"https:\/\/biogroupvietnam.com\/vi\/san-pham\/nhan-dan-tui-mau\/#primaryimage\"},\"thumbnailUrl\":\"https:\/\/biogroupvietnam.com\/wp-content\/uploads\/2025\/08\/ICl6JhsAz5CBMgMEX68YmlQd8SF19gWR8VKOZ4TE.png\",\"datePublished\":\"2025-08-18T12:53:44+00:00\",\"dateModified\":\"2025-09-29T08:08:33+00:00\",\"description\":\"Nh\u00e3n d\u00e1n ph\u1ee5 si\u00eau b\u1ec1n cho t\u00fai m\u00e1u \u0111\u01b0\u1ee3c thi\u1ebft k\u1ebf \u0111\u1ec3 \u1ee9ng d\u1ee5ng tr\u00ean nh\u00e3n ch\u00ednh hi\u1ec7n c\u00f3 v\u00e0 c\u00f3 k\u00edch th\u01b0\u1edbc 3.875\u2033 x 3.875\u2033 (98.4mm x 98.4mm).\",\"breadcrumb\":{\"@id\":\"https:\/\/biogroupvietnam.com\/vi\/san-pham\/nhan-dan-tui-mau\/#breadcrumb\"},\"inLanguage\":\"vi\",\"potentialAction\":[{\"@type\":\"ReadAction\",\"target\":[\"https:\/\/biogroupvietnam.com\/vi\/san-pham\/nhan-dan-tui-mau\/\"]}]},{\"@type\":\"ImageObject\",\"inLanguage\":\"vi\",\"@id\":\"https:\/\/biogroupvietnam.com\/vi\/san-pham\/nhan-dan-tui-mau\/#primaryimage\",\"url\":\"https:\/\/biogroupvietnam.com\/wp-content\/uploads\/2025\/08\/ICl6JhsAz5CBMgMEX68YmlQd8SF19gWR8VKOZ4TE.png\",\"contentUrl\":\"https:\/\/biogroupvietnam.com\/wp-content\/uploads\/2025\/08\/ICl6JhsAz5CBMgMEX68YmlQd8SF19gWR8VKOZ4TE.png\",\"width\":239,\"height\":239,\"caption\":\"\u00a0\"},{\"@type\":\"BreadcrumbList\",\"@id\":\"https:\/\/biogroupvietnam.com\/vi\/san-pham\/nhan-dan-tui-mau\/#breadcrumb\",\"itemListElement\":[{\"@type\":\"ListItem\",\"position\":1,\"name\":\"Trang ch\u1ee7\",\"item\":\"https:\/\/biogroupvietnam.com\/vi\/\"},{\"@type\":\"ListItem\",\"position\":2,\"name\":\"S\u1ea3n ph\u1ea9m\",\"item\":\"https:\/\/biogroupvietnam.com\/vi\/san-pham\/\"},{\"@type\":\"ListItem\",\"position\":3,\"name\":\"B\u1ea3o Qu\u1ea3n L\u1ea1nh T\u1ebf B\u00e0o\",\"item\":\"https:\/\/biogroupvietnam.com\/vi\/danh-muc-san-pham\/bao-quan-lanh-te-bao\/\"},{\"@type\":\"ListItem\",\"position\":4,\"name\":\"Nh\u00e3n M\u00e3 V\u1ea1ch \u0110\u00f4ng L\u1ea1nh\",\"item\":\"https:\/\/biogroupvietnam.com\/vi\/danh-muc-san-pham\/nhan-ma-vach-dong-lanh\/\"},{\"@type\":\"ListItem\",\"position\":5,\"name\":\"Nh\u00e3n D\u00e1n Ph\u1ee5 C\u1ee7a T\u00fai M\u00e1u &#8211; 3.875\u2033 x 3.875\u2033 #H-FJT-295\"}]},{\"@type\":\"WebSite\",\"@id\":\"https:\/\/biogroupvietnam.com\/vi\/#website\",\"url\":\"https:\/\/biogroupvietnam.com\/vi\/\",\"name\":\"Biogroup Vietnam\",\"description\":\"Biogroup Vietnam cung c\u1ea5p d\u1ecbch v\u1ee5 k\u1ef9 thu\u1eadt c\u00f9ng thi\u1ebft b\u1ecb, v\u1eadt t\u01b0, h\u00f3a ch\u1ea5t v\u00e0 gi\u1ea3i ph\u00e1p sinh h\u1ecdc cho ph\u00f2ng th\u00ed nghi\u1ec7m c\u00f4ng ngh\u1ec7 sinh h\u1ecdc, y sinh v\u00e0 y h\u1ecdc t\u00e1i t\u1ea1o.\",\"potentialAction\":[{\"@type\":\"SearchAction\",\"target\":{\"@type\":\"EntryPoint\",\"urlTemplate\":\"https:\/\/biogroupvietnam.com\/vi\/?s={search_term_string}\"},\"query-input\":{\"@type\":\"PropertyValueSpecification\",\"valueRequired\":true,\"valueName\":\"search_term_string\"}}],\"inLanguage\":\"vi\"}]}<\/script>\n<!-- \/ Yoast SEO plugin. -->","yoast_head_json":{"title":"Nh\u00e3n D\u00e1n Ph\u1ee5 C\u1ee7a T\u00fai M\u00e1u - 3.875\u2033 x 3.875\u2033 #H-FJT-295","description":"Nh\u00e3n d\u00e1n ph\u1ee5 si\u00eau b\u1ec1n cho t\u00fai m\u00e1u \u0111\u01b0\u1ee3c thi\u1ebft k\u1ebf \u0111\u1ec3 \u1ee9ng d\u1ee5ng tr\u00ean nh\u00e3n ch\u00ednh hi\u1ec7n c\u00f3 v\u00e0 c\u00f3 k\u00edch th\u01b0\u1edbc 3.875\u2033 x 3.875\u2033 (98.4mm x 98.4mm).","robots":{"index":"index","follow":"follow","max-snippet":"max-snippet:-1","max-image-preview":"max-image-preview:large","max-video-preview":"max-video-preview:-1"},"canonical":"https:\/\/biogroupvietnam.com\/vi\/san-pham\/nhan-dan-tui-mau\/","og_locale":"vi_VN","og_type":"article","og_title":"Nh\u00e3n D\u00e1n Ph\u1ee5 C\u1ee7a T\u00fai M\u00e1u - 3.875\u2033 x 3.875\u2033 #H-FJT-295","og_description":"Nh\u00e3n d\u00e1n ph\u1ee5 si\u00eau b\u1ec1n cho t\u00fai m\u00e1u \u0111\u01b0\u1ee3c thi\u1ebft k\u1ebf \u0111\u1ec3 \u1ee9ng d\u1ee5ng tr\u00ean nh\u00e3n ch\u00ednh hi\u1ec7n c\u00f3 v\u00e0 c\u00f3 k\u00edch th\u01b0\u1edbc 3.875\u2033 x 3.875\u2033 (98.4mm x 98.4mm).","og_url":"https:\/\/biogroupvietnam.com\/vi\/san-pham\/nhan-dan-tui-mau\/","og_site_name":"Biogroup Vietnam","article_modified_time":"2025-09-29T08:08:33+00:00","og_image":[{"width":239,"height":239,"url":"https:\/\/biogroupvietnam.com\/wp-content\/uploads\/2025\/08\/ICl6JhsAz5CBMgMEX68YmlQd8SF19gWR8VKOZ4TE.png","type":"image\/png"}],"twitter_card":"summary_large_image","twitter_misc":{"\u01af\u1edbc t\u00ednh th\u1eddi gian \u0111\u1ecdc":"2 ph\u00fat"},"schema":{"@context":"https:\/\/schema.org","@graph":[{"@type":"WebPage","@id":"https:\/\/biogroupvietnam.com\/vi\/san-pham\/nhan-dan-tui-mau\/","url":"https:\/\/biogroupvietnam.com\/vi\/san-pham\/nhan-dan-tui-mau\/","name":"Nh\u00e3n D\u00e1n Ph\u1ee5 C\u1ee7a T\u00fai M\u00e1u - 3.875\u2033 x 3.875\u2033 #H-FJT-295","isPartOf":{"@id":"https:\/\/biogroupvietnam.com\/vi\/#website"},"primaryImageOfPage":{"@id":"https:\/\/biogroupvietnam.com\/vi\/san-pham\/nhan-dan-tui-mau\/#primaryimage"},"image":{"@id":"https:\/\/biogroupvietnam.com\/vi\/san-pham\/nhan-dan-tui-mau\/#primaryimage"},"thumbnailUrl":"https:\/\/biogroupvietnam.com\/wp-content\/uploads\/2025\/08\/ICl6JhsAz5CBMgMEX68YmlQd8SF19gWR8VKOZ4TE.png","datePublished":"2025-08-18T12:53:44+00:00","dateModified":"2025-09-29T08:08:33+00:00","description":"Nh\u00e3n d\u00e1n ph\u1ee5 si\u00eau b\u1ec1n cho t\u00fai m\u00e1u \u0111\u01b0\u1ee3c thi\u1ebft k\u1ebf \u0111\u1ec3 \u1ee9ng d\u1ee5ng tr\u00ean nh\u00e3n ch\u00ednh hi\u1ec7n c\u00f3 v\u00e0 c\u00f3 k\u00edch th\u01b0\u1edbc 3.875\u2033 x 3.875\u2033 (98.4mm x 98.4mm).","breadcrumb":{"@id":"https:\/\/biogroupvietnam.com\/vi\/san-pham\/nhan-dan-tui-mau\/#breadcrumb"},"inLanguage":"vi","potentialAction":[{"@type":"ReadAction","target":["https:\/\/biogroupvietnam.com\/vi\/san-pham\/nhan-dan-tui-mau\/"]}]},{"@type":"ImageObject","inLanguage":"vi","@id":"https:\/\/biogroupvietnam.com\/vi\/san-pham\/nhan-dan-tui-mau\/#primaryimage","url":"https:\/\/biogroupvietnam.com\/wp-content\/uploads\/2025\/08\/ICl6JhsAz5CBMgMEX68YmlQd8SF19gWR8VKOZ4TE.png","contentUrl":"https:\/\/biogroupvietnam.com\/wp-content\/uploads\/2025\/08\/ICl6JhsAz5CBMgMEX68YmlQd8SF19gWR8VKOZ4TE.png","width":239,"height":239,"caption":"\u00a0"},{"@type":"BreadcrumbList","@id":"https:\/\/biogroupvietnam.com\/vi\/san-pham\/nhan-dan-tui-mau\/#breadcrumb","itemListElement":[{"@type":"ListItem","position":1,"name":"Trang ch\u1ee7","item":"https:\/\/biogroupvietnam.com\/vi\/"},{"@type":"ListItem","position":2,"name":"S\u1ea3n ph\u1ea9m","item":"https:\/\/biogroupvietnam.com\/vi\/san-pham\/"},{"@type":"ListItem","position":3,"name":"B\u1ea3o Qu\u1ea3n L\u1ea1nh T\u1ebf B\u00e0o","item":"https:\/\/biogroupvietnam.com\/vi\/danh-muc-san-pham\/bao-quan-lanh-te-bao\/"},{"@type":"ListItem","position":4,"name":"Nh\u00e3n M\u00e3 V\u1ea1ch \u0110\u00f4ng L\u1ea1nh","item":"https:\/\/biogroupvietnam.com\/vi\/danh-muc-san-pham\/nhan-ma-vach-dong-lanh\/"},{"@type":"ListItem","position":5,"name":"Nh\u00e3n D\u00e1n Ph\u1ee5 C\u1ee7a T\u00fai M\u00e1u &#8211; 3.875\u2033 x 3.875\u2033 #H-FJT-295"}]},{"@type":"WebSite","@id":"https:\/\/biogroupvietnam.com\/vi\/#website","url":"https:\/\/biogroupvietnam.com\/vi\/","name":"Biogroup Vietnam","description":"Biogroup Vietnam cung c\u1ea5p d\u1ecbch v\u1ee5 k\u1ef9 thu\u1eadt c\u00f9ng thi\u1ebft b\u1ecb, v\u1eadt t\u01b0, h\u00f3a ch\u1ea5t v\u00e0 gi\u1ea3i ph\u00e1p sinh h\u1ecdc cho ph\u00f2ng th\u00ed nghi\u1ec7m c\u00f4ng ngh\u1ec7 sinh h\u1ecdc, y sinh v\u00e0 y h\u1ecdc t\u00e1i t\u1ea1o.","potentialAction":[{"@type":"SearchAction","target":{"@type":"EntryPoint","urlTemplate":"https:\/\/biogroupvietnam.com\/vi\/?s={search_term_string}"},"query-input":{"@type":"PropertyValueSpecification","valueRequired":true,"valueName":"search_term_string"}}],"inLanguage":"vi"}]}},"_links":{"self":[{"href":"https:\/\/biogroupvietnam.com\/vi\/wp-json\/wp\/v2\/product\/3829","targetHints":{"allow":["GET"]}}],"collection":[{"href":"https:\/\/biogroupvietnam.com\/vi\/wp-json\/wp\/v2\/product"}],"about":[{"href":"https:\/\/biogroupvietnam.com\/vi\/wp-json\/wp\/v2\/types\/product"}],"replies":[{"embeddable":true,"href":"https:\/\/biogroupvietnam.com\/vi\/wp-json\/wp\/v2\/comments?post=3829"}],"version-history":[{"count":2,"href":"https:\/\/biogroupvietnam.com\/vi\/wp-json\/wp\/v2\/product\/3829\/revisions"}],"predecessor-version":[{"id":8221,"href":"https:\/\/biogroupvietnam.com\/vi\/wp-json\/wp\/v2\/product\/3829\/revisions\/8221"}],"wp:featuredmedia":[{"embeddable":true,"href":"https:\/\/biogroupvietnam.com\/vi\/wp-json\/wp\/v2\/media\/5428"}],"wp:attachment":[{"href":"https:\/\/biogroupvietnam.com\/vi\/wp-json\/wp\/v2\/media?parent=3829"}],"wp:term":[{"taxonomy":"product_brand","embeddable":true,"href":"https:\/\/biogroupvietnam.com\/vi\/wp-json\/wp\/v2\/product_brand?post=3829"},{"taxonomy":"product_cat","embeddable":true,"href":"https:\/\/biogroupvietnam.com\/vi\/wp-json\/wp\/v2\/product_cat?post=3829"},{"taxonomy":"product_tag","embeddable":true,"href":"https:\/\/biogroupvietnam.com\/vi\/wp-json\/wp\/v2\/product_tag?post=3829"}],"curies":[{"name":"wp","href":"https:\/\/api.w.org\/{rel}","templated":true}]}}