{"id":3830,"date":"2025-08-18T19:53:44","date_gmt":"2025-08-18T12:53:44","guid":{"rendered":"http:\/\/biogroupvietnam-worldpress.local\/product\/import-placeholder-for-132\/"},"modified":"2026-04-04T14:46:17","modified_gmt":"2026-04-04T07:46:17","slug":"moi-truong-biet-hoa-te-bao-goc-trung-mo-chuot","status":"publish","type":"product","link":"https:\/\/biogroupvietnam.com\/vi\/san-pham\/moi-truong-biet-hoa-te-bao-goc-trung-mo-chuot\/","title":{"rendered":"M\u00f4i Tr\u01b0\u1eddng Bi\u1ec7t H\u00f3a T\u1ebf B\u00e0o G\u1ed1c Trung M\u00f4 (Chu\u1ed9t)"},"content":{"rendered":"<h3>Gi\u1edbi thi\u1ec7u b\u1ed9 kit ho\u00e0n ch\u1ec9nh m\u00f4i tr\u01b0\u1eddng bi\u1ec7t h\u00f3a t\u1ebf b\u00e0o g\u1ed1c trung m\u00f4 (MSCs) v\u00e0 nguy\u00ean b\u00e0o s\u1ee3i ph\u00f4i t\u1ea1o x\u01b0\u01a1ng<\/h3>\n<ul>\n<li>C\u00f4ng th\u1ee9c \u0111\u1eb7c bi\u1ec7t cho s\u1ef1 bi\u1ec7t h\u00f3a c\u00e1c t\u1ebf b\u00e0o g\u1ed1c trung m\u00f4 v\u00e0 t\u1ebf b\u00e0o ti\u1ec1n th\u00e2n (MSCs) t\u1eeb x\u01b0\u01a1ng, t\u1ee7y x\u01b0\u01a1ng, nguy\u00ean b\u00e0o s\u1ee3i ph\u00f4i (MEFs) c\u1ee7a chu\u1ed9t th\u00e0nh t\u1ebf b\u00e0o t\u1ea1o x\u01b0\u01a1ng.<\/li>\n<li>Gi\u00fap qu\u00e1 tr\u00ecnh t\u1ea1o x\u01b0\u01a1ng di\u1ec5n ra m\u1ea1nh m\u1ebd t\u1eeb MSCs v\u00e0 MEF c\u1ee7a chu\u1ed9t, \u0111\u01b0\u1ee3c ch\u1ee9ng minh b\u1eb1ng ph\u00e2n t\u00edch qPCR v\u1ec1 c\u00e1c b\u1ea3n sao ch\u00ednh li\u00ean quan \u0111\u1ebfn s\u1ef1 kh\u00e1c bi\u1ec7t v\u00e0 tr\u01b0\u1edfng th\u00e0nh c\u1ee7a x\u01b0\u01a1ng, v\u00e0 nhu\u1ed9m Alizarin Red S.<\/li>\n<li>\u0110\u01b0\u1ee3c khuy\u1ebfn ngh\u1ecb \u1ee9ng d\u1ee5ng\u00a0nghi\u00ean c\u1ee9u \u0111\u1eb7c t\u00ednh t\u1ebf b\u00e0o MSC, MEF v\u00e0 nghi\u00ean c\u1ee9u s\u1ef1 ph\u00e1t tri\u1ec3n c\u1ee7a x\u01b0\u01a1ng.<\/li>\n<\/ul>\n<h3>Th\u00e0nh ph\u1ea7n b\u1ed9 kit m\u00f4i tr\u01b0\u1eddng bi\u1ec7t h\u00f3a t\u1ebf b\u00e0o g\u1ed1c trung m\u00f4<\/h3>\n<ul>\n<li>MesenCult\u2122 MSC Basal Medium (Mouse), 200ml.<\/li>\n<li>MesenCult\u2122 Osteogenic Stimulatory Supplement (Mouse), 50 ml.<\/li>\n<\/ul>\n","protected":false},"excerpt":{"rendered":"<p>Gi\u1edbi thi\u1ec7u b\u1ed9 kit ho\u00e0n ch\u1ec9nh m\u00f4i tr\u01b0\u1eddng bi\u1ec7t h\u00f3a t\u1ebf b\u00e0o g\u1ed1c trung m\u00f4 (MSCs) v\u00e0 nguy\u00ean b\u00e0o s\u1ee3i ph\u00f4i t\u1ea1o x\u01b0\u01a1ng C\u00f4ng th\u1ee9c \u0111\u1eb7c bi\u1ec7t cho s\u1ef1 bi\u1ec7t h\u00f3a c\u00e1c t\u1ebf b\u00e0o g\u1ed1c trung m\u00f4 v\u00e0 t\u1ebf b\u00e0o ti\u1ec1n th\u00e2n (MSCs) t\u1eeb x\u01b0\u01a1ng, t\u1ee7y x\u01b0\u01a1ng, nguy\u00ean b\u00e0o s\u1ee3i ph\u00f4i (MEFs) c\u1ee7a chu\u1ed9t th\u00e0nh<\/p>\n<div class=\"klb-readmore post-buttons\"><a class=\"button rounded primary\" href=\"https:\/\/biogroupvietnam.com\/vi\/san-pham\/moi-truong-biet-hoa-te-bao-goc-trung-mo-chuot\/\">Read More <i class=\"klbth-icon-right-arrow\"><\/i><\/a><\/div>\n","protected":false},"featured_media":10194,"comment_status":"closed","ping_status":"closed","template":"","meta":{"_acf_changed":false},"product_brand":[127],"product_cat":[87],"product_tag":[],"class_list":{"0":"post-3830","1":"product","2":"type-product","3":"status-publish","4":"has-post-thumbnail","6":"product_brand-stemcell-technologies","7":"product_cat-biet-hoa-te-bao","9":"first","10":"outofstock","11":"shipping-taxable","12":"product-type-simple"},"acf":[],"yoast_head":"<!-- This site is optimized with the Yoast SEO plugin v26.8 - https:\/\/yoast.com\/product\/yoast-seo-wordpress\/ -->\n<title>M\u00f4i Tr\u01b0\u1eddng Bi\u1ec7t H\u00f3a T\u1ebf B\u00e0o G\u1ed1c Trung M\u00f4 (Chu\u1ed9t)<\/title>\n<meta name=\"description\" content=\"B\u1ed9 kit m\u00f4i tr\u01b0\u1eddng bi\u1ec7t h\u00f3a t\u1ebf b\u00e0o g\u1ed1c trung m\u00f4 (MSCs) v\u00e0 nguy\u00ean b\u00e0o s\u1ee3i ph\u00f4i t\u1ea1o x\u01b0\u01a1ng. \u1ee8ng d\u1ee5ng\u00a0nghi\u00ean c\u1ee9u \u0111\u1eb7c t\u00ednh t\u1ebf b\u00e0o MSC, MEF v\u00e0 s\u1ef1 ph\u00e1t tri\u1ec3n x\u01b0\u01a1ng.\" \/>\n<meta name=\"robots\" content=\"index, follow, max-snippet:-1, max-image-preview:large, max-video-preview:-1\" \/>\n<link rel=\"canonical\" href=\"https:\/\/biogroupvietnam.com\/vi\/san-pham\/moi-truong-biet-hoa-te-bao-goc-trung-mo-chuot\/\" \/>\n<meta property=\"og:locale\" content=\"vi_VN\" \/>\n<meta property=\"og:type\" content=\"article\" \/>\n<meta property=\"og:title\" content=\"M\u00f4i Tr\u01b0\u1eddng Bi\u1ec7t H\u00f3a T\u1ebf B\u00e0o G\u1ed1c Trung M\u00f4 (Chu\u1ed9t)\" \/>\n<meta property=\"og:description\" content=\"B\u1ed9 kit m\u00f4i tr\u01b0\u1eddng bi\u1ec7t h\u00f3a t\u1ebf b\u00e0o g\u1ed1c trung m\u00f4 (MSCs) v\u00e0 nguy\u00ean b\u00e0o s\u1ee3i ph\u00f4i t\u1ea1o x\u01b0\u01a1ng. \u1ee8ng d\u1ee5ng\u00a0nghi\u00ean c\u1ee9u \u0111\u1eb7c t\u00ednh t\u1ebf b\u00e0o MSC, MEF v\u00e0 s\u1ef1 ph\u00e1t tri\u1ec3n x\u01b0\u01a1ng.\" \/>\n<meta property=\"og:url\" content=\"https:\/\/biogroupvietnam.com\/vi\/san-pham\/moi-truong-biet-hoa-te-bao-goc-trung-mo-chuot\/\" \/>\n<meta property=\"og:site_name\" content=\"Biogroup Vietnam\" \/>\n<meta property=\"article:modified_time\" content=\"2026-04-04T07:46:17+00:00\" \/>\n<meta property=\"og:image\" content=\"https:\/\/biogroupvietnam.com\/wp-content\/uploads\/2025\/08\/moi-truong-biet-hoa-te-bao-goc-trung-mo-chuot.jpg\" \/>\n\t<meta property=\"og:image:width\" content=\"1640\" \/>\n\t<meta property=\"og:image:height\" content=\"1260\" \/>\n\t<meta property=\"og:image:type\" content=\"image\/jpeg\" \/>\n<meta name=\"twitter:card\" content=\"summary_large_image\" \/>\n<meta name=\"twitter:label1\" content=\"\u01af\u1edbc t\u00ednh th\u1eddi gian \u0111\u1ecdc\" \/>\n\t<meta name=\"twitter:data1\" content=\"2 ph\u00fat\" \/>\n<script type=\"application\/ld+json\" class=\"yoast-schema-graph\">{\"@context\":\"https:\/\/schema.org\",\"@graph\":[{\"@type\":\"WebPage\",\"@id\":\"https:\/\/biogroupvietnam.com\/vi\/san-pham\/moi-truong-biet-hoa-te-bao-goc-trung-mo-chuot\/\",\"url\":\"https:\/\/biogroupvietnam.com\/vi\/san-pham\/moi-truong-biet-hoa-te-bao-goc-trung-mo-chuot\/\",\"name\":\"M\u00f4i Tr\u01b0\u1eddng Bi\u1ec7t H\u00f3a T\u1ebf B\u00e0o G\u1ed1c Trung M\u00f4 (Chu\u1ed9t)\",\"isPartOf\":{\"@id\":\"https:\/\/biogroupvietnam.com\/vi\/#website\"},\"primaryImageOfPage\":{\"@id\":\"https:\/\/biogroupvietnam.com\/vi\/san-pham\/moi-truong-biet-hoa-te-bao-goc-trung-mo-chuot\/#primaryimage\"},\"image\":{\"@id\":\"https:\/\/biogroupvietnam.com\/vi\/san-pham\/moi-truong-biet-hoa-te-bao-goc-trung-mo-chuot\/#primaryimage\"},\"thumbnailUrl\":\"https:\/\/biogroupvietnam.com\/wp-content\/uploads\/2025\/08\/moi-truong-biet-hoa-te-bao-goc-trung-mo-chuot.jpg\",\"datePublished\":\"2025-08-18T12:53:44+00:00\",\"dateModified\":\"2026-04-04T07:46:17+00:00\",\"description\":\"B\u1ed9 kit m\u00f4i tr\u01b0\u1eddng bi\u1ec7t h\u00f3a t\u1ebf b\u00e0o g\u1ed1c trung m\u00f4 (MSCs) v\u00e0 nguy\u00ean b\u00e0o s\u1ee3i ph\u00f4i t\u1ea1o x\u01b0\u01a1ng. \u1ee8ng d\u1ee5ng\u00a0nghi\u00ean c\u1ee9u \u0111\u1eb7c t\u00ednh t\u1ebf b\u00e0o MSC, MEF v\u00e0 s\u1ef1 ph\u00e1t tri\u1ec3n x\u01b0\u01a1ng.\",\"breadcrumb\":{\"@id\":\"https:\/\/biogroupvietnam.com\/vi\/san-pham\/moi-truong-biet-hoa-te-bao-goc-trung-mo-chuot\/#breadcrumb\"},\"inLanguage\":\"vi\",\"potentialAction\":[{\"@type\":\"ReadAction\",\"target\":[\"https:\/\/biogroupvietnam.com\/vi\/san-pham\/moi-truong-biet-hoa-te-bao-goc-trung-mo-chuot\/\"]}]},{\"@type\":\"ImageObject\",\"inLanguage\":\"vi\",\"@id\":\"https:\/\/biogroupvietnam.com\/vi\/san-pham\/moi-truong-biet-hoa-te-bao-goc-trung-mo-chuot\/#primaryimage\",\"url\":\"https:\/\/biogroupvietnam.com\/wp-content\/uploads\/2025\/08\/moi-truong-biet-hoa-te-bao-goc-trung-mo-chuot.jpg\",\"contentUrl\":\"https:\/\/biogroupvietnam.com\/wp-content\/uploads\/2025\/08\/moi-truong-biet-hoa-te-bao-goc-trung-mo-chuot.jpg\",\"width\":1640,\"height\":1260,\"caption\":\"M\u00f4i Tr\u01b0\u1eddng Bi\u1ec7t H\u00f3a T\u1ebf B\u00e0o G\u1ed1c Trung M\u00f4 (Chu\u1ed9t)\"},{\"@type\":\"BreadcrumbList\",\"@id\":\"https:\/\/biogroupvietnam.com\/vi\/san-pham\/moi-truong-biet-hoa-te-bao-goc-trung-mo-chuot\/#breadcrumb\",\"itemListElement\":[{\"@type\":\"ListItem\",\"position\":1,\"name\":\"Trang ch\u1ee7\",\"item\":\"https:\/\/biogroupvietnam.com\/vi\/\"},{\"@type\":\"ListItem\",\"position\":2,\"name\":\"S\u1ea3n ph\u1ea9m\",\"item\":\"https:\/\/biogroupvietnam.com\/vi\/san-pham\/\"},{\"@type\":\"ListItem\",\"position\":3,\"name\":\"Nu\u00f4i C\u1ea5y T\u1ebf B\u00e0o\",\"item\":\"https:\/\/biogroupvietnam.com\/vi\/danh-muc-san-pham\/nuoi-cay-te-bao\/\"},{\"@type\":\"ListItem\",\"position\":4,\"name\":\"Bi\u1ec7t H\u00f3a T\u1ebf B\u00e0o\",\"item\":\"https:\/\/biogroupvietnam.com\/vi\/danh-muc-san-pham\/biet-hoa-te-bao\/\"},{\"@type\":\"ListItem\",\"position\":5,\"name\":\"M\u00f4i Tr\u01b0\u1eddng Bi\u1ec7t H\u00f3a T\u1ebf B\u00e0o G\u1ed1c Trung M\u00f4 (Chu\u1ed9t)\"}]},{\"@type\":\"WebSite\",\"@id\":\"https:\/\/biogroupvietnam.com\/vi\/#website\",\"url\":\"https:\/\/biogroupvietnam.com\/vi\/\",\"name\":\"Biogroup Vietnam\",\"description\":\"Biogroup Vietnam cung c\u1ea5p d\u1ecbch v\u1ee5 k\u1ef9 thu\u1eadt c\u00f9ng thi\u1ebft b\u1ecb, v\u1eadt t\u01b0, h\u00f3a ch\u1ea5t v\u00e0 gi\u1ea3i ph\u00e1p sinh h\u1ecdc cho ph\u00f2ng th\u00ed nghi\u1ec7m c\u00f4ng ngh\u1ec7 sinh h\u1ecdc, y sinh v\u00e0 y h\u1ecdc t\u00e1i t\u1ea1o.\",\"potentialAction\":[{\"@type\":\"SearchAction\",\"target\":{\"@type\":\"EntryPoint\",\"urlTemplate\":\"https:\/\/biogroupvietnam.com\/vi\/?s={search_term_string}\"},\"query-input\":{\"@type\":\"PropertyValueSpecification\",\"valueRequired\":true,\"valueName\":\"search_term_string\"}}],\"inLanguage\":\"vi\"}]}<\/script>\n<!-- \/ Yoast SEO plugin. -->","yoast_head_json":{"title":"M\u00f4i Tr\u01b0\u1eddng Bi\u1ec7t H\u00f3a T\u1ebf B\u00e0o G\u1ed1c Trung M\u00f4 (Chu\u1ed9t)","description":"B\u1ed9 kit m\u00f4i tr\u01b0\u1eddng bi\u1ec7t h\u00f3a t\u1ebf b\u00e0o g\u1ed1c trung m\u00f4 (MSCs) v\u00e0 nguy\u00ean b\u00e0o s\u1ee3i ph\u00f4i t\u1ea1o x\u01b0\u01a1ng. \u1ee8ng d\u1ee5ng\u00a0nghi\u00ean c\u1ee9u \u0111\u1eb7c t\u00ednh t\u1ebf b\u00e0o MSC, MEF v\u00e0 s\u1ef1 ph\u00e1t tri\u1ec3n x\u01b0\u01a1ng.","robots":{"index":"index","follow":"follow","max-snippet":"max-snippet:-1","max-image-preview":"max-image-preview:large","max-video-preview":"max-video-preview:-1"},"canonical":"https:\/\/biogroupvietnam.com\/vi\/san-pham\/moi-truong-biet-hoa-te-bao-goc-trung-mo-chuot\/","og_locale":"vi_VN","og_type":"article","og_title":"M\u00f4i Tr\u01b0\u1eddng Bi\u1ec7t H\u00f3a T\u1ebf B\u00e0o G\u1ed1c Trung M\u00f4 (Chu\u1ed9t)","og_description":"B\u1ed9 kit m\u00f4i tr\u01b0\u1eddng bi\u1ec7t h\u00f3a t\u1ebf b\u00e0o g\u1ed1c trung m\u00f4 (MSCs) v\u00e0 nguy\u00ean b\u00e0o s\u1ee3i ph\u00f4i t\u1ea1o x\u01b0\u01a1ng. \u1ee8ng d\u1ee5ng\u00a0nghi\u00ean c\u1ee9u \u0111\u1eb7c t\u00ednh t\u1ebf b\u00e0o MSC, MEF v\u00e0 s\u1ef1 ph\u00e1t tri\u1ec3n x\u01b0\u01a1ng.","og_url":"https:\/\/biogroupvietnam.com\/vi\/san-pham\/moi-truong-biet-hoa-te-bao-goc-trung-mo-chuot\/","og_site_name":"Biogroup Vietnam","article_modified_time":"2026-04-04T07:46:17+00:00","og_image":[{"width":1640,"height":1260,"url":"https:\/\/biogroupvietnam.com\/wp-content\/uploads\/2025\/08\/moi-truong-biet-hoa-te-bao-goc-trung-mo-chuot.jpg","type":"image\/jpeg"}],"twitter_card":"summary_large_image","twitter_misc":{"\u01af\u1edbc t\u00ednh th\u1eddi gian \u0111\u1ecdc":"2 ph\u00fat"},"schema":{"@context":"https:\/\/schema.org","@graph":[{"@type":"WebPage","@id":"https:\/\/biogroupvietnam.com\/vi\/san-pham\/moi-truong-biet-hoa-te-bao-goc-trung-mo-chuot\/","url":"https:\/\/biogroupvietnam.com\/vi\/san-pham\/moi-truong-biet-hoa-te-bao-goc-trung-mo-chuot\/","name":"M\u00f4i Tr\u01b0\u1eddng Bi\u1ec7t H\u00f3a T\u1ebf B\u00e0o G\u1ed1c Trung M\u00f4 (Chu\u1ed9t)","isPartOf":{"@id":"https:\/\/biogroupvietnam.com\/vi\/#website"},"primaryImageOfPage":{"@id":"https:\/\/biogroupvietnam.com\/vi\/san-pham\/moi-truong-biet-hoa-te-bao-goc-trung-mo-chuot\/#primaryimage"},"image":{"@id":"https:\/\/biogroupvietnam.com\/vi\/san-pham\/moi-truong-biet-hoa-te-bao-goc-trung-mo-chuot\/#primaryimage"},"thumbnailUrl":"https:\/\/biogroupvietnam.com\/wp-content\/uploads\/2025\/08\/moi-truong-biet-hoa-te-bao-goc-trung-mo-chuot.jpg","datePublished":"2025-08-18T12:53:44+00:00","dateModified":"2026-04-04T07:46:17+00:00","description":"B\u1ed9 kit m\u00f4i tr\u01b0\u1eddng bi\u1ec7t h\u00f3a t\u1ebf b\u00e0o g\u1ed1c trung m\u00f4 (MSCs) v\u00e0 nguy\u00ean b\u00e0o s\u1ee3i ph\u00f4i t\u1ea1o x\u01b0\u01a1ng. \u1ee8ng d\u1ee5ng\u00a0nghi\u00ean c\u1ee9u \u0111\u1eb7c t\u00ednh t\u1ebf b\u00e0o MSC, MEF v\u00e0 s\u1ef1 ph\u00e1t tri\u1ec3n x\u01b0\u01a1ng.","breadcrumb":{"@id":"https:\/\/biogroupvietnam.com\/vi\/san-pham\/moi-truong-biet-hoa-te-bao-goc-trung-mo-chuot\/#breadcrumb"},"inLanguage":"vi","potentialAction":[{"@type":"ReadAction","target":["https:\/\/biogroupvietnam.com\/vi\/san-pham\/moi-truong-biet-hoa-te-bao-goc-trung-mo-chuot\/"]}]},{"@type":"ImageObject","inLanguage":"vi","@id":"https:\/\/biogroupvietnam.com\/vi\/san-pham\/moi-truong-biet-hoa-te-bao-goc-trung-mo-chuot\/#primaryimage","url":"https:\/\/biogroupvietnam.com\/wp-content\/uploads\/2025\/08\/moi-truong-biet-hoa-te-bao-goc-trung-mo-chuot.jpg","contentUrl":"https:\/\/biogroupvietnam.com\/wp-content\/uploads\/2025\/08\/moi-truong-biet-hoa-te-bao-goc-trung-mo-chuot.jpg","width":1640,"height":1260,"caption":"M\u00f4i Tr\u01b0\u1eddng Bi\u1ec7t H\u00f3a T\u1ebf B\u00e0o G\u1ed1c Trung M\u00f4 (Chu\u1ed9t)"},{"@type":"BreadcrumbList","@id":"https:\/\/biogroupvietnam.com\/vi\/san-pham\/moi-truong-biet-hoa-te-bao-goc-trung-mo-chuot\/#breadcrumb","itemListElement":[{"@type":"ListItem","position":1,"name":"Trang ch\u1ee7","item":"https:\/\/biogroupvietnam.com\/vi\/"},{"@type":"ListItem","position":2,"name":"S\u1ea3n ph\u1ea9m","item":"https:\/\/biogroupvietnam.com\/vi\/san-pham\/"},{"@type":"ListItem","position":3,"name":"Nu\u00f4i C\u1ea5y T\u1ebf B\u00e0o","item":"https:\/\/biogroupvietnam.com\/vi\/danh-muc-san-pham\/nuoi-cay-te-bao\/"},{"@type":"ListItem","position":4,"name":"Bi\u1ec7t H\u00f3a T\u1ebf B\u00e0o","item":"https:\/\/biogroupvietnam.com\/vi\/danh-muc-san-pham\/biet-hoa-te-bao\/"},{"@type":"ListItem","position":5,"name":"M\u00f4i Tr\u01b0\u1eddng Bi\u1ec7t H\u00f3a T\u1ebf B\u00e0o G\u1ed1c Trung M\u00f4 (Chu\u1ed9t)"}]},{"@type":"WebSite","@id":"https:\/\/biogroupvietnam.com\/vi\/#website","url":"https:\/\/biogroupvietnam.com\/vi\/","name":"Biogroup Vietnam","description":"Biogroup Vietnam cung c\u1ea5p d\u1ecbch v\u1ee5 k\u1ef9 thu\u1eadt c\u00f9ng thi\u1ebft b\u1ecb, v\u1eadt t\u01b0, h\u00f3a ch\u1ea5t v\u00e0 gi\u1ea3i ph\u00e1p sinh h\u1ecdc cho ph\u00f2ng th\u00ed nghi\u1ec7m c\u00f4ng ngh\u1ec7 sinh h\u1ecdc, y sinh v\u00e0 y h\u1ecdc t\u00e1i t\u1ea1o.","potentialAction":[{"@type":"SearchAction","target":{"@type":"EntryPoint","urlTemplate":"https:\/\/biogroupvietnam.com\/vi\/?s={search_term_string}"},"query-input":{"@type":"PropertyValueSpecification","valueRequired":true,"valueName":"search_term_string"}}],"inLanguage":"vi"}]}},"_links":{"self":[{"href":"https:\/\/biogroupvietnam.com\/vi\/wp-json\/wp\/v2\/product\/3830","targetHints":{"allow":["GET"]}}],"collection":[{"href":"https:\/\/biogroupvietnam.com\/vi\/wp-json\/wp\/v2\/product"}],"about":[{"href":"https:\/\/biogroupvietnam.com\/vi\/wp-json\/wp\/v2\/types\/product"}],"replies":[{"embeddable":true,"href":"https:\/\/biogroupvietnam.com\/vi\/wp-json\/wp\/v2\/comments?post=3830"}],"version-history":[{"count":10,"href":"https:\/\/biogroupvietnam.com\/vi\/wp-json\/wp\/v2\/product\/3830\/revisions"}],"predecessor-version":[{"id":9720,"href":"https:\/\/biogroupvietnam.com\/vi\/wp-json\/wp\/v2\/product\/3830\/revisions\/9720"}],"wp:featuredmedia":[{"embeddable":true,"href":"https:\/\/biogroupvietnam.com\/vi\/wp-json\/wp\/v2\/media\/10194"}],"wp:attachment":[{"href":"https:\/\/biogroupvietnam.com\/vi\/wp-json\/wp\/v2\/media?parent=3830"}],"wp:term":[{"taxonomy":"product_brand","embeddable":true,"href":"https:\/\/biogroupvietnam.com\/vi\/wp-json\/wp\/v2\/product_brand?post=3830"},{"taxonomy":"product_cat","embeddable":true,"href":"https:\/\/biogroupvietnam.com\/vi\/wp-json\/wp\/v2\/product_cat?post=3830"},{"taxonomy":"product_tag","embeddable":true,"href":"https:\/\/biogroupvietnam.com\/vi\/wp-json\/wp\/v2\/product_tag?post=3830"}],"curies":[{"name":"wp","href":"https:\/\/api.w.org\/{rel}","templated":true}]}}