{"id":3831,"date":"2025-08-18T19:53:45","date_gmt":"2025-08-18T12:53:45","guid":{"rendered":"http:\/\/biogroupvietnam-worldpress.local\/product\/import-placeholder-for-133\/"},"modified":"2026-04-04T14:36:50","modified_gmt":"2026-04-04T07:36:50","slug":"moi-truong-tang-sinh-te-bao-chuot-mesencult-chuot","status":"publish","type":"product","link":"https:\/\/biogroupvietnam.com\/vi\/san-pham\/moi-truong-tang-sinh-te-bao-chuot-mesencult-chuot\/","title":{"rendered":"M\u00f4i Tr\u01b0\u1eddng MesenCult\u2122 T\u0103ng Sinh T\u1ebf B\u00e0o (Chu\u1ed9t)"},"content":{"rendered":"<p>M\u00f4i tr\u01b0\u1eddng MesenCult\u2122 d\u00f9ng trong nu\u00f4i c\u1ea5y t\u1ebf b\u00e0o MSC v\u00e0 MEF c\u1ee7a chu\u1ed9t.<\/p>\n<h3><strong>M\u00f4 t\u1ea3 s\u1ea3n ph\u1ea9m<\/strong><\/h3>\n<p>B\u1ed9 m\u00f4i tr\u01b0\u1eddng t\u0103ng sinh t\u1ebf b\u00e0o MesenCult\u2122 (Chu\u1ed9t) \u0111\u01b0\u1ee3c chu\u1ea9n h\u00f3a \u0111\u1ec3 nu\u00f4i c\u1ea5y c\u00e1c t\u1ebf b\u00e0o m\u00f4 \u0111\u1ec7m trung m\u00f4 c\u1ee7a chu\u1ed9t (MSC; c\u00f2n \u0111\u01b0\u1ee3c g\u1ecdi l\u00e0 t\u1ebf b\u00e0o g\u1ed1c trung m\u00f4) v\u00e0 nguy\u00ean b\u00e0o s\u1ee3i ph\u00f4i chu\u1ed9t (MEF).<\/p>\n<p><strong>B\u1ed9 s\u1ea3n ph\u1ea9m g\u1ed3m c\u00e1c th\u00e0nh ph\u1ea7n:<\/strong><\/p>\n<ul>\n<li>MesenCult\u2122 Basal Medium (Chu\u1ed9t)<\/li>\n<li>MesenCult\u2122 10X Supplement (Chu\u1ed9t)<\/li>\n<li>MesenPure\u2122*<\/li>\n<\/ul>\n<p>M\u00f4i tr\u01b0\u1eddng n\u00e0y \u0111\u00e3 \u0111\u01b0\u1ee3c t\u1ed1i \u01b0u h\u00f3a cho nu\u00f4i c\u1ea5y v\u00e0 t\u0103ng sinh c\u00e1c t\u1ebf b\u00e0o MSC v\u00e0 MEF c\u1ee7a chu\u1ed9t trong <i>\u1ed1ng nghi\u1ec7m<\/i>, \u0111\u1ed3ng th\u1eddi ph\u00e1t hi\u1ec7n c\u00e1c \u0111\u01a1n v\u1ecb h\u00ecnh th\u00e0nh khu\u1ea9n l\u1ea1c &#8211; nguy\u00ean b\u00e0o s\u1ee3i (CFU-F). D\u00f2ng t\u1ebf b\u00e0o \u0111\u01b0\u1ee3c s\u1eed d\u1ee5ng \u0111\u1ec3 t\u1ed1i \u01b0u h\u00f3a l\u00e0 c\u00e1c t\u1ebf b\u00e0o t\u1eeb ch\u1ee7ng chu\u1ed9t C57BL\/6.<\/p>\n<p>B\u1ed5 sung MesenPure\u2122 v\u00e0o m\u00f4i tr\u01b0\u1eddng ho\u00e0n ch\u1ec9nh tr\u01b0\u1edbc khi s\u1eed d\u1ee5ng gi\u00fap l\u00e0m gi\u00e0u c\u00e1c t\u1ebf b\u00e0o MSC v\u00e0 MEF trong qu\u00e1 tr\u00ecnh nu\u00f4i c\u1ea5y m\u00e0 kh\u00f4ng c\u1ea7n c\u1ea5y chuy\u1ec1n (<i>serial passaging<\/i>) v\u00e0 thay m\u00f4i tr\u01b0\u1eddng th\u01b0\u1eddng xuy\u00ean. M\u1eb7c d\u00f9 kh\u00f4ng b\u1eaft bu\u1ed9c, nh\u01b0ng vi\u1ec7c b\u1ed5 sung MesenPure\u2122 \u0111\u01b0\u1ee3c khuy\u1ebfn kh\u00edch th\u1ef1c hi\u1ec7n v\u00ec k\u1ebft qu\u1ea3 nu\u00f4i c\u1ea5y c\u00e1c t\u1ebf b\u00e0o MSC v\u00e0 MEF \u0111\u1ed3ng nh\u1ea5t h\u01a1n, s\u1ef1 t\u0103ng sinh, bi\u1ec7t h\u00f3a v\u00e0 h\u00ecnh th\u00e0nh CFU m\u1ea1nh m\u1ebd h\u01a1n khi so s\u00e1nh v\u1edbi M\u00f4i tr\u01b0\u1eddng t\u0103ng sinh MesenCult\u2122 ho\u00e0n ch\u1ec9nh.<\/p>\n<p><i><strong>L\u01b0u \u00fd:<\/strong> M\u00f4i tr\u01b0\u1eddng t\u0103ng sinh MesenCult\u2122 ph\u1ea3i \u0111\u01b0\u1ee3c b\u1ed5 sung L-Glutamine (Catalog # 07100).<\/i><\/p>\n<h3><strong>\u01afu \u0111i\u1ec3m c\u1ee7a m\u00f4i tr\u01b0\u1eddng MesenCult\u2122<\/strong><\/h3>\n<ul>\n<li>T\u0103ng sinh nhanh c\u00e1c t\u1ebf b\u00e0o MSC c\u1ee7a chu\u1ed9t ngay t\u1eeb giai \u0111o\u1ea1n (passage) 0.<\/li>\n<li>\u0110\u01b0\u1ee3c t\u1ed1i \u01b0u h\u00f3a \u0111\u1ec3 nu\u00f4i c\u1ea5y c\u00e1c t\u1ebf b\u00e0o MSC v\u00e0 MEF c\u00f3 ngu\u1ed3n g\u1ed1c t\u1eeb t\u1ee7y x\u01b0\u01a1ng, m\u00f4 x\u01b0\u01a1ng \u0111\u1eb7c (<i>compact bone<\/i>) v\u00e0 m\u00f4 m\u1ee1 c\u00f3 ngu\u1ed3n g\u1ed1c t\u1eeb chu\u1ed9t.<\/li>\n<li>Ph\u00e2n l\u1eadp c\u00e1c t\u1ebf b\u00e0o MSC c\u1ee7a chu\u1ed9t \u0111\u1ed3ng nh\u1ea5t trong khi v\u1eabn duy tr\u00ec ti\u1ec1m n\u0103ng bi\u1ec7t h\u00f3a ba d\u00f2ng.<\/li>\n<li>Nguy\u00ean li\u1ec7u th\u00f4 \u0111\u01b0\u1ee3c s\u00e0ng l\u1ecdc v\u00e0 ki\u1ec3m so\u00e1t ch\u1ea5t l\u01b0\u1ee3ng nghi\u00eam ng\u1eb7t \u0111\u1ea3m b\u1ea3o c\u00e1c l\u00f4 m\u00f4i tr\u01b0\u1eddng c\u00f3 ch\u1ea5t l\u01b0\u1ee3ng \u0111\u1ed3ng \u0111\u1ec1u v\u00e0 t\u0103ng kh\u1ea3 n\u0103ng l\u1eb7p l\u1ea1i gi\u1eefa c\u00e1c th\u00ed nghi\u1ec7m.<\/li>\n<\/ul>\n<p><strong>Th\u00f4ng tin s\u1ea3n ph\u1ea9m:<\/strong><\/p>\n<p>C\u00e1c th\u00e0nh ph\u1ea7n sau \u0111\u01b0\u1ee3c b\u00e1n d\u01b0\u1edbi d\u1ea1ng m\u1ed9t b\u1ed9 ho\u00e0n ch\u1ec9nh (Catalog # 05513) v\u00e0 kh\u00f4ng c\u00f3 s\u1eb5n \u0111\u1ec3 b\u00e1n ri\u00eang l\u1ebb.<\/p>\n<figure class=\"table\">\n<table>\n<tbody>\n<tr>\n<td>T\u00ean th\u00e0nh ph\u1ea7n<\/td>\n<td>M\u00e3 h\u00e0ng #<\/td>\n<td>Th\u1ec3 t\u00edch<\/td>\n<td>B\u1ea3o qu\u1ea3n<\/td>\n<td>H\u1ea1n s\u1eed d\u1ee5ng<\/td>\n<\/tr>\n<tr>\n<td>M\u00f4i tr\u01b0\u1eddng c\u01a1 b\u1ea3n:\u201d<\/p>\n<p><i>MesenCult\u2122 Basal Medium<\/i>\u201d (Mouse)<\/td>\n<td>05514<\/td>\n<td>450 mL<\/td>\n<td>B\u1ea3o qu\u1ea3n \u1edf \u00a02 &#8211; 8\u00b0C.<\/td>\n<td>\u1ed4n \u0111\u1ecbnh trong 12 th\u00e1ng k\u1ec3 t\u1eeb ng\u00e0y s\u1ea3n xu\u1ea5t<\/p>\n<p>(MFG) tr\u00ean nh\u00e3n.<\/td>\n<\/tr>\n<tr>\n<td>Ch\u1ea5t b\u1ed5 sung \u201c<i>MesenCult\u2122 10X Supplement<\/i>\u201d (Mouse)<\/td>\n<td>05515<\/td>\n<td>50 mL<\/td>\n<td>B\u1ea3o qu\u1ea3n \u1edf -20\u00b0C<\/td>\n<td>\u1ed4n \u0111\u1ecbnh trong 24 th\u00e1ng k\u1ec3 t\u1eeb ng\u00e0y s\u1ea3n xu\u1ea5t<\/p>\n<p>(MFG) tr\u00ean nh\u00e3n.<\/td>\n<\/tr>\n<tr>\n<td>MesenPure\u2122*<\/td>\n<td>05500<\/td>\n<td>0,5 mL<\/td>\n<td>B\u1ea3o qu\u1ea3n \u1edf -20\u00b0C<\/td>\n<td>\u1ed4n \u0111\u1ecbnh cho \u0111\u1ebfn khi h\u1ebft h\u1ea1n s\u1eed d\u1ee5ng (EXP) tr\u00ean nh\u00e3n.<\/td>\n<\/tr>\n<\/tbody>\n<\/table>\n<\/figure>\n<p>* Vui l\u00f2ng tham kh\u1ea3o B\u1ea3ng D\u1eef li\u1ec7u An to\u00e0n (SDS) \u0111\u1ec3 bi\u1ebft th\u00f4ng tin v\u1ec1 nguy c\u01a1 s\u1ea3n ph\u1ea9m. S\u1ea3n ph\u1ea9m n\u00e0y ch\u1ee9a c\u00e1c th\u00e0nh ph\u1ea7n \u0111\u01b0\u1ee3c h\u00f2a tan trong dimethyl sulfoxide (DMSO). DMSO l\u00e0 m\u1ed9t dung m\u00f4i m\u1ea1nh v\u00e0 c\u00f3 th\u1ec3 v\u1eadn chuy\u1ec3n nhi\u1ec1u ch\u1ea5t qua da. DMSO c\u0169ng c\u00f3 th\u1ec3 xuy\u00ean qua m\u1ed9t s\u1ed1 v\u1eadt li\u1ec7u g\u0103ng tay b\u1ea3o v\u1ec7 bao g\u1ed3m latex v\u00e0 silicone. C\u1ea7n h\u1ebft s\u1ee9c th\u1eadn tr\u1ecdng khi x\u1eed l\u00fd s\u1ea3n ph\u1ea9m n\u00e0y.<\/p>\n<p>Kh\u00f4ng c\u00f3 th\u00e0nh ph\u1ea7n n\u00e0o \u1edf tr\u00ean ch\u1ee9a kh\u00e1ng sinh.<\/p>\n","protected":false},"excerpt":{"rendered":"<p>M\u00f4i tr\u01b0\u1eddng MesenCult\u2122 d\u00f9ng trong nu\u00f4i c\u1ea5y t\u1ebf b\u00e0o MSC v\u00e0 MEF c\u1ee7a chu\u1ed9t. M\u00f4 t\u1ea3 s\u1ea3n ph\u1ea9m B\u1ed9 m\u00f4i tr\u01b0\u1eddng t\u0103ng sinh t\u1ebf b\u00e0o MesenCult\u2122 (Chu\u1ed9t) \u0111\u01b0\u1ee3c chu\u1ea9n h\u00f3a \u0111\u1ec3 nu\u00f4i c\u1ea5y c\u00e1c t\u1ebf b\u00e0o m\u00f4 \u0111\u1ec7m trung m\u00f4 c\u1ee7a chu\u1ed9t (MSC; c\u00f2n \u0111\u01b0\u1ee3c g\u1ecdi l\u00e0 t\u1ebf b\u00e0o g\u1ed1c trung m\u00f4) v\u00e0 nguy\u00ean b\u00e0o<\/p>\n<div class=\"klb-readmore post-buttons\"><a class=\"button rounded primary\" href=\"https:\/\/biogroupvietnam.com\/vi\/san-pham\/moi-truong-tang-sinh-te-bao-chuot-mesencult-chuot\/\">Read More <i class=\"klbth-icon-right-arrow\"><\/i><\/a><\/div>\n","protected":false},"featured_media":10193,"comment_status":"closed","ping_status":"closed","template":"","meta":{"_acf_changed":false},"product_brand":[127],"product_cat":[91],"product_tag":[],"class_list":{"0":"post-3831","1":"product","2":"type-product","3":"status-publish","4":"has-post-thumbnail","6":"product_brand-stemcell-technologies","7":"product_cat-te-bao-goc-trung-mo","9":"first","10":"outofstock","11":"shipping-taxable","12":"product-type-simple"},"acf":[],"yoast_head":"<!-- This site is optimized with the Yoast SEO plugin v26.8 - https:\/\/yoast.com\/product\/yoast-seo-wordpress\/ -->\n<title>M\u00f4i Tr\u01b0\u1eddng MesenCult\u2122 T\u0103ng Sinh T\u1ebf B\u00e0o (Chu\u1ed9t)<\/title>\n<meta name=\"description\" content=\"B\u1ed9 m\u00f4i tr\u01b0\u1eddng t\u0103ng sinh t\u1ebf b\u00e0o MesenCult\u2122 (Chu\u1ed9t) \u0111\u01b0\u1ee3c chu\u1ea9n h\u00f3a \u0111\u1ec3 nu\u00f4i c\u1ea5y c\u00e1c t\u1ebf b\u00e0o m\u00f4 \u0111\u1ec7m trung m\u00f4 c\u1ee7a chu\u1ed9t (MSC; c\u00f2n \u0111\u01b0\u1ee3c g\u1ecdi l\u00e0 t\u1ebf b\u00e0o g\u1ed1c trung m\u00f4) v\u00e0 nguy\u00ean b\u00e0o s\u1ee3i ph\u00f4i chu\u1ed9t (MEF).\" \/>\n<meta name=\"robots\" content=\"index, follow, max-snippet:-1, max-image-preview:large, max-video-preview:-1\" \/>\n<link rel=\"canonical\" href=\"https:\/\/biogroupvietnam.com\/vi\/san-pham\/moi-truong-tang-sinh-te-bao-chuot-mesencult-chuot\/\" \/>\n<meta property=\"og:locale\" content=\"vi_VN\" \/>\n<meta property=\"og:type\" content=\"article\" \/>\n<meta property=\"og:title\" content=\"M\u00f4i Tr\u01b0\u1eddng MesenCult\u2122 T\u0103ng Sinh T\u1ebf B\u00e0o (Chu\u1ed9t)\" \/>\n<meta property=\"og:description\" content=\"B\u1ed9 m\u00f4i tr\u01b0\u1eddng t\u0103ng sinh t\u1ebf b\u00e0o MesenCult\u2122 (Chu\u1ed9t) \u0111\u01b0\u1ee3c chu\u1ea9n h\u00f3a \u0111\u1ec3 nu\u00f4i c\u1ea5y c\u00e1c t\u1ebf b\u00e0o m\u00f4 \u0111\u1ec7m trung m\u00f4 c\u1ee7a chu\u1ed9t (MSC; c\u00f2n \u0111\u01b0\u1ee3c g\u1ecdi l\u00e0 t\u1ebf b\u00e0o g\u1ed1c trung m\u00f4) v\u00e0 nguy\u00ean b\u00e0o s\u1ee3i ph\u00f4i chu\u1ed9t (MEF).\" \/>\n<meta property=\"og:url\" content=\"https:\/\/biogroupvietnam.com\/vi\/san-pham\/moi-truong-tang-sinh-te-bao-chuot-mesencult-chuot\/\" \/>\n<meta property=\"og:site_name\" content=\"Biogroup Vietnam\" \/>\n<meta property=\"article:modified_time\" content=\"2026-04-04T07:36:50+00:00\" \/>\n<meta property=\"og:image\" content=\"https:\/\/biogroupvietnam.com\/wp-content\/uploads\/2025\/08\/moi-truong-mesencult-tang-sinh-te-bao-chuot.jpg\" \/>\n\t<meta property=\"og:image:width\" content=\"1640\" \/>\n\t<meta property=\"og:image:height\" content=\"1260\" \/>\n\t<meta property=\"og:image:type\" content=\"image\/jpeg\" \/>\n<meta name=\"twitter:card\" content=\"summary_large_image\" \/>\n<meta name=\"twitter:label1\" content=\"\u01af\u1edbc t\u00ednh th\u1eddi gian \u0111\u1ecdc\" \/>\n\t<meta name=\"twitter:data1\" content=\"4 ph\u00fat\" \/>\n<script type=\"application\/ld+json\" class=\"yoast-schema-graph\">{\"@context\":\"https:\/\/schema.org\",\"@graph\":[{\"@type\":\"WebPage\",\"@id\":\"https:\/\/biogroupvietnam.com\/vi\/san-pham\/moi-truong-tang-sinh-te-bao-chuot-mesencult-chuot\/\",\"url\":\"https:\/\/biogroupvietnam.com\/vi\/san-pham\/moi-truong-tang-sinh-te-bao-chuot-mesencult-chuot\/\",\"name\":\"M\u00f4i Tr\u01b0\u1eddng MesenCult\u2122 T\u0103ng Sinh T\u1ebf B\u00e0o (Chu\u1ed9t)\",\"isPartOf\":{\"@id\":\"https:\/\/biogroupvietnam.com\/vi\/#website\"},\"primaryImageOfPage\":{\"@id\":\"https:\/\/biogroupvietnam.com\/vi\/san-pham\/moi-truong-tang-sinh-te-bao-chuot-mesencult-chuot\/#primaryimage\"},\"image\":{\"@id\":\"https:\/\/biogroupvietnam.com\/vi\/san-pham\/moi-truong-tang-sinh-te-bao-chuot-mesencult-chuot\/#primaryimage\"},\"thumbnailUrl\":\"https:\/\/biogroupvietnam.com\/wp-content\/uploads\/2025\/08\/moi-truong-mesencult-tang-sinh-te-bao-chuot.jpg\",\"datePublished\":\"2025-08-18T12:53:45+00:00\",\"dateModified\":\"2026-04-04T07:36:50+00:00\",\"description\":\"B\u1ed9 m\u00f4i tr\u01b0\u1eddng t\u0103ng sinh t\u1ebf b\u00e0o MesenCult\u2122 (Chu\u1ed9t) \u0111\u01b0\u1ee3c chu\u1ea9n h\u00f3a \u0111\u1ec3 nu\u00f4i c\u1ea5y c\u00e1c t\u1ebf b\u00e0o m\u00f4 \u0111\u1ec7m trung m\u00f4 c\u1ee7a chu\u1ed9t (MSC; c\u00f2n \u0111\u01b0\u1ee3c g\u1ecdi l\u00e0 t\u1ebf b\u00e0o g\u1ed1c trung m\u00f4) v\u00e0 nguy\u00ean b\u00e0o s\u1ee3i ph\u00f4i chu\u1ed9t (MEF).\",\"breadcrumb\":{\"@id\":\"https:\/\/biogroupvietnam.com\/vi\/san-pham\/moi-truong-tang-sinh-te-bao-chuot-mesencult-chuot\/#breadcrumb\"},\"inLanguage\":\"vi\",\"potentialAction\":[{\"@type\":\"ReadAction\",\"target\":[\"https:\/\/biogroupvietnam.com\/vi\/san-pham\/moi-truong-tang-sinh-te-bao-chuot-mesencult-chuot\/\"]}]},{\"@type\":\"ImageObject\",\"inLanguage\":\"vi\",\"@id\":\"https:\/\/biogroupvietnam.com\/vi\/san-pham\/moi-truong-tang-sinh-te-bao-chuot-mesencult-chuot\/#primaryimage\",\"url\":\"https:\/\/biogroupvietnam.com\/wp-content\/uploads\/2025\/08\/moi-truong-mesencult-tang-sinh-te-bao-chuot.jpg\",\"contentUrl\":\"https:\/\/biogroupvietnam.com\/wp-content\/uploads\/2025\/08\/moi-truong-mesencult-tang-sinh-te-bao-chuot.jpg\",\"width\":1640,\"height\":1260,\"caption\":\"M\u00f4i Tr\u01b0\u1eddng MesenCult\u2122 T\u0103ng Sinh T\u1ebf B\u00e0o (Chu\u1ed9t)\"},{\"@type\":\"BreadcrumbList\",\"@id\":\"https:\/\/biogroupvietnam.com\/vi\/san-pham\/moi-truong-tang-sinh-te-bao-chuot-mesencult-chuot\/#breadcrumb\",\"itemListElement\":[{\"@type\":\"ListItem\",\"position\":1,\"name\":\"Trang ch\u1ee7\",\"item\":\"https:\/\/biogroupvietnam.com\/vi\/\"},{\"@type\":\"ListItem\",\"position\":2,\"name\":\"S\u1ea3n ph\u1ea9m\",\"item\":\"https:\/\/biogroupvietnam.com\/vi\/san-pham\/\"},{\"@type\":\"ListItem\",\"position\":3,\"name\":\"Nu\u00f4i C\u1ea5y T\u1ebf B\u00e0o\",\"item\":\"https:\/\/biogroupvietnam.com\/vi\/danh-muc-san-pham\/nuoi-cay-te-bao\/\"},{\"@type\":\"ListItem\",\"position\":4,\"name\":\"T\u1ebf B\u00e0o G\u1ed1c Trung M\u00f4\",\"item\":\"https:\/\/biogroupvietnam.com\/vi\/danh-muc-san-pham\/te-bao-goc-trung-mo\/\"},{\"@type\":\"ListItem\",\"position\":5,\"name\":\"M\u00f4i Tr\u01b0\u1eddng MesenCult\u2122 T\u0103ng Sinh T\u1ebf B\u00e0o (Chu\u1ed9t)\"}]},{\"@type\":\"WebSite\",\"@id\":\"https:\/\/biogroupvietnam.com\/vi\/#website\",\"url\":\"https:\/\/biogroupvietnam.com\/vi\/\",\"name\":\"Biogroup Vietnam\",\"description\":\"Biogroup Vietnam cung c\u1ea5p d\u1ecbch v\u1ee5 k\u1ef9 thu\u1eadt c\u00f9ng thi\u1ebft b\u1ecb, v\u1eadt t\u01b0, h\u00f3a ch\u1ea5t v\u00e0 gi\u1ea3i ph\u00e1p sinh h\u1ecdc cho ph\u00f2ng th\u00ed nghi\u1ec7m c\u00f4ng ngh\u1ec7 sinh h\u1ecdc, y sinh v\u00e0 y h\u1ecdc t\u00e1i t\u1ea1o.\",\"potentialAction\":[{\"@type\":\"SearchAction\",\"target\":{\"@type\":\"EntryPoint\",\"urlTemplate\":\"https:\/\/biogroupvietnam.com\/vi\/?s={search_term_string}\"},\"query-input\":{\"@type\":\"PropertyValueSpecification\",\"valueRequired\":true,\"valueName\":\"search_term_string\"}}],\"inLanguage\":\"vi\"}]}<\/script>\n<!-- \/ Yoast SEO plugin. -->","yoast_head_json":{"title":"M\u00f4i Tr\u01b0\u1eddng MesenCult\u2122 T\u0103ng Sinh T\u1ebf B\u00e0o (Chu\u1ed9t)","description":"B\u1ed9 m\u00f4i tr\u01b0\u1eddng t\u0103ng sinh t\u1ebf b\u00e0o MesenCult\u2122 (Chu\u1ed9t) \u0111\u01b0\u1ee3c chu\u1ea9n h\u00f3a \u0111\u1ec3 nu\u00f4i c\u1ea5y c\u00e1c t\u1ebf b\u00e0o m\u00f4 \u0111\u1ec7m trung m\u00f4 c\u1ee7a chu\u1ed9t (MSC; c\u00f2n \u0111\u01b0\u1ee3c g\u1ecdi l\u00e0 t\u1ebf b\u00e0o g\u1ed1c trung m\u00f4) v\u00e0 nguy\u00ean b\u00e0o s\u1ee3i ph\u00f4i chu\u1ed9t (MEF).","robots":{"index":"index","follow":"follow","max-snippet":"max-snippet:-1","max-image-preview":"max-image-preview:large","max-video-preview":"max-video-preview:-1"},"canonical":"https:\/\/biogroupvietnam.com\/vi\/san-pham\/moi-truong-tang-sinh-te-bao-chuot-mesencult-chuot\/","og_locale":"vi_VN","og_type":"article","og_title":"M\u00f4i Tr\u01b0\u1eddng MesenCult\u2122 T\u0103ng Sinh T\u1ebf B\u00e0o (Chu\u1ed9t)","og_description":"B\u1ed9 m\u00f4i tr\u01b0\u1eddng t\u0103ng sinh t\u1ebf b\u00e0o MesenCult\u2122 (Chu\u1ed9t) \u0111\u01b0\u1ee3c chu\u1ea9n h\u00f3a \u0111\u1ec3 nu\u00f4i c\u1ea5y c\u00e1c t\u1ebf b\u00e0o m\u00f4 \u0111\u1ec7m trung m\u00f4 c\u1ee7a chu\u1ed9t (MSC; c\u00f2n \u0111\u01b0\u1ee3c g\u1ecdi l\u00e0 t\u1ebf b\u00e0o g\u1ed1c trung m\u00f4) v\u00e0 nguy\u00ean b\u00e0o s\u1ee3i ph\u00f4i chu\u1ed9t (MEF).","og_url":"https:\/\/biogroupvietnam.com\/vi\/san-pham\/moi-truong-tang-sinh-te-bao-chuot-mesencult-chuot\/","og_site_name":"Biogroup Vietnam","article_modified_time":"2026-04-04T07:36:50+00:00","og_image":[{"width":1640,"height":1260,"url":"https:\/\/biogroupvietnam.com\/wp-content\/uploads\/2025\/08\/moi-truong-mesencult-tang-sinh-te-bao-chuot.jpg","type":"image\/jpeg"}],"twitter_card":"summary_large_image","twitter_misc":{"\u01af\u1edbc t\u00ednh th\u1eddi gian \u0111\u1ecdc":"4 ph\u00fat"},"schema":{"@context":"https:\/\/schema.org","@graph":[{"@type":"WebPage","@id":"https:\/\/biogroupvietnam.com\/vi\/san-pham\/moi-truong-tang-sinh-te-bao-chuot-mesencult-chuot\/","url":"https:\/\/biogroupvietnam.com\/vi\/san-pham\/moi-truong-tang-sinh-te-bao-chuot-mesencult-chuot\/","name":"M\u00f4i Tr\u01b0\u1eddng MesenCult\u2122 T\u0103ng Sinh T\u1ebf B\u00e0o (Chu\u1ed9t)","isPartOf":{"@id":"https:\/\/biogroupvietnam.com\/vi\/#website"},"primaryImageOfPage":{"@id":"https:\/\/biogroupvietnam.com\/vi\/san-pham\/moi-truong-tang-sinh-te-bao-chuot-mesencult-chuot\/#primaryimage"},"image":{"@id":"https:\/\/biogroupvietnam.com\/vi\/san-pham\/moi-truong-tang-sinh-te-bao-chuot-mesencult-chuot\/#primaryimage"},"thumbnailUrl":"https:\/\/biogroupvietnam.com\/wp-content\/uploads\/2025\/08\/moi-truong-mesencult-tang-sinh-te-bao-chuot.jpg","datePublished":"2025-08-18T12:53:45+00:00","dateModified":"2026-04-04T07:36:50+00:00","description":"B\u1ed9 m\u00f4i tr\u01b0\u1eddng t\u0103ng sinh t\u1ebf b\u00e0o MesenCult\u2122 (Chu\u1ed9t) \u0111\u01b0\u1ee3c chu\u1ea9n h\u00f3a \u0111\u1ec3 nu\u00f4i c\u1ea5y c\u00e1c t\u1ebf b\u00e0o m\u00f4 \u0111\u1ec7m trung m\u00f4 c\u1ee7a chu\u1ed9t (MSC; c\u00f2n \u0111\u01b0\u1ee3c g\u1ecdi l\u00e0 t\u1ebf b\u00e0o g\u1ed1c trung m\u00f4) v\u00e0 nguy\u00ean b\u00e0o s\u1ee3i ph\u00f4i chu\u1ed9t (MEF).","breadcrumb":{"@id":"https:\/\/biogroupvietnam.com\/vi\/san-pham\/moi-truong-tang-sinh-te-bao-chuot-mesencult-chuot\/#breadcrumb"},"inLanguage":"vi","potentialAction":[{"@type":"ReadAction","target":["https:\/\/biogroupvietnam.com\/vi\/san-pham\/moi-truong-tang-sinh-te-bao-chuot-mesencult-chuot\/"]}]},{"@type":"ImageObject","inLanguage":"vi","@id":"https:\/\/biogroupvietnam.com\/vi\/san-pham\/moi-truong-tang-sinh-te-bao-chuot-mesencult-chuot\/#primaryimage","url":"https:\/\/biogroupvietnam.com\/wp-content\/uploads\/2025\/08\/moi-truong-mesencult-tang-sinh-te-bao-chuot.jpg","contentUrl":"https:\/\/biogroupvietnam.com\/wp-content\/uploads\/2025\/08\/moi-truong-mesencult-tang-sinh-te-bao-chuot.jpg","width":1640,"height":1260,"caption":"M\u00f4i Tr\u01b0\u1eddng MesenCult\u2122 T\u0103ng Sinh T\u1ebf B\u00e0o (Chu\u1ed9t)"},{"@type":"BreadcrumbList","@id":"https:\/\/biogroupvietnam.com\/vi\/san-pham\/moi-truong-tang-sinh-te-bao-chuot-mesencult-chuot\/#breadcrumb","itemListElement":[{"@type":"ListItem","position":1,"name":"Trang ch\u1ee7","item":"https:\/\/biogroupvietnam.com\/vi\/"},{"@type":"ListItem","position":2,"name":"S\u1ea3n ph\u1ea9m","item":"https:\/\/biogroupvietnam.com\/vi\/san-pham\/"},{"@type":"ListItem","position":3,"name":"Nu\u00f4i C\u1ea5y T\u1ebf B\u00e0o","item":"https:\/\/biogroupvietnam.com\/vi\/danh-muc-san-pham\/nuoi-cay-te-bao\/"},{"@type":"ListItem","position":4,"name":"T\u1ebf B\u00e0o G\u1ed1c Trung M\u00f4","item":"https:\/\/biogroupvietnam.com\/vi\/danh-muc-san-pham\/te-bao-goc-trung-mo\/"},{"@type":"ListItem","position":5,"name":"M\u00f4i Tr\u01b0\u1eddng MesenCult\u2122 T\u0103ng Sinh T\u1ebf B\u00e0o (Chu\u1ed9t)"}]},{"@type":"WebSite","@id":"https:\/\/biogroupvietnam.com\/vi\/#website","url":"https:\/\/biogroupvietnam.com\/vi\/","name":"Biogroup Vietnam","description":"Biogroup Vietnam cung c\u1ea5p d\u1ecbch v\u1ee5 k\u1ef9 thu\u1eadt c\u00f9ng thi\u1ebft b\u1ecb, v\u1eadt t\u01b0, h\u00f3a ch\u1ea5t v\u00e0 gi\u1ea3i ph\u00e1p sinh h\u1ecdc cho ph\u00f2ng th\u00ed nghi\u1ec7m c\u00f4ng ngh\u1ec7 sinh h\u1ecdc, y sinh v\u00e0 y h\u1ecdc t\u00e1i t\u1ea1o.","potentialAction":[{"@type":"SearchAction","target":{"@type":"EntryPoint","urlTemplate":"https:\/\/biogroupvietnam.com\/vi\/?s={search_term_string}"},"query-input":{"@type":"PropertyValueSpecification","valueRequired":true,"valueName":"search_term_string"}}],"inLanguage":"vi"}]}},"_links":{"self":[{"href":"https:\/\/biogroupvietnam.com\/vi\/wp-json\/wp\/v2\/product\/3831","targetHints":{"allow":["GET"]}}],"collection":[{"href":"https:\/\/biogroupvietnam.com\/vi\/wp-json\/wp\/v2\/product"}],"about":[{"href":"https:\/\/biogroupvietnam.com\/vi\/wp-json\/wp\/v2\/types\/product"}],"replies":[{"embeddable":true,"href":"https:\/\/biogroupvietnam.com\/vi\/wp-json\/wp\/v2\/comments?post=3831"}],"version-history":[{"count":5,"href":"https:\/\/biogroupvietnam.com\/vi\/wp-json\/wp\/v2\/product\/3831\/revisions"}],"predecessor-version":[{"id":9750,"href":"https:\/\/biogroupvietnam.com\/vi\/wp-json\/wp\/v2\/product\/3831\/revisions\/9750"}],"wp:featuredmedia":[{"embeddable":true,"href":"https:\/\/biogroupvietnam.com\/vi\/wp-json\/wp\/v2\/media\/10193"}],"wp:attachment":[{"href":"https:\/\/biogroupvietnam.com\/vi\/wp-json\/wp\/v2\/media?parent=3831"}],"wp:term":[{"taxonomy":"product_brand","embeddable":true,"href":"https:\/\/biogroupvietnam.com\/vi\/wp-json\/wp\/v2\/product_brand?post=3831"},{"taxonomy":"product_cat","embeddable":true,"href":"https:\/\/biogroupvietnam.com\/vi\/wp-json\/wp\/v2\/product_cat?post=3831"},{"taxonomy":"product_tag","embeddable":true,"href":"https:\/\/biogroupvietnam.com\/vi\/wp-json\/wp\/v2\/product_tag?post=3831"}],"curies":[{"name":"wp","href":"https:\/\/api.w.org\/{rel}","templated":true}]}}