{"id":3832,"date":"2025-08-18T19:53:45","date_gmt":"2025-08-18T12:53:45","guid":{"rendered":"http:\/\/biogroupvietnam-worldpress.local\/product\/import-placeholder-for-134\/"},"modified":"2025-12-22T10:19:43","modified_gmt":"2025-12-22T03:19:43","slug":"may-dem-te-bao-tu-dong-eve-plus","status":"publish","type":"product","link":"https:\/\/biogroupvietnam.com\/vi\/san-pham\/may-dem-te-bao-tu-dong-eve-plus\/","title":{"rendered":"M\u00e1y \u0110\u1ebfm T\u1ebf B\u00e0o T\u1ef1 \u0110\u1ed9ng EVE\u2122 Plus"},"content":{"rendered":"<h3><strong>T\u1ed5ng quan v\u1ec1 m\u00e1y \u0111\u1ebfm t\u1ebf b\u00e0o t\u1ef1 \u0111\u1ed9ng EVE\u2122 Plus:<\/strong><\/h3>\n<ul>\n<li>EVE\u2122 Plus\u00a0l\u00e0 m\u00e1y \u0111\u1ebfm t\u1ebf b\u00e0o d\u1ef1a v\u00e0o ph\u01b0\u01a1ng ph\u00e1p nhu\u1ed9m nh\u00e2n t\u1ebf b\u00e0o, v\u1edbi \u0111\u1ed9 ch\u00ednh x\u00e1c (accuracy) v\u00e0 \u0111\u1ed9 ch\u1ee5m (precision) cao.<\/li>\n<li>EVE\u2122 Plus\u00a0c\u00f3 th\u1ec3 x\u00e1c \u0111\u1ecbnh v\u00e0 \u0111\u1ebfm ch\u00ednh x\u00e1c c\u00e1c t\u1ebf b\u00e0o \u0111\u01a1n trong c\u1ee5m t\u1ebf b\u00e0o.<\/li>\n<\/ul>\n<h3><strong>C\u00e1c t\u00ednh n\u0103ng v\u00e0 ti\u1ec7n \u00edch ch\u00ednh c\u1ee7a m\u00e1y\u00a0EVE\u2122 Plus<\/strong><\/h3>\n<ul>\n<li>Ch\u01b0a \u0111\u1ebfn 1 gi\u00e2y \u0111\u1ec3 c\u00f3 k\u1ebft qu\u1ea3.<\/li>\n<li>D\u1ec5 s\u1eed d\u1ee5ng.<\/li>\n<li>T\u1ef1 \u0111\u1ed9ng l\u01b0u \u0111\u1ebfn 500 k\u1ebft qu\u1ea3 (k\u1ebft qu\u1ea3 c\u00f3 th\u1ec3 l\u1ea5y d\u1ec5 d\u00e0ng qua email &amp; USB).<\/li>\n<li>\u0110\u1ed9 ch\u00ednh x\u00e1c cao do ch\u1ebf \u0111\u1ed9 \u0111\u1ebfm t\u1ebf b\u00e0o \u0111\u01a1n v\u00e0 c\u1ee5m t\u1ebf b\u00e0o ri\u00eang l\u1ebb.<\/li>\n<li>Ch\u1ebf \u0111\u1ed9 l\u1ea5y n\u00e9t th\u1ee7 c\u00f4ng v\u00e0 t\u1ef1 \u0111\u1ed9ng.<\/li>\n<\/ul>\n<p><img decoding=\"async\" src=\"https:\/\/biogroupvietnam.com\/uploads\/AyKCColVnthC1rX6c5chrMzcYAxhsQlAWgb5CsMe.png\" alt=\"\" width=\"493\" height=\"100\" \/><\/p>\n<h3><strong>M\u1ed9t s\u1ed1 \u01b0u \u0111i\u1ec3m c\u1ee7a m\u00e1y\u00a0EVE\u2122 Plus<\/strong><\/h3>\n<h4><strong>\u0110\u1ebfm t\u1ebf b\u00e0o ch\u00ednh x\u00e1c trong 1 gi\u00e2y:<\/strong><\/h4>\n<p>EVE\u2122 Plus\u00a0l\u00e0 m\u00e1y \u0111\u1ebfm t\u1ebf b\u00e0o t\u1ef1 \u0111\u1ed9ng nhanh nh\u1ea5t th\u1ebf gi\u1edbi. N\u00f3 \u0111\u01b0\u1ee3c thi\u1ebft k\u1ebf \u0111\u1ec3 \u0111o s\u1ed1 l\u01b0\u1ee3ng t\u1ebf b\u00e0o t\u1ed5ng s\u1ed1 v\u00e0 t\u1ef7 l\u1ec7 t\u1ebf b\u00e0o s\u1ed1ng, v\u1edbi \u0111\u1ed9 ch\u00ednh x\u00e1c v\u00e0 \u0111\u1ed9 ch\u1ee5m cao b\u1eb1ng ph\u01b0\u01a1ng ph\u00e1p nhu\u1ed9m trypan blue ti\u00eau chu\u1ea9n trong v\u00f2ng 1 gi\u00e2y.<\/p>\n<h4><strong>Ch\u1ebf \u0111\u1ed9 l\u1ea5y n\u00e9t t\u1ef1 \u0111\u1ed9ng v\u00e0 th\u1ee7 c\u00f4ng:<\/strong><\/h4>\n<p><strong>L\u1ea5y n\u00e9t t\u1ef1 \u0111\u1ed9ng<\/strong><\/p>\n<p>T\u1ed5ng s\u1ed1 t\u1ebf b\u00e0o, t\u1ebf b\u00e0o s\u1ed1ng, t\u1ebf b\u00e0o ch\u1ebft, t\u1ec9 l\u1ec7 t\u1ebf b\u00e0o s\u1ed1ng s\u1ebd \u0111\u01b0\u1ee3c hi\u1ec3n th\u1ecb tr\u00ean m\u00e0n h\u00ecnh sau 10 gi\u00e2y \u0111\u1ebfm t\u1ef1 \u0111\u1ed9ng. Nh\u1eefng k\u1ebft qu\u1ea3 chi ti\u1ebft nh\u01b0 m\u1eadt \u0111\u1ed9 t\u1ebf b\u00e0o v\u00e0 k\u00edch th\u01b0\u1edbc t\u1ebf b\u00e0o s\u1ebd \u0111\u01b0\u1ee3c li\u1ec7t k\u00ea tr\u00ean m\u00e0n h\u00ecnh.<\/p>\n<p><img fetchpriority=\"high\" decoding=\"async\" src=\"https:\/\/biogroupvietnam.com\/uploads\/HIwdKoJyW0vSMPVlMBGD5OEvrYhlEuFOtnuHHpii.png\" alt=\"\" width=\"687\" height=\"365\" \/><\/p>\n<p><strong>L\u1ea5y n\u00e9t th\u1ee7 c\u00f4ng<\/strong><\/p>\n<p>Sau khi ch\u1ec9nh l\u1ea5y n\u00e9t th\u1ee7 c\u00f4ng b\u1eb1ng n\u00fam xoay, ki\u1ec3m tra l\u1ea1i t\u1ebf b\u00e0o b\u1eb1ng c\u00e1ch ph\u00f3ng to h\u00ecnh \u1ea3nh v\u1edbi n\u00fat ZOOM. Khi h\u00e0i l\u00f2ng v\u1edbi k\u1ebft qu\u1ea3 l\u1ea5y n\u00e9t, \u1ea5n n\u00fat COUNT \u0111\u1ec3 \u0111\u1ebfm t\u1ebf b\u00e0o. T\u1ed5ng s\u1ed1 t\u1ebf b\u00e0o, t\u1ebf b\u00e0o s\u1ed1ng, t\u1ebf b\u00e0o ch\u1ebft, t\u1ec9 l\u1ec7 t\u1ebf b\u00e0o s\u1ed1ng s\u1ebd \u0111\u01b0\u1ee3c hi\u1ec3n th\u1ecb tr\u00ean m\u00e0n h\u00ecnh sau 1 gi\u00e2y. T\u1ed5ng s\u1ed1 t\u1ebf b\u00e0o, t\u1ebf b\u00e0o s\u1ed1ng, t\u1ebf b\u00e0o ch\u1ebft, t\u1ec9 l\u1ec7 t\u1ebf b\u00e0o s\u1ed1ng s\u1ebd \u0111\u01b0\u1ee3c hi\u1ec3n th\u1ecb tr\u00ean m\u00e0n h\u00ecnh sau 10 gi\u00e2y.<\/p>\n<p><img decoding=\"async\" src=\"https:\/\/biogroupvietnam.com\/uploads\/tAq8BUsz5v1KbdBEUmcmynUa7sEDS7Jv2BZsOsfY.png\" alt=\"\" width=\"660\" height=\"296\" \/><\/p>\n<h4><strong>X\u00e1c \u0111\u1ecbnh t\u1ef7 l\u1ec7 t\u1ebf b\u00e0o s\u1ed1ng b\u1eb1ng ph\u01b0\u01a1ng ph\u00e1p nhu\u1ed9m Trypan blue<\/strong><\/h4>\n<p>EVE Plus t\u01b0\u01a1ng th\u00edch v\u1edbi 2 lo\u1ea1i thu\u1ed1c nhu\u1ed9m Trypan Blue v\u00e0 Erythrosine B, \u0111\u00e2y l\u00e0 2 lo\u1ea1i thu\u1ed1c nhu\u1ed9m ph\u1ed5 bi\u1ebfn nh\u1ea5t \u0111\u1ec3 \u0111\u00e1nh gi\u00e1 kh\u1ea3 n\u0103ng s\u1ed1ng c\u1ee7a t\u1ebf b\u00e0o. Erythrosine B c\u00f3 nguy\u00ean l\u00fd nhu\u1ed9m t\u01b0\u01a1ng t\u1ef1 nh\u01b0 Trypan Blue, n\u00f3 kh\u00f4ng th\u1ea5m v\u00e0o m\u00e0ng t\u1ebf b\u00e0o s\u1ed1ng v\u00e0 m\u00e0ng t\u1ebf b\u00e0o nguy\u00ean v\u1eb9n m\u00e0 ch\u1ec9 nhu\u1ed9m t\u1ebf b\u00e0o kh\u00f4ng s\u1ed1ng.<\/p>\n<p>Do m\u1ed1i quan t\u00e2m v\u1ec1 m\u00f4i tr\u01b0\u1eddng v\u00e0 s\u1ee9c kh\u1ecfe ng\u00e0y c\u00e0ng t\u0103ng, Erythrosine B kh\u00f4ng \u0111\u1ed9c h\u1ea1i \u0111\u00e3 \u0111\u01b0\u1ee3c ch\u00fa \u00fd \u1edf nhi\u1ec1u qu\u1ed1c gia \u1edf Ch\u00e2u \u00c2u v\u00e0 \u0111\u01b0\u1ee3c coi l\u00e0 ch\u1ea5t thay th\u1ebf cho Trypan Blue \u0111\u1ec3 \u0111\u00e1nh gi\u00e1 kh\u1ea3 n\u0103ng s\u1ed1ng c\u1ee7a t\u1ebf b\u00e0o.<\/p>\n<figure class=\"image\"><img loading=\"lazy\" decoding=\"async\" style=\"aspect-ratio: 692\/193;\" src=\"https:\/\/biogroupvietnam.com\/uploads\/J2C0IERq5oOu3yemC6ngmq1NvC4vCb4vBHzz0Y40.png\" width=\"692\" height=\"193\" \/><\/figure>\n<h4><strong>Kh\u1ea3 n\u0103ng \u0111\u1ebfm t\u1ebf b\u00e0o \u0111\u01a1n l\u1ebb trong c\u1ee5m t\u1ebf b\u00e0o:<\/strong><\/h4>\n<p>EVE\u2122 Plus\u00a0c\u00f3 th\u1ec3 d\u00f9ng \u0111\u1ec3 \u0111\u1ebfm t\u1ea5t c\u1ea3 c\u00e1c d\u00f2ng t\u1ebf b\u00e0o v\u1edbi \u0111\u1ed9 ch\u00ednh x\u00e1c v\u00e0 \u0111\u1ed9 ch\u1ee5m cao b\u1eb1ng ph\u01b0\u01a1ng ph\u00e1p nhu\u1ed9m nh\u00e2n t\u1ebf b\u00e0o.<\/p>\n<p>Th\u1eed nghi\u1ec7m \u0111\u1ebfm t\u1ebf b\u00e0o \u0111\u01a1n l\u1ebb trong c\u1ee5m t\u1ebf b\u00e0o b\u1eb1ng EVE\u2122 Plus, <a href=\"https:\/\/biogroupvietnam.com\/vi\/products\/nghien-cuu-sinh-hoc\/dem-phan-tich-te-bao\/adam-mc2.html\" target=\"_blank\" rel=\"noopener noreferrer\">ADAM-MC2<\/a> v\u00e0 c\u00e1c thi\u1ebft b\u1ecb \u0111\u1ebfm t\u1ebf b\u00e0o c\u1ee7a c\u00e1c nh\u00e0 s\u1ea3n xu\u1ea5t kh\u00e1c (A, B v\u00e0 C). K\u1ebft qu\u1ea3 cho th\u1ea5y thi\u1ebft b\u1ecb A, B v\u00e0 C hi\u1ec3n th\u1ecb k\u1ebft qu\u1ea3 kh\u00f4ng ch\u00ednh x\u00e1c khi \u0111\u1ebfm c\u00e1c c\u1ee5m t\u1ebf b\u00e0o. EVE\u2122 Plus\u00a0x\u00e1c \u0111\u1ecbnh v\u00e0 \u0111\u1ebfm ch\u00ednh x\u00e1c t\u1ebf b\u00e0o ri\u00eang l\u1ebb trong c\u1ee5m t\u1ebf b\u00e0o.<\/p>\n<p><img loading=\"lazy\" decoding=\"async\" src=\"https:\/\/biogroupvietnam.com\/uploads\/YiIMJtIKvEJNJJKGwYWmahsC2tlLZEzuaQcUfJKf.png\" alt=\"\" width=\"865\" height=\"386\" \/><\/p>\n<h4><strong>M\u1ed1i t\u01b0\u01a1ng quan gi\u1eefa EVE\u2122 Plus\u00a0v\u00e0 \u0111\u1ebfm th\u1ee7 c\u00f4ng:<\/strong><\/h4>\n<p>EVE\u2122 Plus\u00a0c\u00f3 th\u1ec3 kho\u1ea3ng \u0111\u1ebfm r\u1ed9ng h\u01a1n so v\u1edbi bu\u1ed3ng \u0111\u1ebfm h\u1ed3ng c\u1ea7u truy\u1ec1n th\u1ed1ng. K\u1ebft qu\u1ea3 ph\u00e2n t\u00edch cho ra \u0111\u1ed3ng th\u1eddi: t\u1ed5ng s\u1ed1 t\u1ebf b\u00e0o, t\u1ebf b\u00e0o s\u1ed1ng, t\u1ebf b\u00e0o ch\u1ebft, t\u1ec9 l\u1ec7 t\u1ebf b\u00e0o s\u1ed1ng, k\u00edch th\u01b0\u1edbc t\u1ebf b\u00e0o.<\/p>\n<p><img loading=\"lazy\" decoding=\"async\" src=\"https:\/\/biogroupvietnam.com\/uploads\/CufM3tqp5yw4YXNAfppSPEk72GYeRCXna03ORxLZ.png\" alt=\"\" width=\"865\" height=\"382\" \/><\/p>\n","protected":false},"excerpt":{"rendered":"<p>T\u1ed5ng quan v\u1ec1 m\u00e1y \u0111\u1ebfm t\u1ebf b\u00e0o t\u1ef1 \u0111\u1ed9ng EVE\u2122 Plus: EVE\u2122 Plus\u00a0l\u00e0 m\u00e1y \u0111\u1ebfm t\u1ebf b\u00e0o d\u1ef1a v\u00e0o ph\u01b0\u01a1ng ph\u00e1p nhu\u1ed9m nh\u00e2n t\u1ebf b\u00e0o, v\u1edbi \u0111\u1ed9 ch\u00ednh x\u00e1c (accuracy) v\u00e0 \u0111\u1ed9 ch\u1ee5m (precision) cao. EVE\u2122 Plus\u00a0c\u00f3 th\u1ec3 x\u00e1c \u0111\u1ecbnh v\u00e0 \u0111\u1ebfm ch\u00ednh x\u00e1c c\u00e1c t\u1ebf b\u00e0o \u0111\u01a1n trong c\u1ee5m t\u1ebf b\u00e0o. C\u00e1c t\u00ednh n\u0103ng<\/p>\n<div class=\"klb-readmore post-buttons\"><a class=\"button rounded primary\" href=\"https:\/\/biogroupvietnam.com\/vi\/san-pham\/may-dem-te-bao-tu-dong-eve-plus\/\">Read More <i class=\"klbth-icon-right-arrow\"><\/i><\/a><\/div>\n","protected":false},"featured_media":8972,"comment_status":"closed","ping_status":"closed","template":"","meta":{"_acf_changed":false},"product_brand":[134],"product_cat":[111],"product_tag":[],"class_list":{"0":"post-3832","1":"product","2":"type-product","3":"status-publish","4":"has-post-thumbnail","6":"product_brand-nanoentek","7":"product_cat-dem-phan-tich-te-bao","9":"first","10":"outofstock","11":"shipping-taxable","12":"product-type-simple"},"acf":[],"yoast_head":"<!-- This site is optimized with the Yoast SEO plugin v26.8 - https:\/\/yoast.com\/product\/yoast-seo-wordpress\/ -->\n<title>M\u00e1y \u0110\u1ebfm T\u1ebf B\u00e0o T\u1ef1 \u0110\u1ed9ng EVE\u2122 Plus<\/title>\n<meta name=\"description\" content=\"EVE\u2122 Plus\u00a0l\u00e0 m\u00e1y \u0111\u1ebfm t\u1ebf b\u00e0o d\u1ef1a v\u00e0o ph\u01b0\u01a1ng ph\u00e1p nhu\u1ed9m nh\u00e2n t\u1ebf b\u00e0o, v\u1edbi \u0111\u1ed9 ch\u00ednh x\u00e1c (accuracy) v\u00e0 \u0111\u1ed9 ch\u1ee5m (precision) cao.\" \/>\n<meta name=\"robots\" content=\"index, follow, max-snippet:-1, max-image-preview:large, max-video-preview:-1\" \/>\n<link rel=\"canonical\" href=\"https:\/\/biogroupvietnam.com\/vi\/san-pham\/may-dem-te-bao-tu-dong-eve-plus\/\" \/>\n<meta property=\"og:locale\" content=\"vi_VN\" \/>\n<meta property=\"og:type\" content=\"article\" \/>\n<meta property=\"og:title\" content=\"M\u00e1y \u0110\u1ebfm T\u1ebf B\u00e0o T\u1ef1 \u0110\u1ed9ng EVE\u2122 Plus\" \/>\n<meta property=\"og:description\" content=\"EVE\u2122 Plus\u00a0l\u00e0 m\u00e1y \u0111\u1ebfm t\u1ebf b\u00e0o d\u1ef1a v\u00e0o ph\u01b0\u01a1ng ph\u00e1p nhu\u1ed9m nh\u00e2n t\u1ebf b\u00e0o, v\u1edbi \u0111\u1ed9 ch\u00ednh x\u00e1c (accuracy) v\u00e0 \u0111\u1ed9 ch\u1ee5m (precision) cao.\" \/>\n<meta property=\"og:url\" content=\"https:\/\/biogroupvietnam.com\/vi\/san-pham\/may-dem-te-bao-tu-dong-eve-plus\/\" \/>\n<meta property=\"og:site_name\" content=\"Biogroup Vietnam\" \/>\n<meta property=\"article:modified_time\" content=\"2025-12-22T03:19:43+00:00\" \/>\n<meta property=\"og:image\" content=\"https:\/\/biogroupvietnam.com\/wp-content\/uploads\/2025\/08\/EVE\u2122-Plus.jpg\" \/>\n\t<meta property=\"og:image:width\" content=\"1640\" \/>\n\t<meta property=\"og:image:height\" content=\"1260\" \/>\n\t<meta property=\"og:image:type\" content=\"image\/jpeg\" \/>\n<meta name=\"twitter:card\" content=\"summary_large_image\" \/>\n<meta name=\"twitter:label1\" content=\"\u01af\u1edbc t\u00ednh th\u1eddi gian \u0111\u1ecdc\" \/>\n\t<meta name=\"twitter:data1\" content=\"5 ph\u00fat\" \/>\n<script type=\"application\/ld+json\" class=\"yoast-schema-graph\">{\"@context\":\"https:\/\/schema.org\",\"@graph\":[{\"@type\":\"WebPage\",\"@id\":\"https:\/\/biogroupvietnam.com\/vi\/san-pham\/may-dem-te-bao-tu-dong-eve-plus\/\",\"url\":\"https:\/\/biogroupvietnam.com\/vi\/san-pham\/may-dem-te-bao-tu-dong-eve-plus\/\",\"name\":\"M\u00e1y \u0110\u1ebfm T\u1ebf B\u00e0o T\u1ef1 \u0110\u1ed9ng EVE\u2122 Plus\",\"isPartOf\":{\"@id\":\"https:\/\/biogroupvietnam.com\/vi\/#website\"},\"primaryImageOfPage\":{\"@id\":\"https:\/\/biogroupvietnam.com\/vi\/san-pham\/may-dem-te-bao-tu-dong-eve-plus\/#primaryimage\"},\"image\":{\"@id\":\"https:\/\/biogroupvietnam.com\/vi\/san-pham\/may-dem-te-bao-tu-dong-eve-plus\/#primaryimage\"},\"thumbnailUrl\":\"https:\/\/biogroupvietnam.com\/wp-content\/uploads\/2025\/08\/EVE\u2122-Plus.jpg\",\"datePublished\":\"2025-08-18T12:53:45+00:00\",\"dateModified\":\"2025-12-22T03:19:43+00:00\",\"description\":\"EVE\u2122 Plus\u00a0l\u00e0 m\u00e1y \u0111\u1ebfm t\u1ebf b\u00e0o d\u1ef1a v\u00e0o ph\u01b0\u01a1ng ph\u00e1p nhu\u1ed9m nh\u00e2n t\u1ebf b\u00e0o, v\u1edbi \u0111\u1ed9 ch\u00ednh x\u00e1c (accuracy) v\u00e0 \u0111\u1ed9 ch\u1ee5m (precision) cao.\",\"breadcrumb\":{\"@id\":\"https:\/\/biogroupvietnam.com\/vi\/san-pham\/may-dem-te-bao-tu-dong-eve-plus\/#breadcrumb\"},\"inLanguage\":\"vi\",\"potentialAction\":[{\"@type\":\"ReadAction\",\"target\":[\"https:\/\/biogroupvietnam.com\/vi\/san-pham\/may-dem-te-bao-tu-dong-eve-plus\/\"]}]},{\"@type\":\"ImageObject\",\"inLanguage\":\"vi\",\"@id\":\"https:\/\/biogroupvietnam.com\/vi\/san-pham\/may-dem-te-bao-tu-dong-eve-plus\/#primaryimage\",\"url\":\"https:\/\/biogroupvietnam.com\/wp-content\/uploads\/2025\/08\/EVE\u2122-Plus.jpg\",\"contentUrl\":\"https:\/\/biogroupvietnam.com\/wp-content\/uploads\/2025\/08\/EVE\u2122-Plus.jpg\",\"width\":1640,\"height\":1260},{\"@type\":\"BreadcrumbList\",\"@id\":\"https:\/\/biogroupvietnam.com\/vi\/san-pham\/may-dem-te-bao-tu-dong-eve-plus\/#breadcrumb\",\"itemListElement\":[{\"@type\":\"ListItem\",\"position\":1,\"name\":\"Trang ch\u1ee7\",\"item\":\"https:\/\/biogroupvietnam.com\/vi\/\"},{\"@type\":\"ListItem\",\"position\":2,\"name\":\"S\u1ea3n ph\u1ea9m\",\"item\":\"https:\/\/biogroupvietnam.com\/vi\/san-pham\/\"},{\"@type\":\"ListItem\",\"position\":3,\"name\":\"R&amp;D Sinh H\u1ecdc\",\"item\":\"https:\/\/biogroupvietnam.com\/vi\/danh-muc-san-pham\/rd-sinh-hoc\/\"},{\"@type\":\"ListItem\",\"position\":4,\"name\":\"\u0110\u1ebfm &amp; Ph\u00e2n T\u00edch T\u1ebf B\u00e0o\",\"item\":\"https:\/\/biogroupvietnam.com\/vi\/danh-muc-san-pham\/dem-phan-tich-te-bao\/\"},{\"@type\":\"ListItem\",\"position\":5,\"name\":\"M\u00e1y \u0110\u1ebfm T\u1ebf B\u00e0o T\u1ef1 \u0110\u1ed9ng EVE\u2122 Plus\"}]},{\"@type\":\"WebSite\",\"@id\":\"https:\/\/biogroupvietnam.com\/vi\/#website\",\"url\":\"https:\/\/biogroupvietnam.com\/vi\/\",\"name\":\"Biogroup Vietnam\",\"description\":\"Biogroup Vietnam cung c\u1ea5p d\u1ecbch v\u1ee5 k\u1ef9 thu\u1eadt c\u00f9ng thi\u1ebft b\u1ecb, v\u1eadt t\u01b0, h\u00f3a ch\u1ea5t v\u00e0 gi\u1ea3i ph\u00e1p sinh h\u1ecdc cho ph\u00f2ng th\u00ed nghi\u1ec7m c\u00f4ng ngh\u1ec7 sinh h\u1ecdc, y sinh v\u00e0 y h\u1ecdc t\u00e1i t\u1ea1o.\",\"potentialAction\":[{\"@type\":\"SearchAction\",\"target\":{\"@type\":\"EntryPoint\",\"urlTemplate\":\"https:\/\/biogroupvietnam.com\/vi\/?s={search_term_string}\"},\"query-input\":{\"@type\":\"PropertyValueSpecification\",\"valueRequired\":true,\"valueName\":\"search_term_string\"}}],\"inLanguage\":\"vi\"}]}<\/script>\n<!-- \/ Yoast SEO plugin. -->","yoast_head_json":{"title":"M\u00e1y \u0110\u1ebfm T\u1ebf B\u00e0o T\u1ef1 \u0110\u1ed9ng EVE\u2122 Plus","description":"EVE\u2122 Plus\u00a0l\u00e0 m\u00e1y \u0111\u1ebfm t\u1ebf b\u00e0o d\u1ef1a v\u00e0o ph\u01b0\u01a1ng ph\u00e1p nhu\u1ed9m nh\u00e2n t\u1ebf b\u00e0o, v\u1edbi \u0111\u1ed9 ch\u00ednh x\u00e1c (accuracy) v\u00e0 \u0111\u1ed9 ch\u1ee5m (precision) cao.","robots":{"index":"index","follow":"follow","max-snippet":"max-snippet:-1","max-image-preview":"max-image-preview:large","max-video-preview":"max-video-preview:-1"},"canonical":"https:\/\/biogroupvietnam.com\/vi\/san-pham\/may-dem-te-bao-tu-dong-eve-plus\/","og_locale":"vi_VN","og_type":"article","og_title":"M\u00e1y \u0110\u1ebfm T\u1ebf B\u00e0o T\u1ef1 \u0110\u1ed9ng EVE\u2122 Plus","og_description":"EVE\u2122 Plus\u00a0l\u00e0 m\u00e1y \u0111\u1ebfm t\u1ebf b\u00e0o d\u1ef1a v\u00e0o ph\u01b0\u01a1ng ph\u00e1p nhu\u1ed9m nh\u00e2n t\u1ebf b\u00e0o, v\u1edbi \u0111\u1ed9 ch\u00ednh x\u00e1c (accuracy) v\u00e0 \u0111\u1ed9 ch\u1ee5m (precision) cao.","og_url":"https:\/\/biogroupvietnam.com\/vi\/san-pham\/may-dem-te-bao-tu-dong-eve-plus\/","og_site_name":"Biogroup Vietnam","article_modified_time":"2025-12-22T03:19:43+00:00","og_image":[{"width":1640,"height":1260,"url":"https:\/\/biogroupvietnam.com\/wp-content\/uploads\/2025\/08\/EVE\u2122-Plus.jpg","type":"image\/jpeg"}],"twitter_card":"summary_large_image","twitter_misc":{"\u01af\u1edbc t\u00ednh th\u1eddi gian \u0111\u1ecdc":"5 ph\u00fat"},"schema":{"@context":"https:\/\/schema.org","@graph":[{"@type":"WebPage","@id":"https:\/\/biogroupvietnam.com\/vi\/san-pham\/may-dem-te-bao-tu-dong-eve-plus\/","url":"https:\/\/biogroupvietnam.com\/vi\/san-pham\/may-dem-te-bao-tu-dong-eve-plus\/","name":"M\u00e1y \u0110\u1ebfm T\u1ebf B\u00e0o T\u1ef1 \u0110\u1ed9ng EVE\u2122 Plus","isPartOf":{"@id":"https:\/\/biogroupvietnam.com\/vi\/#website"},"primaryImageOfPage":{"@id":"https:\/\/biogroupvietnam.com\/vi\/san-pham\/may-dem-te-bao-tu-dong-eve-plus\/#primaryimage"},"image":{"@id":"https:\/\/biogroupvietnam.com\/vi\/san-pham\/may-dem-te-bao-tu-dong-eve-plus\/#primaryimage"},"thumbnailUrl":"https:\/\/biogroupvietnam.com\/wp-content\/uploads\/2025\/08\/EVE\u2122-Plus.jpg","datePublished":"2025-08-18T12:53:45+00:00","dateModified":"2025-12-22T03:19:43+00:00","description":"EVE\u2122 Plus\u00a0l\u00e0 m\u00e1y \u0111\u1ebfm t\u1ebf b\u00e0o d\u1ef1a v\u00e0o ph\u01b0\u01a1ng ph\u00e1p nhu\u1ed9m nh\u00e2n t\u1ebf b\u00e0o, v\u1edbi \u0111\u1ed9 ch\u00ednh x\u00e1c (accuracy) v\u00e0 \u0111\u1ed9 ch\u1ee5m (precision) cao.","breadcrumb":{"@id":"https:\/\/biogroupvietnam.com\/vi\/san-pham\/may-dem-te-bao-tu-dong-eve-plus\/#breadcrumb"},"inLanguage":"vi","potentialAction":[{"@type":"ReadAction","target":["https:\/\/biogroupvietnam.com\/vi\/san-pham\/may-dem-te-bao-tu-dong-eve-plus\/"]}]},{"@type":"ImageObject","inLanguage":"vi","@id":"https:\/\/biogroupvietnam.com\/vi\/san-pham\/may-dem-te-bao-tu-dong-eve-plus\/#primaryimage","url":"https:\/\/biogroupvietnam.com\/wp-content\/uploads\/2025\/08\/EVE\u2122-Plus.jpg","contentUrl":"https:\/\/biogroupvietnam.com\/wp-content\/uploads\/2025\/08\/EVE\u2122-Plus.jpg","width":1640,"height":1260},{"@type":"BreadcrumbList","@id":"https:\/\/biogroupvietnam.com\/vi\/san-pham\/may-dem-te-bao-tu-dong-eve-plus\/#breadcrumb","itemListElement":[{"@type":"ListItem","position":1,"name":"Trang ch\u1ee7","item":"https:\/\/biogroupvietnam.com\/vi\/"},{"@type":"ListItem","position":2,"name":"S\u1ea3n ph\u1ea9m","item":"https:\/\/biogroupvietnam.com\/vi\/san-pham\/"},{"@type":"ListItem","position":3,"name":"R&amp;D Sinh H\u1ecdc","item":"https:\/\/biogroupvietnam.com\/vi\/danh-muc-san-pham\/rd-sinh-hoc\/"},{"@type":"ListItem","position":4,"name":"\u0110\u1ebfm &amp; Ph\u00e2n T\u00edch T\u1ebf B\u00e0o","item":"https:\/\/biogroupvietnam.com\/vi\/danh-muc-san-pham\/dem-phan-tich-te-bao\/"},{"@type":"ListItem","position":5,"name":"M\u00e1y \u0110\u1ebfm T\u1ebf B\u00e0o T\u1ef1 \u0110\u1ed9ng EVE\u2122 Plus"}]},{"@type":"WebSite","@id":"https:\/\/biogroupvietnam.com\/vi\/#website","url":"https:\/\/biogroupvietnam.com\/vi\/","name":"Biogroup Vietnam","description":"Biogroup Vietnam cung c\u1ea5p d\u1ecbch v\u1ee5 k\u1ef9 thu\u1eadt c\u00f9ng thi\u1ebft b\u1ecb, v\u1eadt t\u01b0, h\u00f3a ch\u1ea5t v\u00e0 gi\u1ea3i ph\u00e1p sinh h\u1ecdc cho ph\u00f2ng th\u00ed nghi\u1ec7m c\u00f4ng ngh\u1ec7 sinh h\u1ecdc, y sinh v\u00e0 y h\u1ecdc t\u00e1i t\u1ea1o.","potentialAction":[{"@type":"SearchAction","target":{"@type":"EntryPoint","urlTemplate":"https:\/\/biogroupvietnam.com\/vi\/?s={search_term_string}"},"query-input":{"@type":"PropertyValueSpecification","valueRequired":true,"valueName":"search_term_string"}}],"inLanguage":"vi"}]}},"_links":{"self":[{"href":"https:\/\/biogroupvietnam.com\/vi\/wp-json\/wp\/v2\/product\/3832","targetHints":{"allow":["GET"]}}],"collection":[{"href":"https:\/\/biogroupvietnam.com\/vi\/wp-json\/wp\/v2\/product"}],"about":[{"href":"https:\/\/biogroupvietnam.com\/vi\/wp-json\/wp\/v2\/types\/product"}],"replies":[{"embeddable":true,"href":"https:\/\/biogroupvietnam.com\/vi\/wp-json\/wp\/v2\/comments?post=3832"}],"version-history":[{"count":4,"href":"https:\/\/biogroupvietnam.com\/vi\/wp-json\/wp\/v2\/product\/3832\/revisions"}],"predecessor-version":[{"id":8617,"href":"https:\/\/biogroupvietnam.com\/vi\/wp-json\/wp\/v2\/product\/3832\/revisions\/8617"}],"wp:featuredmedia":[{"embeddable":true,"href":"https:\/\/biogroupvietnam.com\/vi\/wp-json\/wp\/v2\/media\/8972"}],"wp:attachment":[{"href":"https:\/\/biogroupvietnam.com\/vi\/wp-json\/wp\/v2\/media?parent=3832"}],"wp:term":[{"taxonomy":"product_brand","embeddable":true,"href":"https:\/\/biogroupvietnam.com\/vi\/wp-json\/wp\/v2\/product_brand?post=3832"},{"taxonomy":"product_cat","embeddable":true,"href":"https:\/\/biogroupvietnam.com\/vi\/wp-json\/wp\/v2\/product_cat?post=3832"},{"taxonomy":"product_tag","embeddable":true,"href":"https:\/\/biogroupvietnam.com\/vi\/wp-json\/wp\/v2\/product_tag?post=3832"}],"curies":[{"name":"wp","href":"https:\/\/api.w.org\/{rel}","templated":true}]}}