{"id":3834,"date":"2025-08-18T19:53:45","date_gmt":"2025-08-18T12:53:45","guid":{"rendered":"http:\/\/biogroupvietnam-worldpress.local\/product\/import-placeholder-for-136\/"},"modified":"2025-11-17T09:52:45","modified_gmt":"2025-11-17T02:52:45","slug":"adam-mc2","status":"publish","type":"product","link":"https:\/\/biogroupvietnam.com\/vi\/san-pham\/adam-mc2\/","title":{"rendered":"M\u00e1y \u0110\u1ebfm T\u1ebf B\u00e0o T\u1ef1 \u0110\u1ed9ng ADAM-MC2"},"content":{"rendered":"<h2>ADAM-MC2 l\u00e0 m\u00e1y \u0111\u1ebfm t\u1ebf b\u00e0o hu\u1ef3nh quang t\u1ef1 \u0111\u1ed9ng, cho k\u1ebft qu\u1ea3 \u0111\u1ebfm\u00a0ch\u00ednh x\u00e1c trong 25 gi\u00e2y v\u00e0 d\u00f9ng\u00a0\u0111\u1ebfm t\u1ebf b\u00e0o g\u1ed1c, t\u1ebf b\u00e0o CAR-T, t\u1ebf b\u00e0o CAR-NK, t\u1ebf b\u00e0o g\u1ed1c t\u1eeb m\u00f4 m\u1ee1.<\/h2>\n<h3><strong>T\u1ed5ng quan v\u1ec1 m\u00e1y \u0111\u1ebfm t\u1ebf b\u00e0o t\u1ef1 \u0111\u1ed9ng ADAM-MC2:<\/strong><\/h3>\n<ul>\n<li>ADAM-MC2 l\u00e0 m\u00e1y \u0111\u1ebfm t\u1ebf b\u00e0o hu\u1ef3nh quang t\u1ef1 \u0111\u1ed9ng, c\u00f3 kh\u1ea3 n\u0103ng \u0111\u1ebfm s\u1ed1 l\u01b0\u1ee3ng t\u1ebf b\u00e0o v\u00e0 \u0111o t\u1ec9 l\u1ec7 t\u1ebf b\u00e0o s\u1ed1ng b\u1eb1ng ph\u01b0\u01a1ng ph\u00e1p nhu\u1ed9m v\u1edbi ch\u1ea5t nhu\u1ed9m AO (Acridine Orange) ho\u1eb7c PI (Propidium Iodide), k\u1ebft h\u1ee3p v\u1edbi ph\u00e2n t\u00edch h\u00ecnh \u1ea3nh n\u00e2ng cao. Ch\u1ec9 m\u1ea5t 25 gi\u00e2y \u0111\u1ec3 c\u00f3 k\u1ebft qu\u1ea3.<\/li>\n<li>ADAM-MC2 l\u00e0 ti\u00eau chu\u1ea9n m\u1edbi c\u1ee7a m\u00e1y \u0111\u1ebfm t\u1ebf b\u00e0o hu\u1ef3nh quang t\u1ef1 \u0111\u1ed9ng. ADAM l\u00e0 vi\u1ebft t\u1eaft c\u1ee7a \u201cPh\u00e1t hi\u1ec7n n\u00e2ng cao v\u00e0 \u0111o l\u01b0\u1eddng ch\u00ednh x\u00e1c\u201d (Advanced Detection and Accurate Measurement).<\/li>\n<\/ul>\n<h3><strong>C\u00e1c t\u00ednh n\u0103ng v\u00e0 ti\u1ec7n \u00edch ch\u00ednh c\u1ee7a m\u00e1y \u0111\u1ebfm t\u1ebf b\u00e0o\u00a0ADAM-MC2:<\/strong><\/h3>\n<ul>\n<li>Cho k\u1ebft qu\u1ea3 \u0111o ch\u01b0a \u0111\u1ebfn 25 gi\u00e2y.<\/li>\n<li>Ki\u1ec3m so\u00e1t ch\u1ea5t l\u01b0\u1ee3ng trong li\u1ec7u ph\u00e1p t\u1ebf b\u00e0o.<\/li>\n<li>\u1ee8ng d\u1ee5ng \u0111\u1ebfm c\u00e1c lo\u1ea1i t\u1ebf b\u00e0o: t\u1ebf b\u00e0o g\u1ed1c, t\u1ebf b\u00e0o CAR-T, t\u1ebf b\u00e0o CAR-NK, t\u1ebf b\u00e0o g\u1ed1c t\u1eeb m\u00f4 m\u1ee1.<\/li>\n<li>Ph\u00e2n t\u00edch h\u00ecnh \u1ea3nh t\u1ef1 \u0111\u1ed9ng.<\/li>\n<li>K\u1ebft qu\u1ea3 ch\u00ednh x\u00e1c, camera c\u00f4ng ngh\u1ec7 CMOS v\u1edbi \u0111\u1ed9 nh\u1ea1y v\u00e0 \u0111\u1ed9 ch\u00ednh x\u00e1c cao.<\/li>\n<\/ul>\n<p style=\"text-align: center;\"><img decoding=\"async\" src=\"https:\/\/biogroupvietnam.com\/uploads\/TH7eJlXFAiZLcGMzJocWzMKwqKsyqMYKyZTAvCja.png\" alt=\"l\u1ee3i \u00edch m\u00e1y \u0111\u1ebfm t\u1ebf b\u00e0o adam-mc2\" width=\"283\" height=\"113\" \/><\/p>\n<h3><strong>M\u1ed9t s\u1ed1 \u01b0u \u0111i\u1ec3m c\u1ee7a m\u00e1y \u0111\u1ebfm t\u1ebf b\u00e0o ADAM-MC2:<\/strong><\/h3>\n<h4><strong>\u0110\u1ebfm t\u1ebf b\u00e0o t\u1ed5ng s\u1ed1 v\u00e0 t\u1ebf b\u00e0o s\u1ed1ng b\u1eb1ng ph\u01b0\u01a1ng ph\u00e1p nhu\u1ed9m (AO, PI):<\/strong><\/h4>\n<p>C\u00f3 hai ph\u01b0\u01a1ng ph\u00e1p \u0111o l\u01b0\u1eddng kh\u1ea3 n\u0103ng s\u1ed1ng c\u1ee7a t\u1ebf b\u00e0o. Sau khi t\u1ebf b\u00e0o \u0111\u01b0\u1ee3c nhu\u1ed9m b\u1eb1ng thu\u1ed1c nhu\u1ed9m hu\u1ef3nh quang, Propidium Iodide (PI) ho\u1eb7c Acridine Orange (AO), thu\u1ed1c nhu\u1ed9m s\u1ebd b\u00e1m v\u00e0o DNA c\u1ee7a nh\u00e2n t\u1ebf b\u00e0o \u0111\u00edch, ADAM-MC2 s\u1ebd t\u1ef1 \u0111\u1ed9ng ch\u1ee5p \u1ea3nh hu\u1ef3nh quang. C\u00e1c h\u00ecnh \u1ea3nh thu \u0111\u01b0\u1ee3c s\u1ebd \u0111\u01b0\u1ee3c x\u1eed l\u00ed b\u1eb1ng ph\u1ea7n m\u1ec1m ph\u00e2n t\u00edch h\u00ecnh \u1ea3nh t\u00edch h\u1ee3p b\u00ean trong h\u1ec7 th\u1ed1ng.<\/p>\n<p style=\"text-align: center;\"><img fetchpriority=\"high\" decoding=\"async\" src=\"https:\/\/biogroupvietnam.com\/uploads\/C36aYTqWLUQuOINniZckS1rjqlFWT6y8HrNU0IU3.png\" alt=\"c\u00e1ch \u0111\u1ebfm t\u1ebf b\u00e0o c\u1ee7a m\u00e1y \u0111\u1ebfm t\u1ebf b\u00e0o t\u1ef1 \u0111\u1ed9ng ADAM-MC2\" width=\"858\" height=\"474\" \/><\/p>\n<h4><strong>\u0110\u1ebfm t\u1ebf b\u00e0o c\u00f3 h\u00ecnh d\u1ea1ng kh\u00f4ng \u0111\u1ec1u v\u00e0 c\u00e1c c\u1ee5m t\u1ebf b\u00e0o:<\/strong><\/h4>\n<p>ADAM-MC2 cung c\u1ea5p k\u1ebft qu\u1ea3 ch\u00ednh x\u00e1c v\u00e0 \u0111\u00e1ng tin c\u1eady v\u00ec n\u00f3 \u0111\u1ebfm c\u00e1c t\u1ebf b\u00e0o c\u00f3 h\u00ecnh d\u1ea1ng kh\u00f4ng \u0111\u1ec1u v\u00e0 c\u00e1c c\u1ee5m t\u1ebf b\u00e0o. \u0110\u1ebfm ch\u00ednh x\u00e1c theo k\u00edch th\u01b0\u1edbc v\u00e0 h\u00ecnh d\u1ea1ng c\u1ee7a t\u1ebf b\u00e0o. \u0110\u1ebfm c\u00e1c t\u1ebf b\u00e0o ri\u00eang l\u1ebb trong t\u1eebng c\u1ee5m t\u1ebf b\u00e0o. C\u00e1c m\u1ea3nh v\u1ee1 t\u1ebf b\u00e0o s\u1ebd \u0111\u01b0\u1ee3c x\u1eed l\u00fd v\u00e0 lo\u1ea1i b\u1ecf trong k\u1ebft qu\u1ea3.<\/p>\n<p style=\"text-align: center;\"><img decoding=\"async\" src=\"https:\/\/biogroupvietnam.com\/uploads\/Qf2V9HdokxFmWhwgvVymRQWCZb5pGX0r2iEISJ2Q.png\" alt=\"C\u00e1c t\u1ebf b\u00e0o trong h\u00ecnh b\u00ean ph\u1ea3i hi\u1ec3n th\u1ecb h\u00ecnh \u1ea3nh c\u00e1c t\u1ebf b\u00e0o \u0111\u01b0\u1ee3c \u0111\u1ebfm b\u1edfi m\u00e1y ADAM-MC2.\" width=\"428\" height=\"278\" \/><\/p>\n<p style=\"text-align: center;\"><i>C\u00e1c t\u1ebf b\u00e0o trong h\u00ecnh b\u00ean ph\u1ea3i hi\u1ec3n th\u1ecb h\u00ecnh \u1ea3nh c\u00e1c t\u1ebf b\u00e0o \u0111\u01b0\u1ee3c \u0111\u1ebfm b\u1edfi m\u00e1y \u0111\u1ebfm t\u1ebf b\u00e0o t\u1ef1 \u0111\u1ed9ng ADAM-MC2.<\/i><\/p>\n<h4><strong>C\u00e1c \u1ee9ng d\u1ee5ng trong li\u1ec7u ph\u00e1p t\u1ebf b\u00e0o:<\/strong><\/h4>\n<p>M\u00e1y \u0111\u1ebfm t\u1ebf b\u00e0o t\u1ef1 \u0111\u1ed9ng ADAM-MC2 c\u00f3 th\u1ec3 \u0111\u01b0\u1ee3c s\u1eed d\u1ee5ng trong qu\u00e1 tr\u00ecnh theo d\u00f5i v\u00e0 QC s\u1ed1 l\u01b0\u1ee3ng t\u1ebf b\u00e0o v\u00e0 kh\u1ea3 n\u0103ng t\u1ed3n t\u1ea1i trong qu\u00e1 tr\u00ecnh s\u1ea3n xu\u1ea5t t\u1ebf b\u00e0o (t\u1ebf b\u00e0o CAR-T, t\u1ebf b\u00e0o g\u1ed1c, \u2026) trong li\u1ec7u ph\u00e1p t\u1ebf b\u00e0o. Ngo\u00e0i ra, c\u00f3 th\u1ec3 s\u1eed d\u1ee5ng ADAM-MC2 t\u00f9y v\u00e0o lo\u1ea1i t\u1ebf b\u00e0o (t\u1ebf b\u00e0o m\u00e1u to\u00e0n ph\u1ea7n, PBMC, \u2026) c\u1ea7n \u0111\u01b0\u1ee3c theo d\u00f5i trong qu\u00e1 tr\u00ecnh s\u1ea3n xu\u1ea5t c\u00e1c s\u1ea3n ph\u1ea9m li\u1ec7u ph\u00e1p t\u1ebf b\u00e0o.<\/p>\n<p style=\"text-align: center;\"><img loading=\"lazy\" decoding=\"async\" src=\"https:\/\/biogroupvietnam.com\/uploads\/SIKbLyYqGNzyFkLr7LF4fCocdvmWdccG3wOpmUBr.png\" alt=\"\u1ee9ng d\u1ee5ng c\u1ee7a m\u00e1y \u0111\u1ebfm t\u1ebf b\u00e0o t\u1ef1 \u0111\u1ed9ng ADAM-MC2\" width=\"544\" height=\"236\" \/><\/p>\n<h4><strong>\u0110\u1ed9 ch\u00ednh x\u00e1c v\u00e0 kh\u1ea3 n\u0103ng t\u00e1i t\u1ea1o:<\/strong><\/h4>\n<p>Bi\u1ec3u \u0111\u1ed3 b\u00ean tr\u00e1i cho th\u1ea5y m\u1ed1i t\u01b0\u01a1ng quan v\u1ec1 t\u1ed5ng s\u1ed1 t\u1ebf b\u00e0o \u0111\u01b0\u1ee3c \u0111\u1ebfm gi\u1eefa bu\u1ed3ng \u0111\u1ebfm h\u1ed3ng c\u1ea7u truy\u1ec1n th\u1ed1ng v\u00e0 m\u00e1y \u0111\u1ebfm t\u1ebf b\u00e0o t\u1ef1 \u0111\u1ed9ng ADAM-MC2, s\u1eed d\u1ee5ng t\u1ebf b\u00e0o SH-SY5Y. Bi\u1ec3u \u0111\u1ed3 b\u00ean ph\u1ea3i cho th\u1ea5y th\u1eed nghi\u1ec7m v\u1edbi m\u1eadt \u0111\u1ed9 t\u1ebf b\u00e0o th\u1ea5p, trung b\u00ecnh, v\u00e0 m\u1eadt \u0111\u1ed9 cao b\u1eb1ng m\u00e1y ADAM-MC2. K\u1ebft qu\u1ea3 cho th\u1ea5y \u0111\u1ed9 l\u1eb7p l\u1ea1i (repeatability) \u1edf c\u1ea3 3 m\u1eadt \u0111\u1ed9 t\u1ebf b\u00e0o \u0111\u1ec1u cao.<\/p>\n<p style=\"text-align: center;\"><img loading=\"lazy\" decoding=\"async\" src=\"https:\/\/biogroupvietnam.com\/uploads\/T5sD9VeQhE1YW828lqjnJu53vOWLK0YhY0eoyxOn.png\" alt=\"\u0111\u1ed9 ch\u00ednh x\u00e1c v\u00e0 kh\u1ea3 n\u0103ng t\u00e1i t\u1ea1o c\u1ee7a m\u00e1y \u0111\u1ebfm t\u1ebf b\u00e0o t\u1ef1 \u0111\u1ed9ng ADAM-MC2\" width=\"694\" height=\"322\" \/><\/p>\n<h4><strong>So s\u00e1nh t\u1ef7 l\u1ec7 t\u1ebf b\u00e0o s\u1ed1ng gi\u1eefa 3 ph\u01b0\u01a1ng ph\u00e1p \u0111\u1ebfm: m\u00e1y \u0111\u1ebfm t\u1ebf b\u00e0o\u00a0ADAM-MC2, t\u1ebf b\u00e0o d\u00f2ng ch\u1ea3y (m\u00e1y FACS) v\u00e0 bu\u1ed3ng \u0111\u1ebfm th\u1ee7 c\u00f4ng:<\/strong><\/h4>\n<p>C\u1ea3 3 d\u00f2ng t\u1ebf b\u00e0o SH-SY5Y, Jurkat, HeLa \u0111\u01b0\u1ee3c x\u1eed l\u00ed b\u1eb1ng H2O2 (n\u1ed3ng \u0111\u1ed9 100, 300 mM) trong 3 gi\u1edd, sau \u0111\u00f3 \u0111\u01b0\u1ee3c ph\u00e2n t\u00edch b\u1eb1ng 3 ph\u01b0\u01a1ng ph\u00e1p \u0111\u1ebfm ADAM-MC2, t\u1ebf b\u00e0o d\u00f2ng ch\u1ea3y v\u00e0 \u0111\u1ebfm th\u1ee7 c\u00f4ng.<\/p>\n<p style=\"text-align: center;\"><img loading=\"lazy\" decoding=\"async\" src=\"https:\/\/biogroupvietnam.com\/uploads\/cTHeyYNJj1UNii8NeZuoiLPvcrYuGkNFfuTbZQco.png\" alt=\"so s\u00e1nh gi\u1eefa 3 ph\u01b0\u01a1ng ph\u00e1p \u0111\u1ebfm t\u1ebf b\u00e0o\" width=\"725\" height=\"356\" \/><\/p>\n","protected":false},"excerpt":{"rendered":"<p>ADAM-MC2 l\u00e0 m\u00e1y \u0111\u1ebfm t\u1ebf b\u00e0o hu\u1ef3nh quang t\u1ef1 \u0111\u1ed9ng, cho k\u1ebft qu\u1ea3 \u0111\u1ebfm\u00a0ch\u00ednh x\u00e1c trong 25 gi\u00e2y v\u00e0 d\u00f9ng\u00a0\u0111\u1ebfm t\u1ebf b\u00e0o g\u1ed1c, t\u1ebf b\u00e0o CAR-T, t\u1ebf b\u00e0o CAR-NK, t\u1ebf b\u00e0o g\u1ed1c t\u1eeb m\u00f4 m\u1ee1. T\u1ed5ng quan v\u1ec1 m\u00e1y \u0111\u1ebfm t\u1ebf b\u00e0o t\u1ef1 \u0111\u1ed9ng ADAM-MC2: ADAM-MC2 l\u00e0 m\u00e1y \u0111\u1ebfm t\u1ebf b\u00e0o hu\u1ef3nh quang t\u1ef1 \u0111\u1ed9ng,<\/p>\n<div class=\"klb-readmore post-buttons\"><a class=\"button rounded primary\" href=\"https:\/\/biogroupvietnam.com\/vi\/san-pham\/adam-mc2\/\">Read More <i class=\"klbth-icon-right-arrow\"><\/i><\/a><\/div>\n","protected":false},"featured_media":8970,"comment_status":"closed","ping_status":"closed","template":"","meta":{"_acf_changed":false},"product_brand":[134],"product_cat":[111],"product_tag":[],"class_list":{"0":"post-3834","1":"product","2":"type-product","3":"status-publish","4":"has-post-thumbnail","6":"product_brand-nanoentek","7":"product_cat-dem-phan-tich-te-bao","9":"first","10":"outofstock","11":"shipping-taxable","12":"product-type-simple"},"acf":[],"yoast_head":"<!-- This site is optimized with the Yoast SEO plugin v26.8 - https:\/\/yoast.com\/product\/yoast-seo-wordpress\/ -->\n<title>M\u00e1y \u0110\u1ebfm T\u1ebf B\u00e0o T\u1ef1 \u0110\u1ed9ng ADAM-MC2<\/title>\n<meta name=\"description\" content=\"ADAM-MC2 l\u00e0 m\u00e1y \u0111\u1ebfm t\u1ebf b\u00e0o hu\u1ef3nh quang t\u1ef1 \u0111\u1ed9ng, cho k\u1ebft qu\u1ea3 \u0111\u1ebfm\u00a0ch\u00ednh x\u00e1c trong 25 gi\u00e2y v\u00e0 d\u00f9ng\u00a0\u0111\u1ebfm t\u1ebf b\u00e0o g\u1ed1c, t\u1ebf b\u00e0o CAR-T, t\u1ebf b\u00e0o CAR-NK, t\u1ebf b\u00e0o g\u1ed1c t\u1eeb m\u00f4 m\u1ee1.\" \/>\n<meta name=\"robots\" content=\"index, follow, max-snippet:-1, max-image-preview:large, max-video-preview:-1\" \/>\n<link rel=\"canonical\" href=\"https:\/\/biogroupvietnam.com\/vi\/san-pham\/adam-mc2\/\" \/>\n<meta property=\"og:locale\" content=\"vi_VN\" \/>\n<meta property=\"og:type\" content=\"article\" \/>\n<meta property=\"og:title\" content=\"M\u00e1y \u0110\u1ebfm T\u1ebf B\u00e0o T\u1ef1 \u0110\u1ed9ng ADAM-MC2\" \/>\n<meta property=\"og:description\" content=\"ADAM-MC2 l\u00e0 m\u00e1y \u0111\u1ebfm t\u1ebf b\u00e0o hu\u1ef3nh quang t\u1ef1 \u0111\u1ed9ng, cho k\u1ebft qu\u1ea3 \u0111\u1ebfm\u00a0ch\u00ednh x\u00e1c trong 25 gi\u00e2y v\u00e0 d\u00f9ng\u00a0\u0111\u1ebfm t\u1ebf b\u00e0o g\u1ed1c, t\u1ebf b\u00e0o CAR-T, t\u1ebf b\u00e0o CAR-NK, t\u1ebf b\u00e0o g\u1ed1c t\u1eeb m\u00f4 m\u1ee1.\" \/>\n<meta property=\"og:url\" content=\"https:\/\/biogroupvietnam.com\/vi\/san-pham\/adam-mc2\/\" \/>\n<meta property=\"og:site_name\" content=\"Biogroup Vietnam\" \/>\n<meta property=\"article:modified_time\" content=\"2025-11-17T02:52:45+00:00\" \/>\n<meta property=\"og:image\" content=\"https:\/\/biogroupvietnam.com\/wp-content\/uploads\/2025\/08\/ADAM\u2122-MC2.jpg\" \/>\n\t<meta property=\"og:image:width\" content=\"1640\" \/>\n\t<meta property=\"og:image:height\" content=\"1260\" \/>\n\t<meta property=\"og:image:type\" content=\"image\/jpeg\" \/>\n<meta name=\"twitter:card\" content=\"summary_large_image\" \/>\n<meta name=\"twitter:label1\" content=\"\u01af\u1edbc t\u00ednh th\u1eddi gian \u0111\u1ecdc\" \/>\n\t<meta name=\"twitter:data1\" content=\"5 ph\u00fat\" \/>\n<script type=\"application\/ld+json\" class=\"yoast-schema-graph\">{\"@context\":\"https:\/\/schema.org\",\"@graph\":[{\"@type\":\"WebPage\",\"@id\":\"https:\/\/biogroupvietnam.com\/vi\/san-pham\/adam-mc2\/\",\"url\":\"https:\/\/biogroupvietnam.com\/vi\/san-pham\/adam-mc2\/\",\"name\":\"M\u00e1y \u0110\u1ebfm T\u1ebf B\u00e0o T\u1ef1 \u0110\u1ed9ng ADAM-MC2\",\"isPartOf\":{\"@id\":\"https:\/\/biogroupvietnam.com\/vi\/#website\"},\"primaryImageOfPage\":{\"@id\":\"https:\/\/biogroupvietnam.com\/vi\/san-pham\/adam-mc2\/#primaryimage\"},\"image\":{\"@id\":\"https:\/\/biogroupvietnam.com\/vi\/san-pham\/adam-mc2\/#primaryimage\"},\"thumbnailUrl\":\"https:\/\/biogroupvietnam.com\/wp-content\/uploads\/2025\/08\/ADAM\u2122-MC2.jpg\",\"datePublished\":\"2025-08-18T12:53:45+00:00\",\"dateModified\":\"2025-11-17T02:52:45+00:00\",\"description\":\"ADAM-MC2 l\u00e0 m\u00e1y \u0111\u1ebfm t\u1ebf b\u00e0o hu\u1ef3nh quang t\u1ef1 \u0111\u1ed9ng, cho k\u1ebft qu\u1ea3 \u0111\u1ebfm\u00a0ch\u00ednh x\u00e1c trong 25 gi\u00e2y v\u00e0 d\u00f9ng\u00a0\u0111\u1ebfm t\u1ebf b\u00e0o g\u1ed1c, t\u1ebf b\u00e0o CAR-T, t\u1ebf b\u00e0o CAR-NK, t\u1ebf b\u00e0o g\u1ed1c t\u1eeb m\u00f4 m\u1ee1.\",\"breadcrumb\":{\"@id\":\"https:\/\/biogroupvietnam.com\/vi\/san-pham\/adam-mc2\/#breadcrumb\"},\"inLanguage\":\"vi\",\"potentialAction\":[{\"@type\":\"ReadAction\",\"target\":[\"https:\/\/biogroupvietnam.com\/vi\/san-pham\/adam-mc2\/\"]}]},{\"@type\":\"ImageObject\",\"inLanguage\":\"vi\",\"@id\":\"https:\/\/biogroupvietnam.com\/vi\/san-pham\/adam-mc2\/#primaryimage\",\"url\":\"https:\/\/biogroupvietnam.com\/wp-content\/uploads\/2025\/08\/ADAM\u2122-MC2.jpg\",\"contentUrl\":\"https:\/\/biogroupvietnam.com\/wp-content\/uploads\/2025\/08\/ADAM\u2122-MC2.jpg\",\"width\":1640,\"height\":1260},{\"@type\":\"BreadcrumbList\",\"@id\":\"https:\/\/biogroupvietnam.com\/vi\/san-pham\/adam-mc2\/#breadcrumb\",\"itemListElement\":[{\"@type\":\"ListItem\",\"position\":1,\"name\":\"Trang ch\u1ee7\",\"item\":\"https:\/\/biogroupvietnam.com\/vi\/\"},{\"@type\":\"ListItem\",\"position\":2,\"name\":\"S\u1ea3n ph\u1ea9m\",\"item\":\"https:\/\/biogroupvietnam.com\/vi\/san-pham\/\"},{\"@type\":\"ListItem\",\"position\":3,\"name\":\"R&amp;D Sinh H\u1ecdc\",\"item\":\"https:\/\/biogroupvietnam.com\/vi\/danh-muc-san-pham\/rd-sinh-hoc\/\"},{\"@type\":\"ListItem\",\"position\":4,\"name\":\"\u0110\u1ebfm &amp; Ph\u00e2n T\u00edch T\u1ebf B\u00e0o\",\"item\":\"https:\/\/biogroupvietnam.com\/vi\/danh-muc-san-pham\/dem-phan-tich-te-bao\/\"},{\"@type\":\"ListItem\",\"position\":5,\"name\":\"M\u00e1y \u0110\u1ebfm T\u1ebf B\u00e0o T\u1ef1 \u0110\u1ed9ng ADAM-MC2\"}]},{\"@type\":\"WebSite\",\"@id\":\"https:\/\/biogroupvietnam.com\/vi\/#website\",\"url\":\"https:\/\/biogroupvietnam.com\/vi\/\",\"name\":\"Biogroup Vietnam\",\"description\":\"Biogroup Vietnam cung c\u1ea5p d\u1ecbch v\u1ee5 k\u1ef9 thu\u1eadt c\u00f9ng thi\u1ebft b\u1ecb, v\u1eadt t\u01b0, h\u00f3a ch\u1ea5t v\u00e0 gi\u1ea3i ph\u00e1p sinh h\u1ecdc cho ph\u00f2ng th\u00ed nghi\u1ec7m c\u00f4ng ngh\u1ec7 sinh h\u1ecdc, y sinh v\u00e0 y h\u1ecdc t\u00e1i t\u1ea1o.\",\"potentialAction\":[{\"@type\":\"SearchAction\",\"target\":{\"@type\":\"EntryPoint\",\"urlTemplate\":\"https:\/\/biogroupvietnam.com\/vi\/?s={search_term_string}\"},\"query-input\":{\"@type\":\"PropertyValueSpecification\",\"valueRequired\":true,\"valueName\":\"search_term_string\"}}],\"inLanguage\":\"vi\"}]}<\/script>\n<!-- \/ Yoast SEO plugin. -->","yoast_head_json":{"title":"M\u00e1y \u0110\u1ebfm T\u1ebf B\u00e0o T\u1ef1 \u0110\u1ed9ng ADAM-MC2","description":"ADAM-MC2 l\u00e0 m\u00e1y \u0111\u1ebfm t\u1ebf b\u00e0o hu\u1ef3nh quang t\u1ef1 \u0111\u1ed9ng, cho k\u1ebft qu\u1ea3 \u0111\u1ebfm\u00a0ch\u00ednh x\u00e1c trong 25 gi\u00e2y v\u00e0 d\u00f9ng\u00a0\u0111\u1ebfm t\u1ebf b\u00e0o g\u1ed1c, t\u1ebf b\u00e0o CAR-T, t\u1ebf b\u00e0o CAR-NK, t\u1ebf b\u00e0o g\u1ed1c t\u1eeb m\u00f4 m\u1ee1.","robots":{"index":"index","follow":"follow","max-snippet":"max-snippet:-1","max-image-preview":"max-image-preview:large","max-video-preview":"max-video-preview:-1"},"canonical":"https:\/\/biogroupvietnam.com\/vi\/san-pham\/adam-mc2\/","og_locale":"vi_VN","og_type":"article","og_title":"M\u00e1y \u0110\u1ebfm T\u1ebf B\u00e0o T\u1ef1 \u0110\u1ed9ng ADAM-MC2","og_description":"ADAM-MC2 l\u00e0 m\u00e1y \u0111\u1ebfm t\u1ebf b\u00e0o hu\u1ef3nh quang t\u1ef1 \u0111\u1ed9ng, cho k\u1ebft qu\u1ea3 \u0111\u1ebfm\u00a0ch\u00ednh x\u00e1c trong 25 gi\u00e2y v\u00e0 d\u00f9ng\u00a0\u0111\u1ebfm t\u1ebf b\u00e0o g\u1ed1c, t\u1ebf b\u00e0o CAR-T, t\u1ebf b\u00e0o CAR-NK, t\u1ebf b\u00e0o g\u1ed1c t\u1eeb m\u00f4 m\u1ee1.","og_url":"https:\/\/biogroupvietnam.com\/vi\/san-pham\/adam-mc2\/","og_site_name":"Biogroup Vietnam","article_modified_time":"2025-11-17T02:52:45+00:00","og_image":[{"width":1640,"height":1260,"url":"https:\/\/biogroupvietnam.com\/wp-content\/uploads\/2025\/08\/ADAM\u2122-MC2.jpg","type":"image\/jpeg"}],"twitter_card":"summary_large_image","twitter_misc":{"\u01af\u1edbc t\u00ednh th\u1eddi gian \u0111\u1ecdc":"5 ph\u00fat"},"schema":{"@context":"https:\/\/schema.org","@graph":[{"@type":"WebPage","@id":"https:\/\/biogroupvietnam.com\/vi\/san-pham\/adam-mc2\/","url":"https:\/\/biogroupvietnam.com\/vi\/san-pham\/adam-mc2\/","name":"M\u00e1y \u0110\u1ebfm T\u1ebf B\u00e0o T\u1ef1 \u0110\u1ed9ng ADAM-MC2","isPartOf":{"@id":"https:\/\/biogroupvietnam.com\/vi\/#website"},"primaryImageOfPage":{"@id":"https:\/\/biogroupvietnam.com\/vi\/san-pham\/adam-mc2\/#primaryimage"},"image":{"@id":"https:\/\/biogroupvietnam.com\/vi\/san-pham\/adam-mc2\/#primaryimage"},"thumbnailUrl":"https:\/\/biogroupvietnam.com\/wp-content\/uploads\/2025\/08\/ADAM\u2122-MC2.jpg","datePublished":"2025-08-18T12:53:45+00:00","dateModified":"2025-11-17T02:52:45+00:00","description":"ADAM-MC2 l\u00e0 m\u00e1y \u0111\u1ebfm t\u1ebf b\u00e0o hu\u1ef3nh quang t\u1ef1 \u0111\u1ed9ng, cho k\u1ebft qu\u1ea3 \u0111\u1ebfm\u00a0ch\u00ednh x\u00e1c trong 25 gi\u00e2y v\u00e0 d\u00f9ng\u00a0\u0111\u1ebfm t\u1ebf b\u00e0o g\u1ed1c, t\u1ebf b\u00e0o CAR-T, t\u1ebf b\u00e0o CAR-NK, t\u1ebf b\u00e0o g\u1ed1c t\u1eeb m\u00f4 m\u1ee1.","breadcrumb":{"@id":"https:\/\/biogroupvietnam.com\/vi\/san-pham\/adam-mc2\/#breadcrumb"},"inLanguage":"vi","potentialAction":[{"@type":"ReadAction","target":["https:\/\/biogroupvietnam.com\/vi\/san-pham\/adam-mc2\/"]}]},{"@type":"ImageObject","inLanguage":"vi","@id":"https:\/\/biogroupvietnam.com\/vi\/san-pham\/adam-mc2\/#primaryimage","url":"https:\/\/biogroupvietnam.com\/wp-content\/uploads\/2025\/08\/ADAM\u2122-MC2.jpg","contentUrl":"https:\/\/biogroupvietnam.com\/wp-content\/uploads\/2025\/08\/ADAM\u2122-MC2.jpg","width":1640,"height":1260},{"@type":"BreadcrumbList","@id":"https:\/\/biogroupvietnam.com\/vi\/san-pham\/adam-mc2\/#breadcrumb","itemListElement":[{"@type":"ListItem","position":1,"name":"Trang ch\u1ee7","item":"https:\/\/biogroupvietnam.com\/vi\/"},{"@type":"ListItem","position":2,"name":"S\u1ea3n ph\u1ea9m","item":"https:\/\/biogroupvietnam.com\/vi\/san-pham\/"},{"@type":"ListItem","position":3,"name":"R&amp;D Sinh H\u1ecdc","item":"https:\/\/biogroupvietnam.com\/vi\/danh-muc-san-pham\/rd-sinh-hoc\/"},{"@type":"ListItem","position":4,"name":"\u0110\u1ebfm &amp; Ph\u00e2n T\u00edch T\u1ebf B\u00e0o","item":"https:\/\/biogroupvietnam.com\/vi\/danh-muc-san-pham\/dem-phan-tich-te-bao\/"},{"@type":"ListItem","position":5,"name":"M\u00e1y \u0110\u1ebfm T\u1ebf B\u00e0o T\u1ef1 \u0110\u1ed9ng ADAM-MC2"}]},{"@type":"WebSite","@id":"https:\/\/biogroupvietnam.com\/vi\/#website","url":"https:\/\/biogroupvietnam.com\/vi\/","name":"Biogroup Vietnam","description":"Biogroup Vietnam cung c\u1ea5p d\u1ecbch v\u1ee5 k\u1ef9 thu\u1eadt c\u00f9ng thi\u1ebft b\u1ecb, v\u1eadt t\u01b0, h\u00f3a ch\u1ea5t v\u00e0 gi\u1ea3i ph\u00e1p sinh h\u1ecdc cho ph\u00f2ng th\u00ed nghi\u1ec7m c\u00f4ng ngh\u1ec7 sinh h\u1ecdc, y sinh v\u00e0 y h\u1ecdc t\u00e1i t\u1ea1o.","potentialAction":[{"@type":"SearchAction","target":{"@type":"EntryPoint","urlTemplate":"https:\/\/biogroupvietnam.com\/vi\/?s={search_term_string}"},"query-input":{"@type":"PropertyValueSpecification","valueRequired":true,"valueName":"search_term_string"}}],"inLanguage":"vi"}]}},"_links":{"self":[{"href":"https:\/\/biogroupvietnam.com\/vi\/wp-json\/wp\/v2\/product\/3834","targetHints":{"allow":["GET"]}}],"collection":[{"href":"https:\/\/biogroupvietnam.com\/vi\/wp-json\/wp\/v2\/product"}],"about":[{"href":"https:\/\/biogroupvietnam.com\/vi\/wp-json\/wp\/v2\/types\/product"}],"replies":[{"embeddable":true,"href":"https:\/\/biogroupvietnam.com\/vi\/wp-json\/wp\/v2\/comments?post=3834"}],"version-history":[{"count":4,"href":"https:\/\/biogroupvietnam.com\/vi\/wp-json\/wp\/v2\/product\/3834\/revisions"}],"predecessor-version":[{"id":8976,"href":"https:\/\/biogroupvietnam.com\/vi\/wp-json\/wp\/v2\/product\/3834\/revisions\/8976"}],"wp:featuredmedia":[{"embeddable":true,"href":"https:\/\/biogroupvietnam.com\/vi\/wp-json\/wp\/v2\/media\/8970"}],"wp:attachment":[{"href":"https:\/\/biogroupvietnam.com\/vi\/wp-json\/wp\/v2\/media?parent=3834"}],"wp:term":[{"taxonomy":"product_brand","embeddable":true,"href":"https:\/\/biogroupvietnam.com\/vi\/wp-json\/wp\/v2\/product_brand?post=3834"},{"taxonomy":"product_cat","embeddable":true,"href":"https:\/\/biogroupvietnam.com\/vi\/wp-json\/wp\/v2\/product_cat?post=3834"},{"taxonomy":"product_tag","embeddable":true,"href":"https:\/\/biogroupvietnam.com\/vi\/wp-json\/wp\/v2\/product_tag?post=3834"}],"curies":[{"name":"wp","href":"https:\/\/api.w.org\/{rel}","templated":true}]}}