{"id":3835,"date":"2025-08-18T19:53:46","date_gmt":"2025-08-18T12:53:46","guid":{"rendered":"http:\/\/biogroupvietnam-worldpress.local\/product\/import-placeholder-for-137\/"},"modified":"2025-12-17T14:54:02","modified_gmt":"2025-12-17T07:54:02","slug":"c-chip","status":"publish","type":"product","link":"https:\/\/biogroupvietnam.com\/vi\/san-pham\/c-chip\/","title":{"rendered":"C-Chip &#8211; Bu\u1ed3ng \u0110\u1ebfm T\u1ebf B\u00e0o D\u00f9ng M\u1ed9t L\u1ea7n"},"content":{"rendered":"<h2>Bu\u1ed3ng \u0111\u1ebfm t\u1ebf b\u00e0o C-chip (bu\u1ed3ng \u0111\u1ebfm h\u1ed3ng c\u1ea7u) b\u1eb1ng nh\u1ef1a d\u00f9ng\u00a01 l\u1ea7n, \u0111\u01b0\u1ee3c ph\u00e1t tri\u1ec3n \u0111\u1ec3 gi\u1ea3i quy\u1ebft c\u00e1c v\u1ea5n \u0111\u1ec1 c\u1ee7a bu\u1ed3ng \u0111\u1ebfm h\u1ed3ng c\u1ea7u th\u1ee7y tinh truy\u1ec1n th\u1ed1ng.<\/h2>\n<h3><strong>C\u00e1c \u01b0u \u0111i\u1ec3m c\u1ee7a bu\u1ed3ng \u0111\u1ebfm t\u1ebf b\u00e0o s\u1eed d\u1ee5ng 1 l\u1ea7n C-Chip:<\/strong><\/h3>\n<ul>\n<li>So v\u1edbi bu\u1ed3ng \u0111\u1ebfm h\u1ed3ng c\u1ea7u b\u1eb1ng th\u1ee7y tinh truy\u1ec1n th\u1ed1ng, vi\u1ec7c l\u1eafp bu\u1ed3ng v\u00e0 \u0111\u1eady n\u1eafp kh\u00f4ng \u0111\u00fang s\u1ebd l\u00e0m thay \u0111\u1ed5i th\u1ec3 t\u00edch m\u1eabu \u0111\u01b0a v\u00e0o bu\u1ed3ng. Do \u0111\u00f3, bu\u1ed3ng \u0111\u1ebfm s\u1eed d\u1ee5ng 1 l\u1ea7n C-Chip c\u00f3 th\u1ec3 gi\u1ea3i quy\u1ebft v\u1ea5n \u0111\u1ec1 n\u00e0y, kh\u00f4ng c\u1ea7n n\u1eafp \u0111\u1eady gi\u00fap h\u1ea1n ch\u1ebf sai s\u00f3t khi \u0111\u1eady n\u1eafp, <strong>ph\u00f9 h\u1ee3p v\u1edbi th\u1ef1c h\u00e0nh ti\u00eau chu\u1ea9n t\u1ed1t<\/strong> (good standard practice), do \u0111\u00f3 C-chip ph\u00f9 h\u1ee3p v\u1edbi c\u00e1c ph\u00f2ng th\u00ed nghi\u1ec7m l\u00e2m s\u00e0ng. B\u00ean c\u1ea1nh \u0111\u00f3, C-chip d\u00f9ng 1 l\u1ea7n kh\u00f4ng c\u1ea7n ph\u1ea3i r\u1eeda \u0111\u1ec3 t\u00e1i s\u1eed d\u1ee5ng, do \u0111\u00f3 ch\u00fang <strong>an to\u00e0n cho ng\u01b0\u1eddi s\u1eed d\u1ee5ng<\/strong> h\u01a1n, ph\u00f9 h\u1ee3p v\u1edbi c\u00e1c \u0111\u1ed1i t\u01b0\u1ee3ng m\u1eabu truy\u1ec1n nhi\u1ec5m.<\/li>\n<li><strong>\u0110\u1ed9 ch\u00ednh x\u00e1c v\u00e0 kh\u1ea3 n\u0103ng t\u00e1i l\u1eadp cao<\/strong>: C-chip c\u00f3 \u0111\u1ed9 l\u1ec7ch chu\u1ea9n th\u1ea5p h\u01a1n so v\u1edbi bu\u1ed3ng \u0111\u1ebfm h\u1ed3ng c\u1ea7u th\u1ee7y tinh.<\/li>\n<\/ul>\n<p style=\"text-align: center;\"><img fetchpriority=\"high\" decoding=\"async\" src=\"https:\/\/biogroupvietnam.com\/uploads\/mn7SDWj379XKin0MtoIpLLpAYaCKNQViJrOqe85M.png\" alt=\"\" width=\"705\" height=\"285\" \/><\/p>\n<ul>\n<li><strong>Kh\u00f4ng c\u1ea7n r\u1eeda \u0111\u1ec3 t\u00e1i s\u1eed d\u1ee5ng<\/strong>\u00a0gi\u00fap\u00a0t\u0103ng n\u0103ng su\u1ea5t l\u00e0m vi\u1ec7c, gi\u1ea3m nguy c\u01a1 ti\u1ebfp x\u00fac v\u1edbi c\u00e1c v\u1eadt li\u1ec7u c\u00f3 kh\u1ea3 n\u0103ng g\u00e2y nhi\u1ec5m.<\/li>\n<li>V\u1eadt li\u1ec7u nh\u1ef1a quang h\u1ecdc c\u1ea5p th\u1ea1ch anh (sturdy quartz-grade optical plastic): nh\u1eb9, <strong>kh\u00f4ng lo r\u01a1i v\u1ee1<\/strong> so v\u1edbi v\u1eadt li\u1ec7u th\u1ee7y tinh.<\/li>\n<li><strong>\u0110\u01a1n gi\u1ea3n v\u00e0 d\u1ec5 s\u1eed d\u1ee5ng<\/strong>: cho 10 \u00b5L m\u1eabu v\u00e0o bu\u1ed3ng \u0111\u1ebfm v\u00e0 \u0111\u1ebfm d\u01b0\u1edbi k\u00ednh hi\u1ec3n vi.<\/li>\n<\/ul>\n<p style=\"text-align: center;\"><img decoding=\"async\" src=\"https:\/\/biogroupvietnam.com\/uploads\/8UCv7aPmbTpoo4KXlLy3QUhhfoXeluDLLpS9xQyM.png\" alt=\"\" width=\"646\" height=\"210\" \/><\/p>\n<ul>\n<li>C\u00f3 nhi\u1ec1u lo\u1ea1i l\u01b0\u1edbi kh\u00e1c nhau cho c\u00e1c m\u1ee5c \u0111\u00edch s\u1eed d\u1ee5ng kh\u00e1c nhau:\n<ul>\n<li>Neubauer Improved (NI): t\u1ebf b\u00e0o \u0111\u1ed9ng v\u1eadt c\u00f3 v\u00fa, h\u1ed3ng c\u1ea7u, b\u1ea1ch c\u1ea7u.<\/li>\n<li>Burker, Burker Turk: k\u1ebft h\u1ee3p c\u1ee7a Burker v\u00e0 Thoma.<\/li>\n<li>Fuchs Rosenthal v\u00e0 Malassez: \u0111\u1ebfm t\u1ebf b\u00e0o d\u1ecbch n\u00e3o t\u1ee7y.<\/li>\n<\/ul>\n<\/li>\n<\/ul>\n<p style=\"text-align: center;\"><img decoding=\"async\" src=\"https:\/\/biogroupvietnam.com\/uploads\/2dWWjgrE1YGx3Sar0MuithgnhXbmansaXSluCpBQ.png\" alt=\"\" width=\"653\" height=\"217\" \/><\/p>\n<h3><strong>\u1ee8ng d\u1ee5ng:<\/strong><\/h3>\n<ul>\n<li>Nu\u00f4i c\u1ea5y t\u1ebf b\u00e0o: \u0111o n\u1ed3ng \u0111\u1ed9 t\u1ebf b\u00e0o \/ ki\u1ec3m tra kh\u1ea3 n\u0103ng s\u1ed1ng c\u1ee7a t\u1ebf b\u00e0o.<\/li>\n<li>Ph\u00e2n t\u00edch m\u00e1u (huy\u1ebft h\u1ecdc): \u0111\u1ebfm t\u1ebf b\u00e0o m\u00e1u.<\/li>\n<li>Vi sinh: \u0111\u1ebfm vi khu\u1ea9n &amp; b\u00e0o t\u1eed n\u1ea5m.<\/li>\n<\/ul>\n<h3><strong>Th\u00f4ng tin \u0111\u1eb7t h\u00e0ng bu\u1ed3ng \u0111\u1ebfm t\u1ebf b\u00e0o C-chip<\/strong><\/h3>\n<h4><strong>Lo\u1ea1i C-chip 2 k\u00eanh:<\/strong><\/h4>\n<figure class=\"table\">\n<table>\n<tbody>\n<tr>\n<td>\n<p style=\"text-align: center;\"><strong>Catalog #<\/strong><\/p>\n<\/td>\n<td>\n<p style=\"text-align: center;\"><strong>L\u01b0\u1edbi<\/strong><\/p>\n<\/td>\n<td>\n<p style=\"text-align: center;\"><strong>S\u1ed1 l\u01b0\u1ee3ng (c\u00e1i)<\/strong><\/p>\n<\/td>\n<td>\n<p style=\"text-align: center;\"><strong>\u0110\u1ed9 s\u00e2u bu\u1ed3ng \u0111\u1ebfm (\u00b5m)<\/strong><\/p>\n<\/td>\n<td>\n<p style=\"text-align: center;\"><strong>Th\u1ec3 t\u00edch n\u1ea1p m\u1eabu (\u00b5L)<\/strong><\/p>\n<\/td>\n<\/tr>\n<tr>\n<td>\n<p style=\"text-align: center;\">DHC-N01<\/p>\n<\/td>\n<td>\n<p style=\"text-align: center;\">Neubauer Improved (NI)<\/p>\n<\/td>\n<td>\n<p style=\"text-align: center;\">50<\/p>\n<\/td>\n<td>\n<p style=\"text-align: center;\">100<\/p>\n<\/td>\n<td>\n<p style=\"text-align: center;\">10<\/p>\n<\/td>\n<\/tr>\n<tr>\n<td>\n<p style=\"text-align: center;\">DHC-B01<\/p>\n<\/td>\n<td>\n<p style=\"text-align: center;\">Burker (B)<\/p>\n<\/td>\n<td>\n<p style=\"text-align: center;\">50<\/p>\n<\/td>\n<td>\n<p style=\"text-align: center;\">100<\/p>\n<\/td>\n<td>\n<p style=\"text-align: center;\">10<\/p>\n<\/td>\n<\/tr>\n<tr>\n<td>\n<p style=\"text-align: center;\">DHC-B02<\/p>\n<\/td>\n<td>\n<p style=\"text-align: center;\">Burker Turk (BT)<\/p>\n<\/td>\n<td>\n<p style=\"text-align: center;\">50<\/p>\n<\/td>\n<td>\n<p style=\"text-align: center;\">100<\/p>\n<\/td>\n<td>\n<p style=\"text-align: center;\">10<\/p>\n<\/td>\n<\/tr>\n<tr>\n<td>\n<p style=\"text-align: center;\">DHC-F01<\/p>\n<\/td>\n<td>\n<p style=\"text-align: center;\">Fuchs Rosenthal (FR)<\/p>\n<\/td>\n<td>\n<p style=\"text-align: center;\">50<\/p>\n<\/td>\n<td>\n<p style=\"text-align: center;\">200<\/p>\n<\/td>\n<td>\n<p style=\"text-align: center;\">20<\/p>\n<\/td>\n<\/tr>\n<tr>\n<td>\n<p style=\"text-align: center;\">DHC-M01<\/p>\n<\/td>\n<td>\n<p style=\"text-align: center;\">Malasser (MA)<\/p>\n<\/td>\n<td>\n<p style=\"text-align: center;\">50<\/p>\n<\/td>\n<td>\n<p style=\"text-align: center;\">200<\/p>\n<\/td>\n<td>\n<p style=\"text-align: center;\">20<\/p>\n<\/td>\n<\/tr>\n<\/tbody>\n<\/table>\n<\/figure>\n<h4><strong>Lo\u1ea1i C-chip 4 k\u00eanh:<\/strong><\/h4>\n<figure class=\"table\">\n<table>\n<tbody>\n<tr>\n<td>\n<p style=\"text-align: center;\"><strong>Catalog #<\/strong><\/p>\n<\/td>\n<td>\n<p style=\"text-align: center;\"><strong>L\u01b0\u1edbi<\/strong><\/p>\n<\/td>\n<td>\n<p style=\"text-align: center;\"><strong>S\u1ed1 l\u01b0\u1ee3ng (c\u00e1i)<\/strong><\/p>\n<\/td>\n<td>\n<p style=\"text-align: center;\"><strong>\u0110\u1ed9 s\u00e2u bu\u1ed3ng \u0111\u1ebfm (\u00b5m)<\/strong><\/p>\n<\/td>\n<td>\n<p style=\"text-align: center;\"><strong>Th\u1ec3 t\u00edch n\u1ea1p m\u1eabu (\u00b5L)<\/strong><\/p>\n<\/td>\n<\/tr>\n<tr>\n<td>\n<p style=\"text-align: center;\">DHC-N04<\/p>\n<\/td>\n<td>\n<p style=\"text-align: center;\">Neubauer Improved (NI)<\/p>\n<\/td>\n<td>\n<p style=\"text-align: center;\">50<\/p>\n<\/td>\n<td>\n<p style=\"text-align: center;\">100<\/p>\n<\/td>\n<td>\n<p style=\"text-align: center;\">10<\/p>\n<\/td>\n<\/tr>\n<tr>\n<td>\n<p style=\"text-align: center;\">DHC-B04<\/p>\n<\/td>\n<td>\n<p style=\"text-align: center;\">Burker (B)<\/p>\n<\/td>\n<td>\n<p style=\"text-align: center;\">50<\/p>\n<\/td>\n<td>\n<p style=\"text-align: center;\">100<\/p>\n<\/td>\n<td>\n<p style=\"text-align: center;\">10<\/p>\n<\/td>\n<\/tr>\n<tr>\n<td>\n<p style=\"text-align: center;\">DHC-F04<\/p>\n<\/td>\n<td>\n<p style=\"text-align: center;\">Fuchs Rosenthal (FR)<\/p>\n<\/td>\n<td>\n<p style=\"text-align: center;\">50<\/p>\n<\/td>\n<td>\n<p style=\"text-align: center;\">200<\/p>\n<\/td>\n<td>\n<p style=\"text-align: center;\">20<\/p>\n<\/td>\n<\/tr>\n<\/tbody>\n<\/table>\n<\/figure>\n","protected":false},"excerpt":{"rendered":"<p>Bu\u1ed3ng \u0111\u1ebfm t\u1ebf b\u00e0o C-chip (bu\u1ed3ng \u0111\u1ebfm h\u1ed3ng c\u1ea7u) b\u1eb1ng nh\u1ef1a d\u00f9ng\u00a01 l\u1ea7n, \u0111\u01b0\u1ee3c ph\u00e1t tri\u1ec3n \u0111\u1ec3 gi\u1ea3i quy\u1ebft c\u00e1c v\u1ea5n \u0111\u1ec1 c\u1ee7a bu\u1ed3ng \u0111\u1ebfm h\u1ed3ng c\u1ea7u th\u1ee7y tinh truy\u1ec1n th\u1ed1ng. C\u00e1c \u01b0u \u0111i\u1ec3m c\u1ee7a bu\u1ed3ng \u0111\u1ebfm t\u1ebf b\u00e0o s\u1eed d\u1ee5ng 1 l\u1ea7n C-Chip: So v\u1edbi bu\u1ed3ng \u0111\u1ebfm h\u1ed3ng c\u1ea7u b\u1eb1ng th\u1ee7y tinh truy\u1ec1n th\u1ed1ng,<\/p>\n<div class=\"klb-readmore post-buttons\"><a class=\"button rounded primary\" href=\"https:\/\/biogroupvietnam.com\/vi\/san-pham\/c-chip\/\">Read More <i class=\"klbth-icon-right-arrow\"><\/i><\/a><\/div>\n","protected":false},"featured_media":8969,"comment_status":"closed","ping_status":"closed","template":"","meta":{"_acf_changed":false},"product_brand":[134],"product_cat":[174,111],"product_tag":[],"class_list":{"0":"post-3835","1":"product","2":"type-product","3":"status-publish","4":"has-post-thumbnail","6":"product_brand-nanoentek","7":"product_cat-dem-te-bao-cd34","8":"product_cat-dem-phan-tich-te-bao","10":"first","11":"outofstock","12":"shipping-taxable","13":"product-type-simple"},"acf":[],"yoast_head":"<!-- This site is optimized with the Yoast SEO plugin v26.8 - https:\/\/yoast.com\/product\/yoast-seo-wordpress\/ -->\n<title>C-Chip - Bu\u1ed3ng \u0110\u1ebfm T\u1ebf B\u00e0o D\u00f9ng M\u1ed9t L\u1ea7n<\/title>\n<meta name=\"description\" content=\"Bu\u1ed3ng \u0111\u1ebfm t\u1ebf b\u00e0o C-chip (bu\u1ed3ng \u0111\u1ebfm h\u1ed3ng c\u1ea7u) b\u1eb1ng nh\u1ef1a d\u00f9ng\u00a01 l\u1ea7n, \u0111\u01b0\u1ee3c ph\u00e1t tri\u1ec3n \u0111\u1ec3 gi\u1ea3i quy\u1ebft c\u00e1c v\u1ea5n \u0111\u1ec1 c\u1ee7a bu\u1ed3ng \u0111\u1ebfm h\u1ed3ng c\u1ea7u th\u1ee7y tinh truy\u1ec1n th\u1ed1ng.\" \/>\n<meta name=\"robots\" content=\"index, follow, max-snippet:-1, max-image-preview:large, max-video-preview:-1\" \/>\n<link rel=\"canonical\" href=\"https:\/\/biogroupvietnam.com\/vi\/san-pham\/c-chip\/\" \/>\n<meta property=\"og:locale\" content=\"vi_VN\" \/>\n<meta property=\"og:type\" content=\"article\" \/>\n<meta property=\"og:title\" content=\"C-Chip - Bu\u1ed3ng \u0110\u1ebfm T\u1ebf B\u00e0o D\u00f9ng M\u1ed9t L\u1ea7n\" \/>\n<meta property=\"og:description\" content=\"Bu\u1ed3ng \u0111\u1ebfm t\u1ebf b\u00e0o C-chip (bu\u1ed3ng \u0111\u1ebfm h\u1ed3ng c\u1ea7u) b\u1eb1ng nh\u1ef1a d\u00f9ng\u00a01 l\u1ea7n, \u0111\u01b0\u1ee3c ph\u00e1t tri\u1ec3n \u0111\u1ec3 gi\u1ea3i quy\u1ebft c\u00e1c v\u1ea5n \u0111\u1ec1 c\u1ee7a bu\u1ed3ng \u0111\u1ebfm h\u1ed3ng c\u1ea7u th\u1ee7y tinh truy\u1ec1n th\u1ed1ng.\" \/>\n<meta property=\"og:url\" content=\"https:\/\/biogroupvietnam.com\/vi\/san-pham\/c-chip\/\" \/>\n<meta property=\"og:site_name\" content=\"Biogroup Vietnam\" \/>\n<meta property=\"article:modified_time\" content=\"2025-12-17T07:54:02+00:00\" \/>\n<meta property=\"og:image\" content=\"https:\/\/biogroupvietnam.com\/wp-content\/uploads\/2025\/08\/C-Chip.jpg\" \/>\n\t<meta property=\"og:image:width\" content=\"1640\" \/>\n\t<meta property=\"og:image:height\" content=\"1260\" \/>\n\t<meta property=\"og:image:type\" content=\"image\/jpeg\" \/>\n<meta name=\"twitter:card\" content=\"summary_large_image\" \/>\n<meta name=\"twitter:label1\" content=\"\u01af\u1edbc t\u00ednh th\u1eddi gian \u0111\u1ecdc\" \/>\n\t<meta name=\"twitter:data1\" content=\"4 ph\u00fat\" \/>\n<script type=\"application\/ld+json\" class=\"yoast-schema-graph\">{\"@context\":\"https:\/\/schema.org\",\"@graph\":[{\"@type\":\"WebPage\",\"@id\":\"https:\/\/biogroupvietnam.com\/vi\/san-pham\/c-chip\/\",\"url\":\"https:\/\/biogroupvietnam.com\/vi\/san-pham\/c-chip\/\",\"name\":\"C-Chip - Bu\u1ed3ng \u0110\u1ebfm T\u1ebf B\u00e0o D\u00f9ng M\u1ed9t L\u1ea7n\",\"isPartOf\":{\"@id\":\"https:\/\/biogroupvietnam.com\/vi\/#website\"},\"primaryImageOfPage\":{\"@id\":\"https:\/\/biogroupvietnam.com\/vi\/san-pham\/c-chip\/#primaryimage\"},\"image\":{\"@id\":\"https:\/\/biogroupvietnam.com\/vi\/san-pham\/c-chip\/#primaryimage\"},\"thumbnailUrl\":\"https:\/\/biogroupvietnam.com\/wp-content\/uploads\/2025\/08\/C-Chip.jpg\",\"datePublished\":\"2025-08-18T12:53:46+00:00\",\"dateModified\":\"2025-12-17T07:54:02+00:00\",\"description\":\"Bu\u1ed3ng \u0111\u1ebfm t\u1ebf b\u00e0o C-chip (bu\u1ed3ng \u0111\u1ebfm h\u1ed3ng c\u1ea7u) b\u1eb1ng nh\u1ef1a d\u00f9ng\u00a01 l\u1ea7n, \u0111\u01b0\u1ee3c ph\u00e1t tri\u1ec3n \u0111\u1ec3 gi\u1ea3i quy\u1ebft c\u00e1c v\u1ea5n \u0111\u1ec1 c\u1ee7a bu\u1ed3ng \u0111\u1ebfm h\u1ed3ng c\u1ea7u th\u1ee7y tinh truy\u1ec1n th\u1ed1ng.\",\"breadcrumb\":{\"@id\":\"https:\/\/biogroupvietnam.com\/vi\/san-pham\/c-chip\/#breadcrumb\"},\"inLanguage\":\"vi\",\"potentialAction\":[{\"@type\":\"ReadAction\",\"target\":[\"https:\/\/biogroupvietnam.com\/vi\/san-pham\/c-chip\/\"]}]},{\"@type\":\"ImageObject\",\"inLanguage\":\"vi\",\"@id\":\"https:\/\/biogroupvietnam.com\/vi\/san-pham\/c-chip\/#primaryimage\",\"url\":\"https:\/\/biogroupvietnam.com\/wp-content\/uploads\/2025\/08\/C-Chip.jpg\",\"contentUrl\":\"https:\/\/biogroupvietnam.com\/wp-content\/uploads\/2025\/08\/C-Chip.jpg\",\"width\":1640,\"height\":1260},{\"@type\":\"BreadcrumbList\",\"@id\":\"https:\/\/biogroupvietnam.com\/vi\/san-pham\/c-chip\/#breadcrumb\",\"itemListElement\":[{\"@type\":\"ListItem\",\"position\":1,\"name\":\"Trang ch\u1ee7\",\"item\":\"https:\/\/biogroupvietnam.com\/vi\/\"},{\"@type\":\"ListItem\",\"position\":2,\"name\":\"S\u1ea3n ph\u1ea9m\",\"item\":\"https:\/\/biogroupvietnam.com\/vi\/san-pham\/\"},{\"@type\":\"ListItem\",\"position\":3,\"name\":\"R&amp;D Sinh H\u1ecdc\",\"item\":\"https:\/\/biogroupvietnam.com\/vi\/danh-muc-san-pham\/rd-sinh-hoc\/\"},{\"@type\":\"ListItem\",\"position\":4,\"name\":\"\u0110\u1ebfm &amp; Ph\u00e2n T\u00edch T\u1ebf B\u00e0o\",\"item\":\"https:\/\/biogroupvietnam.com\/vi\/danh-muc-san-pham\/dem-phan-tich-te-bao\/\"},{\"@type\":\"ListItem\",\"position\":5,\"name\":\"C-Chip &#8211; Bu\u1ed3ng \u0110\u1ebfm T\u1ebf B\u00e0o D\u00f9ng M\u1ed9t L\u1ea7n\"}]},{\"@type\":\"WebSite\",\"@id\":\"https:\/\/biogroupvietnam.com\/vi\/#website\",\"url\":\"https:\/\/biogroupvietnam.com\/vi\/\",\"name\":\"Biogroup Vietnam\",\"description\":\"Biogroup Vietnam cung c\u1ea5p d\u1ecbch v\u1ee5 k\u1ef9 thu\u1eadt c\u00f9ng thi\u1ebft b\u1ecb, v\u1eadt t\u01b0, h\u00f3a ch\u1ea5t v\u00e0 gi\u1ea3i ph\u00e1p sinh h\u1ecdc cho ph\u00f2ng th\u00ed nghi\u1ec7m c\u00f4ng ngh\u1ec7 sinh h\u1ecdc, y sinh v\u00e0 y h\u1ecdc t\u00e1i t\u1ea1o.\",\"potentialAction\":[{\"@type\":\"SearchAction\",\"target\":{\"@type\":\"EntryPoint\",\"urlTemplate\":\"https:\/\/biogroupvietnam.com\/vi\/?s={search_term_string}\"},\"query-input\":{\"@type\":\"PropertyValueSpecification\",\"valueRequired\":true,\"valueName\":\"search_term_string\"}}],\"inLanguage\":\"vi\"}]}<\/script>\n<!-- \/ Yoast SEO plugin. -->","yoast_head_json":{"title":"C-Chip - Bu\u1ed3ng \u0110\u1ebfm T\u1ebf B\u00e0o D\u00f9ng M\u1ed9t L\u1ea7n","description":"Bu\u1ed3ng \u0111\u1ebfm t\u1ebf b\u00e0o C-chip (bu\u1ed3ng \u0111\u1ebfm h\u1ed3ng c\u1ea7u) b\u1eb1ng nh\u1ef1a d\u00f9ng\u00a01 l\u1ea7n, \u0111\u01b0\u1ee3c ph\u00e1t tri\u1ec3n \u0111\u1ec3 gi\u1ea3i quy\u1ebft c\u00e1c v\u1ea5n \u0111\u1ec1 c\u1ee7a bu\u1ed3ng \u0111\u1ebfm h\u1ed3ng c\u1ea7u th\u1ee7y tinh truy\u1ec1n th\u1ed1ng.","robots":{"index":"index","follow":"follow","max-snippet":"max-snippet:-1","max-image-preview":"max-image-preview:large","max-video-preview":"max-video-preview:-1"},"canonical":"https:\/\/biogroupvietnam.com\/vi\/san-pham\/c-chip\/","og_locale":"vi_VN","og_type":"article","og_title":"C-Chip - Bu\u1ed3ng \u0110\u1ebfm T\u1ebf B\u00e0o D\u00f9ng M\u1ed9t L\u1ea7n","og_description":"Bu\u1ed3ng \u0111\u1ebfm t\u1ebf b\u00e0o C-chip (bu\u1ed3ng \u0111\u1ebfm h\u1ed3ng c\u1ea7u) b\u1eb1ng nh\u1ef1a d\u00f9ng\u00a01 l\u1ea7n, \u0111\u01b0\u1ee3c ph\u00e1t tri\u1ec3n \u0111\u1ec3 gi\u1ea3i quy\u1ebft c\u00e1c v\u1ea5n \u0111\u1ec1 c\u1ee7a bu\u1ed3ng \u0111\u1ebfm h\u1ed3ng c\u1ea7u th\u1ee7y tinh truy\u1ec1n th\u1ed1ng.","og_url":"https:\/\/biogroupvietnam.com\/vi\/san-pham\/c-chip\/","og_site_name":"Biogroup Vietnam","article_modified_time":"2025-12-17T07:54:02+00:00","og_image":[{"width":1640,"height":1260,"url":"https:\/\/biogroupvietnam.com\/wp-content\/uploads\/2025\/08\/C-Chip.jpg","type":"image\/jpeg"}],"twitter_card":"summary_large_image","twitter_misc":{"\u01af\u1edbc t\u00ednh th\u1eddi gian \u0111\u1ecdc":"4 ph\u00fat"},"schema":{"@context":"https:\/\/schema.org","@graph":[{"@type":"WebPage","@id":"https:\/\/biogroupvietnam.com\/vi\/san-pham\/c-chip\/","url":"https:\/\/biogroupvietnam.com\/vi\/san-pham\/c-chip\/","name":"C-Chip - Bu\u1ed3ng \u0110\u1ebfm T\u1ebf B\u00e0o D\u00f9ng M\u1ed9t L\u1ea7n","isPartOf":{"@id":"https:\/\/biogroupvietnam.com\/vi\/#website"},"primaryImageOfPage":{"@id":"https:\/\/biogroupvietnam.com\/vi\/san-pham\/c-chip\/#primaryimage"},"image":{"@id":"https:\/\/biogroupvietnam.com\/vi\/san-pham\/c-chip\/#primaryimage"},"thumbnailUrl":"https:\/\/biogroupvietnam.com\/wp-content\/uploads\/2025\/08\/C-Chip.jpg","datePublished":"2025-08-18T12:53:46+00:00","dateModified":"2025-12-17T07:54:02+00:00","description":"Bu\u1ed3ng \u0111\u1ebfm t\u1ebf b\u00e0o C-chip (bu\u1ed3ng \u0111\u1ebfm h\u1ed3ng c\u1ea7u) b\u1eb1ng nh\u1ef1a d\u00f9ng\u00a01 l\u1ea7n, \u0111\u01b0\u1ee3c ph\u00e1t tri\u1ec3n \u0111\u1ec3 gi\u1ea3i quy\u1ebft c\u00e1c v\u1ea5n \u0111\u1ec1 c\u1ee7a bu\u1ed3ng \u0111\u1ebfm h\u1ed3ng c\u1ea7u th\u1ee7y tinh truy\u1ec1n th\u1ed1ng.","breadcrumb":{"@id":"https:\/\/biogroupvietnam.com\/vi\/san-pham\/c-chip\/#breadcrumb"},"inLanguage":"vi","potentialAction":[{"@type":"ReadAction","target":["https:\/\/biogroupvietnam.com\/vi\/san-pham\/c-chip\/"]}]},{"@type":"ImageObject","inLanguage":"vi","@id":"https:\/\/biogroupvietnam.com\/vi\/san-pham\/c-chip\/#primaryimage","url":"https:\/\/biogroupvietnam.com\/wp-content\/uploads\/2025\/08\/C-Chip.jpg","contentUrl":"https:\/\/biogroupvietnam.com\/wp-content\/uploads\/2025\/08\/C-Chip.jpg","width":1640,"height":1260},{"@type":"BreadcrumbList","@id":"https:\/\/biogroupvietnam.com\/vi\/san-pham\/c-chip\/#breadcrumb","itemListElement":[{"@type":"ListItem","position":1,"name":"Trang ch\u1ee7","item":"https:\/\/biogroupvietnam.com\/vi\/"},{"@type":"ListItem","position":2,"name":"S\u1ea3n ph\u1ea9m","item":"https:\/\/biogroupvietnam.com\/vi\/san-pham\/"},{"@type":"ListItem","position":3,"name":"R&amp;D Sinh H\u1ecdc","item":"https:\/\/biogroupvietnam.com\/vi\/danh-muc-san-pham\/rd-sinh-hoc\/"},{"@type":"ListItem","position":4,"name":"\u0110\u1ebfm &amp; Ph\u00e2n T\u00edch T\u1ebf B\u00e0o","item":"https:\/\/biogroupvietnam.com\/vi\/danh-muc-san-pham\/dem-phan-tich-te-bao\/"},{"@type":"ListItem","position":5,"name":"C-Chip &#8211; Bu\u1ed3ng \u0110\u1ebfm T\u1ebf B\u00e0o D\u00f9ng M\u1ed9t L\u1ea7n"}]},{"@type":"WebSite","@id":"https:\/\/biogroupvietnam.com\/vi\/#website","url":"https:\/\/biogroupvietnam.com\/vi\/","name":"Biogroup Vietnam","description":"Biogroup Vietnam cung c\u1ea5p d\u1ecbch v\u1ee5 k\u1ef9 thu\u1eadt c\u00f9ng thi\u1ebft b\u1ecb, v\u1eadt t\u01b0, h\u00f3a ch\u1ea5t v\u00e0 gi\u1ea3i ph\u00e1p sinh h\u1ecdc cho ph\u00f2ng th\u00ed nghi\u1ec7m c\u00f4ng ngh\u1ec7 sinh h\u1ecdc, y sinh v\u00e0 y h\u1ecdc t\u00e1i t\u1ea1o.","potentialAction":[{"@type":"SearchAction","target":{"@type":"EntryPoint","urlTemplate":"https:\/\/biogroupvietnam.com\/vi\/?s={search_term_string}"},"query-input":{"@type":"PropertyValueSpecification","valueRequired":true,"valueName":"search_term_string"}}],"inLanguage":"vi"}]}},"_links":{"self":[{"href":"https:\/\/biogroupvietnam.com\/vi\/wp-json\/wp\/v2\/product\/3835","targetHints":{"allow":["GET"]}}],"collection":[{"href":"https:\/\/biogroupvietnam.com\/vi\/wp-json\/wp\/v2\/product"}],"about":[{"href":"https:\/\/biogroupvietnam.com\/vi\/wp-json\/wp\/v2\/types\/product"}],"replies":[{"embeddable":true,"href":"https:\/\/biogroupvietnam.com\/vi\/wp-json\/wp\/v2\/comments?post=3835"}],"version-history":[{"count":3,"href":"https:\/\/biogroupvietnam.com\/vi\/wp-json\/wp\/v2\/product\/3835\/revisions"}],"predecessor-version":[{"id":8619,"href":"https:\/\/biogroupvietnam.com\/vi\/wp-json\/wp\/v2\/product\/3835\/revisions\/8619"}],"wp:featuredmedia":[{"embeddable":true,"href":"https:\/\/biogroupvietnam.com\/vi\/wp-json\/wp\/v2\/media\/8969"}],"wp:attachment":[{"href":"https:\/\/biogroupvietnam.com\/vi\/wp-json\/wp\/v2\/media?parent=3835"}],"wp:term":[{"taxonomy":"product_brand","embeddable":true,"href":"https:\/\/biogroupvietnam.com\/vi\/wp-json\/wp\/v2\/product_brand?post=3835"},{"taxonomy":"product_cat","embeddable":true,"href":"https:\/\/biogroupvietnam.com\/vi\/wp-json\/wp\/v2\/product_cat?post=3835"},{"taxonomy":"product_tag","embeddable":true,"href":"https:\/\/biogroupvietnam.com\/vi\/wp-json\/wp\/v2\/product_tag?post=3835"}],"curies":[{"name":"wp","href":"https:\/\/api.w.org\/{rel}","templated":true}]}}