{"id":3836,"date":"2025-08-18T19:53:46","date_gmt":"2025-08-18T12:53:46","guid":{"rendered":"http:\/\/biogroupvietnam-worldpress.local\/product\/import-placeholder-for-138\/"},"modified":"2026-04-03T17:38:31","modified_gmt":"2026-04-03T10:38:31","slug":"kit-phan-giai-te-bao","status":"publish","type":"product","link":"https:\/\/biogroupvietnam.com\/vi\/san-pham\/kit-phan-giai-te-bao\/","title":{"rendered":"Kit Ph\u00e2n Gi\u1ea3i T\u1ebf B\u00e0o"},"content":{"rendered":"<p>Kit ph\u00e2n gi\u1ea3i t\u1ebf b\u00e0o t\u00e1ch t\u1ebf b\u00e0o kh\u00f4ng c\u00f3 th\u00e0nh ph\u1ea7n \u0111\u1ed9ng v\u1eadt (Animal Component-Free) (ACF) \u0111\u01b0\u1ee3c t\u1ed1i \u01b0u h\u00f3a \u0111\u1ec3 ph\u00e2n gi\u1ea3i v\u00e0 c\u1ea5y chuy\u1ec1n t\u1ebf b\u00e0o g\u1ed1c v\u00e0 t\u1ebf b\u00e0o ti\u1ec1n th\u00e2n ng\u01b0\u1eddi.<\/p>\n<h3><strong>T\u1ed5ng quan v\u1ec1 kit ph\u00e2n gi\u1ea3i t\u1ebf b\u00e0o<\/strong><\/h3>\n<p>B\u1ed9 kit kh\u00f4ng c\u00f3 th\u00e0nh ph\u1ea7n \u0111\u1ed9ng v\u1eadt (ACF) \u0111\u01b0\u1ee3c t\u1ed1i \u01b0u h\u00f3a \u0111\u1ec3 ph\u00e2n gi\u1ea3i v\u00e0 c\u1ea5y chuy\u1ec1n t\u1ebf b\u00e0o g\u1ed1c v\u00e0 t\u1ebf b\u00e0o ti\u1ec1n th\u00e2n. B\u1ed9 kit bao g\u1ed3m dung d\u1ecbch enzym ph\u00e2n gi\u1ea3i ACF v\u00e0 dung d\u1ecbch \u1ee9c ch\u1ebf enzym ACF.<\/p>\n<p>B\u1ed9 kit n\u00e0y tr\u01b0\u1edbc \u0111\u00e2y \u0111\u01b0\u1ee3c \u0111\u1eb7t t\u00ean l\u00e0 B\u1ed9 kit ph\u00e2n gi\u1ea3i MesenCult\u2122 -ACF. T\u00ean \u0111\u00e3 \u0111\u01b0\u1ee3c thay \u0111\u1ed5i \u0111\u1ec3 ph\u00f9 h\u1ee3p v\u1edbi vi\u1ec7c s\u1eed d\u1ee5ng s\u1ea3n ph\u1ea9m n\u00e0y v\u1edbi c\u00e1c lo\u1ea1i t\u1ebf b\u00e0o kh\u00e1c.<\/p>\n<h3><strong>\u0110\u1eb7c \u0111i\u1ec3m n\u1ed5i b\u1eadt <\/strong><strong>kit ph\u00e2n gi\u1ea3i t\u1ebf b\u00e0o<\/strong><\/h3>\n<ul>\n<li>C\u00e1c dung d\u1ecbch kh\u00f4ng c\u00f3 th\u00e0nh ph\u1ea7n \u0111\u1ed9ng v\u1eadt \u0111\u01b0\u1ee3c t\u1ed1i \u01b0u h\u00f3a cho s\u1ef1 ph\u00e2n gi\u1ea3i v\u00e0 c\u1ea5y truy\u1ec1n t\u1ebf b\u00e0o g\u1ed1c v\u00e0 t\u1ebf b\u00e0o ti\u1ec1n th\u00e2n c\u1ee7a con ng\u01b0\u1eddi<\/li>\n<\/ul>\n<h3><strong>Th\u00f4ng tin \u0111\u1eb7t h\u00e0ng<\/strong><\/h3>\n<p>B\u1ed9 kit (Catalog # 05426), bao g\u1ed3m:<\/p>\n<ul>\n<li>Dung d\u1ecbch ph\u00e2n gi\u1ea3i enzym ACF, 250 mL<\/li>\n<li>Dung d\u1ecbch \u1ee9c ch\u1ebf enzym ACF, 250 mL<\/li>\n<\/ul>\n<h3>S\u1ea3n ph\u1ea9m d\u00f9ng th\u00eam<\/h3>\n<p><a href=\"https:\/\/biogroupvietnam.com\/vi\/san-pham\/dung-dich-pbs\/\">Dung d\u1ecbch D-PBS<\/a><\/p>\n","protected":false},"excerpt":{"rendered":"<p>Kit ph\u00e2n gi\u1ea3i t\u1ebf b\u00e0o t\u00e1ch t\u1ebf b\u00e0o kh\u00f4ng c\u00f3 th\u00e0nh ph\u1ea7n \u0111\u1ed9ng v\u1eadt (Animal Component-Free) (ACF) \u0111\u01b0\u1ee3c t\u1ed1i \u01b0u h\u00f3a \u0111\u1ec3 ph\u00e2n gi\u1ea3i v\u00e0 c\u1ea5y chuy\u1ec1n t\u1ebf b\u00e0o g\u1ed1c v\u00e0 t\u1ebf b\u00e0o ti\u1ec1n th\u00e2n ng\u01b0\u1eddi. T\u1ed5ng quan v\u1ec1 kit ph\u00e2n gi\u1ea3i t\u1ebf b\u00e0o B\u1ed9 kit kh\u00f4ng c\u00f3 th\u00e0nh ph\u1ea7n \u0111\u1ed9ng v\u1eadt (ACF) \u0111\u01b0\u1ee3c t\u1ed1i<\/p>\n<div class=\"klb-readmore post-buttons\"><a class=\"button rounded primary\" href=\"https:\/\/biogroupvietnam.com\/vi\/san-pham\/kit-phan-giai-te-bao\/\">Read More <i class=\"klbth-icon-right-arrow\"><\/i><\/a><\/div>\n","protected":false},"featured_media":10192,"comment_status":"closed","ping_status":"closed","template":"","meta":{"_acf_changed":false},"product_brand":[127],"product_cat":[91],"product_tag":[],"class_list":{"0":"post-3836","1":"product","2":"type-product","3":"status-publish","4":"has-post-thumbnail","6":"product_brand-stemcell-technologies","7":"product_cat-te-bao-goc-trung-mo","9":"first","10":"outofstock","11":"shipping-taxable","12":"product-type-simple"},"acf":[],"yoast_head":"<!-- This site is optimized with the Yoast SEO plugin v26.8 - https:\/\/yoast.com\/product\/yoast-seo-wordpress\/ -->\n<title>Kit Ph\u00e2n Gi\u1ea3i T\u1ebf B\u00e0o<\/title>\n<meta name=\"description\" content=\"Kit ph\u00e2n gi\u1ea3i t\u1ebf b\u00e0o t\u00e1ch t\u1ebf b\u00e0o kh\u00f4ng c\u00f3 th\u00e0nh ph\u1ea7n \u0111\u1ed9ng v\u1eadt (ACF) \u0111\u01b0\u1ee3c t\u1ed1i \u01b0u h\u00f3a \u0111\u1ec3 ph\u00e2n gi\u1ea3i v\u00e0 c\u1ea5y chuy\u1ec1n t\u1ebf b\u00e0o g\u1ed1c v\u00e0 t\u1ebf b\u00e0o ti\u1ec1n th\u00e2n ng\u01b0\u1eddi.\" \/>\n<meta name=\"robots\" content=\"index, follow, max-snippet:-1, max-image-preview:large, max-video-preview:-1\" \/>\n<link rel=\"canonical\" href=\"https:\/\/biogroupvietnam.com\/vi\/san-pham\/kit-phan-giai-te-bao\/\" \/>\n<meta property=\"og:locale\" content=\"vi_VN\" \/>\n<meta property=\"og:type\" content=\"article\" \/>\n<meta property=\"og:title\" content=\"Kit Ph\u00e2n Gi\u1ea3i T\u1ebf B\u00e0o\" \/>\n<meta property=\"og:description\" content=\"Kit ph\u00e2n gi\u1ea3i t\u1ebf b\u00e0o t\u00e1ch t\u1ebf b\u00e0o kh\u00f4ng c\u00f3 th\u00e0nh ph\u1ea7n \u0111\u1ed9ng v\u1eadt (ACF) \u0111\u01b0\u1ee3c t\u1ed1i \u01b0u h\u00f3a \u0111\u1ec3 ph\u00e2n gi\u1ea3i v\u00e0 c\u1ea5y chuy\u1ec1n t\u1ebf b\u00e0o g\u1ed1c v\u00e0 t\u1ebf b\u00e0o ti\u1ec1n th\u00e2n ng\u01b0\u1eddi.\" \/>\n<meta property=\"og:url\" content=\"https:\/\/biogroupvietnam.com\/vi\/san-pham\/kit-phan-giai-te-bao\/\" \/>\n<meta property=\"og:site_name\" content=\"Biogroup Vietnam\" \/>\n<meta property=\"article:modified_time\" content=\"2026-04-03T10:38:31+00:00\" \/>\n<meta property=\"og:image\" content=\"https:\/\/biogroupvietnam.com\/wp-content\/uploads\/2025\/08\/kit-phan-giai-te-bao.jpg\" \/>\n\t<meta property=\"og:image:width\" content=\"1640\" \/>\n\t<meta property=\"og:image:height\" content=\"1260\" \/>\n\t<meta property=\"og:image:type\" content=\"image\/jpeg\" \/>\n<meta name=\"twitter:card\" content=\"summary_large_image\" \/>\n<meta name=\"twitter:label1\" content=\"\u01af\u1edbc t\u00ednh th\u1eddi gian \u0111\u1ecdc\" \/>\n\t<meta name=\"twitter:data1\" content=\"2 ph\u00fat\" \/>\n<script type=\"application\/ld+json\" class=\"yoast-schema-graph\">{\"@context\":\"https:\/\/schema.org\",\"@graph\":[{\"@type\":\"WebPage\",\"@id\":\"https:\/\/biogroupvietnam.com\/vi\/san-pham\/kit-phan-giai-te-bao\/\",\"url\":\"https:\/\/biogroupvietnam.com\/vi\/san-pham\/kit-phan-giai-te-bao\/\",\"name\":\"Kit Ph\u00e2n Gi\u1ea3i T\u1ebf B\u00e0o\",\"isPartOf\":{\"@id\":\"https:\/\/biogroupvietnam.com\/vi\/#website\"},\"primaryImageOfPage\":{\"@id\":\"https:\/\/biogroupvietnam.com\/vi\/san-pham\/kit-phan-giai-te-bao\/#primaryimage\"},\"image\":{\"@id\":\"https:\/\/biogroupvietnam.com\/vi\/san-pham\/kit-phan-giai-te-bao\/#primaryimage\"},\"thumbnailUrl\":\"https:\/\/biogroupvietnam.com\/wp-content\/uploads\/2025\/08\/kit-phan-giai-te-bao.jpg\",\"datePublished\":\"2025-08-18T12:53:46+00:00\",\"dateModified\":\"2026-04-03T10:38:31+00:00\",\"description\":\"Kit ph\u00e2n gi\u1ea3i t\u1ebf b\u00e0o t\u00e1ch t\u1ebf b\u00e0o kh\u00f4ng c\u00f3 th\u00e0nh ph\u1ea7n \u0111\u1ed9ng v\u1eadt (ACF) \u0111\u01b0\u1ee3c t\u1ed1i \u01b0u h\u00f3a \u0111\u1ec3 ph\u00e2n gi\u1ea3i v\u00e0 c\u1ea5y chuy\u1ec1n t\u1ebf b\u00e0o g\u1ed1c v\u00e0 t\u1ebf b\u00e0o ti\u1ec1n th\u00e2n ng\u01b0\u1eddi.\",\"breadcrumb\":{\"@id\":\"https:\/\/biogroupvietnam.com\/vi\/san-pham\/kit-phan-giai-te-bao\/#breadcrumb\"},\"inLanguage\":\"vi\",\"potentialAction\":[{\"@type\":\"ReadAction\",\"target\":[\"https:\/\/biogroupvietnam.com\/vi\/san-pham\/kit-phan-giai-te-bao\/\"]}]},{\"@type\":\"ImageObject\",\"inLanguage\":\"vi\",\"@id\":\"https:\/\/biogroupvietnam.com\/vi\/san-pham\/kit-phan-giai-te-bao\/#primaryimage\",\"url\":\"https:\/\/biogroupvietnam.com\/wp-content\/uploads\/2025\/08\/kit-phan-giai-te-bao.jpg\",\"contentUrl\":\"https:\/\/biogroupvietnam.com\/wp-content\/uploads\/2025\/08\/kit-phan-giai-te-bao.jpg\",\"width\":1640,\"height\":1260,\"caption\":\"Kit Ph\u00e2n Gi\u1ea3i T\u1ebf B\u00e0o\"},{\"@type\":\"BreadcrumbList\",\"@id\":\"https:\/\/biogroupvietnam.com\/vi\/san-pham\/kit-phan-giai-te-bao\/#breadcrumb\",\"itemListElement\":[{\"@type\":\"ListItem\",\"position\":1,\"name\":\"Trang ch\u1ee7\",\"item\":\"https:\/\/biogroupvietnam.com\/vi\/\"},{\"@type\":\"ListItem\",\"position\":2,\"name\":\"S\u1ea3n ph\u1ea9m\",\"item\":\"https:\/\/biogroupvietnam.com\/vi\/san-pham\/\"},{\"@type\":\"ListItem\",\"position\":3,\"name\":\"Nu\u00f4i C\u1ea5y T\u1ebf B\u00e0o\",\"item\":\"https:\/\/biogroupvietnam.com\/vi\/danh-muc-san-pham\/nuoi-cay-te-bao\/\"},{\"@type\":\"ListItem\",\"position\":4,\"name\":\"T\u1ebf B\u00e0o G\u1ed1c Trung M\u00f4\",\"item\":\"https:\/\/biogroupvietnam.com\/vi\/danh-muc-san-pham\/te-bao-goc-trung-mo\/\"},{\"@type\":\"ListItem\",\"position\":5,\"name\":\"Kit Ph\u00e2n Gi\u1ea3i T\u1ebf B\u00e0o\"}]},{\"@type\":\"WebSite\",\"@id\":\"https:\/\/biogroupvietnam.com\/vi\/#website\",\"url\":\"https:\/\/biogroupvietnam.com\/vi\/\",\"name\":\"Biogroup Vietnam\",\"description\":\"Biogroup Vietnam cung c\u1ea5p d\u1ecbch v\u1ee5 k\u1ef9 thu\u1eadt c\u00f9ng thi\u1ebft b\u1ecb, v\u1eadt t\u01b0, h\u00f3a ch\u1ea5t v\u00e0 gi\u1ea3i ph\u00e1p sinh h\u1ecdc cho ph\u00f2ng th\u00ed nghi\u1ec7m c\u00f4ng ngh\u1ec7 sinh h\u1ecdc, y sinh v\u00e0 y h\u1ecdc t\u00e1i t\u1ea1o.\",\"potentialAction\":[{\"@type\":\"SearchAction\",\"target\":{\"@type\":\"EntryPoint\",\"urlTemplate\":\"https:\/\/biogroupvietnam.com\/vi\/?s={search_term_string}\"},\"query-input\":{\"@type\":\"PropertyValueSpecification\",\"valueRequired\":true,\"valueName\":\"search_term_string\"}}],\"inLanguage\":\"vi\"}]}<\/script>\n<!-- \/ Yoast SEO plugin. -->","yoast_head_json":{"title":"Kit Ph\u00e2n Gi\u1ea3i T\u1ebf B\u00e0o","description":"Kit ph\u00e2n gi\u1ea3i t\u1ebf b\u00e0o t\u00e1ch t\u1ebf b\u00e0o kh\u00f4ng c\u00f3 th\u00e0nh ph\u1ea7n \u0111\u1ed9ng v\u1eadt (ACF) \u0111\u01b0\u1ee3c t\u1ed1i \u01b0u h\u00f3a \u0111\u1ec3 ph\u00e2n gi\u1ea3i v\u00e0 c\u1ea5y chuy\u1ec1n t\u1ebf b\u00e0o g\u1ed1c v\u00e0 t\u1ebf b\u00e0o ti\u1ec1n th\u00e2n ng\u01b0\u1eddi.","robots":{"index":"index","follow":"follow","max-snippet":"max-snippet:-1","max-image-preview":"max-image-preview:large","max-video-preview":"max-video-preview:-1"},"canonical":"https:\/\/biogroupvietnam.com\/vi\/san-pham\/kit-phan-giai-te-bao\/","og_locale":"vi_VN","og_type":"article","og_title":"Kit Ph\u00e2n Gi\u1ea3i T\u1ebf B\u00e0o","og_description":"Kit ph\u00e2n gi\u1ea3i t\u1ebf b\u00e0o t\u00e1ch t\u1ebf b\u00e0o kh\u00f4ng c\u00f3 th\u00e0nh ph\u1ea7n \u0111\u1ed9ng v\u1eadt (ACF) \u0111\u01b0\u1ee3c t\u1ed1i \u01b0u h\u00f3a \u0111\u1ec3 ph\u00e2n gi\u1ea3i v\u00e0 c\u1ea5y chuy\u1ec1n t\u1ebf b\u00e0o g\u1ed1c v\u00e0 t\u1ebf b\u00e0o ti\u1ec1n th\u00e2n ng\u01b0\u1eddi.","og_url":"https:\/\/biogroupvietnam.com\/vi\/san-pham\/kit-phan-giai-te-bao\/","og_site_name":"Biogroup Vietnam","article_modified_time":"2026-04-03T10:38:31+00:00","og_image":[{"width":1640,"height":1260,"url":"https:\/\/biogroupvietnam.com\/wp-content\/uploads\/2025\/08\/kit-phan-giai-te-bao.jpg","type":"image\/jpeg"}],"twitter_card":"summary_large_image","twitter_misc":{"\u01af\u1edbc t\u00ednh th\u1eddi gian \u0111\u1ecdc":"2 ph\u00fat"},"schema":{"@context":"https:\/\/schema.org","@graph":[{"@type":"WebPage","@id":"https:\/\/biogroupvietnam.com\/vi\/san-pham\/kit-phan-giai-te-bao\/","url":"https:\/\/biogroupvietnam.com\/vi\/san-pham\/kit-phan-giai-te-bao\/","name":"Kit Ph\u00e2n Gi\u1ea3i T\u1ebf B\u00e0o","isPartOf":{"@id":"https:\/\/biogroupvietnam.com\/vi\/#website"},"primaryImageOfPage":{"@id":"https:\/\/biogroupvietnam.com\/vi\/san-pham\/kit-phan-giai-te-bao\/#primaryimage"},"image":{"@id":"https:\/\/biogroupvietnam.com\/vi\/san-pham\/kit-phan-giai-te-bao\/#primaryimage"},"thumbnailUrl":"https:\/\/biogroupvietnam.com\/wp-content\/uploads\/2025\/08\/kit-phan-giai-te-bao.jpg","datePublished":"2025-08-18T12:53:46+00:00","dateModified":"2026-04-03T10:38:31+00:00","description":"Kit ph\u00e2n gi\u1ea3i t\u1ebf b\u00e0o t\u00e1ch t\u1ebf b\u00e0o kh\u00f4ng c\u00f3 th\u00e0nh ph\u1ea7n \u0111\u1ed9ng v\u1eadt (ACF) \u0111\u01b0\u1ee3c t\u1ed1i \u01b0u h\u00f3a \u0111\u1ec3 ph\u00e2n gi\u1ea3i v\u00e0 c\u1ea5y chuy\u1ec1n t\u1ebf b\u00e0o g\u1ed1c v\u00e0 t\u1ebf b\u00e0o ti\u1ec1n th\u00e2n ng\u01b0\u1eddi.","breadcrumb":{"@id":"https:\/\/biogroupvietnam.com\/vi\/san-pham\/kit-phan-giai-te-bao\/#breadcrumb"},"inLanguage":"vi","potentialAction":[{"@type":"ReadAction","target":["https:\/\/biogroupvietnam.com\/vi\/san-pham\/kit-phan-giai-te-bao\/"]}]},{"@type":"ImageObject","inLanguage":"vi","@id":"https:\/\/biogroupvietnam.com\/vi\/san-pham\/kit-phan-giai-te-bao\/#primaryimage","url":"https:\/\/biogroupvietnam.com\/wp-content\/uploads\/2025\/08\/kit-phan-giai-te-bao.jpg","contentUrl":"https:\/\/biogroupvietnam.com\/wp-content\/uploads\/2025\/08\/kit-phan-giai-te-bao.jpg","width":1640,"height":1260,"caption":"Kit Ph\u00e2n Gi\u1ea3i T\u1ebf B\u00e0o"},{"@type":"BreadcrumbList","@id":"https:\/\/biogroupvietnam.com\/vi\/san-pham\/kit-phan-giai-te-bao\/#breadcrumb","itemListElement":[{"@type":"ListItem","position":1,"name":"Trang ch\u1ee7","item":"https:\/\/biogroupvietnam.com\/vi\/"},{"@type":"ListItem","position":2,"name":"S\u1ea3n ph\u1ea9m","item":"https:\/\/biogroupvietnam.com\/vi\/san-pham\/"},{"@type":"ListItem","position":3,"name":"Nu\u00f4i C\u1ea5y T\u1ebf B\u00e0o","item":"https:\/\/biogroupvietnam.com\/vi\/danh-muc-san-pham\/nuoi-cay-te-bao\/"},{"@type":"ListItem","position":4,"name":"T\u1ebf B\u00e0o G\u1ed1c Trung M\u00f4","item":"https:\/\/biogroupvietnam.com\/vi\/danh-muc-san-pham\/te-bao-goc-trung-mo\/"},{"@type":"ListItem","position":5,"name":"Kit Ph\u00e2n Gi\u1ea3i T\u1ebf B\u00e0o"}]},{"@type":"WebSite","@id":"https:\/\/biogroupvietnam.com\/vi\/#website","url":"https:\/\/biogroupvietnam.com\/vi\/","name":"Biogroup Vietnam","description":"Biogroup Vietnam cung c\u1ea5p d\u1ecbch v\u1ee5 k\u1ef9 thu\u1eadt c\u00f9ng thi\u1ebft b\u1ecb, v\u1eadt t\u01b0, h\u00f3a ch\u1ea5t v\u00e0 gi\u1ea3i ph\u00e1p sinh h\u1ecdc cho ph\u00f2ng th\u00ed nghi\u1ec7m c\u00f4ng ngh\u1ec7 sinh h\u1ecdc, y sinh v\u00e0 y h\u1ecdc t\u00e1i t\u1ea1o.","potentialAction":[{"@type":"SearchAction","target":{"@type":"EntryPoint","urlTemplate":"https:\/\/biogroupvietnam.com\/vi\/?s={search_term_string}"},"query-input":{"@type":"PropertyValueSpecification","valueRequired":true,"valueName":"search_term_string"}}],"inLanguage":"vi"}]}},"_links":{"self":[{"href":"https:\/\/biogroupvietnam.com\/vi\/wp-json\/wp\/v2\/product\/3836","targetHints":{"allow":["GET"]}}],"collection":[{"href":"https:\/\/biogroupvietnam.com\/vi\/wp-json\/wp\/v2\/product"}],"about":[{"href":"https:\/\/biogroupvietnam.com\/vi\/wp-json\/wp\/v2\/types\/product"}],"replies":[{"embeddable":true,"href":"https:\/\/biogroupvietnam.com\/vi\/wp-json\/wp\/v2\/comments?post=3836"}],"version-history":[{"count":5,"href":"https:\/\/biogroupvietnam.com\/vi\/wp-json\/wp\/v2\/product\/3836\/revisions"}],"predecessor-version":[{"id":9747,"href":"https:\/\/biogroupvietnam.com\/vi\/wp-json\/wp\/v2\/product\/3836\/revisions\/9747"}],"wp:featuredmedia":[{"embeddable":true,"href":"https:\/\/biogroupvietnam.com\/vi\/wp-json\/wp\/v2\/media\/10192"}],"wp:attachment":[{"href":"https:\/\/biogroupvietnam.com\/vi\/wp-json\/wp\/v2\/media?parent=3836"}],"wp:term":[{"taxonomy":"product_brand","embeddable":true,"href":"https:\/\/biogroupvietnam.com\/vi\/wp-json\/wp\/v2\/product_brand?post=3836"},{"taxonomy":"product_cat","embeddable":true,"href":"https:\/\/biogroupvietnam.com\/vi\/wp-json\/wp\/v2\/product_cat?post=3836"},{"taxonomy":"product_tag","embeddable":true,"href":"https:\/\/biogroupvietnam.com\/vi\/wp-json\/wp\/v2\/product_tag?post=3836"}],"curies":[{"name":"wp","href":"https:\/\/api.w.org\/{rel}","templated":true}]}}