{"id":3837,"date":"2025-08-18T19:53:46","date_gmt":"2025-08-18T12:53:46","guid":{"rendered":"http:\/\/biogroupvietnam-worldpress.local\/product\/import-placeholder-for-139\/"},"modified":"2026-04-03T17:26:50","modified_gmt":"2026-04-03T10:26:50","slug":"moi-truong-alpha-mem","status":"publish","type":"product","link":"https:\/\/biogroupvietnam.com\/vi\/san-pham\/moi-truong-alpha-mem\/","title":{"rendered":"M\u00f4i Tr\u01b0\u1eddng Alpha MEM Kh\u00f4ng Ch\u1ee9a Nucleosides"},"content":{"rendered":"<p>M\u00f4i tr\u01b0\u1eddng Alpha MEM kh\u00f4ng ch\u1ee9a\u00a0Nucleoside l\u00e0 m\u00f4i tr\u01b0\u1eddng c\u01a1 b\u1ea3n t\u1ed1i thi\u1ec3u cho nhi\u1ec1u \u1ee9ng d\u1ee5ng nu\u00f4i c\u1ea5y t\u1ebf b\u00e0o.<\/p>\n<h3><strong>T\u1ed5ng quan v\u1ec1 m\u00f4i tr\u01b0\u1eddng\u00a0Alpha MEM kh\u00f4ng ch\u1ee9a\u00a0Nucleoside<\/strong><\/h3>\n<p>Vi\u1ec7c l\u1ef1a ch\u1ecdn m\u00f4i tr\u01b0\u1eddng dinh d\u01b0\u1ee1ng th\u00edch h\u1ee3p ph\u1ee5 thu\u1ed9c v\u00e0o lo\u1ea1i t\u1ebf b\u00e0o, \u0111i\u1ec1u ki\u1ec7n nu\u00f4i c\u1ea5y v\u00e0 m\u1ee9c \u0111\u1ed9 x\u00e1c \u0111\u1ecbnh h\u00f3a h\u1ecdc.<\/p>\n<p>M\u00f4i tr\u01b0\u1eddng c\u01a1 b\u1ea3n MEM th\u01b0\u1eddng \u0111\u01b0\u1ee3c s\u1eed d\u1ee5ng \u0111\u1ec3 nu\u00f4i c\u1ea5y c\u00e1c t\u1ebf b\u00e0o ph\u00e1t tri\u1ec3n trong c\u00e1c l\u1edbp \u0111\u01a1n, tuy nhi\u00ean, vi\u1ec7c b\u1ed5 sung th\u00eam m\u00f4i tr\u01b0\u1eddng s\u1eeda \u0111\u1ed5i Alpha MEM gi\u00fap t\u0103ng th\u00eam nhi\u1ec1u \u1ee9ng d\u1ee5ng cho m\u00f4i tr\u01b0\u1eddng n\u00e0y.<\/p>\n<p>Alpha MEM kh\u00f4ng c\u00f3 Nucleoside ch\u1ee9a L-glutamine v\u00e0 \u0111\u01b0\u1ee3c b\u1ed5 sung natri bicarbonate.<\/p>\n<h3><strong>\u0110\u1eb7c t\u00ednh c\u1ee7a\u00a0m\u00f4i tr\u01b0\u1eddng\u00a0Alpha MEM kh\u00f4ng ch\u1ee9a\u00a0Nucleoside<\/strong><\/h3>\n<ul>\n<li>Nhi\u1ec7t \u0111\u1ed9 b\u1ea3o qu\u1ea3n: 2-8oC<\/li>\n<li>H\u1ea1n s\u1eed d\u1ee5ng: \u1ed4n \u0111\u1ecbnh trong 12 th\u00e1ng k\u1ec3 t\u1eeb ng\u00e0y s\u1ea3n xu\u1ea5t (MFG) ghi tr\u00ean nh\u00e3n.<\/li>\n<\/ul>\n<h3><strong>Th\u00e0nh ph\u1ea7n m\u00f4i tr\u01b0\u1eddng:<\/strong><\/h3>\n<ul>\n<li>Mu\u1ed1i v\u00f4 c\u01a1<\/li>\n<li>Vitamin<\/li>\n<li>Phenol Red<\/li>\n<li>\u0110\u1ec7m natri bicacbonat<\/li>\n<\/ul>\n<h3><strong>Th\u00f4ng tin \u0111\u1eb7t h\u00e0ng:<\/strong><\/h3>\n<p>Catalog #\u00a036453: Chai 500mL<\/p>\n","protected":false},"excerpt":{"rendered":"<p>M\u00f4i tr\u01b0\u1eddng Alpha MEM kh\u00f4ng ch\u1ee9a\u00a0Nucleoside l\u00e0 m\u00f4i tr\u01b0\u1eddng c\u01a1 b\u1ea3n t\u1ed1i thi\u1ec3u cho nhi\u1ec1u \u1ee9ng d\u1ee5ng nu\u00f4i c\u1ea5y t\u1ebf b\u00e0o. T\u1ed5ng quan v\u1ec1 m\u00f4i tr\u01b0\u1eddng\u00a0Alpha MEM kh\u00f4ng ch\u1ee9a\u00a0Nucleoside Vi\u1ec7c l\u1ef1a ch\u1ecdn m\u00f4i tr\u01b0\u1eddng dinh d\u01b0\u1ee1ng th\u00edch h\u1ee3p ph\u1ee5 thu\u1ed9c v\u00e0o lo\u1ea1i t\u1ebf b\u00e0o, \u0111i\u1ec1u ki\u1ec7n nu\u00f4i c\u1ea5y v\u00e0 m\u1ee9c \u0111\u1ed9 x\u00e1c \u0111\u1ecbnh h\u00f3a h\u1ecdc.<\/p>\n<div class=\"klb-readmore post-buttons\"><a class=\"button rounded primary\" href=\"https:\/\/biogroupvietnam.com\/vi\/san-pham\/moi-truong-alpha-mem\/\">Read More <i class=\"klbth-icon-right-arrow\"><\/i><\/a><\/div>\n","protected":false},"featured_media":10189,"comment_status":"closed","ping_status":"closed","template":"","meta":{"_acf_changed":false},"product_brand":[127],"product_cat":[114],"product_tag":[],"class_list":{"0":"post-3837","1":"product","2":"type-product","3":"status-publish","4":"has-post-thumbnail","6":"product_brand-stemcell-technologies","7":"product_cat-moi-truong-nuoi-cay-te-bao","9":"first","10":"outofstock","11":"shipping-taxable","12":"product-type-simple"},"acf":[],"yoast_head":"<!-- This site is optimized with the Yoast SEO plugin v26.8 - https:\/\/yoast.com\/product\/yoast-seo-wordpress\/ -->\n<title>M\u00f4i Tr\u01b0\u1eddng Alpha MEM Kh\u00f4ng Ch\u1ee9a Nucleosides<\/title>\n<meta name=\"description\" content=\"M\u00f4i tr\u01b0\u1eddng Alpha MEM kh\u00f4ng ch\u1ee9a\u00a0Nucleoside l\u00e0 m\u00f4i tr\u01b0\u1eddng c\u01a1 b\u1ea3n t\u1ed1i thi\u1ec3u cho nhi\u1ec1u \u1ee9ng d\u1ee5ng nu\u00f4i c\u1ea5y t\u1ebf b\u00e0o.\" \/>\n<meta name=\"robots\" content=\"index, follow, max-snippet:-1, max-image-preview:large, max-video-preview:-1\" \/>\n<link rel=\"canonical\" href=\"https:\/\/biogroupvietnam.com\/vi\/san-pham\/moi-truong-alpha-mem\/\" \/>\n<meta property=\"og:locale\" content=\"vi_VN\" \/>\n<meta property=\"og:type\" content=\"article\" \/>\n<meta property=\"og:title\" content=\"M\u00f4i Tr\u01b0\u1eddng Alpha MEM Kh\u00f4ng Ch\u1ee9a Nucleosides\" \/>\n<meta property=\"og:description\" content=\"M\u00f4i tr\u01b0\u1eddng Alpha MEM kh\u00f4ng ch\u1ee9a\u00a0Nucleoside l\u00e0 m\u00f4i tr\u01b0\u1eddng c\u01a1 b\u1ea3n t\u1ed1i thi\u1ec3u cho nhi\u1ec1u \u1ee9ng d\u1ee5ng nu\u00f4i c\u1ea5y t\u1ebf b\u00e0o.\" \/>\n<meta property=\"og:url\" content=\"https:\/\/biogroupvietnam.com\/vi\/san-pham\/moi-truong-alpha-mem\/\" \/>\n<meta property=\"og:site_name\" content=\"Biogroup Vietnam\" \/>\n<meta property=\"article:modified_time\" content=\"2026-04-03T10:26:50+00:00\" \/>\n<meta property=\"og:image\" content=\"https:\/\/biogroupvietnam.com\/wp-content\/uploads\/2025\/08\/moi-truong-alpha-mem-khong-chua-nucleosides.jpg\" \/>\n\t<meta property=\"og:image:width\" content=\"1640\" \/>\n\t<meta property=\"og:image:height\" content=\"1260\" \/>\n\t<meta property=\"og:image:type\" content=\"image\/jpeg\" \/>\n<meta name=\"twitter:card\" content=\"summary_large_image\" \/>\n<meta name=\"twitter:label1\" content=\"\u01af\u1edbc t\u00ednh th\u1eddi gian \u0111\u1ecdc\" \/>\n\t<meta name=\"twitter:data1\" content=\"2 ph\u00fat\" \/>\n<script type=\"application\/ld+json\" class=\"yoast-schema-graph\">{\"@context\":\"https:\/\/schema.org\",\"@graph\":[{\"@type\":\"WebPage\",\"@id\":\"https:\/\/biogroupvietnam.com\/vi\/san-pham\/moi-truong-alpha-mem\/\",\"url\":\"https:\/\/biogroupvietnam.com\/vi\/san-pham\/moi-truong-alpha-mem\/\",\"name\":\"M\u00f4i Tr\u01b0\u1eddng Alpha MEM Kh\u00f4ng Ch\u1ee9a Nucleosides\",\"isPartOf\":{\"@id\":\"https:\/\/biogroupvietnam.com\/vi\/#website\"},\"primaryImageOfPage\":{\"@id\":\"https:\/\/biogroupvietnam.com\/vi\/san-pham\/moi-truong-alpha-mem\/#primaryimage\"},\"image\":{\"@id\":\"https:\/\/biogroupvietnam.com\/vi\/san-pham\/moi-truong-alpha-mem\/#primaryimage\"},\"thumbnailUrl\":\"https:\/\/biogroupvietnam.com\/wp-content\/uploads\/2025\/08\/moi-truong-alpha-mem-khong-chua-nucleosides.jpg\",\"datePublished\":\"2025-08-18T12:53:46+00:00\",\"dateModified\":\"2026-04-03T10:26:50+00:00\",\"description\":\"M\u00f4i tr\u01b0\u1eddng Alpha MEM kh\u00f4ng ch\u1ee9a\u00a0Nucleoside l\u00e0 m\u00f4i tr\u01b0\u1eddng c\u01a1 b\u1ea3n t\u1ed1i thi\u1ec3u cho nhi\u1ec1u \u1ee9ng d\u1ee5ng nu\u00f4i c\u1ea5y t\u1ebf b\u00e0o.\",\"breadcrumb\":{\"@id\":\"https:\/\/biogroupvietnam.com\/vi\/san-pham\/moi-truong-alpha-mem\/#breadcrumb\"},\"inLanguage\":\"vi\",\"potentialAction\":[{\"@type\":\"ReadAction\",\"target\":[\"https:\/\/biogroupvietnam.com\/vi\/san-pham\/moi-truong-alpha-mem\/\"]}]},{\"@type\":\"ImageObject\",\"inLanguage\":\"vi\",\"@id\":\"https:\/\/biogroupvietnam.com\/vi\/san-pham\/moi-truong-alpha-mem\/#primaryimage\",\"url\":\"https:\/\/biogroupvietnam.com\/wp-content\/uploads\/2025\/08\/moi-truong-alpha-mem-khong-chua-nucleosides.jpg\",\"contentUrl\":\"https:\/\/biogroupvietnam.com\/wp-content\/uploads\/2025\/08\/moi-truong-alpha-mem-khong-chua-nucleosides.jpg\",\"width\":1640,\"height\":1260,\"caption\":\"M\u00f4i Tr\u01b0\u1eddng Alpha MEM Kh\u00f4ng Ch\u1ee9a Nucleosides\"},{\"@type\":\"BreadcrumbList\",\"@id\":\"https:\/\/biogroupvietnam.com\/vi\/san-pham\/moi-truong-alpha-mem\/#breadcrumb\",\"itemListElement\":[{\"@type\":\"ListItem\",\"position\":1,\"name\":\"Trang ch\u1ee7\",\"item\":\"https:\/\/biogroupvietnam.com\/vi\/\"},{\"@type\":\"ListItem\",\"position\":2,\"name\":\"S\u1ea3n ph\u1ea9m\",\"item\":\"https:\/\/biogroupvietnam.com\/vi\/san-pham\/\"},{\"@type\":\"ListItem\",\"position\":3,\"name\":\"R&amp;D Sinh H\u1ecdc\",\"item\":\"https:\/\/biogroupvietnam.com\/vi\/danh-muc-san-pham\/rd-sinh-hoc\/\"},{\"@type\":\"ListItem\",\"position\":4,\"name\":\"M\u00f4i Tr\u01b0\u1eddng Nu\u00f4i C\u1ea5y T\u1ebf B\u00e0o\",\"item\":\"https:\/\/biogroupvietnam.com\/vi\/danh-muc-san-pham\/moi-truong-nuoi-cay-te-bao\/\"},{\"@type\":\"ListItem\",\"position\":5,\"name\":\"M\u00f4i Tr\u01b0\u1eddng Alpha MEM Kh\u00f4ng Ch\u1ee9a Nucleosides\"}]},{\"@type\":\"WebSite\",\"@id\":\"https:\/\/biogroupvietnam.com\/vi\/#website\",\"url\":\"https:\/\/biogroupvietnam.com\/vi\/\",\"name\":\"Biogroup Vietnam\",\"description\":\"Biogroup Vietnam cung c\u1ea5p d\u1ecbch v\u1ee5 k\u1ef9 thu\u1eadt c\u00f9ng thi\u1ebft b\u1ecb, v\u1eadt t\u01b0, h\u00f3a ch\u1ea5t v\u00e0 gi\u1ea3i ph\u00e1p sinh h\u1ecdc cho ph\u00f2ng th\u00ed nghi\u1ec7m c\u00f4ng ngh\u1ec7 sinh h\u1ecdc, y sinh v\u00e0 y h\u1ecdc t\u00e1i t\u1ea1o.\",\"potentialAction\":[{\"@type\":\"SearchAction\",\"target\":{\"@type\":\"EntryPoint\",\"urlTemplate\":\"https:\/\/biogroupvietnam.com\/vi\/?s={search_term_string}\"},\"query-input\":{\"@type\":\"PropertyValueSpecification\",\"valueRequired\":true,\"valueName\":\"search_term_string\"}}],\"inLanguage\":\"vi\"}]}<\/script>\n<!-- \/ Yoast SEO plugin. -->","yoast_head_json":{"title":"M\u00f4i Tr\u01b0\u1eddng Alpha MEM Kh\u00f4ng Ch\u1ee9a Nucleosides","description":"M\u00f4i tr\u01b0\u1eddng Alpha MEM kh\u00f4ng ch\u1ee9a\u00a0Nucleoside l\u00e0 m\u00f4i tr\u01b0\u1eddng c\u01a1 b\u1ea3n t\u1ed1i thi\u1ec3u cho nhi\u1ec1u \u1ee9ng d\u1ee5ng nu\u00f4i c\u1ea5y t\u1ebf b\u00e0o.","robots":{"index":"index","follow":"follow","max-snippet":"max-snippet:-1","max-image-preview":"max-image-preview:large","max-video-preview":"max-video-preview:-1"},"canonical":"https:\/\/biogroupvietnam.com\/vi\/san-pham\/moi-truong-alpha-mem\/","og_locale":"vi_VN","og_type":"article","og_title":"M\u00f4i Tr\u01b0\u1eddng Alpha MEM Kh\u00f4ng Ch\u1ee9a Nucleosides","og_description":"M\u00f4i tr\u01b0\u1eddng Alpha MEM kh\u00f4ng ch\u1ee9a\u00a0Nucleoside l\u00e0 m\u00f4i tr\u01b0\u1eddng c\u01a1 b\u1ea3n t\u1ed1i thi\u1ec3u cho nhi\u1ec1u \u1ee9ng d\u1ee5ng nu\u00f4i c\u1ea5y t\u1ebf b\u00e0o.","og_url":"https:\/\/biogroupvietnam.com\/vi\/san-pham\/moi-truong-alpha-mem\/","og_site_name":"Biogroup Vietnam","article_modified_time":"2026-04-03T10:26:50+00:00","og_image":[{"width":1640,"height":1260,"url":"https:\/\/biogroupvietnam.com\/wp-content\/uploads\/2025\/08\/moi-truong-alpha-mem-khong-chua-nucleosides.jpg","type":"image\/jpeg"}],"twitter_card":"summary_large_image","twitter_misc":{"\u01af\u1edbc t\u00ednh th\u1eddi gian \u0111\u1ecdc":"2 ph\u00fat"},"schema":{"@context":"https:\/\/schema.org","@graph":[{"@type":"WebPage","@id":"https:\/\/biogroupvietnam.com\/vi\/san-pham\/moi-truong-alpha-mem\/","url":"https:\/\/biogroupvietnam.com\/vi\/san-pham\/moi-truong-alpha-mem\/","name":"M\u00f4i Tr\u01b0\u1eddng Alpha MEM Kh\u00f4ng Ch\u1ee9a Nucleosides","isPartOf":{"@id":"https:\/\/biogroupvietnam.com\/vi\/#website"},"primaryImageOfPage":{"@id":"https:\/\/biogroupvietnam.com\/vi\/san-pham\/moi-truong-alpha-mem\/#primaryimage"},"image":{"@id":"https:\/\/biogroupvietnam.com\/vi\/san-pham\/moi-truong-alpha-mem\/#primaryimage"},"thumbnailUrl":"https:\/\/biogroupvietnam.com\/wp-content\/uploads\/2025\/08\/moi-truong-alpha-mem-khong-chua-nucleosides.jpg","datePublished":"2025-08-18T12:53:46+00:00","dateModified":"2026-04-03T10:26:50+00:00","description":"M\u00f4i tr\u01b0\u1eddng Alpha MEM kh\u00f4ng ch\u1ee9a\u00a0Nucleoside l\u00e0 m\u00f4i tr\u01b0\u1eddng c\u01a1 b\u1ea3n t\u1ed1i thi\u1ec3u cho nhi\u1ec1u \u1ee9ng d\u1ee5ng nu\u00f4i c\u1ea5y t\u1ebf b\u00e0o.","breadcrumb":{"@id":"https:\/\/biogroupvietnam.com\/vi\/san-pham\/moi-truong-alpha-mem\/#breadcrumb"},"inLanguage":"vi","potentialAction":[{"@type":"ReadAction","target":["https:\/\/biogroupvietnam.com\/vi\/san-pham\/moi-truong-alpha-mem\/"]}]},{"@type":"ImageObject","inLanguage":"vi","@id":"https:\/\/biogroupvietnam.com\/vi\/san-pham\/moi-truong-alpha-mem\/#primaryimage","url":"https:\/\/biogroupvietnam.com\/wp-content\/uploads\/2025\/08\/moi-truong-alpha-mem-khong-chua-nucleosides.jpg","contentUrl":"https:\/\/biogroupvietnam.com\/wp-content\/uploads\/2025\/08\/moi-truong-alpha-mem-khong-chua-nucleosides.jpg","width":1640,"height":1260,"caption":"M\u00f4i Tr\u01b0\u1eddng Alpha MEM Kh\u00f4ng Ch\u1ee9a Nucleosides"},{"@type":"BreadcrumbList","@id":"https:\/\/biogroupvietnam.com\/vi\/san-pham\/moi-truong-alpha-mem\/#breadcrumb","itemListElement":[{"@type":"ListItem","position":1,"name":"Trang ch\u1ee7","item":"https:\/\/biogroupvietnam.com\/vi\/"},{"@type":"ListItem","position":2,"name":"S\u1ea3n ph\u1ea9m","item":"https:\/\/biogroupvietnam.com\/vi\/san-pham\/"},{"@type":"ListItem","position":3,"name":"R&amp;D Sinh H\u1ecdc","item":"https:\/\/biogroupvietnam.com\/vi\/danh-muc-san-pham\/rd-sinh-hoc\/"},{"@type":"ListItem","position":4,"name":"M\u00f4i Tr\u01b0\u1eddng Nu\u00f4i C\u1ea5y T\u1ebf B\u00e0o","item":"https:\/\/biogroupvietnam.com\/vi\/danh-muc-san-pham\/moi-truong-nuoi-cay-te-bao\/"},{"@type":"ListItem","position":5,"name":"M\u00f4i Tr\u01b0\u1eddng Alpha MEM Kh\u00f4ng Ch\u1ee9a Nucleosides"}]},{"@type":"WebSite","@id":"https:\/\/biogroupvietnam.com\/vi\/#website","url":"https:\/\/biogroupvietnam.com\/vi\/","name":"Biogroup Vietnam","description":"Biogroup Vietnam cung c\u1ea5p d\u1ecbch v\u1ee5 k\u1ef9 thu\u1eadt c\u00f9ng thi\u1ebft b\u1ecb, v\u1eadt t\u01b0, h\u00f3a ch\u1ea5t v\u00e0 gi\u1ea3i ph\u00e1p sinh h\u1ecdc cho ph\u00f2ng th\u00ed nghi\u1ec7m c\u00f4ng ngh\u1ec7 sinh h\u1ecdc, y sinh v\u00e0 y h\u1ecdc t\u00e1i t\u1ea1o.","potentialAction":[{"@type":"SearchAction","target":{"@type":"EntryPoint","urlTemplate":"https:\/\/biogroupvietnam.com\/vi\/?s={search_term_string}"},"query-input":{"@type":"PropertyValueSpecification","valueRequired":true,"valueName":"search_term_string"}}],"inLanguage":"vi"}]}},"_links":{"self":[{"href":"https:\/\/biogroupvietnam.com\/vi\/wp-json\/wp\/v2\/product\/3837","targetHints":{"allow":["GET"]}}],"collection":[{"href":"https:\/\/biogroupvietnam.com\/vi\/wp-json\/wp\/v2\/product"}],"about":[{"href":"https:\/\/biogroupvietnam.com\/vi\/wp-json\/wp\/v2\/types\/product"}],"replies":[{"embeddable":true,"href":"https:\/\/biogroupvietnam.com\/vi\/wp-json\/wp\/v2\/comments?post=3837"}],"version-history":[{"count":5,"href":"https:\/\/biogroupvietnam.com\/vi\/wp-json\/wp\/v2\/product\/3837\/revisions"}],"predecessor-version":[{"id":10191,"href":"https:\/\/biogroupvietnam.com\/vi\/wp-json\/wp\/v2\/product\/3837\/revisions\/10191"}],"wp:featuredmedia":[{"embeddable":true,"href":"https:\/\/biogroupvietnam.com\/vi\/wp-json\/wp\/v2\/media\/10189"}],"wp:attachment":[{"href":"https:\/\/biogroupvietnam.com\/vi\/wp-json\/wp\/v2\/media?parent=3837"}],"wp:term":[{"taxonomy":"product_brand","embeddable":true,"href":"https:\/\/biogroupvietnam.com\/vi\/wp-json\/wp\/v2\/product_brand?post=3837"},{"taxonomy":"product_cat","embeddable":true,"href":"https:\/\/biogroupvietnam.com\/vi\/wp-json\/wp\/v2\/product_cat?post=3837"},{"taxonomy":"product_tag","embeddable":true,"href":"https:\/\/biogroupvietnam.com\/vi\/wp-json\/wp\/v2\/product_tag?post=3837"}],"curies":[{"name":"wp","href":"https:\/\/api.w.org\/{rel}","templated":true}]}}