{"id":3838,"date":"2025-08-18T19:53:47","date_gmt":"2025-08-18T12:53:47","guid":{"rendered":"http:\/\/biogroupvietnam-worldpress.local\/product\/import-placeholder-for-140\/"},"modified":"2026-04-03T17:08:35","modified_gmt":"2026-04-03T10:08:35","slug":"dnase-i-solution-1-mg-ml","status":"publish","type":"product","link":"https:\/\/biogroupvietnam.com\/vi\/san-pham\/dnase-i-solution-1-mg-ml\/","title":{"rendered":"Dung d\u1ecbch DNase I (1mg\/mL)"},"content":{"rendered":"<h2>Dung d\u1ecbch ph\u00e2n t\u00e1ch t\u1ebf b\u00e0o<\/h2>\n<h3><strong>T\u1ed5ng quan dung d\u1ecbch DNase I<\/strong><\/h3>\n<p>Dung d\u1ecbch Deoxyribonuclease (DNase) I (n\u1ed3ng \u0111\u1ed9 1 mg\/mL) \u0111\u01b0\u1ee3c s\u1eed d\u1ee5ng \u0111\u1ec3 l\u00e0m gi\u1ea3m ho\u1eb7c ng\u0103n ch\u1eb7n s\u1ef1 k\u1ebft t\u1ee5 c\u1ee7a t\u1ebf b\u00e0o huy\u1ec1n ph\u00f9 \u0111\u01b0\u1ee3c c\u00f4 \u0111\u1eb7c v\u00e0\/ho\u1eb7c b\u1ea3o qu\u1ea3n l\u1ea1nh sau khi r\u00e3 \u0111\u00f4ng.<\/p>\n<p>N\u1ed3ng \u0111\u1ed9 ho\u1ea1t \u0111\u1ed9ng \u2265 2000 \u0111\u01a1n v\u1ecb ho\u1ea1t t\u00ednh tr\u00ean 1 mg protein.<\/p>\n<p><i>(V\u1edbi m\u1ed7i \u0111\u01a1n v\u1ecb ho\u1ea1t t\u00ednh \u0111\u01b0\u1ee3c t\u00ednh d\u1ef1a tr\u00ean l\u01b0\u1ee3ng DNase I \u0111\u01b0\u1ee3c d\u00f9ng \u0111\u1ec3 t\u00e1c \u0111\u1ed9ng l\u00ean 1 mg\/mL DNA (\u1edf pH 5.0, 25\u00b0C) \u0111\u1ec3 cho \u0111\u1ed9 h\u1ea5p th\u1ee5 0.001 m\u1ed7i ph\u00fat \u1edf b\u01b0\u1edbc s\u00f3ng 260 nm)<\/i><\/p>\n<h3><strong>Th\u00e0nh ph\u1ea7n c\u1ee7a dung d\u1ecbch DNase I:<\/strong><\/h3>\n<p>Dung d\u1ecbch DNase I ch\u1ee9a:<\/p>\n<ul>\n<li>Enzyme Bovine pancreatic deoxyribonuclease I (1 mg\/mL)<\/li>\n<li>Dung d\u1ecbch \u0111\u1ec7m <a href=\"https:\/\/biogroupvietnam.com\/vi\/products\/nuoi-cay-te-bao\/tang-sinh-te-bao-msc\/dung-dich-pbs.html\">Phosphate-buffered saline<\/a><\/li>\n<\/ul>\n<h3><strong>B\u1ea3o qu\u1ea3n v\u00e0 l\u01b0u tr\u1eef:<\/strong><\/h3>\n<ul>\n<li>B\u1ea3o qu\u1ea3n \u1edf -20oC.<\/li>\n<li>Ng\u00e0y h\u1ebft h\u1ea1n \u0111\u01b0\u1ee3c ghi tr\u00ean nh\u00e3n.<\/li>\n<\/ul>\n<h3><strong>\u1ee8ng d\u1ee5ng c\u1ee7a\u00a0dung d\u1ecbch DNase I:<\/strong><\/h3>\n<p>\u0110\u01b0\u1ee3c thi\u1ebft k\u1ebf \u0111\u1ec3 s\u1eed d\u1ee5ng cho vi\u1ec7c ph\u00e2n l\u1eadp t\u1ebf b\u00e0o v\u00e0 m\u00f4 trong c\u00e1c l\u0129nh v\u1ef1c nghi\u00ean c\u1ee9u t\u1ebf b\u00e0o B, t\u1ebf b\u00e0o \u0111u\u00f4i gai, b\u1ea1ch c\u1ea7u h\u1ea1t, t\u1ebf b\u00e0o lympho, bi\u1ec3u m\u00f4 tuy\u1ebfn v\u00fa, b\u1ea1ch c\u1ea7u \u0111\u01a1n nh\u00e2n, t\u1ebf b\u00e0o t\u1ee7y, t\u1ebf b\u00e0o gi\u1ebft t\u1ef1 nhi\u00ean NK, t\u1ebf b\u00e0o bi\u1ec3u m\u00f4 tuy\u1ebfn ti\u1ec1n li\u1ec7t, t\u1ebf b\u00e0o T, ph\u00e2n t\u00edch HLA, ph\u00e2n t\u00edch Chimerism.<\/p>\n<h3><strong>Th\u00f4ng tin \u0111\u1eb7t h\u00e0ng<\/strong><\/h3>\n<p>Dung d\u1ecbch ph\u00e2n t\u00e1ch t\u1ebf b\u00e0o DNase I Solution bao g\u1ed3m:<\/p>\n<p>Catalog #07900: 1 mL<\/p>\n<p>Catalog #100-0762: 10 x 1 mL<\/p>\n","protected":false},"excerpt":{"rendered":"<p>Dung d\u1ecbch ph\u00e2n t\u00e1ch t\u1ebf b\u00e0o T\u1ed5ng quan dung d\u1ecbch DNase I Dung d\u1ecbch Deoxyribonuclease (DNase) I (n\u1ed3ng \u0111\u1ed9 1 mg\/mL) \u0111\u01b0\u1ee3c s\u1eed d\u1ee5ng \u0111\u1ec3 l\u00e0m gi\u1ea3m ho\u1eb7c ng\u0103n ch\u1eb7n s\u1ef1 k\u1ebft t\u1ee5 c\u1ee7a t\u1ebf b\u00e0o huy\u1ec1n ph\u00f9 \u0111\u01b0\u1ee3c c\u00f4 \u0111\u1eb7c v\u00e0\/ho\u1eb7c b\u1ea3o qu\u1ea3n l\u1ea1nh sau khi r\u00e3 \u0111\u00f4ng. N\u1ed3ng \u0111\u1ed9 ho\u1ea1t \u0111\u1ed9ng \u2265 2000<\/p>\n<div class=\"klb-readmore post-buttons\"><a class=\"button rounded primary\" href=\"https:\/\/biogroupvietnam.com\/vi\/san-pham\/dnase-i-solution-1-mg-ml\/\">Read More <i class=\"klbth-icon-right-arrow\"><\/i><\/a><\/div>\n","protected":false},"featured_media":10187,"comment_status":"closed","ping_status":"closed","template":"","meta":{"_acf_changed":false},"product_brand":[127],"product_cat":[115],"product_tag":[],"class_list":{"0":"post-3838","1":"product","2":"type-product","3":"status-publish","4":"has-post-thumbnail","6":"product_brand-stemcell-technologies","7":"product_cat-phan-lap-te-bao","9":"first","10":"outofstock","11":"shipping-taxable","12":"product-type-simple"},"acf":[],"yoast_head":"<!-- This site is optimized with the Yoast SEO plugin v26.8 - https:\/\/yoast.com\/product\/yoast-seo-wordpress\/ -->\n<title>Dung d\u1ecbch DNase I (1mg\/mL)<\/title>\n<meta name=\"description\" content=\"Dung d\u1ecbch Deoxyribonuclease (DNase) I d\u00f9ng \u0111\u1ec3 l\u00e0m gi\u1ea3m ho\u1eb7c ng\u0103n ch\u1eb7n s\u1ef1 k\u1ebft t\u1ee5 c\u1ee7a t\u1ebf b\u00e0o huy\u1ec1n ph\u00f9 \u0111\u01b0\u1ee3c c\u00f4 \u0111\u1eb7c v\u00e0\/ho\u1eb7c b\u1ea3o qu\u1ea3n l\u1ea1nh sau khi r\u00e3 \u0111\u00f4ng.\" \/>\n<meta name=\"robots\" content=\"index, follow, max-snippet:-1, max-image-preview:large, max-video-preview:-1\" \/>\n<link rel=\"canonical\" href=\"https:\/\/biogroupvietnam.com\/vi\/san-pham\/dnase-i-solution-1-mg-ml\/\" \/>\n<meta property=\"og:locale\" content=\"vi_VN\" \/>\n<meta property=\"og:type\" content=\"article\" \/>\n<meta property=\"og:title\" content=\"Dung d\u1ecbch DNase I (1mg\/mL)\" \/>\n<meta property=\"og:description\" content=\"Dung d\u1ecbch Deoxyribonuclease (DNase) I d\u00f9ng \u0111\u1ec3 l\u00e0m gi\u1ea3m ho\u1eb7c ng\u0103n ch\u1eb7n s\u1ef1 k\u1ebft t\u1ee5 c\u1ee7a t\u1ebf b\u00e0o huy\u1ec1n ph\u00f9 \u0111\u01b0\u1ee3c c\u00f4 \u0111\u1eb7c v\u00e0\/ho\u1eb7c b\u1ea3o qu\u1ea3n l\u1ea1nh sau khi r\u00e3 \u0111\u00f4ng.\" \/>\n<meta property=\"og:url\" content=\"https:\/\/biogroupvietnam.com\/vi\/san-pham\/dnase-i-solution-1-mg-ml\/\" \/>\n<meta property=\"og:site_name\" content=\"Biogroup Vietnam\" \/>\n<meta property=\"article:modified_time\" content=\"2026-04-03T10:08:35+00:00\" \/>\n<meta property=\"og:image\" content=\"https:\/\/biogroupvietnam.com\/wp-content\/uploads\/2025\/08\/dung-dich-dnase-i-1mg-ml.jpg\" \/>\n\t<meta property=\"og:image:width\" content=\"1640\" \/>\n\t<meta property=\"og:image:height\" content=\"1260\" \/>\n\t<meta property=\"og:image:type\" content=\"image\/jpeg\" \/>\n<meta name=\"twitter:card\" content=\"summary_large_image\" \/>\n<meta name=\"twitter:label1\" content=\"\u01af\u1edbc t\u00ednh th\u1eddi gian \u0111\u1ecdc\" \/>\n\t<meta name=\"twitter:data1\" content=\"2 ph\u00fat\" \/>\n<script type=\"application\/ld+json\" class=\"yoast-schema-graph\">{\"@context\":\"https:\/\/schema.org\",\"@graph\":[{\"@type\":\"WebPage\",\"@id\":\"https:\/\/biogroupvietnam.com\/vi\/san-pham\/dnase-i-solution-1-mg-ml\/\",\"url\":\"https:\/\/biogroupvietnam.com\/vi\/san-pham\/dnase-i-solution-1-mg-ml\/\",\"name\":\"Dung d\u1ecbch DNase I (1mg\/mL)\",\"isPartOf\":{\"@id\":\"https:\/\/biogroupvietnam.com\/vi\/#website\"},\"primaryImageOfPage\":{\"@id\":\"https:\/\/biogroupvietnam.com\/vi\/san-pham\/dnase-i-solution-1-mg-ml\/#primaryimage\"},\"image\":{\"@id\":\"https:\/\/biogroupvietnam.com\/vi\/san-pham\/dnase-i-solution-1-mg-ml\/#primaryimage\"},\"thumbnailUrl\":\"https:\/\/biogroupvietnam.com\/wp-content\/uploads\/2025\/08\/dung-dich-dnase-i-1mg-ml.jpg\",\"datePublished\":\"2025-08-18T12:53:47+00:00\",\"dateModified\":\"2026-04-03T10:08:35+00:00\",\"description\":\"Dung d\u1ecbch Deoxyribonuclease (DNase) I d\u00f9ng \u0111\u1ec3 l\u00e0m gi\u1ea3m ho\u1eb7c ng\u0103n ch\u1eb7n s\u1ef1 k\u1ebft t\u1ee5 c\u1ee7a t\u1ebf b\u00e0o huy\u1ec1n ph\u00f9 \u0111\u01b0\u1ee3c c\u00f4 \u0111\u1eb7c v\u00e0\/ho\u1eb7c b\u1ea3o qu\u1ea3n l\u1ea1nh sau khi r\u00e3 \u0111\u00f4ng.\",\"breadcrumb\":{\"@id\":\"https:\/\/biogroupvietnam.com\/vi\/san-pham\/dnase-i-solution-1-mg-ml\/#breadcrumb\"},\"inLanguage\":\"vi\",\"potentialAction\":[{\"@type\":\"ReadAction\",\"target\":[\"https:\/\/biogroupvietnam.com\/vi\/san-pham\/dnase-i-solution-1-mg-ml\/\"]}]},{\"@type\":\"ImageObject\",\"inLanguage\":\"vi\",\"@id\":\"https:\/\/biogroupvietnam.com\/vi\/san-pham\/dnase-i-solution-1-mg-ml\/#primaryimage\",\"url\":\"https:\/\/biogroupvietnam.com\/wp-content\/uploads\/2025\/08\/dung-dich-dnase-i-1mg-ml.jpg\",\"contentUrl\":\"https:\/\/biogroupvietnam.com\/wp-content\/uploads\/2025\/08\/dung-dich-dnase-i-1mg-ml.jpg\",\"width\":1640,\"height\":1260,\"caption\":\"Dung d\u1ecbch DNase I (1mg\/mL)\"},{\"@type\":\"BreadcrumbList\",\"@id\":\"https:\/\/biogroupvietnam.com\/vi\/san-pham\/dnase-i-solution-1-mg-ml\/#breadcrumb\",\"itemListElement\":[{\"@type\":\"ListItem\",\"position\":1,\"name\":\"Trang ch\u1ee7\",\"item\":\"https:\/\/biogroupvietnam.com\/vi\/\"},{\"@type\":\"ListItem\",\"position\":2,\"name\":\"S\u1ea3n ph\u1ea9m\",\"item\":\"https:\/\/biogroupvietnam.com\/vi\/san-pham\/\"},{\"@type\":\"ListItem\",\"position\":3,\"name\":\"X\u1eed L\u00fd T\u1ebf B\u00e0o\",\"item\":\"https:\/\/biogroupvietnam.com\/vi\/danh-muc-san-pham\/xu-ly-te-bao\/\"},{\"@type\":\"ListItem\",\"position\":4,\"name\":\"Ph\u00e2n L\u1eadp T\u1ebf B\u00e0o\",\"item\":\"https:\/\/biogroupvietnam.com\/vi\/danh-muc-san-pham\/phan-lap-te-bao\/\"},{\"@type\":\"ListItem\",\"position\":5,\"name\":\"Dung d\u1ecbch DNase I (1mg\/mL)\"}]},{\"@type\":\"WebSite\",\"@id\":\"https:\/\/biogroupvietnam.com\/vi\/#website\",\"url\":\"https:\/\/biogroupvietnam.com\/vi\/\",\"name\":\"Biogroup Vietnam\",\"description\":\"Biogroup Vietnam cung c\u1ea5p d\u1ecbch v\u1ee5 k\u1ef9 thu\u1eadt c\u00f9ng thi\u1ebft b\u1ecb, v\u1eadt t\u01b0, h\u00f3a ch\u1ea5t v\u00e0 gi\u1ea3i ph\u00e1p sinh h\u1ecdc cho ph\u00f2ng th\u00ed nghi\u1ec7m c\u00f4ng ngh\u1ec7 sinh h\u1ecdc, y sinh v\u00e0 y h\u1ecdc t\u00e1i t\u1ea1o.\",\"potentialAction\":[{\"@type\":\"SearchAction\",\"target\":{\"@type\":\"EntryPoint\",\"urlTemplate\":\"https:\/\/biogroupvietnam.com\/vi\/?s={search_term_string}\"},\"query-input\":{\"@type\":\"PropertyValueSpecification\",\"valueRequired\":true,\"valueName\":\"search_term_string\"}}],\"inLanguage\":\"vi\"}]}<\/script>\n<!-- \/ Yoast SEO plugin. -->","yoast_head_json":{"title":"Dung d\u1ecbch DNase I (1mg\/mL)","description":"Dung d\u1ecbch Deoxyribonuclease (DNase) I d\u00f9ng \u0111\u1ec3 l\u00e0m gi\u1ea3m ho\u1eb7c ng\u0103n ch\u1eb7n s\u1ef1 k\u1ebft t\u1ee5 c\u1ee7a t\u1ebf b\u00e0o huy\u1ec1n ph\u00f9 \u0111\u01b0\u1ee3c c\u00f4 \u0111\u1eb7c v\u00e0\/ho\u1eb7c b\u1ea3o qu\u1ea3n l\u1ea1nh sau khi r\u00e3 \u0111\u00f4ng.","robots":{"index":"index","follow":"follow","max-snippet":"max-snippet:-1","max-image-preview":"max-image-preview:large","max-video-preview":"max-video-preview:-1"},"canonical":"https:\/\/biogroupvietnam.com\/vi\/san-pham\/dnase-i-solution-1-mg-ml\/","og_locale":"vi_VN","og_type":"article","og_title":"Dung d\u1ecbch DNase I (1mg\/mL)","og_description":"Dung d\u1ecbch Deoxyribonuclease (DNase) I d\u00f9ng \u0111\u1ec3 l\u00e0m gi\u1ea3m ho\u1eb7c ng\u0103n ch\u1eb7n s\u1ef1 k\u1ebft t\u1ee5 c\u1ee7a t\u1ebf b\u00e0o huy\u1ec1n ph\u00f9 \u0111\u01b0\u1ee3c c\u00f4 \u0111\u1eb7c v\u00e0\/ho\u1eb7c b\u1ea3o qu\u1ea3n l\u1ea1nh sau khi r\u00e3 \u0111\u00f4ng.","og_url":"https:\/\/biogroupvietnam.com\/vi\/san-pham\/dnase-i-solution-1-mg-ml\/","og_site_name":"Biogroup Vietnam","article_modified_time":"2026-04-03T10:08:35+00:00","og_image":[{"width":1640,"height":1260,"url":"https:\/\/biogroupvietnam.com\/wp-content\/uploads\/2025\/08\/dung-dich-dnase-i-1mg-ml.jpg","type":"image\/jpeg"}],"twitter_card":"summary_large_image","twitter_misc":{"\u01af\u1edbc t\u00ednh th\u1eddi gian \u0111\u1ecdc":"2 ph\u00fat"},"schema":{"@context":"https:\/\/schema.org","@graph":[{"@type":"WebPage","@id":"https:\/\/biogroupvietnam.com\/vi\/san-pham\/dnase-i-solution-1-mg-ml\/","url":"https:\/\/biogroupvietnam.com\/vi\/san-pham\/dnase-i-solution-1-mg-ml\/","name":"Dung d\u1ecbch DNase I (1mg\/mL)","isPartOf":{"@id":"https:\/\/biogroupvietnam.com\/vi\/#website"},"primaryImageOfPage":{"@id":"https:\/\/biogroupvietnam.com\/vi\/san-pham\/dnase-i-solution-1-mg-ml\/#primaryimage"},"image":{"@id":"https:\/\/biogroupvietnam.com\/vi\/san-pham\/dnase-i-solution-1-mg-ml\/#primaryimage"},"thumbnailUrl":"https:\/\/biogroupvietnam.com\/wp-content\/uploads\/2025\/08\/dung-dich-dnase-i-1mg-ml.jpg","datePublished":"2025-08-18T12:53:47+00:00","dateModified":"2026-04-03T10:08:35+00:00","description":"Dung d\u1ecbch Deoxyribonuclease (DNase) I d\u00f9ng \u0111\u1ec3 l\u00e0m gi\u1ea3m ho\u1eb7c ng\u0103n ch\u1eb7n s\u1ef1 k\u1ebft t\u1ee5 c\u1ee7a t\u1ebf b\u00e0o huy\u1ec1n ph\u00f9 \u0111\u01b0\u1ee3c c\u00f4 \u0111\u1eb7c v\u00e0\/ho\u1eb7c b\u1ea3o qu\u1ea3n l\u1ea1nh sau khi r\u00e3 \u0111\u00f4ng.","breadcrumb":{"@id":"https:\/\/biogroupvietnam.com\/vi\/san-pham\/dnase-i-solution-1-mg-ml\/#breadcrumb"},"inLanguage":"vi","potentialAction":[{"@type":"ReadAction","target":["https:\/\/biogroupvietnam.com\/vi\/san-pham\/dnase-i-solution-1-mg-ml\/"]}]},{"@type":"ImageObject","inLanguage":"vi","@id":"https:\/\/biogroupvietnam.com\/vi\/san-pham\/dnase-i-solution-1-mg-ml\/#primaryimage","url":"https:\/\/biogroupvietnam.com\/wp-content\/uploads\/2025\/08\/dung-dich-dnase-i-1mg-ml.jpg","contentUrl":"https:\/\/biogroupvietnam.com\/wp-content\/uploads\/2025\/08\/dung-dich-dnase-i-1mg-ml.jpg","width":1640,"height":1260,"caption":"Dung d\u1ecbch DNase I (1mg\/mL)"},{"@type":"BreadcrumbList","@id":"https:\/\/biogroupvietnam.com\/vi\/san-pham\/dnase-i-solution-1-mg-ml\/#breadcrumb","itemListElement":[{"@type":"ListItem","position":1,"name":"Trang ch\u1ee7","item":"https:\/\/biogroupvietnam.com\/vi\/"},{"@type":"ListItem","position":2,"name":"S\u1ea3n ph\u1ea9m","item":"https:\/\/biogroupvietnam.com\/vi\/san-pham\/"},{"@type":"ListItem","position":3,"name":"X\u1eed L\u00fd T\u1ebf B\u00e0o","item":"https:\/\/biogroupvietnam.com\/vi\/danh-muc-san-pham\/xu-ly-te-bao\/"},{"@type":"ListItem","position":4,"name":"Ph\u00e2n L\u1eadp T\u1ebf B\u00e0o","item":"https:\/\/biogroupvietnam.com\/vi\/danh-muc-san-pham\/phan-lap-te-bao\/"},{"@type":"ListItem","position":5,"name":"Dung d\u1ecbch DNase I (1mg\/mL)"}]},{"@type":"WebSite","@id":"https:\/\/biogroupvietnam.com\/vi\/#website","url":"https:\/\/biogroupvietnam.com\/vi\/","name":"Biogroup Vietnam","description":"Biogroup Vietnam cung c\u1ea5p d\u1ecbch v\u1ee5 k\u1ef9 thu\u1eadt c\u00f9ng thi\u1ebft b\u1ecb, v\u1eadt t\u01b0, h\u00f3a ch\u1ea5t v\u00e0 gi\u1ea3i ph\u00e1p sinh h\u1ecdc cho ph\u00f2ng th\u00ed nghi\u1ec7m c\u00f4ng ngh\u1ec7 sinh h\u1ecdc, y sinh v\u00e0 y h\u1ecdc t\u00e1i t\u1ea1o.","potentialAction":[{"@type":"SearchAction","target":{"@type":"EntryPoint","urlTemplate":"https:\/\/biogroupvietnam.com\/vi\/?s={search_term_string}"},"query-input":{"@type":"PropertyValueSpecification","valueRequired":true,"valueName":"search_term_string"}}],"inLanguage":"vi"}]}},"_links":{"self":[{"href":"https:\/\/biogroupvietnam.com\/vi\/wp-json\/wp\/v2\/product\/3838","targetHints":{"allow":["GET"]}}],"collection":[{"href":"https:\/\/biogroupvietnam.com\/vi\/wp-json\/wp\/v2\/product"}],"about":[{"href":"https:\/\/biogroupvietnam.com\/vi\/wp-json\/wp\/v2\/types\/product"}],"replies":[{"embeddable":true,"href":"https:\/\/biogroupvietnam.com\/vi\/wp-json\/wp\/v2\/comments?post=3838"}],"version-history":[{"count":3,"href":"https:\/\/biogroupvietnam.com\/vi\/wp-json\/wp\/v2\/product\/3838\/revisions"}],"predecessor-version":[{"id":9795,"href":"https:\/\/biogroupvietnam.com\/vi\/wp-json\/wp\/v2\/product\/3838\/revisions\/9795"}],"wp:featuredmedia":[{"embeddable":true,"href":"https:\/\/biogroupvietnam.com\/vi\/wp-json\/wp\/v2\/media\/10187"}],"wp:attachment":[{"href":"https:\/\/biogroupvietnam.com\/vi\/wp-json\/wp\/v2\/media?parent=3838"}],"wp:term":[{"taxonomy":"product_brand","embeddable":true,"href":"https:\/\/biogroupvietnam.com\/vi\/wp-json\/wp\/v2\/product_brand?post=3838"},{"taxonomy":"product_cat","embeddable":true,"href":"https:\/\/biogroupvietnam.com\/vi\/wp-json\/wp\/v2\/product_cat?post=3838"},{"taxonomy":"product_tag","embeddable":true,"href":"https:\/\/biogroupvietnam.com\/vi\/wp-json\/wp\/v2\/product_tag?post=3838"}],"curies":[{"name":"wp","href":"https:\/\/api.w.org\/{rel}","templated":true}]}}