{"id":3839,"date":"2025-08-18T19:53:47","date_gmt":"2025-08-18T12:53:47","guid":{"rendered":"http:\/\/biogroupvietnam-worldpress.local\/product\/import-placeholder-for-141\/"},"modified":"2026-04-03T16:59:08","modified_gmt":"2026-04-03T09:59:08","slug":"hematox-myeloid-kit","status":"publish","type":"product","link":"https:\/\/biogroupvietnam.com\/vi\/san-pham\/hematox-myeloid-kit\/","title":{"rendered":"HemaTox\u2122 Myeloid Kit"},"content":{"rendered":"<p>HemaTox\u2122 Myeloid Kit l\u00e0 b\u1ed9 m\u00f4i tr\u01b0\u1eddng kh\u00f4ng ch\u1ee9a huy\u1ebft thanh v\u00e0 ch\u1ea5t b\u1ed5 sung \u0111\u1ec3 \u0111o \u0111\u1ed9c t\u00ednh c\u1ee7a thu\u1ed1c tr\u00ean t\u1ebf b\u00e0o d\u00f2ng t\u1ee7y.<\/p>\n<h3><strong>T\u1ed5ng quan v\u1ec1 HemaTox\u2122 Myeloid kit<\/strong><\/h3>\n<p>HemaTox\u2122 Myeloid Kit \u0111\u01b0\u1ee3c nghi\u00ean c\u1ee9u \u0111\u1ec3 \u0111o \u0111\u1ed9c t\u00ednh c\u1ee7a thu\u1ed1c \u0111\u1ed1i v\u1edbi s\u1ef1 t\u0103ng sinh v\u00e0 bi\u1ec7t h\u00f3a d\u00f2ng t\u1ee7y c\u1ee7a t\u1ebf b\u00e0o g\u1ed1c v\u00e0 t\u1ebf b\u00e0o ti\u1ec1n th\u00e2n t\u1ea1o m\u00e1u (HSPC) \u1edf ng\u01b0\u1eddi, nu\u00f4i c\u1ea5y tr\u00ean \u0111\u0129a 96 gi\u1ebfng b\u1eb1ng ph\u01b0\u01a1ng ph\u00e1p nu\u00f4i c\u1ea5y huy\u1ec1n ph\u00f9 (<i>nu\u00f4i c\u1ea5y l\u1ecfng<\/i>).<\/p>\n<p>HemaTox\u2122 Myeloid Kit bao g\u1ed3m m\u00f4i tr\u01b0\u1eddng nu\u00f4i c\u1ea5y kh\u00f4ng ch\u1ee9a huy\u1ebft thanh v\u00e0 ch\u1ea5t b\u1ed5 sung c\u00f4 \u0111\u1eb7c 100X. M\u00f4i tr\u01b0\u1eddng <i>HemaTox\u2122 Myeloid<\/i> ho\u00e0n ch\u1ec9nh (<i>HemaTox\u2122 Myeloid Medium + HemaTox\u2122 Myeloid 100X Supplement<\/i>) th\u00fac \u0111\u1ea9y s\u1ef1 gia t\u0103ng c\u1ee7a t\u1ebf b\u00e0o CD34 + HSPC \u1edf ng\u01b0\u1eddi v\u00e0 s\u1ef1 bi\u1ec7t h\u00f3a c\u1ee7a ch\u00fang th\u00e0nh c\u00e1c t\u1ebf b\u00e0o t\u1ee7y trong th\u1eddi gian nu\u00f4i c\u1ea5y 7 ng\u00e0y. Sau khi nu\u00f4i c\u1ea5y, c\u00e1c t\u1ebf b\u00e0o \u0111\u01b0\u1ee3c \u0111\u1ebfm s\u1ed1 l\u01b0\u1ee3ng v\u00e0 \u0111\u00e1nh gi\u00e1 s\u1ef1 bi\u1ec3u hi\u1ec7n c\u1ee7a c\u00e1c d\u1ea5u hi\u1ec7u d\u00f2ng t\u1ee7y nh\u01b0 CD13, CD14 v\u00e0 CD15 b\u1eb1ng ph\u01b0\u01a1ng ph\u00e1p \u0111o t\u1ebf b\u00e0o d\u00f2ng ch\u1ea3y ho\u1eb7c c\u00e1c ph\u01b0\u01a1ng ph\u00e1p kh\u00e1c.<\/p>\n<p>HemaTox\u2122 Myeloid Kit c\u00f3 th\u1ec3 \u0111\u01b0\u1ee3c s\u1eed d\u1ee5ng ri\u00eang ho\u1eb7c k\u1ebft h\u1ee3p v\u1edbi H<i>emaTox\u2122 Erythroid Kit (Catalog #09701)<\/i> ho\u1eb7c <i>HemaTox\u2122 Megakaryocyte Kit (Catalog #09707)<\/i> \u0111\u1ec3 \u0111\u00e1nh gi\u00e1 song song \u0111\u1ed9c t\u00ednh c\u1ee7a thu\u1ed1c theo d\u00f2ng.<\/p>\n<p>M\u1ed7i b\u1ed9 d\u1ee5ng c\u1ee5 ch\u1ee9a \u0111\u1ee7 m\u00f4i tr\u01b0\u1eddng v\u00e0 ch\u1ea5t b\u1ed5 sung \u0111\u1ec3 th\u1eed nghi\u1ec7m t\u1edbi 160 \u0111i\u1ec1u ki\u1ec7n kh\u00e1c nhau (ba gi\u1ebfng cho m\u1ed7i \u0111i\u1ec1u ki\u1ec7n, 200 \u00b5L m\u1ed7i gi\u1ebfng) trong c\u00e1c \u0111\u0129a 5 x 96 gi\u1ebfng.<\/p>\n<h3><strong>Th\u00e0nh ph\u1ea7n c\u1ee7a\u00a0HemaTox\u2122 Myeloid kit<\/strong><\/h3>\n<ul>\n<li>M\u00f4i tr\u01b0\u1eddng HemaTox\u2122 Myeloid: 100 mL<\/li>\n<li>Ch\u1ea5t b\u1ed5 sung HemaTox\u2122 Myeloid:\u00a0 100X, 1 mL<\/li>\n<\/ul>\n<h3><strong>\u01afu \u0111i\u1ec3m<\/strong><\/h3>\n<ul>\n<li>M\u00f4i tr\u01b0\u1eddng kh\u00f4ng huy\u1ebft thanh<\/li>\n<li>So v\u1edbi vi\u1ec7c s\u1eed d\u1ee5ng x\u00e9t nghi\u1ec7m \u0111\u01a1n v\u1ecb h\u00ecnh th\u00e0nh khu\u1ea9n l\u1ea1c (CFU), x\u00e9t nghi\u1ec7m HemaTox\u2122 d\u1ef1a tr\u00ean nu\u00f4i c\u1ea5y l\u1ecfng linh ho\u1ea1t h\u01a1n: c\u00e1c h\u1ee3p ch\u1ea5t th\u1eed nghi\u1ec7m c\u00f3 th\u1ec3 \u0111\u01b0\u1ee3c th\u00eam v\u00e0o t\u1ea1i c\u00e1c th\u1eddi \u0111i\u1ec3m kh\u00e1c nhau trong su\u1ed1t qu\u00e1 tr\u00ecnh nu\u00f4i c\u1ea5y v\u00e0 \u0111o l\u01b0\u1eddng t\u00e1c \u0111\u1ed9ng c\u1ee7a ch\u00fang \u0111\u1ed1i v\u1edbi c\u00e1c t\u1ebf b\u00e0o ti\u1ec1n th\u00e2n ho\u1eb7c tr\u01b0\u1edfng th\u00e0nh.<\/li>\n<li>HemaTox\u2122 Myeloid Kit th\u00fac \u0111\u1ea9y s\u1ef1 t\u0103ng sinh c\u1ee7a CD34+ HSPC v\u00e0 s\u1ef1 bi\u1ec7t h\u00f3a c\u1ee7a ch\u00fang th\u00e0nh c\u00e1c t\u1ebf b\u00e0o d\u00f2ng t\u1ee7y bi\u1ec3u hi\u1ec7n marker CD13, CD14 v\u00e0 CD15.<\/li>\n<\/ul>\n<h3><strong>B\u1ea3o qu\u1ea3n<\/strong><\/h3>\n<ul>\n<li>Nhi\u1ec7t \u0111\u1ed9 b\u1ea3o qu\u1ea3n: -20oC.<\/li>\n<\/ul>\n<h3><strong>\u1ee8ng d\u1ee5ng<\/strong><\/h3>\n<ul>\n<li>T\u0103ng sinh v\u00e0 bi\u1ec7t h\u00f3a t\u1ebf b\u00e0o CD34+HSPC \u1edf ng\u01b0\u1eddi.<\/li>\n<li>S\u00e0ng l\u1ecdc s\u1ed1 l\u01b0\u1ee3ng l\u1edbn c\u00e1c h\u1ee3p ch\u1ea5t c\u1ee7a thu\u1ed1c m\u1edbi t\u00e1c \u0111\u1ed9ng l\u00ean qu\u00e1 tr\u00ecnh t\u0103ng sinh v\u00e0 bi\u1ec7t h\u00f3a th\u00e0nh t\u1ebf b\u00e0o d\u00f2ng t\u1ee7y c\u1ee7a t\u1ebf b\u00e0o g\u1ed1c v\u00e0 t\u1ebf b\u00e0o ti\u1ec1n th\u00e2n t\u1ea1o m\u00e1u \u1edf ng\u01b0\u1eddi (HSPC).<\/li>\n<\/ul>\n<h3><strong>Th\u00f4ng tin \u0111\u1eb7t h\u00e0ng<\/strong><\/h3>\n<p>M\u00f4i tr\u01b0\u1eddng HemaTox\u2122 Myeloid Kit (Catalog #09704) bao g\u1ed3m:<\/p>\n<ul>\n<li>M\u00f4i tr\u01b0\u1eddng HemaTox \u2122 Myeloid (Catalog #09705): 100 mL<\/li>\n<li>Ch\u1ea5t b\u1ed5 sung 100X HemaTox \u2122 Myeloi (Catalog #09706): 1 mL<\/li>\n<\/ul>\n<p><i>L\u01b0u \u00fd: V\u1eadt li\u1ec7u b\u1eaft bu\u1ed9c nh\u01b0ng kh\u00f4ng k\u00e8m theo s\u1ea3n ph\u1ea9m:<\/i><\/p>\n<p><i>1. \u0110\u0129a 96 gi\u1ebfng \u0111\u00e1y ph\u1eb3ng: Catalog #38022<\/i><\/p>\n<p><i>2. \u0110\u0129a nu\u00f4i c\u1ea5y m\u00f4 h\u00ecnh vu\u00f4ng \u0111\u00e3 x\u1eed l\u00fd (245 mm x 245 mm): Catalog #27140<\/i><\/p>\n<p><i>3. \u0110\u0129a nu\u00f4i c\u1ea5y 35mm: Catalog #27100<\/i><\/p>\n<p><i>4. Dung m\u00f4i cho (c\u00e1c) h\u1ee3p ch\u1ea5t th\u1eed nghi\u1ec7m, v\u00ed d\u1ee5 \u0111imetyl sulfoxit (DMSO).<\/i><\/p>\n<p><i>5. 10% Albumin huy\u1ebft thanh b\u00f2 (BSA) trong Iscove\u2019s MDM: Catalog # 09300<\/i><\/p>\n<p><i>6. Iscove\u2019s Modified Dulbecco\u2019s Medium (IMDM: Catalog # 36150<\/i><\/p>\n<p><i>7. Trypan Blue: Catalog # 07050<\/i><\/p>\n","protected":false},"excerpt":{"rendered":"<p>HemaTox\u2122 Myeloid Kit l\u00e0 b\u1ed9 m\u00f4i tr\u01b0\u1eddng kh\u00f4ng ch\u1ee9a huy\u1ebft thanh v\u00e0 ch\u1ea5t b\u1ed5 sung \u0111\u1ec3 \u0111o \u0111\u1ed9c t\u00ednh c\u1ee7a thu\u1ed1c tr\u00ean t\u1ebf b\u00e0o d\u00f2ng t\u1ee7y. T\u1ed5ng quan v\u1ec1 HemaTox\u2122 Myeloid kit HemaTox\u2122 Myeloid Kit \u0111\u01b0\u1ee3c nghi\u00ean c\u1ee9u \u0111\u1ec3 \u0111o \u0111\u1ed9c t\u00ednh c\u1ee7a thu\u1ed1c \u0111\u1ed1i v\u1edbi s\u1ef1 t\u0103ng sinh v\u00e0 bi\u1ec7t h\u00f3a d\u00f2ng t\u1ee7y c\u1ee7a<\/p>\n<div class=\"klb-readmore post-buttons\"><a class=\"button rounded primary\" href=\"https:\/\/biogroupvietnam.com\/vi\/san-pham\/hematox-myeloid-kit\/\">Read More <i class=\"klbth-icon-right-arrow\"><\/i><\/a><\/div>\n","protected":false},"featured_media":10186,"comment_status":"closed","ping_status":"closed","template":"","meta":{"_acf_changed":false},"product_brand":[127],"product_cat":[92],"product_tag":[],"class_list":{"0":"post-3839","1":"product","2":"type-product","3":"status-publish","4":"has-post-thumbnail","6":"product_brand-stemcell-technologies","7":"product_cat-te-bao-goc-tao-mau-hsc","9":"first","10":"outofstock","11":"shipping-taxable","12":"product-type-simple"},"acf":[],"yoast_head":"<!-- This site is optimized with the Yoast SEO plugin v26.8 - https:\/\/yoast.com\/product\/yoast-seo-wordpress\/ -->\n<title>HemaTox\u2122 Myeloid Kit \u0110o \u0110\u1ed9c T\u00ednh C\u1ee7a Thu\u1ed1c Tr\u00ean T\u1ebf B\u00e0o D\u00f2ng T\u1ee7y<\/title>\n<meta name=\"description\" content=\"HemaTox\u2122 Myeloid kit l\u00e0 b\u1ed9 m\u00f4i tr\u01b0\u1eddng kh\u00f4ng ch\u1ee9a huy\u1ebft thanh v\u00e0 ch\u1ea5t b\u1ed5 sung \u0111\u1ec3 \u0111o \u0111\u1ed9c t\u00ednh c\u1ee7a thu\u1ed1c tr\u00ean t\u1ebf b\u00e0o d\u00f2ng t\u1ee7y.\" \/>\n<meta name=\"robots\" content=\"index, follow, max-snippet:-1, max-image-preview:large, max-video-preview:-1\" \/>\n<link rel=\"canonical\" href=\"https:\/\/biogroupvietnam.com\/vi\/san-pham\/hematox-myeloid-kit\/\" \/>\n<meta property=\"og:locale\" content=\"vi_VN\" \/>\n<meta property=\"og:type\" content=\"article\" \/>\n<meta property=\"og:title\" content=\"HemaTox\u2122 Myeloid Kit \u0110o \u0110\u1ed9c T\u00ednh C\u1ee7a Thu\u1ed1c Tr\u00ean T\u1ebf B\u00e0o D\u00f2ng T\u1ee7y\" \/>\n<meta property=\"og:description\" content=\"HemaTox\u2122 Myeloid kit l\u00e0 b\u1ed9 m\u00f4i tr\u01b0\u1eddng kh\u00f4ng ch\u1ee9a huy\u1ebft thanh v\u00e0 ch\u1ea5t b\u1ed5 sung \u0111\u1ec3 \u0111o \u0111\u1ed9c t\u00ednh c\u1ee7a thu\u1ed1c tr\u00ean t\u1ebf b\u00e0o d\u00f2ng t\u1ee7y.\" \/>\n<meta property=\"og:url\" content=\"https:\/\/biogroupvietnam.com\/vi\/san-pham\/hematox-myeloid-kit\/\" \/>\n<meta property=\"og:site_name\" content=\"Biogroup Vietnam\" \/>\n<meta property=\"article:modified_time\" content=\"2026-04-03T09:59:08+00:00\" \/>\n<meta property=\"og:image\" content=\"https:\/\/biogroupvietnam.com\/wp-content\/uploads\/2025\/08\/hematox-myeloid-kit-2.jpg\" \/>\n\t<meta property=\"og:image:width\" content=\"1640\" \/>\n\t<meta property=\"og:image:height\" content=\"1260\" \/>\n\t<meta property=\"og:image:type\" content=\"image\/jpeg\" \/>\n<meta name=\"twitter:card\" content=\"summary_large_image\" \/>\n<meta name=\"twitter:label1\" content=\"\u01af\u1edbc t\u00ednh th\u1eddi gian \u0111\u1ecdc\" \/>\n\t<meta name=\"twitter:data1\" content=\"4 ph\u00fat\" \/>\n<script type=\"application\/ld+json\" class=\"yoast-schema-graph\">{\"@context\":\"https:\/\/schema.org\",\"@graph\":[{\"@type\":\"WebPage\",\"@id\":\"https:\/\/biogroupvietnam.com\/vi\/san-pham\/hematox-myeloid-kit\/\",\"url\":\"https:\/\/biogroupvietnam.com\/vi\/san-pham\/hematox-myeloid-kit\/\",\"name\":\"HemaTox\u2122 Myeloid Kit \u0110o \u0110\u1ed9c T\u00ednh C\u1ee7a Thu\u1ed1c Tr\u00ean T\u1ebf B\u00e0o D\u00f2ng T\u1ee7y\",\"isPartOf\":{\"@id\":\"https:\/\/biogroupvietnam.com\/vi\/#website\"},\"primaryImageOfPage\":{\"@id\":\"https:\/\/biogroupvietnam.com\/vi\/san-pham\/hematox-myeloid-kit\/#primaryimage\"},\"image\":{\"@id\":\"https:\/\/biogroupvietnam.com\/vi\/san-pham\/hematox-myeloid-kit\/#primaryimage\"},\"thumbnailUrl\":\"https:\/\/biogroupvietnam.com\/wp-content\/uploads\/2025\/08\/hematox-myeloid-kit-2.jpg\",\"datePublished\":\"2025-08-18T12:53:47+00:00\",\"dateModified\":\"2026-04-03T09:59:08+00:00\",\"description\":\"HemaTox\u2122 Myeloid kit l\u00e0 b\u1ed9 m\u00f4i tr\u01b0\u1eddng kh\u00f4ng ch\u1ee9a huy\u1ebft thanh v\u00e0 ch\u1ea5t b\u1ed5 sung \u0111\u1ec3 \u0111o \u0111\u1ed9c t\u00ednh c\u1ee7a thu\u1ed1c tr\u00ean t\u1ebf b\u00e0o d\u00f2ng t\u1ee7y.\",\"breadcrumb\":{\"@id\":\"https:\/\/biogroupvietnam.com\/vi\/san-pham\/hematox-myeloid-kit\/#breadcrumb\"},\"inLanguage\":\"vi\",\"potentialAction\":[{\"@type\":\"ReadAction\",\"target\":[\"https:\/\/biogroupvietnam.com\/vi\/san-pham\/hematox-myeloid-kit\/\"]}]},{\"@type\":\"ImageObject\",\"inLanguage\":\"vi\",\"@id\":\"https:\/\/biogroupvietnam.com\/vi\/san-pham\/hematox-myeloid-kit\/#primaryimage\",\"url\":\"https:\/\/biogroupvietnam.com\/wp-content\/uploads\/2025\/08\/hematox-myeloid-kit-2.jpg\",\"contentUrl\":\"https:\/\/biogroupvietnam.com\/wp-content\/uploads\/2025\/08\/hematox-myeloid-kit-2.jpg\",\"width\":1640,\"height\":1260,\"caption\":\"HemaTox\u2122 Myeloid Kit\"},{\"@type\":\"BreadcrumbList\",\"@id\":\"https:\/\/biogroupvietnam.com\/vi\/san-pham\/hematox-myeloid-kit\/#breadcrumb\",\"itemListElement\":[{\"@type\":\"ListItem\",\"position\":1,\"name\":\"Trang ch\u1ee7\",\"item\":\"https:\/\/biogroupvietnam.com\/vi\/\"},{\"@type\":\"ListItem\",\"position\":2,\"name\":\"S\u1ea3n ph\u1ea9m\",\"item\":\"https:\/\/biogroupvietnam.com\/vi\/san-pham\/\"},{\"@type\":\"ListItem\",\"position\":3,\"name\":\"Nu\u00f4i C\u1ea5y T\u1ebf B\u00e0o\",\"item\":\"https:\/\/biogroupvietnam.com\/vi\/danh-muc-san-pham\/nuoi-cay-te-bao\/\"},{\"@type\":\"ListItem\",\"position\":4,\"name\":\"T\u1ebf B\u00e0o G\u1ed1c T\u1ea1o M\u00e1u (HSC)\",\"item\":\"https:\/\/biogroupvietnam.com\/vi\/danh-muc-san-pham\/te-bao-goc-tao-mau-hsc\/\"},{\"@type\":\"ListItem\",\"position\":5,\"name\":\"HemaTox\u2122 Myeloid Kit\"}]},{\"@type\":\"WebSite\",\"@id\":\"https:\/\/biogroupvietnam.com\/vi\/#website\",\"url\":\"https:\/\/biogroupvietnam.com\/vi\/\",\"name\":\"Biogroup Vietnam\",\"description\":\"Biogroup Vietnam cung c\u1ea5p d\u1ecbch v\u1ee5 k\u1ef9 thu\u1eadt c\u00f9ng thi\u1ebft b\u1ecb, v\u1eadt t\u01b0, h\u00f3a ch\u1ea5t v\u00e0 gi\u1ea3i ph\u00e1p sinh h\u1ecdc cho ph\u00f2ng th\u00ed nghi\u1ec7m c\u00f4ng ngh\u1ec7 sinh h\u1ecdc, y sinh v\u00e0 y h\u1ecdc t\u00e1i t\u1ea1o.\",\"potentialAction\":[{\"@type\":\"SearchAction\",\"target\":{\"@type\":\"EntryPoint\",\"urlTemplate\":\"https:\/\/biogroupvietnam.com\/vi\/?s={search_term_string}\"},\"query-input\":{\"@type\":\"PropertyValueSpecification\",\"valueRequired\":true,\"valueName\":\"search_term_string\"}}],\"inLanguage\":\"vi\"}]}<\/script>\n<!-- \/ Yoast SEO plugin. -->","yoast_head_json":{"title":"HemaTox\u2122 Myeloid Kit \u0110o \u0110\u1ed9c T\u00ednh C\u1ee7a Thu\u1ed1c Tr\u00ean T\u1ebf B\u00e0o D\u00f2ng T\u1ee7y","description":"HemaTox\u2122 Myeloid kit l\u00e0 b\u1ed9 m\u00f4i tr\u01b0\u1eddng kh\u00f4ng ch\u1ee9a huy\u1ebft thanh v\u00e0 ch\u1ea5t b\u1ed5 sung \u0111\u1ec3 \u0111o \u0111\u1ed9c t\u00ednh c\u1ee7a thu\u1ed1c tr\u00ean t\u1ebf b\u00e0o d\u00f2ng t\u1ee7y.","robots":{"index":"index","follow":"follow","max-snippet":"max-snippet:-1","max-image-preview":"max-image-preview:large","max-video-preview":"max-video-preview:-1"},"canonical":"https:\/\/biogroupvietnam.com\/vi\/san-pham\/hematox-myeloid-kit\/","og_locale":"vi_VN","og_type":"article","og_title":"HemaTox\u2122 Myeloid Kit \u0110o \u0110\u1ed9c T\u00ednh C\u1ee7a Thu\u1ed1c Tr\u00ean T\u1ebf B\u00e0o D\u00f2ng T\u1ee7y","og_description":"HemaTox\u2122 Myeloid kit l\u00e0 b\u1ed9 m\u00f4i tr\u01b0\u1eddng kh\u00f4ng ch\u1ee9a huy\u1ebft thanh v\u00e0 ch\u1ea5t b\u1ed5 sung \u0111\u1ec3 \u0111o \u0111\u1ed9c t\u00ednh c\u1ee7a thu\u1ed1c tr\u00ean t\u1ebf b\u00e0o d\u00f2ng t\u1ee7y.","og_url":"https:\/\/biogroupvietnam.com\/vi\/san-pham\/hematox-myeloid-kit\/","og_site_name":"Biogroup Vietnam","article_modified_time":"2026-04-03T09:59:08+00:00","og_image":[{"width":1640,"height":1260,"url":"https:\/\/biogroupvietnam.com\/wp-content\/uploads\/2025\/08\/hematox-myeloid-kit-2.jpg","type":"image\/jpeg"}],"twitter_card":"summary_large_image","twitter_misc":{"\u01af\u1edbc t\u00ednh th\u1eddi gian \u0111\u1ecdc":"4 ph\u00fat"},"schema":{"@context":"https:\/\/schema.org","@graph":[{"@type":"WebPage","@id":"https:\/\/biogroupvietnam.com\/vi\/san-pham\/hematox-myeloid-kit\/","url":"https:\/\/biogroupvietnam.com\/vi\/san-pham\/hematox-myeloid-kit\/","name":"HemaTox\u2122 Myeloid Kit \u0110o \u0110\u1ed9c T\u00ednh C\u1ee7a Thu\u1ed1c Tr\u00ean T\u1ebf B\u00e0o D\u00f2ng T\u1ee7y","isPartOf":{"@id":"https:\/\/biogroupvietnam.com\/vi\/#website"},"primaryImageOfPage":{"@id":"https:\/\/biogroupvietnam.com\/vi\/san-pham\/hematox-myeloid-kit\/#primaryimage"},"image":{"@id":"https:\/\/biogroupvietnam.com\/vi\/san-pham\/hematox-myeloid-kit\/#primaryimage"},"thumbnailUrl":"https:\/\/biogroupvietnam.com\/wp-content\/uploads\/2025\/08\/hematox-myeloid-kit-2.jpg","datePublished":"2025-08-18T12:53:47+00:00","dateModified":"2026-04-03T09:59:08+00:00","description":"HemaTox\u2122 Myeloid kit l\u00e0 b\u1ed9 m\u00f4i tr\u01b0\u1eddng kh\u00f4ng ch\u1ee9a huy\u1ebft thanh v\u00e0 ch\u1ea5t b\u1ed5 sung \u0111\u1ec3 \u0111o \u0111\u1ed9c t\u00ednh c\u1ee7a thu\u1ed1c tr\u00ean t\u1ebf b\u00e0o d\u00f2ng t\u1ee7y.","breadcrumb":{"@id":"https:\/\/biogroupvietnam.com\/vi\/san-pham\/hematox-myeloid-kit\/#breadcrumb"},"inLanguage":"vi","potentialAction":[{"@type":"ReadAction","target":["https:\/\/biogroupvietnam.com\/vi\/san-pham\/hematox-myeloid-kit\/"]}]},{"@type":"ImageObject","inLanguage":"vi","@id":"https:\/\/biogroupvietnam.com\/vi\/san-pham\/hematox-myeloid-kit\/#primaryimage","url":"https:\/\/biogroupvietnam.com\/wp-content\/uploads\/2025\/08\/hematox-myeloid-kit-2.jpg","contentUrl":"https:\/\/biogroupvietnam.com\/wp-content\/uploads\/2025\/08\/hematox-myeloid-kit-2.jpg","width":1640,"height":1260,"caption":"HemaTox\u2122 Myeloid Kit"},{"@type":"BreadcrumbList","@id":"https:\/\/biogroupvietnam.com\/vi\/san-pham\/hematox-myeloid-kit\/#breadcrumb","itemListElement":[{"@type":"ListItem","position":1,"name":"Trang ch\u1ee7","item":"https:\/\/biogroupvietnam.com\/vi\/"},{"@type":"ListItem","position":2,"name":"S\u1ea3n ph\u1ea9m","item":"https:\/\/biogroupvietnam.com\/vi\/san-pham\/"},{"@type":"ListItem","position":3,"name":"Nu\u00f4i C\u1ea5y T\u1ebf B\u00e0o","item":"https:\/\/biogroupvietnam.com\/vi\/danh-muc-san-pham\/nuoi-cay-te-bao\/"},{"@type":"ListItem","position":4,"name":"T\u1ebf B\u00e0o G\u1ed1c T\u1ea1o M\u00e1u (HSC)","item":"https:\/\/biogroupvietnam.com\/vi\/danh-muc-san-pham\/te-bao-goc-tao-mau-hsc\/"},{"@type":"ListItem","position":5,"name":"HemaTox\u2122 Myeloid Kit"}]},{"@type":"WebSite","@id":"https:\/\/biogroupvietnam.com\/vi\/#website","url":"https:\/\/biogroupvietnam.com\/vi\/","name":"Biogroup Vietnam","description":"Biogroup Vietnam cung c\u1ea5p d\u1ecbch v\u1ee5 k\u1ef9 thu\u1eadt c\u00f9ng thi\u1ebft b\u1ecb, v\u1eadt t\u01b0, h\u00f3a ch\u1ea5t v\u00e0 gi\u1ea3i ph\u00e1p sinh h\u1ecdc cho ph\u00f2ng th\u00ed nghi\u1ec7m c\u00f4ng ngh\u1ec7 sinh h\u1ecdc, y sinh v\u00e0 y h\u1ecdc t\u00e1i t\u1ea1o.","potentialAction":[{"@type":"SearchAction","target":{"@type":"EntryPoint","urlTemplate":"https:\/\/biogroupvietnam.com\/vi\/?s={search_term_string}"},"query-input":{"@type":"PropertyValueSpecification","valueRequired":true,"valueName":"search_term_string"}}],"inLanguage":"vi"}]}},"_links":{"self":[{"href":"https:\/\/biogroupvietnam.com\/vi\/wp-json\/wp\/v2\/product\/3839","targetHints":{"allow":["GET"]}}],"collection":[{"href":"https:\/\/biogroupvietnam.com\/vi\/wp-json\/wp\/v2\/product"}],"about":[{"href":"https:\/\/biogroupvietnam.com\/vi\/wp-json\/wp\/v2\/types\/product"}],"replies":[{"embeddable":true,"href":"https:\/\/biogroupvietnam.com\/vi\/wp-json\/wp\/v2\/comments?post=3839"}],"version-history":[{"count":6,"href":"https:\/\/biogroupvietnam.com\/vi\/wp-json\/wp\/v2\/product\/3839\/revisions"}],"predecessor-version":[{"id":9781,"href":"https:\/\/biogroupvietnam.com\/vi\/wp-json\/wp\/v2\/product\/3839\/revisions\/9781"}],"wp:featuredmedia":[{"embeddable":true,"href":"https:\/\/biogroupvietnam.com\/vi\/wp-json\/wp\/v2\/media\/10186"}],"wp:attachment":[{"href":"https:\/\/biogroupvietnam.com\/vi\/wp-json\/wp\/v2\/media?parent=3839"}],"wp:term":[{"taxonomy":"product_brand","embeddable":true,"href":"https:\/\/biogroupvietnam.com\/vi\/wp-json\/wp\/v2\/product_brand?post=3839"},{"taxonomy":"product_cat","embeddable":true,"href":"https:\/\/biogroupvietnam.com\/vi\/wp-json\/wp\/v2\/product_cat?post=3839"},{"taxonomy":"product_tag","embeddable":true,"href":"https:\/\/biogroupvietnam.com\/vi\/wp-json\/wp\/v2\/product_tag?post=3839"}],"curies":[{"name":"wp","href":"https:\/\/api.w.org\/{rel}","templated":true}]}}