{"id":3840,"date":"2025-08-18T19:53:48","date_gmt":"2025-08-18T12:53:48","guid":{"rendered":"http:\/\/biogroupvietnam-worldpress.local\/product\/import-placeholder-for-142\/"},"modified":"2026-04-03T16:55:19","modified_gmt":"2026-04-03T09:55:19","slug":"chat-bo-sung-stemspan-tang-sinh-te-bao-hong-cau","status":"publish","type":"product","link":"https:\/\/biogroupvietnam.com\/vi\/san-pham\/chat-bo-sung-stemspan-tang-sinh-te-bao-hong-cau\/","title":{"rendered":"Ch\u1ea5t B\u1ed5 Sung StemSpan\u2122 T\u0103ng Sinh T\u1ebf B\u00e0o H\u1ed3ng C\u1ea7u"},"content":{"rendered":"<p>Ch\u1ea5t b\u1ed5 sung m\u00f4i tr\u01b0\u1eddng nu\u00f4i c\u1ea5y kh\u00f4ng c\u00f3 huy\u1ebft thanh, d\u00f9ng \u0111\u1ec3 t\u0103ng sinh t\u1ebf b\u00e0o h\u1ed3ng c\u1ea7u ng\u01b0\u1eddi (human erythroid cells).<\/p>\n<h3><strong>T\u1ed5ng quan c\u1ee7a ch\u1ea5t b\u1ed5 sung StemSpan\u2122 t\u0103ng sinh t\u1ebf b\u00e0o h\u1ed3ng c\u1ea7u<\/strong><\/h3>\n<p>S\u1ea3n ph\u1ea9m c\u00f3 ch\u1ee9a c\u00e1c cytokine t\u00e1i t\u1ed5 h\u1ee3p c\u1ee7a ng\u01b0\u1eddi, c\u00f3 vai tr\u00f2 th\u00fac \u0111\u1ea9y s\u1ef1 t\u0103ng sinh c\u00f3 ch\u1ecdn l\u1ecdc v\u00e0 bi\u1ec7t h\u00f3a t\u1ebf b\u00e0o ti\u1ec1n th\u00e2n h\u1ed3ng c\u1ea7u t\u1eeb c\u00e1c t\u1ebf b\u00e0o CD34+ ph\u00e2n l\u1eadp t\u1eeb m\u00e1u d\u00e2y r\u1ed1n (CB) ho\u1eb7c t\u1ee7y x\u01b0\u01a1ng (BM).<\/p>\n<p>Ch\u1ea5t B\u1ed5 Sung StemSpan\u2122 T\u0103ng Sinh T\u1ebf B\u00e0o H\u1ed3ng C\u1ea7u (100X) (Cat.#02692) \u0111\u01b0\u1ee3c s\u1ea3n xu\u1ea5t \u0111\u1ec3 b\u1ed5 sung v\u00e0o c\u00e1c m\u00f4i tr\u01b0\u1eddng StemSpan\u2122 nh\u01b0:<\/p>\n<ul>\n<li>StemSpan\u2122 SFEM (Catalog # 09600).<\/li>\n<li>StemSpan\u2122 SFEM II (Catalog # 09605).<\/li>\n<li>StemSpan\u2122 -XF (Catalog # 100-0073).<\/li>\n<li>StemSpan\u2122-ACF Erythroid Expansion Medium (Catalog #09860).<\/li>\n<\/ul>\n<h3><strong>\u01afu \u0111i\u1ec3m c\u1ee7a ch\u1ea5t b\u1ed5 sung StemSpan\u2122 t\u0103ng sinh t\u1ebf b\u00e0o h\u1ed3ng c\u1ea7u<\/strong><\/h3>\n<ul>\n<li>C\u00f3 kh\u1ea3 n\u0103ng t\u1ea1o ra s\u1ed1 l\u01b0\u1ee3ng l\u1edbn t\u1ebf b\u00e0o h\u1ed3ng c\u1ea7u t\u1eeb t\u1ebf b\u00e0o CD34+ CB ho\u1eb7c BM c\u1ee7a ng\u01b0\u1eddi trong m\u00f4i tr\u01b0\u1eddng nu\u00f4i c\u1ea5y l\u1ecfng.<\/li>\n<li>\u0110\u01b0\u1ee3c t\u1ed1i \u01b0u h\u00f3a \u0111\u1ec3 s\u1eed d\u1ee5ng v\u1edbi m\u00f4i tr\u01b0\u1eddng StemSpan\u2122. \u0110\u1eb7c bi\u1ec7t, khi k\u1ebft h\u1ee3p v\u1edbi StemSpan\u2122 SFEM II, s\u1ea3n ph\u1ea9m n\u00e0y gi\u00fap t\u0103ng sinh t\u1ebf b\u00e0o h\u1ed3ng c\u1ea7u t\u1eeb c\u00e1c t\u1ebf b\u00e0o CD34+ CB c\u1ee7a ng\u01b0\u1eddi cao g\u1ea5p 4 l\u1ea7n so v\u1edbi c\u00e1c m\u00f4i tr\u01b0\u1eddng kh\u00f4ng c\u00f3 huy\u1ebft thanh th\u01b0\u01a1ng m\u1ea1i kh\u00e1c.<\/li>\n<li>\u0110\u01b0\u1ee3c s\u1ea3n xu\u1ea5t d\u01b0\u1edbi d\u1ea1ng c\u00f4 \u0111\u1eb7c 100X. Sau khi r\u00e3 \u0111\u00f4ng v\u00e0 tr\u1ed9n \u0111\u1ec1u, ch\u1ea5t b\u1ed5 sung c\u00f3 th\u1ec3 \u0111\u01b0\u1ee3c th\u00eam tr\u1ef1c ti\u1ebfp v\u00e0o b\u1ea5t k\u1ef3 m\u00f4i tr\u01b0\u1eddng t\u0103ng sinh t\u1ebf b\u00e0o t\u1ea1o m\u00e1u n\u00e0o.<\/li>\n<\/ul>\n<h3><strong>Th\u00e0nh ph\u1ea7n<\/strong><\/h3>\n<ul>\n<li>Nh\u00e2n t\u1ed1 t\u1ebf b\u00e0o g\u1ed1c c\u1ee7a ng\u01b0\u1eddi t\u00e1i t\u1ed5 h\u1ee3p (SCF).<\/li>\n<li>Interleukin 3 c\u1ee7a ng\u01b0\u1eddi t\u00e1i t\u1ed5 h\u1ee3p (IL-3).<\/li>\n<li>H\u1ed3ng c\u1ea7u c\u1ee7a ng\u01b0\u1eddi t\u00e1i t\u1ed5 h\u1ee3p (EPO).<\/li>\n<\/ul>\n<h3><strong>B\u1ea3o qu\u1ea3n<\/strong><\/h3>\n<ul>\n<li>Nhi\u1ec7t \u0111\u1ed9 b\u1ea3o qu\u1ea3n: \u221220 \u00b0C \u0111\u1ebfn \u221270 \u00b0C.<\/li>\n<\/ul>\n<h3><strong>\u1ee8ng d\u1ee5ng<\/strong><\/h3>\n<ul>\n<li>Nghi\u00ean c\u1ee9u li\u1ec7u ph\u00e1p t\u1ebf b\u00e0o t\u1ea1o m\u00e1u.<\/li>\n<li>Ph\u00e1t tri\u1ec3n quy tr\u00ecnh \u0111\u1ec3 t\u0103ng sinh c\u00e1c t\u1ebf b\u00e0o h\u1ed3ng c\u1ea7u trong nu\u00f4i c\u1ea5y.<\/li>\n<li>\u0110\u00e1nh gi\u00e1 hi\u1ec7u qu\u1ea3 v\u00e0 \u0111\u1ed9c t\u00ednh c\u1ee7a c\u00e1c ph\u01b0\u01a1ng ph\u00e1p \u0111i\u1ec1u tr\u1ecb m\u1edbi tr\u00ean c\u00e1c t\u1ebf b\u00e0o ti\u1ec1n th\u00e2n h\u1ed3ng c\u1ea7u trong qu\u00e1 tr\u00ecnh ph\u00e1t tri\u1ec3n thu\u1ed1c.<\/li>\n<\/ul>\n","protected":false},"excerpt":{"rendered":"<p>Ch\u1ea5t b\u1ed5 sung m\u00f4i tr\u01b0\u1eddng nu\u00f4i c\u1ea5y kh\u00f4ng c\u00f3 huy\u1ebft thanh, d\u00f9ng \u0111\u1ec3 t\u0103ng sinh t\u1ebf b\u00e0o h\u1ed3ng c\u1ea7u ng\u01b0\u1eddi (human erythroid cells). T\u1ed5ng quan c\u1ee7a ch\u1ea5t b\u1ed5 sung StemSpan\u2122 t\u0103ng sinh t\u1ebf b\u00e0o h\u1ed3ng c\u1ea7u S\u1ea3n ph\u1ea9m c\u00f3 ch\u1ee9a c\u00e1c cytokine t\u00e1i t\u1ed5 h\u1ee3p c\u1ee7a ng\u01b0\u1eddi, c\u00f3 vai tr\u00f2 th\u00fac \u0111\u1ea9y s\u1ef1 t\u0103ng sinh<\/p>\n<div class=\"klb-readmore post-buttons\"><a class=\"button rounded primary\" href=\"https:\/\/biogroupvietnam.com\/vi\/san-pham\/chat-bo-sung-stemspan-tang-sinh-te-bao-hong-cau\/\">Read More <i class=\"klbth-icon-right-arrow\"><\/i><\/a><\/div>\n","protected":false},"featured_media":10184,"comment_status":"closed","ping_status":"closed","template":"","meta":{"_acf_changed":false},"product_brand":[127],"product_cat":[92],"product_tag":[],"class_list":{"0":"post-3840","1":"product","2":"type-product","3":"status-publish","4":"has-post-thumbnail","6":"product_brand-stemcell-technologies","7":"product_cat-te-bao-goc-tao-mau-hsc","9":"first","10":"outofstock","11":"shipping-taxable","12":"product-type-simple"},"acf":[],"yoast_head":"<!-- This site is optimized with the Yoast SEO plugin v26.8 - https:\/\/yoast.com\/product\/yoast-seo-wordpress\/ -->\n<title>Ch\u1ea5t B\u1ed5 Sung StemSpan\u2122 T\u0103ng Sinh T\u1ebf B\u00e0o H\u1ed3ng C\u1ea7u<\/title>\n<meta name=\"description\" content=\"Ch\u1ea5t b\u1ed5 sung StemSpan\u2122 m\u00f4i tr\u01b0\u1eddng nu\u00f4i c\u1ea5y kh\u00f4ng c\u00f3 huy\u1ebft thanh, d\u00f9ng \u0111\u1ec3 t\u0103ng sinh t\u1ebf b\u00e0o h\u1ed3ng c\u1ea7u ng\u01b0\u1eddi (human erythroid cells).\" \/>\n<meta name=\"robots\" content=\"index, follow, max-snippet:-1, max-image-preview:large, max-video-preview:-1\" \/>\n<link rel=\"canonical\" href=\"https:\/\/biogroupvietnam.com\/vi\/san-pham\/chat-bo-sung-stemspan-tang-sinh-te-bao-hong-cau\/\" \/>\n<meta property=\"og:locale\" content=\"vi_VN\" \/>\n<meta property=\"og:type\" content=\"article\" \/>\n<meta property=\"og:title\" content=\"Ch\u1ea5t B\u1ed5 Sung StemSpan\u2122 T\u0103ng Sinh T\u1ebf B\u00e0o H\u1ed3ng C\u1ea7u\" \/>\n<meta property=\"og:description\" content=\"Ch\u1ea5t b\u1ed5 sung StemSpan\u2122 m\u00f4i tr\u01b0\u1eddng nu\u00f4i c\u1ea5y kh\u00f4ng c\u00f3 huy\u1ebft thanh, d\u00f9ng \u0111\u1ec3 t\u0103ng sinh t\u1ebf b\u00e0o h\u1ed3ng c\u1ea7u ng\u01b0\u1eddi (human erythroid cells).\" \/>\n<meta property=\"og:url\" content=\"https:\/\/biogroupvietnam.com\/vi\/san-pham\/chat-bo-sung-stemspan-tang-sinh-te-bao-hong-cau\/\" \/>\n<meta property=\"og:site_name\" content=\"Biogroup Vietnam\" \/>\n<meta property=\"article:modified_time\" content=\"2026-04-03T09:55:19+00:00\" \/>\n<meta property=\"og:image\" content=\"https:\/\/biogroupvietnam.com\/wp-content\/uploads\/2025\/08\/chat-bo-sung-stemspan-tang-sinh-te-bao-hong-cau.jpg\" \/>\n\t<meta property=\"og:image:width\" content=\"1640\" \/>\n\t<meta property=\"og:image:height\" content=\"1260\" \/>\n\t<meta property=\"og:image:type\" content=\"image\/jpeg\" \/>\n<meta name=\"twitter:card\" content=\"summary_large_image\" \/>\n<meta name=\"twitter:label1\" content=\"\u01af\u1edbc t\u00ednh th\u1eddi gian \u0111\u1ecdc\" \/>\n\t<meta name=\"twitter:data1\" content=\"3 ph\u00fat\" \/>\n<script type=\"application\/ld+json\" class=\"yoast-schema-graph\">{\"@context\":\"https:\/\/schema.org\",\"@graph\":[{\"@type\":\"WebPage\",\"@id\":\"https:\/\/biogroupvietnam.com\/vi\/san-pham\/chat-bo-sung-stemspan-tang-sinh-te-bao-hong-cau\/\",\"url\":\"https:\/\/biogroupvietnam.com\/vi\/san-pham\/chat-bo-sung-stemspan-tang-sinh-te-bao-hong-cau\/\",\"name\":\"Ch\u1ea5t B\u1ed5 Sung StemSpan\u2122 T\u0103ng Sinh T\u1ebf B\u00e0o H\u1ed3ng C\u1ea7u\",\"isPartOf\":{\"@id\":\"https:\/\/biogroupvietnam.com\/vi\/#website\"},\"primaryImageOfPage\":{\"@id\":\"https:\/\/biogroupvietnam.com\/vi\/san-pham\/chat-bo-sung-stemspan-tang-sinh-te-bao-hong-cau\/#primaryimage\"},\"image\":{\"@id\":\"https:\/\/biogroupvietnam.com\/vi\/san-pham\/chat-bo-sung-stemspan-tang-sinh-te-bao-hong-cau\/#primaryimage\"},\"thumbnailUrl\":\"https:\/\/biogroupvietnam.com\/wp-content\/uploads\/2025\/08\/chat-bo-sung-stemspan-tang-sinh-te-bao-hong-cau.jpg\",\"datePublished\":\"2025-08-18T12:53:48+00:00\",\"dateModified\":\"2026-04-03T09:55:19+00:00\",\"description\":\"Ch\u1ea5t b\u1ed5 sung StemSpan\u2122 m\u00f4i tr\u01b0\u1eddng nu\u00f4i c\u1ea5y kh\u00f4ng c\u00f3 huy\u1ebft thanh, d\u00f9ng \u0111\u1ec3 t\u0103ng sinh t\u1ebf b\u00e0o h\u1ed3ng c\u1ea7u ng\u01b0\u1eddi (human erythroid cells).\",\"breadcrumb\":{\"@id\":\"https:\/\/biogroupvietnam.com\/vi\/san-pham\/chat-bo-sung-stemspan-tang-sinh-te-bao-hong-cau\/#breadcrumb\"},\"inLanguage\":\"vi\",\"potentialAction\":[{\"@type\":\"ReadAction\",\"target\":[\"https:\/\/biogroupvietnam.com\/vi\/san-pham\/chat-bo-sung-stemspan-tang-sinh-te-bao-hong-cau\/\"]}]},{\"@type\":\"ImageObject\",\"inLanguage\":\"vi\",\"@id\":\"https:\/\/biogroupvietnam.com\/vi\/san-pham\/chat-bo-sung-stemspan-tang-sinh-te-bao-hong-cau\/#primaryimage\",\"url\":\"https:\/\/biogroupvietnam.com\/wp-content\/uploads\/2025\/08\/chat-bo-sung-stemspan-tang-sinh-te-bao-hong-cau.jpg\",\"contentUrl\":\"https:\/\/biogroupvietnam.com\/wp-content\/uploads\/2025\/08\/chat-bo-sung-stemspan-tang-sinh-te-bao-hong-cau.jpg\",\"width\":1640,\"height\":1260,\"caption\":\"Ch\u1ea5t B\u1ed5 Sung StemSpan\u2122 T\u0103ng Sinh T\u1ebf B\u00e0o H\u1ed3ng C\u1ea7u\"},{\"@type\":\"BreadcrumbList\",\"@id\":\"https:\/\/biogroupvietnam.com\/vi\/san-pham\/chat-bo-sung-stemspan-tang-sinh-te-bao-hong-cau\/#breadcrumb\",\"itemListElement\":[{\"@type\":\"ListItem\",\"position\":1,\"name\":\"Trang ch\u1ee7\",\"item\":\"https:\/\/biogroupvietnam.com\/vi\/\"},{\"@type\":\"ListItem\",\"position\":2,\"name\":\"S\u1ea3n ph\u1ea9m\",\"item\":\"https:\/\/biogroupvietnam.com\/vi\/san-pham\/\"},{\"@type\":\"ListItem\",\"position\":3,\"name\":\"Nu\u00f4i C\u1ea5y T\u1ebf B\u00e0o\",\"item\":\"https:\/\/biogroupvietnam.com\/vi\/danh-muc-san-pham\/nuoi-cay-te-bao\/\"},{\"@type\":\"ListItem\",\"position\":4,\"name\":\"T\u1ebf B\u00e0o G\u1ed1c T\u1ea1o M\u00e1u (HSC)\",\"item\":\"https:\/\/biogroupvietnam.com\/vi\/danh-muc-san-pham\/te-bao-goc-tao-mau-hsc\/\"},{\"@type\":\"ListItem\",\"position\":5,\"name\":\"Ch\u1ea5t B\u1ed5 Sung StemSpan\u2122 T\u0103ng Sinh T\u1ebf B\u00e0o H\u1ed3ng C\u1ea7u\"}]},{\"@type\":\"WebSite\",\"@id\":\"https:\/\/biogroupvietnam.com\/vi\/#website\",\"url\":\"https:\/\/biogroupvietnam.com\/vi\/\",\"name\":\"Biogroup Vietnam\",\"description\":\"Biogroup Vietnam cung c\u1ea5p d\u1ecbch v\u1ee5 k\u1ef9 thu\u1eadt c\u00f9ng thi\u1ebft b\u1ecb, v\u1eadt t\u01b0, h\u00f3a ch\u1ea5t v\u00e0 gi\u1ea3i ph\u00e1p sinh h\u1ecdc cho ph\u00f2ng th\u00ed nghi\u1ec7m c\u00f4ng ngh\u1ec7 sinh h\u1ecdc, y sinh v\u00e0 y h\u1ecdc t\u00e1i t\u1ea1o.\",\"potentialAction\":[{\"@type\":\"SearchAction\",\"target\":{\"@type\":\"EntryPoint\",\"urlTemplate\":\"https:\/\/biogroupvietnam.com\/vi\/?s={search_term_string}\"},\"query-input\":{\"@type\":\"PropertyValueSpecification\",\"valueRequired\":true,\"valueName\":\"search_term_string\"}}],\"inLanguage\":\"vi\"}]}<\/script>\n<!-- \/ Yoast SEO plugin. -->","yoast_head_json":{"title":"Ch\u1ea5t B\u1ed5 Sung StemSpan\u2122 T\u0103ng Sinh T\u1ebf B\u00e0o H\u1ed3ng C\u1ea7u","description":"Ch\u1ea5t b\u1ed5 sung StemSpan\u2122 m\u00f4i tr\u01b0\u1eddng nu\u00f4i c\u1ea5y kh\u00f4ng c\u00f3 huy\u1ebft thanh, d\u00f9ng \u0111\u1ec3 t\u0103ng sinh t\u1ebf b\u00e0o h\u1ed3ng c\u1ea7u ng\u01b0\u1eddi (human erythroid cells).","robots":{"index":"index","follow":"follow","max-snippet":"max-snippet:-1","max-image-preview":"max-image-preview:large","max-video-preview":"max-video-preview:-1"},"canonical":"https:\/\/biogroupvietnam.com\/vi\/san-pham\/chat-bo-sung-stemspan-tang-sinh-te-bao-hong-cau\/","og_locale":"vi_VN","og_type":"article","og_title":"Ch\u1ea5t B\u1ed5 Sung StemSpan\u2122 T\u0103ng Sinh T\u1ebf B\u00e0o H\u1ed3ng C\u1ea7u","og_description":"Ch\u1ea5t b\u1ed5 sung StemSpan\u2122 m\u00f4i tr\u01b0\u1eddng nu\u00f4i c\u1ea5y kh\u00f4ng c\u00f3 huy\u1ebft thanh, d\u00f9ng \u0111\u1ec3 t\u0103ng sinh t\u1ebf b\u00e0o h\u1ed3ng c\u1ea7u ng\u01b0\u1eddi (human erythroid cells).","og_url":"https:\/\/biogroupvietnam.com\/vi\/san-pham\/chat-bo-sung-stemspan-tang-sinh-te-bao-hong-cau\/","og_site_name":"Biogroup Vietnam","article_modified_time":"2026-04-03T09:55:19+00:00","og_image":[{"width":1640,"height":1260,"url":"https:\/\/biogroupvietnam.com\/wp-content\/uploads\/2025\/08\/chat-bo-sung-stemspan-tang-sinh-te-bao-hong-cau.jpg","type":"image\/jpeg"}],"twitter_card":"summary_large_image","twitter_misc":{"\u01af\u1edbc t\u00ednh th\u1eddi gian \u0111\u1ecdc":"3 ph\u00fat"},"schema":{"@context":"https:\/\/schema.org","@graph":[{"@type":"WebPage","@id":"https:\/\/biogroupvietnam.com\/vi\/san-pham\/chat-bo-sung-stemspan-tang-sinh-te-bao-hong-cau\/","url":"https:\/\/biogroupvietnam.com\/vi\/san-pham\/chat-bo-sung-stemspan-tang-sinh-te-bao-hong-cau\/","name":"Ch\u1ea5t B\u1ed5 Sung StemSpan\u2122 T\u0103ng Sinh T\u1ebf B\u00e0o H\u1ed3ng C\u1ea7u","isPartOf":{"@id":"https:\/\/biogroupvietnam.com\/vi\/#website"},"primaryImageOfPage":{"@id":"https:\/\/biogroupvietnam.com\/vi\/san-pham\/chat-bo-sung-stemspan-tang-sinh-te-bao-hong-cau\/#primaryimage"},"image":{"@id":"https:\/\/biogroupvietnam.com\/vi\/san-pham\/chat-bo-sung-stemspan-tang-sinh-te-bao-hong-cau\/#primaryimage"},"thumbnailUrl":"https:\/\/biogroupvietnam.com\/wp-content\/uploads\/2025\/08\/chat-bo-sung-stemspan-tang-sinh-te-bao-hong-cau.jpg","datePublished":"2025-08-18T12:53:48+00:00","dateModified":"2026-04-03T09:55:19+00:00","description":"Ch\u1ea5t b\u1ed5 sung StemSpan\u2122 m\u00f4i tr\u01b0\u1eddng nu\u00f4i c\u1ea5y kh\u00f4ng c\u00f3 huy\u1ebft thanh, d\u00f9ng \u0111\u1ec3 t\u0103ng sinh t\u1ebf b\u00e0o h\u1ed3ng c\u1ea7u ng\u01b0\u1eddi (human erythroid cells).","breadcrumb":{"@id":"https:\/\/biogroupvietnam.com\/vi\/san-pham\/chat-bo-sung-stemspan-tang-sinh-te-bao-hong-cau\/#breadcrumb"},"inLanguage":"vi","potentialAction":[{"@type":"ReadAction","target":["https:\/\/biogroupvietnam.com\/vi\/san-pham\/chat-bo-sung-stemspan-tang-sinh-te-bao-hong-cau\/"]}]},{"@type":"ImageObject","inLanguage":"vi","@id":"https:\/\/biogroupvietnam.com\/vi\/san-pham\/chat-bo-sung-stemspan-tang-sinh-te-bao-hong-cau\/#primaryimage","url":"https:\/\/biogroupvietnam.com\/wp-content\/uploads\/2025\/08\/chat-bo-sung-stemspan-tang-sinh-te-bao-hong-cau.jpg","contentUrl":"https:\/\/biogroupvietnam.com\/wp-content\/uploads\/2025\/08\/chat-bo-sung-stemspan-tang-sinh-te-bao-hong-cau.jpg","width":1640,"height":1260,"caption":"Ch\u1ea5t B\u1ed5 Sung StemSpan\u2122 T\u0103ng Sinh T\u1ebf B\u00e0o H\u1ed3ng C\u1ea7u"},{"@type":"BreadcrumbList","@id":"https:\/\/biogroupvietnam.com\/vi\/san-pham\/chat-bo-sung-stemspan-tang-sinh-te-bao-hong-cau\/#breadcrumb","itemListElement":[{"@type":"ListItem","position":1,"name":"Trang ch\u1ee7","item":"https:\/\/biogroupvietnam.com\/vi\/"},{"@type":"ListItem","position":2,"name":"S\u1ea3n ph\u1ea9m","item":"https:\/\/biogroupvietnam.com\/vi\/san-pham\/"},{"@type":"ListItem","position":3,"name":"Nu\u00f4i C\u1ea5y T\u1ebf B\u00e0o","item":"https:\/\/biogroupvietnam.com\/vi\/danh-muc-san-pham\/nuoi-cay-te-bao\/"},{"@type":"ListItem","position":4,"name":"T\u1ebf B\u00e0o G\u1ed1c T\u1ea1o M\u00e1u (HSC)","item":"https:\/\/biogroupvietnam.com\/vi\/danh-muc-san-pham\/te-bao-goc-tao-mau-hsc\/"},{"@type":"ListItem","position":5,"name":"Ch\u1ea5t B\u1ed5 Sung StemSpan\u2122 T\u0103ng Sinh T\u1ebf B\u00e0o H\u1ed3ng C\u1ea7u"}]},{"@type":"WebSite","@id":"https:\/\/biogroupvietnam.com\/vi\/#website","url":"https:\/\/biogroupvietnam.com\/vi\/","name":"Biogroup Vietnam","description":"Biogroup Vietnam cung c\u1ea5p d\u1ecbch v\u1ee5 k\u1ef9 thu\u1eadt c\u00f9ng thi\u1ebft b\u1ecb, v\u1eadt t\u01b0, h\u00f3a ch\u1ea5t v\u00e0 gi\u1ea3i ph\u00e1p sinh h\u1ecdc cho ph\u00f2ng th\u00ed nghi\u1ec7m c\u00f4ng ngh\u1ec7 sinh h\u1ecdc, y sinh v\u00e0 y h\u1ecdc t\u00e1i t\u1ea1o.","potentialAction":[{"@type":"SearchAction","target":{"@type":"EntryPoint","urlTemplate":"https:\/\/biogroupvietnam.com\/vi\/?s={search_term_string}"},"query-input":{"@type":"PropertyValueSpecification","valueRequired":true,"valueName":"search_term_string"}}],"inLanguage":"vi"}]}},"_links":{"self":[{"href":"https:\/\/biogroupvietnam.com\/vi\/wp-json\/wp\/v2\/product\/3840","targetHints":{"allow":["GET"]}}],"collection":[{"href":"https:\/\/biogroupvietnam.com\/vi\/wp-json\/wp\/v2\/product"}],"about":[{"href":"https:\/\/biogroupvietnam.com\/vi\/wp-json\/wp\/v2\/types\/product"}],"replies":[{"embeddable":true,"href":"https:\/\/biogroupvietnam.com\/vi\/wp-json\/wp\/v2\/comments?post=3840"}],"version-history":[{"count":5,"href":"https:\/\/biogroupvietnam.com\/vi\/wp-json\/wp\/v2\/product\/3840\/revisions"}],"predecessor-version":[{"id":9760,"href":"https:\/\/biogroupvietnam.com\/vi\/wp-json\/wp\/v2\/product\/3840\/revisions\/9760"}],"wp:featuredmedia":[{"embeddable":true,"href":"https:\/\/biogroupvietnam.com\/vi\/wp-json\/wp\/v2\/media\/10184"}],"wp:attachment":[{"href":"https:\/\/biogroupvietnam.com\/vi\/wp-json\/wp\/v2\/media?parent=3840"}],"wp:term":[{"taxonomy":"product_brand","embeddable":true,"href":"https:\/\/biogroupvietnam.com\/vi\/wp-json\/wp\/v2\/product_brand?post=3840"},{"taxonomy":"product_cat","embeddable":true,"href":"https:\/\/biogroupvietnam.com\/vi\/wp-json\/wp\/v2\/product_cat?post=3840"},{"taxonomy":"product_tag","embeddable":true,"href":"https:\/\/biogroupvietnam.com\/vi\/wp-json\/wp\/v2\/product_tag?post=3840"}],"curies":[{"name":"wp","href":"https:\/\/api.w.org\/{rel}","templated":true}]}}