{"id":3841,"date":"2025-08-18T19:53:48","date_gmt":"2025-08-18T12:53:48","guid":{"rendered":"http:\/\/biogroupvietnam-worldpress.local\/product\/import-placeholder-for-143\/"},"modified":"2026-04-03T16:38:14","modified_gmt":"2026-04-03T09:38:14","slug":"human-cord-blood-quality-control-kit","status":"publish","type":"product","link":"https:\/\/biogroupvietnam.com\/vi\/san-pham\/human-cord-blood-quality-control-kit\/","title":{"rendered":"B\u1ed9 Kit QC T\u1ebf B\u00e0o G\u1ed1c M\u00e1u Cu\u1ed1ng R\u1ed1n"},"content":{"rendered":"<p>B\u1ed9 kit ki\u1ec3m so\u00e1t ch\u1ea5t l\u01b0\u1ee3ng t\u1ebf b\u00e0o g\u1ed1c m\u00e1u cu\u1ed1ng r\u1ed1n b\u1eb1ng x\u00e9t nghi\u1ec7m CFU t\u1ea1i c\u00e1c lab x\u1eed l\u00fd m\u00e1u cu\u1ed1ng r\u1ed1n.<\/p>\n<h3><strong>T\u1ed5ng quan b\u1ed9 kit<\/strong><\/h3>\n<p>B\u1ed9 kit ki\u1ec3m so\u00e1t ch\u1ea5t l\u01b0\u1ee3ng t\u1ebf b\u00e0o g\u1ed1c m\u00e1u cu\u1ed1ng r\u1ed1n\u00a0\u0111\u01b0\u1ee3c khuy\u1ebfn ngh\u1ecb cho c\u00e1c lab\u00a0x\u1eed l\u00fd m\u00e1u cu\u1ed1ng r\u1ed1n\u00a0c\u00f3 y\u00eau c\u1ea7u gi\u00e1m s\u00e1t kh\u1ea3 n\u0103ng thi\u1ebft l\u1eadp, nu\u00f4i c\u1ea5y v\u00e0 \u0111\u00e1nh gi\u00e1 c\u00e1c x\u00e9t nghi\u1ec7m c\u1ee5m t\u1ebf b\u00e0o g\u1ed1c m\u00e1u (CFU).<\/p>\n<p>M\u1ed7i b\u1ed9 kit cung c\u1ea5p \u0111\u1ea7y \u0111\u1ee7 c\u00e1c th\u00e0nh ph\u1ea7n \u0111\u1ec3 th\u1ef1c hi\u1ec7n c\u00e1c x\u00e9t nghi\u1ec7m CFU h\u00e0ng th\u00e1ng trong kho\u1ea3ng th\u1eddi gian 1 n\u0103m, bao g\u1ed3m m\u00f4i tr\u01b0\u1eddng, t\u1ebf b\u00e0o, v\u1eadt t\u01b0, h\u01b0\u1edbng d\u1eabn chi ti\u1ebft v\u1ec1 c\u00e1ch thi\u1ebft l\u1eadp x\u00e9t nghi\u1ec7m CFU v\u00e0 \u0111\u00e1nh gi\u00e1 c\u00e1c c\u1ee5m t\u1ebf b\u00e0o t\u1ea1o m\u00e1u (CFU-E, BFU-E, CFU-GM v\u00e0 CFU-GEMM).<\/p>\n<p>Vi\u1ec7c s\u1eed d\u1ee5ng m\u00f4i tr\u01b0\u1eddng chu\u1ea9n h\u00f3a v\u00e0 c\u00e1c ph\u1ea7n t\u1ebf b\u00e0o gi\u1ed1ng h\u1ec7t nhau t\u1eeb m\u1ed9t ngu\u1ed3n duy nh\u1ea5t s\u1ebd gi\u1ea3m thi\u1ec3u s\u1ef1 bi\u1ebfn \u0111\u1ed5i ti\u1ec1m \u1ea9n li\u00ean quan \u0111\u1ebfn c\u00e1c th\u00e0nh ph\u1ea7n c\u1ee7a x\u00e9t nghi\u1ec7m CFU, cho ph\u00e9p ki\u1ec3m so\u00e1t t\u00ednh nh\u1ea5t qu\u00e1n c\u1ee7a ph\u00f2ng lab\u00a0trong th\u1ef1c hi\u1ec7n x\u00e9t nghi\u1ec7m.<\/p>\n<p>B\u1ed9 kit n\u00e0y \u0111\u01b0\u1ee3c khuy\u1ebfn ngh\u1ecb cho c\u00e1c k\u1ef9 thu\u1eadt vi\u00ean trong ph\u00f2ng lab x\u1eed l\u00fd m\u00e1u cu\u1ed1ng r\u1ed1n\u00a0mu\u1ed1n theo d\u00f5i kh\u1ea3 n\u0103ng c\u1ee7a t\u1ebf b\u00e0o \u0111\u1ec3 thi\u1ebft l\u1eadp v\u00e0 \u0111\u00e1nh gi\u00e1 c\u00e1c x\u00e9t nghi\u1ec7m CFU.<\/p>\n<p>B\u1ed9 kit ki\u1ec3m so\u00e1t ch\u1ea5t l\u01b0\u1ee3ng c\u1ee7a STEMCELL c\u00f3 s\u1eb5n v\u1edbi c\u00e1c t\u1ebf b\u00e0o t\u1eeb t\u1ee7y x\u01b0\u01a1ng (STEMCELL QC-BM) ho\u1eb7c m\u00e1u d\u00e2y r\u1ed1n (STEMCELL QC-CB) \u0111\u1ec3 cho ph\u00e9p \u0111\u00e1nh gi\u00e1 lo\u1ea1i t\u1ebf b\u00e0o ph\u00f9 h\u1ee3p nh\u1ea5t v\u1edbi c\u00e1c \u1ee9ng d\u1ee5ng c\u1ee7a ph\u00f2ng th\u00ed nghi\u1ec7m.<\/p>\n<h3><strong>B\u1ed9 k\u00edt bao g\u1ed3m:<\/strong><\/h3>\n<ul>\n<li>B\u1ed9 kit ki\u1ec3m so\u00e1t ch\u1ea5t l\u01b0\u1ee3ng m\u00e1u cu\u1ed1ng r\u1ed1n ng\u01b0\u1eddi (Catalog # 00651).<\/li>\n<li>T\u1ebf b\u00e0o m\u00e1u d\u00e2y r\u1ed1n ng\u01b0\u1eddi \u0111\u00f4ng l\u1ea1nh, 12 l\u1ecd (Catalog # 00312).<\/li>\n<li>M\u00f4i tr\u01b0\u1eddng t\u1ed1i \u01b0u MethoCult\u2122 H4034, \u1ed1ng 24 x 3 mL (Catalog # 04044).<\/li>\n<li>V\u1eadt t\u01b0 (B\u01a1m ti\u00eam v\u00f4 tr\u00f9ng 3cc, Kim ti\u00eam Blunt-End, \u0110\u0129a Petri v\u00f4 tr\u00f9ng 35 mm, \u0110\u0129a \u0111\u00e1nh gi\u00e1 c\u00f3 l\u01b0\u1edbi, 2% FBS trong IMDM, Trypan Blue) (Catalog # 00653).<\/li>\n<li>B\u1ea3n \u0111\u1ed3 c\u1ee5m t\u1ebf b\u00e0o (Catalog # 28700).<\/li>\n<li>Iscove&#8217;s MDM v\u1edbi 2% FBS, 100 mL (Catalog # 07700).<\/li>\n<\/ul>\n<h3><strong>\u0110i\u1ec1u ki\u1ec7n b\u1ea3o qu\u1ea3n:<\/strong><\/h3>\n<ul>\n<li>M\u00f4i tr\u01b0\u1eddng t\u1ed1i \u01b0u MethoCult\u2122 H4034 v\u00e0 IMDM + 2% FBS: b\u1ea3o qu\u1ea3n \u1edf nhi\u1ec7t \u0111\u1ed9 -20\u00b0C (-25\u00b0C \u0111\u1ebfn -15\u00b0C).<\/li>\n<li>C\u00e1c v\u1eadt t\u01b0 v\u00e0 h\u00f3a ch\u1ea5t kh\u00e1c: b\u1ea3o qu\u1ea3n \u1edf nhi\u1ec7t \u0111\u1ed9 ph\u00f2ng (15 &#8211; 25\u00b0C).<\/li>\n<li>Tr\u00e1nh ti\u1ebfp x\u00fac l\u00e2u v\u1edbi \u00e1nh s\u00e1ng.<\/li>\n<li>H\u1ea1n s\u1eed d\u1ee5ng: in tr\u00ean nh\u00e3n.<\/li>\n<\/ul>\n<h3><strong>\u1ee8ng d\u1ee5ng:<\/strong><\/h3>\n<ul>\n<li>Gi\u00e1m s\u00e1t thi\u1ebft l\u1eadp ph\u00f2ng th\u00ed nghi\u1ec7m, nu\u00f4i c\u1ea5y, th\u1ef1c hi\u1ec7n x\u00e9t nghi\u1ec7m CFU v\u00e0 \u0111\u00e1nh gi\u00e1 c\u1ee5m t\u1ebf b\u00e0o g\u1ed1c t\u1ea1o m\u00e1u<\/li>\n<li>Ph\u00e2n t\u00edch t\u1ebf b\u00e0o g\u1ed1c v\u00e0 t\u1ebf b\u00e0o g\u1ed1c t\u1ea1o m\u00e1u<\/li>\n<li>X\u1eed l\u00fd t\u1ebf b\u00e0o v\u00e0 \u0111\u00e1nh gi\u00e1 ti\u1ec1m n\u0103ng cho ng\u00e2n h\u00e0ng m\u00e1u cu\u1ed1ng r\u1ed1n<\/li>\n<\/ul>\n<h3><strong>Th\u00f4ng tin \u0111\u1eb7t h\u00e0ng:<\/strong><\/h3>\n<ul>\n<li>B\u1ed9 Kit QC T\u1ebf B\u00e0o G\u1ed1c M\u00e1u Cu\u1ed1ng R\u1ed1n\u00a0(Catalog # 00651).<\/li>\n<\/ul>\n","protected":false},"excerpt":{"rendered":"<p>B\u1ed9 kit ki\u1ec3m so\u00e1t ch\u1ea5t l\u01b0\u1ee3ng t\u1ebf b\u00e0o g\u1ed1c m\u00e1u cu\u1ed1ng r\u1ed1n b\u1eb1ng x\u00e9t nghi\u1ec7m CFU t\u1ea1i c\u00e1c lab x\u1eed l\u00fd m\u00e1u cu\u1ed1ng r\u1ed1n. T\u1ed5ng quan b\u1ed9 kit B\u1ed9 kit ki\u1ec3m so\u00e1t ch\u1ea5t l\u01b0\u1ee3ng t\u1ebf b\u00e0o g\u1ed1c m\u00e1u cu\u1ed1ng r\u1ed1n\u00a0\u0111\u01b0\u1ee3c khuy\u1ebfn ngh\u1ecb cho c\u00e1c lab\u00a0x\u1eed l\u00fd m\u00e1u cu\u1ed1ng r\u1ed1n\u00a0c\u00f3 y\u00eau c\u1ea7u gi\u00e1m s\u00e1t kh\u1ea3 n\u0103ng<\/p>\n<div class=\"klb-readmore post-buttons\"><a class=\"button rounded primary\" href=\"https:\/\/biogroupvietnam.com\/vi\/san-pham\/human-cord-blood-quality-control-kit\/\">Read More <i class=\"klbth-icon-right-arrow\"><\/i><\/a><\/div>\n","protected":false},"featured_media":10182,"comment_status":"closed","ping_status":"closed","template":"","meta":{"_acf_changed":false},"product_brand":[127],"product_cat":[105],"product_tag":[],"class_list":{"0":"post-3841","1":"product","2":"type-product","3":"status-publish","4":"has-post-thumbnail","6":"product_brand-stemcell-technologies","7":"product_cat-thu-nghiem-cfu","9":"first","10":"outofstock","11":"shipping-taxable","12":"product-type-simple"},"acf":[],"yoast_head":"<!-- This site is optimized with the Yoast SEO plugin v26.8 - https:\/\/yoast.com\/product\/yoast-seo-wordpress\/ -->\n<title>B\u1ed9 Kit QC T\u1ebf B\u00e0o G\u1ed1c M\u00e1u Cu\u1ed1ng R\u1ed1n<\/title>\n<meta name=\"description\" content=\"B\u1ed9 kit ki\u1ec3m so\u00e1t ch\u1ea5t l\u01b0\u1ee3ng t\u1ebf b\u00e0o g\u1ed1c m\u00e1u cu\u1ed1ng r\u1ed1n b\u1eb1ng x\u00e9t nghi\u1ec7m CFU t\u1ea1i c\u00e1c lab x\u1eed l\u00fd m\u00e1u cu\u1ed1ng r\u1ed1n.\" \/>\n<meta name=\"robots\" content=\"index, follow, max-snippet:-1, max-image-preview:large, max-video-preview:-1\" \/>\n<link rel=\"canonical\" href=\"https:\/\/biogroupvietnam.com\/vi\/san-pham\/human-cord-blood-quality-control-kit\/\" \/>\n<meta property=\"og:locale\" content=\"vi_VN\" \/>\n<meta property=\"og:type\" content=\"article\" \/>\n<meta property=\"og:title\" content=\"B\u1ed9 Kit QC T\u1ebf B\u00e0o G\u1ed1c M\u00e1u Cu\u1ed1ng R\u1ed1n\" \/>\n<meta property=\"og:description\" content=\"B\u1ed9 kit ki\u1ec3m so\u00e1t ch\u1ea5t l\u01b0\u1ee3ng t\u1ebf b\u00e0o g\u1ed1c m\u00e1u cu\u1ed1ng r\u1ed1n b\u1eb1ng x\u00e9t nghi\u1ec7m CFU t\u1ea1i c\u00e1c lab x\u1eed l\u00fd m\u00e1u cu\u1ed1ng r\u1ed1n.\" \/>\n<meta property=\"og:url\" content=\"https:\/\/biogroupvietnam.com\/vi\/san-pham\/human-cord-blood-quality-control-kit\/\" \/>\n<meta property=\"og:site_name\" content=\"Biogroup Vietnam\" \/>\n<meta property=\"article:modified_time\" content=\"2026-04-03T09:38:14+00:00\" \/>\n<meta property=\"og:image\" content=\"https:\/\/biogroupvietnam.com\/wp-content\/uploads\/2025\/08\/bo-kit-qc-te-bao-goc-mau-cuong-ron-1.jpg\" \/>\n\t<meta property=\"og:image:width\" content=\"1640\" \/>\n\t<meta property=\"og:image:height\" content=\"1260\" \/>\n\t<meta property=\"og:image:type\" content=\"image\/jpeg\" \/>\n<meta name=\"twitter:card\" content=\"summary_large_image\" \/>\n<meta name=\"twitter:label1\" content=\"\u01af\u1edbc t\u00ednh th\u1eddi gian \u0111\u1ecdc\" \/>\n\t<meta name=\"twitter:data1\" content=\"3 ph\u00fat\" \/>\n<script type=\"application\/ld+json\" class=\"yoast-schema-graph\">{\"@context\":\"https:\/\/schema.org\",\"@graph\":[{\"@type\":\"WebPage\",\"@id\":\"https:\/\/biogroupvietnam.com\/vi\/san-pham\/human-cord-blood-quality-control-kit\/\",\"url\":\"https:\/\/biogroupvietnam.com\/vi\/san-pham\/human-cord-blood-quality-control-kit\/\",\"name\":\"B\u1ed9 Kit QC T\u1ebf B\u00e0o G\u1ed1c M\u00e1u Cu\u1ed1ng R\u1ed1n\",\"isPartOf\":{\"@id\":\"https:\/\/biogroupvietnam.com\/vi\/#website\"},\"primaryImageOfPage\":{\"@id\":\"https:\/\/biogroupvietnam.com\/vi\/san-pham\/human-cord-blood-quality-control-kit\/#primaryimage\"},\"image\":{\"@id\":\"https:\/\/biogroupvietnam.com\/vi\/san-pham\/human-cord-blood-quality-control-kit\/#primaryimage\"},\"thumbnailUrl\":\"https:\/\/biogroupvietnam.com\/wp-content\/uploads\/2025\/08\/bo-kit-qc-te-bao-goc-mau-cuong-ron-1.jpg\",\"datePublished\":\"2025-08-18T12:53:48+00:00\",\"dateModified\":\"2026-04-03T09:38:14+00:00\",\"description\":\"B\u1ed9 kit ki\u1ec3m so\u00e1t ch\u1ea5t l\u01b0\u1ee3ng t\u1ebf b\u00e0o g\u1ed1c m\u00e1u cu\u1ed1ng r\u1ed1n b\u1eb1ng x\u00e9t nghi\u1ec7m CFU t\u1ea1i c\u00e1c lab x\u1eed l\u00fd m\u00e1u cu\u1ed1ng r\u1ed1n.\",\"breadcrumb\":{\"@id\":\"https:\/\/biogroupvietnam.com\/vi\/san-pham\/human-cord-blood-quality-control-kit\/#breadcrumb\"},\"inLanguage\":\"vi\",\"potentialAction\":[{\"@type\":\"ReadAction\",\"target\":[\"https:\/\/biogroupvietnam.com\/vi\/san-pham\/human-cord-blood-quality-control-kit\/\"]}]},{\"@type\":\"ImageObject\",\"inLanguage\":\"vi\",\"@id\":\"https:\/\/biogroupvietnam.com\/vi\/san-pham\/human-cord-blood-quality-control-kit\/#primaryimage\",\"url\":\"https:\/\/biogroupvietnam.com\/wp-content\/uploads\/2025\/08\/bo-kit-qc-te-bao-goc-mau-cuong-ron-1.jpg\",\"contentUrl\":\"https:\/\/biogroupvietnam.com\/wp-content\/uploads\/2025\/08\/bo-kit-qc-te-bao-goc-mau-cuong-ron-1.jpg\",\"width\":1640,\"height\":1260,\"caption\":\"B\u1ed9 Kit QC T\u1ebf B\u00e0o G\u1ed1c M\u00e1u Cu\u1ed1ng R\u1ed1n\"},{\"@type\":\"BreadcrumbList\",\"@id\":\"https:\/\/biogroupvietnam.com\/vi\/san-pham\/human-cord-blood-quality-control-kit\/#breadcrumb\",\"itemListElement\":[{\"@type\":\"ListItem\",\"position\":1,\"name\":\"Trang ch\u1ee7\",\"item\":\"https:\/\/biogroupvietnam.com\/vi\/\"},{\"@type\":\"ListItem\",\"position\":2,\"name\":\"S\u1ea3n ph\u1ea9m\",\"item\":\"https:\/\/biogroupvietnam.com\/vi\/san-pham\/\"},{\"@type\":\"ListItem\",\"position\":3,\"name\":\"X\u00e9t Nghi\u1ec7m Sinh H\u1ecdc\",\"item\":\"https:\/\/biogroupvietnam.com\/vi\/danh-muc-san-pham\/xet-nghiem-sinh-hoc\/\"},{\"@type\":\"ListItem\",\"position\":4,\"name\":\"Th\u1eed Nghi\u1ec7m CFU\",\"item\":\"https:\/\/biogroupvietnam.com\/vi\/danh-muc-san-pham\/thu-nghiem-cfu\/\"},{\"@type\":\"ListItem\",\"position\":5,\"name\":\"B\u1ed9 Kit QC T\u1ebf B\u00e0o G\u1ed1c M\u00e1u Cu\u1ed1ng R\u1ed1n\"}]},{\"@type\":\"WebSite\",\"@id\":\"https:\/\/biogroupvietnam.com\/vi\/#website\",\"url\":\"https:\/\/biogroupvietnam.com\/vi\/\",\"name\":\"Biogroup Vietnam\",\"description\":\"Biogroup Vietnam cung c\u1ea5p d\u1ecbch v\u1ee5 k\u1ef9 thu\u1eadt c\u00f9ng thi\u1ebft b\u1ecb, v\u1eadt t\u01b0, h\u00f3a ch\u1ea5t v\u00e0 gi\u1ea3i ph\u00e1p sinh h\u1ecdc cho ph\u00f2ng th\u00ed nghi\u1ec7m c\u00f4ng ngh\u1ec7 sinh h\u1ecdc, y sinh v\u00e0 y h\u1ecdc t\u00e1i t\u1ea1o.\",\"potentialAction\":[{\"@type\":\"SearchAction\",\"target\":{\"@type\":\"EntryPoint\",\"urlTemplate\":\"https:\/\/biogroupvietnam.com\/vi\/?s={search_term_string}\"},\"query-input\":{\"@type\":\"PropertyValueSpecification\",\"valueRequired\":true,\"valueName\":\"search_term_string\"}}],\"inLanguage\":\"vi\"}]}<\/script>\n<!-- \/ Yoast SEO plugin. -->","yoast_head_json":{"title":"B\u1ed9 Kit QC T\u1ebf B\u00e0o G\u1ed1c M\u00e1u Cu\u1ed1ng R\u1ed1n","description":"B\u1ed9 kit ki\u1ec3m so\u00e1t ch\u1ea5t l\u01b0\u1ee3ng t\u1ebf b\u00e0o g\u1ed1c m\u00e1u cu\u1ed1ng r\u1ed1n b\u1eb1ng x\u00e9t nghi\u1ec7m CFU t\u1ea1i c\u00e1c lab x\u1eed l\u00fd m\u00e1u cu\u1ed1ng r\u1ed1n.","robots":{"index":"index","follow":"follow","max-snippet":"max-snippet:-1","max-image-preview":"max-image-preview:large","max-video-preview":"max-video-preview:-1"},"canonical":"https:\/\/biogroupvietnam.com\/vi\/san-pham\/human-cord-blood-quality-control-kit\/","og_locale":"vi_VN","og_type":"article","og_title":"B\u1ed9 Kit QC T\u1ebf B\u00e0o G\u1ed1c M\u00e1u Cu\u1ed1ng R\u1ed1n","og_description":"B\u1ed9 kit ki\u1ec3m so\u00e1t ch\u1ea5t l\u01b0\u1ee3ng t\u1ebf b\u00e0o g\u1ed1c m\u00e1u cu\u1ed1ng r\u1ed1n b\u1eb1ng x\u00e9t nghi\u1ec7m CFU t\u1ea1i c\u00e1c lab x\u1eed l\u00fd m\u00e1u cu\u1ed1ng r\u1ed1n.","og_url":"https:\/\/biogroupvietnam.com\/vi\/san-pham\/human-cord-blood-quality-control-kit\/","og_site_name":"Biogroup Vietnam","article_modified_time":"2026-04-03T09:38:14+00:00","og_image":[{"width":1640,"height":1260,"url":"https:\/\/biogroupvietnam.com\/wp-content\/uploads\/2025\/08\/bo-kit-qc-te-bao-goc-mau-cuong-ron-1.jpg","type":"image\/jpeg"}],"twitter_card":"summary_large_image","twitter_misc":{"\u01af\u1edbc t\u00ednh th\u1eddi gian \u0111\u1ecdc":"3 ph\u00fat"},"schema":{"@context":"https:\/\/schema.org","@graph":[{"@type":"WebPage","@id":"https:\/\/biogroupvietnam.com\/vi\/san-pham\/human-cord-blood-quality-control-kit\/","url":"https:\/\/biogroupvietnam.com\/vi\/san-pham\/human-cord-blood-quality-control-kit\/","name":"B\u1ed9 Kit QC T\u1ebf B\u00e0o G\u1ed1c M\u00e1u Cu\u1ed1ng R\u1ed1n","isPartOf":{"@id":"https:\/\/biogroupvietnam.com\/vi\/#website"},"primaryImageOfPage":{"@id":"https:\/\/biogroupvietnam.com\/vi\/san-pham\/human-cord-blood-quality-control-kit\/#primaryimage"},"image":{"@id":"https:\/\/biogroupvietnam.com\/vi\/san-pham\/human-cord-blood-quality-control-kit\/#primaryimage"},"thumbnailUrl":"https:\/\/biogroupvietnam.com\/wp-content\/uploads\/2025\/08\/bo-kit-qc-te-bao-goc-mau-cuong-ron-1.jpg","datePublished":"2025-08-18T12:53:48+00:00","dateModified":"2026-04-03T09:38:14+00:00","description":"B\u1ed9 kit ki\u1ec3m so\u00e1t ch\u1ea5t l\u01b0\u1ee3ng t\u1ebf b\u00e0o g\u1ed1c m\u00e1u cu\u1ed1ng r\u1ed1n b\u1eb1ng x\u00e9t nghi\u1ec7m CFU t\u1ea1i c\u00e1c lab x\u1eed l\u00fd m\u00e1u cu\u1ed1ng r\u1ed1n.","breadcrumb":{"@id":"https:\/\/biogroupvietnam.com\/vi\/san-pham\/human-cord-blood-quality-control-kit\/#breadcrumb"},"inLanguage":"vi","potentialAction":[{"@type":"ReadAction","target":["https:\/\/biogroupvietnam.com\/vi\/san-pham\/human-cord-blood-quality-control-kit\/"]}]},{"@type":"ImageObject","inLanguage":"vi","@id":"https:\/\/biogroupvietnam.com\/vi\/san-pham\/human-cord-blood-quality-control-kit\/#primaryimage","url":"https:\/\/biogroupvietnam.com\/wp-content\/uploads\/2025\/08\/bo-kit-qc-te-bao-goc-mau-cuong-ron-1.jpg","contentUrl":"https:\/\/biogroupvietnam.com\/wp-content\/uploads\/2025\/08\/bo-kit-qc-te-bao-goc-mau-cuong-ron-1.jpg","width":1640,"height":1260,"caption":"B\u1ed9 Kit QC T\u1ebf B\u00e0o G\u1ed1c M\u00e1u Cu\u1ed1ng R\u1ed1n"},{"@type":"BreadcrumbList","@id":"https:\/\/biogroupvietnam.com\/vi\/san-pham\/human-cord-blood-quality-control-kit\/#breadcrumb","itemListElement":[{"@type":"ListItem","position":1,"name":"Trang ch\u1ee7","item":"https:\/\/biogroupvietnam.com\/vi\/"},{"@type":"ListItem","position":2,"name":"S\u1ea3n ph\u1ea9m","item":"https:\/\/biogroupvietnam.com\/vi\/san-pham\/"},{"@type":"ListItem","position":3,"name":"X\u00e9t Nghi\u1ec7m Sinh H\u1ecdc","item":"https:\/\/biogroupvietnam.com\/vi\/danh-muc-san-pham\/xet-nghiem-sinh-hoc\/"},{"@type":"ListItem","position":4,"name":"Th\u1eed Nghi\u1ec7m CFU","item":"https:\/\/biogroupvietnam.com\/vi\/danh-muc-san-pham\/thu-nghiem-cfu\/"},{"@type":"ListItem","position":5,"name":"B\u1ed9 Kit QC T\u1ebf B\u00e0o G\u1ed1c M\u00e1u Cu\u1ed1ng R\u1ed1n"}]},{"@type":"WebSite","@id":"https:\/\/biogroupvietnam.com\/vi\/#website","url":"https:\/\/biogroupvietnam.com\/vi\/","name":"Biogroup Vietnam","description":"Biogroup Vietnam cung c\u1ea5p d\u1ecbch v\u1ee5 k\u1ef9 thu\u1eadt c\u00f9ng thi\u1ebft b\u1ecb, v\u1eadt t\u01b0, h\u00f3a ch\u1ea5t v\u00e0 gi\u1ea3i ph\u00e1p sinh h\u1ecdc cho ph\u00f2ng th\u00ed nghi\u1ec7m c\u00f4ng ngh\u1ec7 sinh h\u1ecdc, y sinh v\u00e0 y h\u1ecdc t\u00e1i t\u1ea1o.","potentialAction":[{"@type":"SearchAction","target":{"@type":"EntryPoint","urlTemplate":"https:\/\/biogroupvietnam.com\/vi\/?s={search_term_string}"},"query-input":{"@type":"PropertyValueSpecification","valueRequired":true,"valueName":"search_term_string"}}],"inLanguage":"vi"}]}},"_links":{"self":[{"href":"https:\/\/biogroupvietnam.com\/vi\/wp-json\/wp\/v2\/product\/3841","targetHints":{"allow":["GET"]}}],"collection":[{"href":"https:\/\/biogroupvietnam.com\/vi\/wp-json\/wp\/v2\/product"}],"about":[{"href":"https:\/\/biogroupvietnam.com\/vi\/wp-json\/wp\/v2\/types\/product"}],"replies":[{"embeddable":true,"href":"https:\/\/biogroupvietnam.com\/vi\/wp-json\/wp\/v2\/comments?post=3841"}],"version-history":[{"count":4,"href":"https:\/\/biogroupvietnam.com\/vi\/wp-json\/wp\/v2\/product\/3841\/revisions"}],"predecessor-version":[{"id":10179,"href":"https:\/\/biogroupvietnam.com\/vi\/wp-json\/wp\/v2\/product\/3841\/revisions\/10179"}],"wp:featuredmedia":[{"embeddable":true,"href":"https:\/\/biogroupvietnam.com\/vi\/wp-json\/wp\/v2\/media\/10182"}],"wp:attachment":[{"href":"https:\/\/biogroupvietnam.com\/vi\/wp-json\/wp\/v2\/media?parent=3841"}],"wp:term":[{"taxonomy":"product_brand","embeddable":true,"href":"https:\/\/biogroupvietnam.com\/vi\/wp-json\/wp\/v2\/product_brand?post=3841"},{"taxonomy":"product_cat","embeddable":true,"href":"https:\/\/biogroupvietnam.com\/vi\/wp-json\/wp\/v2\/product_cat?post=3841"},{"taxonomy":"product_tag","embeddable":true,"href":"https:\/\/biogroupvietnam.com\/vi\/wp-json\/wp\/v2\/product_tag?post=3841"}],"curies":[{"name":"wp","href":"https:\/\/api.w.org\/{rel}","templated":true}]}}