{"id":3842,"date":"2025-08-18T19:53:48","date_gmt":"2025-08-18T12:53:48","guid":{"rendered":"http:\/\/biogroupvietnam-worldpress.local\/product\/import-placeholder-for-144\/"},"modified":"2025-12-17T14:36:36","modified_gmt":"2025-12-17T07:36:36","slug":"adamii-cd34","status":"publish","type":"product","link":"https:\/\/biogroupvietnam.com\/vi\/san-pham\/adamii-cd34\/","title":{"rendered":"M\u00e1y \u0110\u1ebfm T\u1ebf B\u00e0o ADAMII\u2122 CD34"},"content":{"rendered":"<h3><strong>ADAMII\u2122 CD34 \u2013 Gi\u1ea3i ph\u00e1p \u0111\u1ebfm t\u1ebf b\u00e0o g\u1ed1c t\u1ea1o m\u00e1u ch\u00ednh x\u00e1c v\u00e0 nhanh ch\u00f3ng cho ng\u00e2n h\u00e0ng m\u00e1u &amp; trung t\u00e2m gh\u00e9p t\u1ebf b\u00e0o g\u1ed1c<\/strong><\/h3>\n<h4><strong>Gi\u1edbi thi\u1ec7u t\u1ed5ng quan m\u00e1y ADAMII\u2122 CD34<\/strong><\/h4>\n<p><strong>ADAMII\u2122 CD34<\/strong> l\u00e0 thi\u1ebft b\u1ecb \u0111\u1ebfm t\u1ebf b\u00e0o g\u1ed1c t\u1ea1o m\u00e1u (CD34\u207a Hematopoietic Stem Cell Counter) <strong>d\u1ef1a tr\u00ean h\u00ecnh \u1ea3nh hu\u1ef3nh quang (image-based fluorescence)<\/strong>, \u0111\u01b0\u1ee3c ph\u00e1t tri\u1ec3n b\u1edfi <strong>NanoEntek (H\u00e0n Qu\u1ed1c)<\/strong> \u2013 v\u00e0 hi\u1ec7n \u0111\u01b0\u1ee3c <strong>FDA 510(k) ch\u1ee9ng nh\u1eadn v\u00e0 CE-marked<\/strong> cho s\u1eed d\u1ee5ng trong ch\u1ea9n \u0111o\u00e1n <em>in vitro<\/em>.<br \/>\nThi\u1ebft b\u1ecb \u0111\u01b0\u1ee3c thi\u1ebft k\u1ebf chuy\u00ean bi\u1ec7t \u0111\u1ec3 \u0111\u1ecbnh l\u01b0\u1ee3ng t\u1ebf b\u00e0o g\u1ed1c CD34\u207a t\u1eeb <strong>m\u00e1u cu\u1ed1ng r\u1ed1n (UCB)<\/strong>, <strong>m\u00e1u ngo\u1ea1i vi huy \u0111\u1ed9ng (MPB)<\/strong>, ho\u1eb7c <strong>s\u1ea3n ph\u1ea9m t\u1ebf b\u00e0o HPC-A<\/strong>, gi\u00fap <strong>\u0111\u1ea3m b\u1ea3o ch\u1ea5t l\u01b0\u1ee3ng m\u1eabu gh\u00e9p, r\u00fat ng\u1eafn th\u1eddi gian thao t\u00e1c v\u00e0 lo\u1ea1i b\u1ecf sai s\u1ed1 ng\u01b0\u1eddi v\u1eadn h\u00e0nh<\/strong>.<\/p>\n<p><strong>\u1ee8ng d\u1ee5ng:<\/strong> Ki\u1ec3m so\u00e1t ch\u1ea5t l\u01b0\u1ee3ng (QC) t\u1ebf b\u00e0o g\u1ed1c tr\u01b0\u1edbc gh\u00e9p, ph\u00e2n t\u00edch hi\u1ec7u qu\u1ea3 thu ho\u1ea1ch t\u1ebf b\u00e0o g\u1ed1c, ki\u1ec3m tra \u0111\u1ed9 s\u1ed1ng v\u00e0 t\u1ef7 l\u1ec7 CD34\u207a\/CD45\u207a trong s\u1ea3n ph\u1ea9m t\u1ebf b\u00e0o.<\/p>\n<h4><strong>\u01afu \u0111i\u1ec3m n\u1ed5i b\u1eadt c\u1ee7a m\u00e1y ADAMII\u2122 CD34<\/strong><\/h4>\n<ol>\n<li><strong> Kh\u00f4ng c\u1ea7n Gating \u2013 Kh\u00f4ng c\u1ea7n Buffer \u2013 Kh\u00f4ng c\u1ea7n Washing<\/strong><\/li>\n<\/ol>\n<ul>\n<li>Thi\u1ebft b\u1ecb \u0111\u01b0\u1ee3c <strong>hi\u1ec7u chu\u1ea9n s\u1eb5n t\u1ea1i nh\u00e0 m\u00e1y<\/strong>, kh\u00f4ng y\u00eau c\u1ea7u ng\u01b0\u1eddi d\u00f9ng th\u1ef1c hi\u1ec7n gating ph\u1ee9c t\u1ea1p nh\u01b0 flow cytometer.<\/li>\n<li>Quy tr\u00ecnh chu\u1ea9n b\u1ecb m\u1eabu <strong>ch\u1ec9 v\u1edbi 3 b\u01b0\u1edbc \u0111\u01a1n gi\u1ea3n<\/strong>, kh\u00f4ng c\u1ea7n s\u1eed d\u1ee5ng buffer hay dung d\u1ecbch r\u1eeda.<\/li>\n<li>Gi\u1ea3m thi\u1ec3u t\u1ed1i \u0111a thao t\u00e1c th\u1ee7 c\u00f4ng, ph\u00f9 h\u1ee3p cho c\u00e1c lab QC ho\u1eb7c c\u01a1 s\u1edf gh\u00e9p t\u1ebf b\u00e0o mu\u1ed1n r\u00fat ng\u1eafn th\u1eddi gian ph\u00e2n t\u00edch.<\/li>\n<\/ul>\n<ol>\n<li><strong> Kh\u00f4ng y\u00eau c\u1ea7u b\u1ea3o tr\u00ec &amp; chi ph\u00ed v\u1eadn h\u00e0nh th\u1ea5p<\/strong><\/li>\n<\/ol>\n<ul>\n<li>Kh\u00f4ng c\u1ea7n hi\u1ec7u chu\u1ea9n \u0111\u1ecbnh k\u1ef3 ho\u1eb7c thay th\u1ebf linh ki\u1ec7n.<\/li>\n<li>Kh\u00f4ng ph\u00e1t sinh chi ph\u00ed b\u1ea3o d\u01b0\u1ee1ng h\u00e0ng n\u0103m \u2013 <strong>Total Cost of Ownership g\u1ea7n nh\u01b0 b\u1eb1ng 0.<\/strong><\/li>\n<\/ul>\n<ol>\n<li><strong> \u0110\u1ed9 ch\u00ednh x\u00e1c t\u01b0\u01a1ng \u0111\u01b0\u01a1ng Flow Cytometry<\/strong><\/li>\n<\/ol>\n<ul>\n<li>K\u1ebft qu\u1ea3 <strong>c\u00f3 \u0111\u1ed9 t\u01b0\u01a1ng quan R\u00b2 &gt; 0.98\u20130.99<\/strong> so v\u1edbi k\u1ebft qu\u1ea3 \u0111o b\u1eb1ng flow cytometer theo h\u01b0\u1edbng d\u1eabn c\u1ee7a ISHAGE.<\/li>\n<li>C\u00e1c th\u00f4ng s\u1ed1 \u0111\u01b0\u1ee3c \u0111o l\u01b0\u1eddng t\u01b0\u01a1ng \u0111\u01b0\u01a1ng: <em>Total CD34, Viable CD34, Total CD45, Viable CD45, CD34\u207a\/CD45\u207a (%).<\/em><\/li>\n<\/ul>\n<ol>\n<li><strong> All-in-One Reagent \u2013 Quy tr\u00ecnh \u0111\u01a1n gi\u1ea3n<\/strong><\/li>\n<\/ol>\n<ul>\n<li>H\u00f3a ch\u1ea5t (CD34, CD45, viability dye) \u0111\u01b0\u1ee3c <strong>t\u00edch h\u1ee3p trong m\u1ed9t b\u1ed9 th\u1eed duy nh\u1ea5t (All-in-One Solution)<\/strong>, gi\u00fap ng\u01b0\u1eddi d\u00f9ng d\u1ec5 d\u00e0ng thao t\u00e1c m\u00e0 v\u1eabn \u0111\u1ea3m b\u1ea3o t\u00ednh nh\u1ea5t qu\u00e1n.<\/li>\n<li>Ch\u1ec9 c\u1ea7n <strong>20\u201330 ph\u00fat<\/strong> \u0111\u1ec3 c\u00f3 k\u1ebft qu\u1ea3 ho\u00e0n ch\u1ec9nh \u2013 r\u00fat ng\u1eafn th\u1eddi gian so v\u1edbi quy tr\u00ecnh flow cytometry l\u00ean \u0111\u1ebfn v\u00e0i gi\u1edd.<\/li>\n<\/ul>\n<h4><strong>Quy tr\u00ecnh thao t\u00e1c \u0111\u01a1n gi\u1ea3n<\/strong><\/h4>\n<ol>\n<li><strong>Tr\u1ed9n m\u1eabu v\u00e0 thu\u1ed1c nhu\u1ed9m<\/strong> trong \u1ed1ng nghi\u1ec7m, \u1ee7 20 ph\u00fat.<\/li>\n<li><strong>Th\u00eam dung d\u1ecbch ly gi\u1ea3i h\u1ed3ng c\u1ea7u (RBC lysis buffer)<\/strong>, \u1ee7 th\u00eam 10 ph\u00fat.<\/li>\n<li><strong>T\u1ea3i m\u1eabu l\u00ean lam chuy\u00ean d\u1ee5ng<\/strong> v\u00e0 cho v\u00e0o thi\u1ebft b\u1ecb ADAMII\u2122 CD34.<\/li>\n<li><strong>Nh\u1eadn k\u1ebft qu\u1ea3 t\u1ef1 \u0111\u1ed9ng<\/strong> hi\u1ec3n th\u1ecb tr\u1ef1c quan tr\u00ean ph\u1ea7n m\u1ec1m ph\u00e2n t\u00edch.<\/li>\n<\/ol>\n<p>\ud83d\udc49 Kh\u00f4ng c\u1ea7n chuy\u00ean gia flow cytometry.<br \/>\n\ud83d\udc49 C\u00f3 th\u1ec3 v\u1eadn h\u00e0nh ch\u1ec9 sau m\u1ed9t bu\u1ed5i \u0111\u00e0o t\u1ea1o ng\u1eafn.<\/p>\n<h4><strong>\u1ee8ng d\u1ee5ng trong th\u1ef1c t\u1ebf c\u1ee7a m\u00e1y ADAMII\u2122 CD34<\/strong><\/h4>\n<ul>\n<li><strong>Ng\u00e2n h\u00e0ng m\u00e1u cu\u1ed1ng r\u1ed1n (Cord Blood Banks):<\/strong> \u0111\u00e1nh gi\u00e1 ch\u1ea5t l\u01b0\u1ee3ng UCB t\u01b0\u01a1i ho\u1eb7c l\u01b0u tr\u1eef \u0111\u00f4ng l\u1ea1nh.<\/li>\n<li><strong>Trung t\u00e2m gh\u00e9p t\u1ebf b\u00e0o g\u1ed1c:<\/strong> ki\u1ec3m tra nhanh hi\u1ec7u su\u1ea5t huy \u0111\u1ed9ng v\u00e0 thu h\u1ed3i HSC.<\/li>\n<li><strong>Ph\u00f2ng QC s\u1ea3n xu\u1ea5t li\u1ec7u ph\u00e1p t\u1ebf b\u00e0o:<\/strong> \u0111\u1ea3m b\u1ea3o \u0111\u1ed9 s\u1ed1ng v\u00e0 t\u1ef7 l\u1ec7 CD34\u207a \u0111\u1ea1t chu\u1ea9n GMP.<\/li>\n<li><strong>C\u01a1 s\u1edf nghi\u00ean c\u1ee9u t\u1ebf b\u00e0o g\u1ed1c &amp; mi\u1ec5n d\u1ecbch:<\/strong> \u0111o nhanh CD34\u207a\/CD45\u207a cho ph\u00e2n t\u00edch l\u00e2m s\u00e0ng v\u00e0 R&amp;D.<\/li>\n<\/ul>\n<p><strong>Th\u00f4ng s\u1ed1 k\u1ef9 thu\u1eadt ch\u00ednh c\u1ee7a m\u00e1y ADAMII\u2122 CD34<\/strong><\/p>\n<table>\n<thead>\n<tr>\n<td><strong>\u0110\u1eb7c \u0111i\u1ec3m<\/strong><\/td>\n<td><strong>Th\u00f4ng tin<\/strong><\/td>\n<\/tr>\n<\/thead>\n<tbody>\n<tr>\n<td>Ngu\u1ed3n s\u00e1ng<\/td>\n<td>1 bright field, 3 fluorescence<\/td>\n<\/tr>\n<tr>\n<td>Camera<\/td>\n<td>High-sensitivity monochrome CCD<\/td>\n<\/tr>\n<tr>\n<td>M\u1eabu<\/td>\n<td>HPC-A, MPB, Cord blood<\/td>\n<\/tr>\n<tr>\n<td>Th\u1ec3 t\u00edch m\u1eabu<\/td>\n<td>25 \u00b5L<\/td>\n<\/tr>\n<tr>\n<td>T\u1ed5ng khung h\u00ecnh<\/td>\n<td>75 frames<\/td>\n<\/tr>\n<tr>\n<td>K\u00edch th\u01b0\u1edbc (L\u00d7W\u00d7H)<\/td>\n<td>300 \u00d7 420 \u00d7 370 mm<\/td>\n<\/tr>\n<tr>\n<td>Kh\u1ed1i l\u01b0\u1ee3ng<\/td>\n<td>19.3 kg<\/td>\n<\/tr>\n<tr>\n<td>B\u1ed9 kit \u0111i k\u00e8m<\/td>\n<td>CD34 reagent, 10\u00d7 RBC lysis buffer, calibration beads<\/td>\n<\/tr>\n<\/tbody>\n<\/table>\n<p>&nbsp;<\/p>\n<h4><strong>L\u1ee3i \u00edch cho ph\u00f2ng th\u00ed nghi\u1ec7m v\u00e0 trung t\u00e2m t\u1ebf b\u00e0o<\/strong><\/h4>\n<ul>\n<li><strong>R\u00fat ng\u1eafn th\u1eddi gian QC:<\/strong> ch\u1ec9 30 ph\u00fat thay v\u00ec 3\u20134 gi\u1edd nh\u01b0 flow cytometry.<\/li>\n<li><strong>Gi\u1ea3m ph\u1ee5 thu\u1ed9c v\u00e0o chuy\u00ean vi\u00ean cao c\u1ea5p:<\/strong> thao t\u00e1c \u0111\u01a1n gi\u1ea3n, d\u1ec5 \u0111\u00e0o t\u1ea1o.<\/li>\n<li><strong>Ti\u1ebft ki\u1ec7m chi ph\u00ed \u0111\u1ea7u t\u01b0 v\u00e0 v\u1eadn h\u00e0nh:<\/strong> kh\u00f4ng c\u1ea7n b\u1ea3o d\u01b0\u1ee1ng, kh\u00f4ng ti\u00eau hao buffer.<\/li>\n<li><strong>\u0110\u1ed9 tin c\u1eady cao:<\/strong> \u0111\u01b0\u1ee3c FDA 510(k) &amp; CE ch\u1ee9ng nh\u1eadn, tu\u00e2n th\u1ee7 h\u01b0\u1edbng d\u1eabn ISHAGE.<\/li>\n<li><strong>T\u1ed1i \u01b0u cho m\u00f4 h\u00ecnh ph\u00f2ng lab GMP &amp; ng\u00e2n h\u00e0ng m\u00e1u.<\/strong><\/li>\n<\/ul>\n<h4><strong>K\u1ebft lu\u1eadn<\/strong><\/h4>\n<p>V\u1edbi thi\u1ebft k\u1ebf nh\u1ecf g\u1ecdn, quy tr\u00ecnh \u0111\u01a1n gi\u1ea3n v\u00e0 \u0111\u1ed9 ch\u00ednh x\u00e1c t\u01b0\u01a1ng \u0111\u01b0\u01a1ng flow cytometer, <strong>ADAMII\u2122 CD34<\/strong> l\u00e0 <strong>gi\u1ea3i ph\u00e1p l\u00fd t\u01b0\u1edfng \u0111\u1ec3 \u0111\u1ebfm t\u1ebf b\u00e0o g\u1ed1c CD34\u207a nhanh ch\u00f3ng, ch\u00ednh x\u00e1c v\u00e0 ti\u1ebft ki\u1ec7m chi ph\u00ed<\/strong>, gi\u00fap <strong>ng\u00e2n h\u00e0ng m\u00e1u, trung t\u00e2m gh\u00e9p t\u1ebf b\u00e0o v\u00e0 ph\u00f2ng QC \u0111\u1ea1t ti\u00eau chu\u1ea9n qu\u1ed1c t\u1ebf trong ki\u1ec3m so\u00e1t ch\u1ea5t l\u01b0\u1ee3ng m\u1eabu gh\u00e9p.<\/strong><\/p>\n","protected":false},"excerpt":{"rendered":"<p><strong>ADAMII\u2122 CD34<\/strong> l\u00e0 thi\u1ebft b\u1ecb \u0111\u1ebfm t\u1ebf b\u00e0o hu\u1ef3nh quang d\u1ef1a tr\u00ean h\u00ecnh \u1ea3nh, \u0111\u01b0\u1ee3c thi\u1ebft k\u1ebf chuy\u00ean bi\u1ec7t \u0111\u1ec3 <strong data-start=\"100\" data-end=\"145\">\u0111\u1ecbnh l\u01b0\u1ee3ng t\u1ebf b\u00e0o g\u1ed1c t\u1ea1o m\u00e1u CD34\u207a (HSC)<\/strong>. \u0110\u01b0\u1ee3c ph\u00e1t tri\u1ec3n b\u1edfi <strong data-start=\"167\" data-end=\"191\" data-is-only-node=\"\">NanoEntek (H\u00e0n Qu\u1ed1c)<\/strong> v\u00e0 \u0111\u00e3 \u0111\u01b0\u1ee3c <strong data-start=\"203\" data-end=\"250\">FDA 510(k) ph\u00ea duy\u1ec7t c\u0169ng nh\u01b0 ch\u1ee9ng nh\u1eadn CE<\/strong> cho s\u1eed d\u1ee5ng trong ch\u1ea9n \u0111o\u00e1n <em data-start=\"279\" data-end=\"289\">in vitro<\/em>, ADAMII\u2122 CD34 mang \u0111\u1ebfn <strong data-start=\"313\" data-end=\"379\">gi\u1ea3i ph\u00e1p thay th\u1ebf nhanh ch\u00f3ng, ch\u00ednh x\u00e1c v\u00e0 ti\u1ebft ki\u1ec7m chi ph\u00ed<\/strong> cho <strong data-start=\"384\" data-end=\"402\">flow cytometry<\/strong> trong vi\u1ec7c \u0111\u1ebfm t\u1ebf b\u00e0o g\u1ed1c t\u1eeb <strong data-start=\"432\" data-end=\"455\">m\u00e1u cu\u1ed1ng r\u1ed1n (UCB)<\/strong>, <strong data-start=\"457\" data-end=\"488\">m\u00e1u ngo\u1ea1i vi huy \u0111\u1ed9ng (MPB)<\/strong> v\u00e0 <strong data-start=\"492\" data-end=\"517\">s\u1ea3n ph\u1ea9m t\u1ebf b\u00e0o HPC-A<\/strong>.<\/p>\n<p data-start=\"522\" data-end=\"863\">B\u1eb1ng c\u00e1ch lo\u1ea1i b\u1ecf s\u1ef1 ph\u1ee9c t\u1ea1p c\u1ee7a quy tr\u00ecnh <strong data-start=\"566\" data-end=\"584\">flow cytometry<\/strong> truy\u1ec1n th\u1ed1ng, <strong data-start=\"599\" data-end=\"615\">ADAMII\u2122 CD34<\/strong> gi\u00fap <strong data-start=\"621\" data-end=\"704\">ng\u00e2n h\u00e0ng m\u00e1u cu\u1ed1ng r\u1ed1n, ph\u00f2ng th\u00ed nghi\u1ec7m t\u1ebf b\u00e0o g\u1ed1c v\u00e0 c\u00e1c c\u01a1 s\u1edf \u0111\u1ea1t chu\u1ea9n GMP<\/strong> c\u00f3 th\u1ec3 th\u1ef1c hi\u1ec7n <strong data-start=\"722\" data-end=\"751\">ki\u1ec3m so\u00e1t ch\u1ea5t l\u01b0\u1ee3ng (QC)<\/strong> t\u1ebf b\u00e0o g\u1ed1c <strong data-start=\"763\" data-end=\"789\">ch\u00ednh x\u00e1c, nhanh ch\u00f3ng<\/strong>, ch\u1ec9 v\u1edbi <strong data-start=\"799\" data-end=\"820\">\u0111\u00e0o t\u1ea1o t\u1ed1i thi\u1ec3u<\/strong> v\u00e0 <strong data-start=\"824\" data-end=\"860\">th\u1eddi gian x\u1eed l\u00fd ng\u1eafn h\u01a1n \u0111\u00e1ng k\u1ec3<\/strong>.<\/p>\n<p data-start=\"865\" data-end=\"1079\" data-is-last-node=\"\" data-is-only-node=\"\"><strong data-start=\"865\" data-end=\"878\">\u1ee8ng d\u1ee5ng:<\/strong> Ki\u1ec3m so\u00e1t ch\u1ea5t l\u01b0\u1ee3ng (QC) s\u1ea3n ph\u1ea9m t\u1ebf b\u00e0o g\u1ed1c, \u0111\u00e1nh gi\u00e1 tr\u01b0\u1edbc gh\u00e9p, \u0111\u1ecbnh l\u01b0\u1ee3ng t\u1ebf b\u00e0o CD34\u207a trong m\u1eabu thu ho\u1ea1ch HSC, v\u00e0 \u0111\u00e1nh gi\u00e1 \u0111\u1ed9 s\u1ed1ng c\u1ee7a t\u1ebf b\u00e0o trong c\u00e1c ph\u00f2ng th\u00ed nghi\u1ec7m nghi\u00ean c\u1ee9u ho\u1eb7c l\u00e2m s\u00e0ng.<\/p>\n","protected":false},"featured_media":8968,"comment_status":"closed","ping_status":"closed","template":"","meta":{"_acf_changed":false},"product_brand":[134],"product_cat":[174,111],"product_tag":[],"class_list":{"0":"post-3842","1":"product","2":"type-product","3":"status-publish","4":"has-post-thumbnail","6":"product_brand-nanoentek","7":"product_cat-dem-te-bao-cd34","8":"product_cat-dem-phan-tich-te-bao","10":"first","11":"outofstock","12":"shipping-taxable","13":"product-type-simple"},"acf":[],"yoast_head":"<!-- This site is optimized with the Yoast SEO plugin v26.8 - https:\/\/yoast.com\/product\/yoast-seo-wordpress\/ -->\n<title>M\u00e1y ADAMII\u2122 - \u0110\u1ebfm T\u1ebf B\u00e0o G\u1ed1c CD34<\/title>\n<meta name=\"description\" content=\"ADAMII\u2122 CD34 \u2013 thi\u1ebft b\u1ecb \u0111\u1ebfm t\u1ebf b\u00e0o g\u1ed1c CD34\u207a t\u1ef1 \u0111\u1ed9ng, \u0111\u1ed9 ch\u00ednh x\u00e1c t\u01b0\u01a1ng \u0111\u01b0\u01a1ng Flow Cytometry, FDA &amp; CE ch\u1ee9ng nh\u1eadn, t\u1ed1i \u01b0u cho ng\u00e2n h\u00e0ng m\u00e1u &amp; ph\u00f2ng QC.\" \/>\n<meta name=\"robots\" content=\"index, follow, max-snippet:-1, max-image-preview:large, max-video-preview:-1\" \/>\n<link rel=\"canonical\" href=\"https:\/\/biogroupvietnam.com\/vi\/san-pham\/adamii-cd34\/\" \/>\n<meta property=\"og:locale\" content=\"vi_VN\" \/>\n<meta property=\"og:type\" content=\"article\" \/>\n<meta property=\"og:title\" content=\"M\u00e1y ADAMII\u2122 - \u0110\u1ebfm T\u1ebf B\u00e0o G\u1ed1c CD34\" \/>\n<meta property=\"og:description\" content=\"ADAMII\u2122 CD34 \u2013 thi\u1ebft b\u1ecb \u0111\u1ebfm t\u1ebf b\u00e0o g\u1ed1c CD34\u207a t\u1ef1 \u0111\u1ed9ng, \u0111\u1ed9 ch\u00ednh x\u00e1c t\u01b0\u01a1ng \u0111\u01b0\u01a1ng Flow Cytometry, FDA &amp; CE ch\u1ee9ng nh\u1eadn, t\u1ed1i \u01b0u cho ng\u00e2n h\u00e0ng m\u00e1u &amp; ph\u00f2ng QC.\" \/>\n<meta property=\"og:url\" content=\"https:\/\/biogroupvietnam.com\/vi\/san-pham\/adamii-cd34\/\" \/>\n<meta property=\"og:site_name\" content=\"Biogroup Vietnam\" \/>\n<meta property=\"article:modified_time\" content=\"2025-12-17T07:36:36+00:00\" \/>\n<meta property=\"og:image\" content=\"https:\/\/biogroupvietnam.com\/wp-content\/uploads\/2025\/08\/ADAMII\u2122-CD34.jpg\" \/>\n\t<meta property=\"og:image:width\" content=\"1640\" \/>\n\t<meta property=\"og:image:height\" content=\"1260\" \/>\n\t<meta property=\"og:image:type\" content=\"image\/jpeg\" \/>\n<meta name=\"twitter:card\" content=\"summary_large_image\" \/>\n<meta name=\"twitter:label1\" content=\"\u01af\u1edbc t\u00ednh th\u1eddi gian \u0111\u1ecdc\" \/>\n\t<meta name=\"twitter:data1\" content=\"5 ph\u00fat\" \/>\n<script type=\"application\/ld+json\" class=\"yoast-schema-graph\">{\"@context\":\"https:\/\/schema.org\",\"@graph\":[{\"@type\":\"WebPage\",\"@id\":\"https:\/\/biogroupvietnam.com\/vi\/san-pham\/adamii-cd34\/\",\"url\":\"https:\/\/biogroupvietnam.com\/vi\/san-pham\/adamii-cd34\/\",\"name\":\"M\u00e1y ADAMII\u2122 - \u0110\u1ebfm T\u1ebf B\u00e0o G\u1ed1c CD34\",\"isPartOf\":{\"@id\":\"https:\/\/biogroupvietnam.com\/vi\/#website\"},\"primaryImageOfPage\":{\"@id\":\"https:\/\/biogroupvietnam.com\/vi\/san-pham\/adamii-cd34\/#primaryimage\"},\"image\":{\"@id\":\"https:\/\/biogroupvietnam.com\/vi\/san-pham\/adamii-cd34\/#primaryimage\"},\"thumbnailUrl\":\"https:\/\/biogroupvietnam.com\/wp-content\/uploads\/2025\/08\/ADAMII\u2122-CD34.jpg\",\"datePublished\":\"2025-08-18T12:53:48+00:00\",\"dateModified\":\"2025-12-17T07:36:36+00:00\",\"description\":\"ADAMII\u2122 CD34 \u2013 thi\u1ebft b\u1ecb \u0111\u1ebfm t\u1ebf b\u00e0o g\u1ed1c CD34\u207a t\u1ef1 \u0111\u1ed9ng, \u0111\u1ed9 ch\u00ednh x\u00e1c t\u01b0\u01a1ng \u0111\u01b0\u01a1ng Flow Cytometry, FDA & CE ch\u1ee9ng nh\u1eadn, t\u1ed1i \u01b0u cho ng\u00e2n h\u00e0ng m\u00e1u & ph\u00f2ng QC.\",\"breadcrumb\":{\"@id\":\"https:\/\/biogroupvietnam.com\/vi\/san-pham\/adamii-cd34\/#breadcrumb\"},\"inLanguage\":\"vi\",\"potentialAction\":[{\"@type\":\"ReadAction\",\"target\":[\"https:\/\/biogroupvietnam.com\/vi\/san-pham\/adamii-cd34\/\"]}]},{\"@type\":\"ImageObject\",\"inLanguage\":\"vi\",\"@id\":\"https:\/\/biogroupvietnam.com\/vi\/san-pham\/adamii-cd34\/#primaryimage\",\"url\":\"https:\/\/biogroupvietnam.com\/wp-content\/uploads\/2025\/08\/ADAMII\u2122-CD34.jpg\",\"contentUrl\":\"https:\/\/biogroupvietnam.com\/wp-content\/uploads\/2025\/08\/ADAMII\u2122-CD34.jpg\",\"width\":1640,\"height\":1260},{\"@type\":\"BreadcrumbList\",\"@id\":\"https:\/\/biogroupvietnam.com\/vi\/san-pham\/adamii-cd34\/#breadcrumb\",\"itemListElement\":[{\"@type\":\"ListItem\",\"position\":1,\"name\":\"Trang ch\u1ee7\",\"item\":\"https:\/\/biogroupvietnam.com\/vi\/\"},{\"@type\":\"ListItem\",\"position\":2,\"name\":\"S\u1ea3n ph\u1ea9m\",\"item\":\"https:\/\/biogroupvietnam.com\/vi\/san-pham\/\"},{\"@type\":\"ListItem\",\"position\":3,\"name\":\"X\u00e9t Nghi\u1ec7m Sinh H\u1ecdc\",\"item\":\"https:\/\/biogroupvietnam.com\/vi\/danh-muc-san-pham\/xet-nghiem-sinh-hoc\/\"},{\"@type\":\"ListItem\",\"position\":4,\"name\":\"\u0110\u1ebfm T\u1ebf B\u00e0o CD34\",\"item\":\"https:\/\/biogroupvietnam.com\/vi\/danh-muc-san-pham\/dem-te-bao-cd34\/\"},{\"@type\":\"ListItem\",\"position\":5,\"name\":\"M\u00e1y \u0110\u1ebfm T\u1ebf B\u00e0o ADAMII\u2122 CD34\"}]},{\"@type\":\"WebSite\",\"@id\":\"https:\/\/biogroupvietnam.com\/vi\/#website\",\"url\":\"https:\/\/biogroupvietnam.com\/vi\/\",\"name\":\"Biogroup Vietnam\",\"description\":\"Biogroup Vietnam cung c\u1ea5p d\u1ecbch v\u1ee5 k\u1ef9 thu\u1eadt c\u00f9ng thi\u1ebft b\u1ecb, v\u1eadt t\u01b0, h\u00f3a ch\u1ea5t v\u00e0 gi\u1ea3i ph\u00e1p sinh h\u1ecdc cho ph\u00f2ng th\u00ed nghi\u1ec7m c\u00f4ng ngh\u1ec7 sinh h\u1ecdc, y sinh v\u00e0 y h\u1ecdc t\u00e1i t\u1ea1o.\",\"potentialAction\":[{\"@type\":\"SearchAction\",\"target\":{\"@type\":\"EntryPoint\",\"urlTemplate\":\"https:\/\/biogroupvietnam.com\/vi\/?s={search_term_string}\"},\"query-input\":{\"@type\":\"PropertyValueSpecification\",\"valueRequired\":true,\"valueName\":\"search_term_string\"}}],\"inLanguage\":\"vi\"}]}<\/script>\n<!-- \/ Yoast SEO plugin. -->","yoast_head_json":{"title":"M\u00e1y ADAMII\u2122 - \u0110\u1ebfm T\u1ebf B\u00e0o G\u1ed1c CD34","description":"ADAMII\u2122 CD34 \u2013 thi\u1ebft b\u1ecb \u0111\u1ebfm t\u1ebf b\u00e0o g\u1ed1c CD34\u207a t\u1ef1 \u0111\u1ed9ng, \u0111\u1ed9 ch\u00ednh x\u00e1c t\u01b0\u01a1ng \u0111\u01b0\u01a1ng Flow Cytometry, FDA & CE ch\u1ee9ng nh\u1eadn, t\u1ed1i \u01b0u cho ng\u00e2n h\u00e0ng m\u00e1u & ph\u00f2ng QC.","robots":{"index":"index","follow":"follow","max-snippet":"max-snippet:-1","max-image-preview":"max-image-preview:large","max-video-preview":"max-video-preview:-1"},"canonical":"https:\/\/biogroupvietnam.com\/vi\/san-pham\/adamii-cd34\/","og_locale":"vi_VN","og_type":"article","og_title":"M\u00e1y ADAMII\u2122 - \u0110\u1ebfm T\u1ebf B\u00e0o G\u1ed1c CD34","og_description":"ADAMII\u2122 CD34 \u2013 thi\u1ebft b\u1ecb \u0111\u1ebfm t\u1ebf b\u00e0o g\u1ed1c CD34\u207a t\u1ef1 \u0111\u1ed9ng, \u0111\u1ed9 ch\u00ednh x\u00e1c t\u01b0\u01a1ng \u0111\u01b0\u01a1ng Flow Cytometry, FDA & CE ch\u1ee9ng nh\u1eadn, t\u1ed1i \u01b0u cho ng\u00e2n h\u00e0ng m\u00e1u & ph\u00f2ng QC.","og_url":"https:\/\/biogroupvietnam.com\/vi\/san-pham\/adamii-cd34\/","og_site_name":"Biogroup Vietnam","article_modified_time":"2025-12-17T07:36:36+00:00","og_image":[{"width":1640,"height":1260,"url":"https:\/\/biogroupvietnam.com\/wp-content\/uploads\/2025\/08\/ADAMII\u2122-CD34.jpg","type":"image\/jpeg"}],"twitter_card":"summary_large_image","twitter_misc":{"\u01af\u1edbc t\u00ednh th\u1eddi gian \u0111\u1ecdc":"5 ph\u00fat"},"schema":{"@context":"https:\/\/schema.org","@graph":[{"@type":"WebPage","@id":"https:\/\/biogroupvietnam.com\/vi\/san-pham\/adamii-cd34\/","url":"https:\/\/biogroupvietnam.com\/vi\/san-pham\/adamii-cd34\/","name":"M\u00e1y ADAMII\u2122 - \u0110\u1ebfm T\u1ebf B\u00e0o G\u1ed1c CD34","isPartOf":{"@id":"https:\/\/biogroupvietnam.com\/vi\/#website"},"primaryImageOfPage":{"@id":"https:\/\/biogroupvietnam.com\/vi\/san-pham\/adamii-cd34\/#primaryimage"},"image":{"@id":"https:\/\/biogroupvietnam.com\/vi\/san-pham\/adamii-cd34\/#primaryimage"},"thumbnailUrl":"https:\/\/biogroupvietnam.com\/wp-content\/uploads\/2025\/08\/ADAMII\u2122-CD34.jpg","datePublished":"2025-08-18T12:53:48+00:00","dateModified":"2025-12-17T07:36:36+00:00","description":"ADAMII\u2122 CD34 \u2013 thi\u1ebft b\u1ecb \u0111\u1ebfm t\u1ebf b\u00e0o g\u1ed1c CD34\u207a t\u1ef1 \u0111\u1ed9ng, \u0111\u1ed9 ch\u00ednh x\u00e1c t\u01b0\u01a1ng \u0111\u01b0\u01a1ng Flow Cytometry, FDA & CE ch\u1ee9ng nh\u1eadn, t\u1ed1i \u01b0u cho ng\u00e2n h\u00e0ng m\u00e1u & ph\u00f2ng QC.","breadcrumb":{"@id":"https:\/\/biogroupvietnam.com\/vi\/san-pham\/adamii-cd34\/#breadcrumb"},"inLanguage":"vi","potentialAction":[{"@type":"ReadAction","target":["https:\/\/biogroupvietnam.com\/vi\/san-pham\/adamii-cd34\/"]}]},{"@type":"ImageObject","inLanguage":"vi","@id":"https:\/\/biogroupvietnam.com\/vi\/san-pham\/adamii-cd34\/#primaryimage","url":"https:\/\/biogroupvietnam.com\/wp-content\/uploads\/2025\/08\/ADAMII\u2122-CD34.jpg","contentUrl":"https:\/\/biogroupvietnam.com\/wp-content\/uploads\/2025\/08\/ADAMII\u2122-CD34.jpg","width":1640,"height":1260},{"@type":"BreadcrumbList","@id":"https:\/\/biogroupvietnam.com\/vi\/san-pham\/adamii-cd34\/#breadcrumb","itemListElement":[{"@type":"ListItem","position":1,"name":"Trang ch\u1ee7","item":"https:\/\/biogroupvietnam.com\/vi\/"},{"@type":"ListItem","position":2,"name":"S\u1ea3n ph\u1ea9m","item":"https:\/\/biogroupvietnam.com\/vi\/san-pham\/"},{"@type":"ListItem","position":3,"name":"X\u00e9t Nghi\u1ec7m Sinh H\u1ecdc","item":"https:\/\/biogroupvietnam.com\/vi\/danh-muc-san-pham\/xet-nghiem-sinh-hoc\/"},{"@type":"ListItem","position":4,"name":"\u0110\u1ebfm T\u1ebf B\u00e0o CD34","item":"https:\/\/biogroupvietnam.com\/vi\/danh-muc-san-pham\/dem-te-bao-cd34\/"},{"@type":"ListItem","position":5,"name":"M\u00e1y \u0110\u1ebfm T\u1ebf B\u00e0o ADAMII\u2122 CD34"}]},{"@type":"WebSite","@id":"https:\/\/biogroupvietnam.com\/vi\/#website","url":"https:\/\/biogroupvietnam.com\/vi\/","name":"Biogroup Vietnam","description":"Biogroup Vietnam cung c\u1ea5p d\u1ecbch v\u1ee5 k\u1ef9 thu\u1eadt c\u00f9ng thi\u1ebft b\u1ecb, v\u1eadt t\u01b0, h\u00f3a ch\u1ea5t v\u00e0 gi\u1ea3i ph\u00e1p sinh h\u1ecdc cho ph\u00f2ng th\u00ed nghi\u1ec7m c\u00f4ng ngh\u1ec7 sinh h\u1ecdc, y sinh v\u00e0 y h\u1ecdc t\u00e1i t\u1ea1o.","potentialAction":[{"@type":"SearchAction","target":{"@type":"EntryPoint","urlTemplate":"https:\/\/biogroupvietnam.com\/vi\/?s={search_term_string}"},"query-input":{"@type":"PropertyValueSpecification","valueRequired":true,"valueName":"search_term_string"}}],"inLanguage":"vi"}]}},"_links":{"self":[{"href":"https:\/\/biogroupvietnam.com\/vi\/wp-json\/wp\/v2\/product\/3842","targetHints":{"allow":["GET"]}}],"collection":[{"href":"https:\/\/biogroupvietnam.com\/vi\/wp-json\/wp\/v2\/product"}],"about":[{"href":"https:\/\/biogroupvietnam.com\/vi\/wp-json\/wp\/v2\/types\/product"}],"replies":[{"embeddable":true,"href":"https:\/\/biogroupvietnam.com\/vi\/wp-json\/wp\/v2\/comments?post=3842"}],"version-history":[{"count":8,"href":"https:\/\/biogroupvietnam.com\/vi\/wp-json\/wp\/v2\/product\/3842\/revisions"}],"predecessor-version":[{"id":8648,"href":"https:\/\/biogroupvietnam.com\/vi\/wp-json\/wp\/v2\/product\/3842\/revisions\/8648"}],"wp:featuredmedia":[{"embeddable":true,"href":"https:\/\/biogroupvietnam.com\/vi\/wp-json\/wp\/v2\/media\/8968"}],"wp:attachment":[{"href":"https:\/\/biogroupvietnam.com\/vi\/wp-json\/wp\/v2\/media?parent=3842"}],"wp:term":[{"taxonomy":"product_brand","embeddable":true,"href":"https:\/\/biogroupvietnam.com\/vi\/wp-json\/wp\/v2\/product_brand?post=3842"},{"taxonomy":"product_cat","embeddable":true,"href":"https:\/\/biogroupvietnam.com\/vi\/wp-json\/wp\/v2\/product_cat?post=3842"},{"taxonomy":"product_tag","embeddable":true,"href":"https:\/\/biogroupvietnam.com\/vi\/wp-json\/wp\/v2\/product_tag?post=3842"}],"curies":[{"name":"wp","href":"https:\/\/api.w.org\/{rel}","templated":true}]}}