{"id":3843,"date":"2025-08-18T19:53:49","date_gmt":"2025-08-18T12:53:49","guid":{"rendered":"http:\/\/biogroupvietnam-worldpress.local\/product\/import-placeholder-for-145\/"},"modified":"2026-04-03T16:28:46","modified_gmt":"2026-04-03T09:28:46","slug":"human-msc-qpcr-array","status":"publish","type":"product","link":"https:\/\/biogroupvietnam.com\/vi\/san-pham\/human-msc-qpcr-array\/","title":{"rendered":"B\u1ed9 Kit qPCR X\u00e9t Nghi\u1ec7m T\u1ebf B\u00e0o G\u1ed1c Trung M\u00f4 Ng\u01b0\u1eddi"},"content":{"rendered":"<p>B\u1ed9 kit x\u00e9t x\u00e9t nghi\u1ec7m, \u0111\u00e1nh gi\u00e1 \u0111\u1eb7c t\u00ednh c\u1ee7a t\u1ebf b\u00e0o g\u1ed1c trung m\u00f4 ng\u01b0\u1eddi v\u00e0 ti\u1ec1m n\u0103ng bi\u1ec7t h\u00f3a x\u01b0\u01a1ng, s\u1ee5n, m\u1ee1.<\/p>\n<h3><strong>T\u1ed5ng quan<\/strong><\/h3>\n<p>B\u1ed9 kit Human Mesenchymal Stem Cell Quantitative Polymerase Chain Reaction (qPCR) Array \u0111\u01b0\u1ee3c thi\u1ebft k\u1ebf \u0111\u1ec3 \u0111\u00e1nh gi\u00e1 \u0111\u1eb7c t\u00ednh c\u1ee7a t\u1ebf b\u00e0o g\u1ed1c v\u00e0 t\u1ebf b\u00e0o ti\u1ec1n th\u00e2n trung m\u00f4 ng\u01b0\u1eddi (MSCs), v\u00e0 kh\u1ea3 n\u0103ng bi\u1ec7t h\u00f3a th\u00e0nh t\u1ebf b\u00e0o x\u01b0\u01a1ng, s\u1ee5n, m\u1ee1 c\u1ee7a ch\u00fang. C\u00e1c t\u1ebf b\u00e0o MSC l\u00e0 c\u00e1c t\u1ebf b\u00e0o ti\u1ec1n th\u00e2n \u0111a n\u0103ng (multipotent precursors), c\u00f3 kh\u1ea3 n\u0103ng t\u1ef1 t\u00e1i t\u1ea1o (self-renewing), \u0111\u01b0\u1ee3c t\u00ecm th\u1ea5y trong c\u00e1c ph\u00e2n \u0111o\u1ea1n k\u1ebft d\u00ednh c\u1ee7a t\u1ee7y x\u01b0\u01a1ng v\u00e0 trong khoang m\u00f4 \u0111\u1ec7m trong nhi\u1ec1u lo\u1ea1i m\u00f4. C\u00e1c t\u1ebf b\u00e0o MSC c\u00f3 th\u1ec3 \u0111\u01b0\u1ee3c nu\u00f4i c\u1ea5y, t\u0103ng sinh v\u00e0 bi\u1ec7t h\u00f3a th\u00e0nh t\u1ebf b\u00e0o m\u1ee1 (adipocytes), t\u1ebf b\u00e0o s\u1ee5n (chondrocytes) v\u00e0 nguy\u00ean b\u00e0o x\u01b0\u01a1ng (osteoblasts) trong \u1ed1ng nghi\u1ec7m. K\u1ef9 thu\u1eadt qPCR array cung c\u1ea5p th\u00f4ng tin v\u1ec1 m\u1ee9c \u0111\u1ed9 bi\u1ec3u hi\u1ec7n gene c\u1ee7a MSC v\u00e0 qu\u00e1 tr\u00ecnh bi\u1ec7t h\u00f3a th\u00e0nh 3 d\u00f2ng t\u1ebf b\u00e0o trong \u1ed1ng nghi\u1ec7m. C\u00e1c gen \u0111\u01b0\u1ee3c l\u1ef1a ch\u1ecdn d\u1ef1a tr\u00ean s\u1ef1 bi\u1ec3u hi\u1ec7n kh\u00e1c nhau c\u1ee7a ch\u00fang trong t\u1ebf b\u00e0o MSC (Silva v\u00e0 c\u1ed9ng s\u1ef1), ho\u1eb7c t\u1ebf b\u00e0o s\u1ee5n c\u00f3 ngu\u1ed3n g\u1ed1c t\u1eeb MSC (Herlofsen v\u00e0 c\u1ed9ng s\u1ef1), t\u1ebf b\u00e0o m\u1ee1 (Hung v\u00e0 c\u1ed9ng s\u1ef1), ho\u1eb7c d\u00f2ng t\u1ebf b\u00e0o x\u01b0\u01a1ng (Kulterer v\u00e0 c\u1ed9ng s\u1ef1).<\/p>\n<p>K\u1ef9 thu\u1eadt qPCR \u0111\u01b0\u1ee3c s\u1eed d\u1ee5ng \u0111\u1ec3 x\u00e1c \u0111\u1ecbnh nh\u1eefng thay \u0111\u1ed5i \u1edf m\u1ee9c \u0111\u1ed9 bi\u1ec3u hi\u1ec7n mRNA trong tr\u1ea1ng th\u00e1i \u1ed5n \u0111\u1ecbnh c\u1ee7a nhi\u1ec1u m\u1eabu kh\u00e1c nhau, th\u01b0\u1eddng \u0111\u01b0\u1ee3c chu\u1ea9n h\u00f3a th\u00e0nh m\u1ee9c \u0111\u1ed9 bi\u1ec3u hi\u1ec7n t\u01b0\u01a1ng \u0111\u1ed1i so v\u1edbi c\u00e1c gen ch\u1ee9ng n\u1ed9i (internal control genes). C\u00e1c \u0111o\u1ea1n m\u1ed3i (primer) \u0111\u1eb7c tr\u01b0ng khu\u1ebfch \u0111\u1ea1i c\u00e1c tr\u00ecnh \u0111\u00edch l\u00e0 c\u00e1c cDNA &#8211; \u0111\u01b0\u1ee3c phi\u00ean m\u00e3 ng\u01b0\u1ee3c t\u1eeb mRNA. T\u01b0\u01a1ng t\u1ef1 nh\u01b0 c\u00f4ng ngh\u1ec7 TaqMan\u00ae, c\u00e1c \u0111\u1ea7u d\u00f2 lai (probes) \u0111\u1eb7c hi\u1ec7u v\u1edbi tr\u00ecnh t\u1ef1 \u0111\u00edch ph\u00e1t t\u00edn hi\u1ec7u hu\u1ef3nh quang th\u00f4ng qua ho\u1ea1t \u0111\u1ed9ng 5\u2019 exonuclease c\u1ee7a enzyme Taq DNA polymerase. T\u00edn hi\u1ec7u hu\u1ef3nh quang \u0111\u01b0\u1ee3c ghi nh\u1eadn sau m\u1ed7i chu k\u00ec nhi\u1ec7t gi\u00fap \u0111\u1ecbnh l\u01b0\u1ee3ng cDNA trong m\u1eabu v\u00e0 t\u1eeb \u0111\u00f3 \u0111\u1ecbnh l\u01b0\u1ee3ng mRNA trong m\u1eabu ly gi\u1ea3i t\u1ebf b\u00e0o ban \u0111\u1ea7u.<\/p>\n<p>B\u1ed9 kit qPCR array n\u00e0y ch\u1ee9a c\u00e1c \u0111o\u1ea1n m\u1ed3i v\u00e0 m\u1eabu d\u00f2 \u0111\u1ec3 ph\u00e1t hi\u1ec7n 90 gen bi\u1ec3u hi\u1ec7n t\u01b0\u01a1ng quan v\u1edbi t\u1ebf b\u00e0o MSC v\u00e0 c\u00e1c d\u00f2ng t\u1ebf b\u00e0o bi\u1ec7t h\u00f3a c\u1ee7a ch\u00fang, bao g\u1ed3m c\u1ea3 6 gen ch\u1ee9ng n\u1ed9i (housekeeping gen). \u0110\u1ed1i ch\u1ee9ng d\u01b0\u01a1ng l\u00e0 \u0111o\u1ea1n DNA t\u1ed5ng h\u1ee3p nh\u00e2n t\u1ea1o TBP (TATA box-binding protein) \u0111\u01b0\u1ee3c cung c\u1ea5p k\u00e8m theo. Th\u00f4ng tin v\u1ec1 gen v\u00e0 c\u00f4ng c\u1ee5 ph\u00e2n t\u00edch qPCR c\u00f3 s\u1eb5n t\u1ea1i <a href=\"https:\/\/shiny.stemcell.com\/ShinyApps\/qpcr_tool\/\">www.stemcell.com\/qPCRanalysis<\/a>.<\/p>\n<h3 style=\"text-align: center;\"><img fetchpriority=\"high\" decoding=\"async\" src=\"https:\/\/biogroupvietnam.com\/uploads\/Qe09UYga1OphneWWF6fwEw7IVBiwP5V0fetZG4Nq.png\" alt=\"gene-classification\" width=\"896\" height=\"311\" \/><\/h3>\n<h3><strong>B\u1ea3o qu\u1ea3n v\u00e0 l\u01b0u tr\u1eef:<\/strong><\/h3>\n<ul>\n<li>B\u1ea3o qu\u1ea3n \u0111\u0129a v\u00e0 TBP qPCR Control Template \u1edf -20oC.<\/li>\n<li>Ng\u00e0y h\u1ebft h\u1ea1n \u0111\u01b0\u1ee3c ghi tr\u00ean nh\u00e3n h\u1ed9p.<\/li>\n<li>L\u01b0u \u00fd: C\u00e1c th\u00e0nh ph\u1ea7n c\u00f3 th\u1ec3 \u0111\u01b0\u1ee3c v\u1eadn chuy\u1ec3n \u1edf nhi\u1ec7t \u0111\u1ed9 ph\u00f2ng (15 \u2013 25oC) nh\u01b0ng ph\u1ea3i \u0111\u01b0\u1ee3c b\u1ea3o qu\u1ea3n \u1edf -20oC nh\u01b0 ch\u1ec9 d\u1eabn \u1edf tr\u00ean.<\/li>\n<\/ul>\n<h3><strong>\u1ee8ng d\u1ee5ng<\/strong><\/h3>\n<p>\u0110\u00e1nh gi\u00e1 \u0111\u1eb7c t\u00ednh c\u1ee7a t\u1ebf b\u00e0o g\u1ed1c trung m\u00f4 MSC ng\u01b0\u1eddi v\u00e0 kh\u1ea3 n\u0103ng bi\u1ec7t h\u00f3a th\u00e0nh c\u00e1c d\u00f2ng t\u1ebf b\u00e0o x\u01b0\u01a1ng, s\u1ee5n, m\u1ee1 c\u1ee7a ch\u00fang.<\/p>\n<h3><strong>Th\u00f4ng tin \u0111\u1eb7t h\u00e0ng<\/strong><\/h3>\n<p>T\u1ea5t c\u1ea3 c\u00e1c b\u1ed9 kit \u0111\u1ec1u \u0111\u00e3 bao g\u1ed3m m\u1eabu TBP qPCR Control Template (Component #07518).<\/p>\n<figure class=\"table\">\n<table>\n<tbody>\n<tr>\n<td>\n<p style=\"text-align: center;\"><strong>Kit Catalog #<\/strong><\/p>\n<\/td>\n<td>\n<p style=\"text-align: center;\"><strong>Plate Component #<\/strong><\/p>\n<\/td>\n<td>\n<p style=\"text-align: center;\"><strong>Quy c\u00e1ch<\/strong><\/p>\n<\/td>\n<\/tr>\n<tr>\n<td>\n<p style=\"text-align: center;\">07541<\/p>\n<\/td>\n<td>\n<p style=\"text-align: center;\">07507.1<\/p>\n<\/td>\n<td>\n<p style=\"text-align: center;\">1 \u0111\u0129a (96 gi\u1ebfng)<\/p>\n<\/td>\n<\/tr>\n<tr>\n<td>\n<p style=\"text-align: center;\">07543<\/p>\n<\/td>\n<td>\n<p style=\"text-align: center;\">07507.3<\/p>\n<\/td>\n<td>\n<p style=\"text-align: center;\">1 \u0111\u0129a (96 gi\u1ebfng)<\/p>\n<\/td>\n<\/tr>\n<tr>\n<td>\n<p style=\"text-align: center;\">07544<\/p>\n<\/td>\n<td>\n<p style=\"text-align: center;\">07507.4<\/p>\n<\/td>\n<td>\n<p style=\"text-align: center;\">1 \u0111\u0129a (96 gi\u1ebfng)<\/p>\n<\/td>\n<\/tr>\n<\/tbody>\n<\/table>\n<\/figure>\n<h3><strong>S\u1ea3n ph\u1ea9m b\u1eaft bu\u1ed9c k\u00e8m theo:<\/strong><\/h3>\n<figure class=\"table\">\n<table>\n<tbody>\n<tr>\n<td>\n<p style=\"text-align: center;\"><strong>T\u00ean s\u1ea3n ph\u1ea9m<\/strong><\/p>\n<\/td>\n<td>\n<p style=\"text-align: center;\"><strong>Catalog #<\/strong><\/p>\n<\/td>\n<\/tr>\n<tr>\n<td>B\u1ed9 kit tinh s\u1ea1ch RNA t\u1ed5ng s\u1ed1 &#8211; Total RNA Purification Kit<\/td>\n<td>\n<p style=\"text-align: center;\">79040<\/p>\n<\/td>\n<\/tr>\n<tr>\n<td>B\u1ed9 kit qPCR Master Mix<\/p>\n<ul>\n<li>qPCR Master Mix (1mL ho\u1eb7c 5 mL)<\/li>\n<li>ROX Reference Dye (200 mL)<\/li>\n<\/ul>\n<\/td>\n<td>&nbsp;<\/p>\n<p style=\"text-align: center;\">07516 (1mL kit) Ho\u1eb7c<\/p>\n<p style=\"text-align: center;\">07517 (5mL kit)<\/p>\n<\/td>\n<\/tr>\n<tr>\n<td>B\u1ed9 m\u1ed3i cho ph\u1ea3n \u1ee9ng phi\u00ean m\u00e3 ng\u01b0\u1ee3c:<\/p>\n<ul>\n<li>STEMscript\u2122 cDNA Synthesis Kit with Oligo(dT) Primers<\/li>\n<li>Ho\u1eb7c STEMscript\u2122 cDNA Synthesis Kit with Random Primers<\/li>\n<\/ul>\n<\/td>\n<td>&nbsp;<\/p>\n<p style=\"text-align: center;\">79003<\/p>\n<p style=\"text-align: center;\">79004<\/p>\n<\/td>\n<\/tr>\n<tr>\n<td>N\u01b0\u1edbc kh\u00f4ng ch\u1ee9a nulcease (Nuclease-Free Water (not DEPC-treated)<\/td>\n<td>\n<p style=\"text-align: center;\">79001<\/p>\n<\/td>\n<\/tr>\n<tr>\n<td>Film d\u00ednh quang h\u1ecdc &#8211; Optical adhesive film<\/td>\n<td>\n<p style=\"text-align: center;\">38108<\/p>\n<\/td>\n<\/tr>\n<\/tbody>\n<\/table>\n<\/figure>\n","protected":false},"excerpt":{"rendered":"<p>B\u1ed9 kit x\u00e9t x\u00e9t nghi\u1ec7m, \u0111\u00e1nh gi\u00e1 \u0111\u1eb7c t\u00ednh c\u1ee7a t\u1ebf b\u00e0o g\u1ed1c trung m\u00f4 ng\u01b0\u1eddi v\u00e0 ti\u1ec1m n\u0103ng bi\u1ec7t h\u00f3a x\u01b0\u01a1ng, s\u1ee5n, m\u1ee1. T\u1ed5ng quan B\u1ed9 kit Human Mesenchymal Stem Cell Quantitative Polymerase Chain Reaction (qPCR) Array \u0111\u01b0\u1ee3c thi\u1ebft k\u1ebf \u0111\u1ec3 \u0111\u00e1nh gi\u00e1 \u0111\u1eb7c t\u00ednh c\u1ee7a t\u1ebf b\u00e0o g\u1ed1c v\u00e0 t\u1ebf b\u00e0o ti\u1ec1n th\u00e2n<\/p>\n<div class=\"klb-readmore post-buttons\"><a class=\"button rounded primary\" href=\"https:\/\/biogroupvietnam.com\/vi\/san-pham\/human-msc-qpcr-array\/\">Read More <i class=\"klbth-icon-right-arrow\"><\/i><\/a><\/div>\n","protected":false},"featured_media":10181,"comment_status":"closed","ping_status":"closed","template":"","meta":{"_acf_changed":false},"product_brand":[127],"product_cat":[107],"product_tag":[],"class_list":{"0":"post-3843","1":"product","2":"type-product","3":"status-publish","4":"has-post-thumbnail","6":"product_brand-stemcell-technologies","7":"product_cat-xet-nghiem-di-truyen","9":"first","10":"outofstock","11":"shipping-taxable","12":"product-type-simple"},"acf":[],"yoast_head":"<!-- This site is optimized with the Yoast SEO plugin v26.8 - https:\/\/yoast.com\/product\/yoast-seo-wordpress\/ -->\n<title>B\u1ed9 Kit qPCR X\u00e9t Nghi\u1ec7m T\u1ebf B\u00e0o G\u1ed1c Trung M\u00f4 Ng\u01b0\u1eddi<\/title>\n<meta name=\"description\" content=\"B\u1ed9 kit x\u00e9t x\u00e9t nghi\u1ec7m, \u0111\u00e1nh gi\u00e1 \u0111\u1eb7c t\u00ednh c\u1ee7a t\u1ebf b\u00e0o g\u1ed1c trung m\u00f4 ng\u01b0\u1eddi v\u00e0 ti\u1ec1m n\u0103ng bi\u1ec7t h\u00f3a x\u01b0\u01a1ng, s\u1ee5n, m\u1ee1.\" \/>\n<meta name=\"robots\" content=\"index, follow, max-snippet:-1, max-image-preview:large, max-video-preview:-1\" \/>\n<link rel=\"canonical\" href=\"https:\/\/biogroupvietnam.com\/vi\/san-pham\/human-msc-qpcr-array\/\" \/>\n<meta property=\"og:locale\" content=\"vi_VN\" \/>\n<meta property=\"og:type\" content=\"article\" \/>\n<meta property=\"og:title\" content=\"B\u1ed9 Kit qPCR X\u00e9t Nghi\u1ec7m T\u1ebf B\u00e0o G\u1ed1c Trung M\u00f4 Ng\u01b0\u1eddi\" \/>\n<meta property=\"og:description\" content=\"B\u1ed9 kit x\u00e9t x\u00e9t nghi\u1ec7m, \u0111\u00e1nh gi\u00e1 \u0111\u1eb7c t\u00ednh c\u1ee7a t\u1ebf b\u00e0o g\u1ed1c trung m\u00f4 ng\u01b0\u1eddi v\u00e0 ti\u1ec1m n\u0103ng bi\u1ec7t h\u00f3a x\u01b0\u01a1ng, s\u1ee5n, m\u1ee1.\" \/>\n<meta property=\"og:url\" content=\"https:\/\/biogroupvietnam.com\/vi\/san-pham\/human-msc-qpcr-array\/\" \/>\n<meta property=\"og:site_name\" content=\"Biogroup Vietnam\" \/>\n<meta property=\"article:modified_time\" content=\"2026-04-03T09:28:46+00:00\" \/>\n<meta property=\"og:image\" content=\"https:\/\/biogroupvietnam.com\/wp-content\/uploads\/2025\/08\/bo-kit-qpcr-xet-nghiem-te-bao-goc-trung-mo-nguoi-1.jpg\" \/>\n\t<meta property=\"og:image:width\" content=\"1640\" \/>\n\t<meta property=\"og:image:height\" content=\"1260\" \/>\n\t<meta property=\"og:image:type\" content=\"image\/jpeg\" \/>\n<meta name=\"twitter:card\" content=\"summary_large_image\" \/>\n<meta name=\"twitter:label1\" content=\"\u01af\u1edbc t\u00ednh th\u1eddi gian \u0111\u1ecdc\" \/>\n\t<meta name=\"twitter:data1\" content=\"4 ph\u00fat\" \/>\n<script type=\"application\/ld+json\" class=\"yoast-schema-graph\">{\"@context\":\"https:\/\/schema.org\",\"@graph\":[{\"@type\":\"WebPage\",\"@id\":\"https:\/\/biogroupvietnam.com\/vi\/san-pham\/human-msc-qpcr-array\/\",\"url\":\"https:\/\/biogroupvietnam.com\/vi\/san-pham\/human-msc-qpcr-array\/\",\"name\":\"B\u1ed9 Kit qPCR X\u00e9t Nghi\u1ec7m T\u1ebf B\u00e0o G\u1ed1c Trung M\u00f4 Ng\u01b0\u1eddi\",\"isPartOf\":{\"@id\":\"https:\/\/biogroupvietnam.com\/vi\/#website\"},\"primaryImageOfPage\":{\"@id\":\"https:\/\/biogroupvietnam.com\/vi\/san-pham\/human-msc-qpcr-array\/#primaryimage\"},\"image\":{\"@id\":\"https:\/\/biogroupvietnam.com\/vi\/san-pham\/human-msc-qpcr-array\/#primaryimage\"},\"thumbnailUrl\":\"https:\/\/biogroupvietnam.com\/wp-content\/uploads\/2025\/08\/bo-kit-qpcr-xet-nghiem-te-bao-goc-trung-mo-nguoi-1.jpg\",\"datePublished\":\"2025-08-18T12:53:49+00:00\",\"dateModified\":\"2026-04-03T09:28:46+00:00\",\"description\":\"B\u1ed9 kit x\u00e9t x\u00e9t nghi\u1ec7m, \u0111\u00e1nh gi\u00e1 \u0111\u1eb7c t\u00ednh c\u1ee7a t\u1ebf b\u00e0o g\u1ed1c trung m\u00f4 ng\u01b0\u1eddi v\u00e0 ti\u1ec1m n\u0103ng bi\u1ec7t h\u00f3a x\u01b0\u01a1ng, s\u1ee5n, m\u1ee1.\",\"breadcrumb\":{\"@id\":\"https:\/\/biogroupvietnam.com\/vi\/san-pham\/human-msc-qpcr-array\/#breadcrumb\"},\"inLanguage\":\"vi\",\"potentialAction\":[{\"@type\":\"ReadAction\",\"target\":[\"https:\/\/biogroupvietnam.com\/vi\/san-pham\/human-msc-qpcr-array\/\"]}]},{\"@type\":\"ImageObject\",\"inLanguage\":\"vi\",\"@id\":\"https:\/\/biogroupvietnam.com\/vi\/san-pham\/human-msc-qpcr-array\/#primaryimage\",\"url\":\"https:\/\/biogroupvietnam.com\/wp-content\/uploads\/2025\/08\/bo-kit-qpcr-xet-nghiem-te-bao-goc-trung-mo-nguoi-1.jpg\",\"contentUrl\":\"https:\/\/biogroupvietnam.com\/wp-content\/uploads\/2025\/08\/bo-kit-qpcr-xet-nghiem-te-bao-goc-trung-mo-nguoi-1.jpg\",\"width\":1640,\"height\":1260,\"caption\":\"B\u1ed9 Kit qPCR X\u00e9t Nghi\u1ec7m T\u1ebf B\u00e0o G\u1ed1c Trung M\u00f4 Ng\u01b0\u1eddi\"},{\"@type\":\"BreadcrumbList\",\"@id\":\"https:\/\/biogroupvietnam.com\/vi\/san-pham\/human-msc-qpcr-array\/#breadcrumb\",\"itemListElement\":[{\"@type\":\"ListItem\",\"position\":1,\"name\":\"Trang ch\u1ee7\",\"item\":\"https:\/\/biogroupvietnam.com\/vi\/\"},{\"@type\":\"ListItem\",\"position\":2,\"name\":\"S\u1ea3n ph\u1ea9m\",\"item\":\"https:\/\/biogroupvietnam.com\/vi\/san-pham\/\"},{\"@type\":\"ListItem\",\"position\":3,\"name\":\"X\u00e9t Nghi\u1ec7m Sinh H\u1ecdc\",\"item\":\"https:\/\/biogroupvietnam.com\/vi\/danh-muc-san-pham\/xet-nghiem-sinh-hoc\/\"},{\"@type\":\"ListItem\",\"position\":4,\"name\":\"X\u00e9t Nghi\u1ec7m Di Truy\u1ec1n\",\"item\":\"https:\/\/biogroupvietnam.com\/vi\/danh-muc-san-pham\/xet-nghiem-di-truyen\/\"},{\"@type\":\"ListItem\",\"position\":5,\"name\":\"B\u1ed9 Kit qPCR X\u00e9t Nghi\u1ec7m T\u1ebf B\u00e0o G\u1ed1c Trung M\u00f4 Ng\u01b0\u1eddi\"}]},{\"@type\":\"WebSite\",\"@id\":\"https:\/\/biogroupvietnam.com\/vi\/#website\",\"url\":\"https:\/\/biogroupvietnam.com\/vi\/\",\"name\":\"Biogroup Vietnam\",\"description\":\"Biogroup Vietnam cung c\u1ea5p d\u1ecbch v\u1ee5 k\u1ef9 thu\u1eadt c\u00f9ng thi\u1ebft b\u1ecb, v\u1eadt t\u01b0, h\u00f3a ch\u1ea5t v\u00e0 gi\u1ea3i ph\u00e1p sinh h\u1ecdc cho ph\u00f2ng th\u00ed nghi\u1ec7m c\u00f4ng ngh\u1ec7 sinh h\u1ecdc, y sinh v\u00e0 y h\u1ecdc t\u00e1i t\u1ea1o.\",\"potentialAction\":[{\"@type\":\"SearchAction\",\"target\":{\"@type\":\"EntryPoint\",\"urlTemplate\":\"https:\/\/biogroupvietnam.com\/vi\/?s={search_term_string}\"},\"query-input\":{\"@type\":\"PropertyValueSpecification\",\"valueRequired\":true,\"valueName\":\"search_term_string\"}}],\"inLanguage\":\"vi\"}]}<\/script>\n<!-- \/ Yoast SEO plugin. -->","yoast_head_json":{"title":"B\u1ed9 Kit qPCR X\u00e9t Nghi\u1ec7m T\u1ebf B\u00e0o G\u1ed1c Trung M\u00f4 Ng\u01b0\u1eddi","description":"B\u1ed9 kit x\u00e9t x\u00e9t nghi\u1ec7m, \u0111\u00e1nh gi\u00e1 \u0111\u1eb7c t\u00ednh c\u1ee7a t\u1ebf b\u00e0o g\u1ed1c trung m\u00f4 ng\u01b0\u1eddi v\u00e0 ti\u1ec1m n\u0103ng bi\u1ec7t h\u00f3a x\u01b0\u01a1ng, s\u1ee5n, m\u1ee1.","robots":{"index":"index","follow":"follow","max-snippet":"max-snippet:-1","max-image-preview":"max-image-preview:large","max-video-preview":"max-video-preview:-1"},"canonical":"https:\/\/biogroupvietnam.com\/vi\/san-pham\/human-msc-qpcr-array\/","og_locale":"vi_VN","og_type":"article","og_title":"B\u1ed9 Kit qPCR X\u00e9t Nghi\u1ec7m T\u1ebf B\u00e0o G\u1ed1c Trung M\u00f4 Ng\u01b0\u1eddi","og_description":"B\u1ed9 kit x\u00e9t x\u00e9t nghi\u1ec7m, \u0111\u00e1nh gi\u00e1 \u0111\u1eb7c t\u00ednh c\u1ee7a t\u1ebf b\u00e0o g\u1ed1c trung m\u00f4 ng\u01b0\u1eddi v\u00e0 ti\u1ec1m n\u0103ng bi\u1ec7t h\u00f3a x\u01b0\u01a1ng, s\u1ee5n, m\u1ee1.","og_url":"https:\/\/biogroupvietnam.com\/vi\/san-pham\/human-msc-qpcr-array\/","og_site_name":"Biogroup Vietnam","article_modified_time":"2026-04-03T09:28:46+00:00","og_image":[{"width":1640,"height":1260,"url":"https:\/\/biogroupvietnam.com\/wp-content\/uploads\/2025\/08\/bo-kit-qpcr-xet-nghiem-te-bao-goc-trung-mo-nguoi-1.jpg","type":"image\/jpeg"}],"twitter_card":"summary_large_image","twitter_misc":{"\u01af\u1edbc t\u00ednh th\u1eddi gian \u0111\u1ecdc":"4 ph\u00fat"},"schema":{"@context":"https:\/\/schema.org","@graph":[{"@type":"WebPage","@id":"https:\/\/biogroupvietnam.com\/vi\/san-pham\/human-msc-qpcr-array\/","url":"https:\/\/biogroupvietnam.com\/vi\/san-pham\/human-msc-qpcr-array\/","name":"B\u1ed9 Kit qPCR X\u00e9t Nghi\u1ec7m T\u1ebf B\u00e0o G\u1ed1c Trung M\u00f4 Ng\u01b0\u1eddi","isPartOf":{"@id":"https:\/\/biogroupvietnam.com\/vi\/#website"},"primaryImageOfPage":{"@id":"https:\/\/biogroupvietnam.com\/vi\/san-pham\/human-msc-qpcr-array\/#primaryimage"},"image":{"@id":"https:\/\/biogroupvietnam.com\/vi\/san-pham\/human-msc-qpcr-array\/#primaryimage"},"thumbnailUrl":"https:\/\/biogroupvietnam.com\/wp-content\/uploads\/2025\/08\/bo-kit-qpcr-xet-nghiem-te-bao-goc-trung-mo-nguoi-1.jpg","datePublished":"2025-08-18T12:53:49+00:00","dateModified":"2026-04-03T09:28:46+00:00","description":"B\u1ed9 kit x\u00e9t x\u00e9t nghi\u1ec7m, \u0111\u00e1nh gi\u00e1 \u0111\u1eb7c t\u00ednh c\u1ee7a t\u1ebf b\u00e0o g\u1ed1c trung m\u00f4 ng\u01b0\u1eddi v\u00e0 ti\u1ec1m n\u0103ng bi\u1ec7t h\u00f3a x\u01b0\u01a1ng, s\u1ee5n, m\u1ee1.","breadcrumb":{"@id":"https:\/\/biogroupvietnam.com\/vi\/san-pham\/human-msc-qpcr-array\/#breadcrumb"},"inLanguage":"vi","potentialAction":[{"@type":"ReadAction","target":["https:\/\/biogroupvietnam.com\/vi\/san-pham\/human-msc-qpcr-array\/"]}]},{"@type":"ImageObject","inLanguage":"vi","@id":"https:\/\/biogroupvietnam.com\/vi\/san-pham\/human-msc-qpcr-array\/#primaryimage","url":"https:\/\/biogroupvietnam.com\/wp-content\/uploads\/2025\/08\/bo-kit-qpcr-xet-nghiem-te-bao-goc-trung-mo-nguoi-1.jpg","contentUrl":"https:\/\/biogroupvietnam.com\/wp-content\/uploads\/2025\/08\/bo-kit-qpcr-xet-nghiem-te-bao-goc-trung-mo-nguoi-1.jpg","width":1640,"height":1260,"caption":"B\u1ed9 Kit qPCR X\u00e9t Nghi\u1ec7m T\u1ebf B\u00e0o G\u1ed1c Trung M\u00f4 Ng\u01b0\u1eddi"},{"@type":"BreadcrumbList","@id":"https:\/\/biogroupvietnam.com\/vi\/san-pham\/human-msc-qpcr-array\/#breadcrumb","itemListElement":[{"@type":"ListItem","position":1,"name":"Trang ch\u1ee7","item":"https:\/\/biogroupvietnam.com\/vi\/"},{"@type":"ListItem","position":2,"name":"S\u1ea3n ph\u1ea9m","item":"https:\/\/biogroupvietnam.com\/vi\/san-pham\/"},{"@type":"ListItem","position":3,"name":"X\u00e9t Nghi\u1ec7m Sinh H\u1ecdc","item":"https:\/\/biogroupvietnam.com\/vi\/danh-muc-san-pham\/xet-nghiem-sinh-hoc\/"},{"@type":"ListItem","position":4,"name":"X\u00e9t Nghi\u1ec7m Di Truy\u1ec1n","item":"https:\/\/biogroupvietnam.com\/vi\/danh-muc-san-pham\/xet-nghiem-di-truyen\/"},{"@type":"ListItem","position":5,"name":"B\u1ed9 Kit qPCR X\u00e9t Nghi\u1ec7m T\u1ebf B\u00e0o G\u1ed1c Trung M\u00f4 Ng\u01b0\u1eddi"}]},{"@type":"WebSite","@id":"https:\/\/biogroupvietnam.com\/vi\/#website","url":"https:\/\/biogroupvietnam.com\/vi\/","name":"Biogroup Vietnam","description":"Biogroup Vietnam cung c\u1ea5p d\u1ecbch v\u1ee5 k\u1ef9 thu\u1eadt c\u00f9ng thi\u1ebft b\u1ecb, v\u1eadt t\u01b0, h\u00f3a ch\u1ea5t v\u00e0 gi\u1ea3i ph\u00e1p sinh h\u1ecdc cho ph\u00f2ng th\u00ed nghi\u1ec7m c\u00f4ng ngh\u1ec7 sinh h\u1ecdc, y sinh v\u00e0 y h\u1ecdc t\u00e1i t\u1ea1o.","potentialAction":[{"@type":"SearchAction","target":{"@type":"EntryPoint","urlTemplate":"https:\/\/biogroupvietnam.com\/vi\/?s={search_term_string}"},"query-input":{"@type":"PropertyValueSpecification","valueRequired":true,"valueName":"search_term_string"}}],"inLanguage":"vi"}]}},"_links":{"self":[{"href":"https:\/\/biogroupvietnam.com\/vi\/wp-json\/wp\/v2\/product\/3843","targetHints":{"allow":["GET"]}}],"collection":[{"href":"https:\/\/biogroupvietnam.com\/vi\/wp-json\/wp\/v2\/product"}],"about":[{"href":"https:\/\/biogroupvietnam.com\/vi\/wp-json\/wp\/v2\/types\/product"}],"replies":[{"embeddable":true,"href":"https:\/\/biogroupvietnam.com\/vi\/wp-json\/wp\/v2\/comments?post=3843"}],"version-history":[{"count":3,"href":"https:\/\/biogroupvietnam.com\/vi\/wp-json\/wp\/v2\/product\/3843\/revisions"}],"predecessor-version":[{"id":10176,"href":"https:\/\/biogroupvietnam.com\/vi\/wp-json\/wp\/v2\/product\/3843\/revisions\/10176"}],"wp:featuredmedia":[{"embeddable":true,"href":"https:\/\/biogroupvietnam.com\/vi\/wp-json\/wp\/v2\/media\/10181"}],"wp:attachment":[{"href":"https:\/\/biogroupvietnam.com\/vi\/wp-json\/wp\/v2\/media?parent=3843"}],"wp:term":[{"taxonomy":"product_brand","embeddable":true,"href":"https:\/\/biogroupvietnam.com\/vi\/wp-json\/wp\/v2\/product_brand?post=3843"},{"taxonomy":"product_cat","embeddable":true,"href":"https:\/\/biogroupvietnam.com\/vi\/wp-json\/wp\/v2\/product_cat?post=3843"},{"taxonomy":"product_tag","embeddable":true,"href":"https:\/\/biogroupvietnam.com\/vi\/wp-json\/wp\/v2\/product_tag?post=3843"}],"curies":[{"name":"wp","href":"https:\/\/api.w.org\/{rel}","templated":true}]}}