{"id":3845,"date":"2025-08-18T19:53:49","date_gmt":"2025-08-18T12:53:49","guid":{"rendered":"http:\/\/biogroupvietnam-worldpress.local\/product\/import-placeholder-for-147\/"},"modified":"2026-04-02T15:43:16","modified_gmt":"2026-04-02T08:43:16","slug":"bloodstor-100","status":"publish","type":"product","link":"https:\/\/biogroupvietnam.com\/vi\/san-pham\/bloodstor-100\/","title":{"rendered":"M\u00f4i Tr\u01b0\u1eddng B\u1ea3o Qu\u1ea3n T\u1ebf B\u00e0o BloodStor\u00ae 100"},"content":{"rendered":"<p>BloodStor\u00ae l\u00e0 m\u1ed9t lo\u1ea1t c\u00e1c s\u1ea3n ph\u1ea9m m\u00f4i tr\u01b0\u1eddng \u0111\u00f4ng l\u1ea1nh cGMP chung \u0111\u01b0\u1ee3c s\u1eed d\u1ee5ng \u0111\u1ec3 b\u1ea3o qu\u1ea3n l\u1ea1nh c\u00e1c t\u1ebf b\u00e0o g\u1ed1c, c\u00e1c t\u1ebf b\u00e0o kh\u00e1c \u0111\u01b0\u1ee3c ph\u00e2n t\u00e1ch t\u1eeb m\u00e1u cu\u1ed1ng r\u1ed1n, m\u00e1u ngo\u1ea1i vi, t\u1ee7y x\u01b0\u01a1ng v\u00e0 c\u00e1c sinh h\u1ecdc kh\u00e1c. BloodStor\u00ae 100 ch\u1ee9a 100% dimethyl sulfoxide (DMSO) USP.<\/p>\n<h3><strong>\u01afu \u0111i\u1ec3m c\u1ee7a BloodStor\u00ae:<\/strong><\/h3>\n<ul>\n<li>L\u1ecd USP v\u00f4 tr\u00f9ng<\/li>\n<li>C\u00e1c th\u00e0nh ph\u1ea7n c\u1ea5p USP \/ ch\u1ea5t l\u01b0\u1ee3ng cao nh\u1ea5t<\/li>\n<li>\u0110\u01b0\u1ee3c s\u1ea3n xu\u1ea5t chu\u1ea9n cGMP<\/li>\n<li>C\u00f3 ki\u1ec3m tra \u0111\u1ed9 v\u00f4 tr\u00f9ng v\u00e0 n\u1ed9i \u0111\u1ed9c t\u1ed1<\/li>\n<li>Kh\u00f4ng ch\u1ee9a th\u00e0nh ph\u1ea7n c\u00f3 ngu\u1ed3n g\u1ed1c t\u1eeb \u0111\u1ed9ng v\u1eadt v\u00e0 kh\u00f4ng ch\u1ee9a huy\u1ebft thanh<\/li>\n<\/ul>\n<h3><strong>Th\u00e0nh ph\u1ea7n\u00a0c\u1ee7a BloodStor\u00ae:<\/strong><\/h3>\n<ul>\n<li>100% Dimethyl sulfoxide (DMSO)<\/li>\n<\/ul>\n<h3><strong>B\u1ea3o qu\u1ea3n\u00a0c\u1ee7a BloodStor\u00ae:<\/strong><\/h3>\n<ul>\n<li>B\u1ea3o qu\u1ea3n: \u1edf nhi\u1ec7t \u0111\u1ed9 20 &#8211; 30\u00b0C.<\/li>\n<li>Th\u1eddi h\u1ea1n s\u1eed d\u1ee5ng: \u1ed4n \u0111\u1ecbnh cho \u0111\u1ebfn khi h\u1ebft h\u1ea1n s\u1eed d\u1ee5ng (EXP) tr\u00ean nh\u00e3n. Tr\u00e1nh ti\u1ebfp x\u00fac l\u00e2u v\u1edbi \u00e1nh s\u00e1ng.<\/li>\n<\/ul>\n<p>BloodStor\u00ae 100 s\u1ebd \u0111\u00f4ng \u0111\u1eb7c \u1edf nhi\u1ec7t \u0111\u1ed9 d\u01b0\u1edbi 18\u00b0C. N\u1ebfu BloodStor\u00ae 100 \u0111\u00f4ng \u0111\u1eb7c khi nh\u1eadn, h\u00e3y \u0111\u1ec3 r\u00e3 \u0111\u00f4ng \u1edf nhi\u1ec7t \u0111\u1ed9 ph\u00f2ng (18 &#8211; 25\u00b0C) v\u00e0 tr\u1ed9n nh\u1eb9. Hi\u1ec7u su\u1ea5t s\u1ea3n ph\u1ea9m s\u1ebd kh\u00f4ng b\u1ecb \u1ea3nh h\u01b0\u1edfng.<\/p>\n<p>S\u1ea2N PH\u1ea8M BLOODSTOR \u0110\u01af\u1ee2C KI\u1ec2M TRA CH\u1ea4T L\u01af\u1ee2NG CH\u1ed0NG CH\u1ec8 \u0110\u1ecaNH T\u00c1C \u0110\u1ed8NG C\u1ee6A ROBUST; BAO G\u1ed2M TI\u00caU CHU\u1ea8N KI\u1ec2M TRA \u0110\u1ed8 \u1ed4N \u0110\u1ecaNH C\u1ee6A USP &lt;71&gt; V\u00c0 USP &lt;85&gt; ENDOTOXIN V\u00c0 \u0110\u01af\u1ee2C S\u1ea2N XU\u1ea4T THEO CGMP.<\/p>\n<h3><strong>Th\u00f4ng tin \u0111\u1eb7t h\u00e0ng:<\/strong><\/h3>\n<ul>\n<li>Catalog # 07951 50 mL<\/li>\n<li>Catalog # 07939 100 mL<\/li>\n<li>Catalog # 07938 5 x 100 mL<\/li>\n<\/ul>\n","protected":false},"excerpt":{"rendered":"<p>BloodStor\u00ae l\u00e0 m\u1ed9t lo\u1ea1t c\u00e1c s\u1ea3n ph\u1ea9m m\u00f4i tr\u01b0\u1eddng \u0111\u00f4ng l\u1ea1nh cGMP chung \u0111\u01b0\u1ee3c s\u1eed d\u1ee5ng \u0111\u1ec3 b\u1ea3o qu\u1ea3n l\u1ea1nh c\u00e1c t\u1ebf b\u00e0o g\u1ed1c, c\u00e1c t\u1ebf b\u00e0o kh\u00e1c \u0111\u01b0\u1ee3c ph\u00e2n t\u00e1ch t\u1eeb m\u00e1u cu\u1ed1ng r\u1ed1n, m\u00e1u ngo\u1ea1i vi, t\u1ee7y x\u01b0\u01a1ng v\u00e0 c\u00e1c sinh h\u1ecdc kh\u00e1c. BloodStor\u00ae 100 ch\u1ee9a 100% dimethyl sulfoxide (DMSO) USP. \u01afu \u0111i\u1ec3m<\/p>\n<div class=\"klb-readmore post-buttons\"><a class=\"button rounded primary\" href=\"https:\/\/biogroupvietnam.com\/vi\/san-pham\/bloodstor-100\/\">Read More <i class=\"klbth-icon-right-arrow\"><\/i><\/a><\/div>\n","protected":false},"featured_media":10172,"comment_status":"closed","ping_status":"closed","template":"","meta":{"_acf_changed":false},"product_brand":[127],"product_cat":[103],"product_tag":[],"class_list":{"0":"post-3845","1":"product","2":"type-product","3":"status-publish","4":"has-post-thumbnail","6":"product_brand-stemcell-technologies","7":"product_cat-moi-truong-bao-quan-te-bao","9":"first","10":"outofstock","11":"shipping-taxable","12":"product-type-simple"},"acf":[],"yoast_head":"<!-- This site is optimized with the Yoast SEO plugin v26.8 - https:\/\/yoast.com\/product\/yoast-seo-wordpress\/ -->\n<title>M\u00f4i Tr\u01b0\u1eddng B\u1ea3o Qu\u1ea3n T\u1ebf B\u00e0o BloodStor\u00ae 100<\/title>\n<meta name=\"description\" content=\"BloodStor\u00ae l\u00e0 m\u1ed9t lo\u1ea1t c\u00e1c s\u1ea3n ph\u1ea9m m\u00f4i tr\u01b0\u1eddng \u0111\u00f4ng l\u1ea1nh cGMP chung \u0111\u01b0\u1ee3c s\u1eed d\u1ee5ng \u0111\u1ec3 b\u1ea3o qu\u1ea3n l\u1ea1nh c\u00e1c t\u1ebf b\u00e0o g\u1ed1c, c\u00e1c t\u1ebf b\u00e0o kh\u00e1c \u0111\u01b0\u1ee3c ph\u00e2n t\u00e1ch t\u1eeb m\u00e1u cu\u1ed1ng r\u1ed1n, m\u00e1u ngo\u1ea1i vi, t\u1ee7y x\u01b0\u01a1ng v\u00e0 c\u00e1c sinh h\u1ecdc kh\u00e1c.\" \/>\n<meta name=\"robots\" content=\"index, follow, max-snippet:-1, max-image-preview:large, max-video-preview:-1\" \/>\n<link rel=\"canonical\" href=\"https:\/\/biogroupvietnam.com\/vi\/san-pham\/bloodstor-100\/\" \/>\n<meta property=\"og:locale\" content=\"vi_VN\" \/>\n<meta property=\"og:type\" content=\"article\" \/>\n<meta property=\"og:title\" content=\"M\u00f4i Tr\u01b0\u1eddng B\u1ea3o Qu\u1ea3n T\u1ebf B\u00e0o BloodStor\u00ae 100\" \/>\n<meta property=\"og:description\" content=\"BloodStor\u00ae l\u00e0 m\u1ed9t lo\u1ea1t c\u00e1c s\u1ea3n ph\u1ea9m m\u00f4i tr\u01b0\u1eddng \u0111\u00f4ng l\u1ea1nh cGMP chung \u0111\u01b0\u1ee3c s\u1eed d\u1ee5ng \u0111\u1ec3 b\u1ea3o qu\u1ea3n l\u1ea1nh c\u00e1c t\u1ebf b\u00e0o g\u1ed1c, c\u00e1c t\u1ebf b\u00e0o kh\u00e1c \u0111\u01b0\u1ee3c ph\u00e2n t\u00e1ch t\u1eeb m\u00e1u cu\u1ed1ng r\u1ed1n, m\u00e1u ngo\u1ea1i vi, t\u1ee7y x\u01b0\u01a1ng v\u00e0 c\u00e1c sinh h\u1ecdc kh\u00e1c.\" \/>\n<meta property=\"og:url\" content=\"https:\/\/biogroupvietnam.com\/vi\/san-pham\/bloodstor-100\/\" \/>\n<meta property=\"og:site_name\" content=\"Biogroup Vietnam\" \/>\n<meta property=\"article:modified_time\" content=\"2026-04-02T08:43:16+00:00\" \/>\n<meta property=\"og:image\" content=\"https:\/\/biogroupvietnam.com\/wp-content\/uploads\/2025\/08\/bloodstor-100.jpg\" \/>\n\t<meta property=\"og:image:width\" content=\"1640\" \/>\n\t<meta property=\"og:image:height\" content=\"1260\" \/>\n\t<meta property=\"og:image:type\" content=\"image\/jpeg\" \/>\n<meta name=\"twitter:card\" content=\"summary_large_image\" \/>\n<meta name=\"twitter:label1\" content=\"\u01af\u1edbc t\u00ednh th\u1eddi gian \u0111\u1ecdc\" \/>\n\t<meta name=\"twitter:data1\" content=\"2 ph\u00fat\" \/>\n<script type=\"application\/ld+json\" class=\"yoast-schema-graph\">{\"@context\":\"https:\/\/schema.org\",\"@graph\":[{\"@type\":\"WebPage\",\"@id\":\"https:\/\/biogroupvietnam.com\/vi\/san-pham\/bloodstor-100\/\",\"url\":\"https:\/\/biogroupvietnam.com\/vi\/san-pham\/bloodstor-100\/\",\"name\":\"M\u00f4i Tr\u01b0\u1eddng B\u1ea3o Qu\u1ea3n T\u1ebf B\u00e0o BloodStor\u00ae 100\",\"isPartOf\":{\"@id\":\"https:\/\/biogroupvietnam.com\/vi\/#website\"},\"primaryImageOfPage\":{\"@id\":\"https:\/\/biogroupvietnam.com\/vi\/san-pham\/bloodstor-100\/#primaryimage\"},\"image\":{\"@id\":\"https:\/\/biogroupvietnam.com\/vi\/san-pham\/bloodstor-100\/#primaryimage\"},\"thumbnailUrl\":\"https:\/\/biogroupvietnam.com\/wp-content\/uploads\/2025\/08\/bloodstor-100.jpg\",\"datePublished\":\"2025-08-18T12:53:49+00:00\",\"dateModified\":\"2026-04-02T08:43:16+00:00\",\"description\":\"BloodStor\u00ae l\u00e0 m\u1ed9t lo\u1ea1t c\u00e1c s\u1ea3n ph\u1ea9m m\u00f4i tr\u01b0\u1eddng \u0111\u00f4ng l\u1ea1nh cGMP chung \u0111\u01b0\u1ee3c s\u1eed d\u1ee5ng \u0111\u1ec3 b\u1ea3o qu\u1ea3n l\u1ea1nh c\u00e1c t\u1ebf b\u00e0o g\u1ed1c, c\u00e1c t\u1ebf b\u00e0o kh\u00e1c \u0111\u01b0\u1ee3c ph\u00e2n t\u00e1ch t\u1eeb m\u00e1u cu\u1ed1ng r\u1ed1n, m\u00e1u ngo\u1ea1i vi, t\u1ee7y x\u01b0\u01a1ng v\u00e0 c\u00e1c sinh h\u1ecdc kh\u00e1c.\",\"breadcrumb\":{\"@id\":\"https:\/\/biogroupvietnam.com\/vi\/san-pham\/bloodstor-100\/#breadcrumb\"},\"inLanguage\":\"vi\",\"potentialAction\":[{\"@type\":\"ReadAction\",\"target\":[\"https:\/\/biogroupvietnam.com\/vi\/san-pham\/bloodstor-100\/\"]}]},{\"@type\":\"ImageObject\",\"inLanguage\":\"vi\",\"@id\":\"https:\/\/biogroupvietnam.com\/vi\/san-pham\/bloodstor-100\/#primaryimage\",\"url\":\"https:\/\/biogroupvietnam.com\/wp-content\/uploads\/2025\/08\/bloodstor-100.jpg\",\"contentUrl\":\"https:\/\/biogroupvietnam.com\/wp-content\/uploads\/2025\/08\/bloodstor-100.jpg\",\"width\":1640,\"height\":1260,\"caption\":\"M\u00f4i Tr\u01b0\u1eddng B\u1ea3o Qu\u1ea3n T\u1ebf B\u00e0o BloodStor\u00ae 100\"},{\"@type\":\"BreadcrumbList\",\"@id\":\"https:\/\/biogroupvietnam.com\/vi\/san-pham\/bloodstor-100\/#breadcrumb\",\"itemListElement\":[{\"@type\":\"ListItem\",\"position\":1,\"name\":\"Trang ch\u1ee7\",\"item\":\"https:\/\/biogroupvietnam.com\/vi\/\"},{\"@type\":\"ListItem\",\"position\":2,\"name\":\"S\u1ea3n ph\u1ea9m\",\"item\":\"https:\/\/biogroupvietnam.com\/vi\/san-pham\/\"},{\"@type\":\"ListItem\",\"position\":3,\"name\":\"B\u1ea3o Qu\u1ea3n L\u1ea1nh T\u1ebf B\u00e0o\",\"item\":\"https:\/\/biogroupvietnam.com\/vi\/danh-muc-san-pham\/bao-quan-lanh-te-bao\/\"},{\"@type\":\"ListItem\",\"position\":4,\"name\":\"M\u00f4i Tr\u01b0\u1eddng B\u1ea3o Qu\u1ea3n T\u1ebf B\u00e0o\",\"item\":\"https:\/\/biogroupvietnam.com\/vi\/danh-muc-san-pham\/moi-truong-bao-quan-te-bao\/\"},{\"@type\":\"ListItem\",\"position\":5,\"name\":\"M\u00f4i Tr\u01b0\u1eddng B\u1ea3o Qu\u1ea3n T\u1ebf B\u00e0o BloodStor\u00ae 100\"}]},{\"@type\":\"WebSite\",\"@id\":\"https:\/\/biogroupvietnam.com\/vi\/#website\",\"url\":\"https:\/\/biogroupvietnam.com\/vi\/\",\"name\":\"Biogroup Vietnam\",\"description\":\"Biogroup Vietnam cung c\u1ea5p d\u1ecbch v\u1ee5 k\u1ef9 thu\u1eadt c\u00f9ng thi\u1ebft b\u1ecb, v\u1eadt t\u01b0, h\u00f3a ch\u1ea5t v\u00e0 gi\u1ea3i ph\u00e1p sinh h\u1ecdc cho ph\u00f2ng th\u00ed nghi\u1ec7m c\u00f4ng ngh\u1ec7 sinh h\u1ecdc, y sinh v\u00e0 y h\u1ecdc t\u00e1i t\u1ea1o.\",\"potentialAction\":[{\"@type\":\"SearchAction\",\"target\":{\"@type\":\"EntryPoint\",\"urlTemplate\":\"https:\/\/biogroupvietnam.com\/vi\/?s={search_term_string}\"},\"query-input\":{\"@type\":\"PropertyValueSpecification\",\"valueRequired\":true,\"valueName\":\"search_term_string\"}}],\"inLanguage\":\"vi\"}]}<\/script>\n<!-- \/ Yoast SEO plugin. -->","yoast_head_json":{"title":"M\u00f4i Tr\u01b0\u1eddng B\u1ea3o Qu\u1ea3n T\u1ebf B\u00e0o BloodStor\u00ae 100","description":"BloodStor\u00ae l\u00e0 m\u1ed9t lo\u1ea1t c\u00e1c s\u1ea3n ph\u1ea9m m\u00f4i tr\u01b0\u1eddng \u0111\u00f4ng l\u1ea1nh cGMP chung \u0111\u01b0\u1ee3c s\u1eed d\u1ee5ng \u0111\u1ec3 b\u1ea3o qu\u1ea3n l\u1ea1nh c\u00e1c t\u1ebf b\u00e0o g\u1ed1c, c\u00e1c t\u1ebf b\u00e0o kh\u00e1c \u0111\u01b0\u1ee3c ph\u00e2n t\u00e1ch t\u1eeb m\u00e1u cu\u1ed1ng r\u1ed1n, m\u00e1u ngo\u1ea1i vi, t\u1ee7y x\u01b0\u01a1ng v\u00e0 c\u00e1c sinh h\u1ecdc kh\u00e1c.","robots":{"index":"index","follow":"follow","max-snippet":"max-snippet:-1","max-image-preview":"max-image-preview:large","max-video-preview":"max-video-preview:-1"},"canonical":"https:\/\/biogroupvietnam.com\/vi\/san-pham\/bloodstor-100\/","og_locale":"vi_VN","og_type":"article","og_title":"M\u00f4i Tr\u01b0\u1eddng B\u1ea3o Qu\u1ea3n T\u1ebf B\u00e0o BloodStor\u00ae 100","og_description":"BloodStor\u00ae l\u00e0 m\u1ed9t lo\u1ea1t c\u00e1c s\u1ea3n ph\u1ea9m m\u00f4i tr\u01b0\u1eddng \u0111\u00f4ng l\u1ea1nh cGMP chung \u0111\u01b0\u1ee3c s\u1eed d\u1ee5ng \u0111\u1ec3 b\u1ea3o qu\u1ea3n l\u1ea1nh c\u00e1c t\u1ebf b\u00e0o g\u1ed1c, c\u00e1c t\u1ebf b\u00e0o kh\u00e1c \u0111\u01b0\u1ee3c ph\u00e2n t\u00e1ch t\u1eeb m\u00e1u cu\u1ed1ng r\u1ed1n, m\u00e1u ngo\u1ea1i vi, t\u1ee7y x\u01b0\u01a1ng v\u00e0 c\u00e1c sinh h\u1ecdc kh\u00e1c.","og_url":"https:\/\/biogroupvietnam.com\/vi\/san-pham\/bloodstor-100\/","og_site_name":"Biogroup Vietnam","article_modified_time":"2026-04-02T08:43:16+00:00","og_image":[{"width":1640,"height":1260,"url":"https:\/\/biogroupvietnam.com\/wp-content\/uploads\/2025\/08\/bloodstor-100.jpg","type":"image\/jpeg"}],"twitter_card":"summary_large_image","twitter_misc":{"\u01af\u1edbc t\u00ednh th\u1eddi gian \u0111\u1ecdc":"2 ph\u00fat"},"schema":{"@context":"https:\/\/schema.org","@graph":[{"@type":"WebPage","@id":"https:\/\/biogroupvietnam.com\/vi\/san-pham\/bloodstor-100\/","url":"https:\/\/biogroupvietnam.com\/vi\/san-pham\/bloodstor-100\/","name":"M\u00f4i Tr\u01b0\u1eddng B\u1ea3o Qu\u1ea3n T\u1ebf B\u00e0o BloodStor\u00ae 100","isPartOf":{"@id":"https:\/\/biogroupvietnam.com\/vi\/#website"},"primaryImageOfPage":{"@id":"https:\/\/biogroupvietnam.com\/vi\/san-pham\/bloodstor-100\/#primaryimage"},"image":{"@id":"https:\/\/biogroupvietnam.com\/vi\/san-pham\/bloodstor-100\/#primaryimage"},"thumbnailUrl":"https:\/\/biogroupvietnam.com\/wp-content\/uploads\/2025\/08\/bloodstor-100.jpg","datePublished":"2025-08-18T12:53:49+00:00","dateModified":"2026-04-02T08:43:16+00:00","description":"BloodStor\u00ae l\u00e0 m\u1ed9t lo\u1ea1t c\u00e1c s\u1ea3n ph\u1ea9m m\u00f4i tr\u01b0\u1eddng \u0111\u00f4ng l\u1ea1nh cGMP chung \u0111\u01b0\u1ee3c s\u1eed d\u1ee5ng \u0111\u1ec3 b\u1ea3o qu\u1ea3n l\u1ea1nh c\u00e1c t\u1ebf b\u00e0o g\u1ed1c, c\u00e1c t\u1ebf b\u00e0o kh\u00e1c \u0111\u01b0\u1ee3c ph\u00e2n t\u00e1ch t\u1eeb m\u00e1u cu\u1ed1ng r\u1ed1n, m\u00e1u ngo\u1ea1i vi, t\u1ee7y x\u01b0\u01a1ng v\u00e0 c\u00e1c sinh h\u1ecdc kh\u00e1c.","breadcrumb":{"@id":"https:\/\/biogroupvietnam.com\/vi\/san-pham\/bloodstor-100\/#breadcrumb"},"inLanguage":"vi","potentialAction":[{"@type":"ReadAction","target":["https:\/\/biogroupvietnam.com\/vi\/san-pham\/bloodstor-100\/"]}]},{"@type":"ImageObject","inLanguage":"vi","@id":"https:\/\/biogroupvietnam.com\/vi\/san-pham\/bloodstor-100\/#primaryimage","url":"https:\/\/biogroupvietnam.com\/wp-content\/uploads\/2025\/08\/bloodstor-100.jpg","contentUrl":"https:\/\/biogroupvietnam.com\/wp-content\/uploads\/2025\/08\/bloodstor-100.jpg","width":1640,"height":1260,"caption":"M\u00f4i Tr\u01b0\u1eddng B\u1ea3o Qu\u1ea3n T\u1ebf B\u00e0o BloodStor\u00ae 100"},{"@type":"BreadcrumbList","@id":"https:\/\/biogroupvietnam.com\/vi\/san-pham\/bloodstor-100\/#breadcrumb","itemListElement":[{"@type":"ListItem","position":1,"name":"Trang ch\u1ee7","item":"https:\/\/biogroupvietnam.com\/vi\/"},{"@type":"ListItem","position":2,"name":"S\u1ea3n ph\u1ea9m","item":"https:\/\/biogroupvietnam.com\/vi\/san-pham\/"},{"@type":"ListItem","position":3,"name":"B\u1ea3o Qu\u1ea3n L\u1ea1nh T\u1ebf B\u00e0o","item":"https:\/\/biogroupvietnam.com\/vi\/danh-muc-san-pham\/bao-quan-lanh-te-bao\/"},{"@type":"ListItem","position":4,"name":"M\u00f4i Tr\u01b0\u1eddng B\u1ea3o Qu\u1ea3n T\u1ebf B\u00e0o","item":"https:\/\/biogroupvietnam.com\/vi\/danh-muc-san-pham\/moi-truong-bao-quan-te-bao\/"},{"@type":"ListItem","position":5,"name":"M\u00f4i Tr\u01b0\u1eddng B\u1ea3o Qu\u1ea3n T\u1ebf B\u00e0o BloodStor\u00ae 100"}]},{"@type":"WebSite","@id":"https:\/\/biogroupvietnam.com\/vi\/#website","url":"https:\/\/biogroupvietnam.com\/vi\/","name":"Biogroup Vietnam","description":"Biogroup Vietnam cung c\u1ea5p d\u1ecbch v\u1ee5 k\u1ef9 thu\u1eadt c\u00f9ng thi\u1ebft b\u1ecb, v\u1eadt t\u01b0, h\u00f3a ch\u1ea5t v\u00e0 gi\u1ea3i ph\u00e1p sinh h\u1ecdc cho ph\u00f2ng th\u00ed nghi\u1ec7m c\u00f4ng ngh\u1ec7 sinh h\u1ecdc, y sinh v\u00e0 y h\u1ecdc t\u00e1i t\u1ea1o.","potentialAction":[{"@type":"SearchAction","target":{"@type":"EntryPoint","urlTemplate":"https:\/\/biogroupvietnam.com\/vi\/?s={search_term_string}"},"query-input":{"@type":"PropertyValueSpecification","valueRequired":true,"valueName":"search_term_string"}}],"inLanguage":"vi"}]}},"_links":{"self":[{"href":"https:\/\/biogroupvietnam.com\/vi\/wp-json\/wp\/v2\/product\/3845","targetHints":{"allow":["GET"]}}],"collection":[{"href":"https:\/\/biogroupvietnam.com\/vi\/wp-json\/wp\/v2\/product"}],"about":[{"href":"https:\/\/biogroupvietnam.com\/vi\/wp-json\/wp\/v2\/types\/product"}],"replies":[{"embeddable":true,"href":"https:\/\/biogroupvietnam.com\/vi\/wp-json\/wp\/v2\/comments?post=3845"}],"version-history":[{"count":3,"href":"https:\/\/biogroupvietnam.com\/vi\/wp-json\/wp\/v2\/product\/3845\/revisions"}],"predecessor-version":[{"id":10173,"href":"https:\/\/biogroupvietnam.com\/vi\/wp-json\/wp\/v2\/product\/3845\/revisions\/10173"}],"wp:featuredmedia":[{"embeddable":true,"href":"https:\/\/biogroupvietnam.com\/vi\/wp-json\/wp\/v2\/media\/10172"}],"wp:attachment":[{"href":"https:\/\/biogroupvietnam.com\/vi\/wp-json\/wp\/v2\/media?parent=3845"}],"wp:term":[{"taxonomy":"product_brand","embeddable":true,"href":"https:\/\/biogroupvietnam.com\/vi\/wp-json\/wp\/v2\/product_brand?post=3845"},{"taxonomy":"product_cat","embeddable":true,"href":"https:\/\/biogroupvietnam.com\/vi\/wp-json\/wp\/v2\/product_cat?post=3845"},{"taxonomy":"product_tag","embeddable":true,"href":"https:\/\/biogroupvietnam.com\/vi\/wp-json\/wp\/v2\/product_tag?post=3845"}],"curies":[{"name":"wp","href":"https:\/\/api.w.org\/{rel}","templated":true}]}}