{"id":3846,"date":"2025-08-18T19:53:49","date_gmt":"2025-08-18T12:53:49","guid":{"rendered":"http:\/\/biogroupvietnam-worldpress.local\/product\/import-placeholder-for-148\/"},"modified":"2026-04-02T15:34:42","modified_gmt":"2026-04-02T08:34:42","slug":"bloodstor-55-5","status":"publish","type":"product","link":"https:\/\/biogroupvietnam.com\/vi\/san-pham\/bloodstor-55-5\/","title":{"rendered":"M\u00f4i Tr\u01b0\u1eddng B\u1ea3o Qu\u1ea3n T\u1ebf B\u00e0o BloodStor\u00ae 55-5"},"content":{"rendered":"<p>Dung d\u1ecbch b\u1ea3o qu\u1ea3n sinh h\u1ecdc \u0111\u01b0\u1ee3c t\u1ed1i \u01b0u h\u00f3a cho m\u00f4 v\u00e0 c\u00e1c t\u1ebf b\u00e0o t\u1ea1o m\u00e1u<\/p>\n<h3><strong>T\u1ed5ng quan BloodStor\u00ae<\/strong><\/h3>\n<p>BloodStor\u00ae l\u00e0 d\u00f2ng m\u00f4i tr\u01b0\u1eddng \u0111\u00f4ng l\u1ea1nh \u0111\u1ea1t ti\u00eau chu\u1ea9n cGMP, \u0111\u01b0\u1ee3c s\u1eed d\u1ee5ng \u0111\u1ec3 b\u1ea3o qu\u1ea3n l\u1ea1nh c\u00e1c t\u1ebf b\u00e0o g\u1ed1c v\u00e0 t\u1ebf b\u00e0o t\u1ea1o m\u00e1u \u0111\u01b0\u1ee3c ph\u00e2n l\u1eadp t\u1eeb m\u00e1u d\u00e2y r\u1ed1n, m\u00e1u ngo\u1ea1i vi, t\u1ee7y x\u01b0\u01a1ng v\u00e0 c\u00e1c th\u00e0nh ph\u1ea7n sinh h\u1ecdc kh\u00e1c. T\u1ea5t c\u1ea3 c\u00e1c s\u1ea3n ph\u1ea9m BloodStor\u00ae \u0111\u1ec1u \u0111\u01b0\u1ee3c pha ch\u1ebf b\u1eb1ng c\u00e1ch s\u1eed d\u1ee5ng c\u00e1c th\u00e0nh ph\u1ea7n c\u1ea5p USP k\u1ebft h\u1ee3p v\u1edbi n\u01b0\u1edbc pha ti\u00eam (WFI).<\/p>\n<h3><strong>Th\u00e0nh ph\u1ea7n\u00a0BloodStor\u00ae<\/strong><\/h3>\n<ul>\n<li>55% dimethyl sulfoxide (DMSO)<\/li>\n<li>5% Dextran-40<\/li>\n<li>N\u01b0\u1edbc pha ti\u00eam (WFI).<\/li>\n<\/ul>\n<h3><strong>\u01afu \u0111i\u1ec3m\u00a0c\u1ee7a m\u00f4i tr\u01b0\u1eddng \u0111\u00f4ng l\u1ea1nh BloodStor\u00ae 55-5<\/strong><\/h3>\n<ul>\n<li>S\u1eb5n s\u00e0ng s\u1eed d\u1ee5ng<\/li>\n<li>Kh\u00f4ng c\u00f3 th\u00e0nh ph\u1ea7n \u0111\u1ed9ng v\u1eadt<\/li>\n<li>Chai nh\u1ef1a v\u00f4 tr\u00f9ng, \u0111\u1ea1t c\u1ea5p USP<\/li>\n<li>\u0110\u01b0\u1ee3c s\u1ea3n xu\u1ea5t v\u1edbi c\u00e1c th\u00e0nh ph\u1ea7n c\u1ea5p USP \/ ch\u1ea5t l\u01b0\u1ee3ng cao theo ti\u00eau chu\u1ea9n cGMP.<\/li>\n<li>\u0110\u01b0\u1ee3c ki\u1ec3m tra \u0111\u1ed9 v\u00f4 tr\u00f9ng, n\u1ed9i \u0111\u1ed9c t\u1ed1 v\u00e0 \u0111\u00e1nh gi\u00e1 ch\u1ea5t l\u01b0\u1ee3ng th\u00f4ng qua c\u00e1c th\u1eed nghi\u1ec7m tr\u00ean t\u1ebf b\u00e0o.<\/li>\n<\/ul>\n<h3><strong>B\u1ea3o qu\u1ea3n<\/strong><\/h3>\n<p>Nhi\u1ec7t \u0111\u1ed9 b\u1ea3o qu\u1ea3n: 2-8oC<\/p>\n<h3><strong>\u1ee8ng d\u1ee5ng<\/strong><\/h3>\n<p>B\u1ea3o qu\u1ea3n l\u1ea1nh c\u00e1c t\u1ebf b\u00e0o ph\u00e2n l\u1eadp t\u1eeb m\u00e1u<\/p>\n<h3><strong>Th\u00f4ng tin \u0111\u1eb7t h\u00e0ng<\/strong><\/h3>\n<p>Catalog # 07937:\u00a016 x 7.2 mL<\/p>\n<p>Catalog # 07950: T\u00fai 1000 mL<\/p>\n","protected":false},"excerpt":{"rendered":"<p>Dung d\u1ecbch b\u1ea3o qu\u1ea3n sinh h\u1ecdc \u0111\u01b0\u1ee3c t\u1ed1i \u01b0u h\u00f3a cho m\u00f4 v\u00e0 c\u00e1c t\u1ebf b\u00e0o t\u1ea1o m\u00e1u T\u1ed5ng quan BloodStor\u00ae BloodStor\u00ae l\u00e0 d\u00f2ng m\u00f4i tr\u01b0\u1eddng \u0111\u00f4ng l\u1ea1nh \u0111\u1ea1t ti\u00eau chu\u1ea9n cGMP, \u0111\u01b0\u1ee3c s\u1eed d\u1ee5ng \u0111\u1ec3 b\u1ea3o qu\u1ea3n l\u1ea1nh c\u00e1c t\u1ebf b\u00e0o g\u1ed1c v\u00e0 t\u1ebf b\u00e0o t\u1ea1o m\u00e1u \u0111\u01b0\u1ee3c ph\u00e2n l\u1eadp t\u1eeb m\u00e1u d\u00e2y r\u1ed1n,<\/p>\n<div class=\"klb-readmore post-buttons\"><a class=\"button rounded primary\" href=\"https:\/\/biogroupvietnam.com\/vi\/san-pham\/bloodstor-55-5\/\">Read More <i class=\"klbth-icon-right-arrow\"><\/i><\/a><\/div>\n","protected":false},"featured_media":10170,"comment_status":"closed","ping_status":"closed","template":"","meta":{"_acf_changed":false},"product_brand":[127],"product_cat":[103],"product_tag":[],"class_list":{"0":"post-3846","1":"product","2":"type-product","3":"status-publish","4":"has-post-thumbnail","6":"product_brand-stemcell-technologies","7":"product_cat-moi-truong-bao-quan-te-bao","9":"first","10":"outofstock","11":"shipping-taxable","12":"product-type-simple"},"acf":[],"yoast_head":"<!-- This site is optimized with the Yoast SEO plugin v26.8 - https:\/\/yoast.com\/product\/yoast-seo-wordpress\/ -->\n<title>M\u00f4i Tr\u01b0\u1eddng B\u1ea3o Qu\u1ea3n T\u1ebf B\u00e0o BloodStor\u00ae 55-5<\/title>\n<meta name=\"description\" content=\"Dung d\u1ecbch b\u1ea3o qu\u1ea3n sinh h\u1ecdc \u0111\u01b0\u1ee3c t\u1ed1i \u01b0u h\u00f3a cho m\u00f4 v\u00e0 c\u00e1c t\u1ebf b\u00e0o t\u1ea1o m\u00e1u\" \/>\n<meta name=\"robots\" content=\"index, follow, max-snippet:-1, max-image-preview:large, max-video-preview:-1\" \/>\n<link rel=\"canonical\" href=\"https:\/\/biogroupvietnam.com\/vi\/san-pham\/bloodstor-55-5\/\" \/>\n<meta property=\"og:locale\" content=\"vi_VN\" \/>\n<meta property=\"og:type\" content=\"article\" \/>\n<meta property=\"og:title\" content=\"M\u00f4i Tr\u01b0\u1eddng B\u1ea3o Qu\u1ea3n T\u1ebf B\u00e0o BloodStor\u00ae 55-5\" \/>\n<meta property=\"og:description\" content=\"Dung d\u1ecbch b\u1ea3o qu\u1ea3n sinh h\u1ecdc \u0111\u01b0\u1ee3c t\u1ed1i \u01b0u h\u00f3a cho m\u00f4 v\u00e0 c\u00e1c t\u1ebf b\u00e0o t\u1ea1o m\u00e1u\" \/>\n<meta property=\"og:url\" content=\"https:\/\/biogroupvietnam.com\/vi\/san-pham\/bloodstor-55-5\/\" \/>\n<meta property=\"og:site_name\" content=\"Biogroup Vietnam\" \/>\n<meta property=\"article:modified_time\" content=\"2026-04-02T08:34:42+00:00\" \/>\n<meta property=\"og:image\" content=\"https:\/\/biogroupvietnam.com\/wp-content\/uploads\/2025\/08\/bloodstor-55-5.jpg\" \/>\n\t<meta property=\"og:image:width\" content=\"1640\" \/>\n\t<meta property=\"og:image:height\" content=\"1260\" \/>\n\t<meta property=\"og:image:type\" content=\"image\/jpeg\" \/>\n<meta name=\"twitter:card\" content=\"summary_large_image\" \/>\n<meta name=\"twitter:label1\" content=\"\u01af\u1edbc t\u00ednh th\u1eddi gian \u0111\u1ecdc\" \/>\n\t<meta name=\"twitter:data1\" content=\"2 ph\u00fat\" \/>\n<script type=\"application\/ld+json\" class=\"yoast-schema-graph\">{\"@context\":\"https:\/\/schema.org\",\"@graph\":[{\"@type\":\"WebPage\",\"@id\":\"https:\/\/biogroupvietnam.com\/vi\/san-pham\/bloodstor-55-5\/\",\"url\":\"https:\/\/biogroupvietnam.com\/vi\/san-pham\/bloodstor-55-5\/\",\"name\":\"M\u00f4i Tr\u01b0\u1eddng B\u1ea3o Qu\u1ea3n T\u1ebf B\u00e0o BloodStor\u00ae 55-5\",\"isPartOf\":{\"@id\":\"https:\/\/biogroupvietnam.com\/vi\/#website\"},\"primaryImageOfPage\":{\"@id\":\"https:\/\/biogroupvietnam.com\/vi\/san-pham\/bloodstor-55-5\/#primaryimage\"},\"image\":{\"@id\":\"https:\/\/biogroupvietnam.com\/vi\/san-pham\/bloodstor-55-5\/#primaryimage\"},\"thumbnailUrl\":\"https:\/\/biogroupvietnam.com\/wp-content\/uploads\/2025\/08\/bloodstor-55-5.jpg\",\"datePublished\":\"2025-08-18T12:53:49+00:00\",\"dateModified\":\"2026-04-02T08:34:42+00:00\",\"description\":\"Dung d\u1ecbch b\u1ea3o qu\u1ea3n sinh h\u1ecdc \u0111\u01b0\u1ee3c t\u1ed1i \u01b0u h\u00f3a cho m\u00f4 v\u00e0 c\u00e1c t\u1ebf b\u00e0o t\u1ea1o m\u00e1u\",\"breadcrumb\":{\"@id\":\"https:\/\/biogroupvietnam.com\/vi\/san-pham\/bloodstor-55-5\/#breadcrumb\"},\"inLanguage\":\"vi\",\"potentialAction\":[{\"@type\":\"ReadAction\",\"target\":[\"https:\/\/biogroupvietnam.com\/vi\/san-pham\/bloodstor-55-5\/\"]}]},{\"@type\":\"ImageObject\",\"inLanguage\":\"vi\",\"@id\":\"https:\/\/biogroupvietnam.com\/vi\/san-pham\/bloodstor-55-5\/#primaryimage\",\"url\":\"https:\/\/biogroupvietnam.com\/wp-content\/uploads\/2025\/08\/bloodstor-55-5.jpg\",\"contentUrl\":\"https:\/\/biogroupvietnam.com\/wp-content\/uploads\/2025\/08\/bloodstor-55-5.jpg\",\"width\":1640,\"height\":1260,\"caption\":\"M\u00f4i Tr\u01b0\u1eddng B\u1ea3o Qu\u1ea3n T\u1ebf B\u00e0o BloodStor\u00ae 55-5\"},{\"@type\":\"BreadcrumbList\",\"@id\":\"https:\/\/biogroupvietnam.com\/vi\/san-pham\/bloodstor-55-5\/#breadcrumb\",\"itemListElement\":[{\"@type\":\"ListItem\",\"position\":1,\"name\":\"Trang ch\u1ee7\",\"item\":\"https:\/\/biogroupvietnam.com\/vi\/\"},{\"@type\":\"ListItem\",\"position\":2,\"name\":\"S\u1ea3n ph\u1ea9m\",\"item\":\"https:\/\/biogroupvietnam.com\/vi\/san-pham\/\"},{\"@type\":\"ListItem\",\"position\":3,\"name\":\"B\u1ea3o Qu\u1ea3n L\u1ea1nh T\u1ebf B\u00e0o\",\"item\":\"https:\/\/biogroupvietnam.com\/vi\/danh-muc-san-pham\/bao-quan-lanh-te-bao\/\"},{\"@type\":\"ListItem\",\"position\":4,\"name\":\"M\u00f4i Tr\u01b0\u1eddng B\u1ea3o Qu\u1ea3n T\u1ebf B\u00e0o\",\"item\":\"https:\/\/biogroupvietnam.com\/vi\/danh-muc-san-pham\/moi-truong-bao-quan-te-bao\/\"},{\"@type\":\"ListItem\",\"position\":5,\"name\":\"M\u00f4i Tr\u01b0\u1eddng B\u1ea3o Qu\u1ea3n T\u1ebf B\u00e0o BloodStor\u00ae 55-5\"}]},{\"@type\":\"WebSite\",\"@id\":\"https:\/\/biogroupvietnam.com\/vi\/#website\",\"url\":\"https:\/\/biogroupvietnam.com\/vi\/\",\"name\":\"Biogroup Vietnam\",\"description\":\"Biogroup Vietnam cung c\u1ea5p d\u1ecbch v\u1ee5 k\u1ef9 thu\u1eadt c\u00f9ng thi\u1ebft b\u1ecb, v\u1eadt t\u01b0, h\u00f3a ch\u1ea5t v\u00e0 gi\u1ea3i ph\u00e1p sinh h\u1ecdc cho ph\u00f2ng th\u00ed nghi\u1ec7m c\u00f4ng ngh\u1ec7 sinh h\u1ecdc, y sinh v\u00e0 y h\u1ecdc t\u00e1i t\u1ea1o.\",\"potentialAction\":[{\"@type\":\"SearchAction\",\"target\":{\"@type\":\"EntryPoint\",\"urlTemplate\":\"https:\/\/biogroupvietnam.com\/vi\/?s={search_term_string}\"},\"query-input\":{\"@type\":\"PropertyValueSpecification\",\"valueRequired\":true,\"valueName\":\"search_term_string\"}}],\"inLanguage\":\"vi\"}]}<\/script>\n<!-- \/ Yoast SEO plugin. -->","yoast_head_json":{"title":"M\u00f4i Tr\u01b0\u1eddng B\u1ea3o Qu\u1ea3n T\u1ebf B\u00e0o BloodStor\u00ae 55-5","description":"Dung d\u1ecbch b\u1ea3o qu\u1ea3n sinh h\u1ecdc \u0111\u01b0\u1ee3c t\u1ed1i \u01b0u h\u00f3a cho m\u00f4 v\u00e0 c\u00e1c t\u1ebf b\u00e0o t\u1ea1o m\u00e1u","robots":{"index":"index","follow":"follow","max-snippet":"max-snippet:-1","max-image-preview":"max-image-preview:large","max-video-preview":"max-video-preview:-1"},"canonical":"https:\/\/biogroupvietnam.com\/vi\/san-pham\/bloodstor-55-5\/","og_locale":"vi_VN","og_type":"article","og_title":"M\u00f4i Tr\u01b0\u1eddng B\u1ea3o Qu\u1ea3n T\u1ebf B\u00e0o BloodStor\u00ae 55-5","og_description":"Dung d\u1ecbch b\u1ea3o qu\u1ea3n sinh h\u1ecdc \u0111\u01b0\u1ee3c t\u1ed1i \u01b0u h\u00f3a cho m\u00f4 v\u00e0 c\u00e1c t\u1ebf b\u00e0o t\u1ea1o m\u00e1u","og_url":"https:\/\/biogroupvietnam.com\/vi\/san-pham\/bloodstor-55-5\/","og_site_name":"Biogroup Vietnam","article_modified_time":"2026-04-02T08:34:42+00:00","og_image":[{"width":1640,"height":1260,"url":"https:\/\/biogroupvietnam.com\/wp-content\/uploads\/2025\/08\/bloodstor-55-5.jpg","type":"image\/jpeg"}],"twitter_card":"summary_large_image","twitter_misc":{"\u01af\u1edbc t\u00ednh th\u1eddi gian \u0111\u1ecdc":"2 ph\u00fat"},"schema":{"@context":"https:\/\/schema.org","@graph":[{"@type":"WebPage","@id":"https:\/\/biogroupvietnam.com\/vi\/san-pham\/bloodstor-55-5\/","url":"https:\/\/biogroupvietnam.com\/vi\/san-pham\/bloodstor-55-5\/","name":"M\u00f4i Tr\u01b0\u1eddng B\u1ea3o Qu\u1ea3n T\u1ebf B\u00e0o BloodStor\u00ae 55-5","isPartOf":{"@id":"https:\/\/biogroupvietnam.com\/vi\/#website"},"primaryImageOfPage":{"@id":"https:\/\/biogroupvietnam.com\/vi\/san-pham\/bloodstor-55-5\/#primaryimage"},"image":{"@id":"https:\/\/biogroupvietnam.com\/vi\/san-pham\/bloodstor-55-5\/#primaryimage"},"thumbnailUrl":"https:\/\/biogroupvietnam.com\/wp-content\/uploads\/2025\/08\/bloodstor-55-5.jpg","datePublished":"2025-08-18T12:53:49+00:00","dateModified":"2026-04-02T08:34:42+00:00","description":"Dung d\u1ecbch b\u1ea3o qu\u1ea3n sinh h\u1ecdc \u0111\u01b0\u1ee3c t\u1ed1i \u01b0u h\u00f3a cho m\u00f4 v\u00e0 c\u00e1c t\u1ebf b\u00e0o t\u1ea1o m\u00e1u","breadcrumb":{"@id":"https:\/\/biogroupvietnam.com\/vi\/san-pham\/bloodstor-55-5\/#breadcrumb"},"inLanguage":"vi","potentialAction":[{"@type":"ReadAction","target":["https:\/\/biogroupvietnam.com\/vi\/san-pham\/bloodstor-55-5\/"]}]},{"@type":"ImageObject","inLanguage":"vi","@id":"https:\/\/biogroupvietnam.com\/vi\/san-pham\/bloodstor-55-5\/#primaryimage","url":"https:\/\/biogroupvietnam.com\/wp-content\/uploads\/2025\/08\/bloodstor-55-5.jpg","contentUrl":"https:\/\/biogroupvietnam.com\/wp-content\/uploads\/2025\/08\/bloodstor-55-5.jpg","width":1640,"height":1260,"caption":"M\u00f4i Tr\u01b0\u1eddng B\u1ea3o Qu\u1ea3n T\u1ebf B\u00e0o BloodStor\u00ae 55-5"},{"@type":"BreadcrumbList","@id":"https:\/\/biogroupvietnam.com\/vi\/san-pham\/bloodstor-55-5\/#breadcrumb","itemListElement":[{"@type":"ListItem","position":1,"name":"Trang ch\u1ee7","item":"https:\/\/biogroupvietnam.com\/vi\/"},{"@type":"ListItem","position":2,"name":"S\u1ea3n ph\u1ea9m","item":"https:\/\/biogroupvietnam.com\/vi\/san-pham\/"},{"@type":"ListItem","position":3,"name":"B\u1ea3o Qu\u1ea3n L\u1ea1nh T\u1ebf B\u00e0o","item":"https:\/\/biogroupvietnam.com\/vi\/danh-muc-san-pham\/bao-quan-lanh-te-bao\/"},{"@type":"ListItem","position":4,"name":"M\u00f4i Tr\u01b0\u1eddng B\u1ea3o Qu\u1ea3n T\u1ebf B\u00e0o","item":"https:\/\/biogroupvietnam.com\/vi\/danh-muc-san-pham\/moi-truong-bao-quan-te-bao\/"},{"@type":"ListItem","position":5,"name":"M\u00f4i Tr\u01b0\u1eddng B\u1ea3o Qu\u1ea3n T\u1ebf B\u00e0o BloodStor\u00ae 55-5"}]},{"@type":"WebSite","@id":"https:\/\/biogroupvietnam.com\/vi\/#website","url":"https:\/\/biogroupvietnam.com\/vi\/","name":"Biogroup Vietnam","description":"Biogroup Vietnam cung c\u1ea5p d\u1ecbch v\u1ee5 k\u1ef9 thu\u1eadt c\u00f9ng thi\u1ebft b\u1ecb, v\u1eadt t\u01b0, h\u00f3a ch\u1ea5t v\u00e0 gi\u1ea3i ph\u00e1p sinh h\u1ecdc cho ph\u00f2ng th\u00ed nghi\u1ec7m c\u00f4ng ngh\u1ec7 sinh h\u1ecdc, y sinh v\u00e0 y h\u1ecdc t\u00e1i t\u1ea1o.","potentialAction":[{"@type":"SearchAction","target":{"@type":"EntryPoint","urlTemplate":"https:\/\/biogroupvietnam.com\/vi\/?s={search_term_string}"},"query-input":{"@type":"PropertyValueSpecification","valueRequired":true,"valueName":"search_term_string"}}],"inLanguage":"vi"}]}},"_links":{"self":[{"href":"https:\/\/biogroupvietnam.com\/vi\/wp-json\/wp\/v2\/product\/3846","targetHints":{"allow":["GET"]}}],"collection":[{"href":"https:\/\/biogroupvietnam.com\/vi\/wp-json\/wp\/v2\/product"}],"about":[{"href":"https:\/\/biogroupvietnam.com\/vi\/wp-json\/wp\/v2\/types\/product"}],"replies":[{"embeddable":true,"href":"https:\/\/biogroupvietnam.com\/vi\/wp-json\/wp\/v2\/comments?post=3846"}],"version-history":[{"count":4,"href":"https:\/\/biogroupvietnam.com\/vi\/wp-json\/wp\/v2\/product\/3846\/revisions"}],"predecessor-version":[{"id":10171,"href":"https:\/\/biogroupvietnam.com\/vi\/wp-json\/wp\/v2\/product\/3846\/revisions\/10171"}],"wp:featuredmedia":[{"embeddable":true,"href":"https:\/\/biogroupvietnam.com\/vi\/wp-json\/wp\/v2\/media\/10170"}],"wp:attachment":[{"href":"https:\/\/biogroupvietnam.com\/vi\/wp-json\/wp\/v2\/media?parent=3846"}],"wp:term":[{"taxonomy":"product_brand","embeddable":true,"href":"https:\/\/biogroupvietnam.com\/vi\/wp-json\/wp\/v2\/product_brand?post=3846"},{"taxonomy":"product_cat","embeddable":true,"href":"https:\/\/biogroupvietnam.com\/vi\/wp-json\/wp\/v2\/product_cat?post=3846"},{"taxonomy":"product_tag","embeddable":true,"href":"https:\/\/biogroupvietnam.com\/vi\/wp-json\/wp\/v2\/product_tag?post=3846"}],"curies":[{"name":"wp","href":"https:\/\/api.w.org\/{rel}","templated":true}]}}