{"id":3847,"date":"2025-08-18T19:53:50","date_gmt":"2025-08-18T12:53:50","guid":{"rendered":"http:\/\/biogroupvietnam-worldpress.local\/product\/import-placeholder-for-149\/"},"modified":"2026-01-12T17:09:01","modified_gmt":"2026-01-12T10:09:01","slug":"mve-sc-series","status":"publish","type":"product","link":"https:\/\/biogroupvietnam.com\/vi\/san-pham\/mve-sc-series\/","title":{"rendered":"B\u00ecnh Ch\u1ee9a M\u1eabu \u0110\u00f4ng L\u1ea1nh MVE SC Series"},"content":{"rendered":"<p>D\u00f2ng b\u00ecnh l\u01b0u tr\u1eef m\u1eabu MVE SC c\u00f3 dung t\u00edch nh\u1ecf cung c\u1ea5p kh\u1ea3 n\u0103ng l\u01b0u tr\u1eef an to\u00e0n l\u00e2u d\u00e0i v\u1edbi m\u1ee9c ti\u00eau th\u1ee5 nit\u01a1 l\u1ecfng th\u1ea5p, chuy\u00ean d\u00f9ng tr\u1eef l\u1ea1nh ph\u00f4i, tinh tr\u00f9ng v\u00e0 no\u00e3n, c\u00f3 c\u00f4ng su\u1ea5t l\u01b0u tr\u1eef t\u1eeb 440-879 c\u1ecdng tr\u1eef ph\u00f4i\/ no\u00e3n (straw) v\u00e0 t\u1eeb 150-210 \u1ed1ng vial tr\u1eef l\u1ea1nh (tinh tr\u00f9ng).<\/p>\n<h3>C\u00e1c t\u00ednh n\u0103ng ch\u00ednh c\u1ee7a b\u00ecnh MVE SC<\/h3>\n<ul>\n<li>\u0110\u01b0\u1ee3c thi\u1ebft k\u1ebf \u0111\u1ec3 l\u01b0u tr\u1eef l\u01b0\u1ee3ng m\u1eabu nh\u1ecf.<\/li>\n<li>Ti\u00eau th\u1ee5 nit\u01a1 l\u1ecfng th\u1ea5p.<\/li>\n<li>V\u1eadn chuy\u1ec3n g\u1ecdn nh\u1eb9, linh ho\u1ea1t.<\/li>\n<li>SC 20\/20 Signature c\u00f3 t\u00ednh n\u0103ng Don\u2019t Break\u2122 \u0111\u1ea3m b\u1ea3o \u0111\u1ed9 b\u1ec1n.<\/li>\n<li>B\u1ea3o h\u00e0nh 2 n\u0103m ph\u1ee5 ki\u1ec7n c\u1ee7a b\u00ecnh l\u01b0u tr\u1eef m\u1eabu.<\/li>\n<li>B\u1ea3o h\u00e0nh 5 n\u0103m ph\u1ea7n ch\u00e2n kh\u00f4ng c\u1ee7a b\u00ecnh l\u01b0u tr\u1eef m\u1eabu.<\/li>\n<li>Tu\u00e2n theo chu\u1ea9n MDD 93\/42 \/ EEC, ch\u1ec9 th\u1ecb v\u1ec1 thi\u1ebft b\u1ecb y t\u1ebf c\u1ee7a Li\u00ean minh Ch\u00e2u \u00c2u<\/li>\n<\/ul>\n<p style=\"text-align: center;\"><img fetchpriority=\"high\" decoding=\"async\" src=\"https:\/\/biogroupvietnam.com\/uploads\/NhY5iaKEtF7ufVIXT1MXZeFHBFoDeU9Ui1Y4S7R8.png\" alt=\"t\u00ednh n\u0103ng b\u00ecnh SC\" width=\"400\" height=\"396\" \/><\/p>\n<p><strong>T\u00ednh n\u0103ng b\u1ecb m\u00f3p m\u00e9o nh\u01b0ng kh\u00f4ng v\u1ee1 (Bend Don\u2019t Break\u2122) (B\u1eb1ng s\u00e1ng ch\u1ebf \u0111ang ch\u1edd x\u1eed l\u00fd)<\/strong><\/p>\n<p>D\u00f2ng b\u00ecnh l\u01b0u tr\u1eef m\u1eabu MVE SC 20\/20 Signature c\u00f3 \u0111\u1eb7c \u0111i\u1ec3m m\u1ed9t d\u1ea1ng \u0111\u1ec9nh \u0111\u1ea7u m\u1edbi bi\u1ebfn d\u1ea1ng \u0111\u1ec3 h\u1ea5p th\u1ee5 l\u1ef1c G l\u00e0m t\u1ed5n h\u1ea1i \u0111\u1ebfn v\u00f9ng c\u1ed5 b\u00ecnh. \u0110i\u1ec1u n\u00e0y l\u00e0m t\u0103ng \u0111\u1ed9 b\u1ec1n c\u1ee7a b\u00ecnh MVE SC 20\/20 Signature v\u00e0 s\u1ebd l\u00e0m cho b\u00ecnh m\u1ea1nh m\u1ebd h\u01a1n \u0111\u1ec3 GI\u1ea2M THI\u1ec2U thi\u1ec7t h\u1ea1i do v\u1eadn chuy\u1ec3n v\u00e0 v\u1eadn chuy\u1ec3n sai c\u00e1ch.<\/p>\n<h3><strong>Th\u00f4ng s\u1ed1 k\u1ef9 thu\u1eadt c\u1ee7a b\u00ecnh tr\u1eef m\u1eabu ph\u00f4i, tinh tr\u00f9ng, \u2026<\/strong><\/h3>\n<figure class=\"table\">\n<table>\n<tbody>\n<tr>\n<td><\/td>\n<td><strong>SC 3\/3<\/strong><\/td>\n<td><strong>SC 8\/5<\/strong><\/td>\n<td><strong>SC 11\/7<\/strong><\/td>\n<td><strong>SC 20\/20 Signature<\/strong><\/td>\n<td><strong>SC 33\/26<\/strong><\/td>\n<td><strong>SC 36\/32<\/strong><\/td>\n<td><strong>Super 2<\/strong><\/td>\n<\/tr>\n<tr>\n<td colspan=\"8\"><strong>Kh\u1ea3 n\u0103ng tr\u1eef m\u1eabu t\u1ed1i \u0111a<\/strong><\/td>\n<\/tr>\n<tr>\n<td>S\u1ed1 canister<\/td>\n<td>6<\/td>\n<td>6<\/td>\n<td>6<\/td>\n<td>6<\/td>\n<td>6<\/td>\n<td>6<\/td>\n<td>6<\/td>\n<\/tr>\n<tr>\n<td>S\u1ed1 c\u1ecdng tr\u1eef ph\u00f4i (1\/2cc straw, 10\/cane)<\/td>\n<td><\/td>\n<td><\/td>\n<td>660<\/td>\n<td>660<\/td>\n<td>660<\/td>\n<td>660<\/td>\n<td>660<\/td>\n<\/tr>\n<tr>\n<td>S\u1ed1 c\u1ecdng tr\u1eef ph\u00f4i (1\/2cc straw, 1 t\u1ea7ng)<\/td>\n<td>440<\/td>\n<td>440<\/td>\n<td>879<\/td>\n<td>879<\/td>\n<td>879<\/td>\n<td>879<\/td>\n<td>879<\/td>\n<\/tr>\n<tr>\n<td>S\u1ed1 \u1ed1ng vial 1,2 &amp; 2 ml (5\/cane)<\/td>\n<td><\/td>\n<td><\/td>\n<td>210<\/td>\n<td>210<\/td>\n<td>150<\/td>\n<td>150<\/td>\n<td>210<\/td>\n<\/tr>\n<tr>\n<td colspan=\"8\"><strong>Kh\u1ea3 n\u0103ng ch\u1ee9a nit\u01a1 l\u1ecfng &amp; nit\u01a1 bay h\u01a1i<\/strong><\/td>\n<\/tr>\n<tr>\n<td>Th\u1ec3 t\u00edch ch\u1ee9a nit\u01a1 l\u1ecfng (\u01b0\u1edbc t\u00ednh, L)<\/td>\n<td>3.6<\/td>\n<td>8.4<\/td>\n<td>11.0<\/td>\n<td>20.5<\/td>\n<td>33.0<\/td>\n<td>36.5<\/td>\n<td>24.5<\/td>\n<\/tr>\n<tr>\n<td>T\u1ed1c \u0111\u1ed9 bay h\u01a1i nit\u01a1 (L\/ng\u00e0y)*<\/td>\n<td>0.13<\/td>\n<td>0.15<\/td>\n<td>0.16<\/td>\n<td>0.085<\/td>\n<td>0.13<\/td>\n<td>0.1<\/td>\n<td>0.085<\/td>\n<\/tr>\n<tr>\n<td>Th\u1eddi gian tr\u1eef (ng\u00e0y)**<\/td>\n<td>17<\/td>\n<td>35<\/td>\n<td>43<\/td>\n<td>150<\/td>\n<td>183<\/td>\n<td>224<\/td>\n<td>180<\/td>\n<\/tr>\n<tr>\n<td colspan=\"8\"><strong>K\u00edch th\u01b0\u1edbc b\u00ecnh tr\u1eef m\u1eabu sinh h\u1ecdc (ph\u00f4i, tinh tr\u00f9ng, \u2026)<\/strong><\/td>\n<\/tr>\n<tr>\n<td>\u0110\u01b0\u1eddng k\u00ednh c\u1ed5 b\u00ecnh (mm)<\/td>\n<td>55.4<\/td>\n<td>55.4<\/td>\n<td>55.4<\/td>\n<td>55.4<\/td>\n<td>55.4<\/td>\n<td>55.4<\/td>\n<td>55.4<\/td>\n<\/tr>\n<tr>\n<td>Chi\u1ec1u cao c\u1ee7a b\u00ecnh (mm)<\/td>\n<td>406<\/td>\n<td>470<\/td>\n<td>549<\/td>\n<td>660<\/td>\n<td>657<\/td>\n<td>690<\/td>\n<td>716<\/td>\n<\/tr>\n<tr>\n<td>\u0110\u01b0\u1eddng k\u00ednh ngo\u00e0i c\u1ee7a b\u00ecnh (mm)<\/td>\n<td>222<\/td>\n<td>260<\/td>\n<td>260<\/td>\n<td>368<\/td>\n<td>464<\/td>\n<td>464<\/td>\n<td>368<\/td>\n<\/tr>\n<tr>\n<td>Chi\u1ec1u cao canister (mm)<\/td>\n<td>127<\/td>\n<td>127<\/td>\n<td>279<\/td>\n<td>279<\/td>\n<td>279<\/td>\n<td>279<\/td>\n<td>279<\/td>\n<\/tr>\n<tr>\n<td>\u0110\u01b0\u1eddng k\u00ednh canister (mm)<\/td>\n<td>41.9<\/td>\n<td>41.9<\/td>\n<td>41.9<\/td>\n<td>41.9<\/td>\n<td>41.9<\/td>\n<td>41.9<\/td>\n<td>41.9<\/td>\n<\/tr>\n<tr>\n<td>Tr\u1ecdng l\u01b0\u1ee3ng b\u00ecnh r\u1ed7ng (Kg)<\/td>\n<td>3.6<\/td>\n<td>5.3<\/td>\n<td>7.7<\/td>\n<td>10.2<\/td>\n<td>15.4<\/td>\n<td>15.4<\/td>\n<td>12<\/td>\n<\/tr>\n<tr>\n<td>Tr\u1ecdng l\u01b0\u1ee3ng b\u00ecnh \u0111\u1ea7y (Kg)<\/td>\n<td>65<\/td>\n<td>12.1<\/td>\n<td>16.6<\/td>\n<td>26.7<\/td>\n<td>42.4<\/td>\n<td>44.8<\/td>\n<td>31<\/td>\n<\/tr>\n<tr>\n<td colspan=\"8\"><i>*T\u1ed1c \u0111\u1ed9 bay h\u01a1i t\u0129nh v\u00e0 th\u1eddi gian gi\u1eef t\u0129nh l\u00e0 tr\u00ean danh ngh\u0129a. T\u1ef7 l\u1ec7 th\u1ef1c t\u1ebf v\u00e0 th\u1eddi gian l\u01b0u gi\u1eef s\u1ebd b\u1ecb \u1ea3nh h\u01b0\u1edfng b\u1edfi th\u1ef1c t\u1ebf s\u1eed d\u1ee5ng b\u00ecnh, \u0111i\u1ec1u ki\u1ec7n kh\u00f4ng kh\u00ed v\u00e0 dung sai s\u1ea3n xu\u1ea5t.<\/i><\/td>\n<\/tr>\n<tr>\n<td colspan=\"8\"><i>**Th\u1eddi l\u01b0\u1ee3ng l\u00e0m vi\u1ec7c l\u00e0 m\u1ed9t tham chi\u1ebfu t\u00f9y \u00fd, \u0111\u1ec3 \u01b0\u1edbc t\u00ednh hi\u1ec7u su\u1ea5t c\u1ee7a b\u00ecnh ch\u1ee9a trong \u0111i\u1ec1u ki\u1ec7n ho\u1ea1t \u0111\u1ed9ng b\u00ecnh th\u01b0\u1eddng trong l\u01b0u tr\u1eef ch\u1ea5t l\u1ecfng. Th\u1eddi gian l\u00e0m vi\u1ec7c th\u1ef1c t\u1ebf c\u00f3 th\u1ec3 thay \u0111\u1ed5i do \u0111i\u1ec1u ki\u1ec7n kh\u00f4ng kh\u00ed hi\u1ec7n t\u1ea1i, l\u1ecbch s\u1eed s\u1eed d\u1ee5ng b\u00ecnh ch\u1ee9a, dung sai ch\u1ebf t\u1ea1o v\u00e0 c\u00e1ch s\u1eed d\u1ee5ng b\u00ecnh.<\/i><\/td>\n<\/tr>\n<\/tbody>\n<\/table>\n<\/figure>\n","protected":false},"excerpt":{"rendered":"<p>D\u00f2ng b\u00ecnh l\u01b0u tr\u1eef m\u1eabu MVE SC c\u00f3 dung t\u00edch nh\u1ecf cung c\u1ea5p kh\u1ea3 n\u0103ng l\u01b0u tr\u1eef an to\u00e0n l\u00e2u d\u00e0i v\u1edbi m\u1ee9c ti\u00eau th\u1ee5 nit\u01a1 l\u1ecfng th\u1ea5p, chuy\u00ean d\u00f9ng tr\u1eef l\u1ea1nh ph\u00f4i, tinh tr\u00f9ng v\u00e0 no\u00e3n, c\u00f3 c\u00f4ng su\u1ea5t l\u01b0u tr\u1eef t\u1eeb 440-879 c\u1ecdng tr\u1eef ph\u00f4i\/ no\u00e3n (straw) v\u00e0 t\u1eeb 150-210 \u1ed1ng vial tr\u1eef<\/p>\n<div class=\"klb-readmore post-buttons\"><a class=\"button rounded primary\" href=\"https:\/\/biogroupvietnam.com\/vi\/san-pham\/mve-sc-series\/\">Read More <i class=\"klbth-icon-right-arrow\"><\/i><\/a><\/div>\n","protected":false},"featured_media":9084,"comment_status":"closed","ping_status":"closed","template":"","meta":{"_acf_changed":false},"product_brand":[128],"product_cat":[96],"product_tag":[],"class_list":{"0":"post-3847","1":"product","2":"type-product","3":"status-publish","4":"has-post-thumbnail","6":"product_brand-mve-biological-solutions","7":"product_cat-binh-nhom-tru-mau-trong-nito-long","9":"first","10":"outofstock","11":"shipping-taxable","12":"product-type-simple"},"acf":[],"yoast_head":"<!-- This site is optimized with the Yoast SEO plugin v26.8 - https:\/\/yoast.com\/product\/yoast-seo-wordpress\/ -->\n<title>B\u00ecnh Ch\u1ee9a M\u1eabu \u0110\u00f4ng L\u1ea1nh MVE SC Series<\/title>\n<meta name=\"description\" content=\"B\u00ecnh l\u01b0u tr\u1eef m\u1eabu MVE SC Series c\u00f3 dung t\u00edch nh\u1ecf cung c\u1ea5p kh\u1ea3 n\u0103ng l\u01b0u tr\u1eef an to\u00e0n l\u00e2u d\u00e0i v\u1edbi m\u1ee9c ti\u00eau th\u1ee5 nit\u01a1 l\u1ecfng th\u1ea5p, chuy\u00ean d\u00f9ng tr\u1eef l\u1ea1nh ph\u00f4i, tinh tr\u00f9ng v\u00e0 no\u00e3n, c\u00f3 c\u00f4ng su\u1ea5t l\u01b0u tr\u1eef t\u1eeb 440-879 c\u1ecdng tr\u1eef ph\u00f4i\/ no\u00e3n (straw) v\u00e0 t\u1eeb 150-210 \u1ed1ng vial tr\u1eef l\u1ea1nh (tinh tr\u00f9ng).\" \/>\n<meta name=\"robots\" content=\"index, follow, max-snippet:-1, max-image-preview:large, max-video-preview:-1\" \/>\n<link rel=\"canonical\" href=\"https:\/\/biogroupvietnam.com\/vi\/san-pham\/mve-sc-series\/\" \/>\n<meta property=\"og:locale\" content=\"vi_VN\" \/>\n<meta property=\"og:type\" content=\"article\" \/>\n<meta property=\"og:title\" content=\"B\u00ecnh Ch\u1ee9a M\u1eabu \u0110\u00f4ng L\u1ea1nh MVE SC Series\" \/>\n<meta property=\"og:description\" content=\"B\u00ecnh l\u01b0u tr\u1eef m\u1eabu MVE SC Series c\u00f3 dung t\u00edch nh\u1ecf cung c\u1ea5p kh\u1ea3 n\u0103ng l\u01b0u tr\u1eef an to\u00e0n l\u00e2u d\u00e0i v\u1edbi m\u1ee9c ti\u00eau th\u1ee5 nit\u01a1 l\u1ecfng th\u1ea5p, chuy\u00ean d\u00f9ng tr\u1eef l\u1ea1nh ph\u00f4i, tinh tr\u00f9ng v\u00e0 no\u00e3n, c\u00f3 c\u00f4ng su\u1ea5t l\u01b0u tr\u1eef t\u1eeb 440-879 c\u1ecdng tr\u1eef ph\u00f4i\/ no\u00e3n (straw) v\u00e0 t\u1eeb 150-210 \u1ed1ng vial tr\u1eef l\u1ea1nh (tinh tr\u00f9ng).\" \/>\n<meta property=\"og:url\" content=\"https:\/\/biogroupvietnam.com\/vi\/san-pham\/mve-sc-series\/\" \/>\n<meta property=\"og:site_name\" content=\"Biogroup Vietnam\" \/>\n<meta property=\"article:modified_time\" content=\"2026-01-12T10:09:01+00:00\" \/>\n<meta property=\"og:image\" content=\"https:\/\/biogroupvietnam.com\/wp-content\/uploads\/2025\/08\/MVE-SC-Series.jpg\" \/>\n\t<meta property=\"og:image:width\" content=\"1640\" \/>\n\t<meta property=\"og:image:height\" content=\"1260\" \/>\n\t<meta property=\"og:image:type\" content=\"image\/jpeg\" \/>\n<meta name=\"twitter:card\" content=\"summary_large_image\" \/>\n<meta name=\"twitter:label1\" content=\"\u01af\u1edbc t\u00ednh th\u1eddi gian \u0111\u1ecdc\" \/>\n\t<meta name=\"twitter:data1\" content=\"4 ph\u00fat\" \/>\n<script type=\"application\/ld+json\" class=\"yoast-schema-graph\">{\"@context\":\"https:\/\/schema.org\",\"@graph\":[{\"@type\":\"WebPage\",\"@id\":\"https:\/\/biogroupvietnam.com\/vi\/san-pham\/mve-sc-series\/\",\"url\":\"https:\/\/biogroupvietnam.com\/vi\/san-pham\/mve-sc-series\/\",\"name\":\"B\u00ecnh Ch\u1ee9a M\u1eabu \u0110\u00f4ng L\u1ea1nh MVE SC Series\",\"isPartOf\":{\"@id\":\"https:\/\/biogroupvietnam.com\/vi\/#website\"},\"primaryImageOfPage\":{\"@id\":\"https:\/\/biogroupvietnam.com\/vi\/san-pham\/mve-sc-series\/#primaryimage\"},\"image\":{\"@id\":\"https:\/\/biogroupvietnam.com\/vi\/san-pham\/mve-sc-series\/#primaryimage\"},\"thumbnailUrl\":\"https:\/\/biogroupvietnam.com\/wp-content\/uploads\/2025\/08\/MVE-SC-Series.jpg\",\"datePublished\":\"2025-08-18T12:53:50+00:00\",\"dateModified\":\"2026-01-12T10:09:01+00:00\",\"description\":\"B\u00ecnh l\u01b0u tr\u1eef m\u1eabu MVE SC Series c\u00f3 dung t\u00edch nh\u1ecf cung c\u1ea5p kh\u1ea3 n\u0103ng l\u01b0u tr\u1eef an to\u00e0n l\u00e2u d\u00e0i v\u1edbi m\u1ee9c ti\u00eau th\u1ee5 nit\u01a1 l\u1ecfng th\u1ea5p, chuy\u00ean d\u00f9ng tr\u1eef l\u1ea1nh ph\u00f4i, tinh tr\u00f9ng v\u00e0 no\u00e3n, c\u00f3 c\u00f4ng su\u1ea5t l\u01b0u tr\u1eef t\u1eeb 440-879 c\u1ecdng tr\u1eef ph\u00f4i\/ no\u00e3n (straw) v\u00e0 t\u1eeb 150-210 \u1ed1ng vial tr\u1eef l\u1ea1nh (tinh tr\u00f9ng).\",\"breadcrumb\":{\"@id\":\"https:\/\/biogroupvietnam.com\/vi\/san-pham\/mve-sc-series\/#breadcrumb\"},\"inLanguage\":\"vi\",\"potentialAction\":[{\"@type\":\"ReadAction\",\"target\":[\"https:\/\/biogroupvietnam.com\/vi\/san-pham\/mve-sc-series\/\"]}]},{\"@type\":\"ImageObject\",\"inLanguage\":\"vi\",\"@id\":\"https:\/\/biogroupvietnam.com\/vi\/san-pham\/mve-sc-series\/#primaryimage\",\"url\":\"https:\/\/biogroupvietnam.com\/wp-content\/uploads\/2025\/08\/MVE-SC-Series.jpg\",\"contentUrl\":\"https:\/\/biogroupvietnam.com\/wp-content\/uploads\/2025\/08\/MVE-SC-Series.jpg\",\"width\":1640,\"height\":1260},{\"@type\":\"BreadcrumbList\",\"@id\":\"https:\/\/biogroupvietnam.com\/vi\/san-pham\/mve-sc-series\/#breadcrumb\",\"itemListElement\":[{\"@type\":\"ListItem\",\"position\":1,\"name\":\"Trang ch\u1ee7\",\"item\":\"https:\/\/biogroupvietnam.com\/vi\/\"},{\"@type\":\"ListItem\",\"position\":2,\"name\":\"S\u1ea3n ph\u1ea9m\",\"item\":\"https:\/\/biogroupvietnam.com\/vi\/san-pham\/\"},{\"@type\":\"ListItem\",\"position\":3,\"name\":\"B\u1ea3o Qu\u1ea3n L\u1ea1nh T\u1ebf B\u00e0o\",\"item\":\"https:\/\/biogroupvietnam.com\/vi\/danh-muc-san-pham\/bao-quan-lanh-te-bao\/\"},{\"@type\":\"ListItem\",\"position\":4,\"name\":\"B\u00ecnh Nh\u00f4m Tr\u1eef M\u1eabu Trong Nit\u01a1 L\u1ecfng\",\"item\":\"https:\/\/biogroupvietnam.com\/vi\/danh-muc-san-pham\/binh-nhom-tru-mau-trong-nito-long\/\"},{\"@type\":\"ListItem\",\"position\":5,\"name\":\"B\u00ecnh Ch\u1ee9a M\u1eabu \u0110\u00f4ng L\u1ea1nh MVE SC Series\"}]},{\"@type\":\"WebSite\",\"@id\":\"https:\/\/biogroupvietnam.com\/vi\/#website\",\"url\":\"https:\/\/biogroupvietnam.com\/vi\/\",\"name\":\"Biogroup Vietnam\",\"description\":\"Biogroup Vietnam cung c\u1ea5p d\u1ecbch v\u1ee5 k\u1ef9 thu\u1eadt c\u00f9ng thi\u1ebft b\u1ecb, v\u1eadt t\u01b0, h\u00f3a ch\u1ea5t v\u00e0 gi\u1ea3i ph\u00e1p sinh h\u1ecdc cho ph\u00f2ng th\u00ed nghi\u1ec7m c\u00f4ng ngh\u1ec7 sinh h\u1ecdc, y sinh v\u00e0 y h\u1ecdc t\u00e1i t\u1ea1o.\",\"potentialAction\":[{\"@type\":\"SearchAction\",\"target\":{\"@type\":\"EntryPoint\",\"urlTemplate\":\"https:\/\/biogroupvietnam.com\/vi\/?s={search_term_string}\"},\"query-input\":{\"@type\":\"PropertyValueSpecification\",\"valueRequired\":true,\"valueName\":\"search_term_string\"}}],\"inLanguage\":\"vi\"}]}<\/script>\n<!-- \/ Yoast SEO plugin. -->","yoast_head_json":{"title":"B\u00ecnh Ch\u1ee9a M\u1eabu \u0110\u00f4ng L\u1ea1nh MVE SC Series","description":"B\u00ecnh l\u01b0u tr\u1eef m\u1eabu MVE SC Series c\u00f3 dung t\u00edch nh\u1ecf cung c\u1ea5p kh\u1ea3 n\u0103ng l\u01b0u tr\u1eef an to\u00e0n l\u00e2u d\u00e0i v\u1edbi m\u1ee9c ti\u00eau th\u1ee5 nit\u01a1 l\u1ecfng th\u1ea5p, chuy\u00ean d\u00f9ng tr\u1eef l\u1ea1nh ph\u00f4i, tinh tr\u00f9ng v\u00e0 no\u00e3n, c\u00f3 c\u00f4ng su\u1ea5t l\u01b0u tr\u1eef t\u1eeb 440-879 c\u1ecdng tr\u1eef ph\u00f4i\/ no\u00e3n (straw) v\u00e0 t\u1eeb 150-210 \u1ed1ng vial tr\u1eef l\u1ea1nh (tinh tr\u00f9ng).","robots":{"index":"index","follow":"follow","max-snippet":"max-snippet:-1","max-image-preview":"max-image-preview:large","max-video-preview":"max-video-preview:-1"},"canonical":"https:\/\/biogroupvietnam.com\/vi\/san-pham\/mve-sc-series\/","og_locale":"vi_VN","og_type":"article","og_title":"B\u00ecnh Ch\u1ee9a M\u1eabu \u0110\u00f4ng L\u1ea1nh MVE SC Series","og_description":"B\u00ecnh l\u01b0u tr\u1eef m\u1eabu MVE SC Series c\u00f3 dung t\u00edch nh\u1ecf cung c\u1ea5p kh\u1ea3 n\u0103ng l\u01b0u tr\u1eef an to\u00e0n l\u00e2u d\u00e0i v\u1edbi m\u1ee9c ti\u00eau th\u1ee5 nit\u01a1 l\u1ecfng th\u1ea5p, chuy\u00ean d\u00f9ng tr\u1eef l\u1ea1nh ph\u00f4i, tinh tr\u00f9ng v\u00e0 no\u00e3n, c\u00f3 c\u00f4ng su\u1ea5t l\u01b0u tr\u1eef t\u1eeb 440-879 c\u1ecdng tr\u1eef ph\u00f4i\/ no\u00e3n (straw) v\u00e0 t\u1eeb 150-210 \u1ed1ng vial tr\u1eef l\u1ea1nh (tinh tr\u00f9ng).","og_url":"https:\/\/biogroupvietnam.com\/vi\/san-pham\/mve-sc-series\/","og_site_name":"Biogroup Vietnam","article_modified_time":"2026-01-12T10:09:01+00:00","og_image":[{"width":1640,"height":1260,"url":"https:\/\/biogroupvietnam.com\/wp-content\/uploads\/2025\/08\/MVE-SC-Series.jpg","type":"image\/jpeg"}],"twitter_card":"summary_large_image","twitter_misc":{"\u01af\u1edbc t\u00ednh th\u1eddi gian \u0111\u1ecdc":"4 ph\u00fat"},"schema":{"@context":"https:\/\/schema.org","@graph":[{"@type":"WebPage","@id":"https:\/\/biogroupvietnam.com\/vi\/san-pham\/mve-sc-series\/","url":"https:\/\/biogroupvietnam.com\/vi\/san-pham\/mve-sc-series\/","name":"B\u00ecnh Ch\u1ee9a M\u1eabu \u0110\u00f4ng L\u1ea1nh MVE SC Series","isPartOf":{"@id":"https:\/\/biogroupvietnam.com\/vi\/#website"},"primaryImageOfPage":{"@id":"https:\/\/biogroupvietnam.com\/vi\/san-pham\/mve-sc-series\/#primaryimage"},"image":{"@id":"https:\/\/biogroupvietnam.com\/vi\/san-pham\/mve-sc-series\/#primaryimage"},"thumbnailUrl":"https:\/\/biogroupvietnam.com\/wp-content\/uploads\/2025\/08\/MVE-SC-Series.jpg","datePublished":"2025-08-18T12:53:50+00:00","dateModified":"2026-01-12T10:09:01+00:00","description":"B\u00ecnh l\u01b0u tr\u1eef m\u1eabu MVE SC Series c\u00f3 dung t\u00edch nh\u1ecf cung c\u1ea5p kh\u1ea3 n\u0103ng l\u01b0u tr\u1eef an to\u00e0n l\u00e2u d\u00e0i v\u1edbi m\u1ee9c ti\u00eau th\u1ee5 nit\u01a1 l\u1ecfng th\u1ea5p, chuy\u00ean d\u00f9ng tr\u1eef l\u1ea1nh ph\u00f4i, tinh tr\u00f9ng v\u00e0 no\u00e3n, c\u00f3 c\u00f4ng su\u1ea5t l\u01b0u tr\u1eef t\u1eeb 440-879 c\u1ecdng tr\u1eef ph\u00f4i\/ no\u00e3n (straw) v\u00e0 t\u1eeb 150-210 \u1ed1ng vial tr\u1eef l\u1ea1nh (tinh tr\u00f9ng).","breadcrumb":{"@id":"https:\/\/biogroupvietnam.com\/vi\/san-pham\/mve-sc-series\/#breadcrumb"},"inLanguage":"vi","potentialAction":[{"@type":"ReadAction","target":["https:\/\/biogroupvietnam.com\/vi\/san-pham\/mve-sc-series\/"]}]},{"@type":"ImageObject","inLanguage":"vi","@id":"https:\/\/biogroupvietnam.com\/vi\/san-pham\/mve-sc-series\/#primaryimage","url":"https:\/\/biogroupvietnam.com\/wp-content\/uploads\/2025\/08\/MVE-SC-Series.jpg","contentUrl":"https:\/\/biogroupvietnam.com\/wp-content\/uploads\/2025\/08\/MVE-SC-Series.jpg","width":1640,"height":1260},{"@type":"BreadcrumbList","@id":"https:\/\/biogroupvietnam.com\/vi\/san-pham\/mve-sc-series\/#breadcrumb","itemListElement":[{"@type":"ListItem","position":1,"name":"Trang ch\u1ee7","item":"https:\/\/biogroupvietnam.com\/vi\/"},{"@type":"ListItem","position":2,"name":"S\u1ea3n ph\u1ea9m","item":"https:\/\/biogroupvietnam.com\/vi\/san-pham\/"},{"@type":"ListItem","position":3,"name":"B\u1ea3o Qu\u1ea3n L\u1ea1nh T\u1ebf B\u00e0o","item":"https:\/\/biogroupvietnam.com\/vi\/danh-muc-san-pham\/bao-quan-lanh-te-bao\/"},{"@type":"ListItem","position":4,"name":"B\u00ecnh Nh\u00f4m Tr\u1eef M\u1eabu Trong Nit\u01a1 L\u1ecfng","item":"https:\/\/biogroupvietnam.com\/vi\/danh-muc-san-pham\/binh-nhom-tru-mau-trong-nito-long\/"},{"@type":"ListItem","position":5,"name":"B\u00ecnh Ch\u1ee9a M\u1eabu \u0110\u00f4ng L\u1ea1nh MVE SC Series"}]},{"@type":"WebSite","@id":"https:\/\/biogroupvietnam.com\/vi\/#website","url":"https:\/\/biogroupvietnam.com\/vi\/","name":"Biogroup Vietnam","description":"Biogroup Vietnam cung c\u1ea5p d\u1ecbch v\u1ee5 k\u1ef9 thu\u1eadt c\u00f9ng thi\u1ebft b\u1ecb, v\u1eadt t\u01b0, h\u00f3a ch\u1ea5t v\u00e0 gi\u1ea3i ph\u00e1p sinh h\u1ecdc cho ph\u00f2ng th\u00ed nghi\u1ec7m c\u00f4ng ngh\u1ec7 sinh h\u1ecdc, y sinh v\u00e0 y h\u1ecdc t\u00e1i t\u1ea1o.","potentialAction":[{"@type":"SearchAction","target":{"@type":"EntryPoint","urlTemplate":"https:\/\/biogroupvietnam.com\/vi\/?s={search_term_string}"},"query-input":{"@type":"PropertyValueSpecification","valueRequired":true,"valueName":"search_term_string"}}],"inLanguage":"vi"}]}},"_links":{"self":[{"href":"https:\/\/biogroupvietnam.com\/vi\/wp-json\/wp\/v2\/product\/3847","targetHints":{"allow":["GET"]}}],"collection":[{"href":"https:\/\/biogroupvietnam.com\/vi\/wp-json\/wp\/v2\/product"}],"about":[{"href":"https:\/\/biogroupvietnam.com\/vi\/wp-json\/wp\/v2\/types\/product"}],"replies":[{"embeddable":true,"href":"https:\/\/biogroupvietnam.com\/vi\/wp-json\/wp\/v2\/comments?post=3847"}],"version-history":[{"count":5,"href":"https:\/\/biogroupvietnam.com\/vi\/wp-json\/wp\/v2\/product\/3847\/revisions"}],"predecessor-version":[{"id":9523,"href":"https:\/\/biogroupvietnam.com\/vi\/wp-json\/wp\/v2\/product\/3847\/revisions\/9523"}],"wp:featuredmedia":[{"embeddable":true,"href":"https:\/\/biogroupvietnam.com\/vi\/wp-json\/wp\/v2\/media\/9084"}],"wp:attachment":[{"href":"https:\/\/biogroupvietnam.com\/vi\/wp-json\/wp\/v2\/media?parent=3847"}],"wp:term":[{"taxonomy":"product_brand","embeddable":true,"href":"https:\/\/biogroupvietnam.com\/vi\/wp-json\/wp\/v2\/product_brand?post=3847"},{"taxonomy":"product_cat","embeddable":true,"href":"https:\/\/biogroupvietnam.com\/vi\/wp-json\/wp\/v2\/product_cat?post=3847"},{"taxonomy":"product_tag","embeddable":true,"href":"https:\/\/biogroupvietnam.com\/vi\/wp-json\/wp\/v2\/product_tag?post=3847"}],"curies":[{"name":"wp","href":"https:\/\/api.w.org\/{rel}","templated":true}]}}