{"id":3848,"date":"2025-08-18T19:53:50","date_gmt":"2025-08-18T12:53:50","guid":{"rendered":"http:\/\/biogroupvietnam-worldpress.local\/product\/import-placeholder-for-150\/"},"modified":"2026-01-12T16:17:21","modified_gmt":"2026-01-12T09:17:21","slug":"mve-doble-series","status":"publish","type":"product","link":"https:\/\/biogroupvietnam.com\/vi\/san-pham\/mve-doble-series\/","title":{"rendered":"B\u00ecnh V\u1eadn Chuy\u1ec3n Pha H\u01a1i v\u00e0 L\u01b0u Tr\u1eef Nit\u01a1 L\u1ecfng MVE Doble"},"content":{"rendered":"<p>D\u00f2ng b\u00ecnh MVE \u0111\u1ea7u ti\u00ean \u0111\u01b0\u1ee3c thi\u1ebft k\u1ebf cho c\u1ea3 v\u1eadn chuy\u1ec3n pha h\u01a1i v\u00e0 l\u01b0u tr\u1eef nit\u01a1 l\u1ecfng<\/p>\n<h3>T\u1ed5ng quan b\u00ecnh MVE Doble<\/h3>\n<p>D\u00f2ng Doble QWick\u2122 s\u1eed d\u1ee5ng v\u1eadt li\u1ec7u th\u1ea5m h\u00fat \u0111\u1ec3 h\u1ea5p th\u1ee5 l\u01b0\u1ee3ng nit\u01a1 l\u1ecfng c\u1ea7n thi\u1ebft trong v\u00f2ng ch\u01b0a \u0111\u1ea7y hai gi\u1edd, cung c\u1ea5p kh\u1ea3 n\u0103ng v\u1eadn chuy\u1ec3n pha h\u01a1i trong ng\u00e0y. M\u1ed9t l\u1edbp h\u1ea5p th\u1ee5 \u0111\u1eb7c bi\u1ec7t \u1edf \u0111\u00e1y b\u00ecnh l\u01b0u tr\u1eef c\u1ee7a c\u1ea3 hai d\u00f2ng s\u1ea3n ph\u1ea9m cho ph\u00e9p ch\u00fang \u0111\u01b0\u1ee3c h\u1ea5p th\u1ee5 nit\u01a1 v\u00e0 \u0111\u01b0\u1ee3c s\u1eed d\u1ee5ng nh\u01b0 nh\u1eefng b\u00ecnh v\u1eadn chuy\u1ec3n kh\u00f4 v\u1edbi th\u1eddi gian l\u01b0u tr\u1eef l\u00ean \u0111\u1ebfn 21 ng\u00e0y. Khi \u0111\u1ebfn \u0111i\u1ec3m \u0111\u1ebfn cu\u1ed1i c\u00f9ng, c\u00e1c b\u00ecnh l\u01b0u tr\u1eef c\u00f3 th\u1ec3 \u0111\u01b0\u1ee3c b\u01a1m \u0111\u1ea7y v\u1edbi nit\u01a1 l\u1ecfng v\u00e0 \u0111\u01b0\u1ee3c s\u1eed d\u1ee5ng \u0111\u1ec3 l\u01b0u tr\u1eef m\u1eabu d\u00e0i h\u1ea1n, do \u0111\u00f3 tr\u00e1nh \u0111\u01b0\u1ee3c vi\u1ec7c ph\u1ea3i g\u1eedi tr\u1ea3 l\u1ea1i c\u00e1c b\u00ecnh v\u1eadn chuy\u1ec3n r\u1ed7ng.<\/p>\n<h3>C\u00e1c t\u00ednh n\u0103ng ch\u00ednh c\u1ee7a b\u00ecnh MVE Doble<\/h3>\n<ul>\n<li>T\u00f9y ch\u1ecdn l\u01b0u tr\u1eef nit\u01a1 l\u1ecfng v\u00e0 v\u1eadn chuy\u1ec3n pha h\u01a1i<\/li>\n<li>H\u1ea5p th\u1ee5 nit\u01a1 trong &lt; 2 gi\u1edd<\/li>\n<li>C\u00e1c b\u00ecnh Doble c\u00f3 th\u1ec3 \u0111\u01b0\u1ee3c s\u1eed d\u1ee5ng \u0111\u1ec3 l\u01b0u tr\u1eef t\u1ea1i ch\u1ed7 m\u00e0 kh\u00f4ng c\u1ea7n ph\u1ea3i chuy\u1ec3n m\u1eabu qua b\u00ecnh l\u01b0u tr\u1eef khi \u0111\u1ebfn n\u01a1i<\/li>\n<li>Ti\u00eau th\u1ee5 nit\u01a1 l\u1ecfng th\u1ea5p<\/li>\n<li>V\u1eadn chuy\u1ec3n g\u1ecdn nh\u1eb9, linh ho\u1ea1t<\/li>\n<li>B\u1ea3o h\u00e0nh linh ki\u1ec7n 2 n\u0103m<\/li>\n<li>B\u1ea3o h\u00e0nh ch\u00e2n kh\u00f4ng 3 n\u0103m<\/li>\n<li>Tu\u00e2n th\u1ee7 MDD 93\/42\/EEC, Ch\u1ec9 th\u1ecb v\u1ec1 Thi\u1ebft b\u1ecb Y t\u1ebf c\u1ee7a Li\u00ean minh Ch\u00e2u \u00c2u<\/li>\n<\/ul>\n<h3 style=\"text-align: center;\"><img fetchpriority=\"high\" decoding=\"async\" src=\"https:\/\/biogroupvietnam.com\/uploads\/AVaF8n6zwbOsjFjrqSaIdHrbNgJ5mrvrtAGHbnqP.png\" alt=\"\" width=\"459\" height=\"423\" \/><\/h3>\n<h3>Th\u00f4ng s\u1ed1 k\u1ef9 thu\u1eadt c\u1ee7a b\u00ecnh MVE Doble<\/h3>\n<figure class=\"table\">\n<table>\n<tbody>\n<tr>\n<td><\/td>\n<td>Doble 11<\/td>\n<td>Doble 20<\/td>\n<td>Doble 22<\/td>\n<td>Doble 28<\/td>\n<td>Doble 34<\/td>\n<td>Doble 47<\/td>\n<td>Doble 47-10<\/td>\n<\/tr>\n<tr>\n<td colspan=\"8\"><strong>Kh\u1ea3 n\u0103ng tr\u1eef m\u1eabu t\u1ed1i \u0111a<\/strong><\/td>\n<\/tr>\n<tr>\n<td>S\u1ed1 canister<\/td>\n<td>6<\/td>\n<td>6<\/td>\n<td>6<\/td>\n<td>6<\/td>\n<td>6<\/td>\n<td>6<\/td>\n<td>10<\/td>\n<\/tr>\n<tr>\n<td>S\u1ed1 c\u1ecdng tr\u1eef ph\u00f4i (1\/2cc straw, 10\/cane)<\/td>\n<td>660<\/td>\n<td>660<\/td>\n<td>2400<\/td>\n<td>2400<\/td>\n<td>2100<\/td>\n<td>4500<\/td>\n<td>3500<\/td>\n<\/tr>\n<tr>\n<td>S\u1ed1 \u1ed1ng vial<\/td>\n<td>210<\/td>\n<td>210<\/td>\n<td>810<\/td>\n<td>810<\/td>\n<td>630<\/td>\n<td>1320<\/td>\n<td>1050<\/td>\n<\/tr>\n<tr>\n<td colspan=\"8\"><strong>Kh\u1ea3 n\u0103ng ch\u1ee9a nit\u01a1 l\u1ecfng &amp; nit\u01a1 bay h\u01a1i<\/strong><\/td>\n<\/tr>\n<tr>\n<td>Th\u1ec3 t\u00edch ch\u1ee9a nit\u01a1 l\u1ecfng (\u01b0\u1edbc t\u00ednh, L)<\/td>\n<td>10.0<\/td>\n<td>18.5<\/td>\n<td>20.0<\/td>\n<td>28.0<\/td>\n<td>32.0<\/td>\n<td>46.0<\/td>\n<td>46.0<\/td>\n<\/tr>\n<tr>\n<td>Th\u1ec3 t\u00edch v\u00f9ng h\u01a1i (L)<\/td>\n<td>3.1<\/td>\n<td>4.2<\/td>\n<td>5.5<\/td>\n<td>8.4<\/td>\n<td>7.9<\/td>\n<td>6.0<\/td>\n<td>6.0<\/td>\n<\/tr>\n<tr>\n<td>T\u1ed1c \u0111\u1ed9 bay h\u01a1i nit\u01a1 (L\/ng\u00e0y)*<\/td>\n<td>0.17<\/td>\n<td>0.10<\/td>\n<td>0.35<\/td>\n<td>0.35<\/td>\n<td>0.20<\/td>\n<td>0.40<\/td>\n<td>0.40<\/td>\n<\/tr>\n<tr>\n<td>Th\u1eddi gian tr\u1eef (ng\u00e0y, l\u1ecfng)**<\/td>\n<td>37<\/td>\n<td>116<\/td>\n<td>40<\/td>\n<td>50<\/td>\n<td>110<\/td>\n<td>74<\/td>\n<td>72<\/td>\n<\/tr>\n<tr>\n<td>Th\u1eddi gian tr\u1eef (ng\u00e0y, kh\u00ed)**<\/td>\n<td>17<\/td>\n<td>21<\/td>\n<td>18<\/td>\n<td>21<\/td>\n<td>21<\/td>\n<td>21<\/td>\n<td>21<\/td>\n<\/tr>\n<tr>\n<td colspan=\"8\"><strong>K\u00edch th\u01b0\u1edbc b\u00ecnh Doble<\/strong><\/td>\n<\/tr>\n<tr>\n<td>\u0110\u01b0\u1eddng k\u00ednh c\u1ed5 b\u00ecnh (mm)<\/td>\n<td>55<\/td>\n<td>55<\/td>\n<td>97<\/td>\n<td>97<\/td>\n<td>89<\/td>\n<td>127<\/td>\n<td>127<\/td>\n<\/tr>\n<tr>\n<td>Chi\u1ec1u cao c\u1ee7a b\u00ecnh (mm)<\/td>\n<td>549<\/td>\n<td>647<\/td>\n<td>559<\/td>\n<td>559<\/td>\n<td>676<\/td>\n<td>673<\/td>\n<td>673<\/td>\n<\/tr>\n<tr>\n<td>\u0110\u01b0\u1eddng k\u00ednh ngo\u00e0i c\u1ee7a b\u00ecnh (mm)<\/td>\n<td>260<\/td>\n<td>368<\/td>\n<td>368<\/td>\n<td>462<\/td>\n<td>462<\/td>\n<td>508<\/td>\n<td>508<\/td>\n<\/tr>\n<tr>\n<td>Chi\u1ec1u cao canister (mm)<\/td>\n<td>279<\/td>\n<td>279<\/td>\n<td>279<\/td>\n<td>279<\/td>\n<td>279<\/td>\n<td>279<\/td>\n<td>279<\/td>\n<\/tr>\n<tr>\n<td>\u0110\u01b0\u1eddng k\u00ednh canister (mm)<\/td>\n<td>42<\/td>\n<td>42<\/td>\n<td>79<\/td>\n<td>79<\/td>\n<td>72<\/td>\n<td>101<\/td>\n<td>72<\/td>\n<\/tr>\n<tr>\n<td>Tr\u1ecdng l\u01b0\u1ee3ng b\u00ecnh r\u1ed7ng (Kg)<\/td>\n<td>6.6<\/td>\n<td>10.4<\/td>\n<td>10.7<\/td>\n<td>15<\/td>\n<td>15.6<\/td>\n<td>18.5<\/td>\n<td>18.5<\/td>\n<\/tr>\n<tr>\n<td>Tr\u1ecdng l\u01b0\u1ee3ng h\u01a1i h\u1ea5p th\u1ee5 (Kg)<\/td>\n<td>8.8<\/td>\n<td>13.7<\/td>\n<td>15.8<\/td>\n<td>21.3<\/td>\n<td>21.7<\/td>\n<td>24.7<\/td>\n<td>24.7<\/td>\n<\/tr>\n<tr>\n<td>Tr\u1ecdng l\u01b0\u1ee3ng b\u00ecnh \u0111\u1ea7y (Kg)<\/td>\n<td>14.5<\/td>\n<td>25.4<\/td>\n<td>30.8<\/td>\n<td>40.4<\/td>\n<td>41.7<\/td>\n<td>53.1<\/td>\n<td>53.1<\/td>\n<\/tr>\n<\/tbody>\n<\/table>\n<\/figure>\n","protected":false},"excerpt":{"rendered":"<p>D\u00f2ng b\u00ecnh MVE \u0111\u1ea7u ti\u00ean \u0111\u01b0\u1ee3c thi\u1ebft k\u1ebf cho c\u1ea3 v\u1eadn chuy\u1ec3n pha h\u01a1i v\u00e0 l\u01b0u tr\u1eef nit\u01a1 l\u1ecfng T\u1ed5ng quan b\u00ecnh MVE Doble D\u00f2ng Doble QWick\u2122 s\u1eed d\u1ee5ng v\u1eadt li\u1ec7u th\u1ea5m h\u00fat \u0111\u1ec3 h\u1ea5p th\u1ee5 l\u01b0\u1ee3ng nit\u01a1 l\u1ecfng c\u1ea7n thi\u1ebft trong v\u00f2ng ch\u01b0a \u0111\u1ea7y hai gi\u1edd, cung c\u1ea5p kh\u1ea3 n\u0103ng v\u1eadn chuy\u1ec3n pha h\u01a1i<\/p>\n<div class=\"klb-readmore post-buttons\"><a class=\"button rounded primary\" href=\"https:\/\/biogroupvietnam.com\/vi\/san-pham\/mve-doble-series\/\">Read More <i class=\"klbth-icon-right-arrow\"><\/i><\/a><\/div>\n","protected":false},"featured_media":8877,"comment_status":"closed","ping_status":"closed","template":"","meta":{"_acf_changed":false},"product_brand":[128],"product_cat":[94],"product_tag":[],"class_list":{"0":"post-3848","1":"product","2":"type-product","3":"status-publish","4":"has-post-thumbnail","6":"product_brand-mve-biological-solutions","7":"product_cat-binh-chuyen-mau-dong-lanh","9":"first","10":"outofstock","11":"shipping-taxable","12":"product-type-simple"},"acf":[],"yoast_head":"<!-- This site is optimized with the Yoast SEO plugin v26.8 - https:\/\/yoast.com\/product\/yoast-seo-wordpress\/ -->\n<title>B\u00ecnh V\u1eadn Chuy\u1ec3n Pha H\u01a1i v\u00e0 L\u01b0u Tr\u1eef Nit\u01a1 L\u1ecfng MVE Doble<\/title>\n<meta name=\"description\" content=\"D\u00f2ng b\u00ecnh MVE \u0111\u1ea7u ti\u00ean \u0111\u01b0\u1ee3c thi\u1ebft k\u1ebf cho c\u1ea3 v\u1eadn chuy\u1ec3n pha h\u01a1i v\u00e0 l\u01b0u tr\u1eef nit\u01a1 l\u1ecfng\" \/>\n<meta name=\"robots\" content=\"index, follow, max-snippet:-1, max-image-preview:large, max-video-preview:-1\" \/>\n<link rel=\"canonical\" href=\"https:\/\/biogroupvietnam.com\/vi\/san-pham\/mve-doble-series\/\" \/>\n<meta property=\"og:locale\" content=\"vi_VN\" \/>\n<meta property=\"og:type\" content=\"article\" \/>\n<meta property=\"og:title\" content=\"B\u00ecnh V\u1eadn Chuy\u1ec3n Pha H\u01a1i v\u00e0 L\u01b0u Tr\u1eef Nit\u01a1 L\u1ecfng MVE Doble\" \/>\n<meta property=\"og:description\" content=\"D\u00f2ng b\u00ecnh MVE \u0111\u1ea7u ti\u00ean \u0111\u01b0\u1ee3c thi\u1ebft k\u1ebf cho c\u1ea3 v\u1eadn chuy\u1ec3n pha h\u01a1i v\u00e0 l\u01b0u tr\u1eef nit\u01a1 l\u1ecfng\" \/>\n<meta property=\"og:url\" content=\"https:\/\/biogroupvietnam.com\/vi\/san-pham\/mve-doble-series\/\" \/>\n<meta property=\"og:site_name\" content=\"Biogroup Vietnam\" \/>\n<meta property=\"article:modified_time\" content=\"2026-01-12T09:17:21+00:00\" \/>\n<meta property=\"og:image\" content=\"https:\/\/biogroupvietnam.com\/wp-content\/uploads\/2025\/08\/MVE-Doble-Series.jpg\" \/>\n\t<meta property=\"og:image:width\" content=\"1640\" \/>\n\t<meta property=\"og:image:height\" content=\"1260\" \/>\n\t<meta property=\"og:image:type\" content=\"image\/jpeg\" \/>\n<meta name=\"twitter:card\" content=\"summary_large_image\" \/>\n<meta name=\"twitter:label1\" content=\"\u01af\u1edbc t\u00ednh th\u1eddi gian \u0111\u1ecdc\" \/>\n\t<meta name=\"twitter:data1\" content=\"3 ph\u00fat\" \/>\n<script type=\"application\/ld+json\" class=\"yoast-schema-graph\">{\"@context\":\"https:\/\/schema.org\",\"@graph\":[{\"@type\":\"WebPage\",\"@id\":\"https:\/\/biogroupvietnam.com\/vi\/san-pham\/mve-doble-series\/\",\"url\":\"https:\/\/biogroupvietnam.com\/vi\/san-pham\/mve-doble-series\/\",\"name\":\"B\u00ecnh V\u1eadn Chuy\u1ec3n Pha H\u01a1i v\u00e0 L\u01b0u Tr\u1eef Nit\u01a1 L\u1ecfng MVE Doble\",\"isPartOf\":{\"@id\":\"https:\/\/biogroupvietnam.com\/vi\/#website\"},\"primaryImageOfPage\":{\"@id\":\"https:\/\/biogroupvietnam.com\/vi\/san-pham\/mve-doble-series\/#primaryimage\"},\"image\":{\"@id\":\"https:\/\/biogroupvietnam.com\/vi\/san-pham\/mve-doble-series\/#primaryimage\"},\"thumbnailUrl\":\"https:\/\/biogroupvietnam.com\/wp-content\/uploads\/2025\/08\/MVE-Doble-Series.jpg\",\"datePublished\":\"2025-08-18T12:53:50+00:00\",\"dateModified\":\"2026-01-12T09:17:21+00:00\",\"description\":\"D\u00f2ng b\u00ecnh MVE \u0111\u1ea7u ti\u00ean \u0111\u01b0\u1ee3c thi\u1ebft k\u1ebf cho c\u1ea3 v\u1eadn chuy\u1ec3n pha h\u01a1i v\u00e0 l\u01b0u tr\u1eef nit\u01a1 l\u1ecfng\",\"breadcrumb\":{\"@id\":\"https:\/\/biogroupvietnam.com\/vi\/san-pham\/mve-doble-series\/#breadcrumb\"},\"inLanguage\":\"vi\",\"potentialAction\":[{\"@type\":\"ReadAction\",\"target\":[\"https:\/\/biogroupvietnam.com\/vi\/san-pham\/mve-doble-series\/\"]}]},{\"@type\":\"ImageObject\",\"inLanguage\":\"vi\",\"@id\":\"https:\/\/biogroupvietnam.com\/vi\/san-pham\/mve-doble-series\/#primaryimage\",\"url\":\"https:\/\/biogroupvietnam.com\/wp-content\/uploads\/2025\/08\/MVE-Doble-Series.jpg\",\"contentUrl\":\"https:\/\/biogroupvietnam.com\/wp-content\/uploads\/2025\/08\/MVE-Doble-Series.jpg\",\"width\":1640,\"height\":1260},{\"@type\":\"BreadcrumbList\",\"@id\":\"https:\/\/biogroupvietnam.com\/vi\/san-pham\/mve-doble-series\/#breadcrumb\",\"itemListElement\":[{\"@type\":\"ListItem\",\"position\":1,\"name\":\"Trang ch\u1ee7\",\"item\":\"https:\/\/biogroupvietnam.com\/vi\/\"},{\"@type\":\"ListItem\",\"position\":2,\"name\":\"S\u1ea3n ph\u1ea9m\",\"item\":\"https:\/\/biogroupvietnam.com\/vi\/san-pham\/\"},{\"@type\":\"ListItem\",\"position\":3,\"name\":\"B\u1ea3o Qu\u1ea3n L\u1ea1nh T\u1ebf B\u00e0o\",\"item\":\"https:\/\/biogroupvietnam.com\/vi\/danh-muc-san-pham\/bao-quan-lanh-te-bao\/\"},{\"@type\":\"ListItem\",\"position\":4,\"name\":\"B\u00ecnh Chuy\u1ec3n M\u1eabu \u0110\u00f4ng L\u1ea1nh\",\"item\":\"https:\/\/biogroupvietnam.com\/vi\/danh-muc-san-pham\/binh-chuyen-mau-dong-lanh\/\"},{\"@type\":\"ListItem\",\"position\":5,\"name\":\"B\u00ecnh V\u1eadn Chuy\u1ec3n Pha H\u01a1i v\u00e0 L\u01b0u Tr\u1eef Nit\u01a1 L\u1ecfng MVE Doble\"}]},{\"@type\":\"WebSite\",\"@id\":\"https:\/\/biogroupvietnam.com\/vi\/#website\",\"url\":\"https:\/\/biogroupvietnam.com\/vi\/\",\"name\":\"Biogroup Vietnam\",\"description\":\"Biogroup Vietnam cung c\u1ea5p d\u1ecbch v\u1ee5 k\u1ef9 thu\u1eadt c\u00f9ng thi\u1ebft b\u1ecb, v\u1eadt t\u01b0, h\u00f3a ch\u1ea5t v\u00e0 gi\u1ea3i ph\u00e1p sinh h\u1ecdc cho ph\u00f2ng th\u00ed nghi\u1ec7m c\u00f4ng ngh\u1ec7 sinh h\u1ecdc, y sinh v\u00e0 y h\u1ecdc t\u00e1i t\u1ea1o.\",\"potentialAction\":[{\"@type\":\"SearchAction\",\"target\":{\"@type\":\"EntryPoint\",\"urlTemplate\":\"https:\/\/biogroupvietnam.com\/vi\/?s={search_term_string}\"},\"query-input\":{\"@type\":\"PropertyValueSpecification\",\"valueRequired\":true,\"valueName\":\"search_term_string\"}}],\"inLanguage\":\"vi\"}]}<\/script>\n<!-- \/ Yoast SEO plugin. -->","yoast_head_json":{"title":"B\u00ecnh V\u1eadn Chuy\u1ec3n Pha H\u01a1i v\u00e0 L\u01b0u Tr\u1eef Nit\u01a1 L\u1ecfng MVE Doble","description":"D\u00f2ng b\u00ecnh MVE \u0111\u1ea7u ti\u00ean \u0111\u01b0\u1ee3c thi\u1ebft k\u1ebf cho c\u1ea3 v\u1eadn chuy\u1ec3n pha h\u01a1i v\u00e0 l\u01b0u tr\u1eef nit\u01a1 l\u1ecfng","robots":{"index":"index","follow":"follow","max-snippet":"max-snippet:-1","max-image-preview":"max-image-preview:large","max-video-preview":"max-video-preview:-1"},"canonical":"https:\/\/biogroupvietnam.com\/vi\/san-pham\/mve-doble-series\/","og_locale":"vi_VN","og_type":"article","og_title":"B\u00ecnh V\u1eadn Chuy\u1ec3n Pha H\u01a1i v\u00e0 L\u01b0u Tr\u1eef Nit\u01a1 L\u1ecfng MVE Doble","og_description":"D\u00f2ng b\u00ecnh MVE \u0111\u1ea7u ti\u00ean \u0111\u01b0\u1ee3c thi\u1ebft k\u1ebf cho c\u1ea3 v\u1eadn chuy\u1ec3n pha h\u01a1i v\u00e0 l\u01b0u tr\u1eef nit\u01a1 l\u1ecfng","og_url":"https:\/\/biogroupvietnam.com\/vi\/san-pham\/mve-doble-series\/","og_site_name":"Biogroup Vietnam","article_modified_time":"2026-01-12T09:17:21+00:00","og_image":[{"width":1640,"height":1260,"url":"https:\/\/biogroupvietnam.com\/wp-content\/uploads\/2025\/08\/MVE-Doble-Series.jpg","type":"image\/jpeg"}],"twitter_card":"summary_large_image","twitter_misc":{"\u01af\u1edbc t\u00ednh th\u1eddi gian \u0111\u1ecdc":"3 ph\u00fat"},"schema":{"@context":"https:\/\/schema.org","@graph":[{"@type":"WebPage","@id":"https:\/\/biogroupvietnam.com\/vi\/san-pham\/mve-doble-series\/","url":"https:\/\/biogroupvietnam.com\/vi\/san-pham\/mve-doble-series\/","name":"B\u00ecnh V\u1eadn Chuy\u1ec3n Pha H\u01a1i v\u00e0 L\u01b0u Tr\u1eef Nit\u01a1 L\u1ecfng MVE Doble","isPartOf":{"@id":"https:\/\/biogroupvietnam.com\/vi\/#website"},"primaryImageOfPage":{"@id":"https:\/\/biogroupvietnam.com\/vi\/san-pham\/mve-doble-series\/#primaryimage"},"image":{"@id":"https:\/\/biogroupvietnam.com\/vi\/san-pham\/mve-doble-series\/#primaryimage"},"thumbnailUrl":"https:\/\/biogroupvietnam.com\/wp-content\/uploads\/2025\/08\/MVE-Doble-Series.jpg","datePublished":"2025-08-18T12:53:50+00:00","dateModified":"2026-01-12T09:17:21+00:00","description":"D\u00f2ng b\u00ecnh MVE \u0111\u1ea7u ti\u00ean \u0111\u01b0\u1ee3c thi\u1ebft k\u1ebf cho c\u1ea3 v\u1eadn chuy\u1ec3n pha h\u01a1i v\u00e0 l\u01b0u tr\u1eef nit\u01a1 l\u1ecfng","breadcrumb":{"@id":"https:\/\/biogroupvietnam.com\/vi\/san-pham\/mve-doble-series\/#breadcrumb"},"inLanguage":"vi","potentialAction":[{"@type":"ReadAction","target":["https:\/\/biogroupvietnam.com\/vi\/san-pham\/mve-doble-series\/"]}]},{"@type":"ImageObject","inLanguage":"vi","@id":"https:\/\/biogroupvietnam.com\/vi\/san-pham\/mve-doble-series\/#primaryimage","url":"https:\/\/biogroupvietnam.com\/wp-content\/uploads\/2025\/08\/MVE-Doble-Series.jpg","contentUrl":"https:\/\/biogroupvietnam.com\/wp-content\/uploads\/2025\/08\/MVE-Doble-Series.jpg","width":1640,"height":1260},{"@type":"BreadcrumbList","@id":"https:\/\/biogroupvietnam.com\/vi\/san-pham\/mve-doble-series\/#breadcrumb","itemListElement":[{"@type":"ListItem","position":1,"name":"Trang ch\u1ee7","item":"https:\/\/biogroupvietnam.com\/vi\/"},{"@type":"ListItem","position":2,"name":"S\u1ea3n ph\u1ea9m","item":"https:\/\/biogroupvietnam.com\/vi\/san-pham\/"},{"@type":"ListItem","position":3,"name":"B\u1ea3o Qu\u1ea3n L\u1ea1nh T\u1ebf B\u00e0o","item":"https:\/\/biogroupvietnam.com\/vi\/danh-muc-san-pham\/bao-quan-lanh-te-bao\/"},{"@type":"ListItem","position":4,"name":"B\u00ecnh Chuy\u1ec3n M\u1eabu \u0110\u00f4ng L\u1ea1nh","item":"https:\/\/biogroupvietnam.com\/vi\/danh-muc-san-pham\/binh-chuyen-mau-dong-lanh\/"},{"@type":"ListItem","position":5,"name":"B\u00ecnh V\u1eadn Chuy\u1ec3n Pha H\u01a1i v\u00e0 L\u01b0u Tr\u1eef Nit\u01a1 L\u1ecfng MVE Doble"}]},{"@type":"WebSite","@id":"https:\/\/biogroupvietnam.com\/vi\/#website","url":"https:\/\/biogroupvietnam.com\/vi\/","name":"Biogroup Vietnam","description":"Biogroup Vietnam cung c\u1ea5p d\u1ecbch v\u1ee5 k\u1ef9 thu\u1eadt c\u00f9ng thi\u1ebft b\u1ecb, v\u1eadt t\u01b0, h\u00f3a ch\u1ea5t v\u00e0 gi\u1ea3i ph\u00e1p sinh h\u1ecdc cho ph\u00f2ng th\u00ed nghi\u1ec7m c\u00f4ng ngh\u1ec7 sinh h\u1ecdc, y sinh v\u00e0 y h\u1ecdc t\u00e1i t\u1ea1o.","potentialAction":[{"@type":"SearchAction","target":{"@type":"EntryPoint","urlTemplate":"https:\/\/biogroupvietnam.com\/vi\/?s={search_term_string}"},"query-input":{"@type":"PropertyValueSpecification","valueRequired":true,"valueName":"search_term_string"}}],"inLanguage":"vi"}]}},"_links":{"self":[{"href":"https:\/\/biogroupvietnam.com\/vi\/wp-json\/wp\/v2\/product\/3848","targetHints":{"allow":["GET"]}}],"collection":[{"href":"https:\/\/biogroupvietnam.com\/vi\/wp-json\/wp\/v2\/product"}],"about":[{"href":"https:\/\/biogroupvietnam.com\/vi\/wp-json\/wp\/v2\/types\/product"}],"replies":[{"embeddable":true,"href":"https:\/\/biogroupvietnam.com\/vi\/wp-json\/wp\/v2\/comments?post=3848"}],"version-history":[{"count":5,"href":"https:\/\/biogroupvietnam.com\/vi\/wp-json\/wp\/v2\/product\/3848\/revisions"}],"predecessor-version":[{"id":9499,"href":"https:\/\/biogroupvietnam.com\/vi\/wp-json\/wp\/v2\/product\/3848\/revisions\/9499"}],"wp:featuredmedia":[{"embeddable":true,"href":"https:\/\/biogroupvietnam.com\/vi\/wp-json\/wp\/v2\/media\/8877"}],"wp:attachment":[{"href":"https:\/\/biogroupvietnam.com\/vi\/wp-json\/wp\/v2\/media?parent=3848"}],"wp:term":[{"taxonomy":"product_brand","embeddable":true,"href":"https:\/\/biogroupvietnam.com\/vi\/wp-json\/wp\/v2\/product_brand?post=3848"},{"taxonomy":"product_cat","embeddable":true,"href":"https:\/\/biogroupvietnam.com\/vi\/wp-json\/wp\/v2\/product_cat?post=3848"},{"taxonomy":"product_tag","embeddable":true,"href":"https:\/\/biogroupvietnam.com\/vi\/wp-json\/wp\/v2\/product_tag?post=3848"}],"curies":[{"name":"wp","href":"https:\/\/api.w.org\/{rel}","templated":true}]}}