{"id":3872,"date":"2025-08-18T19:54:11","date_gmt":"2025-08-18T12:54:11","guid":{"rendered":"http:\/\/biogroupvietnam-worldpress.local\/product\/import-placeholder-for-151\/"},"modified":"2025-11-17T09:22:47","modified_gmt":"2025-11-17T02:22:47","slug":"bo-dien-di-ngang-sub10","status":"publish","type":"product","link":"https:\/\/biogroupvietnam.com\/vi\/san-pham\/bo-dien-di-ngang-sub10\/","title":{"rendered":"B\u1ed9 \u0110i\u1ec7n Di Ngang SUB10"},"content":{"rendered":"<h2>B\u1ed9 \u0111i\u1ec7n di ngang\u00a0SUB10 l\u00fd t\u01b0\u1edfng cho c\u00e1c k\u1ef9 thu\u1eadt \u0111i\u1ec7n di ph\u00e2n t\u00edch v\u00e0 chu\u1ea9n b\u1ecb axit nucleic th\u00f4ng th\u01b0\u1eddng. N\u00f3 c\u00f3 c\u00f4ng su\u1ea5t x\u1eed l\u00fd\u00a0t\u1ed1i \u0111a 80 m\u1eabu v\u00e0 c\u00f3 khay \u0111\u1ed5\u00a0gel c\u00f3 th\u1ec3 th\u00e1o r\u1eddi v\u1edbi c\u00e1c mi\u1ebfng \u0111\u1ec7m cu\u1ed1i cho ph\u00e9p \u0111\u1ed5\u00a0gel tr\u1ef1c ti\u1ebfp trong khay.<\/h2>\n<h3>\u0110\u1eb7c \u0111i\u1ec3m c\u1ee7a B\u1ed9 \u0111i\u1ec7n di ngang SUB10:<\/h3>\n<ul>\n<li>L\u01b0\u1ee3c c\u00f3 m\u00e3 m\u00e0u v\u00e0 c\u00f3 th\u1ec3 \u0111i\u1ec1u ch\u1ec9nh \u0111\u1ed9 cao\u2014d\u1ec5 d\u00e0ng x\u00e1c \u0111\u1ecbnh \u0111\u1ed9 d\u00e0y c\u1ee7a l\u01b0\u1ee3c trong nh\u00e1y m\u1eaft v\u00e0 ki\u1ec3m so\u00e1t \u0111\u1ed9 s\u00e2u c\u1ee7a gi\u1ebfng<\/li>\n<li>D\u1ea3i n\u1ea1p m\u1eabu c\u00f3 m\u00e0u\u2014\u0111\u1ec3 d\u1ec5 d\u00e0ng \u0111\u1ecbnh v\u1ecb gi\u1ebfng khi n\u1ea1p m\u1eabu<\/li>\n<li>Khay ch\u1ee9a nh\u1ecf g\u1ecdn\u2014gi\u1ea3m th\u1ec3 t\u00edch dung d\u1ecbch \u0111\u1ec7m \u0111\u1ed3ng th\u1eddi ki\u1ec3m so\u00e1t gradient \u0111i\u1ec7n \u00e1p v\u00e0 th\u1eddi gian ch\u1ea1y t\u1ed1t h\u01a1n<\/li>\n<li>Khay ch\u1ea1y trong su\u1ed1t tia c\u1ef1c t\u00edm\u2014cho ph\u00e9p ng\u01b0\u1eddi d\u00f9ng ch\u1ee5p \u1ea3nh gel m\u00e0 kh\u00f4ng c\u00f3 nguy c\u01a1 b\u1ecb h\u01b0 h\u1ecfng do x\u1eed l\u00fd<\/li>\n<li>Tay c\u1ea7m b\u00ean\u2014\u0111\u1ec3 v\u1eadn chuy\u1ec3n an to\u00e0n v\u00e0 d\u1ec5 d\u00e0ng quanh ph\u00f2ng th\u00ed nghi\u1ec7m<\/li>\n<\/ul>\n","protected":false},"excerpt":{"rendered":"<p>B\u1ed9 \u0111i\u1ec7n di ngang\u00a0SUB10 l\u00fd t\u01b0\u1edfng cho c\u00e1c k\u1ef9 thu\u1eadt \u0111i\u1ec7n di ph\u00e2n t\u00edch v\u00e0 chu\u1ea9n b\u1ecb axit nucleic th\u00f4ng th\u01b0\u1eddng. N\u00f3 c\u00f3 c\u00f4ng su\u1ea5t x\u1eed l\u00fd\u00a0t\u1ed1i \u0111a 80 m\u1eabu v\u00e0 c\u00f3 khay \u0111\u1ed5\u00a0gel c\u00f3 th\u1ec3 th\u00e1o r\u1eddi v\u1edbi c\u00e1c mi\u1ebfng \u0111\u1ec7m cu\u1ed1i cho ph\u00e9p \u0111\u1ed5\u00a0gel tr\u1ef1c ti\u1ebfp trong khay. \u0110\u1eb7c \u0111i\u1ec3m c\u1ee7a B\u1ed9 \u0111i\u1ec7n<\/p>\n<div class=\"klb-readmore post-buttons\"><a class=\"button rounded primary\" href=\"https:\/\/biogroupvietnam.com\/vi\/san-pham\/bo-dien-di-ngang-sub10\/\">Read More <i class=\"klbth-icon-right-arrow\"><\/i><\/a><\/div>\n","protected":false},"featured_media":8957,"comment_status":"closed","ping_status":"closed","template":"","meta":{"_acf_changed":false},"product_brand":[140],"product_cat":[116],"product_tag":[],"class_list":{"0":"post-3872","1":"product","2":"type-product","3":"status-publish","4":"has-post-thumbnail","6":"product_brand-hoefer-inc","7":"product_cat-sinh-hoc-phan-tu","9":"first","10":"outofstock","11":"shipping-taxable","12":"product-type-simple"},"acf":[],"yoast_head":"<!-- This site is optimized with the Yoast SEO plugin v26.8 - https:\/\/yoast.com\/product\/yoast-seo-wordpress\/ -->\n<title>B\u1ed9 \u0110i\u1ec7n Di Ngang SUB10<\/title>\n<meta name=\"description\" content=\"B\u1ed9 \u0111i\u1ec7n di ngang\u00a0SUB10 l\u00fd t\u01b0\u1edfng cho c\u00e1c k\u1ef9 thu\u1eadt \u0111i\u1ec7n di ph\u00e2n t\u00edch v\u00e0 chu\u1ea9n b\u1ecb axit nucleic th\u00f4ng th\u01b0\u1eddng. N\u00f3 c\u00f3 c\u00f4ng su\u1ea5t x\u1eed l\u00fd\u00a0t\u1ed1i \u0111a 80 m\u1eabu v\u00e0 c\u00f3 khay \u0111\u1ed5\u00a0gel c\u00f3 th\u1ec3 th\u00e1o r\u1eddi v\u1edbi c\u00e1c mi\u1ebfng \u0111\u1ec7m cu\u1ed1i cho ph\u00e9p \u0111\u1ed5\u00a0gel tr\u1ef1c ti\u1ebfp trong khay.\" \/>\n<meta name=\"robots\" content=\"index, follow, max-snippet:-1, max-image-preview:large, max-video-preview:-1\" \/>\n<link rel=\"canonical\" href=\"https:\/\/biogroupvietnam.com\/vi\/san-pham\/bo-dien-di-ngang-sub10\/\" \/>\n<meta property=\"og:locale\" content=\"vi_VN\" \/>\n<meta property=\"og:type\" content=\"article\" \/>\n<meta property=\"og:title\" content=\"B\u1ed9 \u0110i\u1ec7n Di Ngang SUB10\" \/>\n<meta property=\"og:description\" content=\"B\u1ed9 \u0111i\u1ec7n di ngang\u00a0SUB10 l\u00fd t\u01b0\u1edfng cho c\u00e1c k\u1ef9 thu\u1eadt \u0111i\u1ec7n di ph\u00e2n t\u00edch v\u00e0 chu\u1ea9n b\u1ecb axit nucleic th\u00f4ng th\u01b0\u1eddng. N\u00f3 c\u00f3 c\u00f4ng su\u1ea5t x\u1eed l\u00fd\u00a0t\u1ed1i \u0111a 80 m\u1eabu v\u00e0 c\u00f3 khay \u0111\u1ed5\u00a0gel c\u00f3 th\u1ec3 th\u00e1o r\u1eddi v\u1edbi c\u00e1c mi\u1ebfng \u0111\u1ec7m cu\u1ed1i cho ph\u00e9p \u0111\u1ed5\u00a0gel tr\u1ef1c ti\u1ebfp trong khay.\" \/>\n<meta property=\"og:url\" content=\"https:\/\/biogroupvietnam.com\/vi\/san-pham\/bo-dien-di-ngang-sub10\/\" \/>\n<meta property=\"og:site_name\" content=\"Biogroup Vietnam\" \/>\n<meta property=\"article:modified_time\" content=\"2025-11-17T02:22:47+00:00\" \/>\n<meta property=\"og:image\" content=\"https:\/\/biogroupvietnam.com\/wp-content\/uploads\/2025\/08\/SUB10.jpg\" \/>\n\t<meta property=\"og:image:width\" content=\"1640\" \/>\n\t<meta property=\"og:image:height\" content=\"1260\" \/>\n\t<meta property=\"og:image:type\" content=\"image\/jpeg\" \/>\n<meta name=\"twitter:card\" content=\"summary_large_image\" \/>\n<meta name=\"twitter:label1\" content=\"\u01af\u1edbc t\u00ednh th\u1eddi gian \u0111\u1ecdc\" \/>\n\t<meta name=\"twitter:data1\" content=\"2 ph\u00fat\" \/>\n<script type=\"application\/ld+json\" class=\"yoast-schema-graph\">{\"@context\":\"https:\/\/schema.org\",\"@graph\":[{\"@type\":\"WebPage\",\"@id\":\"https:\/\/biogroupvietnam.com\/vi\/san-pham\/bo-dien-di-ngang-sub10\/\",\"url\":\"https:\/\/biogroupvietnam.com\/vi\/san-pham\/bo-dien-di-ngang-sub10\/\",\"name\":\"B\u1ed9 \u0110i\u1ec7n Di Ngang SUB10\",\"isPartOf\":{\"@id\":\"https:\/\/biogroupvietnam.com\/vi\/#website\"},\"primaryImageOfPage\":{\"@id\":\"https:\/\/biogroupvietnam.com\/vi\/san-pham\/bo-dien-di-ngang-sub10\/#primaryimage\"},\"image\":{\"@id\":\"https:\/\/biogroupvietnam.com\/vi\/san-pham\/bo-dien-di-ngang-sub10\/#primaryimage\"},\"thumbnailUrl\":\"https:\/\/biogroupvietnam.com\/wp-content\/uploads\/2025\/08\/SUB10.jpg\",\"datePublished\":\"2025-08-18T12:54:11+00:00\",\"dateModified\":\"2025-11-17T02:22:47+00:00\",\"description\":\"B\u1ed9 \u0111i\u1ec7n di ngang\u00a0SUB10 l\u00fd t\u01b0\u1edfng cho c\u00e1c k\u1ef9 thu\u1eadt \u0111i\u1ec7n di ph\u00e2n t\u00edch v\u00e0 chu\u1ea9n b\u1ecb axit nucleic th\u00f4ng th\u01b0\u1eddng. N\u00f3 c\u00f3 c\u00f4ng su\u1ea5t x\u1eed l\u00fd\u00a0t\u1ed1i \u0111a 80 m\u1eabu v\u00e0 c\u00f3 khay \u0111\u1ed5\u00a0gel c\u00f3 th\u1ec3 th\u00e1o r\u1eddi v\u1edbi c\u00e1c mi\u1ebfng \u0111\u1ec7m cu\u1ed1i cho ph\u00e9p \u0111\u1ed5\u00a0gel tr\u1ef1c ti\u1ebfp trong khay.\",\"breadcrumb\":{\"@id\":\"https:\/\/biogroupvietnam.com\/vi\/san-pham\/bo-dien-di-ngang-sub10\/#breadcrumb\"},\"inLanguage\":\"vi\",\"potentialAction\":[{\"@type\":\"ReadAction\",\"target\":[\"https:\/\/biogroupvietnam.com\/vi\/san-pham\/bo-dien-di-ngang-sub10\/\"]}]},{\"@type\":\"ImageObject\",\"inLanguage\":\"vi\",\"@id\":\"https:\/\/biogroupvietnam.com\/vi\/san-pham\/bo-dien-di-ngang-sub10\/#primaryimage\",\"url\":\"https:\/\/biogroupvietnam.com\/wp-content\/uploads\/2025\/08\/SUB10.jpg\",\"contentUrl\":\"https:\/\/biogroupvietnam.com\/wp-content\/uploads\/2025\/08\/SUB10.jpg\",\"width\":1640,\"height\":1260},{\"@type\":\"BreadcrumbList\",\"@id\":\"https:\/\/biogroupvietnam.com\/vi\/san-pham\/bo-dien-di-ngang-sub10\/#breadcrumb\",\"itemListElement\":[{\"@type\":\"ListItem\",\"position\":1,\"name\":\"Trang ch\u1ee7\",\"item\":\"https:\/\/biogroupvietnam.com\/vi\/\"},{\"@type\":\"ListItem\",\"position\":2,\"name\":\"S\u1ea3n ph\u1ea9m\",\"item\":\"https:\/\/biogroupvietnam.com\/vi\/san-pham\/\"},{\"@type\":\"ListItem\",\"position\":3,\"name\":\"R&amp;D Sinh H\u1ecdc\",\"item\":\"https:\/\/biogroupvietnam.com\/vi\/danh-muc-san-pham\/rd-sinh-hoc\/\"},{\"@type\":\"ListItem\",\"position\":4,\"name\":\"Sinh H\u1ecdc Ph\u00e2n T\u1eed\",\"item\":\"https:\/\/biogroupvietnam.com\/vi\/danh-muc-san-pham\/sinh-hoc-phan-tu\/\"},{\"@type\":\"ListItem\",\"position\":5,\"name\":\"B\u1ed9 \u0110i\u1ec7n Di Ngang SUB10\"}]},{\"@type\":\"WebSite\",\"@id\":\"https:\/\/biogroupvietnam.com\/vi\/#website\",\"url\":\"https:\/\/biogroupvietnam.com\/vi\/\",\"name\":\"Biogroup Vietnam\",\"description\":\"Biogroup Vietnam cung c\u1ea5p d\u1ecbch v\u1ee5 k\u1ef9 thu\u1eadt c\u00f9ng thi\u1ebft b\u1ecb, v\u1eadt t\u01b0, h\u00f3a ch\u1ea5t v\u00e0 gi\u1ea3i ph\u00e1p sinh h\u1ecdc cho ph\u00f2ng th\u00ed nghi\u1ec7m c\u00f4ng ngh\u1ec7 sinh h\u1ecdc, y sinh v\u00e0 y h\u1ecdc t\u00e1i t\u1ea1o.\",\"potentialAction\":[{\"@type\":\"SearchAction\",\"target\":{\"@type\":\"EntryPoint\",\"urlTemplate\":\"https:\/\/biogroupvietnam.com\/vi\/?s={search_term_string}\"},\"query-input\":{\"@type\":\"PropertyValueSpecification\",\"valueRequired\":true,\"valueName\":\"search_term_string\"}}],\"inLanguage\":\"vi\"}]}<\/script>\n<!-- \/ Yoast SEO plugin. -->","yoast_head_json":{"title":"B\u1ed9 \u0110i\u1ec7n Di Ngang SUB10","description":"B\u1ed9 \u0111i\u1ec7n di ngang\u00a0SUB10 l\u00fd t\u01b0\u1edfng cho c\u00e1c k\u1ef9 thu\u1eadt \u0111i\u1ec7n di ph\u00e2n t\u00edch v\u00e0 chu\u1ea9n b\u1ecb axit nucleic th\u00f4ng th\u01b0\u1eddng. N\u00f3 c\u00f3 c\u00f4ng su\u1ea5t x\u1eed l\u00fd\u00a0t\u1ed1i \u0111a 80 m\u1eabu v\u00e0 c\u00f3 khay \u0111\u1ed5\u00a0gel c\u00f3 th\u1ec3 th\u00e1o r\u1eddi v\u1edbi c\u00e1c mi\u1ebfng \u0111\u1ec7m cu\u1ed1i cho ph\u00e9p \u0111\u1ed5\u00a0gel tr\u1ef1c ti\u1ebfp trong khay.","robots":{"index":"index","follow":"follow","max-snippet":"max-snippet:-1","max-image-preview":"max-image-preview:large","max-video-preview":"max-video-preview:-1"},"canonical":"https:\/\/biogroupvietnam.com\/vi\/san-pham\/bo-dien-di-ngang-sub10\/","og_locale":"vi_VN","og_type":"article","og_title":"B\u1ed9 \u0110i\u1ec7n Di Ngang SUB10","og_description":"B\u1ed9 \u0111i\u1ec7n di ngang\u00a0SUB10 l\u00fd t\u01b0\u1edfng cho c\u00e1c k\u1ef9 thu\u1eadt \u0111i\u1ec7n di ph\u00e2n t\u00edch v\u00e0 chu\u1ea9n b\u1ecb axit nucleic th\u00f4ng th\u01b0\u1eddng. N\u00f3 c\u00f3 c\u00f4ng su\u1ea5t x\u1eed l\u00fd\u00a0t\u1ed1i \u0111a 80 m\u1eabu v\u00e0 c\u00f3 khay \u0111\u1ed5\u00a0gel c\u00f3 th\u1ec3 th\u00e1o r\u1eddi v\u1edbi c\u00e1c mi\u1ebfng \u0111\u1ec7m cu\u1ed1i cho ph\u00e9p \u0111\u1ed5\u00a0gel tr\u1ef1c ti\u1ebfp trong khay.","og_url":"https:\/\/biogroupvietnam.com\/vi\/san-pham\/bo-dien-di-ngang-sub10\/","og_site_name":"Biogroup Vietnam","article_modified_time":"2025-11-17T02:22:47+00:00","og_image":[{"width":1640,"height":1260,"url":"https:\/\/biogroupvietnam.com\/wp-content\/uploads\/2025\/08\/SUB10.jpg","type":"image\/jpeg"}],"twitter_card":"summary_large_image","twitter_misc":{"\u01af\u1edbc t\u00ednh th\u1eddi gian \u0111\u1ecdc":"2 ph\u00fat"},"schema":{"@context":"https:\/\/schema.org","@graph":[{"@type":"WebPage","@id":"https:\/\/biogroupvietnam.com\/vi\/san-pham\/bo-dien-di-ngang-sub10\/","url":"https:\/\/biogroupvietnam.com\/vi\/san-pham\/bo-dien-di-ngang-sub10\/","name":"B\u1ed9 \u0110i\u1ec7n Di Ngang SUB10","isPartOf":{"@id":"https:\/\/biogroupvietnam.com\/vi\/#website"},"primaryImageOfPage":{"@id":"https:\/\/biogroupvietnam.com\/vi\/san-pham\/bo-dien-di-ngang-sub10\/#primaryimage"},"image":{"@id":"https:\/\/biogroupvietnam.com\/vi\/san-pham\/bo-dien-di-ngang-sub10\/#primaryimage"},"thumbnailUrl":"https:\/\/biogroupvietnam.com\/wp-content\/uploads\/2025\/08\/SUB10.jpg","datePublished":"2025-08-18T12:54:11+00:00","dateModified":"2025-11-17T02:22:47+00:00","description":"B\u1ed9 \u0111i\u1ec7n di ngang\u00a0SUB10 l\u00fd t\u01b0\u1edfng cho c\u00e1c k\u1ef9 thu\u1eadt \u0111i\u1ec7n di ph\u00e2n t\u00edch v\u00e0 chu\u1ea9n b\u1ecb axit nucleic th\u00f4ng th\u01b0\u1eddng. N\u00f3 c\u00f3 c\u00f4ng su\u1ea5t x\u1eed l\u00fd\u00a0t\u1ed1i \u0111a 80 m\u1eabu v\u00e0 c\u00f3 khay \u0111\u1ed5\u00a0gel c\u00f3 th\u1ec3 th\u00e1o r\u1eddi v\u1edbi c\u00e1c mi\u1ebfng \u0111\u1ec7m cu\u1ed1i cho ph\u00e9p \u0111\u1ed5\u00a0gel tr\u1ef1c ti\u1ebfp trong khay.","breadcrumb":{"@id":"https:\/\/biogroupvietnam.com\/vi\/san-pham\/bo-dien-di-ngang-sub10\/#breadcrumb"},"inLanguage":"vi","potentialAction":[{"@type":"ReadAction","target":["https:\/\/biogroupvietnam.com\/vi\/san-pham\/bo-dien-di-ngang-sub10\/"]}]},{"@type":"ImageObject","inLanguage":"vi","@id":"https:\/\/biogroupvietnam.com\/vi\/san-pham\/bo-dien-di-ngang-sub10\/#primaryimage","url":"https:\/\/biogroupvietnam.com\/wp-content\/uploads\/2025\/08\/SUB10.jpg","contentUrl":"https:\/\/biogroupvietnam.com\/wp-content\/uploads\/2025\/08\/SUB10.jpg","width":1640,"height":1260},{"@type":"BreadcrumbList","@id":"https:\/\/biogroupvietnam.com\/vi\/san-pham\/bo-dien-di-ngang-sub10\/#breadcrumb","itemListElement":[{"@type":"ListItem","position":1,"name":"Trang ch\u1ee7","item":"https:\/\/biogroupvietnam.com\/vi\/"},{"@type":"ListItem","position":2,"name":"S\u1ea3n ph\u1ea9m","item":"https:\/\/biogroupvietnam.com\/vi\/san-pham\/"},{"@type":"ListItem","position":3,"name":"R&amp;D Sinh H\u1ecdc","item":"https:\/\/biogroupvietnam.com\/vi\/danh-muc-san-pham\/rd-sinh-hoc\/"},{"@type":"ListItem","position":4,"name":"Sinh H\u1ecdc Ph\u00e2n T\u1eed","item":"https:\/\/biogroupvietnam.com\/vi\/danh-muc-san-pham\/sinh-hoc-phan-tu\/"},{"@type":"ListItem","position":5,"name":"B\u1ed9 \u0110i\u1ec7n Di Ngang SUB10"}]},{"@type":"WebSite","@id":"https:\/\/biogroupvietnam.com\/vi\/#website","url":"https:\/\/biogroupvietnam.com\/vi\/","name":"Biogroup Vietnam","description":"Biogroup Vietnam cung c\u1ea5p d\u1ecbch v\u1ee5 k\u1ef9 thu\u1eadt c\u00f9ng thi\u1ebft b\u1ecb, v\u1eadt t\u01b0, h\u00f3a ch\u1ea5t v\u00e0 gi\u1ea3i ph\u00e1p sinh h\u1ecdc cho ph\u00f2ng th\u00ed nghi\u1ec7m c\u00f4ng ngh\u1ec7 sinh h\u1ecdc, y sinh v\u00e0 y h\u1ecdc t\u00e1i t\u1ea1o.","potentialAction":[{"@type":"SearchAction","target":{"@type":"EntryPoint","urlTemplate":"https:\/\/biogroupvietnam.com\/vi\/?s={search_term_string}"},"query-input":{"@type":"PropertyValueSpecification","valueRequired":true,"valueName":"search_term_string"}}],"inLanguage":"vi"}]}},"_links":{"self":[{"href":"https:\/\/biogroupvietnam.com\/vi\/wp-json\/wp\/v2\/product\/3872","targetHints":{"allow":["GET"]}}],"collection":[{"href":"https:\/\/biogroupvietnam.com\/vi\/wp-json\/wp\/v2\/product"}],"about":[{"href":"https:\/\/biogroupvietnam.com\/vi\/wp-json\/wp\/v2\/types\/product"}],"replies":[{"embeddable":true,"href":"https:\/\/biogroupvietnam.com\/vi\/wp-json\/wp\/v2\/comments?post=3872"}],"version-history":[{"count":4,"href":"https:\/\/biogroupvietnam.com\/vi\/wp-json\/wp\/v2\/product\/3872\/revisions"}],"predecessor-version":[{"id":8960,"href":"https:\/\/biogroupvietnam.com\/vi\/wp-json\/wp\/v2\/product\/3872\/revisions\/8960"}],"wp:featuredmedia":[{"embeddable":true,"href":"https:\/\/biogroupvietnam.com\/vi\/wp-json\/wp\/v2\/media\/8957"}],"wp:attachment":[{"href":"https:\/\/biogroupvietnam.com\/vi\/wp-json\/wp\/v2\/media?parent=3872"}],"wp:term":[{"taxonomy":"product_brand","embeddable":true,"href":"https:\/\/biogroupvietnam.com\/vi\/wp-json\/wp\/v2\/product_brand?post=3872"},{"taxonomy":"product_cat","embeddable":true,"href":"https:\/\/biogroupvietnam.com\/vi\/wp-json\/wp\/v2\/product_cat?post=3872"},{"taxonomy":"product_tag","embeddable":true,"href":"https:\/\/biogroupvietnam.com\/vi\/wp-json\/wp\/v2\/product_tag?post=3872"}],"curies":[{"name":"wp","href":"https:\/\/api.w.org\/{rel}","templated":true}]}}