{"id":3873,"date":"2025-08-18T19:54:12","date_gmt":"2025-08-18T12:54:12","guid":{"rendered":"http:\/\/biogroupvietnam-worldpress.local\/product\/import-placeholder-for-152\/"},"modified":"2026-04-02T15:31:09","modified_gmt":"2026-04-02T08:31:09","slug":"te-bao-cd34-dong-lanh-thu-nhan-tu-mau-ngoai-vi-nguoi","status":"publish","type":"product","link":"https:\/\/biogroupvietnam.com\/vi\/san-pham\/te-bao-cd34-dong-lanh-thu-nhan-tu-mau-ngoai-vi-nguoi\/","title":{"rendered":"T\u1ebf B\u00e0o CD34+ \u0110\u00f4ng L\u1ea1nh Thu Nh\u1eadn T\u1eeb M\u00e1u Ngo\u1ea1i Vi Ng\u01b0\u1eddi"},"content":{"rendered":"<p>D\u00f2ng t\u1ebf b\u00e0o ng\u01b0\u1eddi s\u01a1 c\u1ea5p \u0111\u00e3 \u0111\u01b0\u1ee3c \u0111\u00f4ng l\u1ea1nh<\/p>\n<h3><strong>T\u1ed5ng quan t\u1ebf b\u00e0o CD34+ t\u1eeb m\u00e1u ngo\u1ea1i vi ng\u01b0\u1eddi<\/strong><\/h3>\n<p>T\u1ebf b\u00e0o CD34+ s\u01a1 c\u1ea5p c\u1ee7a ng\u01b0\u1eddi \u0111\u01b0\u1ee3c ph\u00e2n l\u1eadp t\u1eeb c\u00e1c t\u1ebf b\u00e0o b\u1ea1ch c\u1ea7u trong m\u00e1u ngo\u1ea1i vi (PB), s\u1eed d\u1ee5ng k\u1ef9 thu\u1eadt ph\u00e2n t\u00e1ch t\u1eeb t\u00ednh mi\u1ec5n d\u1ecbch d\u01b0\u01a1ng t\u00ednh v\u00e0 \u0111\u01b0\u1ee3c b\u1ea3o qu\u1ea3n trong m\u00f4i tr\u01b0\u1eddng kh\u00f4ng c\u00f3 huy\u1ebft thanh. Trong \u0111\u00f3, CD34 \u0111\u01b0\u1ee3c bi\u1ec3u hi\u1ec7n tr\u00ean t\u1ebf b\u00e0o g\u1ed1c v\u00e0 t\u1ebf b\u00e0o ti\u1ec1n th\u00e2n t\u1ea1o m\u00e1u.<\/p>\n<p>T\u1ebf b\u00e0o \u0111\u01b0\u1ee3c thu th\u1eadp b\u1eb1ng c\u00e1ch s\u1eed d\u1ee5ng c\u00e1c bi\u1ec3u m\u1eabu v\u00e0 quy tr\u00ecnh ban h\u00e0nh b\u1edfi H\u1ed9i \u0111\u1ed3ng \u0111\u00e1nh gi\u00e1 IRB (Institutional Review Board). Dung d\u1ecbch axit-xitrat-dextrose A (ACDA) l\u00e0 ch\u1ea5t ch\u1ed1ng \u0111\u1ed1ng \u0111\u01b0\u1ee3c th\u00eam v\u00e0o trong qu\u00e1 tr\u00ecnh ph\u00e2n l\u1eadp t\u1ebf b\u00e0o s\u01a1 c\u1ea5p.<\/p>\n<p>M\u00e1u ngo\u1ea1i vi c\u1ee7a ng\u01b0\u1eddi hi\u1ebfn t\u1eb7ng \u0111\u01b0\u1ee3c huy \u0111\u1ed9ng v\u1edbi G-CSF (y\u1ebfu t\u1ed1 k\u00edch th\u00edch s\u1ef1 h\u00ecnh th\u00e0nh c\u1ee5m t\u1ebf b\u00e0o b\u1ea1ch c\u1ea7u h\u1ea1t): t\u1ed1i \u0111a 10 \u00b5g\/kg\/ng\u00e0y, trong 3 &#8211; 5 ng\u00e0y tr\u01b0\u1edbc khi thu th\u1eadp.<\/p>\n<h3><strong>Th\u00e0nh ph\u1ea7n t\u1ebf b\u00e0o CD34+ t\u1eeb m\u00e1u ngo\u1ea1i vi ng\u01b0\u1eddi<\/strong><\/h3>\n<ul>\n<li>T\u1ebf b\u00e0o CD34+<\/li>\n<li>M\u00f4i tr\u01b0\u1eddng b\u1ea3o qu\u1ea3n l\u1ea1nh kh\u00f4ng c\u00f3 huy\u1ebft t\u01b0\u01a1ng<\/li>\n<li>10% dimethyl sulfoxide (DMSO)<\/li>\n<\/ul>\n<h3><strong>Ch\u1ee9ng nh\u1eadn an to\u00e0n<\/strong><\/h3>\n<ul>\n<li>\u0110\u1ed9 tinh s\u1ea1ch: \u2265 90% CD34+ , x\u00e1c \u0111\u1ecbnh\u00a0 b\u1eb1ng ph\u01b0\u01a1ng ph\u00e1p \u0111o t\u1ebf b\u00e0o d\u00f2ng ch\u1ea3y.<\/li>\n<li>Ng\u01b0\u1eddi hi\u1ebfn t\u1eb7ng \u0111\u01b0\u1ee3c s\u00e0ng l\u1ecdc \u00e2m t\u00ednh v\u1edbi HIV-1, HIV-2, vi\u00eam gan B v\u00e0 vi\u00eam gan C.<\/li>\n<\/ul>\n<p><i>L\u01b0u \u00fd: T\u00e0i li\u1ec7u ch\u1ee9ng minh vi\u1ec7c tu\u00e2n th\u1ee7 c\u00e1c quy \u0111\u1ecbnh c\u1ee7a H\u1ed9i \u0111\u1ed3ng IRB v\u00e0 x\u00e9t nghi\u1ec7m HLA (lo\u1ea1i I, lo\u1ea1i II, \u0111\u1ecbnh l\u01b0\u1ee3ng CMV) s\u1ebd \u0111\u01b0\u1ee3c cung c\u1ea5p theo y\u00eau c\u1ea7u.<\/i><\/p>\n<h3><strong>\u01afu \u0111i\u1ec3m<\/strong><\/h3>\n<p>D\u00f2ng t\u1ebf b\u00e0o s\u01a1 c\u1ea5p s\u1eb5n c\u00f3 cho c\u00e1c \u1ee9ng d\u1ee5ng.<\/p>\n<h3><strong>B\u1ea3o qu\u1ea3n<\/strong><\/h3>\n<p>S\u1ea3n ph\u1ea9m \u1ed5n \u0111\u1ecbnh \u1edf -135\u00b0C ho\u1eb7c l\u1ea1nh h\u01a1n trong 12 th\u00e1ng k\u1ec3 t\u1eeb ng\u00e0y nh\u1eadn.<\/p>\n<p>M\u1eabu \u0111\u00e3 r\u00e3 \u0111\u00f4ng ph\u1ea3i \u0111\u01b0\u1ee3c s\u1eed d\u1ee5ng ngay l\u1eadp t\u1ee9c. V\u00ec \u0111\u00e2y l\u00e0 nh\u1eefng t\u1ebf b\u00e0o s\u01a1 c\u1ea5p n\u00ean ch\u00fang c\u00f3 kh\u1ea3 n\u0103ng t\u0103ng sinh gi\u1edbi h\u1ea1n trong qu\u00e1 tr\u00ecnh nu\u00f4i c\u1ea5y.<\/p>\n<h3><strong>Th\u00f4ng tin \u0111\u1eb7t h\u00e0ng<\/strong><\/h3>\n<p>T\u1ebf b\u00e0o CD34+ \u0111\u00f4ng l\u1ea1nh thu nh\u1eadn t\u1eeb m\u00e1u ngo\u1ea1i vi ng\u01b0\u1eddi (Catalog #70060), bao g\u1ed3m:<\/p>\n<figure class=\"table\">\n<table>\n<tbody>\n<tr>\n<td>\n<p style=\"text-align: center;\"><strong>Catalog<\/strong><\/p>\n<\/td>\n<td>\n<p style=\"text-align: center;\"><strong>S\u1ed1 l\u01b0\u1ee3ng t\u1ebf b\u00e0o<\/strong><\/p>\n<\/td>\n<\/tr>\n<tr>\n<td>\n<p style=\"text-align: center;\">#70060.2<\/p>\n<\/td>\n<td>\n<p style=\"text-align: center;\">2 x 10^5 t\u1ebf b\u00e0o<\/p>\n<\/td>\n<\/tr>\n<tr>\n<td>\n<p style=\"text-align: center;\">#70060.1<\/p>\n<\/td>\n<td>\n<p style=\"text-align: center;\">1 x 10^6 t\u1ebf b\u00e0o<\/p>\n<\/td>\n<\/tr>\n<tr>\n<td>\n<p style=\"text-align: center;\">#70060<\/p>\n<\/td>\n<td>\n<p style=\"text-align: center;\">5 x 10^6 t\u1ebf b\u00e0o<\/p>\n<\/td>\n<\/tr>\n<tr>\n<td>\n<p style=\"text-align: center;\">#70060.3<\/p>\n<\/td>\n<td>\n<p style=\"text-align: center;\">1 x 10^7 t\u1ebf b\u00e0o<\/p>\n<\/td>\n<\/tr>\n<tr>\n<td>\n<p style=\"text-align: center;\">#70060.4<\/p>\n<\/td>\n<td>\n<p style=\"text-align: center;\">2 x 10^7 t\u1ebf b\u00e0o<\/p>\n<\/td>\n<\/tr>\n<\/tbody>\n<\/table>\n<\/figure>\n","protected":false},"excerpt":{"rendered":"<p>D\u00f2ng t\u1ebf b\u00e0o ng\u01b0\u1eddi s\u01a1 c\u1ea5p \u0111\u00e3 \u0111\u01b0\u1ee3c \u0111\u00f4ng l\u1ea1nh T\u1ed5ng quan t\u1ebf b\u00e0o CD34+ t\u1eeb m\u00e1u ngo\u1ea1i vi ng\u01b0\u1eddi T\u1ebf b\u00e0o CD34+ s\u01a1 c\u1ea5p c\u1ee7a ng\u01b0\u1eddi \u0111\u01b0\u1ee3c ph\u00e2n l\u1eadp t\u1eeb c\u00e1c t\u1ebf b\u00e0o b\u1ea1ch c\u1ea7u trong m\u00e1u ngo\u1ea1i vi (PB), s\u1eed d\u1ee5ng k\u1ef9 thu\u1eadt ph\u00e2n t\u00e1ch t\u1eeb t\u00ednh mi\u1ec5n d\u1ecbch d\u01b0\u01a1ng t\u00ednh v\u00e0 \u0111\u01b0\u1ee3c<\/p>\n<div class=\"klb-readmore post-buttons\"><a class=\"button rounded primary\" href=\"https:\/\/biogroupvietnam.com\/vi\/san-pham\/te-bao-cd34-dong-lanh-thu-nhan-tu-mau-ngoai-vi-nguoi\/\">Read More <i class=\"klbth-icon-right-arrow\"><\/i><\/a><\/div>\n","protected":false},"featured_media":10169,"comment_status":"closed","ping_status":"closed","template":"","meta":{"_acf_changed":false},"product_brand":[127],"product_cat":[170],"product_tag":[],"class_list":{"0":"post-3873","1":"product","2":"type-product","3":"status-publish","4":"has-post-thumbnail","6":"product_brand-stemcell-technologies","7":"product_cat-dong-te-bao","9":"first","10":"outofstock","11":"shipping-taxable","12":"product-type-simple"},"acf":[],"yoast_head":"<!-- This site is optimized with the Yoast SEO plugin v26.8 - https:\/\/yoast.com\/product\/yoast-seo-wordpress\/ -->\n<title>T\u1ebf B\u00e0o CD34+ \u0110\u00f4ng L\u1ea1nh Thu Nh\u1eadn T\u1eeb M\u00e1u Ngo\u1ea1i Vi Ng\u01b0\u1eddi<\/title>\n<meta name=\"description\" content=\"T\u1ebf b\u00e0o CD34+ s\u01a1 c\u1ea5p c\u1ee7a ng\u01b0\u1eddi \u0111\u01b0\u1ee3c ph\u00e2n l\u1eadp t\u1eeb c\u00e1c t\u1ebf b\u00e0o b\u1ea1ch c\u1ea7u trong m\u00e1u ngo\u1ea1i vi (PB), s\u1eed d\u1ee5ng k\u1ef9 thu\u1eadt ph\u00e2n t\u00e1ch t\u1eeb t\u00ednh mi\u1ec5n d\u1ecbch d\u01b0\u01a1ng t\u00ednh v\u00e0 \u0111\u01b0\u1ee3c b\u1ea3o qu\u1ea3n trong m\u00f4i tr\u01b0\u1eddng kh\u00f4ng c\u00f3 huy\u1ebft thanh.\" \/>\n<meta name=\"robots\" content=\"index, follow, max-snippet:-1, max-image-preview:large, max-video-preview:-1\" \/>\n<link rel=\"canonical\" href=\"https:\/\/biogroupvietnam.com\/vi\/san-pham\/te-bao-cd34-dong-lanh-thu-nhan-tu-mau-ngoai-vi-nguoi\/\" \/>\n<meta property=\"og:locale\" content=\"vi_VN\" \/>\n<meta property=\"og:type\" content=\"article\" \/>\n<meta property=\"og:title\" content=\"T\u1ebf B\u00e0o CD34+ \u0110\u00f4ng L\u1ea1nh Thu Nh\u1eadn T\u1eeb M\u00e1u Ngo\u1ea1i Vi Ng\u01b0\u1eddi\" \/>\n<meta property=\"og:description\" content=\"T\u1ebf b\u00e0o CD34+ s\u01a1 c\u1ea5p c\u1ee7a ng\u01b0\u1eddi \u0111\u01b0\u1ee3c ph\u00e2n l\u1eadp t\u1eeb c\u00e1c t\u1ebf b\u00e0o b\u1ea1ch c\u1ea7u trong m\u00e1u ngo\u1ea1i vi (PB), s\u1eed d\u1ee5ng k\u1ef9 thu\u1eadt ph\u00e2n t\u00e1ch t\u1eeb t\u00ednh mi\u1ec5n d\u1ecbch d\u01b0\u01a1ng t\u00ednh v\u00e0 \u0111\u01b0\u1ee3c b\u1ea3o qu\u1ea3n trong m\u00f4i tr\u01b0\u1eddng kh\u00f4ng c\u00f3 huy\u1ebft thanh.\" \/>\n<meta property=\"og:url\" content=\"https:\/\/biogroupvietnam.com\/vi\/san-pham\/te-bao-cd34-dong-lanh-thu-nhan-tu-mau-ngoai-vi-nguoi\/\" \/>\n<meta property=\"og:site_name\" content=\"Biogroup Vietnam\" \/>\n<meta property=\"article:modified_time\" content=\"2026-04-02T08:31:09+00:00\" \/>\n<meta property=\"og:image\" content=\"https:\/\/biogroupvietnam.com\/wp-content\/uploads\/2025\/08\/te-bao-cd34-dong-lanh-thu-nhan-tu-mau-ngoai-vi-nguoi.jpg\" \/>\n\t<meta property=\"og:image:width\" content=\"1640\" \/>\n\t<meta property=\"og:image:height\" content=\"1260\" \/>\n\t<meta property=\"og:image:type\" content=\"image\/jpeg\" \/>\n<meta name=\"twitter:card\" content=\"summary_large_image\" \/>\n<meta name=\"twitter:label1\" content=\"\u01af\u1edbc t\u00ednh th\u1eddi gian \u0111\u1ecdc\" \/>\n\t<meta name=\"twitter:data1\" content=\"3 ph\u00fat\" \/>\n<script type=\"application\/ld+json\" class=\"yoast-schema-graph\">{\"@context\":\"https:\/\/schema.org\",\"@graph\":[{\"@type\":\"WebPage\",\"@id\":\"https:\/\/biogroupvietnam.com\/vi\/san-pham\/te-bao-cd34-dong-lanh-thu-nhan-tu-mau-ngoai-vi-nguoi\/\",\"url\":\"https:\/\/biogroupvietnam.com\/vi\/san-pham\/te-bao-cd34-dong-lanh-thu-nhan-tu-mau-ngoai-vi-nguoi\/\",\"name\":\"T\u1ebf B\u00e0o CD34+ \u0110\u00f4ng L\u1ea1nh Thu Nh\u1eadn T\u1eeb M\u00e1u Ngo\u1ea1i Vi Ng\u01b0\u1eddi\",\"isPartOf\":{\"@id\":\"https:\/\/biogroupvietnam.com\/vi\/#website\"},\"primaryImageOfPage\":{\"@id\":\"https:\/\/biogroupvietnam.com\/vi\/san-pham\/te-bao-cd34-dong-lanh-thu-nhan-tu-mau-ngoai-vi-nguoi\/#primaryimage\"},\"image\":{\"@id\":\"https:\/\/biogroupvietnam.com\/vi\/san-pham\/te-bao-cd34-dong-lanh-thu-nhan-tu-mau-ngoai-vi-nguoi\/#primaryimage\"},\"thumbnailUrl\":\"https:\/\/biogroupvietnam.com\/wp-content\/uploads\/2025\/08\/te-bao-cd34-dong-lanh-thu-nhan-tu-mau-ngoai-vi-nguoi.jpg\",\"datePublished\":\"2025-08-18T12:54:12+00:00\",\"dateModified\":\"2026-04-02T08:31:09+00:00\",\"description\":\"T\u1ebf b\u00e0o CD34+ s\u01a1 c\u1ea5p c\u1ee7a ng\u01b0\u1eddi \u0111\u01b0\u1ee3c ph\u00e2n l\u1eadp t\u1eeb c\u00e1c t\u1ebf b\u00e0o b\u1ea1ch c\u1ea7u trong m\u00e1u ngo\u1ea1i vi (PB), s\u1eed d\u1ee5ng k\u1ef9 thu\u1eadt ph\u00e2n t\u00e1ch t\u1eeb t\u00ednh mi\u1ec5n d\u1ecbch d\u01b0\u01a1ng t\u00ednh v\u00e0 \u0111\u01b0\u1ee3c b\u1ea3o qu\u1ea3n trong m\u00f4i tr\u01b0\u1eddng kh\u00f4ng c\u00f3 huy\u1ebft thanh.\",\"breadcrumb\":{\"@id\":\"https:\/\/biogroupvietnam.com\/vi\/san-pham\/te-bao-cd34-dong-lanh-thu-nhan-tu-mau-ngoai-vi-nguoi\/#breadcrumb\"},\"inLanguage\":\"vi\",\"potentialAction\":[{\"@type\":\"ReadAction\",\"target\":[\"https:\/\/biogroupvietnam.com\/vi\/san-pham\/te-bao-cd34-dong-lanh-thu-nhan-tu-mau-ngoai-vi-nguoi\/\"]}]},{\"@type\":\"ImageObject\",\"inLanguage\":\"vi\",\"@id\":\"https:\/\/biogroupvietnam.com\/vi\/san-pham\/te-bao-cd34-dong-lanh-thu-nhan-tu-mau-ngoai-vi-nguoi\/#primaryimage\",\"url\":\"https:\/\/biogroupvietnam.com\/wp-content\/uploads\/2025\/08\/te-bao-cd34-dong-lanh-thu-nhan-tu-mau-ngoai-vi-nguoi.jpg\",\"contentUrl\":\"https:\/\/biogroupvietnam.com\/wp-content\/uploads\/2025\/08\/te-bao-cd34-dong-lanh-thu-nhan-tu-mau-ngoai-vi-nguoi.jpg\",\"width\":1640,\"height\":1260,\"caption\":\"T\u1ebf B\u00e0o CD34+ \u0110\u00f4ng L\u1ea1nh Thu Nh\u1eadn T\u1eeb M\u00e1u Ngo\u1ea1i Vi Ng\u01b0\u1eddi\"},{\"@type\":\"BreadcrumbList\",\"@id\":\"https:\/\/biogroupvietnam.com\/vi\/san-pham\/te-bao-cd34-dong-lanh-thu-nhan-tu-mau-ngoai-vi-nguoi\/#breadcrumb\",\"itemListElement\":[{\"@type\":\"ListItem\",\"position\":1,\"name\":\"Trang ch\u1ee7\",\"item\":\"https:\/\/biogroupvietnam.com\/vi\/\"},{\"@type\":\"ListItem\",\"position\":2,\"name\":\"S\u1ea3n ph\u1ea9m\",\"item\":\"https:\/\/biogroupvietnam.com\/vi\/san-pham\/\"},{\"@type\":\"ListItem\",\"position\":3,\"name\":\"Nu\u00f4i C\u1ea5y T\u1ebf B\u00e0o\",\"item\":\"https:\/\/biogroupvietnam.com\/vi\/danh-muc-san-pham\/nuoi-cay-te-bao\/\"},{\"@type\":\"ListItem\",\"position\":4,\"name\":\"D\u00f2ng t\u1ebf b\u00e0o\",\"item\":\"https:\/\/biogroupvietnam.com\/vi\/danh-muc-san-pham\/dong-te-bao\/\"},{\"@type\":\"ListItem\",\"position\":5,\"name\":\"T\u1ebf B\u00e0o CD34+ \u0110\u00f4ng L\u1ea1nh Thu Nh\u1eadn T\u1eeb M\u00e1u Ngo\u1ea1i Vi Ng\u01b0\u1eddi\"}]},{\"@type\":\"WebSite\",\"@id\":\"https:\/\/biogroupvietnam.com\/vi\/#website\",\"url\":\"https:\/\/biogroupvietnam.com\/vi\/\",\"name\":\"Biogroup Vietnam\",\"description\":\"Biogroup Vietnam cung c\u1ea5p d\u1ecbch v\u1ee5 k\u1ef9 thu\u1eadt c\u00f9ng thi\u1ebft b\u1ecb, v\u1eadt t\u01b0, h\u00f3a ch\u1ea5t v\u00e0 gi\u1ea3i ph\u00e1p sinh h\u1ecdc cho ph\u00f2ng th\u00ed nghi\u1ec7m c\u00f4ng ngh\u1ec7 sinh h\u1ecdc, y sinh v\u00e0 y h\u1ecdc t\u00e1i t\u1ea1o.\",\"potentialAction\":[{\"@type\":\"SearchAction\",\"target\":{\"@type\":\"EntryPoint\",\"urlTemplate\":\"https:\/\/biogroupvietnam.com\/vi\/?s={search_term_string}\"},\"query-input\":{\"@type\":\"PropertyValueSpecification\",\"valueRequired\":true,\"valueName\":\"search_term_string\"}}],\"inLanguage\":\"vi\"}]}<\/script>\n<!-- \/ Yoast SEO plugin. -->","yoast_head_json":{"title":"T\u1ebf B\u00e0o CD34+ \u0110\u00f4ng L\u1ea1nh Thu Nh\u1eadn T\u1eeb M\u00e1u Ngo\u1ea1i Vi Ng\u01b0\u1eddi","description":"T\u1ebf b\u00e0o CD34+ s\u01a1 c\u1ea5p c\u1ee7a ng\u01b0\u1eddi \u0111\u01b0\u1ee3c ph\u00e2n l\u1eadp t\u1eeb c\u00e1c t\u1ebf b\u00e0o b\u1ea1ch c\u1ea7u trong m\u00e1u ngo\u1ea1i vi (PB), s\u1eed d\u1ee5ng k\u1ef9 thu\u1eadt ph\u00e2n t\u00e1ch t\u1eeb t\u00ednh mi\u1ec5n d\u1ecbch d\u01b0\u01a1ng t\u00ednh v\u00e0 \u0111\u01b0\u1ee3c b\u1ea3o qu\u1ea3n trong m\u00f4i tr\u01b0\u1eddng kh\u00f4ng c\u00f3 huy\u1ebft thanh.","robots":{"index":"index","follow":"follow","max-snippet":"max-snippet:-1","max-image-preview":"max-image-preview:large","max-video-preview":"max-video-preview:-1"},"canonical":"https:\/\/biogroupvietnam.com\/vi\/san-pham\/te-bao-cd34-dong-lanh-thu-nhan-tu-mau-ngoai-vi-nguoi\/","og_locale":"vi_VN","og_type":"article","og_title":"T\u1ebf B\u00e0o CD34+ \u0110\u00f4ng L\u1ea1nh Thu Nh\u1eadn T\u1eeb M\u00e1u Ngo\u1ea1i Vi Ng\u01b0\u1eddi","og_description":"T\u1ebf b\u00e0o CD34+ s\u01a1 c\u1ea5p c\u1ee7a ng\u01b0\u1eddi \u0111\u01b0\u1ee3c ph\u00e2n l\u1eadp t\u1eeb c\u00e1c t\u1ebf b\u00e0o b\u1ea1ch c\u1ea7u trong m\u00e1u ngo\u1ea1i vi (PB), s\u1eed d\u1ee5ng k\u1ef9 thu\u1eadt ph\u00e2n t\u00e1ch t\u1eeb t\u00ednh mi\u1ec5n d\u1ecbch d\u01b0\u01a1ng t\u00ednh v\u00e0 \u0111\u01b0\u1ee3c b\u1ea3o qu\u1ea3n trong m\u00f4i tr\u01b0\u1eddng kh\u00f4ng c\u00f3 huy\u1ebft thanh.","og_url":"https:\/\/biogroupvietnam.com\/vi\/san-pham\/te-bao-cd34-dong-lanh-thu-nhan-tu-mau-ngoai-vi-nguoi\/","og_site_name":"Biogroup Vietnam","article_modified_time":"2026-04-02T08:31:09+00:00","og_image":[{"width":1640,"height":1260,"url":"https:\/\/biogroupvietnam.com\/wp-content\/uploads\/2025\/08\/te-bao-cd34-dong-lanh-thu-nhan-tu-mau-ngoai-vi-nguoi.jpg","type":"image\/jpeg"}],"twitter_card":"summary_large_image","twitter_misc":{"\u01af\u1edbc t\u00ednh th\u1eddi gian \u0111\u1ecdc":"3 ph\u00fat"},"schema":{"@context":"https:\/\/schema.org","@graph":[{"@type":"WebPage","@id":"https:\/\/biogroupvietnam.com\/vi\/san-pham\/te-bao-cd34-dong-lanh-thu-nhan-tu-mau-ngoai-vi-nguoi\/","url":"https:\/\/biogroupvietnam.com\/vi\/san-pham\/te-bao-cd34-dong-lanh-thu-nhan-tu-mau-ngoai-vi-nguoi\/","name":"T\u1ebf B\u00e0o CD34+ \u0110\u00f4ng L\u1ea1nh Thu Nh\u1eadn T\u1eeb M\u00e1u Ngo\u1ea1i Vi Ng\u01b0\u1eddi","isPartOf":{"@id":"https:\/\/biogroupvietnam.com\/vi\/#website"},"primaryImageOfPage":{"@id":"https:\/\/biogroupvietnam.com\/vi\/san-pham\/te-bao-cd34-dong-lanh-thu-nhan-tu-mau-ngoai-vi-nguoi\/#primaryimage"},"image":{"@id":"https:\/\/biogroupvietnam.com\/vi\/san-pham\/te-bao-cd34-dong-lanh-thu-nhan-tu-mau-ngoai-vi-nguoi\/#primaryimage"},"thumbnailUrl":"https:\/\/biogroupvietnam.com\/wp-content\/uploads\/2025\/08\/te-bao-cd34-dong-lanh-thu-nhan-tu-mau-ngoai-vi-nguoi.jpg","datePublished":"2025-08-18T12:54:12+00:00","dateModified":"2026-04-02T08:31:09+00:00","description":"T\u1ebf b\u00e0o CD34+ s\u01a1 c\u1ea5p c\u1ee7a ng\u01b0\u1eddi \u0111\u01b0\u1ee3c ph\u00e2n l\u1eadp t\u1eeb c\u00e1c t\u1ebf b\u00e0o b\u1ea1ch c\u1ea7u trong m\u00e1u ngo\u1ea1i vi (PB), s\u1eed d\u1ee5ng k\u1ef9 thu\u1eadt ph\u00e2n t\u00e1ch t\u1eeb t\u00ednh mi\u1ec5n d\u1ecbch d\u01b0\u01a1ng t\u00ednh v\u00e0 \u0111\u01b0\u1ee3c b\u1ea3o qu\u1ea3n trong m\u00f4i tr\u01b0\u1eddng kh\u00f4ng c\u00f3 huy\u1ebft thanh.","breadcrumb":{"@id":"https:\/\/biogroupvietnam.com\/vi\/san-pham\/te-bao-cd34-dong-lanh-thu-nhan-tu-mau-ngoai-vi-nguoi\/#breadcrumb"},"inLanguage":"vi","potentialAction":[{"@type":"ReadAction","target":["https:\/\/biogroupvietnam.com\/vi\/san-pham\/te-bao-cd34-dong-lanh-thu-nhan-tu-mau-ngoai-vi-nguoi\/"]}]},{"@type":"ImageObject","inLanguage":"vi","@id":"https:\/\/biogroupvietnam.com\/vi\/san-pham\/te-bao-cd34-dong-lanh-thu-nhan-tu-mau-ngoai-vi-nguoi\/#primaryimage","url":"https:\/\/biogroupvietnam.com\/wp-content\/uploads\/2025\/08\/te-bao-cd34-dong-lanh-thu-nhan-tu-mau-ngoai-vi-nguoi.jpg","contentUrl":"https:\/\/biogroupvietnam.com\/wp-content\/uploads\/2025\/08\/te-bao-cd34-dong-lanh-thu-nhan-tu-mau-ngoai-vi-nguoi.jpg","width":1640,"height":1260,"caption":"T\u1ebf B\u00e0o CD34+ \u0110\u00f4ng L\u1ea1nh Thu Nh\u1eadn T\u1eeb M\u00e1u Ngo\u1ea1i Vi Ng\u01b0\u1eddi"},{"@type":"BreadcrumbList","@id":"https:\/\/biogroupvietnam.com\/vi\/san-pham\/te-bao-cd34-dong-lanh-thu-nhan-tu-mau-ngoai-vi-nguoi\/#breadcrumb","itemListElement":[{"@type":"ListItem","position":1,"name":"Trang ch\u1ee7","item":"https:\/\/biogroupvietnam.com\/vi\/"},{"@type":"ListItem","position":2,"name":"S\u1ea3n ph\u1ea9m","item":"https:\/\/biogroupvietnam.com\/vi\/san-pham\/"},{"@type":"ListItem","position":3,"name":"Nu\u00f4i C\u1ea5y T\u1ebf B\u00e0o","item":"https:\/\/biogroupvietnam.com\/vi\/danh-muc-san-pham\/nuoi-cay-te-bao\/"},{"@type":"ListItem","position":4,"name":"D\u00f2ng t\u1ebf b\u00e0o","item":"https:\/\/biogroupvietnam.com\/vi\/danh-muc-san-pham\/dong-te-bao\/"},{"@type":"ListItem","position":5,"name":"T\u1ebf B\u00e0o CD34+ \u0110\u00f4ng L\u1ea1nh Thu Nh\u1eadn T\u1eeb M\u00e1u Ngo\u1ea1i Vi Ng\u01b0\u1eddi"}]},{"@type":"WebSite","@id":"https:\/\/biogroupvietnam.com\/vi\/#website","url":"https:\/\/biogroupvietnam.com\/vi\/","name":"Biogroup Vietnam","description":"Biogroup Vietnam cung c\u1ea5p d\u1ecbch v\u1ee5 k\u1ef9 thu\u1eadt c\u00f9ng thi\u1ebft b\u1ecb, v\u1eadt t\u01b0, h\u00f3a ch\u1ea5t v\u00e0 gi\u1ea3i ph\u00e1p sinh h\u1ecdc cho ph\u00f2ng th\u00ed nghi\u1ec7m c\u00f4ng ngh\u1ec7 sinh h\u1ecdc, y sinh v\u00e0 y h\u1ecdc t\u00e1i t\u1ea1o.","potentialAction":[{"@type":"SearchAction","target":{"@type":"EntryPoint","urlTemplate":"https:\/\/biogroupvietnam.com\/vi\/?s={search_term_string}"},"query-input":{"@type":"PropertyValueSpecification","valueRequired":true,"valueName":"search_term_string"}}],"inLanguage":"vi"}]}},"_links":{"self":[{"href":"https:\/\/biogroupvietnam.com\/vi\/wp-json\/wp\/v2\/product\/3873","targetHints":{"allow":["GET"]}}],"collection":[{"href":"https:\/\/biogroupvietnam.com\/vi\/wp-json\/wp\/v2\/product"}],"about":[{"href":"https:\/\/biogroupvietnam.com\/vi\/wp-json\/wp\/v2\/types\/product"}],"replies":[{"embeddable":true,"href":"https:\/\/biogroupvietnam.com\/vi\/wp-json\/wp\/v2\/comments?post=3873"}],"version-history":[{"count":5,"href":"https:\/\/biogroupvietnam.com\/vi\/wp-json\/wp\/v2\/product\/3873\/revisions"}],"predecessor-version":[{"id":9820,"href":"https:\/\/biogroupvietnam.com\/vi\/wp-json\/wp\/v2\/product\/3873\/revisions\/9820"}],"wp:featuredmedia":[{"embeddable":true,"href":"https:\/\/biogroupvietnam.com\/vi\/wp-json\/wp\/v2\/media\/10169"}],"wp:attachment":[{"href":"https:\/\/biogroupvietnam.com\/vi\/wp-json\/wp\/v2\/media?parent=3873"}],"wp:term":[{"taxonomy":"product_brand","embeddable":true,"href":"https:\/\/biogroupvietnam.com\/vi\/wp-json\/wp\/v2\/product_brand?post=3873"},{"taxonomy":"product_cat","embeddable":true,"href":"https:\/\/biogroupvietnam.com\/vi\/wp-json\/wp\/v2\/product_cat?post=3873"},{"taxonomy":"product_tag","embeddable":true,"href":"https:\/\/biogroupvietnam.com\/vi\/wp-json\/wp\/v2\/product_tag?post=3873"}],"curies":[{"name":"wp","href":"https:\/\/api.w.org\/{rel}","templated":true}]}}