{"id":3875,"date":"2025-08-18T19:54:12","date_gmt":"2025-08-18T12:54:12","guid":{"rendered":"http:\/\/biogroupvietnam-worldpress.local\/product\/import-placeholder-for-154\/"},"modified":"2025-12-17T14:54:52","modified_gmt":"2025-12-17T07:54:52","slug":"c-slide","status":"publish","type":"product","link":"https:\/\/biogroupvietnam.com\/vi\/san-pham\/c-slide\/","title":{"rendered":"C-Slide: Bu\u1ed3ng \u0110\u1ebfm T\u1ebf B\u00e0o D\u00f9ng M\u1ed9t L\u1ea7n"},"content":{"rendered":"<h2>C-slide l\u00e0 t\u00ean m\u1edbi cho bu\u1ed3ng \u0111\u1ebfm t\u1ebf b\u00e0o Countess (Countess Slides).<\/h2>\n<h3><strong>C\u00e1c t\u00ednh n\u0103ng &amp; l\u1ee3i \u00edch ch\u00ednh c\u1ee7a C-slide:<\/strong><\/h3>\n<ul>\n<li>Kh\u00f4ng c\u1ea7n n\u1eafp \u0111\u1eady<\/li>\n<li>Kh\u00f4ng c\u1ea7n r\u1eeda (D\u00f9ng m\u1ed9t l\u1ea7n).<\/li>\n<li>Gi\u1ea3m ti\u1ebfp x\u00fac v\u1edbi c\u00e1c m\u1eabu l\u00e2y nhi\u1ec5m v\u00e0 g\u00e2y nhi\u1ec5m ch\u00e9o.<\/li>\n<li>Kh\u1ea3 n\u0103ng l\u1eb7p l\u1ea1i v\u00e0 \u0111\u1ed9 tin c\u1eady \u0111\u01b0\u1ee3c \u0111\u1ea3m b\u1ea3o.<\/li>\n<li>L\u00e0m b\u1eb1ng v\u1eadt li\u1ec7u nh\u1ef1a quang h\u1ecdc c\u1ea5p th\u1ea1ch anh (Made of sturdy quartz grade optical plastic).<\/li>\n<\/ul>\n<p style=\"text-align: center;\"><img fetchpriority=\"high\" decoding=\"async\" src=\"https:\/\/biogroupvietnam.com\/uploads\/WwjFuMDgBq31CSO0ZIFlMhoUja32Ji1bCuzJIfQ0.png\" alt=\"\" width=\"426\" height=\"256\" \/><\/p>\n<h3><strong>C-Slide, bu\u1ed3ng \u0111\u1ebfm t\u1ebf b\u00e0o d\u00f9ng m\u1ed9t l\u1ea7n<\/strong><\/h3>\n<ul>\n<li>C-slide &amp; bu\u1ed3ng \u0111\u1ebfm t\u1ebf b\u00e0o Countess (Countess slide) d\u00f9ng cho m\u00e1y Countess c\u00f9ng m\u1ed9t h\u00e3ng s\u1ea3n xu\u1ea5t.<\/li>\n<li><strong>C-Slide l\u00e0 bu\u1ed3ng \u0111\u1ebfm t\u1ebf b\u00e0o \u0111\u01b0\u1ee3c s\u1eed d\u1ee5ng v\u1edbi m\u00e1y \u0111\u1ebfm t\u1ebf b\u00e0o t\u1ef1 \u0111\u1ed9ng, ch\u1eb3ng h\u1ea1n nh\u01b0 m\u00e1y Countess, Countess II, v\u00e0 c\u1ea3 m\u00e1y \u0111\u1ebfm t\u1ebf b\u00e0o EVE\/ EVE Plus<\/strong>.<\/li>\n<li>C-Slide gi\u1ed1ng nh\u01b0 Countess Slide. NanoEnTek l\u00e0 nh\u00e0 ph\u00e1t tri\u1ec3n v\u00e0 s\u1ea3n xu\u1ea5t ban \u0111\u1ea7u c\u1ee7a Countess v\u00e0 Countess Slide.<\/li>\n<li>C-Slide bao g\u1ed3m hai bu\u1ed3ng k\u00edn ri\u00eang bi\u1ec7t, m\u1ed7i bu\u1ed3ng c\u00f3 hai c\u1ed5ng \u0111\u1ec3 ti\u00eam m\u1eabu.<\/li>\n<li>M\u1ed7i C-Slide c\u00f3 th\u1ec3 \u0111o hai m\u1eabu kh\u00e1c nhau ho\u1eb7c hai m\u1eabu gi\u1ed1ng nhau.<\/li>\n<li>Kh\u00f4ng gi\u1ed1ng nh\u01b0 bu\u1ed3ng \u0111\u1ebfm h\u1ed3ng c\u1ea7u th\u00f4ng th\u01b0\u1eddng, C-Slide ho\u00e0n to\u00e0n d\u00f9ng m\u1ed9t l\u1ea7n v\u00e0 \u0111\u01b0\u1ee3c \u0111\u00f3ng g\u00f3i ri\u00eang l\u1ebb, do \u0111\u00f3 thu\u1eadn ti\u1ec7n v\u00e0 kh\u00f4ng b\u1ecb nhi\u1ec5m b\u1ea9n.<\/li>\n<\/ul>\n<p style=\"text-align: center;\"><img decoding=\"async\" src=\"https:\/\/biogroupvietnam.com\/uploads\/cxkTtMemnHmr2tA1YqiRiydvqYs8NbVUSugQRNR8.png\" alt=\"\" width=\"686\" height=\"217\" \/><\/p>\n<h3>T\u00ednh n\u0103ng k\u1ef9 thu\u1eadt c\u1ee7a bu\u1ed3ng \u0111\u1ebfm t\u1ebf b\u00e0o d\u00f9ng 1 l\u1ea7n C-Slide:<\/h3>\n<figure class=\"table\">\n<table>\n<tbody>\n<tr>\n<td><strong>Ph\u01b0\u01a1ng ph\u00e1p nhu\u1ed9m:<\/strong><\/td>\n<td>\n<p style=\"text-align: center;\">Trypan blue<\/p>\n<\/td>\n<\/tr>\n<tr>\n<td><strong>Th\u1ec3 t\u00edch m\u1eabu:<\/strong><\/td>\n<td>\n<p style=\"text-align: center;\">10 \u00b5L<\/p>\n<\/td>\n<\/tr>\n<tr>\n<td><strong>\u0110\u1ed9 s\u00e2u bu\u1ed3ng:<\/strong><\/td>\n<td>\n<p style=\"text-align: center;\">100 \u00b5m<\/p>\n<\/td>\n<\/tr>\n<tr>\n<td><strong>S\u1ed1 bu\u1ed3ng \u0111\u1ebfm:<\/strong><\/td>\n<td>\n<p style=\"text-align: center;\">2 bu\u1ed3ng<\/p>\n<\/td>\n<\/tr>\n<tr>\n<td><strong>K\u00edch th\u01b0\u1edbc:<\/strong><\/td>\n<td>\n<p style=\"text-align: center;\">25 (W) x 75 (L) x 1.8 (H) mm<\/p>\n<\/td>\n<\/tr>\n<tr>\n<td><strong>Quy c\u00e1ch:<\/strong><\/td>\n<td>\n<p style=\"text-align: center;\">50 c\u00e1i\/h\u1ed9p<\/p>\n<\/td>\n<\/tr>\n<\/tbody>\n<\/table>\n<\/figure>\n","protected":false},"excerpt":{"rendered":"<p>C-slide l\u00e0 t\u00ean m\u1edbi cho bu\u1ed3ng \u0111\u1ebfm t\u1ebf b\u00e0o Countess (Countess Slides). C\u00e1c t\u00ednh n\u0103ng &amp; l\u1ee3i \u00edch ch\u00ednh c\u1ee7a C-slide: Kh\u00f4ng c\u1ea7n n\u1eafp \u0111\u1eady Kh\u00f4ng c\u1ea7n r\u1eeda (D\u00f9ng m\u1ed9t l\u1ea7n). Gi\u1ea3m ti\u1ebfp x\u00fac v\u1edbi c\u00e1c m\u1eabu l\u00e2y nhi\u1ec5m v\u00e0 g\u00e2y nhi\u1ec5m ch\u00e9o. Kh\u1ea3 n\u0103ng l\u1eb7p l\u1ea1i v\u00e0 \u0111\u1ed9 tin c\u1eady \u0111\u01b0\u1ee3c \u0111\u1ea3m b\u1ea3o. L\u00e0m<\/p>\n<div class=\"klb-readmore post-buttons\"><a class=\"button rounded primary\" href=\"https:\/\/biogroupvietnam.com\/vi\/san-pham\/c-slide\/\">Read More <i class=\"klbth-icon-right-arrow\"><\/i><\/a><\/div>\n","protected":false},"featured_media":8967,"comment_status":"closed","ping_status":"closed","template":"","meta":{"_acf_changed":false},"product_brand":[134],"product_cat":[174,111],"product_tag":[],"class_list":{"0":"post-3875","1":"product","2":"type-product","3":"status-publish","4":"has-post-thumbnail","6":"product_brand-nanoentek","7":"product_cat-dem-te-bao-cd34","8":"product_cat-dem-phan-tich-te-bao","10":"first","11":"outofstock","12":"shipping-taxable","13":"product-type-simple"},"acf":[],"yoast_head":"<!-- This site is optimized with the Yoast SEO plugin v26.8 - https:\/\/yoast.com\/product\/yoast-seo-wordpress\/ -->\n<title>C-Slide: Bu\u1ed3ng \u0110\u1ebfm T\u1ebf B\u00e0o D\u00f9ng M\u1ed9t L\u1ea7n<\/title>\n<meta name=\"description\" content=\"C-slide l\u00e0 t\u00ean m\u1edbi cho bu\u1ed3ng \u0111\u1ebfm t\u1ebf b\u00e0o Countess (Countess Slides).\" \/>\n<meta name=\"robots\" content=\"index, follow, max-snippet:-1, max-image-preview:large, max-video-preview:-1\" \/>\n<link rel=\"canonical\" href=\"https:\/\/biogroupvietnam.com\/vi\/san-pham\/c-slide\/\" \/>\n<meta property=\"og:locale\" content=\"vi_VN\" \/>\n<meta property=\"og:type\" content=\"article\" \/>\n<meta property=\"og:title\" content=\"C-Slide: Bu\u1ed3ng \u0110\u1ebfm T\u1ebf B\u00e0o D\u00f9ng M\u1ed9t L\u1ea7n\" \/>\n<meta property=\"og:description\" content=\"C-slide l\u00e0 t\u00ean m\u1edbi cho bu\u1ed3ng \u0111\u1ebfm t\u1ebf b\u00e0o Countess (Countess Slides).\" \/>\n<meta property=\"og:url\" content=\"https:\/\/biogroupvietnam.com\/vi\/san-pham\/c-slide\/\" \/>\n<meta property=\"og:site_name\" content=\"Biogroup Vietnam\" \/>\n<meta property=\"article:modified_time\" content=\"2025-12-17T07:54:52+00:00\" \/>\n<meta property=\"og:image\" content=\"https:\/\/biogroupvietnam.com\/wp-content\/uploads\/2025\/08\/C-Slide.jpg\" \/>\n\t<meta property=\"og:image:width\" content=\"1640\" \/>\n\t<meta property=\"og:image:height\" content=\"1260\" \/>\n\t<meta property=\"og:image:type\" content=\"image\/jpeg\" \/>\n<meta name=\"twitter:card\" content=\"summary_large_image\" \/>\n<meta name=\"twitter:label1\" content=\"\u01af\u1edbc t\u00ednh th\u1eddi gian \u0111\u1ecdc\" \/>\n\t<meta name=\"twitter:data1\" content=\"2 ph\u00fat\" \/>\n<script type=\"application\/ld+json\" class=\"yoast-schema-graph\">{\"@context\":\"https:\/\/schema.org\",\"@graph\":[{\"@type\":\"WebPage\",\"@id\":\"https:\/\/biogroupvietnam.com\/vi\/san-pham\/c-slide\/\",\"url\":\"https:\/\/biogroupvietnam.com\/vi\/san-pham\/c-slide\/\",\"name\":\"C-Slide: Bu\u1ed3ng \u0110\u1ebfm T\u1ebf B\u00e0o D\u00f9ng M\u1ed9t L\u1ea7n\",\"isPartOf\":{\"@id\":\"https:\/\/biogroupvietnam.com\/vi\/#website\"},\"primaryImageOfPage\":{\"@id\":\"https:\/\/biogroupvietnam.com\/vi\/san-pham\/c-slide\/#primaryimage\"},\"image\":{\"@id\":\"https:\/\/biogroupvietnam.com\/vi\/san-pham\/c-slide\/#primaryimage\"},\"thumbnailUrl\":\"https:\/\/biogroupvietnam.com\/wp-content\/uploads\/2025\/08\/C-Slide.jpg\",\"datePublished\":\"2025-08-18T12:54:12+00:00\",\"dateModified\":\"2025-12-17T07:54:52+00:00\",\"description\":\"C-slide l\u00e0 t\u00ean m\u1edbi cho bu\u1ed3ng \u0111\u1ebfm t\u1ebf b\u00e0o Countess (Countess Slides).\",\"breadcrumb\":{\"@id\":\"https:\/\/biogroupvietnam.com\/vi\/san-pham\/c-slide\/#breadcrumb\"},\"inLanguage\":\"vi\",\"potentialAction\":[{\"@type\":\"ReadAction\",\"target\":[\"https:\/\/biogroupvietnam.com\/vi\/san-pham\/c-slide\/\"]}]},{\"@type\":\"ImageObject\",\"inLanguage\":\"vi\",\"@id\":\"https:\/\/biogroupvietnam.com\/vi\/san-pham\/c-slide\/#primaryimage\",\"url\":\"https:\/\/biogroupvietnam.com\/wp-content\/uploads\/2025\/08\/C-Slide.jpg\",\"contentUrl\":\"https:\/\/biogroupvietnam.com\/wp-content\/uploads\/2025\/08\/C-Slide.jpg\",\"width\":1640,\"height\":1260},{\"@type\":\"BreadcrumbList\",\"@id\":\"https:\/\/biogroupvietnam.com\/vi\/san-pham\/c-slide\/#breadcrumb\",\"itemListElement\":[{\"@type\":\"ListItem\",\"position\":1,\"name\":\"Trang ch\u1ee7\",\"item\":\"https:\/\/biogroupvietnam.com\/vi\/\"},{\"@type\":\"ListItem\",\"position\":2,\"name\":\"S\u1ea3n ph\u1ea9m\",\"item\":\"https:\/\/biogroupvietnam.com\/vi\/san-pham\/\"},{\"@type\":\"ListItem\",\"position\":3,\"name\":\"X\u00e9t Nghi\u1ec7m Sinh H\u1ecdc\",\"item\":\"https:\/\/biogroupvietnam.com\/vi\/danh-muc-san-pham\/xet-nghiem-sinh-hoc\/\"},{\"@type\":\"ListItem\",\"position\":4,\"name\":\"\u0110\u1ebfm T\u1ebf B\u00e0o CD34\",\"item\":\"https:\/\/biogroupvietnam.com\/vi\/danh-muc-san-pham\/dem-te-bao-cd34\/\"},{\"@type\":\"ListItem\",\"position\":5,\"name\":\"C-Slide: Bu\u1ed3ng \u0110\u1ebfm T\u1ebf B\u00e0o D\u00f9ng M\u1ed9t L\u1ea7n\"}]},{\"@type\":\"WebSite\",\"@id\":\"https:\/\/biogroupvietnam.com\/vi\/#website\",\"url\":\"https:\/\/biogroupvietnam.com\/vi\/\",\"name\":\"Biogroup Vietnam\",\"description\":\"Biogroup Vietnam cung c\u1ea5p d\u1ecbch v\u1ee5 k\u1ef9 thu\u1eadt c\u00f9ng thi\u1ebft b\u1ecb, v\u1eadt t\u01b0, h\u00f3a ch\u1ea5t v\u00e0 gi\u1ea3i ph\u00e1p sinh h\u1ecdc cho ph\u00f2ng th\u00ed nghi\u1ec7m c\u00f4ng ngh\u1ec7 sinh h\u1ecdc, y sinh v\u00e0 y h\u1ecdc t\u00e1i t\u1ea1o.\",\"potentialAction\":[{\"@type\":\"SearchAction\",\"target\":{\"@type\":\"EntryPoint\",\"urlTemplate\":\"https:\/\/biogroupvietnam.com\/vi\/?s={search_term_string}\"},\"query-input\":{\"@type\":\"PropertyValueSpecification\",\"valueRequired\":true,\"valueName\":\"search_term_string\"}}],\"inLanguage\":\"vi\"}]}<\/script>\n<!-- \/ Yoast SEO plugin. -->","yoast_head_json":{"title":"C-Slide: Bu\u1ed3ng \u0110\u1ebfm T\u1ebf B\u00e0o D\u00f9ng M\u1ed9t L\u1ea7n","description":"C-slide l\u00e0 t\u00ean m\u1edbi cho bu\u1ed3ng \u0111\u1ebfm t\u1ebf b\u00e0o Countess (Countess Slides).","robots":{"index":"index","follow":"follow","max-snippet":"max-snippet:-1","max-image-preview":"max-image-preview:large","max-video-preview":"max-video-preview:-1"},"canonical":"https:\/\/biogroupvietnam.com\/vi\/san-pham\/c-slide\/","og_locale":"vi_VN","og_type":"article","og_title":"C-Slide: Bu\u1ed3ng \u0110\u1ebfm T\u1ebf B\u00e0o D\u00f9ng M\u1ed9t L\u1ea7n","og_description":"C-slide l\u00e0 t\u00ean m\u1edbi cho bu\u1ed3ng \u0111\u1ebfm t\u1ebf b\u00e0o Countess (Countess Slides).","og_url":"https:\/\/biogroupvietnam.com\/vi\/san-pham\/c-slide\/","og_site_name":"Biogroup Vietnam","article_modified_time":"2025-12-17T07:54:52+00:00","og_image":[{"width":1640,"height":1260,"url":"https:\/\/biogroupvietnam.com\/wp-content\/uploads\/2025\/08\/C-Slide.jpg","type":"image\/jpeg"}],"twitter_card":"summary_large_image","twitter_misc":{"\u01af\u1edbc t\u00ednh th\u1eddi gian \u0111\u1ecdc":"2 ph\u00fat"},"schema":{"@context":"https:\/\/schema.org","@graph":[{"@type":"WebPage","@id":"https:\/\/biogroupvietnam.com\/vi\/san-pham\/c-slide\/","url":"https:\/\/biogroupvietnam.com\/vi\/san-pham\/c-slide\/","name":"C-Slide: Bu\u1ed3ng \u0110\u1ebfm T\u1ebf B\u00e0o D\u00f9ng M\u1ed9t L\u1ea7n","isPartOf":{"@id":"https:\/\/biogroupvietnam.com\/vi\/#website"},"primaryImageOfPage":{"@id":"https:\/\/biogroupvietnam.com\/vi\/san-pham\/c-slide\/#primaryimage"},"image":{"@id":"https:\/\/biogroupvietnam.com\/vi\/san-pham\/c-slide\/#primaryimage"},"thumbnailUrl":"https:\/\/biogroupvietnam.com\/wp-content\/uploads\/2025\/08\/C-Slide.jpg","datePublished":"2025-08-18T12:54:12+00:00","dateModified":"2025-12-17T07:54:52+00:00","description":"C-slide l\u00e0 t\u00ean m\u1edbi cho bu\u1ed3ng \u0111\u1ebfm t\u1ebf b\u00e0o Countess (Countess Slides).","breadcrumb":{"@id":"https:\/\/biogroupvietnam.com\/vi\/san-pham\/c-slide\/#breadcrumb"},"inLanguage":"vi","potentialAction":[{"@type":"ReadAction","target":["https:\/\/biogroupvietnam.com\/vi\/san-pham\/c-slide\/"]}]},{"@type":"ImageObject","inLanguage":"vi","@id":"https:\/\/biogroupvietnam.com\/vi\/san-pham\/c-slide\/#primaryimage","url":"https:\/\/biogroupvietnam.com\/wp-content\/uploads\/2025\/08\/C-Slide.jpg","contentUrl":"https:\/\/biogroupvietnam.com\/wp-content\/uploads\/2025\/08\/C-Slide.jpg","width":1640,"height":1260},{"@type":"BreadcrumbList","@id":"https:\/\/biogroupvietnam.com\/vi\/san-pham\/c-slide\/#breadcrumb","itemListElement":[{"@type":"ListItem","position":1,"name":"Trang ch\u1ee7","item":"https:\/\/biogroupvietnam.com\/vi\/"},{"@type":"ListItem","position":2,"name":"S\u1ea3n ph\u1ea9m","item":"https:\/\/biogroupvietnam.com\/vi\/san-pham\/"},{"@type":"ListItem","position":3,"name":"X\u00e9t Nghi\u1ec7m Sinh H\u1ecdc","item":"https:\/\/biogroupvietnam.com\/vi\/danh-muc-san-pham\/xet-nghiem-sinh-hoc\/"},{"@type":"ListItem","position":4,"name":"\u0110\u1ebfm T\u1ebf B\u00e0o CD34","item":"https:\/\/biogroupvietnam.com\/vi\/danh-muc-san-pham\/dem-te-bao-cd34\/"},{"@type":"ListItem","position":5,"name":"C-Slide: Bu\u1ed3ng \u0110\u1ebfm T\u1ebf B\u00e0o D\u00f9ng M\u1ed9t L\u1ea7n"}]},{"@type":"WebSite","@id":"https:\/\/biogroupvietnam.com\/vi\/#website","url":"https:\/\/biogroupvietnam.com\/vi\/","name":"Biogroup Vietnam","description":"Biogroup Vietnam cung c\u1ea5p d\u1ecbch v\u1ee5 k\u1ef9 thu\u1eadt c\u00f9ng thi\u1ebft b\u1ecb, v\u1eadt t\u01b0, h\u00f3a ch\u1ea5t v\u00e0 gi\u1ea3i ph\u00e1p sinh h\u1ecdc cho ph\u00f2ng th\u00ed nghi\u1ec7m c\u00f4ng ngh\u1ec7 sinh h\u1ecdc, y sinh v\u00e0 y h\u1ecdc t\u00e1i t\u1ea1o.","potentialAction":[{"@type":"SearchAction","target":{"@type":"EntryPoint","urlTemplate":"https:\/\/biogroupvietnam.com\/vi\/?s={search_term_string}"},"query-input":{"@type":"PropertyValueSpecification","valueRequired":true,"valueName":"search_term_string"}}],"inLanguage":"vi"}]}},"_links":{"self":[{"href":"https:\/\/biogroupvietnam.com\/vi\/wp-json\/wp\/v2\/product\/3875","targetHints":{"allow":["GET"]}}],"collection":[{"href":"https:\/\/biogroupvietnam.com\/vi\/wp-json\/wp\/v2\/product"}],"about":[{"href":"https:\/\/biogroupvietnam.com\/vi\/wp-json\/wp\/v2\/types\/product"}],"replies":[{"embeddable":true,"href":"https:\/\/biogroupvietnam.com\/vi\/wp-json\/wp\/v2\/comments?post=3875"}],"version-history":[{"count":3,"href":"https:\/\/biogroupvietnam.com\/vi\/wp-json\/wp\/v2\/product\/3875\/revisions"}],"predecessor-version":[{"id":8618,"href":"https:\/\/biogroupvietnam.com\/vi\/wp-json\/wp\/v2\/product\/3875\/revisions\/8618"}],"wp:featuredmedia":[{"embeddable":true,"href":"https:\/\/biogroupvietnam.com\/vi\/wp-json\/wp\/v2\/media\/8967"}],"wp:attachment":[{"href":"https:\/\/biogroupvietnam.com\/vi\/wp-json\/wp\/v2\/media?parent=3875"}],"wp:term":[{"taxonomy":"product_brand","embeddable":true,"href":"https:\/\/biogroupvietnam.com\/vi\/wp-json\/wp\/v2\/product_brand?post=3875"},{"taxonomy":"product_cat","embeddable":true,"href":"https:\/\/biogroupvietnam.com\/vi\/wp-json\/wp\/v2\/product_cat?post=3875"},{"taxonomy":"product_tag","embeddable":true,"href":"https:\/\/biogroupvietnam.com\/vi\/wp-json\/wp\/v2\/product_tag?post=3875"}],"curies":[{"name":"wp","href":"https:\/\/api.w.org\/{rel}","templated":true}]}}