{"id":3876,"date":"2025-08-18T19:54:12","date_gmt":"2025-08-18T12:54:12","guid":{"rendered":"http:\/\/biogroupvietnam-worldpress.local\/product\/import-placeholder-for-155\/"},"modified":"2025-09-29T15:08:42","modified_gmt":"2025-09-29T08:08:42","slug":"roto-silenta-630-rs","status":"publish","type":"product","link":"https:\/\/biogroupvietnam.com\/vi\/san-pham\/roto-silenta-630-rs\/","title":{"rendered":"M\u00e1y Ly T\u00e2m T\u00fai M\u00e1u Roto Silenta 630RS"},"content":{"rendered":"<h2>M\u00e1y ly t\u00e2m Roto Silenta 630RS (Hetich &#8211; \u0110\u1ee9c) \u0111\u00e3 \u0111\u01b0\u1ee3c th\u1ea9m \u0111\u1ecbnh v\u00e0 x\u00e1c minh&nbsp;t\u01b0\u01a1ng th\u00edch v\u1edbi thi\u1ebft b\u1ecb x\u1eed l\u00fd m\u00e1u cu\u1ed1ng r\u1ed1n t\u1ef1 \u0111\u1ed9ng <a target=\"_blank\" rel=\"noopener noreferrer\" href=\"https:\/\/biogroupvietnam.com\/vi\/products\/xu-ly-te-bao\/xu-ly-mau-cuong-ron-tu-dong\/he-thong-axp-ii.html\">AXP II<\/a> (Thermogenesis &#8211; M\u1ef9).<\/h2>\n<p>D\u00f2ng m\u00e1y Roto Silenta 630 RS \u0111\u01b0\u1ee3c \u0111\u00e1nh gi\u00e1 cao \u1edf kh\u1ea3 n\u0103ng ly t\u00e2m t\u00fai m\u00e1u nhanh ch\u00f3ng v\u00e0 hi\u1ec7u qu\u1ea3. M\u00e1y c\u00f3 th\u1ec3 quay t\u1ed1i \u0111a 12 l\u00edt m\u1eabu ho\u1eb7c 12 t\u00fai m\u00e1u m\u1ed7i l\u1ea7n ch\u1ea1y. C\u00e1c t\u00f9y ch\u1ecdn rotor b\u1ed1n v\u00e0 s\u00e1u v\u1ecb tr\u00ed c\u0169ng c\u00f3 s\u1eb5n \u0111\u1ec3 mang l\u1ea1i s\u1ef1 ph\u00f9 h\u1ee3p nh\u1ea5t c\u00f3 th\u1ec3.<\/p>\n<p><img fetchpriority=\"high\" decoding=\"async\" src=\"https:\/\/biogroupvietnam.com\/uploads\/zsKkawwxifNv7hc1lxDdOp1s2t8YlumCHzUMqDya.png\" alt=\"\" width=\"404\" height=\"307\"><\/p>\n<h3><strong>T\u1ed5ng quan m\u00e1y Roto Silenta 630 RS<\/strong><\/h3>\n<p>Roto Silenta 630 RS \u0111\u01b0\u1ee3c \u0111\u00e1nh gi\u00e1 cao \u1edf kh\u1ea3 n\u0103ng ly t\u00e2m t\u00fai m\u00e1u nhanh ch\u00f3ng v\u00e0 hi\u1ec7u qu\u1ea3. M\u00e1y c\u00f3 th\u1ec3 quay t\u1ed1i \u0111a 12 l\u00edt m\u1eabu ho\u1eb7c 12 t\u00fai m\u00e1u m\u1ed7i l\u1ea7n ch\u1ea1y. C\u00e1c t\u00f9y ch\u1ecdn rotor b\u1ed1n v\u00e0 s\u00e1u v\u1ecb tr\u00ed c\u0169ng c\u00f3 s\u1eb5n \u0111\u1ec3 mang l\u1ea1i s\u1ef1 ph\u00f9 h\u1ee3p nh\u1ea5t c\u00f3 th\u1ec3.<\/p>\n<p>Trong c\u00f4ng nghi\u1ec7p ho\u1eb7c R&amp;D, Roto Silenta c\u00f3 th\u1ec3 ch\u1ee9a s\u00e1u c\u1ed1c \u0111\u1ec3 m\u1eabu ly t\u00e2m, m\u1ed7i c\u1ed1c c\u00f3 th\u1ec3 t\u00edch l\u00ean t\u1edbi 2,000 ml.<\/p>\n<p>Th\u00edch h\u1ee3p cho vi\u1ec7c x\u1eed l\u00fd c\u00f4ng su\u1ea5t l\u1edbn c\u1ee7a t\u1ea5t c\u1ea3 c\u00e1c h\u1ec7 th\u1ed1ng t\u00fai m\u00e1u th\u01b0\u01a1ng m\u1ea1i, c\u0169ng nh\u01b0 ly t\u00e2m \u1ed1ng m\u00e1u thu th\u1eadp.<\/p>\n<p>M\u1eabu nh\u01b0 nu\u00f4i c\u1ea5y vi sinh, nu\u00f4i c\u1ea5y t\u1ebf b\u00e0o ho\u1eb7c \u0111\u1ea5t v\u00e0 tr\u1ea7m t\u00edch c\u00f3 th\u1ec3 \u0111\u01b0\u1ee3c ly t\u00e2m trong lumen l\u1edbn.<\/p>\n<h3><strong>3 l\u00ed do \u0111\u1ec3 ch\u1ecdn m\u00e1y Roto Silenta 630 RS:<\/strong><\/h3>\n<p><strong>T\u1ea1o \u0111i\u1ec1u ki\u1ec7n v\u1eadn h\u00e0nh t\u1ed1t nh\u1ea5t cho ph\u00f2ng lab c\u1ee7a b\u1ea1n<\/strong><\/p>\n<ul>\n<li><strong>V\u1eadn h\u00e0nh \u00eam<\/strong>: Roto Silenta 630 RS \u0111\u00fang nh\u01b0 t\u00ean g\u1ecdi c\u1ee7a m\u00e1y, c\u00f3 x\u1ebfp h\u1ea1ng ti\u1ebfng \u1ed3n t\u1ed1i \u0111a l\u00e0 62db (A) ngay c\u1ea3 khi ch\u1ea1y \u1edf t\u1ed1c \u0111\u1ed9 t\u1ed1i \u0111a v\u00e0 khi l\u00e0m m\u00e1t. \u1ede t\u1ed1c \u0111\u1ed9 v\u00e0 c\u00e0i \u0111\u1eb7t nhi\u1ec7t \u0111\u1ed9 th\u1ea5p h\u01a1n, m\u00e1y ly t\u00e2m th\u1eadm ch\u00ed c\u00f2n y\u00ean t\u0129nh h\u01a1n.<\/li>\n<li><strong>V\u1ec7 sinh bu\u1ed3ng ly t\u00e2m d\u1ec5 d\u00e0ng<\/strong>: Bu\u1ed3ng ly t\u00e2m \u0111\u01b0\u1ee3c l\u00e0m b\u1eb1ng th\u00e9p kh\u00f4ng g\u1ec9 c\u00f3 c\u1ea5p y t\u1ebf v\u00e0 c\u00e1c c\u1ea1nh tr\u00f2n \u0111\u1ec3 t\u1ed1i \u0111a h\u00f3a vi\u1ec7c v\u1ec7 sinh bu\u1ed3ng. Kh\u00f4ng c\u00f3 l\u1ed3ng b\u1ea3o v\u1ec7 rotor quay, ng\u01b0\u1eddi d\u00f9ng c\u00f3 th\u1ec3 l\u00e0m s\u1ea1ch bu\u1ed3ng k\u1ef9 l\u01b0\u1ee1ng \u0111\u1ec3 c\u00f3 m\u00f4i tr\u01b0\u1eddng s\u1ea1ch cho m\u1eabu.<\/li>\n<li><strong>Ergonomics<\/strong>: V\u1edbi chi\u1ec1u cao l\u00e0m vi\u1ec7c l\u00e0 91 cm, m\u00e1y ly t\u00e2m d\u1ec5 d\u00e0ng n\u1ea1p m\u1eabu v\u00e0 l\u1ea5y m\u1eabu. Vi\u1ec7c m\u1edf v\u00e0 \u0111\u00f3ng n\u1eafp \u0111\u01b0\u1ee3c h\u1ed7 tr\u1ee3 b\u1edfi c\u00e1c l\u00f2 xo kh\u00ed lo\u1ea1i b\u1ecf h\u1ea7u h\u1ebft c\u00e1c n\u1ed7 l\u1ef1c c\u1ea7n thi\u1ebft \u0111\u1ec3 m\u1edf n\u1eafp m\u00e1y ly t\u00e2m. V\u1edbi tay c\u1ea7m ti\u1ec7n d\u1ee5ng n\u1eb1m \u1edf ph\u00eda tr\u01b0\u1edbc thi\u1ebft b\u1ecb, b\u1ea1n c\u00f3 th\u1ec3 d\u1ec5 d\u00e0ng \u0111\u00f3ng n\u1eafp b\u1eb1ng tay. C\u00e1c h\u1ec7 th\u1ed1ng kh\u00f3a n\u1eafp c\u01a1 gi\u1edbi s\u1ebd \u0111\u1ea3m b\u1ea3o kh\u00f3a an to\u00e0n v\u00e0 d\u1ec5 d\u00e0ng.<\/li>\n<\/ul>\n<p><strong>Ph\u00f9 h\u1ee3p v\u1edbi ng\u00e2n s\u00e1ch c\u1ee7a b\u1ea1n<\/strong><\/p>\n<ul>\n<li><strong>Ti\u1ebft ki\u1ec7m th\u1eddi gian v\u1eadn h\u00e0nh: <\/strong>Th\u1eddi gian l\u00e0m l\u1ea1nh \u0111\u1ebfn 4\u00b0C tr\u01b0\u1edbc khi ly t\u00e2m m\u1eabu c\u00f3 th\u1ec3 \u0111\u01b0\u1ee3c th\u1ef1c hi\u1ec7n trong v\u00f2ng ch\u01b0a \u0111\u1ea7y 30 ph\u00fat gi\u00fap gi\u1ea3m chi ph\u00ed \u0111i\u1ec7n n\u0103ng v\u00e0 th\u1eddi gian v\u1eadn h\u00e0nh.<\/li>\n<li><strong>Ti\u1ebft ki\u1ec7m \u0111i\u1ec7n: <\/strong>H\u1ec7 th\u1ed1ng l\u00e0m m\u00e1t Hettich \u0111\u1ed9c \u0111\u00e1o gi\u00fap gi\u1ea3m nhu c\u1ea7u l\u00e0m m\u00e1t trong qu\u00e1 tr\u00ecnh v\u1eadn h\u00e0nh ti\u00eau chu\u1ea9n. V\u1edbi c\u00e1c c\u00e0i \u0111\u1eb7t \u1ee9ng d\u1ee5ng \u201cBuffy Coat\u201d \u0111\u01b0\u1ee3c khuy\u1ebfn ngh\u1ecb \u1edf 4.000 RCF, m\u00e1y ly t\u00e2m s\u1ebd c\u1ea7n c\u00f4ng su\u1ea5t d\u01b0\u1edbi 0,60 kw\/h, trong khi v\u1eadn h\u00e0nh \u1edf 20-22\u00b0C.<\/li>\n<li><strong>Gi\u00e1 m\u00e1y c\u1ea1nh tranh.<\/strong><\/li>\n<\/ul>\n<p><strong>T\u1ea1o \u0111i\u1ec1u ki\u1ec7n v\u1eadn h\u00e0nh t\u1ed1t nh\u1ea5t cho m\u1eabu c\u1ee7a b\u1ea1n<\/strong><\/p>\n<ul>\n<li>C\u1ea3m bi\u1ebfn nhi\u1ec7t k\u00e9p trong bu\u1ed3ng gi\u00fap ki\u1ec3m so\u00e1t nhi\u1ec7t \u0111\u1ed9 t\u1ed1t h\u01a1n v\u00e0 nhi\u1ec7t \u0111\u1ed9 \u201c\u1edf m\u1eabu\u201d ch\u00ednh x\u00e1c h\u01a1n. T\u1ed5ng c\u1ed9ng <strong>c\u00f3 4 c\u1ea3m bi\u1ebfn nhi\u1ec7t \u0111\u1ed9 ki\u1ec3m so\u00e1t nhi\u1ec7t \u0111\u1ed9<\/strong> c\u00e1c b\u1ed9 ph\u1eadn trong m\u00e1y.<\/li>\n<li><strong>K\u1ebft qu\u1ea3 ly t\u00e2m nh\u1ea5t qu\u00e1n<\/strong>: \u0110\u1ed9ng c\u01a1 m\u1ea1nh m\u1ebd c\u00f3 th\u1ec3 t\u1ea1o ra c\u00f9ng m\u1ed9t l\u1ef1c ly t\u00e2m b\u1ea5t k\u1ec3 k\u00edch th\u01b0\u1edbc ho\u1eb7c s\u1ed1 l\u01b0\u1ee3ng m\u1eabu. S\u1ef1 kh\u00e1c bi\u1ec7t gi\u1eefa vi\u1ec7c quay 1 ho\u1eb7c 12 t\u00fai m\u00e1u cho m\u1ed7i \u0111i\u1ec1u ki\u1ec7n l\u00e0 d\u01b0\u1edbi 1%. C\u00f9ng qu\u00e1 tr\u00ecnh ph\u00e2n t\u00e1ch c\u00f3 th\u1ec3 l\u1eb7p l\u1ea1i h\u1eb1ng ng\u00e0y.<\/li>\n<\/ul>\n<p>&nbsp;<\/p>\n<ul>\n<li>S\u1ef1 l\u1ef1a ch\u1ecdn \u0111\u1ea7u ti\u00ean trong m\u00e1y ly t\u00e2m \u1edf ng\u00e2n h\u00e0ng m\u00e1u.<\/li>\n<li>Thi\u1ebft b\u1ecb y t\u1ebf theo quy \u0111\u1ecbnh (EU) 2017\/745.<\/li>\n<\/ul>\n<h3><strong>\u1ee8ng d\u1ee5ng m\u00e1y Roto Silenta 630RS:<\/strong><\/h3>\n<ul>\n<li>B\u1ec7nh vi\u1ec7n<\/li>\n<li>Ng\u00e2n h\u00e0ng m\u00e1u v\u00e0 ph\u00f2ng x\u00e9t nghi\u1ec7m truy\u1ec1n m\u00e1u y h\u1ecdc<\/li>\n<li>Ph\u00f2ng th\u00ed nghi\u1ec7m Nu\u00f4i c\u1ea5y t\u1ebf b\u00e0o<\/li>\n<li>Ph\u00f2ng th\u00ed nghi\u1ec7m d\u01b0\u1ee3c ph\u1ea9m<\/li>\n<li>C\u00e1c ph\u00f2ng th\u00ed nghi\u1ec7m khoa h\u1ecdc trong c\u00e1c tr\u01b0\u1eddng \u0111\u1ea1i h\u1ecdc<\/li>\n<li>Ph\u00f2ng th\u00ed nghi\u1ec7m ph\u00e2n t\u00edch th\u1ef1c ph\u1ea9m<\/li>\n<li>Ph\u00f2ng th\u00ed nghi\u1ec7m m\u00f4i tr\u01b0\u1eddng<\/li>\n<\/ul>\n<h3><strong>Th\u00f4ng tin \u0111\u1eb7t h\u00e0ng:<\/strong><\/h3>\n<p>M\u00e1y ch\u00ednh Roto Silenta 630RS (Cat.No: 5005)<\/p>\n<p>Motor v\u0103ng 6 v\u1ecb tr\u00ed (Cat.No: 4176)<\/p>\n<ul>\n<li>T\u1ed1c \u0111\u1ed9 ly t\u00e2m: 4.500 (V\u00f2ng\/ Ph\u00fat)<\/li>\n<li>L\u1ef1c ly t\u00e2m: 6.498 (RCF)<\/li>\n<\/ul>\n","protected":false},"excerpt":{"rendered":"<p>M\u00e1y ly t\u00e2m Roto Silenta 630RS (Hetich &#8211; \u0110\u1ee9c) \u0111\u00e3 \u0111\u01b0\u1ee3c th\u1ea9m \u0111\u1ecbnh v\u00e0 x\u00e1c minh&nbsp;t\u01b0\u01a1ng th\u00edch v\u1edbi thi\u1ebft b\u1ecb x\u1eed l\u00fd m\u00e1u cu\u1ed1ng r\u1ed1n t\u1ef1 \u0111\u1ed9ng AXP II (Thermogenesis &#8211; M\u1ef9). D\u00f2ng m\u00e1y Roto Silenta 630 RS \u0111\u01b0\u1ee3c \u0111\u00e1nh gi\u00e1 cao \u1edf kh\u1ea3 n\u0103ng ly t\u00e2m t\u00fai m\u00e1u nhanh ch\u00f3ng v\u00e0 hi\u1ec7u qu\u1ea3. M\u00e1y<\/p>\n<div class=\"klb-readmore post-buttons\"><a class=\"button rounded primary\" href=\"https:\/\/biogroupvietnam.com\/vi\/san-pham\/roto-silenta-630-rs\/\">Read More <i class=\"klbth-icon-right-arrow\"><\/i><\/a><\/div>\n","protected":false},"featured_media":5464,"comment_status":"closed","ping_status":"closed","template":"","meta":{"_acf_changed":false},"product_brand":[130],"product_cat":[122],"product_tag":[],"class_list":{"0":"post-3876","1":"product","2":"type-product","3":"status-publish","4":"has-post-thumbnail","6":"product_brand-andreas-hettich","7":"product_cat-may-ly-tam","9":"first","10":"outofstock","11":"shipping-taxable","12":"product-type-simple"},"acf":[],"yoast_head":"<!-- This site is optimized with the Yoast SEO plugin v26.8 - https:\/\/yoast.com\/product\/yoast-seo-wordpress\/ -->\n<title>M\u00e1y Ly T\u00e2m T\u00fai M\u00e1u Roto Silenta 630RS<\/title>\n<meta name=\"description\" content=\"M\u00e1y ly t\u00e2m Roto Silenta 630RS \u0111\u00e3 \u0111\u01b0\u1ee3c th\u1ea9m \u0111\u1ecbnh v\u00e0 x\u00e1c minh t\u01b0\u01a1ng th\u00edch v\u1edbi thi\u1ebft b\u1ecb x\u1eed l\u00fd m\u00e1u cu\u1ed1ng r\u1ed1n t\u1ef1 \u0111\u1ed9ng AXP II\" \/>\n<meta name=\"robots\" content=\"index, follow, max-snippet:-1, max-image-preview:large, max-video-preview:-1\" \/>\n<link rel=\"canonical\" href=\"https:\/\/biogroupvietnam.com\/vi\/san-pham\/roto-silenta-630-rs\/\" \/>\n<meta property=\"og:locale\" content=\"vi_VN\" \/>\n<meta property=\"og:type\" content=\"article\" \/>\n<meta property=\"og:title\" content=\"M\u00e1y Ly T\u00e2m T\u00fai M\u00e1u Roto Silenta 630RS\" \/>\n<meta property=\"og:description\" content=\"M\u00e1y ly t\u00e2m Roto Silenta 630RS \u0111\u00e3 \u0111\u01b0\u1ee3c th\u1ea9m \u0111\u1ecbnh v\u00e0 x\u00e1c minh t\u01b0\u01a1ng th\u00edch v\u1edbi thi\u1ebft b\u1ecb x\u1eed l\u00fd m\u00e1u cu\u1ed1ng r\u1ed1n t\u1ef1 \u0111\u1ed9ng AXP II\" \/>\n<meta property=\"og:url\" content=\"https:\/\/biogroupvietnam.com\/vi\/san-pham\/roto-silenta-630-rs\/\" \/>\n<meta property=\"og:site_name\" content=\"Biogroup Vietnam\" \/>\n<meta property=\"article:modified_time\" content=\"2025-09-29T08:08:42+00:00\" \/>\n<meta property=\"og:image\" content=\"https:\/\/biogroupvietnam.com\/wp-content\/uploads\/2025\/08\/ROTO20SILENTA2063020RS202.jpg\" \/>\n\t<meta property=\"og:image:width\" content=\"1600\" \/>\n\t<meta property=\"og:image:height\" content=\"1229\" \/>\n\t<meta property=\"og:image:type\" content=\"image\/jpeg\" \/>\n<meta name=\"twitter:card\" content=\"summary_large_image\" \/>\n<meta name=\"twitter:label1\" content=\"\u01af\u1edbc t\u00ednh th\u1eddi gian \u0111\u1ecdc\" \/>\n\t<meta name=\"twitter:data1\" content=\"1 ph\u00fat\" \/>\n<script type=\"application\/ld+json\" class=\"yoast-schema-graph\">{\"@context\":\"https:\/\/schema.org\",\"@graph\":[{\"@type\":\"WebPage\",\"@id\":\"https:\/\/biogroupvietnam.com\/vi\/san-pham\/roto-silenta-630-rs\/\",\"url\":\"https:\/\/biogroupvietnam.com\/vi\/san-pham\/roto-silenta-630-rs\/\",\"name\":\"M\u00e1y Ly T\u00e2m T\u00fai M\u00e1u Roto Silenta 630RS\",\"isPartOf\":{\"@id\":\"https:\/\/biogroupvietnam.com\/vi\/#website\"},\"primaryImageOfPage\":{\"@id\":\"https:\/\/biogroupvietnam.com\/vi\/san-pham\/roto-silenta-630-rs\/#primaryimage\"},\"image\":{\"@id\":\"https:\/\/biogroupvietnam.com\/vi\/san-pham\/roto-silenta-630-rs\/#primaryimage\"},\"thumbnailUrl\":\"https:\/\/biogroupvietnam.com\/wp-content\/uploads\/2025\/08\/ROTO20SILENTA2063020RS202.jpg\",\"datePublished\":\"2025-08-18T12:54:12+00:00\",\"dateModified\":\"2025-09-29T08:08:42+00:00\",\"description\":\"M\u00e1y ly t\u00e2m Roto Silenta 630RS \u0111\u00e3 \u0111\u01b0\u1ee3c th\u1ea9m \u0111\u1ecbnh v\u00e0 x\u00e1c minh t\u01b0\u01a1ng th\u00edch v\u1edbi thi\u1ebft b\u1ecb x\u1eed l\u00fd m\u00e1u cu\u1ed1ng r\u1ed1n t\u1ef1 \u0111\u1ed9ng AXP II\",\"breadcrumb\":{\"@id\":\"https:\/\/biogroupvietnam.com\/vi\/san-pham\/roto-silenta-630-rs\/#breadcrumb\"},\"inLanguage\":\"vi\",\"potentialAction\":[{\"@type\":\"ReadAction\",\"target\":[\"https:\/\/biogroupvietnam.com\/vi\/san-pham\/roto-silenta-630-rs\/\"]}]},{\"@type\":\"ImageObject\",\"inLanguage\":\"vi\",\"@id\":\"https:\/\/biogroupvietnam.com\/vi\/san-pham\/roto-silenta-630-rs\/#primaryimage\",\"url\":\"https:\/\/biogroupvietnam.com\/wp-content\/uploads\/2025\/08\/ROTO20SILENTA2063020RS202.jpg\",\"contentUrl\":\"https:\/\/biogroupvietnam.com\/wp-content\/uploads\/2025\/08\/ROTO20SILENTA2063020RS202.jpg\",\"width\":1600,\"height\":1229,\"caption\":\"\u00a0\"},{\"@type\":\"BreadcrumbList\",\"@id\":\"https:\/\/biogroupvietnam.com\/vi\/san-pham\/roto-silenta-630-rs\/#breadcrumb\",\"itemListElement\":[{\"@type\":\"ListItem\",\"position\":1,\"name\":\"Trang ch\u1ee7\",\"item\":\"https:\/\/biogroupvietnam.com\/vi\/\"},{\"@type\":\"ListItem\",\"position\":2,\"name\":\"S\u1ea3n ph\u1ea9m\",\"item\":\"https:\/\/biogroupvietnam.com\/vi\/san-pham\/\"},{\"@type\":\"ListItem\",\"position\":3,\"name\":\"R&amp;D Sinh H\u1ecdc\",\"item\":\"https:\/\/biogroupvietnam.com\/vi\/danh-muc-san-pham\/rd-sinh-hoc\/\"},{\"@type\":\"ListItem\",\"position\":4,\"name\":\"M\u00e1y ly t\u00e2m\",\"item\":\"https:\/\/biogroupvietnam.com\/vi\/danh-muc-san-pham\/may-ly-tam\/\"},{\"@type\":\"ListItem\",\"position\":5,\"name\":\"M\u00e1y Ly T\u00e2m T\u00fai M\u00e1u Roto Silenta 630RS\"}]},{\"@type\":\"WebSite\",\"@id\":\"https:\/\/biogroupvietnam.com\/vi\/#website\",\"url\":\"https:\/\/biogroupvietnam.com\/vi\/\",\"name\":\"Biogroup Vietnam\",\"description\":\"Biogroup Vietnam cung c\u1ea5p d\u1ecbch v\u1ee5 k\u1ef9 thu\u1eadt c\u00f9ng thi\u1ebft b\u1ecb, v\u1eadt t\u01b0, h\u00f3a ch\u1ea5t v\u00e0 gi\u1ea3i ph\u00e1p sinh h\u1ecdc cho ph\u00f2ng th\u00ed nghi\u1ec7m c\u00f4ng ngh\u1ec7 sinh h\u1ecdc, y sinh v\u00e0 y h\u1ecdc t\u00e1i t\u1ea1o.\",\"potentialAction\":[{\"@type\":\"SearchAction\",\"target\":{\"@type\":\"EntryPoint\",\"urlTemplate\":\"https:\/\/biogroupvietnam.com\/vi\/?s={search_term_string}\"},\"query-input\":{\"@type\":\"PropertyValueSpecification\",\"valueRequired\":true,\"valueName\":\"search_term_string\"}}],\"inLanguage\":\"vi\"}]}<\/script>\n<!-- \/ Yoast SEO plugin. -->","yoast_head_json":{"title":"M\u00e1y Ly T\u00e2m T\u00fai M\u00e1u Roto Silenta 630RS","description":"M\u00e1y ly t\u00e2m Roto Silenta 630RS \u0111\u00e3 \u0111\u01b0\u1ee3c th\u1ea9m \u0111\u1ecbnh v\u00e0 x\u00e1c minh t\u01b0\u01a1ng th\u00edch v\u1edbi thi\u1ebft b\u1ecb x\u1eed l\u00fd m\u00e1u cu\u1ed1ng r\u1ed1n t\u1ef1 \u0111\u1ed9ng AXP II","robots":{"index":"index","follow":"follow","max-snippet":"max-snippet:-1","max-image-preview":"max-image-preview:large","max-video-preview":"max-video-preview:-1"},"canonical":"https:\/\/biogroupvietnam.com\/vi\/san-pham\/roto-silenta-630-rs\/","og_locale":"vi_VN","og_type":"article","og_title":"M\u00e1y Ly T\u00e2m T\u00fai M\u00e1u Roto Silenta 630RS","og_description":"M\u00e1y ly t\u00e2m Roto Silenta 630RS \u0111\u00e3 \u0111\u01b0\u1ee3c th\u1ea9m \u0111\u1ecbnh v\u00e0 x\u00e1c minh t\u01b0\u01a1ng th\u00edch v\u1edbi thi\u1ebft b\u1ecb x\u1eed l\u00fd m\u00e1u cu\u1ed1ng r\u1ed1n t\u1ef1 \u0111\u1ed9ng AXP II","og_url":"https:\/\/biogroupvietnam.com\/vi\/san-pham\/roto-silenta-630-rs\/","og_site_name":"Biogroup Vietnam","article_modified_time":"2025-09-29T08:08:42+00:00","og_image":[{"width":1600,"height":1229,"url":"https:\/\/biogroupvietnam.com\/wp-content\/uploads\/2025\/08\/ROTO20SILENTA2063020RS202.jpg","type":"image\/jpeg"}],"twitter_card":"summary_large_image","twitter_misc":{"\u01af\u1edbc t\u00ednh th\u1eddi gian \u0111\u1ecdc":"1 ph\u00fat"},"schema":{"@context":"https:\/\/schema.org","@graph":[{"@type":"WebPage","@id":"https:\/\/biogroupvietnam.com\/vi\/san-pham\/roto-silenta-630-rs\/","url":"https:\/\/biogroupvietnam.com\/vi\/san-pham\/roto-silenta-630-rs\/","name":"M\u00e1y Ly T\u00e2m T\u00fai M\u00e1u Roto Silenta 630RS","isPartOf":{"@id":"https:\/\/biogroupvietnam.com\/vi\/#website"},"primaryImageOfPage":{"@id":"https:\/\/biogroupvietnam.com\/vi\/san-pham\/roto-silenta-630-rs\/#primaryimage"},"image":{"@id":"https:\/\/biogroupvietnam.com\/vi\/san-pham\/roto-silenta-630-rs\/#primaryimage"},"thumbnailUrl":"https:\/\/biogroupvietnam.com\/wp-content\/uploads\/2025\/08\/ROTO20SILENTA2063020RS202.jpg","datePublished":"2025-08-18T12:54:12+00:00","dateModified":"2025-09-29T08:08:42+00:00","description":"M\u00e1y ly t\u00e2m Roto Silenta 630RS \u0111\u00e3 \u0111\u01b0\u1ee3c th\u1ea9m \u0111\u1ecbnh v\u00e0 x\u00e1c minh t\u01b0\u01a1ng th\u00edch v\u1edbi thi\u1ebft b\u1ecb x\u1eed l\u00fd m\u00e1u cu\u1ed1ng r\u1ed1n t\u1ef1 \u0111\u1ed9ng AXP II","breadcrumb":{"@id":"https:\/\/biogroupvietnam.com\/vi\/san-pham\/roto-silenta-630-rs\/#breadcrumb"},"inLanguage":"vi","potentialAction":[{"@type":"ReadAction","target":["https:\/\/biogroupvietnam.com\/vi\/san-pham\/roto-silenta-630-rs\/"]}]},{"@type":"ImageObject","inLanguage":"vi","@id":"https:\/\/biogroupvietnam.com\/vi\/san-pham\/roto-silenta-630-rs\/#primaryimage","url":"https:\/\/biogroupvietnam.com\/wp-content\/uploads\/2025\/08\/ROTO20SILENTA2063020RS202.jpg","contentUrl":"https:\/\/biogroupvietnam.com\/wp-content\/uploads\/2025\/08\/ROTO20SILENTA2063020RS202.jpg","width":1600,"height":1229,"caption":"\u00a0"},{"@type":"BreadcrumbList","@id":"https:\/\/biogroupvietnam.com\/vi\/san-pham\/roto-silenta-630-rs\/#breadcrumb","itemListElement":[{"@type":"ListItem","position":1,"name":"Trang ch\u1ee7","item":"https:\/\/biogroupvietnam.com\/vi\/"},{"@type":"ListItem","position":2,"name":"S\u1ea3n ph\u1ea9m","item":"https:\/\/biogroupvietnam.com\/vi\/san-pham\/"},{"@type":"ListItem","position":3,"name":"R&amp;D Sinh H\u1ecdc","item":"https:\/\/biogroupvietnam.com\/vi\/danh-muc-san-pham\/rd-sinh-hoc\/"},{"@type":"ListItem","position":4,"name":"M\u00e1y ly t\u00e2m","item":"https:\/\/biogroupvietnam.com\/vi\/danh-muc-san-pham\/may-ly-tam\/"},{"@type":"ListItem","position":5,"name":"M\u00e1y Ly T\u00e2m T\u00fai M\u00e1u Roto Silenta 630RS"}]},{"@type":"WebSite","@id":"https:\/\/biogroupvietnam.com\/vi\/#website","url":"https:\/\/biogroupvietnam.com\/vi\/","name":"Biogroup Vietnam","description":"Biogroup Vietnam cung c\u1ea5p d\u1ecbch v\u1ee5 k\u1ef9 thu\u1eadt c\u00f9ng thi\u1ebft b\u1ecb, v\u1eadt t\u01b0, h\u00f3a ch\u1ea5t v\u00e0 gi\u1ea3i ph\u00e1p sinh h\u1ecdc cho ph\u00f2ng th\u00ed nghi\u1ec7m c\u00f4ng ngh\u1ec7 sinh h\u1ecdc, y sinh v\u00e0 y h\u1ecdc t\u00e1i t\u1ea1o.","potentialAction":[{"@type":"SearchAction","target":{"@type":"EntryPoint","urlTemplate":"https:\/\/biogroupvietnam.com\/vi\/?s={search_term_string}"},"query-input":{"@type":"PropertyValueSpecification","valueRequired":true,"valueName":"search_term_string"}}],"inLanguage":"vi"}]}},"_links":{"self":[{"href":"https:\/\/biogroupvietnam.com\/vi\/wp-json\/wp\/v2\/product\/3876","targetHints":{"allow":["GET"]}}],"collection":[{"href":"https:\/\/biogroupvietnam.com\/vi\/wp-json\/wp\/v2\/product"}],"about":[{"href":"https:\/\/biogroupvietnam.com\/vi\/wp-json\/wp\/v2\/types\/product"}],"replies":[{"embeddable":true,"href":"https:\/\/biogroupvietnam.com\/vi\/wp-json\/wp\/v2\/comments?post=3876"}],"version-history":[{"count":3,"href":"https:\/\/biogroupvietnam.com\/vi\/wp-json\/wp\/v2\/product\/3876\/revisions"}],"predecessor-version":[{"id":8245,"href":"https:\/\/biogroupvietnam.com\/vi\/wp-json\/wp\/v2\/product\/3876\/revisions\/8245"}],"wp:featuredmedia":[{"embeddable":true,"href":"https:\/\/biogroupvietnam.com\/vi\/wp-json\/wp\/v2\/media\/5464"}],"wp:attachment":[{"href":"https:\/\/biogroupvietnam.com\/vi\/wp-json\/wp\/v2\/media?parent=3876"}],"wp:term":[{"taxonomy":"product_brand","embeddable":true,"href":"https:\/\/biogroupvietnam.com\/vi\/wp-json\/wp\/v2\/product_brand?post=3876"},{"taxonomy":"product_cat","embeddable":true,"href":"https:\/\/biogroupvietnam.com\/vi\/wp-json\/wp\/v2\/product_cat?post=3876"},{"taxonomy":"product_tag","embeddable":true,"href":"https:\/\/biogroupvietnam.com\/vi\/wp-json\/wp\/v2\/product_tag?post=3876"}],"curies":[{"name":"wp","href":"https:\/\/api.w.org\/{rel}","templated":true}]}}