{"id":3877,"date":"2025-08-18T19:54:13","date_gmt":"2025-08-18T12:54:13","guid":{"rendered":"http:\/\/biogroupvietnam-worldpress.local\/product\/import-placeholder-for-156\/"},"modified":"2025-11-17T09:53:59","modified_gmt":"2025-11-17T02:53:59","slug":"s-chip","status":"publish","type":"product","link":"https:\/\/biogroupvietnam.com\/vi\/san-pham\/s-chip\/","title":{"rendered":"Bu\u1ed3ng \u0110\u1ebfm Tinh Tr\u00f9ng D\u00f9ng M\u1ed9t L\u1ea7n S-Chip"},"content":{"rendered":"<h2>S-Chip l\u00e0 phi\u1ebfn nh\u1ef1a d\u00f9ng m\u1ed9t l\u1ea7n v\u00e0 ch\u00ednh x\u00e1c v\u1edbi hai v\u1ecb tr\u00ed \u0111\u1ec3 \u0111\u1ebfm tinh tr\u00f9ng.<\/h2>\n<h3><strong>C\u00e1c t\u00ednh n\u0103ng v\u00e0 ti\u1ec7n \u00edch ch\u00ednh c\u1ee7a Bu\u1ed3ng \u0111\u1ebfm tinh tr\u00f9ng S-Chip:\u00a0<\/strong><\/h3>\n<ul>\n<li>Kh\u00f4ng c\u1ea7n n\u1eafp tr\u01b0\u1ee3t<\/li>\n<li>K\u1ebft qu\u1ea3 ch\u00ednh x\u00e1c v\u00e0 \u0111\u00e1ng tin c\u1eady<\/li>\n<li>Hai bu\u1ed3ng \u0111\u1ebfm tr\u00ean 1 chip<\/li>\n<li>V\u1eadt li\u1ec7u nh\u1ef1a quang h\u1ecdc c\u1ea5p th\u1ea1ch anh<\/li>\n<li>Kh\u00f4ng c\u1ea7n r\u1eeda \u0111\u1ec3 t\u00e1i s\u1eed d\u1ee5ng<\/li>\n<li>Kh\u00f4ng ti\u1ebfp x\u00fac v\u1edbi t\u00e1c nh\u00e2n nguy hi\u1ec3m<\/li>\n<\/ul>\n<h3><strong>\u1ee8ng d\u1ee5ng c\u1ee7a Bu\u1ed3ng \u0111\u1ebfm tinh tr\u00f9ng S-Chip:\u00a0<\/strong><\/h3>\n<p>D\u00f9ng trong h\u1ed7 tr\u1ee3 sinh s\u1ea3n IVF (in vitro fertilisation) v\u00e0 IUI (intra uterine insemination)<\/p>\n<h3><strong>C\u00e1ch d\u00f9ng\u00a0<\/strong><\/h3>\n<p>\u0110\u01a1n gi\u1ea3n v\u00e0 ti\u1ec7n l\u1ee3i ch\u1ec9 v\u1edbi 2 b\u01b0\u1edbc (n\u1ea1p m\u1eabu v\u00e0 \u0111\u1ebfm)<\/p>\n<p style=\"text-align: center;\"><img fetchpriority=\"high\" decoding=\"async\" src=\"https:\/\/biogroupvietnam.com\/uploads\/YhJzuYIYKeWpzXIDWzrzHui8lOx1xrUuCSZENSPr.png\" width=\"908\" height=\"251\" \/><\/p>\n<h3><strong>\u0110\u1ed9 ch\u00ednh x\u00e1c c\u1ee7a S-Chip<\/strong><\/h3>\n<p>Tinh tr\u00f9ng \u0111\u01b0\u1ee3c \u0111\u1ebfm v\u1edbi S-Chip v\u00e0 bu\u1ed3ng \u0111\u1ebfm th\u1ee7 c\u00f4ng M-counting. K\u1ebft qu\u1ea3 \u0111\u01b0\u1ee3c \u0111\u00e1nh gi\u00e1 qua ba m\u1eabu kh\u00e1c nhau v\u1edbi 3 l\u1ea7n l\u1eb7p l\u1ea1i. \u0110\u1ed9 ch\u00ednh x\u00e1c (precision) \u0111\u01b0\u1ee3c bi\u1ec3u th\u1ecb b\u1eb1ng \u0111\u1ed9 l\u1ec7ch chu\u1ea9n (SD), thanh l\u1ed7i (error bars) \u0111\u1ea1i di\u1ec7n cho \u0111\u1ed9 l\u1ec7ch chu\u1ea9n trung b\u00ecnh. K\u1ebft qu\u1ea3 cho th\u1ea5y S-Chip ch\u00ednh x\u00e1c h\u01a1n so v\u1edbi bu\u1ed3ng \u0111\u1ebfm th\u1ee7 c\u00f4ng M-counting.<\/p>\n<p style=\"text-align: center;\"><img decoding=\"async\" src=\"https:\/\/biogroupvietnam.com\/uploads\/uk7RH9u0Rg0WT1bXyIxSwe3SakuBVPb7hLFeC8Kd.png\" width=\"709\" height=\"399\" \/><\/p>\n<h3><strong>C\u1ea5u t\u1ea1o bu\u1ed3ng \u0111\u1ebfm\u00a0<\/strong><\/h3>\n<p>S-Chip c\u00f3 hai bu\u1ed3ng \u0111\u1ebfm v\u1edbi hai v\u1ecb tr\u00ed \u0111\u1ec3 n\u1ea1p m\u1eabu (H\u00ecnh 1). M\u1ed7i bu\u1ed3ng \u0111\u1ebfm c\u00f3 100 h\u00ecnh vu\u00f4ng nh\u1ecf, v\u1edbi k\u00edch th\u01b0\u1edbc 0.1 x 0.1 x 0.02 mm = 0.0002 mm3. M\u1ed7i h\u00ecnh vu\u00f4ng c\u00f3 t\u1ed5ng th\u1ec3 t\u00edch l\u00e0 0.02 mL (mm3) (H\u00ecnh 2).<\/p>\n<p style=\"text-align: center;\"><img decoding=\"async\" src=\"https:\/\/biogroupvietnam.com\/uploads\/qp0vrn4I85a1rbbvx4QrX6KxYasijwfMjdSwqiKg.png\" width=\"620\" height=\"322\" \/><\/p>\n<p style=\"text-align: center;\">H\u00ecnh 1: C\u1ea5u t\u1ea1o bu\u1ed3ng \u0111\u1ebfm t\u1ebf b\u00e0o<\/p>\n<p style=\"text-align: center;\"><img loading=\"lazy\" decoding=\"async\" src=\"https:\/\/biogroupvietnam.com\/uploads\/EMPa5QkTOH47GCv2TUKTP0x61xRulZrVrWgrrfxF.png\" width=\"395\" height=\"275\" \/><\/p>\n<p style=\"text-align: center;\">H\u00ecnh 2: K\u00edch th\u01b0\u1edbc l\u01b0\u1edbi c\u1ee7a S-Chip<\/p>\n<h3><strong>\u0110\u1eb7c t\u00ednh k\u1ef9 thu\u1eadt c\u1ee7a Bu\u1ed3ng \u0111\u1ebfm tinh tr\u00f9ng S-Chip:\u00a0<\/strong><\/h3>\n<ul>\n<li>K\u00edch th\u01b0\u1edbc (WxLxT): 25 x 75 x 2 mm<\/li>\n<li>\u0110\u1ed9 s\u00e2u bu\u1ed3ng \u0111\u1ebfm: 20 mm<\/li>\n<li>Th\u1ec3 t\u00edch bu\u1ed3ng \u0111\u1ebfm: 2 ~ 3 mL<\/li>\n<li>Quy c\u00e1ch: 50 chip\/ h\u1ed9p (100 bu\u1ed3ng \u0111\u1ebfm).<\/li>\n<\/ul>\n<h3><strong>Th\u00f4ng tin \u0111\u1eb7t h\u00e0ng\u00a0<\/strong><\/h3>\n<p>Catalog DCS-S01: Bu\u1ed3ng \u0111\u1ebfm tinh tr\u00f9ng d\u00f9ng m\u1ed9t l\u1ea7n S-Chip; 50 chip\/h\u1ed9p.<\/p>\n","protected":false},"excerpt":{"rendered":"<p>S-Chip l\u00e0 phi\u1ebfn nh\u1ef1a d\u00f9ng m\u1ed9t l\u1ea7n v\u00e0 ch\u00ednh x\u00e1c v\u1edbi hai v\u1ecb tr\u00ed \u0111\u1ec3 \u0111\u1ebfm tinh tr\u00f9ng. C\u00e1c t\u00ednh n\u0103ng v\u00e0 ti\u1ec7n \u00edch ch\u00ednh c\u1ee7a Bu\u1ed3ng \u0111\u1ebfm tinh tr\u00f9ng S-Chip:\u00a0 Kh\u00f4ng c\u1ea7n n\u1eafp tr\u01b0\u1ee3t K\u1ebft qu\u1ea3 ch\u00ednh x\u00e1c v\u00e0 \u0111\u00e1ng tin c\u1eady Hai bu\u1ed3ng \u0111\u1ebfm tr\u00ean 1 chip V\u1eadt li\u1ec7u nh\u1ef1a quang h\u1ecdc c\u1ea5p<\/p>\n<div class=\"klb-readmore post-buttons\"><a class=\"button rounded primary\" href=\"https:\/\/biogroupvietnam.com\/vi\/san-pham\/s-chip\/\">Read More <i class=\"klbth-icon-right-arrow\"><\/i><\/a><\/div>\n","protected":false},"featured_media":8966,"comment_status":"closed","ping_status":"closed","template":"","meta":{"_acf_changed":false},"product_brand":[134],"product_cat":[111],"product_tag":[],"class_list":{"0":"post-3877","1":"product","2":"type-product","3":"status-publish","4":"has-post-thumbnail","6":"product_brand-nanoentek","7":"product_cat-dem-phan-tich-te-bao","9":"first","10":"outofstock","11":"shipping-taxable","12":"product-type-simple"},"acf":[],"yoast_head":"<!-- This site is optimized with the Yoast SEO plugin v26.8 - https:\/\/yoast.com\/product\/yoast-seo-wordpress\/ -->\n<title>Bu\u1ed3ng \u0110\u1ebfm Tinh Tr\u00f9ng D\u00f9ng M\u1ed9t L\u1ea7n S-Chip<\/title>\n<meta name=\"description\" content=\"S-Chip l\u00e0 phi\u1ebfn nh\u1ef1a d\u00f9ng m\u1ed9t l\u1ea7n v\u00e0 ch\u00ednh x\u00e1c v\u1edbi hai v\u1ecb tr\u00ed \u0111\u1ec3 \u0111\u1ebfm tinh tr\u00f9ng.\" \/>\n<meta name=\"robots\" content=\"index, follow, max-snippet:-1, max-image-preview:large, max-video-preview:-1\" \/>\n<link rel=\"canonical\" href=\"https:\/\/biogroupvietnam.com\/vi\/san-pham\/s-chip\/\" \/>\n<meta property=\"og:locale\" content=\"vi_VN\" \/>\n<meta property=\"og:type\" content=\"article\" \/>\n<meta property=\"og:title\" content=\"Bu\u1ed3ng \u0110\u1ebfm Tinh Tr\u00f9ng D\u00f9ng M\u1ed9t L\u1ea7n S-Chip\" \/>\n<meta property=\"og:description\" content=\"S-Chip l\u00e0 phi\u1ebfn nh\u1ef1a d\u00f9ng m\u1ed9t l\u1ea7n v\u00e0 ch\u00ednh x\u00e1c v\u1edbi hai v\u1ecb tr\u00ed \u0111\u1ec3 \u0111\u1ebfm tinh tr\u00f9ng.\" \/>\n<meta property=\"og:url\" content=\"https:\/\/biogroupvietnam.com\/vi\/san-pham\/s-chip\/\" \/>\n<meta property=\"og:site_name\" content=\"Biogroup Vietnam\" \/>\n<meta property=\"article:modified_time\" content=\"2025-11-17T02:53:59+00:00\" \/>\n<meta property=\"og:image\" content=\"https:\/\/biogroupvietnam.com\/wp-content\/uploads\/2025\/08\/S-Chip.jpg\" \/>\n\t<meta property=\"og:image:width\" content=\"1640\" \/>\n\t<meta property=\"og:image:height\" content=\"1260\" \/>\n\t<meta property=\"og:image:type\" content=\"image\/jpeg\" \/>\n<meta name=\"twitter:card\" content=\"summary_large_image\" \/>\n<meta name=\"twitter:label1\" content=\"\u01af\u1edbc t\u00ednh th\u1eddi gian \u0111\u1ecdc\" \/>\n\t<meta name=\"twitter:data1\" content=\"3 ph\u00fat\" \/>\n<script type=\"application\/ld+json\" class=\"yoast-schema-graph\">{\"@context\":\"https:\/\/schema.org\",\"@graph\":[{\"@type\":\"WebPage\",\"@id\":\"https:\/\/biogroupvietnam.com\/vi\/san-pham\/s-chip\/\",\"url\":\"https:\/\/biogroupvietnam.com\/vi\/san-pham\/s-chip\/\",\"name\":\"Bu\u1ed3ng \u0110\u1ebfm Tinh Tr\u00f9ng D\u00f9ng M\u1ed9t L\u1ea7n S-Chip\",\"isPartOf\":{\"@id\":\"https:\/\/biogroupvietnam.com\/vi\/#website\"},\"primaryImageOfPage\":{\"@id\":\"https:\/\/biogroupvietnam.com\/vi\/san-pham\/s-chip\/#primaryimage\"},\"image\":{\"@id\":\"https:\/\/biogroupvietnam.com\/vi\/san-pham\/s-chip\/#primaryimage\"},\"thumbnailUrl\":\"https:\/\/biogroupvietnam.com\/wp-content\/uploads\/2025\/08\/S-Chip.jpg\",\"datePublished\":\"2025-08-18T12:54:13+00:00\",\"dateModified\":\"2025-11-17T02:53:59+00:00\",\"description\":\"S-Chip l\u00e0 phi\u1ebfn nh\u1ef1a d\u00f9ng m\u1ed9t l\u1ea7n v\u00e0 ch\u00ednh x\u00e1c v\u1edbi hai v\u1ecb tr\u00ed \u0111\u1ec3 \u0111\u1ebfm tinh tr\u00f9ng.\",\"breadcrumb\":{\"@id\":\"https:\/\/biogroupvietnam.com\/vi\/san-pham\/s-chip\/#breadcrumb\"},\"inLanguage\":\"vi\",\"potentialAction\":[{\"@type\":\"ReadAction\",\"target\":[\"https:\/\/biogroupvietnam.com\/vi\/san-pham\/s-chip\/\"]}]},{\"@type\":\"ImageObject\",\"inLanguage\":\"vi\",\"@id\":\"https:\/\/biogroupvietnam.com\/vi\/san-pham\/s-chip\/#primaryimage\",\"url\":\"https:\/\/biogroupvietnam.com\/wp-content\/uploads\/2025\/08\/S-Chip.jpg\",\"contentUrl\":\"https:\/\/biogroupvietnam.com\/wp-content\/uploads\/2025\/08\/S-Chip.jpg\",\"width\":1640,\"height\":1260},{\"@type\":\"BreadcrumbList\",\"@id\":\"https:\/\/biogroupvietnam.com\/vi\/san-pham\/s-chip\/#breadcrumb\",\"itemListElement\":[{\"@type\":\"ListItem\",\"position\":1,\"name\":\"Trang ch\u1ee7\",\"item\":\"https:\/\/biogroupvietnam.com\/vi\/\"},{\"@type\":\"ListItem\",\"position\":2,\"name\":\"S\u1ea3n ph\u1ea9m\",\"item\":\"https:\/\/biogroupvietnam.com\/vi\/san-pham\/\"},{\"@type\":\"ListItem\",\"position\":3,\"name\":\"R&amp;D Sinh H\u1ecdc\",\"item\":\"https:\/\/biogroupvietnam.com\/vi\/danh-muc-san-pham\/rd-sinh-hoc\/\"},{\"@type\":\"ListItem\",\"position\":4,\"name\":\"\u0110\u1ebfm &amp; Ph\u00e2n T\u00edch T\u1ebf B\u00e0o\",\"item\":\"https:\/\/biogroupvietnam.com\/vi\/danh-muc-san-pham\/dem-phan-tich-te-bao\/\"},{\"@type\":\"ListItem\",\"position\":5,\"name\":\"Bu\u1ed3ng \u0110\u1ebfm Tinh Tr\u00f9ng D\u00f9ng M\u1ed9t L\u1ea7n S-Chip\"}]},{\"@type\":\"WebSite\",\"@id\":\"https:\/\/biogroupvietnam.com\/vi\/#website\",\"url\":\"https:\/\/biogroupvietnam.com\/vi\/\",\"name\":\"Biogroup Vietnam\",\"description\":\"Biogroup Vietnam cung c\u1ea5p d\u1ecbch v\u1ee5 k\u1ef9 thu\u1eadt c\u00f9ng thi\u1ebft b\u1ecb, v\u1eadt t\u01b0, h\u00f3a ch\u1ea5t v\u00e0 gi\u1ea3i ph\u00e1p sinh h\u1ecdc cho ph\u00f2ng th\u00ed nghi\u1ec7m c\u00f4ng ngh\u1ec7 sinh h\u1ecdc, y sinh v\u00e0 y h\u1ecdc t\u00e1i t\u1ea1o.\",\"potentialAction\":[{\"@type\":\"SearchAction\",\"target\":{\"@type\":\"EntryPoint\",\"urlTemplate\":\"https:\/\/biogroupvietnam.com\/vi\/?s={search_term_string}\"},\"query-input\":{\"@type\":\"PropertyValueSpecification\",\"valueRequired\":true,\"valueName\":\"search_term_string\"}}],\"inLanguage\":\"vi\"}]}<\/script>\n<!-- \/ Yoast SEO plugin. -->","yoast_head_json":{"title":"Bu\u1ed3ng \u0110\u1ebfm Tinh Tr\u00f9ng D\u00f9ng M\u1ed9t L\u1ea7n S-Chip","description":"S-Chip l\u00e0 phi\u1ebfn nh\u1ef1a d\u00f9ng m\u1ed9t l\u1ea7n v\u00e0 ch\u00ednh x\u00e1c v\u1edbi hai v\u1ecb tr\u00ed \u0111\u1ec3 \u0111\u1ebfm tinh tr\u00f9ng.","robots":{"index":"index","follow":"follow","max-snippet":"max-snippet:-1","max-image-preview":"max-image-preview:large","max-video-preview":"max-video-preview:-1"},"canonical":"https:\/\/biogroupvietnam.com\/vi\/san-pham\/s-chip\/","og_locale":"vi_VN","og_type":"article","og_title":"Bu\u1ed3ng \u0110\u1ebfm Tinh Tr\u00f9ng D\u00f9ng M\u1ed9t L\u1ea7n S-Chip","og_description":"S-Chip l\u00e0 phi\u1ebfn nh\u1ef1a d\u00f9ng m\u1ed9t l\u1ea7n v\u00e0 ch\u00ednh x\u00e1c v\u1edbi hai v\u1ecb tr\u00ed \u0111\u1ec3 \u0111\u1ebfm tinh tr\u00f9ng.","og_url":"https:\/\/biogroupvietnam.com\/vi\/san-pham\/s-chip\/","og_site_name":"Biogroup Vietnam","article_modified_time":"2025-11-17T02:53:59+00:00","og_image":[{"width":1640,"height":1260,"url":"https:\/\/biogroupvietnam.com\/wp-content\/uploads\/2025\/08\/S-Chip.jpg","type":"image\/jpeg"}],"twitter_card":"summary_large_image","twitter_misc":{"\u01af\u1edbc t\u00ednh th\u1eddi gian \u0111\u1ecdc":"3 ph\u00fat"},"schema":{"@context":"https:\/\/schema.org","@graph":[{"@type":"WebPage","@id":"https:\/\/biogroupvietnam.com\/vi\/san-pham\/s-chip\/","url":"https:\/\/biogroupvietnam.com\/vi\/san-pham\/s-chip\/","name":"Bu\u1ed3ng \u0110\u1ebfm Tinh Tr\u00f9ng D\u00f9ng M\u1ed9t L\u1ea7n S-Chip","isPartOf":{"@id":"https:\/\/biogroupvietnam.com\/vi\/#website"},"primaryImageOfPage":{"@id":"https:\/\/biogroupvietnam.com\/vi\/san-pham\/s-chip\/#primaryimage"},"image":{"@id":"https:\/\/biogroupvietnam.com\/vi\/san-pham\/s-chip\/#primaryimage"},"thumbnailUrl":"https:\/\/biogroupvietnam.com\/wp-content\/uploads\/2025\/08\/S-Chip.jpg","datePublished":"2025-08-18T12:54:13+00:00","dateModified":"2025-11-17T02:53:59+00:00","description":"S-Chip l\u00e0 phi\u1ebfn nh\u1ef1a d\u00f9ng m\u1ed9t l\u1ea7n v\u00e0 ch\u00ednh x\u00e1c v\u1edbi hai v\u1ecb tr\u00ed \u0111\u1ec3 \u0111\u1ebfm tinh tr\u00f9ng.","breadcrumb":{"@id":"https:\/\/biogroupvietnam.com\/vi\/san-pham\/s-chip\/#breadcrumb"},"inLanguage":"vi","potentialAction":[{"@type":"ReadAction","target":["https:\/\/biogroupvietnam.com\/vi\/san-pham\/s-chip\/"]}]},{"@type":"ImageObject","inLanguage":"vi","@id":"https:\/\/biogroupvietnam.com\/vi\/san-pham\/s-chip\/#primaryimage","url":"https:\/\/biogroupvietnam.com\/wp-content\/uploads\/2025\/08\/S-Chip.jpg","contentUrl":"https:\/\/biogroupvietnam.com\/wp-content\/uploads\/2025\/08\/S-Chip.jpg","width":1640,"height":1260},{"@type":"BreadcrumbList","@id":"https:\/\/biogroupvietnam.com\/vi\/san-pham\/s-chip\/#breadcrumb","itemListElement":[{"@type":"ListItem","position":1,"name":"Trang ch\u1ee7","item":"https:\/\/biogroupvietnam.com\/vi\/"},{"@type":"ListItem","position":2,"name":"S\u1ea3n ph\u1ea9m","item":"https:\/\/biogroupvietnam.com\/vi\/san-pham\/"},{"@type":"ListItem","position":3,"name":"R&amp;D Sinh H\u1ecdc","item":"https:\/\/biogroupvietnam.com\/vi\/danh-muc-san-pham\/rd-sinh-hoc\/"},{"@type":"ListItem","position":4,"name":"\u0110\u1ebfm &amp; Ph\u00e2n T\u00edch T\u1ebf B\u00e0o","item":"https:\/\/biogroupvietnam.com\/vi\/danh-muc-san-pham\/dem-phan-tich-te-bao\/"},{"@type":"ListItem","position":5,"name":"Bu\u1ed3ng \u0110\u1ebfm Tinh Tr\u00f9ng D\u00f9ng M\u1ed9t L\u1ea7n S-Chip"}]},{"@type":"WebSite","@id":"https:\/\/biogroupvietnam.com\/vi\/#website","url":"https:\/\/biogroupvietnam.com\/vi\/","name":"Biogroup Vietnam","description":"Biogroup Vietnam cung c\u1ea5p d\u1ecbch v\u1ee5 k\u1ef9 thu\u1eadt c\u00f9ng thi\u1ebft b\u1ecb, v\u1eadt t\u01b0, h\u00f3a ch\u1ea5t v\u00e0 gi\u1ea3i ph\u00e1p sinh h\u1ecdc cho ph\u00f2ng th\u00ed nghi\u1ec7m c\u00f4ng ngh\u1ec7 sinh h\u1ecdc, y sinh v\u00e0 y h\u1ecdc t\u00e1i t\u1ea1o.","potentialAction":[{"@type":"SearchAction","target":{"@type":"EntryPoint","urlTemplate":"https:\/\/biogroupvietnam.com\/vi\/?s={search_term_string}"},"query-input":{"@type":"PropertyValueSpecification","valueRequired":true,"valueName":"search_term_string"}}],"inLanguage":"vi"}]}},"_links":{"self":[{"href":"https:\/\/biogroupvietnam.com\/vi\/wp-json\/wp\/v2\/product\/3877","targetHints":{"allow":["GET"]}}],"collection":[{"href":"https:\/\/biogroupvietnam.com\/vi\/wp-json\/wp\/v2\/product"}],"about":[{"href":"https:\/\/biogroupvietnam.com\/vi\/wp-json\/wp\/v2\/types\/product"}],"replies":[{"embeddable":true,"href":"https:\/\/biogroupvietnam.com\/vi\/wp-json\/wp\/v2\/comments?post=3877"}],"version-history":[{"count":4,"href":"https:\/\/biogroupvietnam.com\/vi\/wp-json\/wp\/v2\/product\/3877\/revisions"}],"predecessor-version":[{"id":8980,"href":"https:\/\/biogroupvietnam.com\/vi\/wp-json\/wp\/v2\/product\/3877\/revisions\/8980"}],"wp:featuredmedia":[{"embeddable":true,"href":"https:\/\/biogroupvietnam.com\/vi\/wp-json\/wp\/v2\/media\/8966"}],"wp:attachment":[{"href":"https:\/\/biogroupvietnam.com\/vi\/wp-json\/wp\/v2\/media?parent=3877"}],"wp:term":[{"taxonomy":"product_brand","embeddable":true,"href":"https:\/\/biogroupvietnam.com\/vi\/wp-json\/wp\/v2\/product_brand?post=3877"},{"taxonomy":"product_cat","embeddable":true,"href":"https:\/\/biogroupvietnam.com\/vi\/wp-json\/wp\/v2\/product_cat?post=3877"},{"taxonomy":"product_tag","embeddable":true,"href":"https:\/\/biogroupvietnam.com\/vi\/wp-json\/wp\/v2\/product_tag?post=3877"}],"curies":[{"name":"wp","href":"https:\/\/api.w.org\/{rel}","templated":true}]}}