{"id":3878,"date":"2025-08-18T19:54:13","date_gmt":"2025-08-18T12:54:13","guid":{"rendered":"http:\/\/biogroupvietnam-worldpress.local\/product\/import-placeholder-for-157\/"},"modified":"2026-04-02T15:24:24","modified_gmt":"2026-04-02T08:24:24","slug":"hausser-scientific-hemocytometer","status":"publish","type":"product","link":"https:\/\/biogroupvietnam.com\/vi\/san-pham\/hausser-scientific-hemocytometer\/","title":{"rendered":"Bu\u1ed3ng \u0110\u1ebfm H\u1ed3ng C\u1ea7u Hausser Scientific\u2122"},"content":{"rendered":"<h3><strong>T\u1ed5ng quan v\u1ec1 bu\u1ed3ng \u0111\u1ebfm h\u1ed3ng c\u1ea7u Hausser\u00a0Scientific\u2122<\/strong><\/h3>\n<p>Bu\u1ed3ng \u0111\u1ebfm h\u1ed3ng c\u1ea7u hay bu\u1ed3ng \u0111\u1ebfm\u00a0t\u1ebf b\u00e0o\u00a0(Hemocytometer)\u00a0Hausser Scientific\u2122 l\u00e0 bu\u1ed3ng \u0111\u1ebfm c\u00f3 2 n\u1eafp k\u00ednh.\u00a0\u0110\u1ebfm t\u1ebf b\u00e0o th\u1ee7 c\u00f4ng v\u1edbi chi ph\u00ed v\u00e0 di\u1ec7n t\u00edch kh\u00f4ng gian ch\u1ec9 b\u1eb1ng m\u1ed9t ph\u1ea7n nh\u1ecf so v\u1edbi m\u00e1y \u0111\u1ebfm t\u1ebf b\u00e0o t\u1ef1 \u0111\u1ed9ng b\u1eb1ng c\u00e1ch s\u1eed d\u1ee5ng Bu\u1ed3ng \u0111\u1ebfm h\u1ed3ng c\u1ea7u Hausser Scientific\u2122 Bright-Line. V\u1edbi c\u1ea5u tr\u00fac m\u1ed9t m\u1ea3nh \u0111\u1ec3 \u0111\u1ea3m b\u1ea3o \u0111\u1ed9 b\u1ec1n l\u00e2u d\u00e0i, bu\u1ed3ng \u0111\u1ebfm \u0111\u01b0\u1ee3c m\u1ea1 kim lo\u1ea1i cho ph\u00e9p x\u00e1c \u0111\u1ecbnh ch\u00ednh x\u00e1c n\u1ed3ng \u0111\u1ed9 t\u1ebf b\u00e0o \u0111\u1ec3 x\u00e1c \u0111\u1ecbnh m\u1eadt \u0111\u1ed9 nu\u00f4i c\u1ea5y ban \u0111\u1ea7u, x\u00e1c \u0111\u1ecbnh t\u1ec9 l\u1ec7 s\u1ed1ng v\u00e0 \u0111\u00e1nh gi\u00e1 k\u1ebft qu\u1ea3 quy tr\u00ecnh ph\u00e2n l\u1eadp t\u1ebf b\u00e0o. Bu\u1ed3ng \u0111\u1ebfm h\u1ed3ng c\u1ea7u \u0111\u01b0\u1ee3c c\u1ea5u t\u1ea1o h\u00ecnh ch\u1eef H, t\u1ea1o th\u00e0nh hai khu v\u1ef1c \u0111\u1ebfm \u2013 hay \u0111\u01b0\u1ee3c g\u1ecdi l\u00e0 \u201cplateaus\u201d. M\u1ed7i \u201cplateau\u201d n\u00e0y c\u00f3 \u0111\u1eb7c t\u00ednh l\u00e0 l\u01b0\u1edbi Neubauer c\u1ea3i ti\u1ebfn, v\u1edbi ph\u1ea7n g\u1ea1ch \u201cV\u201d \u1edf v\u1ecb tr\u00ed n\u1ea1p m\u1eabu t\u1ea1o \u0111i\u1ec1u ki\u1ec7n thu\u1eadn l\u1ee3i cho vi\u1ec7c n\u1ea1p m\u1eabu v\u00e0 gi\u1ea3m nguy c\u01a1 tr\u00e0n v\u00e0o r\u00e3nh. S\u1ef1 ti\u1ebfp x\u00fac c\u1ee7a phi\u1ebfn k\u00ednh ph\u1ee7 ph\u1eb3ng, \u0111\u01b0\u1ee3c \u0111\u00e1nh b\u00f3ng v\u1edbi c\u00e1c gi\u00e1 \u0111\u1ee1 b\u1eb1ng k\u00ednh ph\u1ee7 t\u1ea1o ra m\u1ed9t th\u1ec3 t\u00edch ch\u1ea5t l\u1ecfng ch\u00ednh x\u00e1c tr\u00ean khu v\u1ef1c \u0111\u1ebfm. M\u1ed9t b\u1ec1 m\u1eb7t c\u00f3 v\u1ea1ch k\u1ebb 0,1 mm b\u00ean d\u01b0\u1edbi phi\u1ebfn k\u00ednh ph\u1ee7 gi\u1edbi h\u1ea1n th\u1ec3 t\u00edch m\u00e1u ho\u1eb7c ch\u1ea5t l\u1ecfng v\u1edbi th\u1ec3 t\u00edch 0,1 mm3; th\u1ec3 t\u00edch trong 400 \u00f4 vu\u00f4ng trong m\u1ed7i v\u00f9ng \u0111\u1ebfm l\u00e0\u00a00,00025 mm3. S\u1ef1 kh\u00e1c bi\u1ec7t v\u1ec1 \u0111\u1eb7c t\u00ednh c\u0103ng b\u1ec1 m\u1eb7t gi\u1eefa k\u00ednh ph\u1ee7 v\u00e0 b\u1ec1 m\u1eb7t kim lo\u1ea1i c\u1ee7a bu\u1ed3ng gi\u00fap \u0111\u1ea3m b\u1ea3o vi\u1ec7c mao d\u1eabn, gi\u00fap t\u1ea3i m\u1eabu v\u00e0 ph\u00e2n ph\u1ed1i t\u1ebf b\u00e0o \u0111\u1ed3ng \u0111\u1ec1u trong khu v\u1ef1c \u0111\u1ebfm.<\/p>\n<p>Vi\u1ec7c \u0111\u1ebfm t\u1ebf b\u00e0o c\u00f3 th\u1ec3 \u0111\u01b0\u1ee3c th\u1ef1c hi\u1ec7n b\u1eb1ng c\u00e1ch s\u1eed d\u1ee5ng <a href=\"https:\/\/biogroupvietnam.com\/vi\/products\/nghien-cuu-sinh-hoc\/dem-phan-tich-te-bao\/trypan-blue.html\">Trypan Blue<\/a> (\u0111\u1ec3 bi\u1ebft t\u1ed5ng s\u1ed1 t\u1ebf b\u00e0o c\u1ee7a \u0111\u1ed9ng v\u1eadt c\u00f3 v\u00fa c\u00f2n s\u1ed1ng; Danh m\u1ee5c #07050) ho\u1eb7c Axit axetic 3% v\u1edbi Methylene Blue (\u0111\u1ec3 bi\u1ebft t\u1ed5ng s\u1ed1 t\u1ebf b\u00e0o c\u00f3 nh\u00e2n; Danh m\u1ee5c #07060). Kh\u1ea3 n\u0103ng ph\u1ee5c h\u1ed3i t\u1ebf b\u00e0o c\u00f3 th\u1ec3 \u0111\u01b0\u1ee3c t\u00ednh to\u00e1n d\u1ef1a tr\u00ean s\u1ed1 l\u01b0\u1ee3ng t\u1ebf b\u00e0o tr\u01b0\u1edbc v\u00e0 sau khi ph\u00e2n l\u1eadp. Vi\u1ec7c \u0111\u1ebfm t\u1ebf b\u00e0o s\u1ed1ng n\u00ean \u0111\u01b0\u1ee3c th\u1ef1c hi\u1ec7n khi t\u1ec9 l\u1ec7 t\u1ebf b\u00e0o s\u1ed1ng c\u00f3 th\u1ec3 gi\u1ea3m, v\u00ed d\u1ee5 nh\u01b0 khi t\u1ebf b\u00e0o b\u1ea3o qu\u1ea3n \u0111\u00f4ng l\u1ea1nh ho\u1eb7c thao t\u00e1c b\u00ean ngo\u00e0i c\u01a1 th\u1ec3 s\u1ed1ng (ex vivo).<\/p>\n<p><strong>\u0110\u1eb7c t\u00ednh c\u1ee7a\u00a0bu\u1ed3ng \u0111\u1ebfm h\u1ed3ng c\u1ea7u Hausser Scientific\u2122<\/strong><\/p>\n<ul>\n<li>\u1ee8ng d\u1ee5ng: \u0110\u1ebfm t\u1ebf b\u00e0o<\/li>\n<li>\u0110\u1ed9 s\u00e2u m\u1ed7i \u00f4: 0,100mm +\/- 2% (1\/10mm)<\/li>\n<li>Th\u1ec3 t\u00edch: 0,1 Microliter<\/li>\n<li>M\u1eabu l\u01b0\u1edbi k\u1ebb: Neubauer c\u1ea3i ti\u1ebfn, 1\/400 mm vu\u00f4ng<\/li>\n<\/ul>\n<p>C\u00e1c l\u01b0\u1edbi k\u1ebb bao g\u1ed3m 9 milim\u00e9t vu\u00f4ng. C\u00e1c \u0111\u01b0\u1eddng ranh gi\u1edbi c\u1ee7a l\u01b0\u1edbi k\u1ebb Neubauer l\u00e0 c\u00e1c \u0111\u01b0\u1eddng trung t\u00e2m c\u1ee7a c\u00e1c nh\u00f3m ba. (Nh\u1eefng \u0111i\u1ec1u n\u00e0y \u0111\u01b0\u1ee3c ch\u1ec9 ra trong h\u00ecnh minh h\u1ecda b\u00ean d\u01b0\u1edbi.) H\u00ecnh vu\u00f4ng trung t\u00e2m \u0111\u01b0\u1ee3c chia th\u00e0nh 25 nh\u00f3m, v\u1edbi m\u1ed7i nh\u00f3m c\u00f3 16 \u00f4 vu\u00f4ng nh\u1ecf, m\u1ed7i nh\u00f3m \u0111\u01b0\u1ee3c ph\u00e2n t\u00e1ch b\u1eb1ng ba \u0111\u01b0\u1eddng k\u1ebb, \u0111\u01b0\u1eddng k\u1ebb \u1edf gi\u1eefa l\u00e0 ranh gi\u1edbi. B\u1ec1 m\u1eb7t \u0111\u01b0\u1ee3c k\u1ebb v\u1ea1ch n\u1eb1m b\u00ean d\u01b0\u1edbi t\u1ea5m k\u00ednh che l\u00e0 0,1 mm, do \u0111\u00f3 th\u1ec3 t\u00edch tr\u00ean m\u1ed7i \u00f4 vu\u00f4ng nh\u1ecf trong s\u1ed1 16 \u00f4 vu\u00f4ng nh\u1ecf l\u00e0 0,00025 mm kh\u1ed1i.<\/p>\n<p style=\"text-align: center;\"><img fetchpriority=\"high\" decoding=\"async\" src=\"https:\/\/biogroupvietnam.com\/uploads\/ataFB0bvpN2mkc4aHGUb3TKiEyElmhbfymJmW9IS.png\" alt=\"\" width=\"341\" height=\"247\" \/><\/p>\n<h3><strong>Th\u00f4ng tin \u0111\u1eb7t h\u00e0ng<\/strong><\/h3>\n<ul>\n<li>Bu\u1ed3ng \u0111\u1ebfm h\u1ed3ng c\u1ea7u hay bu\u1ed3ng \u0111\u1ebfm\u00a0t\u1ebf b\u00e0o\u00a0(Hemocytometer)\u00a0Hausser Scientific\u2122 (catalog # 100-1181).<\/li>\n<\/ul>\n","protected":false},"excerpt":{"rendered":"<p>T\u1ed5ng quan v\u1ec1 bu\u1ed3ng \u0111\u1ebfm h\u1ed3ng c\u1ea7u Hausser\u00a0Scientific\u2122 Bu\u1ed3ng \u0111\u1ebfm h\u1ed3ng c\u1ea7u hay bu\u1ed3ng \u0111\u1ebfm\u00a0t\u1ebf b\u00e0o\u00a0(Hemocytometer)\u00a0Hausser Scientific\u2122 l\u00e0 bu\u1ed3ng \u0111\u1ebfm c\u00f3 2 n\u1eafp k\u00ednh.\u00a0\u0110\u1ebfm t\u1ebf b\u00e0o th\u1ee7 c\u00f4ng v\u1edbi chi ph\u00ed v\u00e0 di\u1ec7n t\u00edch kh\u00f4ng gian ch\u1ec9 b\u1eb1ng m\u1ed9t ph\u1ea7n nh\u1ecf so v\u1edbi m\u00e1y \u0111\u1ebfm t\u1ebf b\u00e0o t\u1ef1 \u0111\u1ed9ng b\u1eb1ng c\u00e1ch s\u1eed d\u1ee5ng Bu\u1ed3ng \u0111\u1ebfm<\/p>\n<div class=\"klb-readmore post-buttons\"><a class=\"button rounded primary\" href=\"https:\/\/biogroupvietnam.com\/vi\/san-pham\/hausser-scientific-hemocytometer\/\">Read More <i class=\"klbth-icon-right-arrow\"><\/i><\/a><\/div>\n","protected":false},"featured_media":10167,"comment_status":"closed","ping_status":"closed","template":"","meta":{"_acf_changed":false},"product_brand":[127],"product_cat":[111],"product_tag":[],"class_list":{"0":"post-3878","1":"product","2":"type-product","3":"status-publish","4":"has-post-thumbnail","6":"product_brand-stemcell-technologies","7":"product_cat-dem-phan-tich-te-bao","9":"first","10":"outofstock","11":"shipping-taxable","12":"product-type-simple"},"acf":[],"yoast_head":"<!-- This site is optimized with the Yoast SEO plugin v26.8 - https:\/\/yoast.com\/product\/yoast-seo-wordpress\/ -->\n<title>Bu\u1ed3ng \u0110\u1ebfm H\u1ed3ng C\u1ea7u Hausser Scientific\u2122<\/title>\n<meta name=\"description\" content=\"Bu\u1ed3ng \u0111\u1ebfm h\u1ed3ng c\u1ea7u hay bu\u1ed3ng \u0111\u1ebfm\u00a0t\u1ebf b\u00e0o\u00a0(Hemocytometer)\u00a0Hausser Scientific\u2122 l\u00e0 bu\u1ed3ng \u0111\u1ebfm c\u00f3 2 n\u1eafp k\u00ednh.\" \/>\n<meta name=\"robots\" content=\"index, follow, max-snippet:-1, max-image-preview:large, max-video-preview:-1\" \/>\n<link rel=\"canonical\" href=\"https:\/\/biogroupvietnam.com\/vi\/san-pham\/hausser-scientific-hemocytometer\/\" \/>\n<meta property=\"og:locale\" content=\"vi_VN\" \/>\n<meta property=\"og:type\" content=\"article\" \/>\n<meta property=\"og:title\" content=\"Bu\u1ed3ng \u0110\u1ebfm H\u1ed3ng C\u1ea7u Hausser Scientific\u2122\" \/>\n<meta property=\"og:description\" content=\"Bu\u1ed3ng \u0111\u1ebfm h\u1ed3ng c\u1ea7u hay bu\u1ed3ng \u0111\u1ebfm\u00a0t\u1ebf b\u00e0o\u00a0(Hemocytometer)\u00a0Hausser Scientific\u2122 l\u00e0 bu\u1ed3ng \u0111\u1ebfm c\u00f3 2 n\u1eafp k\u00ednh.\" \/>\n<meta property=\"og:url\" content=\"https:\/\/biogroupvietnam.com\/vi\/san-pham\/hausser-scientific-hemocytometer\/\" \/>\n<meta property=\"og:site_name\" content=\"Biogroup Vietnam\" \/>\n<meta property=\"article:modified_time\" content=\"2026-04-02T08:24:24+00:00\" \/>\n<meta property=\"og:image\" content=\"https:\/\/biogroupvietnam.com\/wp-content\/uploads\/2025\/08\/buong-dem-hong-cau-hausser-scientific.jpg\" \/>\n\t<meta property=\"og:image:width\" content=\"1640\" \/>\n\t<meta property=\"og:image:height\" content=\"1260\" \/>\n\t<meta property=\"og:image:type\" content=\"image\/jpeg\" \/>\n<meta name=\"twitter:card\" content=\"summary_large_image\" \/>\n<meta name=\"twitter:label1\" content=\"\u01af\u1edbc t\u00ednh th\u1eddi gian \u0111\u1ecdc\" \/>\n\t<meta name=\"twitter:data1\" content=\"4 ph\u00fat\" \/>\n<script type=\"application\/ld+json\" class=\"yoast-schema-graph\">{\"@context\":\"https:\/\/schema.org\",\"@graph\":[{\"@type\":\"WebPage\",\"@id\":\"https:\/\/biogroupvietnam.com\/vi\/san-pham\/hausser-scientific-hemocytometer\/\",\"url\":\"https:\/\/biogroupvietnam.com\/vi\/san-pham\/hausser-scientific-hemocytometer\/\",\"name\":\"Bu\u1ed3ng \u0110\u1ebfm H\u1ed3ng C\u1ea7u Hausser Scientific\u2122\",\"isPartOf\":{\"@id\":\"https:\/\/biogroupvietnam.com\/vi\/#website\"},\"primaryImageOfPage\":{\"@id\":\"https:\/\/biogroupvietnam.com\/vi\/san-pham\/hausser-scientific-hemocytometer\/#primaryimage\"},\"image\":{\"@id\":\"https:\/\/biogroupvietnam.com\/vi\/san-pham\/hausser-scientific-hemocytometer\/#primaryimage\"},\"thumbnailUrl\":\"https:\/\/biogroupvietnam.com\/wp-content\/uploads\/2025\/08\/buong-dem-hong-cau-hausser-scientific.jpg\",\"datePublished\":\"2025-08-18T12:54:13+00:00\",\"dateModified\":\"2026-04-02T08:24:24+00:00\",\"description\":\"Bu\u1ed3ng \u0111\u1ebfm h\u1ed3ng c\u1ea7u hay bu\u1ed3ng \u0111\u1ebfm\u00a0t\u1ebf b\u00e0o\u00a0(Hemocytometer)\u00a0Hausser Scientific\u2122 l\u00e0 bu\u1ed3ng \u0111\u1ebfm c\u00f3 2 n\u1eafp k\u00ednh.\",\"breadcrumb\":{\"@id\":\"https:\/\/biogroupvietnam.com\/vi\/san-pham\/hausser-scientific-hemocytometer\/#breadcrumb\"},\"inLanguage\":\"vi\",\"potentialAction\":[{\"@type\":\"ReadAction\",\"target\":[\"https:\/\/biogroupvietnam.com\/vi\/san-pham\/hausser-scientific-hemocytometer\/\"]}]},{\"@type\":\"ImageObject\",\"inLanguage\":\"vi\",\"@id\":\"https:\/\/biogroupvietnam.com\/vi\/san-pham\/hausser-scientific-hemocytometer\/#primaryimage\",\"url\":\"https:\/\/biogroupvietnam.com\/wp-content\/uploads\/2025\/08\/buong-dem-hong-cau-hausser-scientific.jpg\",\"contentUrl\":\"https:\/\/biogroupvietnam.com\/wp-content\/uploads\/2025\/08\/buong-dem-hong-cau-hausser-scientific.jpg\",\"width\":1640,\"height\":1260,\"caption\":\"Bu\u1ed3ng \u0110\u1ebfm H\u1ed3ng C\u1ea7u Hausser Scientific\u2122\"},{\"@type\":\"BreadcrumbList\",\"@id\":\"https:\/\/biogroupvietnam.com\/vi\/san-pham\/hausser-scientific-hemocytometer\/#breadcrumb\",\"itemListElement\":[{\"@type\":\"ListItem\",\"position\":1,\"name\":\"Trang ch\u1ee7\",\"item\":\"https:\/\/biogroupvietnam.com\/vi\/\"},{\"@type\":\"ListItem\",\"position\":2,\"name\":\"S\u1ea3n ph\u1ea9m\",\"item\":\"https:\/\/biogroupvietnam.com\/vi\/san-pham\/\"},{\"@type\":\"ListItem\",\"position\":3,\"name\":\"R&amp;D Sinh H\u1ecdc\",\"item\":\"https:\/\/biogroupvietnam.com\/vi\/danh-muc-san-pham\/rd-sinh-hoc\/\"},{\"@type\":\"ListItem\",\"position\":4,\"name\":\"\u0110\u1ebfm &amp; Ph\u00e2n T\u00edch T\u1ebf B\u00e0o\",\"item\":\"https:\/\/biogroupvietnam.com\/vi\/danh-muc-san-pham\/dem-phan-tich-te-bao\/\"},{\"@type\":\"ListItem\",\"position\":5,\"name\":\"Bu\u1ed3ng \u0110\u1ebfm H\u1ed3ng C\u1ea7u Hausser Scientific\u2122\"}]},{\"@type\":\"WebSite\",\"@id\":\"https:\/\/biogroupvietnam.com\/vi\/#website\",\"url\":\"https:\/\/biogroupvietnam.com\/vi\/\",\"name\":\"Biogroup Vietnam\",\"description\":\"Biogroup Vietnam cung c\u1ea5p d\u1ecbch v\u1ee5 k\u1ef9 thu\u1eadt c\u00f9ng thi\u1ebft b\u1ecb, v\u1eadt t\u01b0, h\u00f3a ch\u1ea5t v\u00e0 gi\u1ea3i ph\u00e1p sinh h\u1ecdc cho ph\u00f2ng th\u00ed nghi\u1ec7m c\u00f4ng ngh\u1ec7 sinh h\u1ecdc, y sinh v\u00e0 y h\u1ecdc t\u00e1i t\u1ea1o.\",\"potentialAction\":[{\"@type\":\"SearchAction\",\"target\":{\"@type\":\"EntryPoint\",\"urlTemplate\":\"https:\/\/biogroupvietnam.com\/vi\/?s={search_term_string}\"},\"query-input\":{\"@type\":\"PropertyValueSpecification\",\"valueRequired\":true,\"valueName\":\"search_term_string\"}}],\"inLanguage\":\"vi\"}]}<\/script>\n<!-- \/ Yoast SEO plugin. -->","yoast_head_json":{"title":"Bu\u1ed3ng \u0110\u1ebfm H\u1ed3ng C\u1ea7u Hausser Scientific\u2122","description":"Bu\u1ed3ng \u0111\u1ebfm h\u1ed3ng c\u1ea7u hay bu\u1ed3ng \u0111\u1ebfm\u00a0t\u1ebf b\u00e0o\u00a0(Hemocytometer)\u00a0Hausser Scientific\u2122 l\u00e0 bu\u1ed3ng \u0111\u1ebfm c\u00f3 2 n\u1eafp k\u00ednh.","robots":{"index":"index","follow":"follow","max-snippet":"max-snippet:-1","max-image-preview":"max-image-preview:large","max-video-preview":"max-video-preview:-1"},"canonical":"https:\/\/biogroupvietnam.com\/vi\/san-pham\/hausser-scientific-hemocytometer\/","og_locale":"vi_VN","og_type":"article","og_title":"Bu\u1ed3ng \u0110\u1ebfm H\u1ed3ng C\u1ea7u Hausser Scientific\u2122","og_description":"Bu\u1ed3ng \u0111\u1ebfm h\u1ed3ng c\u1ea7u hay bu\u1ed3ng \u0111\u1ebfm\u00a0t\u1ebf b\u00e0o\u00a0(Hemocytometer)\u00a0Hausser Scientific\u2122 l\u00e0 bu\u1ed3ng \u0111\u1ebfm c\u00f3 2 n\u1eafp k\u00ednh.","og_url":"https:\/\/biogroupvietnam.com\/vi\/san-pham\/hausser-scientific-hemocytometer\/","og_site_name":"Biogroup Vietnam","article_modified_time":"2026-04-02T08:24:24+00:00","og_image":[{"width":1640,"height":1260,"url":"https:\/\/biogroupvietnam.com\/wp-content\/uploads\/2025\/08\/buong-dem-hong-cau-hausser-scientific.jpg","type":"image\/jpeg"}],"twitter_card":"summary_large_image","twitter_misc":{"\u01af\u1edbc t\u00ednh th\u1eddi gian \u0111\u1ecdc":"4 ph\u00fat"},"schema":{"@context":"https:\/\/schema.org","@graph":[{"@type":"WebPage","@id":"https:\/\/biogroupvietnam.com\/vi\/san-pham\/hausser-scientific-hemocytometer\/","url":"https:\/\/biogroupvietnam.com\/vi\/san-pham\/hausser-scientific-hemocytometer\/","name":"Bu\u1ed3ng \u0110\u1ebfm H\u1ed3ng C\u1ea7u Hausser Scientific\u2122","isPartOf":{"@id":"https:\/\/biogroupvietnam.com\/vi\/#website"},"primaryImageOfPage":{"@id":"https:\/\/biogroupvietnam.com\/vi\/san-pham\/hausser-scientific-hemocytometer\/#primaryimage"},"image":{"@id":"https:\/\/biogroupvietnam.com\/vi\/san-pham\/hausser-scientific-hemocytometer\/#primaryimage"},"thumbnailUrl":"https:\/\/biogroupvietnam.com\/wp-content\/uploads\/2025\/08\/buong-dem-hong-cau-hausser-scientific.jpg","datePublished":"2025-08-18T12:54:13+00:00","dateModified":"2026-04-02T08:24:24+00:00","description":"Bu\u1ed3ng \u0111\u1ebfm h\u1ed3ng c\u1ea7u hay bu\u1ed3ng \u0111\u1ebfm\u00a0t\u1ebf b\u00e0o\u00a0(Hemocytometer)\u00a0Hausser Scientific\u2122 l\u00e0 bu\u1ed3ng \u0111\u1ebfm c\u00f3 2 n\u1eafp k\u00ednh.","breadcrumb":{"@id":"https:\/\/biogroupvietnam.com\/vi\/san-pham\/hausser-scientific-hemocytometer\/#breadcrumb"},"inLanguage":"vi","potentialAction":[{"@type":"ReadAction","target":["https:\/\/biogroupvietnam.com\/vi\/san-pham\/hausser-scientific-hemocytometer\/"]}]},{"@type":"ImageObject","inLanguage":"vi","@id":"https:\/\/biogroupvietnam.com\/vi\/san-pham\/hausser-scientific-hemocytometer\/#primaryimage","url":"https:\/\/biogroupvietnam.com\/wp-content\/uploads\/2025\/08\/buong-dem-hong-cau-hausser-scientific.jpg","contentUrl":"https:\/\/biogroupvietnam.com\/wp-content\/uploads\/2025\/08\/buong-dem-hong-cau-hausser-scientific.jpg","width":1640,"height":1260,"caption":"Bu\u1ed3ng \u0110\u1ebfm H\u1ed3ng C\u1ea7u Hausser Scientific\u2122"},{"@type":"BreadcrumbList","@id":"https:\/\/biogroupvietnam.com\/vi\/san-pham\/hausser-scientific-hemocytometer\/#breadcrumb","itemListElement":[{"@type":"ListItem","position":1,"name":"Trang ch\u1ee7","item":"https:\/\/biogroupvietnam.com\/vi\/"},{"@type":"ListItem","position":2,"name":"S\u1ea3n ph\u1ea9m","item":"https:\/\/biogroupvietnam.com\/vi\/san-pham\/"},{"@type":"ListItem","position":3,"name":"R&amp;D Sinh H\u1ecdc","item":"https:\/\/biogroupvietnam.com\/vi\/danh-muc-san-pham\/rd-sinh-hoc\/"},{"@type":"ListItem","position":4,"name":"\u0110\u1ebfm &amp; Ph\u00e2n T\u00edch T\u1ebf B\u00e0o","item":"https:\/\/biogroupvietnam.com\/vi\/danh-muc-san-pham\/dem-phan-tich-te-bao\/"},{"@type":"ListItem","position":5,"name":"Bu\u1ed3ng \u0110\u1ebfm H\u1ed3ng C\u1ea7u Hausser Scientific\u2122"}]},{"@type":"WebSite","@id":"https:\/\/biogroupvietnam.com\/vi\/#website","url":"https:\/\/biogroupvietnam.com\/vi\/","name":"Biogroup Vietnam","description":"Biogroup Vietnam cung c\u1ea5p d\u1ecbch v\u1ee5 k\u1ef9 thu\u1eadt c\u00f9ng thi\u1ebft b\u1ecb, v\u1eadt t\u01b0, h\u00f3a ch\u1ea5t v\u00e0 gi\u1ea3i ph\u00e1p sinh h\u1ecdc cho ph\u00f2ng th\u00ed nghi\u1ec7m c\u00f4ng ngh\u1ec7 sinh h\u1ecdc, y sinh v\u00e0 y h\u1ecdc t\u00e1i t\u1ea1o.","potentialAction":[{"@type":"SearchAction","target":{"@type":"EntryPoint","urlTemplate":"https:\/\/biogroupvietnam.com\/vi\/?s={search_term_string}"},"query-input":{"@type":"PropertyValueSpecification","valueRequired":true,"valueName":"search_term_string"}}],"inLanguage":"vi"}]}},"_links":{"self":[{"href":"https:\/\/biogroupvietnam.com\/vi\/wp-json\/wp\/v2\/product\/3878","targetHints":{"allow":["GET"]}}],"collection":[{"href":"https:\/\/biogroupvietnam.com\/vi\/wp-json\/wp\/v2\/product"}],"about":[{"href":"https:\/\/biogroupvietnam.com\/vi\/wp-json\/wp\/v2\/types\/product"}],"replies":[{"embeddable":true,"href":"https:\/\/biogroupvietnam.com\/vi\/wp-json\/wp\/v2\/comments?post=3878"}],"version-history":[{"count":3,"href":"https:\/\/biogroupvietnam.com\/vi\/wp-json\/wp\/v2\/product\/3878\/revisions"}],"predecessor-version":[{"id":10168,"href":"https:\/\/biogroupvietnam.com\/vi\/wp-json\/wp\/v2\/product\/3878\/revisions\/10168"}],"wp:featuredmedia":[{"embeddable":true,"href":"https:\/\/biogroupvietnam.com\/vi\/wp-json\/wp\/v2\/media\/10167"}],"wp:attachment":[{"href":"https:\/\/biogroupvietnam.com\/vi\/wp-json\/wp\/v2\/media?parent=3878"}],"wp:term":[{"taxonomy":"product_brand","embeddable":true,"href":"https:\/\/biogroupvietnam.com\/vi\/wp-json\/wp\/v2\/product_brand?post=3878"},{"taxonomy":"product_cat","embeddable":true,"href":"https:\/\/biogroupvietnam.com\/vi\/wp-json\/wp\/v2\/product_cat?post=3878"},{"taxonomy":"product_tag","embeddable":true,"href":"https:\/\/biogroupvietnam.com\/vi\/wp-json\/wp\/v2\/product_tag?post=3878"}],"curies":[{"name":"wp","href":"https:\/\/api.w.org\/{rel}","templated":true}]}}