{"id":3881,"date":"2025-08-18T19:54:14","date_gmt":"2025-08-18T12:54:14","guid":{"rendered":"http:\/\/biogroupvietnam-worldpress.local\/product\/import-placeholder-for-160\/"},"modified":"2025-11-12T18:29:27","modified_gmt":"2025-11-12T11:29:27","slug":"bo-dien-di-ngang-nho","status":"publish","type":"product","link":"https:\/\/biogroupvietnam.com\/vi\/san-pham\/bo-dien-di-ngang-nho\/","title":{"rendered":"B\u1ed9 \u0111i\u1ec7n di ngang nh\u1ecf"},"content":{"rendered":"<h3><strong>B\u1ed9 \u0111i\u1ec7n di ngang nh\u1ecf, model: E1201-PS<\/strong><\/h3>\n<ul>\n<li>\n<p style=\"text-align: justify;\">B\u1ed9 \u0111i\u1ec7n di myGel Mini bao g\u1ed3m t\u1ea5t c\u1ea3 c\u00e1c thi\u1ebft b\u1ecb c\u1ea7n thi\u1ebft \u0111\u1ec3 thi\u1ebft l\u1eadp v\u00e0 v\u1eadn h\u00e0nh qu\u00e1 tr\u00ecnh \u0111i\u1ec7n di \u00a0nh\u01b0: b\u1ec3 \u0111\u1eb7t gel (gel tank), b\u1ed9 ngu\u1ed3n v\u00e0 hai b\u1ed9 khu\u00f4n \u0111\u1ed5 gel.<\/p>\n<\/li>\n<li>\n<p style=\"text-align: justify;\">L\u00fd t\u01b0\u1edfng cho m\u1ee5c \u0111\u00edch s\u1eed d\u1ee5ng c\u00e1 nh\u00e2n, ph\u00f2ng th\u00ed nghi\u1ec7m nh\u1ecf ho\u1eb7c l\u1edbp h\u1ecdc.<\/p>\n<\/li>\n<li>\n<p style=\"text-align: justify;\">B\u1ec3 \u0111\u1eb7t gel \u0111\u01b0\u1ee3c g\u1eafn tr\u1ef1c ti\u1ebfp v\u00e0o ngu\u1ed3n \u0111i\u1ec7n, cho k\u1ebft n\u1ed1i an to\u00e0n m\u1ecdi l\u00fac m\u1ecdi n\u01a1i.<\/p>\n<\/li>\n<li>\n<p style=\"text-align: justify;\">C\u00e1c th\u00f4ng s\u1ed1 \u0111i\u1ec7n \u00e1p t\u00f9y ch\u1ecdn: 35V, 50V ho\u1eb7c 100V.<\/p>\n<\/li>\n<li>\n<p style=\"text-align: justify;\">C\u00e0i \u0111\u1eb7t th\u1eddi gian t\u1ed1i \u0111a 99 ph\u00fat.<\/p>\n<\/li>\n<li>\n<p style=\"text-align: justify;\">N\u1eafp an to\u00e0n v\u1edbi c\u00e1c khe th\u00f4ng h\u01a1i, gi\u00fap t\u1ea3n nhi\u1ec7t t\u1ea1o ra trong qu\u00e1 tr\u00ecnh \u0111i\u1ec7n di v\u00e0 c\u00f3 khu v\u1ef1c quan s\u00e1t ph\u00eda tr\u00ean gel.<\/p>\n<\/li>\n<li>\n<p style=\"text-align: justify;\">D\u00f2ng \u0111i\u1ec7n s\u1ebd ch\u1ec9 ch\u1ea1y qua h\u1ec7 th\u1ed1ng khi n\u1eafp \u0111\u01b0\u1ee3c \u0111\u1eb7t \u0111\u00fang v\u1ecb tr\u00ed tr\u00ean gel box.<\/p>\n<\/li>\n<li>\n<p style=\"text-align: justify;\">B\u1ed9 khu\u00f4n \u0111\u1ed5 gel cho ph\u00e9p t\u1ea1o ra 2 k\u00edch th\u01b0\u1edbc gel kh\u00e1c nhau: gel l\u1edbn (10,5 x 6 cm) v\u00e0 gel nh\u1ecf (5 x 6 cm).<\/p>\n<\/li>\n<li>\n<p style=\"text-align: justify;\">Thi\u1ebft b\u1ecb nh\u1ecf g\u1ecdn, d\u1ec5 s\u1eed d\u1ee5ng, ti\u1ebft ki\u1ec7m th\u1eddi gian.<\/p>\n<\/li>\n<li>\n<p style=\"text-align: justify;\">C\u00e1c khay \u0111\u1eb7t gel c\u00f3 d\u1ea3i m\u00e0u t\u01b0\u01a1ng ph\u1ea3n t\u1ed1i, gi\u00fap d\u1ec5 quan s\u00e1t v\u00e0 \u0111\u1ecbnh v\u1ecb c\u00e1c gi\u1ebfng trong thao t\u00e1c n\u1ea1p m\u1eabu v\u00e0 theo d\u00f5i ti\u1ebfn tr\u00ecnh ch\u1ea1y c\u1ee7a m\u1eabu<\/p>\n<\/li>\n<\/ul>\n<h3 style=\"text-align: justify;\"><strong>Cung c\u1ea5p bao g\u1ed3m:<\/strong><\/h3>\n<ul>\n<li>\n<p style=\"text-align: justify;\">B\u1ec3 \u0111\u1eb7t gel<\/p>\n<\/li>\n<li>\n<p style=\"text-align: justify;\">B\u1ed9 ngu\u1ed3n c\u1ea5p \u0111i\u1ec7n<\/p>\n<\/li>\n<li>\n<p style=\"text-align: justify;\">B\u1ed9 khu\u00f4n \u0111\u1ed5 gel<\/p>\n<\/li>\n<\/ul>\n","protected":false},"excerpt":{"rendered":"<p>B\u1ed9 \u0111i\u1ec7n di ngang nh\u1ecf, model: E1201-PS B\u1ed9 \u0111i\u1ec7n di myGel Mini bao g\u1ed3m t\u1ea5t c\u1ea3 c\u00e1c thi\u1ebft b\u1ecb c\u1ea7n thi\u1ebft \u0111\u1ec3 thi\u1ebft l\u1eadp v\u00e0 v\u1eadn h\u00e0nh qu\u00e1 tr\u00ecnh \u0111i\u1ec7n di \u00a0nh\u01b0: b\u1ec3 \u0111\u1eb7t gel (gel tank), b\u1ed9 ngu\u1ed3n v\u00e0 hai b\u1ed9 khu\u00f4n \u0111\u1ed5 gel. L\u00fd t\u01b0\u1edfng cho m\u1ee5c \u0111\u00edch s\u1eed d\u1ee5ng c\u00e1 nh\u00e2n, ph\u00f2ng<\/p>\n<div class=\"klb-readmore post-buttons\"><a class=\"button rounded primary\" href=\"https:\/\/biogroupvietnam.com\/vi\/san-pham\/bo-dien-di-ngang-nho\/\">Read More <i class=\"klbth-icon-right-arrow\"><\/i><\/a><\/div>\n","protected":false},"featured_media":8894,"comment_status":"closed","ping_status":"closed","template":"","meta":{"_acf_changed":false},"product_brand":[138],"product_cat":[116],"product_tag":[],"class_list":{"0":"post-3881","1":"product","2":"type-product","3":"status-publish","4":"has-post-thumbnail","6":"product_brand-benchmark-scientific","7":"product_cat-sinh-hoc-phan-tu","9":"first","10":"outofstock","11":"shipping-taxable","12":"product-type-simple"},"acf":[],"yoast_head":"<!-- This site is optimized with the Yoast SEO plugin v26.8 - https:\/\/yoast.com\/product\/yoast-seo-wordpress\/ -->\n<title>B\u1ed9 \u0111i\u1ec7n di ngang nh\u1ecf<\/title>\n<meta name=\"description\" content=\"B\u1ed9 \u0111i\u1ec7n di myGel Mini bao g\u1ed3m t\u1ea5t c\u1ea3 c\u00e1c thi\u1ebft b\u1ecb c\u1ea7n thi\u1ebft \u0111\u1ec3 thi\u1ebft l\u1eadp v\u00e0 v\u1eadn h\u00e0nh qu\u00e1 tr\u00ecnh \u0111i\u1ec7n di nh\u01b0: b\u1ec3 \u0111\u1eb7t gel (gel tank), b\u1ed9 ngu\u1ed3n v\u00e0 hai b\u1ed9 khu\u00f4n \u0111\u1ed5 gel.\" \/>\n<meta name=\"robots\" content=\"index, follow, max-snippet:-1, max-image-preview:large, max-video-preview:-1\" \/>\n<link rel=\"canonical\" href=\"https:\/\/biogroupvietnam.com\/vi\/san-pham\/bo-dien-di-ngang-nho\/\" \/>\n<meta property=\"og:locale\" content=\"vi_VN\" \/>\n<meta property=\"og:type\" content=\"article\" \/>\n<meta property=\"og:title\" content=\"B\u1ed9 \u0111i\u1ec7n di ngang nh\u1ecf\" \/>\n<meta property=\"og:description\" content=\"B\u1ed9 \u0111i\u1ec7n di myGel Mini bao g\u1ed3m t\u1ea5t c\u1ea3 c\u00e1c thi\u1ebft b\u1ecb c\u1ea7n thi\u1ebft \u0111\u1ec3 thi\u1ebft l\u1eadp v\u00e0 v\u1eadn h\u00e0nh qu\u00e1 tr\u00ecnh \u0111i\u1ec7n di nh\u01b0: b\u1ec3 \u0111\u1eb7t gel (gel tank), b\u1ed9 ngu\u1ed3n v\u00e0 hai b\u1ed9 khu\u00f4n \u0111\u1ed5 gel.\" \/>\n<meta property=\"og:url\" content=\"https:\/\/biogroupvietnam.com\/vi\/san-pham\/bo-dien-di-ngang-nho\/\" \/>\n<meta property=\"og:site_name\" content=\"Biogroup Vietnam\" \/>\n<meta property=\"article:modified_time\" content=\"2025-11-12T11:29:27+00:00\" \/>\n<meta property=\"og:image\" content=\"https:\/\/biogroupvietnam.com\/wp-content\/uploads\/2025\/08\/myGel-Mini-electrophoresis-system.jpg\" \/>\n\t<meta property=\"og:image:width\" content=\"1640\" \/>\n\t<meta property=\"og:image:height\" content=\"1260\" \/>\n\t<meta property=\"og:image:type\" content=\"image\/jpeg\" \/>\n<meta name=\"twitter:card\" content=\"summary_large_image\" \/>\n<meta name=\"twitter:label1\" content=\"\u01af\u1edbc t\u00ednh th\u1eddi gian \u0111\u1ecdc\" \/>\n\t<meta name=\"twitter:data1\" content=\"2 ph\u00fat\" \/>\n<script type=\"application\/ld+json\" class=\"yoast-schema-graph\">{\"@context\":\"https:\/\/schema.org\",\"@graph\":[{\"@type\":\"WebPage\",\"@id\":\"https:\/\/biogroupvietnam.com\/vi\/san-pham\/bo-dien-di-ngang-nho\/\",\"url\":\"https:\/\/biogroupvietnam.com\/vi\/san-pham\/bo-dien-di-ngang-nho\/\",\"name\":\"B\u1ed9 \u0111i\u1ec7n di ngang nh\u1ecf\",\"isPartOf\":{\"@id\":\"https:\/\/biogroupvietnam.com\/vi\/#website\"},\"primaryImageOfPage\":{\"@id\":\"https:\/\/biogroupvietnam.com\/vi\/san-pham\/bo-dien-di-ngang-nho\/#primaryimage\"},\"image\":{\"@id\":\"https:\/\/biogroupvietnam.com\/vi\/san-pham\/bo-dien-di-ngang-nho\/#primaryimage\"},\"thumbnailUrl\":\"https:\/\/biogroupvietnam.com\/wp-content\/uploads\/2025\/08\/myGel-Mini-electrophoresis-system.jpg\",\"datePublished\":\"2025-08-18T12:54:14+00:00\",\"dateModified\":\"2025-11-12T11:29:27+00:00\",\"description\":\"B\u1ed9 \u0111i\u1ec7n di myGel Mini bao g\u1ed3m t\u1ea5t c\u1ea3 c\u00e1c thi\u1ebft b\u1ecb c\u1ea7n thi\u1ebft \u0111\u1ec3 thi\u1ebft l\u1eadp v\u00e0 v\u1eadn h\u00e0nh qu\u00e1 tr\u00ecnh \u0111i\u1ec7n di nh\u01b0: b\u1ec3 \u0111\u1eb7t gel (gel tank), b\u1ed9 ngu\u1ed3n v\u00e0 hai b\u1ed9 khu\u00f4n \u0111\u1ed5 gel.\",\"breadcrumb\":{\"@id\":\"https:\/\/biogroupvietnam.com\/vi\/san-pham\/bo-dien-di-ngang-nho\/#breadcrumb\"},\"inLanguage\":\"vi\",\"potentialAction\":[{\"@type\":\"ReadAction\",\"target\":[\"https:\/\/biogroupvietnam.com\/vi\/san-pham\/bo-dien-di-ngang-nho\/\"]}]},{\"@type\":\"ImageObject\",\"inLanguage\":\"vi\",\"@id\":\"https:\/\/biogroupvietnam.com\/vi\/san-pham\/bo-dien-di-ngang-nho\/#primaryimage\",\"url\":\"https:\/\/biogroupvietnam.com\/wp-content\/uploads\/2025\/08\/myGel-Mini-electrophoresis-system.jpg\",\"contentUrl\":\"https:\/\/biogroupvietnam.com\/wp-content\/uploads\/2025\/08\/myGel-Mini-electrophoresis-system.jpg\",\"width\":1640,\"height\":1260},{\"@type\":\"BreadcrumbList\",\"@id\":\"https:\/\/biogroupvietnam.com\/vi\/san-pham\/bo-dien-di-ngang-nho\/#breadcrumb\",\"itemListElement\":[{\"@type\":\"ListItem\",\"position\":1,\"name\":\"Trang ch\u1ee7\",\"item\":\"https:\/\/biogroupvietnam.com\/vi\/\"},{\"@type\":\"ListItem\",\"position\":2,\"name\":\"S\u1ea3n ph\u1ea9m\",\"item\":\"https:\/\/biogroupvietnam.com\/vi\/san-pham\/\"},{\"@type\":\"ListItem\",\"position\":3,\"name\":\"R&amp;D Sinh H\u1ecdc\",\"item\":\"https:\/\/biogroupvietnam.com\/vi\/danh-muc-san-pham\/rd-sinh-hoc\/\"},{\"@type\":\"ListItem\",\"position\":4,\"name\":\"Sinh H\u1ecdc Ph\u00e2n T\u1eed\",\"item\":\"https:\/\/biogroupvietnam.com\/vi\/danh-muc-san-pham\/sinh-hoc-phan-tu\/\"},{\"@type\":\"ListItem\",\"position\":5,\"name\":\"B\u1ed9 \u0111i\u1ec7n di ngang nh\u1ecf\"}]},{\"@type\":\"WebSite\",\"@id\":\"https:\/\/biogroupvietnam.com\/vi\/#website\",\"url\":\"https:\/\/biogroupvietnam.com\/vi\/\",\"name\":\"Biogroup Vietnam\",\"description\":\"Biogroup Vietnam cung c\u1ea5p d\u1ecbch v\u1ee5 k\u1ef9 thu\u1eadt c\u00f9ng thi\u1ebft b\u1ecb, v\u1eadt t\u01b0, h\u00f3a ch\u1ea5t v\u00e0 gi\u1ea3i ph\u00e1p sinh h\u1ecdc cho ph\u00f2ng th\u00ed nghi\u1ec7m c\u00f4ng ngh\u1ec7 sinh h\u1ecdc, y sinh v\u00e0 y h\u1ecdc t\u00e1i t\u1ea1o.\",\"potentialAction\":[{\"@type\":\"SearchAction\",\"target\":{\"@type\":\"EntryPoint\",\"urlTemplate\":\"https:\/\/biogroupvietnam.com\/vi\/?s={search_term_string}\"},\"query-input\":{\"@type\":\"PropertyValueSpecification\",\"valueRequired\":true,\"valueName\":\"search_term_string\"}}],\"inLanguage\":\"vi\"}]}<\/script>\n<!-- \/ Yoast SEO plugin. -->","yoast_head_json":{"title":"B\u1ed9 \u0111i\u1ec7n di ngang nh\u1ecf","description":"B\u1ed9 \u0111i\u1ec7n di myGel Mini bao g\u1ed3m t\u1ea5t c\u1ea3 c\u00e1c thi\u1ebft b\u1ecb c\u1ea7n thi\u1ebft \u0111\u1ec3 thi\u1ebft l\u1eadp v\u00e0 v\u1eadn h\u00e0nh qu\u00e1 tr\u00ecnh \u0111i\u1ec7n di nh\u01b0: b\u1ec3 \u0111\u1eb7t gel (gel tank), b\u1ed9 ngu\u1ed3n v\u00e0 hai b\u1ed9 khu\u00f4n \u0111\u1ed5 gel.","robots":{"index":"index","follow":"follow","max-snippet":"max-snippet:-1","max-image-preview":"max-image-preview:large","max-video-preview":"max-video-preview:-1"},"canonical":"https:\/\/biogroupvietnam.com\/vi\/san-pham\/bo-dien-di-ngang-nho\/","og_locale":"vi_VN","og_type":"article","og_title":"B\u1ed9 \u0111i\u1ec7n di ngang nh\u1ecf","og_description":"B\u1ed9 \u0111i\u1ec7n di myGel Mini bao g\u1ed3m t\u1ea5t c\u1ea3 c\u00e1c thi\u1ebft b\u1ecb c\u1ea7n thi\u1ebft \u0111\u1ec3 thi\u1ebft l\u1eadp v\u00e0 v\u1eadn h\u00e0nh qu\u00e1 tr\u00ecnh \u0111i\u1ec7n di nh\u01b0: b\u1ec3 \u0111\u1eb7t gel (gel tank), b\u1ed9 ngu\u1ed3n v\u00e0 hai b\u1ed9 khu\u00f4n \u0111\u1ed5 gel.","og_url":"https:\/\/biogroupvietnam.com\/vi\/san-pham\/bo-dien-di-ngang-nho\/","og_site_name":"Biogroup Vietnam","article_modified_time":"2025-11-12T11:29:27+00:00","og_image":[{"width":1640,"height":1260,"url":"https:\/\/biogroupvietnam.com\/wp-content\/uploads\/2025\/08\/myGel-Mini-electrophoresis-system.jpg","type":"image\/jpeg"}],"twitter_card":"summary_large_image","twitter_misc":{"\u01af\u1edbc t\u00ednh th\u1eddi gian \u0111\u1ecdc":"2 ph\u00fat"},"schema":{"@context":"https:\/\/schema.org","@graph":[{"@type":"WebPage","@id":"https:\/\/biogroupvietnam.com\/vi\/san-pham\/bo-dien-di-ngang-nho\/","url":"https:\/\/biogroupvietnam.com\/vi\/san-pham\/bo-dien-di-ngang-nho\/","name":"B\u1ed9 \u0111i\u1ec7n di ngang nh\u1ecf","isPartOf":{"@id":"https:\/\/biogroupvietnam.com\/vi\/#website"},"primaryImageOfPage":{"@id":"https:\/\/biogroupvietnam.com\/vi\/san-pham\/bo-dien-di-ngang-nho\/#primaryimage"},"image":{"@id":"https:\/\/biogroupvietnam.com\/vi\/san-pham\/bo-dien-di-ngang-nho\/#primaryimage"},"thumbnailUrl":"https:\/\/biogroupvietnam.com\/wp-content\/uploads\/2025\/08\/myGel-Mini-electrophoresis-system.jpg","datePublished":"2025-08-18T12:54:14+00:00","dateModified":"2025-11-12T11:29:27+00:00","description":"B\u1ed9 \u0111i\u1ec7n di myGel Mini bao g\u1ed3m t\u1ea5t c\u1ea3 c\u00e1c thi\u1ebft b\u1ecb c\u1ea7n thi\u1ebft \u0111\u1ec3 thi\u1ebft l\u1eadp v\u00e0 v\u1eadn h\u00e0nh qu\u00e1 tr\u00ecnh \u0111i\u1ec7n di nh\u01b0: b\u1ec3 \u0111\u1eb7t gel (gel tank), b\u1ed9 ngu\u1ed3n v\u00e0 hai b\u1ed9 khu\u00f4n \u0111\u1ed5 gel.","breadcrumb":{"@id":"https:\/\/biogroupvietnam.com\/vi\/san-pham\/bo-dien-di-ngang-nho\/#breadcrumb"},"inLanguage":"vi","potentialAction":[{"@type":"ReadAction","target":["https:\/\/biogroupvietnam.com\/vi\/san-pham\/bo-dien-di-ngang-nho\/"]}]},{"@type":"ImageObject","inLanguage":"vi","@id":"https:\/\/biogroupvietnam.com\/vi\/san-pham\/bo-dien-di-ngang-nho\/#primaryimage","url":"https:\/\/biogroupvietnam.com\/wp-content\/uploads\/2025\/08\/myGel-Mini-electrophoresis-system.jpg","contentUrl":"https:\/\/biogroupvietnam.com\/wp-content\/uploads\/2025\/08\/myGel-Mini-electrophoresis-system.jpg","width":1640,"height":1260},{"@type":"BreadcrumbList","@id":"https:\/\/biogroupvietnam.com\/vi\/san-pham\/bo-dien-di-ngang-nho\/#breadcrumb","itemListElement":[{"@type":"ListItem","position":1,"name":"Trang ch\u1ee7","item":"https:\/\/biogroupvietnam.com\/vi\/"},{"@type":"ListItem","position":2,"name":"S\u1ea3n ph\u1ea9m","item":"https:\/\/biogroupvietnam.com\/vi\/san-pham\/"},{"@type":"ListItem","position":3,"name":"R&amp;D Sinh H\u1ecdc","item":"https:\/\/biogroupvietnam.com\/vi\/danh-muc-san-pham\/rd-sinh-hoc\/"},{"@type":"ListItem","position":4,"name":"Sinh H\u1ecdc Ph\u00e2n T\u1eed","item":"https:\/\/biogroupvietnam.com\/vi\/danh-muc-san-pham\/sinh-hoc-phan-tu\/"},{"@type":"ListItem","position":5,"name":"B\u1ed9 \u0111i\u1ec7n di ngang nh\u1ecf"}]},{"@type":"WebSite","@id":"https:\/\/biogroupvietnam.com\/vi\/#website","url":"https:\/\/biogroupvietnam.com\/vi\/","name":"Biogroup Vietnam","description":"Biogroup Vietnam cung c\u1ea5p d\u1ecbch v\u1ee5 k\u1ef9 thu\u1eadt c\u00f9ng thi\u1ebft b\u1ecb, v\u1eadt t\u01b0, h\u00f3a ch\u1ea5t v\u00e0 gi\u1ea3i ph\u00e1p sinh h\u1ecdc cho ph\u00f2ng th\u00ed nghi\u1ec7m c\u00f4ng ngh\u1ec7 sinh h\u1ecdc, y sinh v\u00e0 y h\u1ecdc t\u00e1i t\u1ea1o.","potentialAction":[{"@type":"SearchAction","target":{"@type":"EntryPoint","urlTemplate":"https:\/\/biogroupvietnam.com\/vi\/?s={search_term_string}"},"query-input":{"@type":"PropertyValueSpecification","valueRequired":true,"valueName":"search_term_string"}}],"inLanguage":"vi"}]}},"_links":{"self":[{"href":"https:\/\/biogroupvietnam.com\/vi\/wp-json\/wp\/v2\/product\/3881","targetHints":{"allow":["GET"]}}],"collection":[{"href":"https:\/\/biogroupvietnam.com\/vi\/wp-json\/wp\/v2\/product"}],"about":[{"href":"https:\/\/biogroupvietnam.com\/vi\/wp-json\/wp\/v2\/types\/product"}],"replies":[{"embeddable":true,"href":"https:\/\/biogroupvietnam.com\/vi\/wp-json\/wp\/v2\/comments?post=3881"}],"version-history":[{"count":3,"href":"https:\/\/biogroupvietnam.com\/vi\/wp-json\/wp\/v2\/product\/3881\/revisions"}],"predecessor-version":[{"id":8895,"href":"https:\/\/biogroupvietnam.com\/vi\/wp-json\/wp\/v2\/product\/3881\/revisions\/8895"}],"wp:featuredmedia":[{"embeddable":true,"href":"https:\/\/biogroupvietnam.com\/vi\/wp-json\/wp\/v2\/media\/8894"}],"wp:attachment":[{"href":"https:\/\/biogroupvietnam.com\/vi\/wp-json\/wp\/v2\/media?parent=3881"}],"wp:term":[{"taxonomy":"product_brand","embeddable":true,"href":"https:\/\/biogroupvietnam.com\/vi\/wp-json\/wp\/v2\/product_brand?post=3881"},{"taxonomy":"product_cat","embeddable":true,"href":"https:\/\/biogroupvietnam.com\/vi\/wp-json\/wp\/v2\/product_cat?post=3881"},{"taxonomy":"product_tag","embeddable":true,"href":"https:\/\/biogroupvietnam.com\/vi\/wp-json\/wp\/v2\/product_tag?post=3881"}],"curies":[{"name":"wp","href":"https:\/\/api.w.org\/{rel}","templated":true}]}}