{"id":3883,"date":"2025-08-18T19:54:15","date_gmt":"2025-08-18T12:54:15","guid":{"rendered":"http:\/\/biogroupvietnam-worldpress.local\/product\/import-placeholder-for-162\/"},"modified":"2025-11-12T18:44:25","modified_gmt":"2025-11-12T11:44:25","slug":"may-lac-vortex-1","status":"publish","type":"product","link":"https:\/\/biogroupvietnam.com\/vi\/san-pham\/may-lac-vortex-1\/","title":{"rendered":"M\u00e1y l\u1eafc Vortex"},"content":{"rendered":"<p>BenchMixer thi\u1ebft l\u1eadp ti\u00eau chu\u1ea9n m\u1edbi trong\u00a0tr\u1ed9n m\u1eabu. V\u1edbi c\u00f4ng ngh\u1ec7 Q-Drive ti\u00ean ti\u1ebfn, BenchMixer cung c\u1ea5p kh\u1ea3 n\u0103ng t\u1ea1o xo\u00e1y nhanh ch\u00f3ng ngay c\u1ea3 c\u00e1c c\u1ee1 m\u1eabu l\u1edbn nh\u1ea5t, bao g\u1ed3m c\u1ea3 \u1ed1ng\u00a050ml. H\u1ec7 th\u1ed1ng c\u00e2n b\u1eb1ng \u0111\u1ed1i tr\u1ecdng \u0111\u1ed9c \u0111\u00e1o t\u1ea1o ra ho\u1ea1t \u0111\u1ed9ng\u00a0xo\u00e1y t\u1ed1i \u0111a, \u0111\u1ed3ng th\u1eddi gi\u1ea3m thi\u1ec3u ti\u1ebfng \u1ed3n v\u00e0 \u0111\u1ed9 rung qu\u00e1 m\u1ee9c. \u0110i\u1ec1u n\u00e0y gi\u00fap\u00a0ho\u1ea1t \u0111\u1ed9ng y\u00ean t\u0129nh h\u01a1n, hi\u1ec7u qu\u1ea3\u00a0v\u00e0 l\u00e2u d\u00e0i h\u01a1n.<\/p>\n","protected":false},"excerpt":{"rendered":"<p>BenchMixer thi\u1ebft l\u1eadp ti\u00eau chu\u1ea9n m\u1edbi trong\u00a0tr\u1ed9n m\u1eabu. V\u1edbi c\u00f4ng ngh\u1ec7 Q-Drive ti\u00ean ti\u1ebfn, BenchMixer cung c\u1ea5p kh\u1ea3 n\u0103ng t\u1ea1o xo\u00e1y nhanh ch\u00f3ng ngay c\u1ea3 c\u00e1c c\u1ee1 m\u1eabu l\u1edbn nh\u1ea5t, bao g\u1ed3m c\u1ea3 \u1ed1ng\u00a050ml. H\u1ec7 th\u1ed1ng c\u00e2n b\u1eb1ng \u0111\u1ed1i tr\u1ecdng \u0111\u1ed9c \u0111\u00e1o t\u1ea1o ra ho\u1ea1t \u0111\u1ed9ng\u00a0xo\u00e1y t\u1ed1i \u0111a, \u0111\u1ed3ng th\u1eddi gi\u1ea3m thi\u1ec3u ti\u1ebfng \u1ed3n v\u00e0<\/p>\n<div class=\"klb-readmore post-buttons\"><a class=\"button rounded primary\" href=\"https:\/\/biogroupvietnam.com\/vi\/san-pham\/may-lac-vortex-1\/\">Read More <i class=\"klbth-icon-right-arrow\"><\/i><\/a><\/div>\n","protected":false},"featured_media":8930,"comment_status":"closed","ping_status":"closed","template":"","meta":{"_acf_changed":false},"product_brand":[138],"product_cat":[121],"product_tag":[],"class_list":{"0":"post-3883","1":"product","2":"type-product","3":"status-publish","4":"has-post-thumbnail","6":"product_brand-benchmark-scientific","7":"product_cat-tu-an-toan-sinh-hoc","9":"first","10":"outofstock","11":"shipping-taxable","12":"product-type-simple"},"acf":[],"yoast_head":"<!-- This site is optimized with the Yoast SEO plugin v26.8 - https:\/\/yoast.com\/product\/yoast-seo-wordpress\/ -->\n<title>M\u00e1y l\u1eafc Vortex<\/title>\n<meta name=\"description\" content=\"BenchMixer thi\u1ebft l\u1eadp ti\u00eau chu\u1ea9n m\u1edbi trong\u00a0tr\u1ed9n m\u1eabu. V\u1edbi c\u00f4ng ngh\u1ec7 Q-Drive ti\u00ean ti\u1ebfn, BenchMixer cung c\u1ea5p kh\u1ea3 n\u0103ng t\u1ea1o xo\u00e1y nhanh ch\u00f3ng ngay c\u1ea3 c\u00e1c c\u1ee1 m\u1eabu l\u1edbn nh\u1ea5t, bao g\u1ed3m c\u1ea3 \u1ed1ng\u00a050ml.\" \/>\n<meta name=\"robots\" content=\"index, follow, max-snippet:-1, max-image-preview:large, max-video-preview:-1\" \/>\n<link rel=\"canonical\" href=\"https:\/\/biogroupvietnam.com\/vi\/san-pham\/may-lac-vortex-1\/\" \/>\n<meta property=\"og:locale\" content=\"vi_VN\" \/>\n<meta property=\"og:type\" content=\"article\" \/>\n<meta property=\"og:title\" content=\"M\u00e1y l\u1eafc Vortex\" \/>\n<meta property=\"og:description\" content=\"BenchMixer thi\u1ebft l\u1eadp ti\u00eau chu\u1ea9n m\u1edbi trong\u00a0tr\u1ed9n m\u1eabu. V\u1edbi c\u00f4ng ngh\u1ec7 Q-Drive ti\u00ean ti\u1ebfn, BenchMixer cung c\u1ea5p kh\u1ea3 n\u0103ng t\u1ea1o xo\u00e1y nhanh ch\u00f3ng ngay c\u1ea3 c\u00e1c c\u1ee1 m\u1eabu l\u1edbn nh\u1ea5t, bao g\u1ed3m c\u1ea3 \u1ed1ng\u00a050ml.\" \/>\n<meta property=\"og:url\" content=\"https:\/\/biogroupvietnam.com\/vi\/san-pham\/may-lac-vortex-1\/\" \/>\n<meta property=\"og:site_name\" content=\"Biogroup Vietnam\" \/>\n<meta property=\"article:modified_time\" content=\"2025-11-12T11:44:25+00:00\" \/>\n<meta property=\"og:image\" content=\"https:\/\/biogroupvietnam.com\/wp-content\/uploads\/2025\/08\/BenchMixer\u2122-Vortexer-mixer.jpg\" \/>\n\t<meta property=\"og:image:width\" content=\"1640\" \/>\n\t<meta property=\"og:image:height\" content=\"1260\" \/>\n\t<meta property=\"og:image:type\" content=\"image\/jpeg\" \/>\n<meta name=\"twitter:card\" content=\"summary_large_image\" \/>\n<meta name=\"twitter:label1\" content=\"\u01af\u1edbc t\u00ednh th\u1eddi gian \u0111\u1ecdc\" \/>\n\t<meta name=\"twitter:data1\" content=\"1 ph\u00fat\" \/>\n<script type=\"application\/ld+json\" class=\"yoast-schema-graph\">{\"@context\":\"https:\/\/schema.org\",\"@graph\":[{\"@type\":\"WebPage\",\"@id\":\"https:\/\/biogroupvietnam.com\/vi\/san-pham\/may-lac-vortex-1\/\",\"url\":\"https:\/\/biogroupvietnam.com\/vi\/san-pham\/may-lac-vortex-1\/\",\"name\":\"M\u00e1y l\u1eafc Vortex\",\"isPartOf\":{\"@id\":\"https:\/\/biogroupvietnam.com\/vi\/#website\"},\"primaryImageOfPage\":{\"@id\":\"https:\/\/biogroupvietnam.com\/vi\/san-pham\/may-lac-vortex-1\/#primaryimage\"},\"image\":{\"@id\":\"https:\/\/biogroupvietnam.com\/vi\/san-pham\/may-lac-vortex-1\/#primaryimage\"},\"thumbnailUrl\":\"https:\/\/biogroupvietnam.com\/wp-content\/uploads\/2025\/08\/BenchMixer\u2122-Vortexer-mixer.jpg\",\"datePublished\":\"2025-08-18T12:54:15+00:00\",\"dateModified\":\"2025-11-12T11:44:25+00:00\",\"description\":\"BenchMixer thi\u1ebft l\u1eadp ti\u00eau chu\u1ea9n m\u1edbi trong\u00a0tr\u1ed9n m\u1eabu. V\u1edbi c\u00f4ng ngh\u1ec7 Q-Drive ti\u00ean ti\u1ebfn, BenchMixer cung c\u1ea5p kh\u1ea3 n\u0103ng t\u1ea1o xo\u00e1y nhanh ch\u00f3ng ngay c\u1ea3 c\u00e1c c\u1ee1 m\u1eabu l\u1edbn nh\u1ea5t, bao g\u1ed3m c\u1ea3 \u1ed1ng\u00a050ml.\",\"breadcrumb\":{\"@id\":\"https:\/\/biogroupvietnam.com\/vi\/san-pham\/may-lac-vortex-1\/#breadcrumb\"},\"inLanguage\":\"vi\",\"potentialAction\":[{\"@type\":\"ReadAction\",\"target\":[\"https:\/\/biogroupvietnam.com\/vi\/san-pham\/may-lac-vortex-1\/\"]}]},{\"@type\":\"ImageObject\",\"inLanguage\":\"vi\",\"@id\":\"https:\/\/biogroupvietnam.com\/vi\/san-pham\/may-lac-vortex-1\/#primaryimage\",\"url\":\"https:\/\/biogroupvietnam.com\/wp-content\/uploads\/2025\/08\/BenchMixer\u2122-Vortexer-mixer.jpg\",\"contentUrl\":\"https:\/\/biogroupvietnam.com\/wp-content\/uploads\/2025\/08\/BenchMixer\u2122-Vortexer-mixer.jpg\",\"width\":1640,\"height\":1260},{\"@type\":\"BreadcrumbList\",\"@id\":\"https:\/\/biogroupvietnam.com\/vi\/san-pham\/may-lac-vortex-1\/#breadcrumb\",\"itemListElement\":[{\"@type\":\"ListItem\",\"position\":1,\"name\":\"Trang ch\u1ee7\",\"item\":\"https:\/\/biogroupvietnam.com\/vi\/\"},{\"@type\":\"ListItem\",\"position\":2,\"name\":\"S\u1ea3n ph\u1ea9m\",\"item\":\"https:\/\/biogroupvietnam.com\/vi\/san-pham\/\"},{\"@type\":\"ListItem\",\"position\":3,\"name\":\"R&amp;D Sinh H\u1ecdc\",\"item\":\"https:\/\/biogroupvietnam.com\/vi\/danh-muc-san-pham\/rd-sinh-hoc\/\"},{\"@type\":\"ListItem\",\"position\":4,\"name\":\"T\u1ee7 an to\u00e0n sinh h\u1ecdc\",\"item\":\"https:\/\/biogroupvietnam.com\/vi\/danh-muc-san-pham\/tu-an-toan-sinh-hoc\/\"},{\"@type\":\"ListItem\",\"position\":5,\"name\":\"M\u00e1y l\u1eafc Vortex\"}]},{\"@type\":\"WebSite\",\"@id\":\"https:\/\/biogroupvietnam.com\/vi\/#website\",\"url\":\"https:\/\/biogroupvietnam.com\/vi\/\",\"name\":\"Biogroup Vietnam\",\"description\":\"Biogroup Vietnam cung c\u1ea5p d\u1ecbch v\u1ee5 k\u1ef9 thu\u1eadt c\u00f9ng thi\u1ebft b\u1ecb, v\u1eadt t\u01b0, h\u00f3a ch\u1ea5t v\u00e0 gi\u1ea3i ph\u00e1p sinh h\u1ecdc cho ph\u00f2ng th\u00ed nghi\u1ec7m c\u00f4ng ngh\u1ec7 sinh h\u1ecdc, y sinh v\u00e0 y h\u1ecdc t\u00e1i t\u1ea1o.\",\"potentialAction\":[{\"@type\":\"SearchAction\",\"target\":{\"@type\":\"EntryPoint\",\"urlTemplate\":\"https:\/\/biogroupvietnam.com\/vi\/?s={search_term_string}\"},\"query-input\":{\"@type\":\"PropertyValueSpecification\",\"valueRequired\":true,\"valueName\":\"search_term_string\"}}],\"inLanguage\":\"vi\"}]}<\/script>\n<!-- \/ Yoast SEO plugin. -->","yoast_head_json":{"title":"M\u00e1y l\u1eafc Vortex","description":"BenchMixer thi\u1ebft l\u1eadp ti\u00eau chu\u1ea9n m\u1edbi trong\u00a0tr\u1ed9n m\u1eabu. V\u1edbi c\u00f4ng ngh\u1ec7 Q-Drive ti\u00ean ti\u1ebfn, BenchMixer cung c\u1ea5p kh\u1ea3 n\u0103ng t\u1ea1o xo\u00e1y nhanh ch\u00f3ng ngay c\u1ea3 c\u00e1c c\u1ee1 m\u1eabu l\u1edbn nh\u1ea5t, bao g\u1ed3m c\u1ea3 \u1ed1ng\u00a050ml.","robots":{"index":"index","follow":"follow","max-snippet":"max-snippet:-1","max-image-preview":"max-image-preview:large","max-video-preview":"max-video-preview:-1"},"canonical":"https:\/\/biogroupvietnam.com\/vi\/san-pham\/may-lac-vortex-1\/","og_locale":"vi_VN","og_type":"article","og_title":"M\u00e1y l\u1eafc Vortex","og_description":"BenchMixer thi\u1ebft l\u1eadp ti\u00eau chu\u1ea9n m\u1edbi trong\u00a0tr\u1ed9n m\u1eabu. V\u1edbi c\u00f4ng ngh\u1ec7 Q-Drive ti\u00ean ti\u1ebfn, BenchMixer cung c\u1ea5p kh\u1ea3 n\u0103ng t\u1ea1o xo\u00e1y nhanh ch\u00f3ng ngay c\u1ea3 c\u00e1c c\u1ee1 m\u1eabu l\u1edbn nh\u1ea5t, bao g\u1ed3m c\u1ea3 \u1ed1ng\u00a050ml.","og_url":"https:\/\/biogroupvietnam.com\/vi\/san-pham\/may-lac-vortex-1\/","og_site_name":"Biogroup Vietnam","article_modified_time":"2025-11-12T11:44:25+00:00","og_image":[{"width":1640,"height":1260,"url":"https:\/\/biogroupvietnam.com\/wp-content\/uploads\/2025\/08\/BenchMixer\u2122-Vortexer-mixer.jpg","type":"image\/jpeg"}],"twitter_card":"summary_large_image","twitter_misc":{"\u01af\u1edbc t\u00ednh th\u1eddi gian \u0111\u1ecdc":"1 ph\u00fat"},"schema":{"@context":"https:\/\/schema.org","@graph":[{"@type":"WebPage","@id":"https:\/\/biogroupvietnam.com\/vi\/san-pham\/may-lac-vortex-1\/","url":"https:\/\/biogroupvietnam.com\/vi\/san-pham\/may-lac-vortex-1\/","name":"M\u00e1y l\u1eafc Vortex","isPartOf":{"@id":"https:\/\/biogroupvietnam.com\/vi\/#website"},"primaryImageOfPage":{"@id":"https:\/\/biogroupvietnam.com\/vi\/san-pham\/may-lac-vortex-1\/#primaryimage"},"image":{"@id":"https:\/\/biogroupvietnam.com\/vi\/san-pham\/may-lac-vortex-1\/#primaryimage"},"thumbnailUrl":"https:\/\/biogroupvietnam.com\/wp-content\/uploads\/2025\/08\/BenchMixer\u2122-Vortexer-mixer.jpg","datePublished":"2025-08-18T12:54:15+00:00","dateModified":"2025-11-12T11:44:25+00:00","description":"BenchMixer thi\u1ebft l\u1eadp ti\u00eau chu\u1ea9n m\u1edbi trong\u00a0tr\u1ed9n m\u1eabu. V\u1edbi c\u00f4ng ngh\u1ec7 Q-Drive ti\u00ean ti\u1ebfn, BenchMixer cung c\u1ea5p kh\u1ea3 n\u0103ng t\u1ea1o xo\u00e1y nhanh ch\u00f3ng ngay c\u1ea3 c\u00e1c c\u1ee1 m\u1eabu l\u1edbn nh\u1ea5t, bao g\u1ed3m c\u1ea3 \u1ed1ng\u00a050ml.","breadcrumb":{"@id":"https:\/\/biogroupvietnam.com\/vi\/san-pham\/may-lac-vortex-1\/#breadcrumb"},"inLanguage":"vi","potentialAction":[{"@type":"ReadAction","target":["https:\/\/biogroupvietnam.com\/vi\/san-pham\/may-lac-vortex-1\/"]}]},{"@type":"ImageObject","inLanguage":"vi","@id":"https:\/\/biogroupvietnam.com\/vi\/san-pham\/may-lac-vortex-1\/#primaryimage","url":"https:\/\/biogroupvietnam.com\/wp-content\/uploads\/2025\/08\/BenchMixer\u2122-Vortexer-mixer.jpg","contentUrl":"https:\/\/biogroupvietnam.com\/wp-content\/uploads\/2025\/08\/BenchMixer\u2122-Vortexer-mixer.jpg","width":1640,"height":1260},{"@type":"BreadcrumbList","@id":"https:\/\/biogroupvietnam.com\/vi\/san-pham\/may-lac-vortex-1\/#breadcrumb","itemListElement":[{"@type":"ListItem","position":1,"name":"Trang ch\u1ee7","item":"https:\/\/biogroupvietnam.com\/vi\/"},{"@type":"ListItem","position":2,"name":"S\u1ea3n ph\u1ea9m","item":"https:\/\/biogroupvietnam.com\/vi\/san-pham\/"},{"@type":"ListItem","position":3,"name":"R&amp;D Sinh H\u1ecdc","item":"https:\/\/biogroupvietnam.com\/vi\/danh-muc-san-pham\/rd-sinh-hoc\/"},{"@type":"ListItem","position":4,"name":"T\u1ee7 an to\u00e0n sinh h\u1ecdc","item":"https:\/\/biogroupvietnam.com\/vi\/danh-muc-san-pham\/tu-an-toan-sinh-hoc\/"},{"@type":"ListItem","position":5,"name":"M\u00e1y l\u1eafc Vortex"}]},{"@type":"WebSite","@id":"https:\/\/biogroupvietnam.com\/vi\/#website","url":"https:\/\/biogroupvietnam.com\/vi\/","name":"Biogroup Vietnam","description":"Biogroup Vietnam cung c\u1ea5p d\u1ecbch v\u1ee5 k\u1ef9 thu\u1eadt c\u00f9ng thi\u1ebft b\u1ecb, v\u1eadt t\u01b0, h\u00f3a ch\u1ea5t v\u00e0 gi\u1ea3i ph\u00e1p sinh h\u1ecdc cho ph\u00f2ng th\u00ed nghi\u1ec7m c\u00f4ng ngh\u1ec7 sinh h\u1ecdc, y sinh v\u00e0 y h\u1ecdc t\u00e1i t\u1ea1o.","potentialAction":[{"@type":"SearchAction","target":{"@type":"EntryPoint","urlTemplate":"https:\/\/biogroupvietnam.com\/vi\/?s={search_term_string}"},"query-input":{"@type":"PropertyValueSpecification","valueRequired":true,"valueName":"search_term_string"}}],"inLanguage":"vi"}]}},"_links":{"self":[{"href":"https:\/\/biogroupvietnam.com\/vi\/wp-json\/wp\/v2\/product\/3883","targetHints":{"allow":["GET"]}}],"collection":[{"href":"https:\/\/biogroupvietnam.com\/vi\/wp-json\/wp\/v2\/product"}],"about":[{"href":"https:\/\/biogroupvietnam.com\/vi\/wp-json\/wp\/v2\/types\/product"}],"replies":[{"embeddable":true,"href":"https:\/\/biogroupvietnam.com\/vi\/wp-json\/wp\/v2\/comments?post=3883"}],"version-history":[{"count":3,"href":"https:\/\/biogroupvietnam.com\/vi\/wp-json\/wp\/v2\/product\/3883\/revisions"}],"predecessor-version":[{"id":8931,"href":"https:\/\/biogroupvietnam.com\/vi\/wp-json\/wp\/v2\/product\/3883\/revisions\/8931"}],"wp:featuredmedia":[{"embeddable":true,"href":"https:\/\/biogroupvietnam.com\/vi\/wp-json\/wp\/v2\/media\/8930"}],"wp:attachment":[{"href":"https:\/\/biogroupvietnam.com\/vi\/wp-json\/wp\/v2\/media?parent=3883"}],"wp:term":[{"taxonomy":"product_brand","embeddable":true,"href":"https:\/\/biogroupvietnam.com\/vi\/wp-json\/wp\/v2\/product_brand?post=3883"},{"taxonomy":"product_cat","embeddable":true,"href":"https:\/\/biogroupvietnam.com\/vi\/wp-json\/wp\/v2\/product_cat?post=3883"},{"taxonomy":"product_tag","embeddable":true,"href":"https:\/\/biogroupvietnam.com\/vi\/wp-json\/wp\/v2\/product_tag?post=3883"}],"curies":[{"name":"wp","href":"https:\/\/api.w.org\/{rel}","templated":true}]}}