{"id":3884,"date":"2025-08-18T19:54:15","date_gmt":"2025-08-18T12:54:15","guid":{"rendered":"http:\/\/biogroupvietnam-worldpress.local\/product\/import-placeholder-for-163\/"},"modified":"2025-09-29T15:08:45","modified_gmt":"2025-09-29T08:08:45","slug":"firereader-v10","status":"publish","type":"product","link":"https:\/\/biogroupvietnam.com\/vi\/san-pham\/firereader-v10\/","title":{"rendered":"M\u00e1y Ch\u1ee5p \u1ea2nh Gel FireReader V10"},"content":{"rendered":"<p><span style=\"background-color:transparent;color:#000000;font-family:Arial,sans-serif;font-size:12pt;\"><i><strong>H\u1ec7 th\u1ed1ng ch\u1ee5p \u1ea3nh gel c\u00f3 c\u1ea5u h\u00ecnh k\u1ef9 thu\u1eadt c\u1ef1c cao<\/strong><\/i><\/span><\/p>\n<p><span style=\"background-color:transparent;color:#000000;font-family:Arial,sans-serif;font-size:12pt;\">FireReader V10 cung c\u1ea5p \u0111\u1ebfn 7 ngu\u1ed3n \u00e1nh s\u00e1ng kh\u00e1c nhau v\u00e0 nhi\u1ec1u \u1ee9ng d\u1ee5ng. V\u1edbi trang b\u1ecb c\u1ea3m bi\u1ebfn 6 megapixel, h\u1ec7 th\u1ed1ng ch\u1ee5p \u1ea3nh geldoc FireReader cung c\u1ea5p \u0111\u1ebfn 65.535 m\u1ee9c x\u00e1m (16-bit) cho c\u00e1c h\u00ecnh \u1ea3nh ch\u1ea5t l\u01b0\u1ee3ng, r\u1ea5t ph\u00f9 h\u1ee3p d\u00f9ng trong c\u00e1c c\u00f4ng b\u1ed1 nghi\u00ean c\u1ee9u khoa h\u1ecdc v\u00e0 minh ch\u1ee9ng d\u1eef li\u1ec7u nghi\u00ean c\u1ee9u.<\/span><\/p>\n<h3><span style=\"background-color:transparent;color:#000000;font-family:Arial,sans-serif;font-size:16pt;\"><strong>T\u00ednh n\u0103ng s\u1ea3n ph\u1ea9m<\/strong><\/span><\/h3>\n<ul>\n<li><span style=\"background-color:transparent;color:#000000;font-family:Arial,sans-serif;font-size:12pt;\">Ho\u00e0n to\u00e0n t\u1ef1 \u0111\u1ed9ng.<\/span><\/li>\n<li><span style=\"background-color:transparent;color:#000000;font-family:Arial,sans-serif;font-size:12pt;\">L\u00ean \u0111\u1ebfn 7 ngu\u1ed3n \u00e1nh s\u00e1ng.<\/span><\/li>\n<li><span style=\"background-color:transparent;color:#000000;font-family:Arial,sans-serif;font-size:12pt;\">Thang \u0111\u1ed9 x\u00e1m \u0111\u1ebfn 65,535 (16-bit).<\/span><\/li>\n<li><span style=\"background-color:transparent;color:#000000;font-family:Arial,sans-serif;font-size:12pt;\">\u0110\u1ed9 ph\u00e2n gi\u1ea3i h\u00ecnh \u1ea3nh l\u00ean \u0111\u1ebfn 10 megapixel (MP).<\/span><\/li>\n<li><span style=\"background-color:transparent;color:#000000;font-family:Arial,sans-serif;font-size:12pt;\">B\u00e1nh xe t\u1ef1 \u0111\u1ed9ng c\u00f3 6 v\u1ecb tr\u00ed \u0111\u1ec3 \u0111\u1eb7t k\u00ednh l\u1ecdc.<\/span><\/li>\n<li><span style=\"background-color:transparent;color:#000000;font-family:Arial,sans-serif;font-size:12pt;\">B\u1eb1ng th\u00e9p kh\u00f4ng g\u1ec9.<\/span><\/li>\n<li><span style=\"background-color:transparent;color:#000000;font-family:Arial,sans-serif;font-size:12pt;\">Ph\u1ea7n m\u1ec1m ng\u01b0\u1eddi d\u00f9ng kh\u00f4ng gi\u1edbi h\u1ea1n.<\/span><\/li>\n<\/ul>\n<h3><span style=\"background-color:transparent;color:#000000;font-family:Arial,sans-serif;font-size:16pt;\"><strong>\u1ee8ng d\u1ee5ng<\/strong><\/span><\/h3>\n<ul>\n<li><span style=\"background-color:transparent;color:#000000;font-family:Arial,sans-serif;font-size:12pt;\"><strong>Ngu\u1ed3n s\u00e1ng hu\u1ef3nh quang (Fluorescence):<\/strong><\/span><\/li>\n<\/ul>\n<p><span style=\"background-color:transparent;color:#000000;font-family:Arial,sans-serif;font-size:12pt;\">C\u00e1c gel DNA v\u00e0 RNA \u0111\u01b0\u1ee3c nhu\u1ed9m b\u1edfi c\u00e1c ch\u1ea5t nhu\u1ed9m hu\u1ef3nh quang nh\u01b0: EtBr (Ethidium Bromide), GelRed, GelGreen, SYBR Safe &amp; Green &amp; Gold, Sypro Ruby, Emerald, Midori Green\u2026<\/span><\/p>\n<ul>\n<li><span style=\"background-color:transparent;color:#000000;font-family:Arial,sans-serif;font-size:12pt;\"><strong>Ngu\u1ed3n s\u00e1ng hu\u1ef3nh quang Epi (Epi Fluorescence):<\/strong><\/span><\/li>\n<\/ul>\n<p><span style=\"background-color:transparent;color:#000000;font-family:Arial,sans-serif;font-size:12pt;\"><i>Ngu\u1ed3n s\u00e1ng \u0111\u00e8n LED&nbsp;<\/i>chi\u1ebfu s\u00e1ng xanh epi:<i>&nbsp;<\/i>\u1ee9ng d\u1ee5ng quan s\u00e1t c\u00e1c gels v\u00e0 blots nhu\u1ed9m GFP, eGFP, Cy2, Alexa 488, FITC, Atto 465, DyLight 488\u2026<\/span><\/p>\n<p><span style=\"background-color:transparent;color:#000000;font-family:Arial,sans-serif;font-size:12pt;\">Ngu\u1ed3n s\u00e1ng Epi dual-UV<i>&nbsp;<\/i>c\u00f3 b\u01b0\u1edbc s\u00f3ng 254 &amp; 365nm (ch\u1ecdn th\u00eam): quan s\u00e1t c\u00e1c \u0111\u0129a s\u1eafc k\u00fd m\u1ecfng TLC, Qdots\u2026<\/span><\/p>\n<ul>\n<li><span style=\"background-color:transparent;color:#000000;font-family:Arial,sans-serif;font-size:12pt;\"><strong>Ngu\u1ed3n s\u00e1ng tr\u1eafng (Visible Imaging):<\/strong><\/span><\/li>\n<\/ul>\n<p><span style=\"background-color:transparent;color:#000000;font-family:Arial,sans-serif;font-size:12pt;\">Quan s\u00e1t c\u00e1c gel protein v\u00e0 so m\u00e0u (colorimetry) nhu\u1ed9m Coomassie Blue, Cooper, Silver-stained, Red Ponceau, v\u00e0 \u0111\u1ebfm khu\u1ea9n l\u1ea1c tr\u00ean \u0111\u0129a petri,\u2026<\/span><\/p>\n<h3><span style=\"background-color:transparent;color:#000000;font-family:Arial,sans-serif;font-size:16pt;\"><strong>Nh\u1eefng l\u1ee3i \u00edch c\u1ee7a FireReader V10<\/strong><\/span><\/h3>\n<p><span style=\"background-color:transparent;color:#000000;font-family:Arial,sans-serif;font-size:13.999999999999998pt;\"><strong>T\u00ednh th\u1ef1c d\u1ee5ng<\/strong><\/span><\/p>\n<ul>\n<li><span style=\"background-color:transparent;color:#000000;font-family:Arial,sans-serif;font-size:12pt;\">Ch\u1ec9 1 c\u00fa nh\u1ea5p chu\u1ed9t \u0111\u1ec3 ch\u1ee5p \u1ea3nh: D\u1ec5 s\u1eed d\u1ee5ng, ch\u1ee5p \u1ea3nh nhanh ch\u00f3ng<\/span><\/li>\n<li><span style=\"background-color:transparent;color:#000000;font-family:Arial,sans-serif;font-size:12pt;\">Kh\u00f4ng c\u1ea7n thao t\u00e1c th\u1ee7 c\u00f4ng: kh\u00f4ng c\u1ea7n thao t\u00e1c th\u1ee7 c\u00f4ng tr\u00ean m\u00e1y, quy tr\u00ecnh ch\u1ee5p \u1ea3nh t\u1ef1 \u0111\u1ed9ng<\/span><\/li>\n<li><span style=\"background-color:transparent;color:#000000;font-family:Arial,sans-serif;font-size:12pt;\">Khay tr\u01b0\u1ee3t t\u1ef1 \u0111\u1ed9ng ho\u00e0n to\u00e0n: gi\u00fap \u0111\u1ecbnh v\u1ecb m\u1eabu (gel) d\u1ec5 d\u00e0ng.<\/span><\/li>\n<li><span style=\"background-color:transparent;color:#000000;font-family:Arial,sans-serif;font-size:12pt;\">T\u1ea5t c\u1ea3 ch\u1ee9c n\u0103ng ch\u1ee5p \u1ea3nh, ph\u00e2n t\u00edch gel t\u00edch h\u1ee3p trong 1 h\u1ec7 th\u1ed1ng: ch\u1ee5p \u1ea3nh &#8211; ch\u1ec9nh s\u1eeda &#8211; ph\u00e2n t\u00edch<\/span><\/li>\n<\/ul>\n<p><span style=\"background-color:transparent;color:#000000;font-family:Arial,sans-serif;font-size:13.999999999999998pt;\"><strong>\u1ee8ng d\u1ee5ng<\/strong><\/span><\/p>\n<ul>\n<li><span style=\"background-color:transparent;color:#000000;font-family:Arial,sans-serif;font-size:12pt;\">C\u00f4ng ngh\u1ec7 Uvipure \u00a9: \u00e1nh s\u00e1ng UV t\u0103ng c\u01b0\u1eddng cho thu\u1ed1c nhu\u1ed9m EtBr v\u00e0 t\u1ea5t c\u1ea3 c\u00e1c thu\u1ed1c nhu\u1ed9m kh\u00e1c.<\/span><\/li>\n<li><span style=\"background-color:transparent;color:#000000;font-family:Arial,sans-serif;font-size:12pt;\">Ngu\u1ed3n s\u00e1ng xanh Epi: \u0111\u1ec3 \u1ee9ng d\u1ee5ng v\u1edbi c\u00e1c thu\u1ed1c nhu\u1ed9m kh\u00e1c nh\u01b0: GFP, eGFP, Cy2, FITC<\/span><\/li>\n<li><span style=\"background-color:transparent;color:#000000;font-family:Arial,sans-serif;font-size:12pt;\">Ph\u00e2n t\u00edch \u0111\u1ecbnh l\u01b0\u1ee3ng: d\u1ef1a tr\u00ean m\u1ed9t ho\u1eb7c m\u1ed9t s\u1ed1 b\u0103ng (band) tham chi\u1ebfu.<\/span><\/li>\n<li><span style=\"background-color:transparent;color:#000000;font-family:Arial,sans-serif;font-size:12pt;\">Ho\u00e0n to\u00e0n c\u00f3 th\u1ec3 t\u00f9y ch\u1ec9nh: c\u00e1c th\u00f4ng s\u1ed1 v\u00e0 protocol c\u00f3 th\u1ec3 \u0111i\u1ec1u ch\u1ec9nh 100%<\/span><\/li>\n<\/ul>\n<p><span style=\"background-color:transparent;color:#000000;font-family:Arial,sans-serif;font-size:13.999999999999998pt;\"><strong>H\u1ec7 quang h\u1ecdc (Optics)<\/strong><\/span><\/p>\n<ul>\n<li><span style=\"background-color:transparent;color:#000000;font-family:Arial,sans-serif;font-size:12pt;\">\u0110\u1ed9 ph\u00e2n gi\u1ea3i g\u1ed1c 6,000,000 pixels: cho c\u00e1c h\u00ecnh \u1ea3nh ch\u1ea5t l\u01b0\u1ee3ng cao trong c\u00e1c c\u00f4ng b\u1ed1 nghi\u00ean c\u1ee9u khoa h\u1ecdc.<\/span><\/li>\n<li><span style=\"background-color:transparent;color:#000000;font-family:Arial,sans-serif;font-size:12pt;\">65,535 m\u1ee9c x\u00e1m: \u0111\u1ecbnh l\u01b0\u1ee3ng protein \u1edf ph\u1ea1m vi nghi\u00ean c\u1ee9u.<\/span><\/li>\n<li><span style=\"background-color:transparent;color:#000000;font-family:Arial,sans-serif;font-size:12pt;\">\u1ed0ng k\u00ednh zoom 6x: h\u1ec7 quang h\u1ecdc \u0111\u00e1p \u1ee9ng cho m\u1ed9t v\u00f9ng h\u00ecnh \u1ea3nh linh ho\u1ea1t.<\/span><\/li>\n<li><span style=\"background-color:transparent;color:#000000;font-family:Arial,sans-serif;font-size:12pt;\">L\u00e0m m\u00e1t th\u1ee5 \u0111\u1ed9ng (passive cooling): gi\u1ea3m \u0111\u1ed9 \u1ed3n \u0111\u1ec3 c\u00f3 h\u00ecnh \u1ea3nh gel r\u00f5 n\u00e9t h\u01a1n.<\/span><\/li>\n<\/ul>\n<p><span style=\"background-color:transparent;color:#000000;font-family:Arial,sans-serif;font-size:13.999999999999998pt;\"><strong>Bu\u1ed3ng t\u1ed1i ch\u1ee5p \u1ea3nh (Darkroom)<\/strong><\/span><\/p>\n<ul>\n<li><span style=\"background-color:transparent;color:#000000;font-family:Arial,sans-serif;font-size:12pt;\">B\u1eb1ng th\u00e9p kh\u00f4ng g\u1ec9, thi\u1ebft b\u1ecb b\u1ec1n v\u00e0 ch\u1eafc ch\u1eafn<\/span><\/li>\n<li><span style=\"background-color:transparent;color:#000000;font-family:Arial,sans-serif;font-size:12pt;\">C\u00f3 th\u1ec3 t\u00f9y ch\u1ecdn nhi\u1ec1u ngu\u1ed3n s\u00e1ng kh\u00e1c nhau.<\/span><\/li>\n<li><span style=\"background-color:transparent;color:#000000;font-family:Arial,sans-serif;font-size:12pt;\">B\u00e1nh xe t\u1ef1 \u0111\u1ed9ng c\u00f3 6 v\u1ecb tr\u00ed \u0111\u1eb7t 18 k\u00ednh l\u1ecdc (t\u1ef1 ch\u1ecdn).<\/span><\/li>\n<li><span style=\"background-color:transparent;color:#000000;font-family:Arial,sans-serif;font-size:12pt;\">Thi\u1ebft k\u1ebf nh\u1ecf g\u1ecdn, di\u1ec7n t\u00edch nh\u1ecf v\u00e0 d\u1ec5 l\u1eafp \u0111\u1eb7t<\/span><\/li>\n<\/ul>\n<h3><span style=\"background-color:transparent;color:#000000;font-family:Arial,sans-serif;font-size:16pt;\"><strong>\u01afu \u0111i\u1ec3m n\u1ed5i b\u1eadt c\u1ee7a ph\u1ea7n m\u1ec1m ch\u1ee5p &amp; ph\u00e2n t\u00edch h\u00ecnh \u1ea3nh gel<\/strong><\/span><\/h3>\n<ul>\n<li><span style=\"background-color:transparent;color:#000000;font-family:Arial,sans-serif;font-size:12pt;\">T\u1ef1 \u0111\u1ed9ng l\u1ea5y n\u00e9t: t\u1ea1o \u1ea3nh lu\u00f4n s\u1eafc n\u00e9t.<\/span><\/li>\n<li><span style=\"background-color:transparent;color:#000000;font-family:Arial,sans-serif;font-size:12pt;\">Ch\u1ebf \u0111\u1ed9 Live-3D: c\u00f4ng c\u1ee5 tr\u01b0\u1edbc khi thu nh\u1eadn h\u00ecnh \u1ea3nh \u0111\u1ed9c \u0111\u00e1o.<\/span><\/li>\n<li><span style=\"background-color:transparent;color:#000000;font-family:Arial,sans-serif;font-size:12pt;\">C\u00f3 th\u1ec3 t\u00f9y ch\u1ec9nh: t\u1ea5t c\u1ea3 c\u00e1c protocols c\u00f3 th\u1ec3 \u0111i\u1ec1u ch\u1ec9nh, kh\u1ea3 n\u0103ng v\u00f4 t\u1eadn.<\/span><\/li>\n<li><span style=\"background-color:transparent;color:#000000;font-family:Arial,sans-serif;font-size:12pt;\">Ch\u1ec9nh s\u1eeda kh\u00f4ng gi\u1edbi h\u1ea1n: bao g\u1ed3m v\u00f4 s\u1ed1 c\u00f4ng c\u1ee5<\/span><\/li>\n<li><span style=\"background-color:transparent;color:#000000;font-family:Arial,sans-serif;font-size:12pt;\">Ph\u00e2n t\u00edch: \u0111\u1ecbnh l\u01b0\u1ee3ng, tr\u1ecdng l\u01b0\u1ee3ng ph\u00e2n t\u1eed, kho\u1ea3ng c\u00e1ch, \u0111\u1ebfm khu\u1ea9n l\u1ea1c<\/span><\/li>\n<li><span style=\"background-color:transparent;color:#000000;font-family:Arial,sans-serif;font-size:12pt;\">Tu\u00e2n th\u1ee7 ti\u00eau chu\u1ea9n: GLP v\u00e0 21-CFR-part-11.<\/span><\/li>\n<\/ul>\n","protected":false},"excerpt":{"rendered":"<p>H\u1ec7 th\u1ed1ng ch\u1ee5p \u1ea3nh gel c\u00f3 c\u1ea5u h\u00ecnh k\u1ef9 thu\u1eadt c\u1ef1c cao FireReader V10 cung c\u1ea5p \u0111\u1ebfn 7 ngu\u1ed3n \u00e1nh s\u00e1ng kh\u00e1c nhau v\u00e0 nhi\u1ec1u \u1ee9ng d\u1ee5ng. V\u1edbi trang b\u1ecb c\u1ea3m bi\u1ebfn 6 megapixel, h\u1ec7 th\u1ed1ng ch\u1ee5p \u1ea3nh geldoc FireReader cung c\u1ea5p \u0111\u1ebfn 65.535 m\u1ee9c x\u00e1m (16-bit) cho c\u00e1c h\u00ecnh \u1ea3nh ch\u1ea5t l\u01b0\u1ee3ng, r\u1ea5t ph\u00f9<\/p>\n<div class=\"klb-readmore post-buttons\"><a class=\"button rounded primary\" href=\"https:\/\/biogroupvietnam.com\/vi\/san-pham\/firereader-v10\/\">Read More <i class=\"klbth-icon-right-arrow\"><\/i><\/a><\/div>\n","protected":false},"featured_media":5475,"comment_status":"closed","ping_status":"closed","template":"","meta":{"_acf_changed":false},"product_brand":[136],"product_cat":[110],"product_tag":[],"class_list":{"0":"post-3884","1":"product","2":"type-product","3":"status-publish","4":"has-post-thumbnail","6":"product_brand-uvitec","7":"product_cat-chup-anh-gel","9":"first","10":"outofstock","11":"shipping-taxable","12":"product-type-simple"},"acf":[],"yoast_head":"<!-- This site is optimized with the Yoast SEO plugin v26.8 - https:\/\/yoast.com\/product\/yoast-seo-wordpress\/ -->\n<title>M\u00e1y Ch\u1ee5p \u1ea2nh Gel FireReader V10<\/title>\n<meta name=\"description\" content=\"FireReader V10 l\u00e0 m\u1ed9t h\u1ec7 th\u1ed1ng ch\u1ee5p \u1ea3nh gel c\u00f3 c\u1ea5u h\u00ecnh k\u1ef9 thu\u1eadt c\u1ef1c cao, cung c\u1ea5p \u0111\u1ebfn 7 ngu\u1ed3n \u00e1nh s\u00e1ng kh\u00e1c nhau v\u00e0 nhi\u1ec1u \u1ee9ng d\u1ee5ng.\" \/>\n<meta name=\"robots\" content=\"index, follow, max-snippet:-1, max-image-preview:large, max-video-preview:-1\" \/>\n<link rel=\"canonical\" href=\"https:\/\/biogroupvietnam.com\/vi\/san-pham\/firereader-v10\/\" \/>\n<meta property=\"og:locale\" content=\"vi_VN\" \/>\n<meta property=\"og:type\" content=\"article\" \/>\n<meta property=\"og:title\" content=\"M\u00e1y Ch\u1ee5p \u1ea2nh Gel FireReader V10\" \/>\n<meta property=\"og:description\" content=\"FireReader V10 l\u00e0 m\u1ed9t h\u1ec7 th\u1ed1ng ch\u1ee5p \u1ea3nh gel c\u00f3 c\u1ea5u h\u00ecnh k\u1ef9 thu\u1eadt c\u1ef1c cao, cung c\u1ea5p \u0111\u1ebfn 7 ngu\u1ed3n \u00e1nh s\u00e1ng kh\u00e1c nhau v\u00e0 nhi\u1ec1u \u1ee9ng d\u1ee5ng.\" \/>\n<meta property=\"og:url\" content=\"https:\/\/biogroupvietnam.com\/vi\/san-pham\/firereader-v10\/\" \/>\n<meta property=\"og:site_name\" content=\"Biogroup Vietnam\" \/>\n<meta property=\"article:modified_time\" content=\"2025-09-29T08:08:45+00:00\" \/>\n<meta property=\"og:image\" content=\"https:\/\/biogroupvietnam.com\/wp-content\/uploads\/2025\/08\/FireReader20V10.png\" \/>\n\t<meta property=\"og:image:width\" content=\"1600\" \/>\n\t<meta property=\"og:image:height\" content=\"1229\" \/>\n\t<meta property=\"og:image:type\" content=\"image\/png\" \/>\n<meta name=\"twitter:card\" content=\"summary_large_image\" \/>\n<meta name=\"twitter:label1\" content=\"\u01af\u1edbc t\u00ednh th\u1eddi gian \u0111\u1ecdc\" \/>\n\t<meta name=\"twitter:data1\" content=\"4 ph\u00fat\" \/>\n<script type=\"application\/ld+json\" class=\"yoast-schema-graph\">{\"@context\":\"https:\/\/schema.org\",\"@graph\":[{\"@type\":\"WebPage\",\"@id\":\"https:\/\/biogroupvietnam.com\/vi\/san-pham\/firereader-v10\/\",\"url\":\"https:\/\/biogroupvietnam.com\/vi\/san-pham\/firereader-v10\/\",\"name\":\"M\u00e1y Ch\u1ee5p \u1ea2nh Gel FireReader V10\",\"isPartOf\":{\"@id\":\"https:\/\/biogroupvietnam.com\/vi\/#website\"},\"primaryImageOfPage\":{\"@id\":\"https:\/\/biogroupvietnam.com\/vi\/san-pham\/firereader-v10\/#primaryimage\"},\"image\":{\"@id\":\"https:\/\/biogroupvietnam.com\/vi\/san-pham\/firereader-v10\/#primaryimage\"},\"thumbnailUrl\":\"https:\/\/biogroupvietnam.com\/wp-content\/uploads\/2025\/08\/FireReader20V10.png\",\"datePublished\":\"2025-08-18T12:54:15+00:00\",\"dateModified\":\"2025-09-29T08:08:45+00:00\",\"description\":\"FireReader V10 l\u00e0 m\u1ed9t h\u1ec7 th\u1ed1ng ch\u1ee5p \u1ea3nh gel c\u00f3 c\u1ea5u h\u00ecnh k\u1ef9 thu\u1eadt c\u1ef1c cao, cung c\u1ea5p \u0111\u1ebfn 7 ngu\u1ed3n \u00e1nh s\u00e1ng kh\u00e1c nhau v\u00e0 nhi\u1ec1u \u1ee9ng d\u1ee5ng.\",\"breadcrumb\":{\"@id\":\"https:\/\/biogroupvietnam.com\/vi\/san-pham\/firereader-v10\/#breadcrumb\"},\"inLanguage\":\"vi\",\"potentialAction\":[{\"@type\":\"ReadAction\",\"target\":[\"https:\/\/biogroupvietnam.com\/vi\/san-pham\/firereader-v10\/\"]}]},{\"@type\":\"ImageObject\",\"inLanguage\":\"vi\",\"@id\":\"https:\/\/biogroupvietnam.com\/vi\/san-pham\/firereader-v10\/#primaryimage\",\"url\":\"https:\/\/biogroupvietnam.com\/wp-content\/uploads\/2025\/08\/FireReader20V10.png\",\"contentUrl\":\"https:\/\/biogroupvietnam.com\/wp-content\/uploads\/2025\/08\/FireReader20V10.png\",\"width\":1600,\"height\":1229,\"caption\":\"\u00a0\"},{\"@type\":\"BreadcrumbList\",\"@id\":\"https:\/\/biogroupvietnam.com\/vi\/san-pham\/firereader-v10\/#breadcrumb\",\"itemListElement\":[{\"@type\":\"ListItem\",\"position\":1,\"name\":\"Trang ch\u1ee7\",\"item\":\"https:\/\/biogroupvietnam.com\/vi\/\"},{\"@type\":\"ListItem\",\"position\":2,\"name\":\"S\u1ea3n ph\u1ea9m\",\"item\":\"https:\/\/biogroupvietnam.com\/vi\/san-pham\/\"},{\"@type\":\"ListItem\",\"position\":3,\"name\":\"R&amp;D Sinh H\u1ecdc\",\"item\":\"https:\/\/biogroupvietnam.com\/vi\/danh-muc-san-pham\/rd-sinh-hoc\/\"},{\"@type\":\"ListItem\",\"position\":4,\"name\":\"Ch\u1ee5p \u1ea2nh Gel\",\"item\":\"https:\/\/biogroupvietnam.com\/vi\/danh-muc-san-pham\/chup-anh-gel\/\"},{\"@type\":\"ListItem\",\"position\":5,\"name\":\"M\u00e1y Ch\u1ee5p \u1ea2nh Gel FireReader V10\"}]},{\"@type\":\"WebSite\",\"@id\":\"https:\/\/biogroupvietnam.com\/vi\/#website\",\"url\":\"https:\/\/biogroupvietnam.com\/vi\/\",\"name\":\"Biogroup Vietnam\",\"description\":\"Biogroup Vietnam cung c\u1ea5p d\u1ecbch v\u1ee5 k\u1ef9 thu\u1eadt c\u00f9ng thi\u1ebft b\u1ecb, v\u1eadt t\u01b0, h\u00f3a ch\u1ea5t v\u00e0 gi\u1ea3i ph\u00e1p sinh h\u1ecdc cho ph\u00f2ng th\u00ed nghi\u1ec7m c\u00f4ng ngh\u1ec7 sinh h\u1ecdc, y sinh v\u00e0 y h\u1ecdc t\u00e1i t\u1ea1o.\",\"potentialAction\":[{\"@type\":\"SearchAction\",\"target\":{\"@type\":\"EntryPoint\",\"urlTemplate\":\"https:\/\/biogroupvietnam.com\/vi\/?s={search_term_string}\"},\"query-input\":{\"@type\":\"PropertyValueSpecification\",\"valueRequired\":true,\"valueName\":\"search_term_string\"}}],\"inLanguage\":\"vi\"}]}<\/script>\n<!-- \/ Yoast SEO plugin. -->","yoast_head_json":{"title":"M\u00e1y Ch\u1ee5p \u1ea2nh Gel FireReader V10","description":"FireReader V10 l\u00e0 m\u1ed9t h\u1ec7 th\u1ed1ng ch\u1ee5p \u1ea3nh gel c\u00f3 c\u1ea5u h\u00ecnh k\u1ef9 thu\u1eadt c\u1ef1c cao, cung c\u1ea5p \u0111\u1ebfn 7 ngu\u1ed3n \u00e1nh s\u00e1ng kh\u00e1c nhau v\u00e0 nhi\u1ec1u \u1ee9ng d\u1ee5ng.","robots":{"index":"index","follow":"follow","max-snippet":"max-snippet:-1","max-image-preview":"max-image-preview:large","max-video-preview":"max-video-preview:-1"},"canonical":"https:\/\/biogroupvietnam.com\/vi\/san-pham\/firereader-v10\/","og_locale":"vi_VN","og_type":"article","og_title":"M\u00e1y Ch\u1ee5p \u1ea2nh Gel FireReader V10","og_description":"FireReader V10 l\u00e0 m\u1ed9t h\u1ec7 th\u1ed1ng ch\u1ee5p \u1ea3nh gel c\u00f3 c\u1ea5u h\u00ecnh k\u1ef9 thu\u1eadt c\u1ef1c cao, cung c\u1ea5p \u0111\u1ebfn 7 ngu\u1ed3n \u00e1nh s\u00e1ng kh\u00e1c nhau v\u00e0 nhi\u1ec1u \u1ee9ng d\u1ee5ng.","og_url":"https:\/\/biogroupvietnam.com\/vi\/san-pham\/firereader-v10\/","og_site_name":"Biogroup Vietnam","article_modified_time":"2025-09-29T08:08:45+00:00","og_image":[{"width":1600,"height":1229,"url":"https:\/\/biogroupvietnam.com\/wp-content\/uploads\/2025\/08\/FireReader20V10.png","type":"image\/png"}],"twitter_card":"summary_large_image","twitter_misc":{"\u01af\u1edbc t\u00ednh th\u1eddi gian \u0111\u1ecdc":"4 ph\u00fat"},"schema":{"@context":"https:\/\/schema.org","@graph":[{"@type":"WebPage","@id":"https:\/\/biogroupvietnam.com\/vi\/san-pham\/firereader-v10\/","url":"https:\/\/biogroupvietnam.com\/vi\/san-pham\/firereader-v10\/","name":"M\u00e1y Ch\u1ee5p \u1ea2nh Gel FireReader V10","isPartOf":{"@id":"https:\/\/biogroupvietnam.com\/vi\/#website"},"primaryImageOfPage":{"@id":"https:\/\/biogroupvietnam.com\/vi\/san-pham\/firereader-v10\/#primaryimage"},"image":{"@id":"https:\/\/biogroupvietnam.com\/vi\/san-pham\/firereader-v10\/#primaryimage"},"thumbnailUrl":"https:\/\/biogroupvietnam.com\/wp-content\/uploads\/2025\/08\/FireReader20V10.png","datePublished":"2025-08-18T12:54:15+00:00","dateModified":"2025-09-29T08:08:45+00:00","description":"FireReader V10 l\u00e0 m\u1ed9t h\u1ec7 th\u1ed1ng ch\u1ee5p \u1ea3nh gel c\u00f3 c\u1ea5u h\u00ecnh k\u1ef9 thu\u1eadt c\u1ef1c cao, cung c\u1ea5p \u0111\u1ebfn 7 ngu\u1ed3n \u00e1nh s\u00e1ng kh\u00e1c nhau v\u00e0 nhi\u1ec1u \u1ee9ng d\u1ee5ng.","breadcrumb":{"@id":"https:\/\/biogroupvietnam.com\/vi\/san-pham\/firereader-v10\/#breadcrumb"},"inLanguage":"vi","potentialAction":[{"@type":"ReadAction","target":["https:\/\/biogroupvietnam.com\/vi\/san-pham\/firereader-v10\/"]}]},{"@type":"ImageObject","inLanguage":"vi","@id":"https:\/\/biogroupvietnam.com\/vi\/san-pham\/firereader-v10\/#primaryimage","url":"https:\/\/biogroupvietnam.com\/wp-content\/uploads\/2025\/08\/FireReader20V10.png","contentUrl":"https:\/\/biogroupvietnam.com\/wp-content\/uploads\/2025\/08\/FireReader20V10.png","width":1600,"height":1229,"caption":"\u00a0"},{"@type":"BreadcrumbList","@id":"https:\/\/biogroupvietnam.com\/vi\/san-pham\/firereader-v10\/#breadcrumb","itemListElement":[{"@type":"ListItem","position":1,"name":"Trang ch\u1ee7","item":"https:\/\/biogroupvietnam.com\/vi\/"},{"@type":"ListItem","position":2,"name":"S\u1ea3n ph\u1ea9m","item":"https:\/\/biogroupvietnam.com\/vi\/san-pham\/"},{"@type":"ListItem","position":3,"name":"R&amp;D Sinh H\u1ecdc","item":"https:\/\/biogroupvietnam.com\/vi\/danh-muc-san-pham\/rd-sinh-hoc\/"},{"@type":"ListItem","position":4,"name":"Ch\u1ee5p \u1ea2nh Gel","item":"https:\/\/biogroupvietnam.com\/vi\/danh-muc-san-pham\/chup-anh-gel\/"},{"@type":"ListItem","position":5,"name":"M\u00e1y Ch\u1ee5p \u1ea2nh Gel FireReader V10"}]},{"@type":"WebSite","@id":"https:\/\/biogroupvietnam.com\/vi\/#website","url":"https:\/\/biogroupvietnam.com\/vi\/","name":"Biogroup Vietnam","description":"Biogroup Vietnam cung c\u1ea5p d\u1ecbch v\u1ee5 k\u1ef9 thu\u1eadt c\u00f9ng thi\u1ebft b\u1ecb, v\u1eadt t\u01b0, h\u00f3a ch\u1ea5t v\u00e0 gi\u1ea3i ph\u00e1p sinh h\u1ecdc cho ph\u00f2ng th\u00ed nghi\u1ec7m c\u00f4ng ngh\u1ec7 sinh h\u1ecdc, y sinh v\u00e0 y h\u1ecdc t\u00e1i t\u1ea1o.","potentialAction":[{"@type":"SearchAction","target":{"@type":"EntryPoint","urlTemplate":"https:\/\/biogroupvietnam.com\/vi\/?s={search_term_string}"},"query-input":{"@type":"PropertyValueSpecification","valueRequired":true,"valueName":"search_term_string"}}],"inLanguage":"vi"}]}},"_links":{"self":[{"href":"https:\/\/biogroupvietnam.com\/vi\/wp-json\/wp\/v2\/product\/3884","targetHints":{"allow":["GET"]}}],"collection":[{"href":"https:\/\/biogroupvietnam.com\/vi\/wp-json\/wp\/v2\/product"}],"about":[{"href":"https:\/\/biogroupvietnam.com\/vi\/wp-json\/wp\/v2\/types\/product"}],"replies":[{"embeddable":true,"href":"https:\/\/biogroupvietnam.com\/vi\/wp-json\/wp\/v2\/comments?post=3884"}],"version-history":[{"count":2,"href":"https:\/\/biogroupvietnam.com\/vi\/wp-json\/wp\/v2\/product\/3884\/revisions"}],"predecessor-version":[{"id":8253,"href":"https:\/\/biogroupvietnam.com\/vi\/wp-json\/wp\/v2\/product\/3884\/revisions\/8253"}],"wp:featuredmedia":[{"embeddable":true,"href":"https:\/\/biogroupvietnam.com\/vi\/wp-json\/wp\/v2\/media\/5475"}],"wp:attachment":[{"href":"https:\/\/biogroupvietnam.com\/vi\/wp-json\/wp\/v2\/media?parent=3884"}],"wp:term":[{"taxonomy":"product_brand","embeddable":true,"href":"https:\/\/biogroupvietnam.com\/vi\/wp-json\/wp\/v2\/product_brand?post=3884"},{"taxonomy":"product_cat","embeddable":true,"href":"https:\/\/biogroupvietnam.com\/vi\/wp-json\/wp\/v2\/product_cat?post=3884"},{"taxonomy":"product_tag","embeddable":true,"href":"https:\/\/biogroupvietnam.com\/vi\/wp-json\/wp\/v2\/product_tag?post=3884"}],"curies":[{"name":"wp","href":"https:\/\/api.w.org\/{rel}","templated":true}]}}