{"id":3885,"date":"2025-08-18T19:54:15","date_gmt":"2025-08-18T12:54:15","guid":{"rendered":"http:\/\/biogroupvietnam-worldpress.local\/product\/import-placeholder-for-164\/"},"modified":"2025-09-29T15:08:45","modified_gmt":"2025-09-29T08:08:45","slug":"essential-v6","status":"publish","type":"product","link":"https:\/\/biogroupvietnam.com\/vi\/san-pham\/essential-v6\/","title":{"rendered":"M\u00e1y Ch\u1ee5p \u1ea2nh Gel Essential V6"},"content":{"rendered":"<p><span style=\"background-color:transparent;color:#000000;font-family:Arial,sans-serif;font-size:12pt;\"><i><strong>M\u00e1y ch\u1ee5p \u1ea3nh gel Essential V6 cao c\u1ea5p nh\u1ecf g\u1ecdn<\/strong><\/i><\/span><\/p>\n<p><span style=\"background-color:transparent;color:#000000;font-family:Arial,sans-serif;font-size:12pt;\">Essential V6 l\u00fd t\u01b0\u1edfng cho vi\u1ec7c thu nh\u1eadn gel, tr\u1ef1c quan h\u00f3a, \u0111\u1ecbnh l\u01b0\u1ee3ng DNA, RNA, protein v\u1edbi trang b\u1ecb c\u1ea3m bi\u1ebfn 3 megapixel. S\u1ea3n ph\u1ea9m cung c\u1ea5p \u0111\u1ebfn 65.535 m\u1ee9c x\u00e1m (16-bit), l\u00fd t\u01b0\u1edfng cho quy tr\u00ecnh ch\u1ee5p \u1ea3nh trong ph\u00f2ng th\u00ed nghi\u1ec7m, thu th\u1eadp d\u1eef li\u1ec7u nghi\u00ean c\u1ee9u v\u00e0 ph\u00e2n t\u00edch \u0111\u1ecbnh l\u01b0\u1ee3ng protein ch\u00ednh x\u00e1c.<\/span><\/p>\n<h3><span style=\"background-color:transparent;color:#000000;font-family:Arial,sans-serif;font-size:16pt;\"><strong>T\u00ednh n\u0103ng s\u1ea3n ph\u1ea9m<\/strong><\/span><\/h3>\n<ul>\n<li><span style=\"background-color:transparent;color:#000000;font-family:Arial,sans-serif;font-size:12pt;\">Ho\u00e0n to\u00e0n t\u1ef1 \u0111\u1ed9ng&nbsp;<\/span><\/li>\n<li><span style=\"background-color:transparent;color:#000000;font-family:Arial,sans-serif;font-size:12pt;\">Thang \u0111\u1ed9 x\u00e1m \u0111\u1ebfn 65,535 (16-bit)&nbsp;<\/span><\/li>\n<li><span style=\"background-color:transparent;color:#000000;font-family:Arial,sans-serif;font-size:12pt;\">\u0110\u1ed9 ph\u00e2n gi\u1ea3i h\u00ecnh \u1ea3nh l\u00ean \u0111\u1ebfn 6 megapixel (MP)&nbsp;<\/span><\/li>\n<li><span style=\"background-color:transparent;color:#000000;font-family:Arial,sans-serif;font-size:12pt;\">B\u1eb1ng th\u00e9p kh\u00f4ng g\u1ec9&nbsp;<\/span><\/li>\n<li><span style=\"background-color:transparent;color:#000000;font-family:Arial,sans-serif;font-size:12pt;\">Ph\u1ea7n m\u1ec1m ng\u01b0\u1eddi d\u00f9ng kh\u00f4ng gi\u1edbi h\u1ea1n<\/span><\/li>\n<\/ul>\n<h3><span style=\"background-color:transparent;color:#000000;font-family:Arial,sans-serif;font-size:16pt;\"><strong>\u1ee8ng d\u1ee5ng<\/strong><\/span><\/h3>\n<ul>\n<li><span style=\"background-color:transparent;color:#000000;font-family:Arial,sans-serif;font-size:12pt;\"><strong>Ngu\u1ed3n s\u00e1ng hu\u1ef3nh quang (Fluorescence):<\/strong>&nbsp;<\/span><\/li>\n<\/ul>\n<p><span style=\"background-color:transparent;color:#000000;font-family:Arial,sans-serif;font-size:12pt;\">C\u00e1c gel DNA v\u00e0 RNA \u0111\u01b0\u1ee3c nhu\u1ed9m b\u1edfi c\u00e1c ch\u1ea5t nhu\u1ed9m hu\u1ef3nh quang nh\u01b0: EtBr (Ethidium Bromide), GelRed, GelGreen, SYBR Safe &amp; Green &amp; Gold, Sypro Ruby, Emerald, Midori Green\u2026<\/span><\/p>\n<ul>\n<li><span style=\"background-color:transparent;color:#000000;font-family:Arial,sans-serif;font-size:12pt;\"><strong>Ngu\u1ed3n s\u00e1ng tr\u1eafng (Visible Imaging) &#8211; T\u00f9y ch\u1ecdn th\u00eam ch\u1ee5p \u1ea3nh gel protein v\u00e0 gel nhu\u1ed9m m\u00e0u<\/strong><\/span><\/li>\n<\/ul>\n<p><span style=\"background-color:transparent;color:#000000;font-family:Arial,sans-serif;font-size:12pt;\">Quan s\u00e1t c\u00e1c gel protein v\u00e0 so m\u00e0u (colorimetry) nhu\u1ed9m Coomassie Blue, Cooper, Silver-stained, Red Ponceau, v\u00e0 \u0111\u1ebfm khu\u1ea9n l\u1ea1c tr\u00ean \u0111\u0129a petri,\u2026<\/span><\/p>\n<h3><span style=\"background-color:transparent;color:#000000;font-family:Arial,sans-serif;font-size:16pt;\"><strong>\u01afu \u0111i\u1ec3m n\u1ed5i b\u1eadt c\u1ee7a ph\u1ea7n m\u1ec1m ch\u1ee5p &amp; ph\u00e2n t\u00edch h\u00ecnh \u1ea3nh gel<\/strong><\/span><\/h3>\n<ul>\n<li><span style=\"background-color:transparent;color:#000000;font-family:Arial,sans-serif;font-size:12pt;\">T\u1ef1 \u0111\u1ed9ng l\u1ea5y n\u00e9t: t\u1ea1o \u1ea3nh lu\u00f4n s\u1eafc n\u00e9t.&nbsp;<\/span><\/li>\n<li><span style=\"background-color:transparent;color:#000000;font-family:Arial,sans-serif;font-size:12pt;\">Ch\u1ebf \u0111\u1ed9 Live-3D: c\u00f4ng c\u1ee5 tr\u01b0\u1edbc khi thu nh\u1eadn h\u00ecnh \u1ea3nh \u0111\u1ed9c \u0111\u00e1o.&nbsp;<\/span><\/li>\n<li><span style=\"background-color:transparent;color:#000000;font-family:Arial,sans-serif;font-size:12pt;\">C\u00f3 th\u1ec3 t\u00f9y ch\u1ec9nh: t\u1ea5t c\u1ea3 c\u00e1c protocols c\u00f3 th\u1ec3 \u0111i\u1ec1u ch\u1ec9nh, kh\u1ea3 n\u0103ng v\u00f4 t\u1eadn.&nbsp;<\/span><\/li>\n<li><span style=\"background-color:transparent;color:#000000;font-family:Arial,sans-serif;font-size:12pt;\">Ch\u1ec9nh s\u1eeda kh\u00f4ng gi\u1edbi h\u1ea1n: bao g\u1ed3m v\u00f4 s\u1ed1 c\u00f4ng c\u1ee5&nbsp;<\/span><\/li>\n<li><span style=\"background-color:transparent;color:#000000;font-family:Arial,sans-serif;font-size:12pt;\">Ph\u00e2n t\u00edch: \u0111\u1ecbnh l\u01b0\u1ee3ng, tr\u1ecdng l\u01b0\u1ee3ng ph\u00e2n t\u1eed, kho\u1ea3ng c\u00e1ch, \u0111\u1ebfm khu\u1ea9n l\u1ea1c&nbsp;<\/span><\/li>\n<li><span style=\"background-color:transparent;color:#000000;font-family:Arial,sans-serif;font-size:12pt;\">Tu\u00e2n th\u1ee7 ti\u00eau chu\u1ea9n: GLP v\u00e0 21-CFR-part-11<\/span><\/li>\n<\/ul>\n","protected":false},"excerpt":{"rendered":"<p>M\u00e1y ch\u1ee5p \u1ea3nh gel Essential V6 cao c\u1ea5p nh\u1ecf g\u1ecdn Essential V6 l\u00fd t\u01b0\u1edfng cho vi\u1ec7c thu nh\u1eadn gel, tr\u1ef1c quan h\u00f3a, \u0111\u1ecbnh l\u01b0\u1ee3ng DNA, RNA, protein v\u1edbi trang b\u1ecb c\u1ea3m bi\u1ebfn 3 megapixel. S\u1ea3n ph\u1ea9m cung c\u1ea5p \u0111\u1ebfn 65.535 m\u1ee9c x\u00e1m (16-bit), l\u00fd t\u01b0\u1edfng cho quy tr\u00ecnh ch\u1ee5p \u1ea3nh trong ph\u00f2ng th\u00ed nghi\u1ec7m, thu<\/p>\n<div class=\"klb-readmore post-buttons\"><a class=\"button rounded primary\" href=\"https:\/\/biogroupvietnam.com\/vi\/san-pham\/essential-v6\/\">Read More <i class=\"klbth-icon-right-arrow\"><\/i><\/a><\/div>\n","protected":false},"featured_media":5476,"comment_status":"closed","ping_status":"closed","template":"","meta":{"_acf_changed":false},"product_brand":[136],"product_cat":[110],"product_tag":[],"class_list":{"0":"post-3885","1":"product","2":"type-product","3":"status-publish","4":"has-post-thumbnail","6":"product_brand-uvitec","7":"product_cat-chup-anh-gel","9":"first","10":"outofstock","11":"shipping-taxable","12":"product-type-simple"},"acf":[],"yoast_head":"<!-- This site is optimized with the Yoast SEO plugin v26.8 - https:\/\/yoast.com\/product\/yoast-seo-wordpress\/ -->\n<title>M\u00e1y Ch\u1ee5p \u1ea2nh Gel Essential V6<\/title>\n<meta name=\"description\" content=\"M\u00e1y\u00a0ch\u1ee5p \u1ea3nh gel Essential V6 cao c\u1ea5p nh\u1ecf g\u1ecdn, l\u00fd t\u01b0\u1edfng cho vi\u1ec7c thu nh\u1eadn gel, tr\u1ef1c quan h\u00f3a, \u0111\u1ecbnh l\u01b0\u1ee3ng DNA, RNA, protein.\" \/>\n<meta name=\"robots\" content=\"index, follow, max-snippet:-1, max-image-preview:large, max-video-preview:-1\" \/>\n<link rel=\"canonical\" href=\"https:\/\/biogroupvietnam.com\/vi\/san-pham\/essential-v6\/\" \/>\n<meta property=\"og:locale\" content=\"vi_VN\" \/>\n<meta property=\"og:type\" content=\"article\" \/>\n<meta property=\"og:title\" content=\"M\u00e1y Ch\u1ee5p \u1ea2nh Gel Essential V6\" \/>\n<meta property=\"og:description\" content=\"M\u00e1y\u00a0ch\u1ee5p \u1ea3nh gel Essential V6 cao c\u1ea5p nh\u1ecf g\u1ecdn, l\u00fd t\u01b0\u1edfng cho vi\u1ec7c thu nh\u1eadn gel, tr\u1ef1c quan h\u00f3a, \u0111\u1ecbnh l\u01b0\u1ee3ng DNA, RNA, protein.\" \/>\n<meta property=\"og:url\" content=\"https:\/\/biogroupvietnam.com\/vi\/san-pham\/essential-v6\/\" \/>\n<meta property=\"og:site_name\" content=\"Biogroup Vietnam\" \/>\n<meta property=\"article:modified_time\" content=\"2025-09-29T08:08:45+00:00\" \/>\n<meta property=\"og:image\" content=\"https:\/\/biogroupvietnam.com\/wp-content\/uploads\/2025\/08\/Essential-v6.png\" \/>\n\t<meta property=\"og:image:width\" content=\"1600\" \/>\n\t<meta property=\"og:image:height\" content=\"1229\" \/>\n\t<meta property=\"og:image:type\" content=\"image\/png\" \/>\n<meta name=\"twitter:card\" content=\"summary_large_image\" \/>\n<meta name=\"twitter:label1\" content=\"\u01af\u1edbc t\u00ednh th\u1eddi gian \u0111\u1ecdc\" \/>\n\t<meta name=\"twitter:data1\" content=\"2 ph\u00fat\" \/>\n<script type=\"application\/ld+json\" class=\"yoast-schema-graph\">{\"@context\":\"https:\/\/schema.org\",\"@graph\":[{\"@type\":\"WebPage\",\"@id\":\"https:\/\/biogroupvietnam.com\/vi\/san-pham\/essential-v6\/\",\"url\":\"https:\/\/biogroupvietnam.com\/vi\/san-pham\/essential-v6\/\",\"name\":\"M\u00e1y Ch\u1ee5p \u1ea2nh Gel Essential V6\",\"isPartOf\":{\"@id\":\"https:\/\/biogroupvietnam.com\/vi\/#website\"},\"primaryImageOfPage\":{\"@id\":\"https:\/\/biogroupvietnam.com\/vi\/san-pham\/essential-v6\/#primaryimage\"},\"image\":{\"@id\":\"https:\/\/biogroupvietnam.com\/vi\/san-pham\/essential-v6\/#primaryimage\"},\"thumbnailUrl\":\"https:\/\/biogroupvietnam.com\/wp-content\/uploads\/2025\/08\/Essential-v6.png\",\"datePublished\":\"2025-08-18T12:54:15+00:00\",\"dateModified\":\"2025-09-29T08:08:45+00:00\",\"description\":\"M\u00e1y\u00a0ch\u1ee5p \u1ea3nh gel Essential V6 cao c\u1ea5p nh\u1ecf g\u1ecdn, l\u00fd t\u01b0\u1edfng cho vi\u1ec7c thu nh\u1eadn gel, tr\u1ef1c quan h\u00f3a, \u0111\u1ecbnh l\u01b0\u1ee3ng DNA, RNA, protein.\",\"breadcrumb\":{\"@id\":\"https:\/\/biogroupvietnam.com\/vi\/san-pham\/essential-v6\/#breadcrumb\"},\"inLanguage\":\"vi\",\"potentialAction\":[{\"@type\":\"ReadAction\",\"target\":[\"https:\/\/biogroupvietnam.com\/vi\/san-pham\/essential-v6\/\"]}]},{\"@type\":\"ImageObject\",\"inLanguage\":\"vi\",\"@id\":\"https:\/\/biogroupvietnam.com\/vi\/san-pham\/essential-v6\/#primaryimage\",\"url\":\"https:\/\/biogroupvietnam.com\/wp-content\/uploads\/2025\/08\/Essential-v6.png\",\"contentUrl\":\"https:\/\/biogroupvietnam.com\/wp-content\/uploads\/2025\/08\/Essential-v6.png\",\"width\":1600,\"height\":1229,\"caption\":\"\u00a0\"},{\"@type\":\"BreadcrumbList\",\"@id\":\"https:\/\/biogroupvietnam.com\/vi\/san-pham\/essential-v6\/#breadcrumb\",\"itemListElement\":[{\"@type\":\"ListItem\",\"position\":1,\"name\":\"Trang ch\u1ee7\",\"item\":\"https:\/\/biogroupvietnam.com\/vi\/\"},{\"@type\":\"ListItem\",\"position\":2,\"name\":\"S\u1ea3n ph\u1ea9m\",\"item\":\"https:\/\/biogroupvietnam.com\/vi\/san-pham\/\"},{\"@type\":\"ListItem\",\"position\":3,\"name\":\"R&amp;D Sinh H\u1ecdc\",\"item\":\"https:\/\/biogroupvietnam.com\/vi\/danh-muc-san-pham\/rd-sinh-hoc\/\"},{\"@type\":\"ListItem\",\"position\":4,\"name\":\"Ch\u1ee5p \u1ea2nh Gel\",\"item\":\"https:\/\/biogroupvietnam.com\/vi\/danh-muc-san-pham\/chup-anh-gel\/\"},{\"@type\":\"ListItem\",\"position\":5,\"name\":\"M\u00e1y Ch\u1ee5p \u1ea2nh Gel Essential V6\"}]},{\"@type\":\"WebSite\",\"@id\":\"https:\/\/biogroupvietnam.com\/vi\/#website\",\"url\":\"https:\/\/biogroupvietnam.com\/vi\/\",\"name\":\"Biogroup Vietnam\",\"description\":\"Biogroup Vietnam cung c\u1ea5p d\u1ecbch v\u1ee5 k\u1ef9 thu\u1eadt c\u00f9ng thi\u1ebft b\u1ecb, v\u1eadt t\u01b0, h\u00f3a ch\u1ea5t v\u00e0 gi\u1ea3i ph\u00e1p sinh h\u1ecdc cho ph\u00f2ng th\u00ed nghi\u1ec7m c\u00f4ng ngh\u1ec7 sinh h\u1ecdc, y sinh v\u00e0 y h\u1ecdc t\u00e1i t\u1ea1o.\",\"potentialAction\":[{\"@type\":\"SearchAction\",\"target\":{\"@type\":\"EntryPoint\",\"urlTemplate\":\"https:\/\/biogroupvietnam.com\/vi\/?s={search_term_string}\"},\"query-input\":{\"@type\":\"PropertyValueSpecification\",\"valueRequired\":true,\"valueName\":\"search_term_string\"}}],\"inLanguage\":\"vi\"}]}<\/script>\n<!-- \/ Yoast SEO plugin. -->","yoast_head_json":{"title":"M\u00e1y Ch\u1ee5p \u1ea2nh Gel Essential V6","description":"M\u00e1y\u00a0ch\u1ee5p \u1ea3nh gel Essential V6 cao c\u1ea5p nh\u1ecf g\u1ecdn, l\u00fd t\u01b0\u1edfng cho vi\u1ec7c thu nh\u1eadn gel, tr\u1ef1c quan h\u00f3a, \u0111\u1ecbnh l\u01b0\u1ee3ng DNA, RNA, protein.","robots":{"index":"index","follow":"follow","max-snippet":"max-snippet:-1","max-image-preview":"max-image-preview:large","max-video-preview":"max-video-preview:-1"},"canonical":"https:\/\/biogroupvietnam.com\/vi\/san-pham\/essential-v6\/","og_locale":"vi_VN","og_type":"article","og_title":"M\u00e1y Ch\u1ee5p \u1ea2nh Gel Essential V6","og_description":"M\u00e1y\u00a0ch\u1ee5p \u1ea3nh gel Essential V6 cao c\u1ea5p nh\u1ecf g\u1ecdn, l\u00fd t\u01b0\u1edfng cho vi\u1ec7c thu nh\u1eadn gel, tr\u1ef1c quan h\u00f3a, \u0111\u1ecbnh l\u01b0\u1ee3ng DNA, RNA, protein.","og_url":"https:\/\/biogroupvietnam.com\/vi\/san-pham\/essential-v6\/","og_site_name":"Biogroup Vietnam","article_modified_time":"2025-09-29T08:08:45+00:00","og_image":[{"width":1600,"height":1229,"url":"https:\/\/biogroupvietnam.com\/wp-content\/uploads\/2025\/08\/Essential-v6.png","type":"image\/png"}],"twitter_card":"summary_large_image","twitter_misc":{"\u01af\u1edbc t\u00ednh th\u1eddi gian \u0111\u1ecdc":"2 ph\u00fat"},"schema":{"@context":"https:\/\/schema.org","@graph":[{"@type":"WebPage","@id":"https:\/\/biogroupvietnam.com\/vi\/san-pham\/essential-v6\/","url":"https:\/\/biogroupvietnam.com\/vi\/san-pham\/essential-v6\/","name":"M\u00e1y Ch\u1ee5p \u1ea2nh Gel Essential V6","isPartOf":{"@id":"https:\/\/biogroupvietnam.com\/vi\/#website"},"primaryImageOfPage":{"@id":"https:\/\/biogroupvietnam.com\/vi\/san-pham\/essential-v6\/#primaryimage"},"image":{"@id":"https:\/\/biogroupvietnam.com\/vi\/san-pham\/essential-v6\/#primaryimage"},"thumbnailUrl":"https:\/\/biogroupvietnam.com\/wp-content\/uploads\/2025\/08\/Essential-v6.png","datePublished":"2025-08-18T12:54:15+00:00","dateModified":"2025-09-29T08:08:45+00:00","description":"M\u00e1y\u00a0ch\u1ee5p \u1ea3nh gel Essential V6 cao c\u1ea5p nh\u1ecf g\u1ecdn, l\u00fd t\u01b0\u1edfng cho vi\u1ec7c thu nh\u1eadn gel, tr\u1ef1c quan h\u00f3a, \u0111\u1ecbnh l\u01b0\u1ee3ng DNA, RNA, protein.","breadcrumb":{"@id":"https:\/\/biogroupvietnam.com\/vi\/san-pham\/essential-v6\/#breadcrumb"},"inLanguage":"vi","potentialAction":[{"@type":"ReadAction","target":["https:\/\/biogroupvietnam.com\/vi\/san-pham\/essential-v6\/"]}]},{"@type":"ImageObject","inLanguage":"vi","@id":"https:\/\/biogroupvietnam.com\/vi\/san-pham\/essential-v6\/#primaryimage","url":"https:\/\/biogroupvietnam.com\/wp-content\/uploads\/2025\/08\/Essential-v6.png","contentUrl":"https:\/\/biogroupvietnam.com\/wp-content\/uploads\/2025\/08\/Essential-v6.png","width":1600,"height":1229,"caption":"\u00a0"},{"@type":"BreadcrumbList","@id":"https:\/\/biogroupvietnam.com\/vi\/san-pham\/essential-v6\/#breadcrumb","itemListElement":[{"@type":"ListItem","position":1,"name":"Trang ch\u1ee7","item":"https:\/\/biogroupvietnam.com\/vi\/"},{"@type":"ListItem","position":2,"name":"S\u1ea3n ph\u1ea9m","item":"https:\/\/biogroupvietnam.com\/vi\/san-pham\/"},{"@type":"ListItem","position":3,"name":"R&amp;D Sinh H\u1ecdc","item":"https:\/\/biogroupvietnam.com\/vi\/danh-muc-san-pham\/rd-sinh-hoc\/"},{"@type":"ListItem","position":4,"name":"Ch\u1ee5p \u1ea2nh Gel","item":"https:\/\/biogroupvietnam.com\/vi\/danh-muc-san-pham\/chup-anh-gel\/"},{"@type":"ListItem","position":5,"name":"M\u00e1y Ch\u1ee5p \u1ea2nh Gel Essential V6"}]},{"@type":"WebSite","@id":"https:\/\/biogroupvietnam.com\/vi\/#website","url":"https:\/\/biogroupvietnam.com\/vi\/","name":"Biogroup Vietnam","description":"Biogroup Vietnam cung c\u1ea5p d\u1ecbch v\u1ee5 k\u1ef9 thu\u1eadt c\u00f9ng thi\u1ebft b\u1ecb, v\u1eadt t\u01b0, h\u00f3a ch\u1ea5t v\u00e0 gi\u1ea3i ph\u00e1p sinh h\u1ecdc cho ph\u00f2ng th\u00ed nghi\u1ec7m c\u00f4ng ngh\u1ec7 sinh h\u1ecdc, y sinh v\u00e0 y h\u1ecdc t\u00e1i t\u1ea1o.","potentialAction":[{"@type":"SearchAction","target":{"@type":"EntryPoint","urlTemplate":"https:\/\/biogroupvietnam.com\/vi\/?s={search_term_string}"},"query-input":{"@type":"PropertyValueSpecification","valueRequired":true,"valueName":"search_term_string"}}],"inLanguage":"vi"}]}},"_links":{"self":[{"href":"https:\/\/biogroupvietnam.com\/vi\/wp-json\/wp\/v2\/product\/3885","targetHints":{"allow":["GET"]}}],"collection":[{"href":"https:\/\/biogroupvietnam.com\/vi\/wp-json\/wp\/v2\/product"}],"about":[{"href":"https:\/\/biogroupvietnam.com\/vi\/wp-json\/wp\/v2\/types\/product"}],"replies":[{"embeddable":true,"href":"https:\/\/biogroupvietnam.com\/vi\/wp-json\/wp\/v2\/comments?post=3885"}],"version-history":[{"count":2,"href":"https:\/\/biogroupvietnam.com\/vi\/wp-json\/wp\/v2\/product\/3885\/revisions"}],"predecessor-version":[{"id":8254,"href":"https:\/\/biogroupvietnam.com\/vi\/wp-json\/wp\/v2\/product\/3885\/revisions\/8254"}],"wp:featuredmedia":[{"embeddable":true,"href":"https:\/\/biogroupvietnam.com\/vi\/wp-json\/wp\/v2\/media\/5476"}],"wp:attachment":[{"href":"https:\/\/biogroupvietnam.com\/vi\/wp-json\/wp\/v2\/media?parent=3885"}],"wp:term":[{"taxonomy":"product_brand","embeddable":true,"href":"https:\/\/biogroupvietnam.com\/vi\/wp-json\/wp\/v2\/product_brand?post=3885"},{"taxonomy":"product_cat","embeddable":true,"href":"https:\/\/biogroupvietnam.com\/vi\/wp-json\/wp\/v2\/product_cat?post=3885"},{"taxonomy":"product_tag","embeddable":true,"href":"https:\/\/biogroupvietnam.com\/vi\/wp-json\/wp\/v2\/product_tag?post=3885"}],"curies":[{"name":"wp","href":"https:\/\/api.w.org\/{rel}","templated":true}]}}