{"id":3887,"date":"2025-08-18T19:54:16","date_gmt":"2025-08-18T12:54:16","guid":{"rendered":"http:\/\/biogroupvietnam-worldpress.local\/product\/import-placeholder-for-166\/"},"modified":"2026-04-02T15:19:19","modified_gmt":"2026-04-02T08:19:19","slug":"easysep-ii-phan-tach-te-bao-cd34","status":"publish","type":"product","link":"https:\/\/biogroupvietnam.com\/vi\/san-pham\/easysep-ii-phan-tach-te-bao-cd34\/","title":{"rendered":"B\u1ed9 Kit EasySep\u2122 II Ph\u00e2n T\u00e1ch T\u1ebf B\u00e0o CD34+ T\u1eeb M\u00e1u Cu\u1ed1ng R\u1ed1n Ng\u01b0\u1eddi"},"content":{"rendered":"<p>B\u1ed9 EasySep\u2122 II ph\u00e2n t\u00e1ch t\u1ebf b\u00e0o d\u01b0\u01a1ng t\u00ednh b\u1eb1ng ph\u01b0\u01a1ng ph\u00e1p t\u1eeb t\u00ednh mi\u1ec5n d\u1ecbch.<\/p>\n<h3><strong>T\u1ed5ng quan v\u1ec1 b\u1ed9 kit ph\u00e2n t\u00e1ch t\u1ebf b\u00e0o CD34+ t\u1eeb m\u00e1u cu\u1ed1ng r\u1ed1n<\/strong><\/h3>\n<p>EasySep\u2122 l\u00e0 m\u1ed9t quy tr\u00ecnh t\u00e1ch t\u1ebf b\u00e0o t\u1eeb t\u00ednh mi\u1ec5n d\u1ecbch m\u1ea1nh m\u1ebd, d\u1ef1a tr\u00ean s\u1ef1 li\u00ean k\u1ebft \u0111\u1eb7c hi\u1ec7u c\u1ee7a kh\u00e1ng th\u1ec3 \u0111\u01a1n d\u00f2ng v\u1edbi t\u1ebf b\u00e0o m\u1ee5c ti\u00eau v\u00e0 h\u1ec7 th\u1ed1ng ph\u00e2n t\u00e1ch t\u1eeb t\u00ednh kh\u00f4ng c\u1ed9t \u0111\u01a1n gi\u1ea3n.<\/p>\n<p>B\u1ed9 ph\u00e2n t\u00e1ch t\u1ebf b\u00e0o EasySep\u2122 II \u0111\u01b0\u1ee3c thi\u1ebft k\u1ebf \u0111\u1ec3 ph\u00e2n l\u1eadp c\u00e1c t\u1ebf b\u00e0o CD34+ tinh s\u1ea1ch t\u1eeb m\u00e1u cu\u1ed1ng r\u1ed1n t\u01b0\u01a1i v\u1edbi quy tr\u00ecnh 2 b\u01b0\u1edbc \u0111\u01a1n gi\u1ea3n.\u00a0\u0110\u1ea7u ti\u00ean, c\u00e1c t\u1ebf b\u00e0o ti\u1ec1n th\u00e2n t\u1ea1o m\u00e1u \u0111\u01b0\u1ee3c l\u00e0m gi\u00e0u trong m\u00f4i tr\u01b0\u1eddng <i>RosetteSep\u2122 Human Cord Blood CD34 Pre-Enrichment Cocktail (#15896C)<\/i> c\u00f3 ch\u1ee9a kh\u00e1ng th\u1ec3 nh\u1eadn d\u1ea1ng c\u00e1c t\u1ebf b\u00e0o mi\u1ec5n d\u1ecbch. Sau \u0111\u00f3, c\u00e1c t\u1ebf b\u00e0o CD34+ m\u1ee5c ti\u00eau \u0111\u01b0\u1ee3c g\u1eafn \u0111\u1eb7c hi\u1ec7u v\u1edbi ph\u1ee9c h\u1ee3p kh\u00e1ng th\u1ec3 Tetrameric v\u00e0 c\u00e1c h\u1ea1t t\u1eeb t\u00ednh ph\u1ee7 dextran trong b\u1ed9 <i>EasySep\u2122 Human CD34 Positive Selection Cocktail (#18096C)<\/i>, v\u00e0 \u0111\u01b0\u1ee3c thu nh\u1eadn b\u1eb1ng nam ch\u00e2m EasySep\u2122 kh\u00f4ng c\u1ed9t. Ph\u1ee9c h\u1ee3p n\u00e0y c\u00f3 ch\u1ee9a m\u1ed9t kh\u00e1ng th\u1ec3 \u1ee9c ch\u1ebf th\u1ee5 th\u1ec3 Fc c\u1ee7a c\u00e1c t\u1ebf b\u00e0o mi\u1ec5n d\u1ecbch \u0111\u1ec3 gi\u1ea3m thi\u1ec3u s\u1ef1 li\u00ean k\u1ebft kh\u00f4ng \u0111\u1eb7c hi\u1ec7u. K\u1ebft qu\u1ea3 l\u00e0 c\u00e1c t\u1ebf b\u00e0o kh\u00f4ng mong mu\u1ed1n s\u1ebd \u0111\u01b0\u1ee3c b\u1ecf \u0111i v\u00e0 gi\u1eef l\u1ea1i c\u00e1c t\u1ebf b\u00e0o m\u1ee5c ti\u00eau trong \u1ed1ng nghi\u1ec7m. C\u00e1c t\u1ebf b\u00e0o CD34+ \u0111\u00e3 tinh s\u1ea1ch s\u1eb5n s\u00e0ng \u0111\u1ec3 s\u1eed d\u1ee5ng.<\/p>\n<p>N\u1ebfu ph\u00e2n l\u1eadp t\u1ebf b\u00e0o CD34+ t\u1eeb m\u00e1u t\u01b0\u01a1i ho\u1eb7c l\u1edbp buffy coat th\u00ec n\u00ean s\u1eed d\u1ee5ng b\u1ed9 ph\u00e2n t\u00e1ch ho\u00e0n ch\u1ec9nh t\u1ebf b\u00e0o CD34+ t\u1eeb m\u00e1u to\u00e0n ph\u1ea7n (<i>Complete Kit for Human Whole Blood CD34+ Cells, #15086<\/i>).<\/p>\n<p>N\u1ebfu ph\u00e2n l\u1eadp t\u1ebf b\u00e0o CD34+ t\u1eeb c\u00e1c m\u1eabu kh\u00e1c, bao g\u1ed3m t\u1ebf b\u00e0o t\u1eeb m\u00e1u ngo\u1ea1i vi ho\u1eb7c t\u1ebf b\u00e0o \u0111\u01a1n nh\u00e2n t\u1ee7y x\u01b0\u01a1ng (t\u01b0\u01a1i ho\u1eb7c \u0111\u00e3 \u0111\u01b0\u1ee3c \u0111\u00f4ng l\u1ea1nh), t\u1ebf b\u00e0o \u0111\u01a1n nh\u00e2n trong m\u00e1u d\u00e2y r\u1ed1n \u0111\u00e3 \u0111\u01b0\u1ee3c \u0111\u00f4ng l\u1ea1nh, th\u00ec n\u00ean s\u1eed d\u1ee5ng b\u1ed9 ph\u00e2n t\u00e1ch d\u01b0\u01a1ng t\u00ednh<a href=\"https:\/\/www.stemcell.com\/products\/easysep-human-cd34-positive-selection-kit-ii.html\"> EasySep\u2122 Human CD34 (<i>EasySep\u2122 Human CD34 Positive Selection Kit, #17856<\/i>).<\/a><\/p>\n<p>S\u1ea3n ph\u1ea9m n\u00e0y thay th\u1ebf cho b\u1ed9 ph\u00e2n t\u00e1ch d\u01b0\u01a1ng t\u00ednh <i>EasySep \u2122 Human Cord Blood CD34 (Catalog # 18096<\/i>).<\/p>\n<h3><strong>\u0110\u1eb7c \u0111i\u1ec3m n\u1ed5i b\u1eadt c\u1ee7a b\u1ed9 EasySep\u2122 II<\/strong><\/h3>\n<ul>\n<li>Nhanh v\u00e0 d\u1ec5 s\u1eed d\u1ee5ng<\/li>\n<li>\u0110\u1ed9 tinh s\u1ea1ch l\u00ean \u0111\u1ebfn 98%<\/li>\n<li>Kh\u00f4ng d\u00f9ng c\u1ed9t ph\u00e2n t\u00e1ch t\u1ebf b\u00e0o<\/li>\n<li>C\u00f3 th\u1ec3 k\u1ebft h\u1ee3p v\u1edbi \u1ed1ng ly t\u00e2m <a href=\"https:\/\/biogroupvietnam.com\/vi\/products\/nghien-cuu-sinh-hoc\/phan-lap-te-bao\/ong-sepmate-50-ivd.html\">SepMate\u2122<\/a> \u0111\u1ec3 x\u1eed l\u00fd \u0111\u1ed3ng nh\u1ea5t c\u00e1c m\u1eabu c\u00f3 th\u1ec3 t\u00edch l\u1edbn.<\/li>\n<\/ul>\n<h3><strong>\u1ee8ng d\u1ee5ng c\u1ee7a b\u1ed9 EasySep\u2122 II<\/strong><\/h3>\n<p>Ph\u00e2n l\u1eadp t\u1ebf b\u00e0o CD34+ t\u1eeb m\u00e1u d\u00e2y r\u1ed1n ng\u01b0\u1eddi<\/p>\n<h3><strong>Th\u00f4ng tin \u0111\u1eb7t h\u00e0ng<\/strong><\/h3>\n<p>B\u1ed9 EasySep\u2122 II ph\u00e2n t\u00e1ch t\u1ebf b\u00e0o CD34+ t\u1eeb m\u00e1u cu\u1ed1ng r\u1ed1n ng\u01b0\u1eddi (Catalog #17896), bao g\u1ed3m:<\/p>\n<ul>\n<li>M\u00f4i tr\u01b0\u1eddng l\u00e0m gi\u00e0u t\u1ebf b\u00e0o ti\u1ec1n th\u00e2n t\u1ea1o m\u00e1u (RosetteSep\u2122 Cord Blood CD34 Pre-Enrichment Cocktail II): 2 x 2.5 mL<\/li>\n<li>Ph\u1ee9c h\u1ee3p kh\u00e1ng th\u1ec3 ch\u1ecdn l\u1ecdc CD34 d\u01b0\u01a1ng t\u00ednh (EasySep\u2122 Human CD34 Positive Selection Cocktail): 2 x 1 mL<\/li>\n<li>C\u00e1c h\u1ea1t t\u1eeb t\u00ednh ph\u1ee7 dextran (EasySep\u2122 Dextran RapidSpheres\u2122): 1 x 1 mL.<\/li>\n<\/ul>\n<h3><strong>C\u00e1c s\u1ea3n ph\u1ea9m y\u00eau c\u1ea7u ch\u1ecdn th\u00eam:<\/strong><\/h3>\n<p>M\u00f4i tr\u01b0\u1eddng <a href=\"https:\/\/biogroupvietnam.com\/vi\/products\/nghien-cuu-sinh-hoc\/phan-lap-te-bao\/dung-dich-lymphoprep-ly-tam-ty-trong.html\">Lymphoprep\u2122<\/a> ph\u00e2n l\u1eadp c\u00e1c t\u1ebf b\u00e0o \u0111\u01a1n nh\u00e2n:<\/p>\n<ul>\n<li>Catalog #\u00a007801: 250mL<\/li>\n<li>Catalog #\u00a007851: 500mL<\/li>\n<li>Catalog #\u00a007811: 4 x 250mL<\/li>\n<li>Catalog #\u00a007861: 6 x 500mL<\/li>\n<\/ul>\n<p>C\u00e1c lo\u1ea1i h\u1ea1t t\u1eeb t\u00ednh mi\u1ec5n d\u1ecbch t\u01b0\u01a1ng th\u00edch:<\/p>\n<ul>\n<li><a href=\"https:\/\/biogroupvietnam.com\/vi\/products\/nghien-cuu-sinh-hoc\/phan-lap-te-bao\/easysep-magnet.html\">EasySep\u2122 Magnet<\/a> (Catalog #18000)<\/li>\n<li><a href=\"https:\/\/biogroupvietnam.com\/vi\/products\/nghien-cuu-sinh-hoc\/phan-lap-te-bao\/the-big-easy-easysep-magnet.html\">\u201cThe Big Easy\u201d EasySep\u2122 Magnet<\/a> (Catalog #18001)<\/li>\n<li>EasyEights\u2122 EasySep\u2122 Magnet (Catalog #18103)<\/li>\n<li><a href=\"https:\/\/biogroupvietnam.com\/vi\/products\/nghien-cuu-sinh-hoc\/phan-lap-te-bao\/robosep-s.html\">RoboSep\u2122-S<\/a> (Catalog #21000).<\/li>\n<\/ul>\n<p>Dung d\u1ecbch \u0111\u1ec7m EasySep\u2122, chai 1 L (Catalog # 20144).<\/p>\n","protected":false},"excerpt":{"rendered":"<p>B\u1ed9 EasySep\u2122 II ph\u00e2n t\u00e1ch t\u1ebf b\u00e0o d\u01b0\u01a1ng t\u00ednh b\u1eb1ng ph\u01b0\u01a1ng ph\u00e1p t\u1eeb t\u00ednh mi\u1ec5n d\u1ecbch. T\u1ed5ng quan v\u1ec1 b\u1ed9 kit ph\u00e2n t\u00e1ch t\u1ebf b\u00e0o CD34+ t\u1eeb m\u00e1u cu\u1ed1ng r\u1ed1n EasySep\u2122 l\u00e0 m\u1ed9t quy tr\u00ecnh t\u00e1ch t\u1ebf b\u00e0o t\u1eeb t\u00ednh mi\u1ec5n d\u1ecbch m\u1ea1nh m\u1ebd, d\u1ef1a tr\u00ean s\u1ef1 li\u00ean k\u1ebft \u0111\u1eb7c hi\u1ec7u c\u1ee7a kh\u00e1ng th\u1ec3 \u0111\u01a1n<\/p>\n<div class=\"klb-readmore post-buttons\"><a class=\"button rounded primary\" href=\"https:\/\/biogroupvietnam.com\/vi\/san-pham\/easysep-ii-phan-tach-te-bao-cd34\/\">Read More <i class=\"klbth-icon-right-arrow\"><\/i><\/a><\/div>\n","protected":false},"featured_media":10165,"comment_status":"closed","ping_status":"closed","template":"","meta":{"_acf_changed":false},"product_brand":[127],"product_cat":[115],"product_tag":[],"class_list":{"0":"post-3887","1":"product","2":"type-product","3":"status-publish","4":"has-post-thumbnail","6":"product_brand-stemcell-technologies","7":"product_cat-phan-lap-te-bao","9":"first","10":"outofstock","11":"shipping-taxable","12":"product-type-simple"},"acf":[],"yoast_head":"<!-- This site is optimized with the Yoast SEO plugin v26.8 - https:\/\/yoast.com\/product\/yoast-seo-wordpress\/ -->\n<title>B\u1ed9 Kit EasySep\u2122 II Ph\u00e2n T\u00e1ch T\u1ebf B\u00e0o CD34+ T\u1eeb M\u00e1u Cu\u1ed1ng R\u1ed1n<\/title>\n<meta name=\"description\" content=\"B\u1ed9 EasySep\u2122 II ph\u00e2n t\u00e1ch t\u1ebf b\u00e0o CD34+ t\u1eeb m\u00e1u cu\u1ed1ng r\u1ed1n d\u01b0\u01a1ng t\u00ednh b\u1eb1ng ph\u01b0\u01a1ng ph\u00e1p t\u1eeb t\u00ednh mi\u1ec5n d\u1ecbch.\" \/>\n<meta name=\"robots\" content=\"index, follow, max-snippet:-1, max-image-preview:large, max-video-preview:-1\" \/>\n<link rel=\"canonical\" href=\"https:\/\/biogroupvietnam.com\/vi\/san-pham\/easysep-ii-phan-tach-te-bao-cd34\/\" \/>\n<meta property=\"og:locale\" content=\"vi_VN\" \/>\n<meta property=\"og:type\" content=\"article\" \/>\n<meta property=\"og:title\" content=\"B\u1ed9 Kit EasySep\u2122 II Ph\u00e2n T\u00e1ch T\u1ebf B\u00e0o CD34+ T\u1eeb M\u00e1u Cu\u1ed1ng R\u1ed1n\" \/>\n<meta property=\"og:description\" content=\"B\u1ed9 EasySep\u2122 II ph\u00e2n t\u00e1ch t\u1ebf b\u00e0o CD34+ t\u1eeb m\u00e1u cu\u1ed1ng r\u1ed1n d\u01b0\u01a1ng t\u00ednh b\u1eb1ng ph\u01b0\u01a1ng ph\u00e1p t\u1eeb t\u00ednh mi\u1ec5n d\u1ecbch.\" \/>\n<meta property=\"og:url\" content=\"https:\/\/biogroupvietnam.com\/vi\/san-pham\/easysep-ii-phan-tach-te-bao-cd34\/\" \/>\n<meta property=\"og:site_name\" content=\"Biogroup Vietnam\" \/>\n<meta property=\"article:modified_time\" content=\"2026-04-02T08:19:19+00:00\" \/>\n<meta property=\"og:image\" content=\"https:\/\/biogroupvietnam.com\/wp-content\/uploads\/2025\/08\/bo-kit-easysep-ii-phan-tach-te-bao-cd34-tu-mau-cuong-ron-nguoi.jpg\" \/>\n\t<meta property=\"og:image:width\" content=\"1640\" \/>\n\t<meta property=\"og:image:height\" content=\"1260\" \/>\n\t<meta property=\"og:image:type\" content=\"image\/jpeg\" \/>\n<meta name=\"twitter:card\" content=\"summary_large_image\" \/>\n<meta name=\"twitter:label1\" content=\"\u01af\u1edbc t\u00ednh th\u1eddi gian \u0111\u1ecdc\" \/>\n\t<meta name=\"twitter:data1\" content=\"4 ph\u00fat\" \/>\n<script type=\"application\/ld+json\" class=\"yoast-schema-graph\">{\"@context\":\"https:\/\/schema.org\",\"@graph\":[{\"@type\":\"WebPage\",\"@id\":\"https:\/\/biogroupvietnam.com\/vi\/san-pham\/easysep-ii-phan-tach-te-bao-cd34\/\",\"url\":\"https:\/\/biogroupvietnam.com\/vi\/san-pham\/easysep-ii-phan-tach-te-bao-cd34\/\",\"name\":\"B\u1ed9 Kit EasySep\u2122 II Ph\u00e2n T\u00e1ch T\u1ebf B\u00e0o CD34+ T\u1eeb M\u00e1u Cu\u1ed1ng R\u1ed1n\",\"isPartOf\":{\"@id\":\"https:\/\/biogroupvietnam.com\/vi\/#website\"},\"primaryImageOfPage\":{\"@id\":\"https:\/\/biogroupvietnam.com\/vi\/san-pham\/easysep-ii-phan-tach-te-bao-cd34\/#primaryimage\"},\"image\":{\"@id\":\"https:\/\/biogroupvietnam.com\/vi\/san-pham\/easysep-ii-phan-tach-te-bao-cd34\/#primaryimage\"},\"thumbnailUrl\":\"https:\/\/biogroupvietnam.com\/wp-content\/uploads\/2025\/08\/bo-kit-easysep-ii-phan-tach-te-bao-cd34-tu-mau-cuong-ron-nguoi.jpg\",\"datePublished\":\"2025-08-18T12:54:16+00:00\",\"dateModified\":\"2026-04-02T08:19:19+00:00\",\"description\":\"B\u1ed9 EasySep\u2122 II ph\u00e2n t\u00e1ch t\u1ebf b\u00e0o CD34+ t\u1eeb m\u00e1u cu\u1ed1ng r\u1ed1n d\u01b0\u01a1ng t\u00ednh b\u1eb1ng ph\u01b0\u01a1ng ph\u00e1p t\u1eeb t\u00ednh mi\u1ec5n d\u1ecbch.\",\"breadcrumb\":{\"@id\":\"https:\/\/biogroupvietnam.com\/vi\/san-pham\/easysep-ii-phan-tach-te-bao-cd34\/#breadcrumb\"},\"inLanguage\":\"vi\",\"potentialAction\":[{\"@type\":\"ReadAction\",\"target\":[\"https:\/\/biogroupvietnam.com\/vi\/san-pham\/easysep-ii-phan-tach-te-bao-cd34\/\"]}]},{\"@type\":\"ImageObject\",\"inLanguage\":\"vi\",\"@id\":\"https:\/\/biogroupvietnam.com\/vi\/san-pham\/easysep-ii-phan-tach-te-bao-cd34\/#primaryimage\",\"url\":\"https:\/\/biogroupvietnam.com\/wp-content\/uploads\/2025\/08\/bo-kit-easysep-ii-phan-tach-te-bao-cd34-tu-mau-cuong-ron-nguoi.jpg\",\"contentUrl\":\"https:\/\/biogroupvietnam.com\/wp-content\/uploads\/2025\/08\/bo-kit-easysep-ii-phan-tach-te-bao-cd34-tu-mau-cuong-ron-nguoi.jpg\",\"width\":1640,\"height\":1260,\"caption\":\"B\u1ed9 Kit EasySep\u2122 II Ph\u00e2n T\u00e1ch T\u1ebf B\u00e0o CD34+ T\u1eeb M\u00e1u Cu\u1ed1ng R\u1ed1n Ng\u01b0\u1eddi\"},{\"@type\":\"BreadcrumbList\",\"@id\":\"https:\/\/biogroupvietnam.com\/vi\/san-pham\/easysep-ii-phan-tach-te-bao-cd34\/#breadcrumb\",\"itemListElement\":[{\"@type\":\"ListItem\",\"position\":1,\"name\":\"Trang ch\u1ee7\",\"item\":\"https:\/\/biogroupvietnam.com\/vi\/\"},{\"@type\":\"ListItem\",\"position\":2,\"name\":\"S\u1ea3n ph\u1ea9m\",\"item\":\"https:\/\/biogroupvietnam.com\/vi\/san-pham\/\"},{\"@type\":\"ListItem\",\"position\":3,\"name\":\"X\u1eed L\u00fd T\u1ebf B\u00e0o\",\"item\":\"https:\/\/biogroupvietnam.com\/vi\/danh-muc-san-pham\/xu-ly-te-bao\/\"},{\"@type\":\"ListItem\",\"position\":4,\"name\":\"Ph\u00e2n L\u1eadp T\u1ebf B\u00e0o\",\"item\":\"https:\/\/biogroupvietnam.com\/vi\/danh-muc-san-pham\/phan-lap-te-bao\/\"},{\"@type\":\"ListItem\",\"position\":5,\"name\":\"B\u1ed9 Kit EasySep\u2122 II Ph\u00e2n T\u00e1ch T\u1ebf B\u00e0o CD34+ T\u1eeb M\u00e1u Cu\u1ed1ng R\u1ed1n Ng\u01b0\u1eddi\"}]},{\"@type\":\"WebSite\",\"@id\":\"https:\/\/biogroupvietnam.com\/vi\/#website\",\"url\":\"https:\/\/biogroupvietnam.com\/vi\/\",\"name\":\"Biogroup Vietnam\",\"description\":\"Biogroup Vietnam cung c\u1ea5p d\u1ecbch v\u1ee5 k\u1ef9 thu\u1eadt c\u00f9ng thi\u1ebft b\u1ecb, v\u1eadt t\u01b0, h\u00f3a ch\u1ea5t v\u00e0 gi\u1ea3i ph\u00e1p sinh h\u1ecdc cho ph\u00f2ng th\u00ed nghi\u1ec7m c\u00f4ng ngh\u1ec7 sinh h\u1ecdc, y sinh v\u00e0 y h\u1ecdc t\u00e1i t\u1ea1o.\",\"potentialAction\":[{\"@type\":\"SearchAction\",\"target\":{\"@type\":\"EntryPoint\",\"urlTemplate\":\"https:\/\/biogroupvietnam.com\/vi\/?s={search_term_string}\"},\"query-input\":{\"@type\":\"PropertyValueSpecification\",\"valueRequired\":true,\"valueName\":\"search_term_string\"}}],\"inLanguage\":\"vi\"}]}<\/script>\n<!-- \/ Yoast SEO plugin. -->","yoast_head_json":{"title":"B\u1ed9 Kit EasySep\u2122 II Ph\u00e2n T\u00e1ch T\u1ebf B\u00e0o CD34+ T\u1eeb M\u00e1u Cu\u1ed1ng R\u1ed1n","description":"B\u1ed9 EasySep\u2122 II ph\u00e2n t\u00e1ch t\u1ebf b\u00e0o CD34+ t\u1eeb m\u00e1u cu\u1ed1ng r\u1ed1n d\u01b0\u01a1ng t\u00ednh b\u1eb1ng ph\u01b0\u01a1ng ph\u00e1p t\u1eeb t\u00ednh mi\u1ec5n d\u1ecbch.","robots":{"index":"index","follow":"follow","max-snippet":"max-snippet:-1","max-image-preview":"max-image-preview:large","max-video-preview":"max-video-preview:-1"},"canonical":"https:\/\/biogroupvietnam.com\/vi\/san-pham\/easysep-ii-phan-tach-te-bao-cd34\/","og_locale":"vi_VN","og_type":"article","og_title":"B\u1ed9 Kit EasySep\u2122 II Ph\u00e2n T\u00e1ch T\u1ebf B\u00e0o CD34+ T\u1eeb M\u00e1u Cu\u1ed1ng R\u1ed1n","og_description":"B\u1ed9 EasySep\u2122 II ph\u00e2n t\u00e1ch t\u1ebf b\u00e0o CD34+ t\u1eeb m\u00e1u cu\u1ed1ng r\u1ed1n d\u01b0\u01a1ng t\u00ednh b\u1eb1ng ph\u01b0\u01a1ng ph\u00e1p t\u1eeb t\u00ednh mi\u1ec5n d\u1ecbch.","og_url":"https:\/\/biogroupvietnam.com\/vi\/san-pham\/easysep-ii-phan-tach-te-bao-cd34\/","og_site_name":"Biogroup Vietnam","article_modified_time":"2026-04-02T08:19:19+00:00","og_image":[{"width":1640,"height":1260,"url":"https:\/\/biogroupvietnam.com\/wp-content\/uploads\/2025\/08\/bo-kit-easysep-ii-phan-tach-te-bao-cd34-tu-mau-cuong-ron-nguoi.jpg","type":"image\/jpeg"}],"twitter_card":"summary_large_image","twitter_misc":{"\u01af\u1edbc t\u00ednh th\u1eddi gian \u0111\u1ecdc":"4 ph\u00fat"},"schema":{"@context":"https:\/\/schema.org","@graph":[{"@type":"WebPage","@id":"https:\/\/biogroupvietnam.com\/vi\/san-pham\/easysep-ii-phan-tach-te-bao-cd34\/","url":"https:\/\/biogroupvietnam.com\/vi\/san-pham\/easysep-ii-phan-tach-te-bao-cd34\/","name":"B\u1ed9 Kit EasySep\u2122 II Ph\u00e2n T\u00e1ch T\u1ebf B\u00e0o CD34+ T\u1eeb M\u00e1u Cu\u1ed1ng R\u1ed1n","isPartOf":{"@id":"https:\/\/biogroupvietnam.com\/vi\/#website"},"primaryImageOfPage":{"@id":"https:\/\/biogroupvietnam.com\/vi\/san-pham\/easysep-ii-phan-tach-te-bao-cd34\/#primaryimage"},"image":{"@id":"https:\/\/biogroupvietnam.com\/vi\/san-pham\/easysep-ii-phan-tach-te-bao-cd34\/#primaryimage"},"thumbnailUrl":"https:\/\/biogroupvietnam.com\/wp-content\/uploads\/2025\/08\/bo-kit-easysep-ii-phan-tach-te-bao-cd34-tu-mau-cuong-ron-nguoi.jpg","datePublished":"2025-08-18T12:54:16+00:00","dateModified":"2026-04-02T08:19:19+00:00","description":"B\u1ed9 EasySep\u2122 II ph\u00e2n t\u00e1ch t\u1ebf b\u00e0o CD34+ t\u1eeb m\u00e1u cu\u1ed1ng r\u1ed1n d\u01b0\u01a1ng t\u00ednh b\u1eb1ng ph\u01b0\u01a1ng ph\u00e1p t\u1eeb t\u00ednh mi\u1ec5n d\u1ecbch.","breadcrumb":{"@id":"https:\/\/biogroupvietnam.com\/vi\/san-pham\/easysep-ii-phan-tach-te-bao-cd34\/#breadcrumb"},"inLanguage":"vi","potentialAction":[{"@type":"ReadAction","target":["https:\/\/biogroupvietnam.com\/vi\/san-pham\/easysep-ii-phan-tach-te-bao-cd34\/"]}]},{"@type":"ImageObject","inLanguage":"vi","@id":"https:\/\/biogroupvietnam.com\/vi\/san-pham\/easysep-ii-phan-tach-te-bao-cd34\/#primaryimage","url":"https:\/\/biogroupvietnam.com\/wp-content\/uploads\/2025\/08\/bo-kit-easysep-ii-phan-tach-te-bao-cd34-tu-mau-cuong-ron-nguoi.jpg","contentUrl":"https:\/\/biogroupvietnam.com\/wp-content\/uploads\/2025\/08\/bo-kit-easysep-ii-phan-tach-te-bao-cd34-tu-mau-cuong-ron-nguoi.jpg","width":1640,"height":1260,"caption":"B\u1ed9 Kit EasySep\u2122 II Ph\u00e2n T\u00e1ch T\u1ebf B\u00e0o CD34+ T\u1eeb M\u00e1u Cu\u1ed1ng R\u1ed1n Ng\u01b0\u1eddi"},{"@type":"BreadcrumbList","@id":"https:\/\/biogroupvietnam.com\/vi\/san-pham\/easysep-ii-phan-tach-te-bao-cd34\/#breadcrumb","itemListElement":[{"@type":"ListItem","position":1,"name":"Trang ch\u1ee7","item":"https:\/\/biogroupvietnam.com\/vi\/"},{"@type":"ListItem","position":2,"name":"S\u1ea3n ph\u1ea9m","item":"https:\/\/biogroupvietnam.com\/vi\/san-pham\/"},{"@type":"ListItem","position":3,"name":"X\u1eed L\u00fd T\u1ebf B\u00e0o","item":"https:\/\/biogroupvietnam.com\/vi\/danh-muc-san-pham\/xu-ly-te-bao\/"},{"@type":"ListItem","position":4,"name":"Ph\u00e2n L\u1eadp T\u1ebf B\u00e0o","item":"https:\/\/biogroupvietnam.com\/vi\/danh-muc-san-pham\/phan-lap-te-bao\/"},{"@type":"ListItem","position":5,"name":"B\u1ed9 Kit EasySep\u2122 II Ph\u00e2n T\u00e1ch T\u1ebf B\u00e0o CD34+ T\u1eeb M\u00e1u Cu\u1ed1ng R\u1ed1n Ng\u01b0\u1eddi"}]},{"@type":"WebSite","@id":"https:\/\/biogroupvietnam.com\/vi\/#website","url":"https:\/\/biogroupvietnam.com\/vi\/","name":"Biogroup Vietnam","description":"Biogroup Vietnam cung c\u1ea5p d\u1ecbch v\u1ee5 k\u1ef9 thu\u1eadt c\u00f9ng thi\u1ebft b\u1ecb, v\u1eadt t\u01b0, h\u00f3a ch\u1ea5t v\u00e0 gi\u1ea3i ph\u00e1p sinh h\u1ecdc cho ph\u00f2ng th\u00ed nghi\u1ec7m c\u00f4ng ngh\u1ec7 sinh h\u1ecdc, y sinh v\u00e0 y h\u1ecdc t\u00e1i t\u1ea1o.","potentialAction":[{"@type":"SearchAction","target":{"@type":"EntryPoint","urlTemplate":"https:\/\/biogroupvietnam.com\/vi\/?s={search_term_string}"},"query-input":{"@type":"PropertyValueSpecification","valueRequired":true,"valueName":"search_term_string"}}],"inLanguage":"vi"}]}},"_links":{"self":[{"href":"https:\/\/biogroupvietnam.com\/vi\/wp-json\/wp\/v2\/product\/3887","targetHints":{"allow":["GET"]}}],"collection":[{"href":"https:\/\/biogroupvietnam.com\/vi\/wp-json\/wp\/v2\/product"}],"about":[{"href":"https:\/\/biogroupvietnam.com\/vi\/wp-json\/wp\/v2\/types\/product"}],"replies":[{"embeddable":true,"href":"https:\/\/biogroupvietnam.com\/vi\/wp-json\/wp\/v2\/comments?post=3887"}],"version-history":[{"count":5,"href":"https:\/\/biogroupvietnam.com\/vi\/wp-json\/wp\/v2\/product\/3887\/revisions"}],"predecessor-version":[{"id":10166,"href":"https:\/\/biogroupvietnam.com\/vi\/wp-json\/wp\/v2\/product\/3887\/revisions\/10166"}],"wp:featuredmedia":[{"embeddable":true,"href":"https:\/\/biogroupvietnam.com\/vi\/wp-json\/wp\/v2\/media\/10165"}],"wp:attachment":[{"href":"https:\/\/biogroupvietnam.com\/vi\/wp-json\/wp\/v2\/media?parent=3887"}],"wp:term":[{"taxonomy":"product_brand","embeddable":true,"href":"https:\/\/biogroupvietnam.com\/vi\/wp-json\/wp\/v2\/product_brand?post=3887"},{"taxonomy":"product_cat","embeddable":true,"href":"https:\/\/biogroupvietnam.com\/vi\/wp-json\/wp\/v2\/product_cat?post=3887"},{"taxonomy":"product_tag","embeddable":true,"href":"https:\/\/biogroupvietnam.com\/vi\/wp-json\/wp\/v2\/product_tag?post=3887"}],"curies":[{"name":"wp","href":"https:\/\/api.w.org\/{rel}","templated":true}]}}